{"id":21633,"date":"2024-10-31T11:06:37","date_gmt":"2024-10-31T11:06:37","guid":{"rendered":"https:\/\/www.zooza.online\/funkcionality\/udrzujte-kazdou-interakci-s-klientem-na-svych-strankach-pomoci-nastroje-immersive-booking-engine\/"},"modified":"2026-04-27T11:56:21","modified_gmt":"2026-04-27T11:56:21","slug":"immersive-booking-engine","status":"publish","type":"page","link":"https:\/\/www.zooza.online\/cs\/rust\/immersive-booking-engine\/","title":{"rendered":"Udr\u017eujte ka\u017edou interakci s klientem na sv\u00fdch str\u00e1nk\u00e1ch pomoc\u00ed n\u00e1stroje Immersive Booking Engine\u2122"},"content":{"rendered":"\t\t<div data-elementor-type=\"wp-page\" data-elementor-id=\"21633\" class=\"elementor elementor-21633 elementor-21153\" data-elementor-post-type=\"page\">\n\t\t\t\t<div class=\"elementor-element elementor-element-73af62f e-con-full e-flex e-con e-parent\" data-id=\"73af62f\" data-element_type=\"container\" data-e-type=\"container\">\n\t\t<div class=\"elementor-element elementor-element-4c393b3 e-con-full e-flex e-con e-child\" data-id=\"4c393b3\" data-element_type=\"container\" data-e-type=\"container\" data-settings=\"{&quot;background_background&quot;:&quot;classic&quot;}\">\n\t\t<div class=\"elementor-element elementor-element-e22a99b e-flex e-con-boxed e-con e-child\" data-id=\"e22a99b\" data-element_type=\"container\" data-e-type=\"container\">\n\t\t\t\t\t<div class=\"e-con-inner\">\n\t\t<div class=\"elementor-element elementor-element-50e403f e-con-full e-flex e-con e-child\" data-id=\"50e403f\" data-element_type=\"container\" data-e-type=\"container\">\n\t\t<div class=\"elementor-element elementor-element-5a8ca7d e-con-full e-flex e-con e-child\" data-id=\"5a8ca7d\" data-element_type=\"container\" data-e-type=\"container\">\n\t\t\t\t<div class=\"elementor-element elementor-element-576de4b elementor-widget__width-initial elementor-headline--style-highlight elementor-widget elementor-widget-animated-headline\" data-id=\"576de4b\" data-element_type=\"widget\" data-e-type=\"widget\" data-settings=\"{&quot;highlighted_text&quot;:&quot;interakci s klientem&quot;,&quot;marker&quot;:&quot;underline&quot;,&quot;headline_style&quot;:&quot;highlight&quot;,&quot;loop&quot;:&quot;yes&quot;,&quot;highlight_animation_duration&quot;:1200,&quot;highlight_iteration_delay&quot;:8000}\" data-widget_type=\"animated-headline.default\">\n\t\t\t\t\t\t\t<h1 class=\"elementor-headline\">\n\t\t\t\t\t<span class=\"elementor-headline-plain-text elementor-headline-text-wrapper\">Udr\u017ete ka\u017edou<\/span>\n\t\t\t\t<span class=\"elementor-headline-dynamic-wrapper elementor-headline-text-wrapper\">\n\t\t\t\t\t<span class=\"elementor-headline-dynamic-text elementor-headline-text-active\">interakci s klientem<\/span>\n\t\t\t\t<\/span>\n\t\t\t\t\t<span class=\"elementor-headline-plain-text elementor-headline-text-wrapper\">na sv\u00fdch str\u00e1nk\u00e1ch<\/span>\n\t\t\t\t\t<\/h1>\n\t\t\t\t\t\t<\/div>\n\t\t\t\t<\/div>\n\t\t<div class=\"elementor-element elementor-element-d729bbb e-con-full e-flex e-con e-child\" data-id=\"d729bbb\" data-element_type=\"container\" data-e-type=\"container\">\n\t\t\t\t<div class=\"elementor-element elementor-element-7b1ad5f elementor-widget__width-initial elementor-widget elementor-widget-heading\" data-id=\"7b1ad5f\" data-element_type=\"widget\" data-e-type=\"widget\" data-widget_type=\"heading.default\">\n\t\t\t\t\t<p class=\"elementor-heading-title elementor-size-default\">Va\u0161i klienti o\u010dek\u00e1vaj\u00ed bezprobl\u00e9movou rezervaci pod zna\u010dkou, kter\u00e1 je nebude odv\u00e1d\u011bt od va\u0161ich str\u00e1nek. Syst\u00e9m Immersive Booking Engine\u2122 od spole\u010dnosti Zooza p\u0159esn\u011b tohle poskytuje. D\u00edky tomu, \u017ee ka\u017ed\u00e1 rezervace a zapojen\u00ed prob\u00edh\u00e1 p\u0159\u00edmo na va\u0161ich str\u00e1nk\u00e1ch, m\u00e1te nad cestou z\u00e1kazn\u00edka plnou kontrolu a z\u00e1rove\u0148 na ka\u017ed\u00e9m kroku posilujete svou zna\u010dku.  <\/p>\t\t\t\t<\/div>\n\t\t\t\t<\/div>\n\t\t\t\t<\/div>\n\t\t\t\t\t<\/div>\n\t\t\t\t<\/div>\n\t\t\t\t<\/div>\n\t\t\t\t<\/div>\n\t\t<div class=\"elementor-element elementor-element-bd85772 e-flex e-con-boxed e-con e-parent\" data-id=\"bd85772\" data-element_type=\"container\" data-e-type=\"container\" id=\"more\">\n\t\t\t\t\t<div class=\"e-con-inner\">\n\t\t<div class=\"elementor-element elementor-element-6a4f028 e-con-full e-flex e-con e-child\" data-id=\"6a4f028\" data-element_type=\"container\" data-e-type=\"container\">\n\t\t\t\t<div class=\"elementor-element elementor-element-b7cd4bd elementor-widget elementor-widget-heading\" data-id=\"b7cd4bd\" data-element_type=\"widget\" data-e-type=\"widget\" data-widget_type=\"heading.default\">\n\t\t\t\t\t<h2 class=\"elementor-heading-title elementor-size-default\"><strong>Za\u017eijte inovace<\/strong><\/h2>\t\t\t\t<\/div>\n\t\t\t\t<\/div>\n\t\t<div class=\"elementor-element elementor-element-feb28d4 e-con-full e-flex e-con e-child\" data-id=\"feb28d4\" data-element_type=\"container\" data-e-type=\"container\">\n\t\t<div class=\"elementor-element elementor-element-031e0e3 e-flex e-con-boxed e-con e-child\" data-id=\"031e0e3\" data-element_type=\"container\" data-e-type=\"container\">\n\t\t\t\t\t<div class=\"e-con-inner\">\n\t\t<div class=\"elementor-element elementor-element-fa390e0 e-con-full elementor-hidden-desktop elementor-hidden-tablet elementor-hidden-mobile e-flex e-con e-child\" data-id=\"fa390e0\" data-element_type=\"container\" data-e-type=\"container\">\n\t\t<div class=\"elementor-element elementor-element-ade7daa e-flex e-con-boxed e-con e-child\" data-id=\"ade7daa\" data-element_type=\"container\" data-e-type=\"container\">\n\t\t\t\t\t<div class=\"e-con-inner\">\n\t\t\t\t<div class=\"elementor-element elementor-element-d456c90 elementor-invisible elementor-widget elementor-widget-heading\" data-id=\"d456c90\" data-element_type=\"widget\" data-e-type=\"widget\" data-settings=\"{&quot;_animation&quot;:&quot;fadeInDown&quot;}\" data-widget_type=\"heading.default\">\n\t\t\t\t\t<p class=\"elementor-heading-title elementor-size-default\">O spole\u010dnosti Zooza<\/p>\t\t\t\t<\/div>\n\t\t\t\t<div class=\"elementor-element elementor-element-077876f elementor-invisible elementor-widget elementor-widget-heading\" data-id=\"077876f\" data-element_type=\"widget\" data-e-type=\"widget\" data-settings=\"{&quot;_animation&quot;:&quot;fadeInUp&quot;}\" data-widget_type=\"heading.default\">\n\t\t\t\t\t<h2 class=\"elementor-heading-title elementor-size-default\">Viac z\u00e1bavy s kurzami,<br>menej administrat\u00edvy.<\/h2>\t\t\t\t<\/div>\n\t\t\t\t<div class=\"elementor-element elementor-element-e18c2c6 elementor-align-right elementor-widget__width-auto cool-button elementor-widget elementor-widget-button\" data-id=\"e18c2c6\" data-element_type=\"widget\" data-e-type=\"widget\" data-widget_type=\"button.default\">\n\t\t\t\t\t\t\t\t\t\t<a class=\"elementor-button elementor-button-link elementor-size-md elementor-animation-grow\" href=\"https:\/\/www.zooza.online\/signup\/\">\n\t\t\t\t\t\t<span class=\"elementor-button-content-wrapper\">\n\t\t\t\t\t\t<span class=\"elementor-button-icon\">\n\t\t\t\t<i aria-hidden=\"true\" class=\"fas fa-arrow-right\"><\/i>\t\t\t<\/span>\n\t\t\t\t\t\t\t\t\t<span class=\"elementor-button-text\">Vyzkou\u0161et zdarma<\/span>\n\t\t\t\t\t<\/span>\n\t\t\t\t\t<\/a>\n\t\t\t\t\t\t\t\t<\/div>\n\t\t\t\t\t<\/div>\n\t\t\t\t<\/div>\n\t\t\t\t<\/div>\n\t\t<div class=\"elementor-element elementor-element-421df94 e-con-full e-flex e-con e-child\" data-id=\"421df94\" data-element_type=\"container\" data-e-type=\"container\">\n\t\t<div class=\"elementor-element elementor-element-9a0fac7 e-con-full e-flex e-con e-child\" data-id=\"9a0fac7\" data-element_type=\"container\" data-e-type=\"container\">\n\t\t<div class=\"elementor-element elementor-element-31c5b1d e-flex e-con-boxed e-con e-child\" data-id=\"31c5b1d\" data-element_type=\"container\" data-e-type=\"container\">\n\t\t\t\t\t<div class=\"e-con-inner\">\n\t\t\t\t<div class=\"elementor-element elementor-element-8a4acc4 elementor-widget elementor-widget-heading\" data-id=\"8a4acc4\" data-element_type=\"widget\" data-e-type=\"widget\" data-widget_type=\"heading.default\">\n\t\t\t\t\t<h3 class=\"elementor-heading-title elementor-size-default\">Immersive Booking Engine\u2122<\/h3>\t\t\t\t<\/div>\n\t\t\t\t\t<\/div>\n\t\t\t\t<\/div>\n\t\t<div class=\"elementor-element elementor-element-96f7285 e-flex e-con-boxed e-con e-child\" data-id=\"96f7285\" data-element_type=\"container\" data-e-type=\"container\">\n\t\t\t\t\t<div class=\"e-con-inner\">\n\t\t\t\t<div class=\"elementor-element elementor-element-edbf9be elementor-widget elementor-widget-text-editor\" data-id=\"edbf9be\" data-element_type=\"widget\" data-e-type=\"widget\" data-widget_type=\"text-editor.default\">\n\t\t\t\t\t\t\t\t\t<p>Udr\u017eujte klienty na sv\u00fdch str\u00e1nk\u00e1ch a zapojte je do sv\u00e9 zna\u010dky<\/p>\n\t\t\t\t\t\t\t\t<\/div>\n\t\t\t\t<div class=\"elementor-element elementor-element-faf6cd0 elementor-widget elementor-widget-text-editor\" data-id=\"faf6cd0\" data-element_type=\"widget\" data-e-type=\"widget\" data-widget_type=\"text-editor.default\">\n\t\t\t\t\t\t\t\t\t<p>S n\u00e1strojem Immersive Booking Engine\u2122 z\u016fstanou rodi\u010de na va\u0161ich webov\u00fdch str\u00e1nk\u00e1ch od za\u010d\u00e1tku do konce a budou pln\u011b pono\u0159eni do rezerva\u010dn\u00edho z\u00e1\u017eitku, kter\u00fd odr\u00e1\u017e\u00ed hodnoty a hlas va\u0161\u00ed zna\u010dky. Tento n\u00e1stroj se nezab\u00fdv\u00e1 pouze rezervacemi &#8211; vylep\u0161uje je, udr\u017euje klienty soust\u0159ed\u011bn\u00e9 na va\u0161i nab\u00eddku a zvy\u0161uje m\u00edru konverze. <\/p>\n\t\t\t\t\t\t\t\t<\/div>\n\t\t\t\t\t<\/div>\n\t\t\t\t<\/div>\n\t\t<div class=\"elementor-element elementor-element-45a8a8a e-flex e-con-boxed e-con e-child\" data-id=\"45a8a8a\" data-element_type=\"container\" data-e-type=\"container\">\n\t\t\t\t\t<div class=\"e-con-inner\">\n\t\t\t\t<div class=\"elementor-element elementor-element-5d6b5fc elementor-widget__width-initial elementor-icon-list--layout-traditional elementor-list-item-link-full_width elementor-widget elementor-widget-icon-list\" data-id=\"5d6b5fc\" data-element_type=\"widget\" data-e-type=\"widget\" data-widget_type=\"icon-list.default\">\n\t\t\t\t\t\t\t<ul class=\"elementor-icon-list-items\">\n\t\t\t\t\t\t\t<li class=\"elementor-icon-list-item\">\n\t\t\t\t\t\t\t\t\t\t\t<span class=\"elementor-icon-list-icon\">\n\t\t\t\t\t\t\t<i aria-hidden=\"true\" class=\"fas fa-check-circle\"><\/i>\t\t\t\t\t\t<\/span>\n\t\t\t\t\t\t\t\t\t\t<span class=\"elementor-icon-list-text\"><strong>Bezprobl\u00e9mov\u00e1 cesta klienta:<\/strong> \u017d\u00e1dn\u00e9 p\u0159esm\u011brov\u00e1n\u00ed, rodi\u010de z\u016fst\u00e1vaj\u00ed na va\u0161ich str\u00e1nk\u00e1ch.<\/span>\n\t\t\t\t\t\t\t\t\t<\/li>\n\t\t\t\t\t\t\t\t<li class=\"elementor-icon-list-item\">\n\t\t\t\t\t\t\t\t\t\t\t<span class=\"elementor-icon-list-icon\">\n\t\t\t\t\t\t\t<i aria-hidden=\"true\" class=\"fas fa-check-circle\"><\/i>\t\t\t\t\t\t<\/span>\n\t\t\t\t\t\t\t\t\t\t<span class=\"elementor-icon-list-text\"><strong>Vy\u0161\u0161\u00ed konverze:<\/strong> Hladk\u00e9 a intuitivn\u00ed rezerva\u010dn\u00ed toky sni\u017euj\u00ed po\u010det odchod\u016f.<\/span>\n\t\t\t\t\t\t\t\t\t<\/li>\n\t\t\t\t\t\t\t\t<li class=\"elementor-icon-list-item\">\n\t\t\t\t\t\t\t\t\t\t\t<span class=\"elementor-icon-list-icon\">\n\t\t\t\t\t\t\t<i aria-hidden=\"true\" class=\"fas fa-check-circle\"><\/i>\t\t\t\t\t\t<\/span>\n\t\t\t\t\t\t\t\t\t\t<span class=\"elementor-icon-list-text\"><strong>P\u0159izp\u016fsobiteln\u00fd design:<\/strong> P\u0159izp\u016fsobte rezerva\u010dn\u00ed prost\u0159ed\u00ed sv\u00e9mu obchodn\u00edmu modelu<\/span>\n\t\t\t\t\t\t\t\t\t<\/li>\n\t\t\t\t\t\t\t\t<li class=\"elementor-icon-list-item\">\n\t\t\t\t\t\t\t\t\t\t\t<span class=\"elementor-icon-list-icon\">\n\t\t\t\t\t\t\t<i aria-hidden=\"true\" class=\"fas fa-check-circle\"><\/i>\t\t\t\t\t\t<\/span>\n\t\t\t\t\t\t\t\t\t\t<span class=\"elementor-icon-list-text\"><strong>SEO Boost:<\/strong> Zapojen\u00ed na webu, kter\u00e9 p\u0159isp\u00edv\u00e1 k lep\u0161\u00edmu um\u00edst\u011bn\u00ed ve vyhled\u00e1v\u00e1n\u00ed<\/span>\n\t\t\t\t\t\t\t\t\t<\/li>\n\t\t\t\t\t\t<\/ul>\n\t\t\t\t\t\t<\/div>\n\t\t\t\t\t<\/div>\n\t\t\t\t<\/div>\n\t\t\t\t<\/div>\n\t\t<div class=\"elementor-element elementor-element-8fc8c52 e-flex e-con-boxed e-con e-child\" data-id=\"8fc8c52\" data-element_type=\"container\" data-e-type=\"container\" data-settings=\"{&quot;background_background&quot;:&quot;gradient&quot;}\">\n\t\t\t\t\t<div class=\"e-con-inner\">\n\t\t\t\t<div class=\"elementor-element elementor-element-b04d16c elementor-widget elementor-widget-image\" data-id=\"b04d16c\" data-element_type=\"widget\" data-e-type=\"widget\" data-widget_type=\"image.default\">\n\t\t\t\t\t\t\t\t\t\t\t\t\t\t\t<img fetchpriority=\"high\" decoding=\"async\" width=\"768\" height=\"768\" src=\"https:\/\/www.zooza.online\/wp-content\/uploads\/2024\/10\/Copy-of-Email-Pictures-Templates-2-768x768.gif\" class=\"attachment-medium_large size-medium_large wp-image-21165\" alt=\"Immersive Booking Engine\u2122\nKeep Clients on Your Site, Engaged with Your Brand\" srcset=\"https:\/\/www.zooza.online\/wp-content\/uploads\/2024\/10\/Copy-of-Email-Pictures-Templates-2-768x768.gif 768w, https:\/\/www.zooza.online\/wp-content\/uploads\/2024\/10\/Copy-of-Email-Pictures-Templates-2-300x300.gif 300w, https:\/\/www.zooza.online\/wp-content\/uploads\/2024\/10\/Copy-of-Email-Pictures-Templates-2-1024x1024.gif 1024w, https:\/\/www.zooza.online\/wp-content\/uploads\/2024\/10\/Copy-of-Email-Pictures-Templates-2-150x150.gif 150w\" sizes=\"(max-width: 768px) 100vw, 768px\" title=\"\">\t\t\t\t\t\t\t\t\t\t\t\t\t\t\t<\/div>\n\t\t\t\t\t<\/div>\n\t\t\t\t<\/div>\n\t\t\t\t<\/div>\n\t\t\t\t\t<\/div>\n\t\t\t\t<\/div>\n\t\t\t\t<\/div>\n\t\t\t\t\t<\/div>\n\t\t\t\t<\/div>\n\t\t<div class=\"elementor-element elementor-element-0dfcf23 e-flex e-con-boxed e-con e-parent\" data-id=\"0dfcf23\" data-element_type=\"container\" data-e-type=\"container\">\n\t\t\t\t\t<div class=\"e-con-inner\">\n\t\t<div class=\"elementor-element elementor-element-7c49b1b e-con-full e-flex e-con e-child\" data-id=\"7c49b1b\" data-element_type=\"container\" data-e-type=\"container\">\n\t\t\t\t<div class=\"elementor-element elementor-element-e5472e8 elementor-widget elementor-widget-spacer\" data-id=\"e5472e8\" data-element_type=\"widget\" data-e-type=\"widget\" data-widget_type=\"spacer.default\">\n\t\t\t\t\t\t\t<div class=\"elementor-spacer\">\n\t\t\t<div class=\"elementor-spacer-inner\"><\/div>\n\t\t<\/div>\n\t\t\t\t\t\t<\/div>\n\t\t\t\t<div class=\"elementor-element elementor-element-a52faee elementor-headline--style-highlight elementor-widget elementor-widget-animated-headline\" data-id=\"a52faee\" data-element_type=\"widget\" data-e-type=\"widget\" data-settings=\"{&quot;highlighted_text&quot;:&quot;je Immersive Booking Engine\\u2122  &quot;,&quot;headline_style&quot;:&quot;highlight&quot;,&quot;marker&quot;:&quot;circle&quot;,&quot;loop&quot;:&quot;yes&quot;,&quot;highlight_animation_duration&quot;:1200,&quot;highlight_iteration_delay&quot;:8000}\" data-widget_type=\"animated-headline.default\">\n\t\t\t\t\t\t\t<h2 class=\"elementor-headline\">\n\t\t\t\t\t<span class=\"elementor-headline-plain-text elementor-headline-text-wrapper\">Pro\u010d  <\/span>\n\t\t\t\t<span class=\"elementor-headline-dynamic-wrapper elementor-headline-text-wrapper\">\n\t\t\t\t\t<span class=\"elementor-headline-dynamic-text elementor-headline-text-active\">je Immersive Booking Engine\u2122  <\/span>\n\t\t\t\t<\/span>\n\t\t\t\t\t<span class=\"elementor-headline-plain-text elementor-headline-text-wrapper\">jedine\u010dn\u00fd<\/span>\n\t\t\t\t\t<\/h2>\n\t\t\t\t\t\t<\/div>\n\t\t\t\t<div class=\"elementor-element elementor-element-b59b50d elementor-widget elementor-widget-text-editor\" data-id=\"b59b50d\" data-element_type=\"widget\" data-e-type=\"widget\" data-widget_type=\"text-editor.default\">\n\t\t\t\t\t\t\t\t\t<p><strong>Immersive Booking Engine\u2122<\/strong> nen\u00ed jen dal\u0161\u00ed rezerva\u010dn\u00ed n\u00e1stroj, ale jedine\u010dn\u00fd p\u0159\u00edstup k zapojen\u00ed klient\u016f, kter\u00fd up\u0159ednost\u0148uje va\u0161i zna\u010dku a maximalizuje kontrolu. Na rozd\u00edl od typick\u00fdch rezerva\u010dn\u00edch syst\u00e9m\u016f, kter\u00e9 p\u0159esm\u011brov\u00e1vaj\u00ed klienty na port\u00e1ly mimo web nebo do odd\u011blen\u00fdch z\u00e1kaznick\u00fdch oblast\u00ed, <strong>Immersive Booking Engine\u2122 <\/strong>zaji\u0161\u0165uje, \u017ee ka\u017ed\u00e9 kliknut\u00ed, formul\u00e1\u0159 a akce z\u016fst\u00e1vaj\u00ed v prost\u0159ed\u00ed va\u0161eho webu. <\/p><\/p>\n\t\t\t\t\t\t\t\t<\/div>\n\t\t\t\t<div class=\"elementor-element elementor-element-cc98b60 elementor-widget elementor-widget-text-editor\" data-id=\"cc98b60\" data-element_type=\"widget\" data-e-type=\"widget\" data-widget_type=\"text-editor.default\">\n\t\t\t\t\t\t\t\t\t<ol>\n<li>\n<p><strong>Skute\u010dn\u00e1 rezervace na m\u00edst\u011b pro va\u0161e PPC kampan\u011b (Google, Facebook)<\/strong><br>Mnoho syst\u00e9m\u016f pou\u017e\u00edv\u00e1 iframe nebo p\u0159esm\u011brov\u00e1v\u00e1 klienty na samostatn\u00e9 str\u00e1nky b\u011bhem rezervace, ale s&#8230;&nbsp;<span style=\"font-weight: bolder; background-color: transparent; color: var( --e-global-color-text ); font-family: var( --e-global-typography-text-font-family ), Sans-serif;\">Immersive Booking Engine\u2122&nbsp;<\/span><span style=\"background-color: transparent; color: var( --e-global-color-text ); font-family: var( --e-global-typography-text-font-family ), Sans-serif; font-weight: var( --e-global-typography-text-font-weight );\">ka\u017ed\u00e1 interakce prob\u00edh\u00e1 p\u0159\u00edmo na va\u0161ich str\u00e1nk\u00e1ch &#8211; klienti nejsou nikdy pos\u00edl\u00e1ni jinam. iFrame skr\u00fdv\u00e1 obsah rezervace pro Google, a tak je va\u0161e mo\u017enost efektivn\u011b sledovat v\u00fddaje na reklamu omezen\u00e1. Zooza automaticky odes\u00edl\u00e1 data do datov\u00e9 vrstvy Google Tag Managers, ale proto\u017ee je rezervace Zooza ned\u00edlnou sou\u010d\u00e1st\u00ed va\u0161eho webu, m\u016f\u017eete do n\u00ed p\u0159idat vlastn\u00ed data pro sledov\u00e1n\u00ed a vyt\u011b\u017eit z pen\u011bz vynalo\u017een\u00fdch na kampan\u011b maximum  <\/span><\/p>\n<\/li>\n<li>\n<p><strong>P\u0159izp\u016fsoben\u00ed pro jednotliv\u00e9 produkty<\/strong><br>IBE umo\u017e\u0148uje p\u0159izp\u016fsobit a vlo\u017eit rezerva\u010dn\u00ed formul\u00e1\u0159e pro jednotliv\u00e9 produkty, co\u017e umo\u017e\u0148uje plnou kontrolu nad um\u00edst\u011bn\u00edm, designem a funkcemi.<\/p>\n<\/li>\n<li>\n<p><strong>Cesta klienta pod zna\u010dkou od za\u010d\u00e1tku do konce<\/strong><br>Va\u0161e zna\u010dka je pln\u011b zastoupena na ka\u017ed\u00e9m kroku, bez extern\u00edch port\u00e1l\u016f nebo ru\u0161iv\u00fdch prvk\u016f mimo web. Ka\u017ed\u00fd formul\u00e1\u0159, rezervace a interakce jsou sou\u010d\u00e1st\u00ed jednotn\u00e9ho zna\u010dkov\u00e9ho z\u00e1\u017eitku. <\/p>\n<\/li>\n<li>\n<p><strong>Kompatibilita platforem<\/strong><\/p>\n<p>Syst\u00e9m Immersive Booking Engine\u2122 spole\u010dnosti Zooza je navr\u017een tak, aby se snadno integroval s obl\u00edben\u00fdmi platformami. Nab\u00edz\u00edme <strong>plugin pro WordPress<\/strong> pro bezprobl\u00e9mov\u00e9 vlo\u017een\u00ed a jsme tak\u00e9 kompatibiln\u00ed s dal\u0161\u00edmi platformami, jako je <strong>Wix<\/strong>, <strong>Squarespace<\/strong> a dal\u0161\u00ed. A\u0165 u\u017e jsou va\u0161e str\u00e1nky kdekoli, Zooza se m\u016f\u017ee st\u00e1t jejich ned\u00edlnou sou\u010d\u00e1st\u00ed.  <\/p>\n<\/li>\n<\/ol>\n<p>D\u00edky technologii <strong>Immersive Booking Engine\u2122<\/strong> poskytuje spole\u010dnost Zooza jedine\u010dn\u00e9 patentovan\u00e9 \u0159e\u0161en\u00ed, kter\u00e9 udr\u017euje ka\u017edou interakci s klientem na va\u0161ich webov\u00fdch str\u00e1nk\u00e1ch, a vytv\u00e1\u0159\u00ed tak bezprobl\u00e9movou cestu zam\u011b\u0159enou na zna\u010dku.<\/p>\t\t\t\t\t\t\t\t<\/div>\n\t\t\t\t<\/div>\n\t\t\t\t\t<\/div>\n\t\t\t\t<\/div>\n\t\t<div class=\"elementor-element elementor-element-f7f6f8d e-flex e-con-boxed e-con e-parent\" data-id=\"f7f6f8d\" data-element_type=\"container\" data-e-type=\"container\">\n\t\t\t\t\t<div class=\"e-con-inner\">\n\t\t<div class=\"elementor-element elementor-element-e060a32 e-con-full e-flex e-con e-child\" data-id=\"e060a32\" data-element_type=\"container\" data-e-type=\"container\" data-settings=\"{&quot;background_background&quot;:&quot;classic&quot;}\">\n\t\t<div class=\"elementor-element elementor-element-aa6e479 e-flex e-con-boxed e-con e-child\" data-id=\"aa6e479\" data-element_type=\"container\" data-e-type=\"container\" data-settings=\"{&quot;background_background&quot;:&quot;classic&quot;}\">\n\t\t\t\t\t<div class=\"e-con-inner\">\n\t\t<div class=\"elementor-element elementor-element-6e1b584 e-con-full e-flex e-con e-child\" data-id=\"6e1b584\" data-element_type=\"container\" data-e-type=\"container\">\n\t\t\t\t<div class=\"elementor-element elementor-element-f784106 elementor-headline--style-highlight elementor-invisible elementor-widget elementor-widget-animated-headline\" data-id=\"f784106\" data-element_type=\"widget\" data-e-type=\"widget\" data-settings=\"{&quot;highlighted_text&quot;:&quot;U\\u0161et\\u0159ete a\\u017e 70 %&quot;,&quot;_animation&quot;:&quot;fadeInUp&quot;,&quot;marker&quot;:&quot;double_underline&quot;,&quot;headline_style&quot;:&quot;highlight&quot;,&quot;loop&quot;:&quot;yes&quot;,&quot;highlight_animation_duration&quot;:1200,&quot;highlight_iteration_delay&quot;:8000}\" data-widget_type=\"animated-headline.default\">\n\t\t\t\t\t\t\t<h2 class=\"elementor-headline\">\n\t\t\t\t<span class=\"elementor-headline-dynamic-wrapper elementor-headline-text-wrapper\">\n\t\t\t\t\t<span class=\"elementor-headline-dynamic-text elementor-headline-text-active\">U\u0161et\u0159ete a\u017e 70 %<\/span>\n\t\t\t\t<\/span>\n\t\t\t\t\t<span class=\"elementor-headline-plain-text elementor-headline-text-wrapper\">na n\u00e1stroje se Zoozou je\u0161t\u011b dnes!<\/span>\n\t\t\t\t\t<\/h2>\n\t\t\t\t\t\t<\/div>\n\t\t\t\t<div class=\"elementor-element elementor-element-61fac5f elementor-invisible elementor-widget elementor-widget-heading\" data-id=\"61fac5f\" data-element_type=\"widget\" data-e-type=\"widget\" data-settings=\"{&quot;_animation&quot;:&quot;fadeIn&quot;}\" data-widget_type=\"heading.default\">\n\t\t\t\t\t<h4 class=\"elementor-heading-title elementor-size-default\">Objevte flexibiln\u00ed ceny, kter\u00e9 se budou m\u011bnit s va\u0161\u00edm r\u016fstem a budou vyhovovat va\u0161\u00ed velikosti klientsk\u00e9 z\u00e1kladn\u011b.<\/h4>\t\t\t\t<\/div>\n\t\t\t\t<div class=\"elementor-element elementor-element-ce3686b elementor-widget__width-auto cool-button elementor-align-right elementor-widget elementor-widget-button\" data-id=\"ce3686b\" data-element_type=\"widget\" data-e-type=\"widget\" data-widget_type=\"button.default\">\n\t\t\t\t\t\t\t\t\t\t<a class=\"elementor-button elementor-button-link elementor-size-md elementor-animation-grow\" href=\"https:\/\/www.zooza.online\/cs\/rust\">\n\t\t\t\t\t\t<span class=\"elementor-button-content-wrapper\">\n\t\t\t\t\t\t<span class=\"elementor-button-icon\">\n\t\t\t\t<i aria-hidden=\"true\" class=\"fas fa-arrow-right\"><\/i>\t\t\t<\/span>\n\t\t\t\t\t\t\t\t\t<span class=\"elementor-button-text\">Viz Hodnota za pen\u00edze<\/span>\n\t\t\t\t\t<\/span>\n\t\t\t\t\t<\/a>\n\t\t\t\t\t\t\t\t<\/div>\n\t\t\t\t<\/div>\n\t\t\t\t\t<\/div>\n\t\t\t\t<\/div>\n\t\t\t\t<\/div>\n\t\t\t\t\t<\/div>\n\t\t\t\t<\/div>\n\t\t\t\t<\/div>\n\t\t","protected":false},"excerpt":{"rendered":"<p>Udr\u017ete ka\u017edou interakci s klientem na sv\u00fdch str\u00e1nk\u00e1ch Va\u0161i klienti o\u010dek\u00e1vaj\u00ed bezprobl\u00e9movou rezervaci pod zna\u010dkou, kter\u00e1 je nebude odv\u00e1d\u011bt od va\u0161ich str\u00e1nek. Syst\u00e9m Immersive Booking Engine\u2122 od spole\u010dnosti Zooza p\u0159esn\u011b tohle poskytuje. D\u00edky tomu, \u017ee ka\u017ed\u00e1 rezervace a zapojen\u00ed prob\u00edh\u00e1 p\u0159\u00edmo na va\u0161ich str\u00e1nk\u00e1ch, m\u00e1te nad cestou z\u00e1kazn\u00edka plnou kontrolu a z\u00e1rove\u0148 na ka\u017ed\u00e9m kroku [&hellip;]<\/p>\n","protected":false},"author":2,"featured_media":21165,"parent":21768,"menu_order":0,"comment_status":"closed","ping_status":"closed","template":"","meta":{"_acf_changed":false,"footnotes":""},"class_list":["post-21633","page","type-page","status-publish","has-post-thumbnail","hentry"],"acf":[],"_links":{"self":[{"href":"https:\/\/www.zooza.online\/cs\/wp-json\/wp\/v2\/pages\/21633","targetHints":{"allow":["GET"]}}],"collection":[{"href":"https:\/\/www.zooza.online\/cs\/wp-json\/wp\/v2\/pages"}],"about":[{"href":"https:\/\/www.zooza.online\/cs\/wp-json\/wp\/v2\/types\/page"}],"author":[{"embeddable":true,"href":"https:\/\/www.zooza.online\/cs\/wp-json\/wp\/v2\/users\/2"}],"replies":[{"embeddable":true,"href":"https:\/\/www.zooza.online\/cs\/wp-json\/wp\/v2\/comments?post=21633"}],"version-history":[{"count":4,"href":"https:\/\/www.zooza.online\/cs\/wp-json\/wp\/v2\/pages\/21633\/revisions"}],"predecessor-version":[{"id":30962,"href":"https:\/\/www.zooza.online\/cs\/wp-json\/wp\/v2\/pages\/21633\/revisions\/30962"}],"up":[{"embeddable":true,"href":"https:\/\/www.zooza.online\/cs\/wp-json\/wp\/v2\/pages\/21768"}],"wp:featuredmedia":[{"embeddable":true,"href":"https:\/\/www.zooza.online\/cs\/wp-json\/wp\/v2\/media\/21165"}],"wp:attachment":[{"href":"https:\/\/www.zooza.online\/cs\/wp-json\/wp\/v2\/media?parent=21633"}],"curies":[{"name":"wp","href":"https:\/\/api.w.org\/{rel}","templated":true}]}}