{"id":21656,"date":"2024-11-05T09:32:48","date_gmt":"2024-11-05T09:32:48","guid":{"rendered":"https:\/\/www.zooza.online\/funkcionality\/sprava-vsech-produktu-na-jednom-miste-pomoci-nastroje-product-builder\/"},"modified":"2026-04-27T11:56:00","modified_gmt":"2026-04-27T11:56:00","slug":"product-builder","status":"publish","type":"page","link":"https:\/\/www.zooza.online\/cs\/rust\/product-builder\/","title":{"rendered":"Spr\u00e1va v\u0161ech produkt\u016f na jednom m\u00edst\u011b pomoc\u00ed n\u00e1stroje Product Builder"},"content":{"rendered":"\t\t<div data-elementor-type=\"wp-page\" data-elementor-id=\"21656\" class=\"elementor elementor-21656 elementor-21286\" data-elementor-post-type=\"page\">\n\t\t\t\t<div class=\"elementor-element elementor-element-a0efaff e-con-full e-flex e-con e-parent\" data-id=\"a0efaff\" data-element_type=\"container\" data-e-type=\"container\">\n\t\t<div class=\"elementor-element elementor-element-cf339a9 e-con-full e-flex e-con e-child\" data-id=\"cf339a9\" data-element_type=\"container\" data-e-type=\"container\">\n\t\t<div class=\"elementor-element elementor-element-5940cb6 e-con-full e-flex e-con e-child\" data-id=\"5940cb6\" data-element_type=\"container\" data-e-type=\"container\" data-settings=\"{&quot;background_background&quot;:&quot;classic&quot;}\">\n\t\t<div class=\"elementor-element elementor-element-7cb527d e-flex e-con-boxed e-con e-child\" data-id=\"7cb527d\" data-element_type=\"container\" data-e-type=\"container\">\n\t\t\t\t\t<div class=\"e-con-inner\">\n\t\t<div class=\"elementor-element elementor-element-b840973 e-con-full e-flex e-con e-child\" data-id=\"b840973\" data-element_type=\"container\" data-e-type=\"container\">\n\t\t<div class=\"elementor-element elementor-element-99ad3ab e-con-full e-flex e-con e-child\" data-id=\"99ad3ab\" data-element_type=\"container\" data-e-type=\"container\">\n\t\t\t\t<div class=\"elementor-element elementor-element-bbe60f3 elementor-widget__width-initial elementor-headline--style-highlight elementor-widget elementor-widget-animated-headline\" data-id=\"bbe60f3\" data-element_type=\"widget\" data-e-type=\"widget\" data-settings=\"{&quot;highlighted_text&quot;:&quot;produkty&quot;,&quot;marker&quot;:&quot;underline&quot;,&quot;headline_style&quot;:&quot;highlight&quot;,&quot;loop&quot;:&quot;yes&quot;,&quot;highlight_animation_duration&quot;:1200,&quot;highlight_iteration_delay&quot;:8000}\" data-widget_type=\"animated-headline.default\">\n\t\t\t\t\t\t\t<h1 class=\"elementor-headline\">\n\t\t\t\t\t<span class=\"elementor-headline-plain-text elementor-headline-text-wrapper\">Spravujte v\u0161echny sv\u00e9 <\/span>\n\t\t\t\t<span class=\"elementor-headline-dynamic-wrapper elementor-headline-text-wrapper\">\n\t\t\t\t\t<span class=\"elementor-headline-dynamic-text elementor-headline-text-active\">produkty<\/span>\n\t\t\t\t<\/span>\n\t\t\t\t\t<span class=\"elementor-headline-plain-text elementor-headline-text-wrapper\">na jednom m\u00edst\u011b pomoc\u00ed n\u00e1stroje Product Builder<\/span>\n\t\t\t\t\t<\/h1>\n\t\t\t\t\t\t<\/div>\n\t\t\t\t<\/div>\n\t\t<div class=\"elementor-element elementor-element-18a99e7 e-con-full e-flex e-con e-child\" data-id=\"18a99e7\" data-element_type=\"container\" data-e-type=\"container\">\n\t\t\t\t<div class=\"elementor-element elementor-element-7da783b elementor-widget__width-initial elementor-widget elementor-widget-heading\" data-id=\"7da783b\" data-element_type=\"widget\" data-e-type=\"widget\" data-widget_type=\"heading.default\">\n\t\t\t\t\t<p class=\"elementor-heading-title elementor-size-default\">P\u0159i aktivit\u00e1ch a vzd\u011bl\u00e1v\u00e1n\u00ed d\u011bt\u00ed je kl\u00ed\u010dov\u00e1 flexibilita. N\u00e1stroj Zooza Product Builder v\u00e1m umo\u017en\u00ed spravovat \u0161irokou \u0161k\u00e1lu nab\u00eddek - a\u0165 u\u017e jde o prob\u00edhaj\u00edc\u00ed kurzy, skupinov\u00e9 nebo soukrom\u00e9 lekce, letn\u00ed t\u00e1bory, digit\u00e1ln\u00ed obsah nebo zbo\u017e\u00ed - v\u0161e v r\u00e1mci jedn\u00e9 platformy. Rozlu\u010dte se s \u017eonglov\u00e1n\u00edm s n\u011bkolika syst\u00e9my a p\u0159iv\u00edtejte jednotn\u00e9, p\u0159izp\u016fsobiteln\u00e9 \u0159e\u0161en\u00ed pro spr\u00e1vu produkt\u016f.<\/p>\t\t\t\t<\/div>\n\t\t\t\t<\/div>\n\t\t\t\t<\/div>\n\t\t\t\t\t<\/div>\n\t\t\t\t<\/div>\n\t\t\t\t<\/div>\n\t\t\t\t<\/div>\n\t\t\t\t<\/div>\n\t\t<div class=\"elementor-element elementor-element-2d71f29 e-flex e-con-boxed e-con e-parent\" data-id=\"2d71f29\" data-element_type=\"container\" data-e-type=\"container\">\n\t\t\t\t\t<div class=\"e-con-inner\">\n\t\t<div class=\"elementor-element elementor-element-45d3d8a e-con-full e-flex e-con e-child\" data-id=\"45d3d8a\" data-element_type=\"container\" data-e-type=\"container\">\n\t\t<div class=\"elementor-element elementor-element-15a568d e-con-full e-flex e-con e-child\" data-id=\"15a568d\" data-element_type=\"container\" data-e-type=\"container\">\n\t\t\t\t<div class=\"elementor-element elementor-element-0e2a08b elementor-widget elementor-widget-heading\" data-id=\"0e2a08b\" data-element_type=\"widget\" data-e-type=\"widget\" data-widget_type=\"heading.default\">\n\t\t\t\t\t<h2 class=\"elementor-heading-title elementor-size-default\"><strong>Za\u017eijte inovace<\/strong><\/h2>\t\t\t\t<\/div>\n\t\t\t\t<\/div>\n\t\t<div class=\"elementor-element elementor-element-1ca6720 e-con-full e-flex e-con e-child\" data-id=\"1ca6720\" data-element_type=\"container\" data-e-type=\"container\">\n\t\t<div class=\"elementor-element elementor-element-4c31256 e-con-full e-flex e-con e-child\" data-id=\"4c31256\" data-element_type=\"container\" data-e-type=\"container\">\n\t\t<div class=\"elementor-element elementor-element-9f1df6d e-con-full e-flex e-con e-child\" data-id=\"9f1df6d\" data-element_type=\"container\" data-e-type=\"container\">\n\t\t\t\t<div class=\"elementor-element elementor-element-1dd0cd9 elementor-widget__width-initial elementor-widget elementor-widget-heading\" data-id=\"1dd0cd9\" data-element_type=\"widget\" data-e-type=\"widget\" data-widget_type=\"heading.default\">\n\t\t\t\t\t<h3 class=\"elementor-heading-title elementor-size-default\">1. V\u0161estrann\u00fd produktov\u00fd management<\/h3>\t\t\t\t<\/div>\n\t\t\t\t<\/div>\n\t\t<div class=\"elementor-element elementor-element-8c890e1 e-flex e-con-boxed e-con e-child\" data-id=\"8c890e1\" data-element_type=\"container\" data-e-type=\"container\">\n\t\t\t\t\t<div class=\"e-con-inner\">\n\t\t\t\t<div class=\"elementor-element elementor-element-f219aac elementor-widget elementor-widget-text-editor\" data-id=\"f219aac\" data-element_type=\"widget\" data-e-type=\"widget\" data-widget_type=\"text-editor.default\">\n\t\t\t\t\t\t\t\t\t<p>Nab\u00eddka ka\u017ed\u00e9ho klienta je jedine\u010dn\u00e1 a n\u00e1stroj Product Builder se p\u0159izp\u016fsob\u00ed va\u0161im pot\u0159eb\u00e1m. Zooza se star\u00e1 o v\u0161e &#8211; od prob\u00edhaj\u00edc\u00edch kurz\u016f a t\u00e1bor\u016f a\u017e po digit\u00e1ln\u00ed stahov\u00e1n\u00ed a zbo\u017e\u00ed.<\/p>\n\t\t\t\t\t\t\t\t<\/div>\n\t\t\t\t\t<\/div>\n\t\t\t\t<\/div>\n\t\t<div class=\"elementor-element elementor-element-217450b e-flex e-con-boxed e-con e-child\" data-id=\"217450b\" data-element_type=\"container\" data-e-type=\"container\">\n\t\t\t\t\t<div class=\"e-con-inner\">\n\t\t\t\t<div class=\"elementor-element elementor-element-ac5542f elementor-widget__width-initial elementor-icon-list--layout-traditional elementor-list-item-link-full_width elementor-widget elementor-widget-icon-list\" data-id=\"ac5542f\" data-element_type=\"widget\" data-e-type=\"widget\" data-widget_type=\"icon-list.default\">\n\t\t\t\t\t\t\t<ul class=\"elementor-icon-list-items\">\n\t\t\t\t\t\t\t<li class=\"elementor-icon-list-item\">\n\t\t\t\t\t\t\t\t\t\t\t<span class=\"elementor-icon-list-icon\">\n\t\t\t\t\t\t\t<i aria-hidden=\"true\" class=\"fas fa-check-circle\"><\/i>\t\t\t\t\t\t<\/span>\n\t\t\t\t\t\t\t\t\t\t<span class=\"elementor-icon-list-text\">Platforma \"v\u0161e v jednom\": Spravujte v\u0161e od t\u0159\u00edd a\u017e po zbo\u017e\u00ed pod jednou st\u0159echou.<\/span>\n\t\t\t\t\t\t\t\t\t<\/li>\n\t\t\t\t\t\t\t\t<li class=\"elementor-icon-list-item\">\n\t\t\t\t\t\t\t\t\t\t\t<span class=\"elementor-icon-list-icon\">\n\t\t\t\t\t\t\t<i aria-hidden=\"true\" class=\"fas fa-check-circle\"><\/i>\t\t\t\t\t\t<\/span>\n\t\t\t\t\t\t\t\t\t\t<span class=\"elementor-icon-list-text\">Flexibiln\u00ed nab\u00eddky: Vytv\u00e1\u0159ejte skupinov\u00e9 lekce, soukrom\u00e9 lekce, t\u00e1bory a dal\u0161\u00ed.<\/span>\n\t\t\t\t\t\t\t\t\t<\/li>\n\t\t\t\t\t\t<\/ul>\n\t\t\t\t\t\t<\/div>\n\t\t\t\t\t<\/div>\n\t\t\t\t<\/div>\n\t\t\t\t<\/div>\n\t\t<div class=\"elementor-element elementor-element-c27f453 e-con-full e-flex e-con e-child\" data-id=\"c27f453\" data-element_type=\"container\" data-e-type=\"container\">\n\t\t<div class=\"elementor-element elementor-element-6c02f6f e-con-full e-flex e-con e-child\" data-id=\"6c02f6f\" data-element_type=\"container\" data-e-type=\"container\">\n\t\t\t\t<div class=\"elementor-element elementor-element-b3ca083 elementor-widget__width-initial elementor-widget elementor-widget-heading\" data-id=\"b3ca083\" data-element_type=\"widget\" data-e-type=\"widget\" data-widget_type=\"heading.default\">\n\t\t\t\t\t<h3 class=\"elementor-heading-title elementor-size-default\">2. P\u0159izp\u016fsobiteln\u00e9 parametry pro ka\u017ed\u00fd produkt<\/h3>\t\t\t\t<\/div>\n\t\t\t\t<\/div>\n\t\t<div class=\"elementor-element elementor-element-569d651 e-flex e-con-boxed e-con e-child\" data-id=\"569d651\" data-element_type=\"container\" data-e-type=\"container\">\n\t\t\t\t\t<div class=\"e-con-inner\">\n\t\t\t\t<div class=\"elementor-element elementor-element-e1714e0 elementor-widget elementor-widget-text-editor\" data-id=\"e1714e0\" data-element_type=\"widget\" data-e-type=\"widget\" data-widget_type=\"text-editor.default\">\n\t\t\t\t\t\t\t\t\t<p>Ka\u017ed\u00fd typ produktu m\u016f\u017ee m\u00edt sv\u00e9 vlastn\u00ed jedine\u010dn\u00e9 nastaven\u00ed, d\u00edky \u010demu\u017e m\u016f\u017eete nab\u00eddku p\u0159izp\u016fsobit tak, aby spl\u0148ovala va\u0161e obchodn\u00ed c\u00edle a o\u010dek\u00e1v\u00e1n\u00ed klient\u016f.<\/p>\n\t\t\t\t\t\t\t\t<\/div>\n\t\t\t\t\t<\/div>\n\t\t\t\t<\/div>\n\t\t<div class=\"elementor-element elementor-element-6df709b e-flex e-con-boxed e-con e-child\" data-id=\"6df709b\" data-element_type=\"container\" data-e-type=\"container\">\n\t\t\t\t\t<div class=\"e-con-inner\">\n\t\t\t\t<div class=\"elementor-element elementor-element-1aa0312 elementor-widget__width-initial elementor-icon-list--layout-traditional elementor-list-item-link-full_width elementor-widget elementor-widget-icon-list\" data-id=\"1aa0312\" data-element_type=\"widget\" data-e-type=\"widget\" data-widget_type=\"icon-list.default\">\n\t\t\t\t\t\t\t<ul class=\"elementor-icon-list-items\">\n\t\t\t\t\t\t\t<li class=\"elementor-icon-list-item\">\n\t\t\t\t\t\t\t\t\t\t\t<span class=\"elementor-icon-list-icon\">\n\t\t\t\t\t\t\t<i aria-hidden=\"true\" class=\"fas fa-check-circle\"><\/i>\t\t\t\t\t\t<\/span>\n\t\t\t\t\t\t\t\t\t\t<span class=\"elementor-icon-list-text\">Jedine\u010dn\u00e9 mo\u017enosti platby: Nastavte r\u016fzn\u00e9 zp\u016fsoby platby pro ka\u017ed\u00fd produkt<\/span>\n\t\t\t\t\t\t\t\t\t<\/li>\n\t\t\t\t\t\t\t\t<li class=\"elementor-icon-list-item\">\n\t\t\t\t\t\t\t\t\t\t\t<span class=\"elementor-icon-list-icon\">\n\t\t\t\t\t\t\t<i aria-hidden=\"true\" class=\"fas fa-check-circle\"><\/i>\t\t\t\t\t\t<\/span>\n\t\t\t\t\t\t\t\t\t\t<span class=\"elementor-icon-list-text\">Slevy a propaga\u010dn\u00ed akce: P\u0159izp\u016fsobte si slevy na produkt nebo typ relace<\/span>\n\t\t\t\t\t\t\t\t\t<\/li>\n\t\t\t\t\t\t\t\t<li class=\"elementor-icon-list-item\">\n\t\t\t\t\t\t\t\t\t\t\t<span class=\"elementor-icon-list-icon\">\n\t\t\t\t\t\t\t<i aria-hidden=\"true\" class=\"fas fa-check-circle\"><\/i>\t\t\t\t\t\t<\/span>\n\t\t\t\t\t\t\t\t\t\t<span class=\"elementor-icon-list-text\">Kapacita a limity: Definujte limity \u00fa\u010dastn\u00edk\u016f a automatizujte \u010dekac\u00ed listiny nebo nahrazen\u00ed.<\/span>\n\t\t\t\t\t\t\t\t\t<\/li>\n\t\t\t\t\t\t<\/ul>\n\t\t\t\t\t\t<\/div>\n\t\t\t\t\t<\/div>\n\t\t\t\t<\/div>\n\t\t\t\t<\/div>\n\t\t<div class=\"elementor-element elementor-element-2696674 e-con-full e-flex e-con e-child\" data-id=\"2696674\" data-element_type=\"container\" data-e-type=\"container\">\n\t\t<div class=\"elementor-element elementor-element-196dd56 e-con-full e-flex e-con e-child\" data-id=\"196dd56\" data-element_type=\"container\" data-e-type=\"container\">\n\t\t\t\t<div class=\"elementor-element elementor-element-56d3a8d elementor-widget__width-initial elementor-widget elementor-widget-heading\" data-id=\"56d3a8d\" data-element_type=\"widget\" data-e-type=\"widget\" data-widget_type=\"heading.default\">\n\t\t\t\t\t<h3 class=\"elementor-heading-title elementor-size-default\">3. Automatizovan\u00fd a zjednodu\u0161en\u00fd prodejn\u00ed proces<\/h3>\t\t\t\t<\/div>\n\t\t\t\t<\/div>\n\t\t<div class=\"elementor-element elementor-element-f7bc8f7 e-flex e-con-boxed e-con e-child\" data-id=\"f7bc8f7\" data-element_type=\"container\" data-e-type=\"container\">\n\t\t\t\t\t<div class=\"e-con-inner\">\n\t\t\t\t<div class=\"elementor-element elementor-element-c6fbbcc elementor-widget elementor-widget-text-editor\" data-id=\"c6fbbcc\" data-element_type=\"widget\" data-e-type=\"widget\" data-widget_type=\"text-editor.default\">\n\t\t\t\t\t\t\t\t\t<p>S n\u00e1strojem Product Builder m\u016f\u017eete automatizovat mnoho aspekt\u016f spr\u00e1vy produkt\u016f a soust\u0159edit se na r\u016fst a zapojen\u00ed klient\u016f.<\/p>\n\t\t\t\t\t\t\t\t<\/div>\n\t\t\t\t\t<\/div>\n\t\t\t\t<\/div>\n\t\t<div class=\"elementor-element elementor-element-b85dc91 e-flex e-con-boxed e-con e-child\" data-id=\"b85dc91\" data-element_type=\"container\" data-e-type=\"container\">\n\t\t\t\t\t<div class=\"e-con-inner\">\n\t\t\t\t<div class=\"elementor-element elementor-element-5651325 elementor-widget__width-initial elementor-icon-list--layout-traditional elementor-list-item-link-full_width elementor-widget elementor-widget-icon-list\" data-id=\"5651325\" data-element_type=\"widget\" data-e-type=\"widget\" data-widget_type=\"icon-list.default\">\n\t\t\t\t\t\t\t<ul class=\"elementor-icon-list-items\">\n\t\t\t\t\t\t\t<li class=\"elementor-icon-list-item\">\n\t\t\t\t\t\t\t\t\t\t\t<span class=\"elementor-icon-list-icon\">\n\t\t\t\t\t\t\t<i aria-hidden=\"true\" class=\"fas fa-check-circle\"><\/i>\t\t\t\t\t\t<\/span>\n\t\t\t\t\t\t\t\t\t\t<span class=\"elementor-icon-list-text\">Automatick\u00e1 registrace: Nastaven\u00ed automatick\u00e9ho z\u00e1pisu a upom\u00ednek<\/span>\n\t\t\t\t\t\t\t\t\t<\/li>\n\t\t\t\t\t\t\t\t<li class=\"elementor-icon-list-item\">\n\t\t\t\t\t\t\t\t\t\t\t<span class=\"elementor-icon-list-icon\">\n\t\t\t\t\t\t\t<i aria-hidden=\"true\" class=\"fas fa-check-circle\"><\/i>\t\t\t\t\t\t<\/span>\n\t\t\t\t\t\t\t\t\t\t<span class=\"elementor-icon-list-text\">Bezprobl\u00e9mov\u00fd Upselling: Navrhujte souvisej\u00edc\u00ed produkty nebo relace p\u0159\u00edmo na rezerva\u010dn\u00edch str\u00e1nk\u00e1ch.<\/span>\n\t\t\t\t\t\t\t\t\t<\/li>\n\t\t\t\t\t\t\t\t<li class=\"elementor-icon-list-item\">\n\t\t\t\t\t\t\t\t\t\t\t<span class=\"elementor-icon-list-icon\">\n\t\t\t\t\t\t\t<i aria-hidden=\"true\" class=\"fas fa-check-circle\"><\/i>\t\t\t\t\t\t<\/span>\n\t\t\t\t\t\t\t\t\t\t<span class=\"elementor-icon-list-text\">Zpr\u00e1vy a informace: P\u0159\u00edstup k \u00fadaj\u016fm o v\u00fdkonnosti ka\u017ed\u00e9ho produktu, kter\u00e9 v\u00e1m pomohou \u010dinit informovan\u00e1 rozhodnut\u00ed.<\/span>\n\t\t\t\t\t\t\t\t\t<\/li>\n\t\t\t\t\t\t<\/ul>\n\t\t\t\t\t\t<\/div>\n\t\t\t\t\t<\/div>\n\t\t\t\t<\/div>\n\t\t\t\t<\/div>\n\t\t\t\t<\/div>\n\t\t\t\t<\/div>\n\t\t\t\t\t<\/div>\n\t\t\t\t<\/div>\n\t\t<div class=\"elementor-element elementor-element-9a6c3a6 e-flex e-con-boxed e-con e-parent\" data-id=\"9a6c3a6\" data-element_type=\"container\" data-e-type=\"container\">\n\t\t\t\t\t<div class=\"e-con-inner\">\n\t\t<div class=\"elementor-element elementor-element-9cc52f0 e-con-full e-flex e-con e-child\" data-id=\"9cc52f0\" data-element_type=\"container\" data-e-type=\"container\">\n\t\t<div class=\"elementor-element elementor-element-487374a e-con-full e-flex e-con e-child\" data-id=\"487374a\" data-element_type=\"container\" data-e-type=\"container\">\n\t\t\t\t<div class=\"elementor-element elementor-element-06bae9a elementor-widget elementor-widget-spacer\" data-id=\"06bae9a\" data-element_type=\"widget\" data-e-type=\"widget\" data-widget_type=\"spacer.default\">\n\t\t\t\t\t\t\t<div class=\"elementor-spacer\">\n\t\t\t<div class=\"elementor-spacer-inner\"><\/div>\n\t\t<\/div>\n\t\t\t\t\t\t<\/div>\n\t\t\t\t<div class=\"elementor-element elementor-element-ddc55f2 elementor-headline--style-highlight elementor-widget elementor-widget-animated-headline\" data-id=\"ddc55f2\" data-element_type=\"widget\" data-e-type=\"widget\" data-settings=\"{&quot;highlighted_text&quot;:&quot; Product Builder&quot;,&quot;headline_style&quot;:&quot;highlight&quot;,&quot;marker&quot;:&quot;circle&quot;,&quot;loop&quot;:&quot;yes&quot;,&quot;highlight_animation_duration&quot;:1200,&quot;highlight_iteration_delay&quot;:8000}\" data-widget_type=\"animated-headline.default\">\n\t\t\t\t\t\t\t<h2 class=\"elementor-headline\">\n\t\t\t\t\t<span class=\"elementor-headline-plain-text elementor-headline-text-wrapper\">Pro\u010d je<\/span>\n\t\t\t\t<span class=\"elementor-headline-dynamic-wrapper elementor-headline-text-wrapper\">\n\t\t\t\t\t<span class=\"elementor-headline-dynamic-text elementor-headline-text-active\"> Product Builder<\/span>\n\t\t\t\t<\/span>\n\t\t\t\t\t<span class=\"elementor-headline-plain-text elementor-headline-text-wrapper\">jedine\u010dn\u00fd<\/span>\n\t\t\t\t\t<\/h2>\n\t\t\t\t\t\t<\/div>\n\t\t\t\t<div class=\"elementor-element elementor-element-7fe74f4 elementor-widget elementor-widget-text-editor\" data-id=\"7fe74f4\" data-element_type=\"widget\" data-e-type=\"widget\" data-widget_type=\"text-editor.default\">\n\t\t\t\t\t\t\t\t\t<p><strong>N\u00e1stroj Zooza Product Builder<\/strong> je v\u00edc ne\u017e jen jednoduch\u00fd n\u00e1stroj pro pl\u00e1nov\u00e1n\u00ed nebo rezervaci. Je vytvo\u0159en s ohledem na slo\u017eitost d\u011btsk\u00fdch aktivit a umo\u017e\u0148uje p\u0159izp\u016fsobit ka\u017ed\u00fd produkt konkr\u00e9tn\u00edm pot\u0159eb\u00e1m. Na rozd\u00edl od jin\u00fdch syst\u00e9m\u016f, kter\u00e9 vy\u017eaduj\u00ed v\u00edce platforem pro spr\u00e1vu r\u016fzn\u00fdch typ\u016f nab\u00eddek, Product Builder centralizuje v\u0161echny va\u0161e produkty na jednom m\u00edst\u011b. D\u00edky t\u00e9to flexibilit\u011b m\u016f\u017eete snadno roz\u0161i\u0159ovat nab\u00eddku, p\u0159id\u00e1vat nov\u00e9 typy produkt\u016f a udr\u017eovat jednotnou, zna\u010dkovou klientskou zku\u0161enost nap\u0159\u00ed\u010d nab\u00eddkou.<\/p><\/p>\n\t\t\t\t\t\t\t\t<\/div>\n\t\t\t\t<div class=\"elementor-element elementor-element-5d1c81f elementor-widget elementor-widget-text-editor\" data-id=\"5d1c81f\" data-element_type=\"widget\" data-e-type=\"widget\" data-widget_type=\"text-editor.default\">\n\t\t\t\t\t\t\t\t\t<ol>\n<li style=\"list-style-type: none;\">\n<ol>\n<li>\n<p><strong>Flexibilita v\u0161e v jednom<\/strong><br \/>Spr\u00e1va v\u00edce typ\u016f produkt\u016f &#8211; t\u0159\u00edd, t\u00e1bor\u016f, digit\u00e1ln\u00edch produkt\u016f a dal\u0161\u00edch &#8211; v\u0161e v r\u00e1mci aplikace Zooza, \u010d\u00edm\u017e odpad\u00e1 pot\u0159eba samostatn\u00fdch n\u00e1stroj\u016f.<\/p>\n<\/li>\n<li>\n<p><strong>P\u0159izp\u016fsoben\u00ed pro ka\u017edou nab\u00eddku<\/strong><br \/>Ka\u017ed\u00fd produkt m\u00e1 sv\u00e9 vlastn\u00ed parametry, v\u010detn\u011b platebn\u00edch mo\u017enost\u00ed, nastaven\u00ed slev, kapacitn\u00edch limit\u016f a pravidel automatizace, tak\u017ee se d\u00e1 p\u0159izp\u016fsobit ka\u017ed\u00e9 obchodn\u00ed pot\u0159eb\u011b.<\/p>\n<\/li>\n<li>\n<p><strong>Jednotn\u00fd z\u00e1\u017eitek se zna\u010dkou<\/strong><br \/>Zooza zaji\u0161\u0165uje, \u017ee ka\u017ed\u00fd produkt, a\u0165 u\u017e osobn\u00ed nebo digit\u00e1ln\u00ed, hladce zapad\u00e1 do z\u00e1\u017eitku se zna\u010dkou, co\u017e pom\u00e1h\u00e1 budovat d\u016fv\u011bru a konzistenci.<\/p>\n<\/li>\n<\/ol>\n<\/li>\n<\/ol>\n\t\t\t\t\t\t\t\t<\/div>\n\t\t\t\t<\/div>\n\t\t\t\t<\/div>\n\t\t\t\t\t<\/div>\n\t\t\t\t<\/div>\n\t\t<div class=\"elementor-element elementor-element-01722c4 e-flex e-con-boxed e-con e-parent\" data-id=\"01722c4\" data-element_type=\"container\" data-e-type=\"container\">\n\t\t\t\t\t<div class=\"e-con-inner\">\n\t\t<div class=\"elementor-element elementor-element-a152a16 e-con-full e-flex e-con e-child\" data-id=\"a152a16\" data-element_type=\"container\" data-e-type=\"container\">\n\t\t<div class=\"elementor-element elementor-element-ce699cf e-con-full e-flex e-con e-child\" data-id=\"ce699cf\" data-element_type=\"container\" data-e-type=\"container\" data-settings=\"{&quot;background_background&quot;:&quot;classic&quot;}\">\n\t\t<div class=\"elementor-element elementor-element-fc8ed52 e-flex e-con-boxed e-con e-child\" data-id=\"fc8ed52\" data-element_type=\"container\" data-e-type=\"container\" data-settings=\"{&quot;background_background&quot;:&quot;classic&quot;}\">\n\t\t\t\t\t<div class=\"e-con-inner\">\n\t\t<div class=\"elementor-element elementor-element-d0cb43c e-con-full e-flex e-con e-child\" data-id=\"d0cb43c\" data-element_type=\"container\" data-e-type=\"container\">\n\t\t\t\t<div class=\"elementor-element elementor-element-f27e99b elementor-headline--style-highlight elementor-invisible elementor-widget elementor-widget-animated-headline\" data-id=\"f27e99b\" data-element_type=\"widget\" data-e-type=\"widget\" data-settings=\"{&quot;highlighted_text&quot;:&quot;U\\u0161et\\u0159ete a\\u017e 70 %&quot;,&quot;_animation&quot;:&quot;fadeInUp&quot;,&quot;marker&quot;:&quot;double_underline&quot;,&quot;headline_style&quot;:&quot;highlight&quot;,&quot;loop&quot;:&quot;yes&quot;,&quot;highlight_animation_duration&quot;:1200,&quot;highlight_iteration_delay&quot;:8000}\" data-widget_type=\"animated-headline.default\">\n\t\t\t\t\t\t\t<h2 class=\"elementor-headline\">\n\t\t\t\t<span class=\"elementor-headline-dynamic-wrapper elementor-headline-text-wrapper\">\n\t\t\t\t\t<span class=\"elementor-headline-dynamic-text elementor-headline-text-active\">U\u0161et\u0159ete a\u017e 70 %<\/span>\n\t\t\t\t<\/span>\n\t\t\t\t\t<span class=\"elementor-headline-plain-text elementor-headline-text-wrapper\">na n\u00e1stroje se Zoozou je\u0161t\u011b dnes!<\/span>\n\t\t\t\t\t<\/h2>\n\t\t\t\t\t\t<\/div>\n\t\t\t\t<div class=\"elementor-element elementor-element-f31d55a elementor-invisible elementor-widget elementor-widget-heading\" data-id=\"f31d55a\" data-element_type=\"widget\" data-e-type=\"widget\" data-settings=\"{&quot;_animation&quot;:&quot;fadeIn&quot;}\" data-widget_type=\"heading.default\">\n\t\t\t\t\t<h4 class=\"elementor-heading-title elementor-size-default\">Objevte flexibiln\u00ed ceny, kter\u00e9 se budou m\u011bnit s va\u0161\u00edm r\u016fstem a budou vyhovovat va\u0161\u00ed klientsk\u00e9 z\u00e1kladn\u011b.<\/h4>\t\t\t\t<\/div>\n\t\t\t\t<div class=\"elementor-element elementor-element-a8ce855 elementor-widget__width-auto cool-button elementor-align-right elementor-widget elementor-widget-button\" data-id=\"a8ce855\" data-element_type=\"widget\" data-e-type=\"widget\" data-widget_type=\"button.default\">\n\t\t\t\t\t\t\t\t\t\t<a class=\"elementor-button elementor-button-link elementor-size-md elementor-animation-grow\" href=\"https:\/\/www.zooza.online\/cs\/rust\/\">\n\t\t\t\t\t\t<span class=\"elementor-button-content-wrapper\">\n\t\t\t\t\t\t<span class=\"elementor-button-icon\">\n\t\t\t\t<i aria-hidden=\"true\" class=\"fas fa-arrow-right\"><\/i>\t\t\t<\/span>\n\t\t\t\t\t\t\t\t\t<span class=\"elementor-button-text\">Viz Hodnota za pen\u00edze<\/span>\n\t\t\t\t\t<\/span>\n\t\t\t\t\t<\/a>\n\t\t\t\t\t\t\t\t<\/div>\n\t\t\t\t<\/div>\n\t\t\t\t\t<\/div>\n\t\t\t\t<\/div>\n\t\t\t\t<\/div>\n\t\t\t\t<\/div>\n\t\t\t\t\t<\/div>\n\t\t\t\t<\/div>\n\t\t\t\t<\/div>\n\t\t","protected":false},"excerpt":{"rendered":"<p>Spravujte v\u0161echny sv\u00e9 produkty na jednom m\u00edst\u011b pomoc\u00ed n\u00e1stroje Product Builder P\u0159i aktivit\u00e1ch a vzd\u011bl\u00e1v\u00e1n\u00ed d\u011bt\u00ed je kl\u00ed\u010dov\u00e1 flexibilita. N\u00e1stroj Zooza Product Builder v\u00e1m umo\u017en\u00ed spravovat \u0161irokou \u0161k\u00e1lu nab\u00eddek &#8211; a\u0165 u\u017e jde o prob\u00edhaj\u00edc\u00ed kurzy, skupinov\u00e9 nebo soukrom\u00e9 lekce, letn\u00ed t\u00e1bory, digit\u00e1ln\u00ed obsah nebo zbo\u017e\u00ed &#8211; v\u0161e v r\u00e1mci jedn\u00e9 platformy. Rozlu\u010dte se s [&hellip;]<\/p>\n","protected":false},"author":2,"featured_media":0,"parent":21768,"menu_order":0,"comment_status":"closed","ping_status":"closed","template":"","meta":{"_acf_changed":false,"footnotes":""},"class_list":["post-21656","page","type-page","status-publish","hentry"],"acf":[],"_links":{"self":[{"href":"https:\/\/www.zooza.online\/cs\/wp-json\/wp\/v2\/pages\/21656","targetHints":{"allow":["GET"]}}],"collection":[{"href":"https:\/\/www.zooza.online\/cs\/wp-json\/wp\/v2\/pages"}],"about":[{"href":"https:\/\/www.zooza.online\/cs\/wp-json\/wp\/v2\/types\/page"}],"author":[{"embeddable":true,"href":"https:\/\/www.zooza.online\/cs\/wp-json\/wp\/v2\/users\/2"}],"replies":[{"embeddable":true,"href":"https:\/\/www.zooza.online\/cs\/wp-json\/wp\/v2\/comments?post=21656"}],"version-history":[{"count":2,"href":"https:\/\/www.zooza.online\/cs\/wp-json\/wp\/v2\/pages\/21656\/revisions"}],"predecessor-version":[{"id":30999,"href":"https:\/\/www.zooza.online\/cs\/wp-json\/wp\/v2\/pages\/21656\/revisions\/30999"}],"up":[{"embeddable":true,"href":"https:\/\/www.zooza.online\/cs\/wp-json\/wp\/v2\/pages\/21768"}],"wp:attachment":[{"href":"https:\/\/www.zooza.online\/cs\/wp-json\/wp\/v2\/media?parent=21656"}],"curies":[{"name":"wp","href":"https:\/\/api.w.org\/{rel}","templated":true}]}}