{"id":25621,"date":"2025-05-19T11:08:14","date_gmt":"2025-05-19T11:08:14","guid":{"rendered":"https:\/\/www.zooza.online\/znacky-rostou-a-vy\/"},"modified":"2026-04-27T11:53:55","modified_gmt":"2026-04-27T11:53:55","slug":"ebook","status":"publish","type":"page","link":"https:\/\/www.zooza.online\/cs\/ebook\/","title":{"rendered":"Zna\u010dky rostou. A vy?"},"content":{"rendered":"\t\t<div data-elementor-type=\"wp-page\" data-elementor-id=\"25621\" class=\"elementor elementor-25621 elementor-25571\" data-elementor-post-type=\"page\">\n\t\t\t\t<div class=\"elementor-element elementor-element-8d918ff e-flex e-con-boxed e-con e-parent\" data-id=\"8d918ff\" data-element_type=\"container\" data-e-type=\"container\" id=\"more\">\n\t\t\t\t\t<div class=\"e-con-inner\">\n\t\t<div class=\"elementor-element elementor-element-50166a9 e-con-full e-flex e-con e-child\" data-id=\"50166a9\" data-element_type=\"container\" data-e-type=\"container\">\n\t\t<div class=\"elementor-element elementor-element-b590d6b e-con-full e-flex e-con e-child\" data-id=\"b590d6b\" data-element_type=\"container\" data-e-type=\"container\">\n\t\t<div class=\"elementor-element elementor-element-b7c7c82 e-con-full e-flex e-con e-child\" data-id=\"b7c7c82\" data-element_type=\"container\" data-e-type=\"container\">\n\t\t\t\t<div class=\"elementor-element elementor-element-ab68721 elementor-widget__width-initial elementor-headline--style-highlight elementor-widget elementor-widget-animated-headline\" data-id=\"ab68721\" data-element_type=\"widget\" data-e-type=\"widget\" data-settings=\"{&quot;highlighted_text&quot;:&quot;rostou.&quot;,&quot;marker&quot;:&quot;underline&quot;,&quot;headline_style&quot;:&quot;highlight&quot;,&quot;loop&quot;:&quot;yes&quot;,&quot;highlight_animation_duration&quot;:1200,&quot;highlight_iteration_delay&quot;:8000}\" data-widget_type=\"animated-headline.default\">\n\t\t\t\t\t\t\t<h1 class=\"elementor-headline\">\n\t\t\t\t\t<span class=\"elementor-headline-plain-text elementor-headline-text-wrapper\">Zna\u010dky<\/span>\n\t\t\t\t<span class=\"elementor-headline-dynamic-wrapper elementor-headline-text-wrapper\">\n\t\t\t\t\t<span class=\"elementor-headline-dynamic-text elementor-headline-text-active\">rostou.<\/span>\n\t\t\t\t<\/span>\n\t\t\t\t\t<span class=\"elementor-headline-plain-text elementor-headline-text-wrapper\">A&nbsp;vy?<\/span>\n\t\t\t\t\t<\/h1>\n\t\t\t\t\t\t<\/div>\n\t\t<div class=\"elementor-element elementor-element-d6ad0f9 e-con-full e-flex e-con e-child\" data-id=\"d6ad0f9\" data-element_type=\"container\" data-e-type=\"container\">\n\t\t\t\t<div class=\"elementor-element elementor-element-5e82f24 elementor-widget elementor-widget-heading\" data-id=\"5e82f24\" data-element_type=\"widget\" data-e-type=\"widget\" data-widget_type=\"heading.default\">\n\t\t\t\t\t<p class=\"elementor-heading-title elementor-size-default\">P\u0158\u00cdB\u011aH, KTER\u00dd JSTE NIKDY NEVID\u011aLI NAPSAN\u00dd PRO V\u00c1S.<\/p>\t\t\t\t<\/div>\n\t\t\t\t<div class=\"elementor-element elementor-element-787cd9e elementor-widget elementor-widget-text-editor\" data-id=\"787cd9e\" data-element_type=\"widget\" data-e-type=\"widget\" data-widget_type=\"text-editor.default\">\n\t\t\t\t\t\t\t\t\t<p>P\u0159edstavte si, \u017ee jste kone\u010dn\u011b vytvo\u0159ili n\u011bco, co funguje. <b>Va\u0161e t\u0159\u00eddy funguj\u00ed hladce<\/b>, rodi\u010de jsou <b>spokojen\u00ed<\/b>, instrukto\u0159i <b>se usm\u00edvaj\u00ed<\/b>. A p\u0159esto v\u00e1m st\u00e1le n\u011bco na\u0161ept\u00e1v\u00e1: <\/p><p><em>&#8222;Co bude d\u00e1l?&#8220;<\/em><\/p><p>N\u011bkde tam venku se ostatn\u00ed \u0161k\u00e1luj\u00ed. Fran\u0161\u00edzuj\u00ed. Automatizuj\u00ed. Vy zat\u00edm st\u00e1le \u0159e\u0161\u00edte v\u00fdjimku z platby, chyb\u011bj\u00edc\u00ed fakturu nebo po st\u00e9 kop\u00edrujete data.   <\/p><p>Tento \u010dl\u00e1nek je pro v\u00e1s. Pokud v\u00edte, \u017ee <b>d\u011bl\u00e1te dobrou pr\u00e1ci, ale v hloubi du\u0161e c\u00edt\u00edte, \u017ee byste mohli ud\u011blat v\u00edc<\/b>. <\/p>\t\t\t\t\t\t\t\t<\/div>\n\t\t\t\t<div class=\"elementor-element elementor-element-aee5031 elementor-widget elementor-widget-spacer\" data-id=\"aee5031\" data-element_type=\"widget\" data-e-type=\"widget\" data-widget_type=\"spacer.default\">\n\t\t\t\t\t\t\t<div class=\"elementor-spacer\">\n\t\t\t<div class=\"elementor-spacer-inner\"><\/div>\n\t\t<\/div>\n\t\t\t\t\t\t<\/div>\n\t\t<div class=\"elementor-element elementor-element-20e3efe e-con-full e-flex e-con e-child\" data-id=\"20e3efe\" data-element_type=\"container\" data-e-type=\"container\">\n\t\t\t\t<div class=\"elementor-element elementor-element-a8ebce4 elementor-align-right elementor-widget__width-auto cool-button-up-down elementor-widget elementor-widget-button\" data-id=\"a8ebce4\" data-element_type=\"widget\" data-e-type=\"widget\" data-widget_type=\"button.default\">\n\t\t\t\t\t\t\t\t\t\t<a class=\"elementor-button elementor-button-link elementor-size-md elementor-animation-grow\" href=\"#download\">\n\t\t\t\t\t\t<span class=\"elementor-button-content-wrapper\">\n\t\t\t\t\t\t<span class=\"elementor-button-icon\">\n\t\t\t\t<i aria-hidden=\"true\" class=\"interface interface-download\"><\/i>\t\t\t<\/span>\n\t\t\t\t\t\t\t\t\t<span class=\"elementor-button-text\">Odemkn\u011bte cel\u00fd \u010dl\u00e1nek a PDF<\/span>\n\t\t\t\t\t<\/span>\n\t\t\t\t\t<\/a>\n\t\t\t\t\t\t\t\t<\/div>\n\t\t\t\t<div class=\"elementor-element elementor-element-af36c44 elementor-align-right elementor-widget__width-auto cool-button-up-down elementor-widget elementor-widget-button\" data-id=\"af36c44\" data-element_type=\"widget\" data-e-type=\"widget\" data-widget_type=\"button.default\">\n\t\t\t\t\t\t\t\t\t\t<a class=\"elementor-button elementor-button-link elementor-size-md elementor-animation-grow\" href=\"#more\">\n\t\t\t\t\t\t<span class=\"elementor-button-content-wrapper\">\n\t\t\t\t\t\t<span class=\"elementor-button-icon\">\n\t\t\t\t<i aria-hidden=\"true\" class=\"fas fa-arrow-down\"><\/i>\t\t\t<\/span>\n\t\t\t\t\t\t\t\t\t<span class=\"elementor-button-text\">Dozv\u011bd\u011bt se v\u00edce<\/span>\n\t\t\t\t\t<\/span>\n\t\t\t\t\t<\/a>\n\t\t\t\t\t\t\t\t<\/div>\n\t\t\t\t<\/div>\n\t\t\t\t<\/div>\n\t\t\t\t<\/div>\n\t\t\t\t<\/div>\n\t\t<div class=\"elementor-element elementor-element-2c80d6d e-con-full e-flex e-con e-child\" data-id=\"2c80d6d\" data-element_type=\"container\" data-e-type=\"container\">\n\t\t\t\t<div class=\"elementor-element elementor-element-3568f8e elementor-widget elementor-widget-image\" data-id=\"3568f8e\" data-element_type=\"widget\" data-e-type=\"widget\" data-widget_type=\"image.default\">\n\t\t\t\t\t\t\t\t\t\t\t\t\t\t\t<img fetchpriority=\"high\" decoding=\"async\" width=\"742\" height=\"870\" src=\"https:\/\/www.zooza.online\/wp-content\/uploads\/2025\/05\/Ebook-Cs-1.jpg\" class=\"attachment-large size-large wp-image-25666\" alt=\"Ebook Cs\" srcset=\"https:\/\/www.zooza.online\/wp-content\/uploads\/2025\/05\/Ebook-Cs-1.jpg 742w, https:\/\/www.zooza.online\/wp-content\/uploads\/2025\/05\/Ebook-Cs-1-256x300.jpg 256w\" sizes=\"(max-width: 742px) 100vw, 742px\" title=\"\">\t\t\t\t\t\t\t\t\t\t\t\t\t\t\t<\/div>\n\t\t\t\t<\/div>\n\t\t\t\t<\/div>\n\t\t\t\t<div class=\"elementor-element elementor-element-bd6cd87 elementor-widget elementor-widget-spacer\" data-id=\"bd6cd87\" data-element_type=\"widget\" data-e-type=\"widget\" data-widget_type=\"spacer.default\">\n\t\t\t\t\t\t\t<div class=\"elementor-spacer\">\n\t\t\t<div class=\"elementor-spacer-inner\"><\/div>\n\t\t<\/div>\n\t\t\t\t\t\t<\/div>\n\t\t<div class=\"elementor-element elementor-element-476d347 e-con-full e-flex e-con e-child\" data-id=\"476d347\" data-element_type=\"container\" data-e-type=\"container\">\n\t\t\t\t<div class=\"elementor-element elementor-element-e89e873 elementor-widget elementor-widget-text-editor\" data-id=\"e89e873\" data-element_type=\"widget\" data-e-type=\"widget\" data-widget_type=\"text-editor.default\">\n\t\t\t\t\t\t\t\t\t<h3>\ud83c\udf0d Co d\u011bl\u00e1 Z\u00e1pad jinak. A co d\u011bl\u00e1me l\u00e9pe. <\/h3><p>\ud83d\udcd8 Tato e-kniha porovn\u00e1v\u00e1 to nejlep\u0161\u00ed ze Z\u00e1padu (\u0161k\u00e1lov\u00e1n\u00ed, branding, jednoduchost)<br>s nejsiln\u011bj\u0161\u00edmi rysy z na\u0161eho regionu (kvalita, udr\u017een\u00ed, hloubka).<\/p><p><strong>10 praktick\u00fdch tip\u016f. \u017d\u00e1dn\u00e1 teorie. Jen to, co skute\u010dn\u011b funguje.  <\/strong><\/p>\t\t\t\t\t\t\t\t<\/div>\n\t\t\t\t<\/div>\n\t\t\t\t<div class=\"elementor-element elementor-element-401cf53 elementor-widget elementor-widget-spacer\" data-id=\"401cf53\" data-element_type=\"widget\" data-e-type=\"widget\" data-widget_type=\"spacer.default\">\n\t\t\t\t\t\t\t<div class=\"elementor-spacer\">\n\t\t\t<div class=\"elementor-spacer-inner\"><\/div>\n\t\t<\/div>\n\t\t\t\t\t\t<\/div>\n\t\t\t\t<div class=\"elementor-element elementor-element-c9c153d elementor-widget elementor-widget-heading\" data-id=\"c9c153d\" data-element_type=\"widget\" data-e-type=\"widget\" data-widget_type=\"heading.default\">\n\t\t\t\t\t<h2 class=\"elementor-heading-title elementor-size-default\"><b>#1 - PRVN\u00cd TIP, KTER\u00dd V\u00c1S ZAS\u00c1HNE<\/b><\/h2>\t\t\t\t<\/div>\n\t\t\t\t<div class=\"elementor-element elementor-element-08d02ff elementor-widget elementor-widget-heading\" data-id=\"08d02ff\" data-element_type=\"widget\" data-e-type=\"widget\" data-widget_type=\"heading.default\">\n\t\t\t\t\t<h3 class=\"elementor-heading-title elementor-size-default\"><b>1 z 10 - Siln\u00fd branding<\/b> = lid\u00e9 si v\u00e1s pamatuj\u00ed, i kdy\u017e si u v\u00e1s nikdy neobjednali.\n<\/h3>\t\t\t\t<\/div>\n\t\t\t\t<div class=\"elementor-element elementor-element-792ccc2 elementor-widget elementor-widget-text-editor\" data-id=\"792ccc2\" data-element_type=\"widget\" data-e-type=\"widget\" data-widget_type=\"text-editor.default\">\n\t\t\t\t\t\t\t\t\t<p data-pm-slice=\"1 1 []\">Zna\u010dka nen\u00ed logo. Je to to, kdo jste, komu slou\u017e\u00edte a jak uspokojujete jeho pot\u0159eby. Je to to, co o v\u00e1s lid\u00e9 \u0159\u00edkaj\u00ed, kdy\u017e nejste v m\u00edstnosti &#8211; a pro\u010d se k v\u00e1m vracej\u00ed.  <\/p><p>Z\u00e1padn\u00ed zna\u010dky investuj\u00ed do budov\u00e1n\u00ed zna\u010dky je\u0161t\u011b p\u0159edt\u00edm, ne\u017e vytvo\u0159\u00ed t\u00fdm. U n\u00e1s to d\u011bl\u00e1me obr\u00e1cen\u011b &#8211; a div\u00edme se, \u017ee m\u00e1me kvalitnej\u0161\u00ed obsah, ale m\u00e9n\u011b d\u011bt\u00ed ve t\u0159\u00edd\u00e1ch. <\/p><p>Jeden z na\u0161ich klient\u016f m\u011bl skv\u011bl\u00fd produkt a v\u011brnou komunitu, ale chyb\u011bla mu v\u00fdraznost. Jakmile svou zna\u010dku vyladili &#8211; jasn\u00e9 sd\u011blen\u00ed, jednotn\u00fd t\u00f3n, v\u00fdrazn\u00e9 vizu\u00e1ly &#8211; rodi\u010de za\u010dali \u0159\u00edkat v\u011bci jako &#8222;na v\u00e1s se t\u011b\u017eko zapom\u00edn\u00e1&#8220;. Brzy pot\u00e9 se jim poda\u0159ilo vytvo\u0159it licenci na svou metodiku.  <\/p><p>Zna\u010dka nen\u00ed n\u00e1kladem. Je to to, co v\u00e1s dr\u017e\u00ed vp\u0159edu &#8211; a pom\u00e1h\u00e1 v\u00e1m zn\u00e1sobit v\u00e1\u0161 \u00fasp\u011bch. <\/p><p><strong>\u23f1 Rychlost dopadu:<\/strong> st\u0159edn\u011bdob\u00fd<br><strong>\ud83d\udcc8 \u00da\u010dinek:<\/strong> p\u0159\u00edjmy, zapamatovatelnost, \u0161k\u00e1lovatelnost<br><strong>\ud83c\udfaf D\u016fle\u017eitost:<\/strong> vysok\u00e1.<\/p>\t\t\t\t\t\t\t\t<\/div>\n\t\t\t\t<div class=\"elementor-element elementor-element-ce39560 elementor-widget elementor-widget-spacer\" data-id=\"ce39560\" data-element_type=\"widget\" data-e-type=\"widget\" id=\"download\" data-widget_type=\"spacer.default\">\n\t\t\t\t\t\t\t<div class=\"elementor-spacer\">\n\t\t\t<div class=\"elementor-spacer-inner\"><\/div>\n\t\t<\/div>\n\t\t\t\t\t\t<\/div>\n\t\t\t\t<div class=\"elementor-element elementor-element-c60c572 elementor-widget elementor-widget-spacer\" data-id=\"c60c572\" data-element_type=\"widget\" data-e-type=\"widget\" data-widget_type=\"spacer.default\">\n\t\t\t\t\t\t\t<div class=\"elementor-spacer\">\n\t\t\t<div class=\"elementor-spacer-inner\"><\/div>\n\t\t<\/div>\n\t\t\t\t\t\t<\/div>\n\t\t\t\t\t<\/div>\n\t\t\t\t<\/div>\n\t\t<div class=\"elementor-element elementor-element-e4989ce e-flex e-con-boxed e-con e-parent\" data-id=\"e4989ce\" data-element_type=\"container\" data-e-type=\"container\">\n\t\t\t\t\t<div class=\"e-con-inner\">\n\t\t<div class=\"elementor-element elementor-element-d06679e e-con-full e-flex e-con e-child\" data-id=\"d06679e\" data-element_type=\"container\" data-e-type=\"container\">\n\t\t\t\t<div class=\"elementor-element elementor-element-4db845a elementor-widget elementor-widget-heading\" data-id=\"4db845a\" data-element_type=\"widget\" data-e-type=\"widget\" data-widget_type=\"heading.default\">\n\t\t\t\t\t<h2 class=\"elementor-heading-title elementor-size-default\"><h2><b>\ud83d\udd10 CO BUDE D\u00c1L?<\/b><\/h2><\/h2>\t\t\t\t<\/div>\n\t\t\t\t<div class=\"elementor-element elementor-element-afd8641 elementor-widget elementor-widget-text-editor\" data-id=\"afd8641\" data-element_type=\"widget\" data-e-type=\"widget\" data-widget_type=\"text-editor.default\">\n\t\t\t\t\t\t\t\t\t<p data-pm-slice=\"1 1 []\">Dal\u0161\u00edch 9 tip\u016f? Po\u0161leme v\u00e1m je e-mailem. Ne proto, abychom je schov\u00e1vali, ale proto, \u017ee jsou hlub\u0161\u00ed a zaslou\u017e\u00ed si v\u00edce prostoru.  <\/p><p><strong>Z\u00edskejte \u00fapln\u00fd seznam, kter\u00fd m\u011bn\u00ed podnik\u00e1ni s d\u011btsk\u00fdmi aktivitami:<\/strong><\/p><ul data-spread=\"false\"><li><p>Jak sn\u00ed\u017eit chaos a zv\u00fd\u0161it kapacitu<\/p><\/li><li><p>Jak prom\u011bnit kvalitu v r\u016fst<\/p><\/li><li><p>Jak za\u010d\u00edt licencovat bez<\/p><\/li><\/ul><p>\ud83d\udc49 Napi\u0161te n\u00e1m n\u00ed\u017ee sv\u016fj e-mail a my v\u00e1m za\u0161leme cel\u00fd \u010dl\u00e1nek + praktick\u00e9 p\u0159\u00edklady a grafy ve form\u00e1tu PDF.<\/p>\t\t\t\t\t\t\t\t<\/div>\n\t\t\t\t<div class=\"elementor-element elementor-element-b3373c5 elementor-widget__width-initial elementor-button-align-stretch elementor-widget elementor-widget-form\" data-id=\"b3373c5\" data-element_type=\"widget\" data-e-type=\"widget\" data-settings=\"{&quot;step_next_label&quot;:&quot;Dal\\u0161\\u00ed&quot;,&quot;step_previous_label&quot;:&quot;P\\u0159edchoz\\u00ed&quot;,&quot;button_width&quot;:&quot;100&quot;,&quot;step_type&quot;:&quot;number_text&quot;,&quot;step_icon_shape&quot;:&quot;circle&quot;}\" data-widget_type=\"form.default\">\n\t\t\t\t\t\t\t<form class=\"elementor-form\" method=\"post\" name=\"Nov\u00fd formul\u00e1\u0159\" aria-label=\"Nov\u00fd formul\u00e1\u0159\">\n\t\t\t<input type=\"hidden\" name=\"post_id\" value=\"25621\"\/>\n\t\t\t<input type=\"hidden\" name=\"form_id\" value=\"b3373c5\"\/>\n\t\t\t<input type=\"hidden\" name=\"referer_title\" value=\"\" \/>\n\n\t\t\t\n\t\t\t<div class=\"elementor-form-fields-wrapper elementor-labels-above\">\n\t\t\t\t\t\t\t\t<div class=\"elementor-field-type-text elementor-field-group elementor-column elementor-field-group-name elementor-col-100\">\n\t\t\t\t\t\t\t\t\t\t\t\t<label for=\"form-field-name\" class=\"elementor-field-label\">\n\t\t\t\t\t\t\t\tJm\u00e9no\t\t\t\t\t\t\t<\/label>\n\t\t\t\t\t\t\t\t\t\t\t\t\t\t<input size=\"1\" type=\"text\" name=\"form_fields[name]\" id=\"form-field-name\" class=\"elementor-field elementor-size-sm  elementor-field-textual\" placeholder=\"Jm\u00e9no\">\n\t\t\t\t\t\t\t\t\t\t\t<\/div>\n\t\t\t\t\t\t\t\t<div class=\"elementor-field-type-email elementor-field-group elementor-column elementor-field-group-email elementor-col-100 elementor-field-required\">\n\t\t\t\t\t\t\t\t\t\t\t\t<label for=\"form-field-email\" class=\"elementor-field-label\">\n\t\t\t\t\t\t\t\tE-mail\t\t\t\t\t\t\t<\/label>\n\t\t\t\t\t\t\t\t\t\t\t\t\t\t<input size=\"1\" type=\"email\" name=\"form_fields[email]\" id=\"form-field-email\" class=\"elementor-field elementor-size-sm  elementor-field-textual\" placeholder=\"E-mail\" required=\"required\">\n\t\t\t\t\t\t\t\t\t\t\t<\/div>\n\t\t\t\t\t\t\t\t<div class=\"elementor-field-group elementor-column elementor-field-type-submit elementor-col-100 e-form__buttons\">\n\t\t\t\t\t<button class=\"elementor-button elementor-size-sm elementor-animation-grow\" type=\"submit\">\n\t\t\t\t\t\t<span class=\"elementor-button-content-wrapper\">\n\t\t\t\t\t\t\t\t\t\t\t\t\t\t\t\t\t\t\t\t\t\t<span class=\"elementor-button-text\">Odemkn\u011bte cel\u00fd \u010dl\u00e1nek &amp; PDF nyn\u00ed<\/span>\n\t\t\t\t\t\t\t\t\t\t\t\t\t<\/span>\n\t\t\t\t\t<\/button>\n\t\t\t\t<\/div>\n\t\t\t<\/div>\n\t\t<\/form>\n\t\t\t\t\t\t<\/div>\n\t\t\t\t<\/div>\n\t\t<div class=\"elementor-element elementor-element-2a50bc0 e-con-full e-flex e-con e-child\" data-id=\"2a50bc0\" data-element_type=\"container\" data-e-type=\"container\">\n\t\t\t\t<div class=\"elementor-element elementor-element-3a47d76 elementor-widget elementor-widget-image\" data-id=\"3a47d76\" data-element_type=\"widget\" data-e-type=\"widget\" data-widget_type=\"image.default\">\n\t\t\t\t\t\t\t\t\t\t\t\t\t\t\t<img fetchpriority=\"high\" decoding=\"async\" width=\"742\" height=\"870\" src=\"https:\/\/www.zooza.online\/wp-content\/uploads\/2025\/05\/Ebook-Cs-1.jpg\" class=\"attachment-large size-large wp-image-25666\" alt=\"Ebook Cs\" srcset=\"https:\/\/www.zooza.online\/wp-content\/uploads\/2025\/05\/Ebook-Cs-1.jpg 742w, https:\/\/www.zooza.online\/wp-content\/uploads\/2025\/05\/Ebook-Cs-1-256x300.jpg 256w\" sizes=\"(max-width: 742px) 100vw, 742px\" title=\"\">\t\t\t\t\t\t\t\t\t\t\t\t\t\t\t<\/div>\n\t\t\t\t<\/div>\n\t\t\t\t\t<\/div>\n\t\t\t\t<\/div>\n\t\t<div class=\"elementor-element elementor-element-56a4540 e-flex e-con-boxed e-con e-parent\" data-id=\"56a4540\" data-element_type=\"container\" data-e-type=\"container\">\n\t\t\t\t\t<div class=\"e-con-inner\">\n\t\t\t\t<div class=\"elementor-element elementor-element-8ce12f5 elementor-widget elementor-widget-spacer\" data-id=\"8ce12f5\" data-element_type=\"widget\" data-e-type=\"widget\" data-widget_type=\"spacer.default\">\n\t\t\t\t\t\t\t<div class=\"elementor-spacer\">\n\t\t\t<div class=\"elementor-spacer-inner\"><\/div>\n\t\t<\/div>\n\t\t\t\t\t\t<\/div>\n\t\t\t\t<div class=\"elementor-element elementor-element-10450b5 elementor-widget elementor-widget-heading\" data-id=\"10450b5\" data-element_type=\"widget\" data-e-type=\"widget\" data-widget_type=\"heading.default\">\n\t\t\t\t\t<h2 class=\"elementor-heading-title elementor-size-default\"><h2><b>\ud83d\udcac PRO\u010c N\u00c1S POSLOUCHAT?<\/b><\/h2><\/h2>\t\t\t\t<\/div>\n\t\t\t\t<div class=\"elementor-element elementor-element-f502410 elementor-widget elementor-widget-text-editor\" data-id=\"f502410\" data-element_type=\"widget\" data-e-type=\"widget\" data-widget_type=\"text-editor.default\">\n\t\t\t\t\t\t\t\t\t<blockquote><p>&#8222;Syst\u00e9m sjednocuje provoz cel\u00e9 fran\u0161\u00edzy, tak\u017ee se nemus\u00edme zab\u00fdvat prodejn\u00edmi procesy \u2013 m\u016f\u017eeme se naplno soust\u0159edit na metodiku.&#8220;<br>&#8211; <strong>Sa\u0161a Ragas<\/strong>, Baby Balance<\/p><\/blockquote><blockquote><p>&#8222;Vybrali jsme si spole\u010dnost Zooza, proto\u017ee chceme zjednodu\u0161it a zefektivnit proces&#8230; a nab\u00eddnout na\u0161im student\u016fm prvot\u0159\u00eddn\u00ed z\u00e1\u017eitek.&#8220;<br>&#8211; <strong>Nomin Damdin<\/strong>, Nomin Jyuku<\/p><\/blockquote><blockquote><p>&#8222;Po t\u00e9m\u011b\u0159 roce spolupr\u00e1ce se spole\u010dnost\u00ed Zooza si velmi v\u00e1\u017e\u00edm jejich odhodl\u00e1n\u00ed inovovat a nab\u00edzet nov\u00e9 mo\u017enosti&#8230;&#8220;<br>&#8211; <strong>Filip Chodl<\/strong>, Pop Balet &amp; InDance<\/p><\/blockquote><blockquote><p>&#8222;Lidsk\u00fd p\u0159\u00edstup, intuitivn\u00ed interakce a neust\u00e1l\u00fd v\u00fdvoj &#8211; to v\u0161e se v jednom n\u00e1stroji najde jen z\u0159\u00eddka.&#8220;<br>&#8211; <strong>Leonard Alexandrovici<\/strong>, FasTracKids Romania<\/p><\/blockquote>\t\t\t\t\t\t\t\t<\/div>\n\t\t\t\t\t<\/div>\n\t\t\t\t<\/div>\n\t\t<div class=\"elementor-element elementor-element-f5e1b66 e-flex e-con-boxed e-con e-parent\" data-id=\"f5e1b66\" data-element_type=\"container\" data-e-type=\"container\">\n\t\t\t\t\t<div class=\"e-con-inner\">\n\t\t\t\t<div class=\"elementor-element elementor-element-8bfa4d0 elementor-widget elementor-widget-spacer\" data-id=\"8bfa4d0\" data-element_type=\"widget\" data-e-type=\"widget\" data-widget_type=\"spacer.default\">\n\t\t\t\t\t\t\t<div class=\"elementor-spacer\">\n\t\t\t<div class=\"elementor-spacer-inner\"><\/div>\n\t\t<\/div>\n\t\t\t\t\t\t<\/div>\n\t\t\t\t<div class=\"elementor-element elementor-element-b6e3a61 elementor-widget elementor-widget-heading\" data-id=\"b6e3a61\" data-element_type=\"widget\" data-e-type=\"widget\" data-widget_type=\"heading.default\">\n\t\t\t\t\t<h2 class=\"elementor-heading-title elementor-size-default\"><h2><b>\ud83d\udfe1 CO TE\u010e?<\/b><\/h2><\/h2>\t\t\t\t<\/div>\n\t\t\t\t<div class=\"elementor-element elementor-element-2e19cad elementor-widget elementor-widget-text-editor\" data-id=\"2e19cad\" data-element_type=\"widget\" data-e-type=\"widget\" data-widget_type=\"text-editor.default\">\n\t\t\t\t\t\t\t\t\t<blockquote><p data-pm-slice=\"1 1 []\">\ud83d\udd13  <em>Dal\u0161\u00ed n\u00e1stroj nepot\u0159ebujete. Pot\u0159ebujete partnera pro r\u016fst. <\/em><br>\ud83d\udce9 <a href=\"#download\">Odemkn\u011bte si celou studii<\/a> &#8211; a r\u016fst, kter\u00fd d\u00e1v\u00e1 smysl.<\/p><\/blockquote>\t\t\t\t\t\t\t\t<\/div>\n\t\t\t\t\t<\/div>\n\t\t\t\t<\/div>\n\t\t<div class=\"elementor-element elementor-element-676d355 e-flex e-con-boxed e-con e-parent\" data-id=\"676d355\" data-element_type=\"container\" data-e-type=\"container\">\n\t\t\t\t\t<div class=\"e-con-inner\">\n\t\t\t\t<div class=\"elementor-element elementor-element-3dd27ca elementor-widget elementor-widget-spacer\" data-id=\"3dd27ca\" data-element_type=\"widget\" data-e-type=\"widget\" data-widget_type=\"spacer.default\">\n\t\t\t\t\t\t\t<div class=\"elementor-spacer\">\n\t\t\t<div class=\"elementor-spacer-inner\"><\/div>\n\t\t<\/div>\n\t\t\t\t\t\t<\/div>\n\t\t\t\t\t<\/div>\n\t\t\t\t<\/div>\n\t\t\t\t<\/div>\n\t\t","protected":false},"excerpt":{"rendered":"<p>Zna\u010dky rostou. A&nbsp;vy? P\u0158\u00cdB\u011aH, KTER\u00dd JSTE NIKDY NEVID\u011aLI NAPSAN\u00dd PRO V\u00c1S. P\u0159edstavte si, \u017ee jste kone\u010dn\u011b vytvo\u0159ili n\u011bco, co funguje. Va\u0161e t\u0159\u00eddy funguj\u00ed hladce, rodi\u010de jsou spokojen\u00ed, instrukto\u0159i se usm\u00edvaj\u00ed. A p\u0159esto v\u00e1m st\u00e1le n\u011bco na\u0161ept\u00e1v\u00e1: &#8222;Co bude d\u00e1l?&#8220; N\u011bkde tam venku se ostatn\u00ed \u0161k\u00e1luj\u00ed. Fran\u0161\u00edzuj\u00ed. Automatizuj\u00ed. Vy zat\u00edm st\u00e1le \u0159e\u0161\u00edte v\u00fdjimku z platby, chyb\u011bj\u00edc\u00ed [&hellip;]<\/p>\n","protected":false},"author":2,"featured_media":0,"parent":0,"menu_order":0,"comment_status":"closed","ping_status":"closed","template":"","meta":{"_acf_changed":false,"footnotes":""},"class_list":["post-25621","page","type-page","status-publish","hentry"],"acf":[],"_links":{"self":[{"href":"https:\/\/www.zooza.online\/cs\/wp-json\/wp\/v2\/pages\/25621","targetHints":{"allow":["GET"]}}],"collection":[{"href":"https:\/\/www.zooza.online\/cs\/wp-json\/wp\/v2\/pages"}],"about":[{"href":"https:\/\/www.zooza.online\/cs\/wp-json\/wp\/v2\/types\/page"}],"author":[{"embeddable":true,"href":"https:\/\/www.zooza.online\/cs\/wp-json\/wp\/v2\/users\/2"}],"replies":[{"embeddable":true,"href":"https:\/\/www.zooza.online\/cs\/wp-json\/wp\/v2\/comments?post=25621"}],"version-history":[{"count":6,"href":"https:\/\/www.zooza.online\/cs\/wp-json\/wp\/v2\/pages\/25621\/revisions"}],"predecessor-version":[{"id":30949,"href":"https:\/\/www.zooza.online\/cs\/wp-json\/wp\/v2\/pages\/25621\/revisions\/30949"}],"wp:attachment":[{"href":"https:\/\/www.zooza.online\/cs\/wp-json\/wp\/v2\/media?parent=25621"}],"curies":[{"name":"wp","href":"https:\/\/api.w.org\/{rel}","templated":true}]}}