{"id":25727,"date":"2025-02-13T09:31:34","date_gmt":"2025-02-13T09:31:34","guid":{"rendered":"https:\/\/www.zooza.online\/pribehy-klientu\/tanecni-skola-indance-pop-balet-jak-zooza-zefektivnila-predni-tanecni-organizaci\/"},"modified":"2025-05-21T04:09:08","modified_gmt":"2025-05-21T04:09:08","slug":"tanecni-skola-indance-pop-balet-jak-zooza-zefektivnila-predni-tanecni-organizaci","status":"publish","type":"page","link":"https:\/\/www.zooza.online\/cs\/pribehy-klientu\/tanecni-skola-indance-pop-balet-jak-zooza-zefektivnila-predni-tanecni-organizaci\/","title":{"rendered":"Tane\u010dn\u00ed \u0161kola InDance &amp; Pop Balet: Jak Zooza zefektivnila p\u0159edn\u00ed tane\u010dn\u00ed organizaci"},"content":{"rendered":"&#13;\n<h1 class=\"wp-block-heading\" data-pm-slice=\"1 1 []\"><strong>Jak Zooza nahradila des\u00edtky n\u00e1stroj\u016f a zefektivnila provoz<\/strong><\/h1>&#13;\n&#13;\n<p style=\"text-align: center;\"><strong>V\u00edce ne\u017e 20 m\u00edst | Des\u00edtky tane\u010dn\u00edch program\u016f<\/strong><\/p>&#13;\n&#13;\n<p class=\"wp-block-heading\" style=\"text-align: center;\"><strong>Category:<\/strong> Dance School<\/p>&#13;\n&#13;\n<p style=\"text-align: center;\"><strong>Zem\u011b:<\/strong> \u010cesk\u00e1 republika<\/p>&#13;\n<p class=\"p1\"><b>C\u00edle: <\/b>Zjednodu\u0161it spr\u00e1vu tane\u010dn\u00edch kurz\u016f, workshop\u016f a velk\u00fdch akc\u00ed t\u00edm, \u017ee se sn\u00ed\u017e\u00ed po\u010det d\u00edl\u010d\u00edch, jedno\u00fa\u010delov\u00fdch n\u00e1stroj\u016f, kter\u00e9 byly d\u0159\u00edve nutn\u00e9.<\/p>&#13;\n<p class=\"p1\"><b>Chalenges: <\/b>Tane\u010dn\u00ed \u0161kola InDance &amp; Pop Balet p\u016fsob\u00ed pod n\u011bkolika zna\u010dkami a nab\u00edz\u00ed pestrou \u0161k\u00e1lu tane\u010dn\u00edch kurz\u016f, workshop\u016f a velk\u00fdch akc\u00ed. \u0158\u00edzen\u00ed tak rozs\u00e1hl\u00e9ho provozu bylo st\u00e1le slo\u017eit\u011bj\u0161\u00ed. <\/p>&#13;\n<p>\u00a0<\/p>&#13;\n&#13;\n<h2 class=\"wp-block-heading\"><strong>&#8222;Pot\u0159ebovali jsme \u0159e\u0161en\u00ed, kter\u00e9 by n\u00e1m rozum\u011blo&#8220;<\/strong><\/h2>&#13;\n&#13;\n<p>InDance &amp; Pop Balet pat\u0159\u00ed k nejv\u011bt\u0161\u00edm tane\u010dn\u00edm organizac\u00edm v \u010cesk\u00e9 republice, p\u016fsob\u00ed pod n\u011bkolika zna\u010dkami a nab\u00edz\u00ed pestrou \u0161k\u00e1lu tane\u010dn\u00edch kurz\u016f, workshop\u016f a velk\u00fdch akc\u00ed. \u0158\u00edzen\u00ed tak rozs\u00e1hl\u00e9ho provozu bylo st\u00e1le slo\u017eit\u011bj\u0161\u00ed. <\/p>&#13;\n&#13;\n<p>Vyzkou\u0161eli v\u00edce n\u00e1stroj\u016f, ale \u017e\u00e1dn\u00fd z nich neposkytoval komplexn\u00ed \u0159e\u0161en\u00ed &#8211; dokud nena\u0161li Zoozu. Po \u0161estim\u011bs\u00ed\u010dn\u00ed anal\u00fdze trhu se rozhodli pro p\u0159echod ze t\u0159\u00ed kl\u00ed\u010dov\u00fdch d\u016fvod\u016f: <\/p>&#13;\n\r\n<ol class=\"wp-block-list\">&#13;\n<li><strong>P\u0159izp\u016fsoben\u00ed na m\u00edru:<\/strong> Zooza \u0159e\u0161ila jejich jedine\u010dn\u00e9 po\u017eadavky l\u00e9pe ne\u017e jak\u00fdkoli jin\u00fd poskytovatel.<\/li>&#13;\n\r\n\r\n&#13;\n<li><strong>Komunikace a podpora:<\/strong> Osobn\u00ed p\u0159\u00edstup t\u00fdmu Zooza, kter\u00fd se zam\u011b\u0159uje na \u0159e\u0161en\u00ed, byl obrovsk\u00fdm p\u0159\u00ednosem.<\/li>&#13;\n\r\n\r\n&#13;\n<li><strong>Rychlost a efektivita:<\/strong> N\u00e1stup a implementace prob\u011bhly hladce a syst\u00e9m se p\u0159izp\u016fsobil jejich pot\u0159eb\u00e1m.<\/li>&#13;\n<\/ol>\r\n&#13;\n<p>&#8222;Po \u0161esti m\u011bs\u00edc\u00edch pr\u016fzkumu trhu jsme se rozhodli pro spole\u010dnost Zooza ze t\u0159\u00ed hlavn\u00edch d\u016fvod\u016f. Za prv\u00e9, kladn\u011b reagovali na \u0161irokou \u0161k\u00e1lu na\u0161ich intern\u00edch syst\u00e9mov\u00fdch po\u017eadavk\u016f, co\u017e jsme u jin\u00fdch poskytovatel\u016f nena\u0161li. Za druh\u00e9 jsme ocenili kulturu komunikace a spolupr\u00e1ce s t\u00fdmem spole\u010dnosti Zooza. A kone\u010dn\u011b rychlost a efektivita cel\u00e9ho procesu splnila na\u0161e o\u010dek\u00e1v\u00e1n\u00ed.&#8220;<\/p>&#13;\n&#13;\n<p>&#8222;Po t\u00e9m\u011b\u0159 ro\u010dn\u00edm p\u016fsoben\u00ed ve spole\u010dnosti Zooza si velmi v\u00e1\u017e\u00edm jej\u00edho odhodl\u00e1n\u00ed k inovac\u00edm a nov\u00fdm mo\u017enostem, kter\u00e9 jsou v dne\u0161n\u00edm prost\u0159ed\u00ed nezbytn\u00e9.&#8220;_ &#8211; <strong>Filip Chodl, p\u0159edseda p\u0159edstavenstva spole\u010dnosti Pop Balet &amp; InDance<\/strong><\/p>&#13;\n<p>\u00a0<\/p>&#13;\n&#13;\n<h2 class=\"wp-block-heading\"><strong>Jak Zooza zm\u011bnila situaci<\/strong><\/h2>&#13;\n&#13;\n<h3 class=\"wp-block-heading\"><strong>1. Pln\u011b integrovan\u00e1 online rezervace<\/strong><\/h3>&#13;\n&#13;\n<p>Spole\u010dnost InDance &amp; Pop Balet implementovala rezerva\u010dn\u00ed syst\u00e9m spole\u010dnosti Zooza p\u0159\u00edmo na sv\u00e9 webov\u00e9 str\u00e1nky a integrovala pokro\u010dil\u00e9 funkce vyhled\u00e1v\u00e1n\u00ed, p\u0159izp\u016fsoben\u00ed API a bezprobl\u00e9movou registraci do kurz\u016f. Jejich vlastn\u00ed v\u00fdvoj\u00e1\u0159i po konzultaci se spole\u010dnost\u00ed Zooza zajistili, aby byl rezerva\u010dn\u00ed syst\u00e9m hladk\u00fd a pln\u011b v souladu s jejich zna\u010dkou. <\/p>&#13;\n&#13;\n<p>\ud83d\udca1 <strong>Dopad:<\/strong> V\u00edce konverz\u00ed, siln\u011bj\u0161\u00ed p\u0159\u00edtomnost zna\u010dky a bezchybn\u00e1 cesta z\u00e1kazn\u00edka. D\u00edky technologii Immersive Booking Engine\u2122 spole\u010dnosti Zooza z\u016fst\u00e1vaj\u00ed klienti na webov\u00fdch str\u00e1nk\u00e1ch po celou dobu registrace. Tato konzistence posiluje zna\u010dku, zvy\u0161uje d\u016fv\u011bru a m\u00e1 potenci\u00e1l zv\u00fd\u0161it prodeje.  <\/p>&#13;\n<blockquote class=\"wp-block-quote is-layout-flow wp-block-quote-is-layout-flow\">&#13;\n<figure class=\"wp-block-image size-large\"><img fetchpriority=\"high\" decoding=\"async\" width=\"1024\" height=\"694\" class=\"wp-image-23410\" src=\"https:\/\/www.zooza.online\/wp-content\/uploads\/2025\/02\/Registration_form_client_booking_journey_IN_DANCE_POP_BALET_DANCE_SCHOOL_ZOOZA-1-1024x694.gif\" alt=\"\" title=\"\" srcset=\"https:\/\/www.zooza.online\/wp-content\/uploads\/2025\/02\/Registration_form_client_booking_journey_IN_DANCE_POP_BALET_DANCE_SCHOOL_ZOOZA-1-1024x694.gif 1024w, https:\/\/www.zooza.online\/wp-content\/uploads\/2025\/02\/Registration_form_client_booking_journey_IN_DANCE_POP_BALET_DANCE_SCHOOL_ZOOZA-1-300x203.gif 300w, https:\/\/www.zooza.online\/wp-content\/uploads\/2025\/02\/Registration_form_client_booking_journey_IN_DANCE_POP_BALET_DANCE_SCHOOL_ZOOZA-1-767x520.gif 767w, https:\/\/www.zooza.online\/wp-content\/uploads\/2025\/02\/Registration_form_client_booking_journey_IN_DANCE_POP_BALET_DANCE_SCHOOL_ZOOZA-1-1536x1041.gif 1536w\" sizes=\"(max-width: 1024px) 100vw, 1024px\" \/><\/figure>&#13;\n<\/blockquote><\/blockquote>\n<p><!-- \/wp:post-content --><\/p>\n<p><!-- wp:heading {\"level\":4} --><\/p>\n<h3> <\/h3>\n<h3 class=\"wp-block-heading\"><strong>2. Zna\u010dkov\u00e1 klientsk\u00e1 z\u00f3na<\/strong><\/h3>\n<p><!-- \/wp:heading --><\/p>\n<p><!-- wp:paragraph --><\/p>\n<p>Aplikace <strong>ParentFlow Connect\u2122<\/strong> spole\u010dnosti Zooza prom\u011bnila klientskou z\u00f3nu spole\u010dnosti Pop Balet v roz\u0161\u00ed\u0159en\u00ed jej\u00ed zna\u010dky. Rodi\u010de maj\u00ed p\u0159\u00edstup k rozvrh\u016fm, platb\u00e1m a komunikaci &#8211; to v\u0161e bez nutnosti samostatn\u00e9ho p\u0159ihl\u00e1\u0161en\u00ed. <\/p>\n<p><!-- \/wp:paragraph --><\/p>\n<p><!-- wp:paragraph --><\/p>\n<p>\u2728 <strong>Pro\u010d to funguje:<\/strong><\/p>\n<p><!-- \/wp:paragraph --><\/p>\n<p><!-- wp:list --><\/p>\n<ul class=\"wp-block-list\"><!-- wp:list-item --><\/p>\n<li>Zapojuje rodi\u010de s pln\u011b zna\u010dkov\u00fdm z\u00e1\u017eitkem<\/li>\n<p><!-- \/wp:list-item --><\/p>\n<p><!-- wp:list-item --><\/p>\n<li>Sni\u017euje pracovn\u00ed z\u00e1t\u011b\u017e administr\u00e1tor\u016f t\u00edm, \u017ee automaticky zpracov\u00e1v\u00e1 80-90 % dotaz\u016f klient\u016f.<\/li>\n<p><!-- \/wp:list-item --><\/p>\n<p><!-- wp:list-item --><\/p>\n<li>Posiluje SEO t\u00edm, \u017ee v\u0161echny interakce z\u016fst\u00e1vaj\u00ed na jejich webov\u00fdch str\u00e1nk\u00e1ch.<\/li>\n<p><!-- \/wp:list-item --><\/ul>\n<p><!-- \/wp:list --><\/p>\n<p><!-- wp:paragraph --><\/p>\n<p>Se Zooza je online p\u0159\u00edtomnost zna\u010dky siln\u011bj\u0161\u00ed. Syst\u00e9m je pln\u011b p\u0159izp\u016fsoben jedine\u010dn\u00e9 identit\u011b na\u0161\u00ed \u0161koly, tak\u017ee ka\u017ed\u00e1 interakce p\u016fsob\u00ed osobn\u011b a profesion\u00e1ln\u011b. <\/p>\n<p><!-- \/wp:paragraph --><\/p>\n<p><!-- wp:image {\"id\":23422,\"sizeSlug\":\"large\",\"linkDestination\":\"none\"} --><\/p>\n<figure class=\"wp-block-image size-large\"><img decoding=\"async\" width=\"1024\" height=\"694\" class=\"wp-image-23422\" src=\"https:\/\/www.zooza.online\/wp-content\/uploads\/2025\/02\/PROFILE_IN_DANCE_POP_BALET_DANCE_SCHOOL_ZOOZA-1-1024x694.gif\" alt=\"\" title=\"\" srcset=\"https:\/\/www.zooza.online\/wp-content\/uploads\/2025\/02\/PROFILE_IN_DANCE_POP_BALET_DANCE_SCHOOL_ZOOZA-1-1024x694.gif 1024w, https:\/\/www.zooza.online\/wp-content\/uploads\/2025\/02\/PROFILE_IN_DANCE_POP_BALET_DANCE_SCHOOL_ZOOZA-1-300x203.gif 300w, https:\/\/www.zooza.online\/wp-content\/uploads\/2025\/02\/PROFILE_IN_DANCE_POP_BALET_DANCE_SCHOOL_ZOOZA-1-767x520.gif 767w, https:\/\/www.zooza.online\/wp-content\/uploads\/2025\/02\/PROFILE_IN_DANCE_POP_BALET_DANCE_SCHOOL_ZOOZA-1-1536x1041.gif 1536w\" sizes=\"(max-width: 1024px) 100vw, 1024px\" \/><\/figure>\n<p><!-- \/wp:image --><\/p>\n<p><!-- wp:heading {\"level\":3} --><\/p>\n<p>&nbsp;<\/p>\n<h2 class=\"wp-block-heading\" style=\"text-align: center;\"><strong>V\u00edce \u010dasu na to, na \u010dem z\u00e1le\u017e\u00ed: Tane\u010dn\u00ed<\/strong><\/h2>\n<p><!-- \/wp:heading --><\/p>\n<p><!-- wp:paragraph --><\/p>\n<p>D\u00edky aplikaci Zooza ji\u017e spole\u010dnost InDance &amp; Pop Balet nemus\u00ed \u017eonglovat s n\u011bkolika n\u00e1stroji, tabulkami a manu\u00e1ln\u00edmi procesy. M\u00edsto toho se soust\u0159ed\u00ed na svou v\u00e1\u0161e\u0148: poskytov\u00e1n\u00ed \u0161pi\u010dkov\u00e9ho tane\u010dn\u00edho vzd\u011bl\u00e1v\u00e1n\u00ed. <\/p>\n<p><!-- \/wp:paragraph --><\/p>\n<p><!-- wp:paragraph --><\/p>\n<p>Zooza neposkytuje pouze software &#8211; umo\u017e\u0148uje tane\u010dn\u00edm \u0161kol\u00e1m r\u016fst, p\u0159izp\u016fsobovat se a inovovat. A jak se sv\u011bt d\u011btsk\u00fdch aktivit vyv\u00edj\u00ed, Zooza se vyv\u00edj\u00ed s n\u00edm. <\/p>\n<p><!-- \/wp:paragraph --><\/p>\n<p><!-- wp:paragraph --><\/p>\n<p>\ud83d\ude80 <strong>Je va\u0161e tane\u010dn\u00ed \u0161kola p\u0159ipravena na zjednodu\u0161en\u00ed provozu a snadn\u00e9 roz\u0161\u00ed\u0159en\u00ed?<\/strong> Poj\u010fme si promluvit!<\/p>\n<p><!-- \/wp:paragraph --><\/p>\n","protected":false},"excerpt":{"rendered":"<p>&#13; Jak Zooza nahradila des\u00edtky n\u00e1stroj\u016f a zefektivnila provoz &#13; &#13; V\u00edce ne\u017e 20 m\u00edst | Des\u00edtky tane\u010dn\u00edch program\u016f &#13; &#13; Category: Dance School &#13; &#13; Zem\u011b: \u010cesk\u00e1 republika &#13; C\u00edle: Zjednodu\u0161it spr\u00e1vu tane\u010dn\u00edch kurz\u016f, workshop\u016f a velk\u00fdch akc\u00ed t\u00edm, \u017ee se sn\u00ed\u017e\u00ed po\u010det d\u00edl\u010d\u00edch, jedno\u00fa\u010delov\u00fdch n\u00e1stroj\u016f, kter\u00e9 byly d\u0159\u00edve nutn\u00e9. &#13; Chalenges: Tane\u010dn\u00ed \u0161kola [&hellip;]<\/p>\n","protected":false},"author":2,"featured_media":0,"parent":22224,"menu_order":0,"comment_status":"closed","ping_status":"closed","template":"","meta":{"_acf_changed":false,"footnotes":""},"class_list":["post-25727","page","type-page","status-publish","hentry"],"acf":[],"_links":{"self":[{"href":"https:\/\/www.zooza.online\/cs\/wp-json\/wp\/v2\/pages\/25727","targetHints":{"allow":["GET"]}}],"collection":[{"href":"https:\/\/www.zooza.online\/cs\/wp-json\/wp\/v2\/pages"}],"about":[{"href":"https:\/\/www.zooza.online\/cs\/wp-json\/wp\/v2\/types\/page"}],"author":[{"embeddable":true,"href":"https:\/\/www.zooza.online\/cs\/wp-json\/wp\/v2\/users\/2"}],"replies":[{"embeddable":true,"href":"https:\/\/www.zooza.online\/cs\/wp-json\/wp\/v2\/comments?post=25727"}],"version-history":[{"count":1,"href":"https:\/\/www.zooza.online\/cs\/wp-json\/wp\/v2\/pages\/25727\/revisions"}],"predecessor-version":[{"id":25728,"href":"https:\/\/www.zooza.online\/cs\/wp-json\/wp\/v2\/pages\/25727\/revisions\/25728"}],"up":[{"embeddable":true,"href":"https:\/\/www.zooza.online\/cs\/wp-json\/wp\/v2\/pages\/22224"}],"wp:attachment":[{"href":"https:\/\/www.zooza.online\/cs\/wp-json\/wp\/v2\/media?parent=25727"}],"curies":[{"name":"wp","href":"https:\/\/api.w.org\/{rel}","templated":true}]}}