{"id":25752,"date":"2025-03-21T11:12:52","date_gmt":"2025-03-21T11:12:52","guid":{"rendered":"https:\/\/www.zooza.online\/pribehy-klientu\/pribeh-klienta-baby-balance-od-300-klientu-k-nadnarodni-znacce-se-zoozou\/"},"modified":"2025-05-21T04:19:09","modified_gmt":"2025-05-21T04:19:09","slug":"pribeh-klienta-baby-balance-od-300-klientu-k-nadnarodni-znacce-se-zoozou","status":"publish","type":"page","link":"https:\/\/www.zooza.online\/cs\/pribehy-klientu\/pribeh-klienta-baby-balance-od-300-klientu-k-nadnarodni-znacce-se-zoozou\/","title":{"rendered":"P\u0159\u00edb\u011bh klienta: Baby Balance: od 300 klient\u016f k nadn\u00e1rodn\u00ed zna\u010dce se Zoozou"},"content":{"rendered":"\n<p><strong>&#8222;Pot\u0159ebovali jsme syst\u00e9m. S tolika registracemi jsme u\u017e nemohli v\u0161e spravovat ru\u010dn\u011b. Zooza vysly\u0161ela na\u0161e pot\u0159eby v t\u00e9to velmi specifick\u00e9 oblasti p\u0159ed\u0161koln\u00edho vzd\u011bl\u00e1v\u00e1n\u00ed a aktivit pro rodi\u010de a d\u011bti.&#8220;<\/strong><br \/>&#8211; <em>Sa\u0161a Ragas, zakladatel Baby Balance<\/em><\/p>\n\n<p>Spole\u010dnost Baby Balance vznikla v roce 2016, kdy jej\u00ed zakladatel Sa\u0161a Ragas pracoval s p\u0159ibli\u017en\u011b 300 klienty a n\u011bkolika instruktory. To, co za\u010dalo jako lok\u00e1ln\u00ed zna\u010dka zam\u011b\u0159en\u00e1 na zdrav\u00fd psychomotorick\u00fd v\u00fdvoj kojenc\u016f a mal\u00fdch d\u011bt\u00ed, se od t\u00e9 doby rozrostlo v nadn\u00e1rodn\u00ed fran\u0161\u00edzu s des\u00edtkami pobo\u010dek a partner\u016f nap\u0159\u00ed\u010d zem\u011bmi. <\/p>\n\n<div style=\"height:100px\" aria-hidden=\"true\" class=\"wp-block-spacer\"><\/div>\n\n<h3 class=\"wp-block-heading\"><strong>F\u00e1ze 1: \u0158\u00edzen\u00ed m\u00edstn\u00ed popt\u00e1vky  <\/strong><\/h3>\n\n<p>Zpo\u010d\u00e1tku byly pot\u0159eby jednoduch\u00e9, ale intenzivn\u00ed: zvl\u00e1dnout v\u00edce ne\u017e 1 000 dotaz\u016f m\u011bs\u00ed\u010dn\u011b od rodi\u010d\u016f, kte\u0159\u00ed cht\u011bli v\u011bd\u011bt, kde a kdy mohou nav\u0161t\u011bvovat kurzy, ke kter\u00e9mu instruktorovi jsou p\u0159i\u0159azeni a jak zm\u011bnit term\u00edn nebo zaplatit, pokud je jejich d\u00edt\u011b nemocn\u00e9. Administrativn\u00ed \u00fakoly byly ohromuj\u00edc\u00ed. <\/p>\n\n<p><strong>\u0158e\u0161en\u00ed pomoc\u00ed aplikace Zooza:<\/strong><\/p>\n\n<ul class=\"wp-block-list\">\n<li><strong>Registrace:<\/strong> Pln\u011b vlo\u017een\u00fd registra\u010dn\u00ed formul\u00e1\u0159 na webov\u00fdch str\u00e1nk\u00e1ch Baby Balance pomohl rodi\u010d\u016fm snadno vybrat spr\u00e1vnou skupinu podle v\u011bku a zobrazit voln\u00e9 \u010dasov\u00e9 intervaly podle kapacity.<\/li>\n\n\n\n<li><strong>Seznam \u010dekatel\u016f a ozn\u00e1men\u00ed:<\/strong> Integrovan\u00fd \u010dekac\u00ed seznam s automatick\u00fdmi aktualizacemi a upom\u00ednkami.<\/li>\n\n\n\n<li><strong>Rodi\u010dovsk\u00e1 z\u00f3na:<\/strong> Zooza umo\u017enila &#8222;rodi\u010dovsk\u00fd profil&#8220; vlo\u017een\u00fd p\u0159\u00edmo do webov\u00fdch str\u00e1nek, kde rodi\u010de mohli spravovat doch\u00e1zku, platby a podrobnosti o t\u0159\u00edd\u011b, ani\u017e by pot\u0159ebovali heslo &#8211; d\u00edky inovativn\u00edmu p\u0159ihl\u00e1\u0161en\u00ed pomoc\u00ed <strong>kouzeln\u00e9ho odkazu<\/strong>.<\/li>\n<\/ul>\n\n<div style=\"height:100px\" aria-hidden=\"true\" class=\"wp-block-spacer\"><\/div>\n\n<h3 class=\"wp-block-heading\"><strong>F\u00e1ze 2: Roz\u0161i\u0159ov\u00e1n\u00ed pomoc\u00ed fran\u0161\u00edz<\/strong><\/h3>\n\n<p>Jakmile si koncept Baby Balance z\u00edskal popularitu, za\u010dal p\u0159itahovat podnikatele, kte\u0159\u00ed m\u011bli z\u00e1jem o fran\u0161\u00edzing zna\u010dky. Ale fran\u0161\u00edzing nen\u00ed jen o metodice &#8211; je to o procesech. Ka\u017ed\u00e1 nov\u00e1 fran\u0161\u00edza zd\u011bdila technologii Zooza a syst\u00e9my p\u0159ipraven\u00e9 k pou\u017eit\u00ed.  <\/p>\n\n<p><strong>Kl\u00ed\u010dov\u00e9 vlastnosti podporuj\u00edc\u00ed r\u016fst:<\/strong><\/p>\n\n<ul class=\"wp-block-list\">\n<li><strong>Jednotn\u00fd management fran\u0161\u00edz:<\/strong> Jeden n\u00e1stroj pro v\u0161echny fran\u0161\u00edzy se standardizovan\u00fdmi p\u0159ehledy a prodejn\u00edmi syst\u00e9my.<\/li>\n\n\n\n<li><strong>S\u00ed\u0165ov\u00e9 hl\u00e1\u0161en\u00ed:<\/strong> S\u00ed\u0165ov\u00e1 s\u00ed\u0165: P\u0159ehled dat pro management nap\u0159\u00ed\u010d lokalitami.<\/li>\n\n\n\n<li><strong>Funkce nap\u0159\u00ed\u010d fran\u0161\u00edzami:<\/strong> Mo\u017enost spravovat n\u00e1hradn\u00ed t\u0159\u00eddy mezi lokalitami.<\/li>\n\n\n\n<li><strong>Podpora prodeje:<\/strong> Zobrazen\u00ed aktu\u00e1ln\u00edch kurz\u016f na v\u0161ech m\u00edstech, co\u017e zjednodu\u0161uje rozhodov\u00e1n\u00ed klient\u016f.<\/li>\n\n\n\n<li><strong>Kontrola zna\u010dky:<\/strong> Centralizovan\u00e9 \u0161ablony a komunika\u010dn\u00ed n\u00e1stroje zaji\u0161\u0165uj\u00ed konzistentn\u00ed vyj\u00e1d\u0159en\u00ed zna\u010dky.<\/li>\n\n\n\n<li><strong>Lokalizace:<\/strong> Podpora r\u016fzn\u00fdch zem\u00ed, m\u011bn, platebn\u00edch preferenc\u00ed a st\u00e1tn\u00edch sv\u00e1tk\u016f.<\/li>\n\n\n\n<li><strong>P\u0159\u00edstup k rozhran\u00ed API:<\/strong> S r\u016fstem zna\u010dky byly pot\u0159eby pokro\u010dil\u00e9 integrace uspokojeny pomoc\u00ed dokumentace pro v\u00fdvoj\u00e1\u0159e a vestav\u011bn\u00fdch n\u00e1stroj\u016f spole\u010dnosti Zooza.<\/li>\n<\/ul>\n\n<div style=\"height:100px\" aria-hidden=\"true\" class=\"wp-block-spacer\"><\/div>\n\n<h3 class=\"wp-block-heading\"><strong>F\u00e1ze 3: Pokro\u010dil\u00e9 operace s v\u00edce ne\u017e 1 000 klienty<\/strong><\/h3>\n\n<p>S rozmachem p\u0159i\u0161la i slo\u017eitost &#8211; a Zooza s Baby Balance d\u00e1le rostla.<\/p>\n\n<p><strong>Pou\u017eit\u00ed pokro\u010dil\u00fdch n\u00e1stroj\u016f:<\/strong><\/p>\n\n<ul class=\"wp-block-list\">\n<li><strong>CRM a spr\u00e1va cest klient\u016f<\/strong><\/li>\n\n\n\n<li><strong>Marketingov\u00e1 komunikace a automatick\u00e9 upom\u00ednky<\/strong><\/li>\n\n\n\n<li><strong>Roz\u0161\u00ed\u0159en\u00e1 nab\u00eddka:<\/strong> Od osobn\u00edch kurz\u016f po webov\u00e9 semin\u00e1\u0159e a \u017eiv\u00e9 p\u0159enosy.<\/li>\n\n\n\n<li><strong>HR reporting:<\/strong> V\u00fdpo\u010det odm\u011bn lektor\u016f na z\u00e1klad\u011b d\u00e9lky praxe, typ\u016f t\u0159\u00edd, zru\u0161en\u00ed a suplov\u00e1n\u00ed.<\/li>\n\n\n\n<li><strong>Spr\u00e1va p\u0159\u00edstupu:<\/strong> Sofistikovan\u00e1 opr\u00e1vn\u011bn\u00ed nap\u0159\u00ed\u010d t\u00fdmy a lokalitami.<\/li>\n\n\n\n<li><strong>Spr\u00e1va kalend\u00e1\u0159e:<\/strong> Rychl\u00e1 zru\u0161en\u00ed, z\u00e1skoky a \u010dast\u00e9 zm\u011bny rozvrhu.<\/li>\n\n\n\n<li><strong>Integrace fakturace a \u00fa\u010detnictv\u00ed<\/strong><\/li>\n\n\n\n<li><strong>Vlastn\u00ed p\u0159ehledy Dashboards<\/strong><\/li>\n<\/ul>\n\n<div style=\"height:100px\" aria-hidden=\"true\" class=\"wp-block-spacer\"><\/div>\n\n<p><strong>&#8222;Bylo tam p\u0159\u00edli\u0161 mnoho administrativy. Se Zoozou je v\u0161e automatizovan\u00e9. Spravuje v\u011bt\u0161inu na\u0161ich aktivit &#8211; od b\u011b\u017en\u00fdch kurz\u016f po workshopy, \u017eiv\u00e9 vys\u00edl\u00e1n\u00ed a ud\u00e1losti. Syst\u00e9m sjednocuje fran\u0161\u00edzov\u00e9 operace, tak\u017ee nemus\u00edme p\u0159em\u00fd\u0161let o prodejn\u00edch procesech &#8211; m\u00edsto toho se m\u016f\u017eeme soust\u0159edit na metodiku. Zooza vypad\u00e1 a funguje jako n\u00e1stroj na m\u00edru, ale za zlomek ceny.&#8220;<\/strong><br \/>&#8211; <em>Sa\u0161a Ragas, zakladatel spole\u010dnosti Baby Balance<\/em><\/p>\n\n<p><strong>O produktu Baby Balance:<\/strong> Skupinov\u00e9 lekce pro miminka a d\u011bti od narozen\u00ed do 6 let zam\u011b\u0159en\u00e9 na zdrav\u00fd psychomotorick\u00fd v\u00fdvoj a soci\u00e1ln\u011b-emocion\u00e1ln\u00ed r\u016fst. Spole\u010dnost Baby Balance, kter\u00e1 p\u016fsob\u00ed v mnoha zem\u00edch, podporuje prevenci, pohyb a ranou p\u00e9\u010di o d\u011bti &#8211; a nyn\u00ed tak \u010din\u00ed s pomoc\u00ed syst\u00e9mu Zooza. <\/p>\n\n<p>V\u00edce informac\u00ed na <a href=\"https:\/\/www.babybalance.sk\" target=\"_blank\" rel=\"noopener\">babybalance.sk<\/a><\/p>\n","protected":false},"excerpt":{"rendered":"<p>&#8222;Pot\u0159ebovali jsme syst\u00e9m. S tolika registracemi jsme u\u017e nemohli v\u0161e spravovat ru\u010dn\u011b. Zooza vysly\u0161ela na\u0161e pot\u0159eby v t\u00e9to velmi specifick\u00e9 oblasti p\u0159ed\u0161koln\u00edho vzd\u011bl\u00e1v\u00e1n\u00ed a aktivit pro rodi\u010de a d\u011bti.&#8220;&#8211; Sa\u0161a Ragas, zakladatel Baby Balance Spole\u010dnost Baby Balance vznikla v roce 2016, kdy jej\u00ed zakladatel Sa\u0161a Ragas pracoval s p\u0159ibli\u017en\u011b 300 klienty a n\u011bkolika instruktory. To, [&hellip;]<\/p>\n","protected":false},"author":2,"featured_media":0,"parent":22224,"menu_order":0,"comment_status":"closed","ping_status":"closed","template":"","meta":{"_acf_changed":false,"footnotes":""},"class_list":["post-25752","page","type-page","status-publish","hentry"],"acf":[],"_links":{"self":[{"href":"https:\/\/www.zooza.online\/cs\/wp-json\/wp\/v2\/pages\/25752","targetHints":{"allow":["GET"]}}],"collection":[{"href":"https:\/\/www.zooza.online\/cs\/wp-json\/wp\/v2\/pages"}],"about":[{"href":"https:\/\/www.zooza.online\/cs\/wp-json\/wp\/v2\/types\/page"}],"author":[{"embeddable":true,"href":"https:\/\/www.zooza.online\/cs\/wp-json\/wp\/v2\/users\/2"}],"replies":[{"embeddable":true,"href":"https:\/\/www.zooza.online\/cs\/wp-json\/wp\/v2\/comments?post=25752"}],"version-history":[{"count":2,"href":"https:\/\/www.zooza.online\/cs\/wp-json\/wp\/v2\/pages\/25752\/revisions"}],"predecessor-version":[{"id":25754,"href":"https:\/\/www.zooza.online\/cs\/wp-json\/wp\/v2\/pages\/25752\/revisions\/25754"}],"up":[{"embeddable":true,"href":"https:\/\/www.zooza.online\/cs\/wp-json\/wp\/v2\/pages\/22224"}],"wp:attachment":[{"href":"https:\/\/www.zooza.online\/cs\/wp-json\/wp\/v2\/media?parent=25752"}],"curies":[{"name":"wp","href":"https:\/\/api.w.org\/{rel}","templated":true}]}}