{"id":25917,"date":"2025-05-22T11:30:31","date_gmt":"2025-05-22T11:30:31","guid":{"rendered":"https:\/\/www.zooza.online\/?page_id=25917"},"modified":"2025-05-22T11:36:20","modified_gmt":"2025-05-22T11:36:20","slug":"zasady-ochrany-osobnich-udaju-poskytovatele","status":"publish","type":"page","link":"https:\/\/www.zooza.online\/cs\/zasady-ochrany-osobnich-udaju-poskytovatele\/","title":{"rendered":"Z\u00e1sady ochrany osobn\u00edch \u00fadaj\u016f Poskytovatele"},"content":{"rendered":"\n<p>Osobn\u00ed \u00fadaje zpracov\u00e1v\u00e1me v souladu s Na\u0159\u00edzen\u00edm Evropsk\u00e9ho parlamentu a Rady (EU) \u010d. 2016\/679 o ochran\u011b fyzick\u00fdch osob v souvislosti se zpracov\u00e1n\u00edm osobn\u00edch \u00fadaj\u016f a o voln\u00e9m pohybu t\u011bchto \u00fadaj\u016f (d\u00e1le jen \u201eNa\u0159\u00edzen\u00ed\u201c) a z\u00e1konem \u010d. 110\/2019 Sb., o zpracov\u00e1n\u00ed osobn\u00edch \u00fadaj\u016f (d\u00e1le jen \u201ez\u00e1kon o ochran\u011b osobn\u00edch \u00fadaj\u016f\u201c). Bezpe\u010dnost osobn\u00edch \u00fadaj\u016f a jejich z\u00e1konn\u00e9 zpracov\u00e1n\u00ed jsou pro n\u00e1s prioritou. N\u00ed\u017ee se dozv\u00edte, jak zpracov\u00e1v\u00e1me Va\u0161e osobn\u00ed \u00fadaje a jak zaji\u0161\u0165ujeme jejich ochranu.<\/p>\n\n\n\n<p><strong>1. NA\u0160E \u00daDAJE<\/strong><\/p>\n\n\n\n<p>Kdo jsme?<\/p>\n\n\n\n<p>Spr\u00e1vcem osobn\u00edch \u00fadaj\u016f je:<br>Obchodn\u00ed jm\u00e9no: Zooza s. r. o.<br>Registrace: Obchodn\u00ed rejst\u0159\u00edk Okresn\u00edho soudu Tren\u010d\u00edn, odd\u00edl: Sro, vlo\u017eka 44567\/R<br>S\u00eddlo: Horsk\u00e1 1311\/12, Partiz\u00e1nske 958 06, Slovensko<br>I\u010cO: 55 083 218<br>Kontaktn\u00ed e-mail: <a>support@zooza.online<\/a><\/p>\n\n\n\n<p>(d\u00e1le jen \u201espr\u00e1vce\u201c).<\/p>\n\n\n\n<p><strong>2. KATEGORIE OSOBN\u00cdCH \u00daDAJ\u016e, \u00da\u010cEL, PR\u00c1VN\u00cd Z\u00c1KLAD A DOBA UCHOV\u00c1N\u00cd<\/strong><\/p>\n\n\n\n<p>Jak\u00e9 osobn\u00ed \u00fadaje zpracov\u00e1v\u00e1me, za jak\u00fdm \u00fa\u010delem, na jak\u00e9m pr\u00e1vn\u00edm z\u00e1klad\u011b a jak dlouho?<\/p>\n\n\n\n<p>Zpracov\u00e1v\u00e1me pouze osobn\u00ed \u00fadaje, kter\u00e9 jsou nezbytn\u00e9 k dosa\u017een\u00ed konkr\u00e9tn\u00edho \u00fa\u010delu.<\/p>\n\n\n\n<p>Zpracov\u00e1n\u00ed prob\u00edh\u00e1 pro n\u00e1sleduj\u00edc\u00ed \u00fa\u010dely:<\/p>\n\n\n\n<p>a) <strong>Smlouva o u\u017e\u00edv\u00e1n\u00ed aplikace Zooza a poskytov\u00e1n\u00ed slu\u017eeb<\/strong><\/p>\n\n\n\n<p>Zpracov\u00e1v\u00e1me osobn\u00ed \u00fadaje klient\u016f, jejich zam\u011bstnanc\u016f, \u010dlen\u016f statut\u00e1rn\u00edch org\u00e1n\u016f, spolupracuj\u00edc\u00edch osob a dal\u0161\u00edch kontaktn\u00edch osob v rozsahu: jm\u00e9no, p\u0159\u00edjmen\u00ed, adresa, p\u0159\u00edslu\u0161nost k organizaci, faktura\u010dn\u00ed \u00fadaje (I\u010cO, DI\u010c, I\u010c DPH, IBAN), \u00fadaje o platb\u011b, telefon a e-mail. D\u00e1le zpracov\u00e1v\u00e1me osobn\u00ed \u00fadaje u\u017eivatel\u016f a dal\u0161\u00edch subjekt\u016f \u00fadaj\u016f (v\u010detn\u011b d\u011bt\u00ed), kter\u00e9 jsou nezbytn\u00e9 pro pln\u011bn\u00ed smlouvy: titul, jm\u00e9no a p\u0159\u00edjmen\u00ed, adresa, datum narozen\u00ed, \u00fadaje o platb\u011b, e-mail, telefon. Pr\u00e1vn\u00edm z\u00e1kladem je pln\u011bn\u00ed smlouvy. \u00dadaje uchov\u00e1v\u00e1me po dobu trv\u00e1n\u00ed smluvn\u00edho vztahu a 5 let po jeho ukon\u010den\u00ed pro p\u0159\u00edpad uplatn\u011bn\u00ed n\u00e1rok\u016f. P\u0159edb\u011b\u017en\u00e1 komunikace se uchov\u00e1v\u00e1 po dobu 6 m\u011bs\u00edc\u016f.<\/p>\n\n\n\n<p>b) <strong>Kontaktn\u00ed formul\u00e1\u0159<\/strong><\/p>\n\n\n\n<p>Zpracov\u00e1v\u00e1me osobn\u00ed \u00fadaje z\u00e1jemc\u016f v rozsahu: jm\u00e9no, p\u0159\u00edjmen\u00ed, telefon, e-mail a p\u0159edm\u011bt zpr\u00e1vy za \u00fa\u010delem vy\u0159\u00edzen\u00ed Va\u0161eho dotazu. Pr\u00e1vn\u00edm z\u00e1kladem je pln\u011bn\u00ed smlouvy nebo p\u0159edsmluvn\u00ed vztahy. \u00dadaje uchov\u00e1v\u00e1me 6 m\u011bs\u00edc\u016f.<\/p>\n\n\n\n<p>c) <strong>\u00da\u010detnictv\u00ed<\/strong><\/p>\n\n\n\n<p>Zpracov\u00e1v\u00e1me \u00fadaje klient\u016f, z\u00e1kazn\u00edk\u016f a jejich zam\u011bstnanc\u016f, statut\u00e1rn\u00edch org\u00e1n\u016f a p\u0159\u00edpadn\u011b dal\u0161\u00edch osob v rozsahu: jm\u00e9no, p\u0159\u00edjmen\u00ed, adresa, faktura\u010dn\u00ed \u00fadaje (I\u010cO, DI\u010c, I\u010c DPH, IBAN) pro \u00fa\u010dely \u00fa\u010detnictv\u00ed podle z\u00e1kona \u010d. 563\/1991 Sb., o \u00fa\u010detnictv\u00ed a souvisej\u00edc\u00edch p\u0159edpis\u016f. Pr\u00e1vn\u00edm z\u00e1kladem je spln\u011bn\u00ed z\u00e1konn\u00e9 povinnosti. \u00da\u010detn\u00ed doklady uchov\u00e1v\u00e1me 10 let.<\/p>\n\n\n\n<p>d) <strong>Marketing<\/strong><\/p>\n\n\n\n<p>Zpracov\u00e1v\u00e1me \u00fadaje z\u00e1kazn\u00edk\u016f v rozsahu: jm\u00e9no, p\u0159\u00edjmen\u00ed, telefon, e-mail za \u00fa\u010delem p\u0159\u00edm\u00e9ho marketingu a zas\u00edl\u00e1n\u00ed nab\u00eddek \u010di novinek. Pokud jste na\u0161\u00edm z\u00e1kazn\u00edkem, pr\u00e1vn\u00edm z\u00e1kladem je opr\u00e1vn\u011bn\u00fd z\u00e1jem. Pokud nejste na\u0161\u00edm z\u00e1kazn\u00edkem, \u00fadaje zpracov\u00e1v\u00e1me pouze se souhlasem. \u00dadaje uchov\u00e1v\u00e1me po dobu 3 let nebo krat\u0161\u00ed dobu v p\u0159\u00edpad\u011b odvol\u00e1n\u00ed souhlasu \u010di n\u00e1mitky.<\/p>\n\n\n\n<p>e) <strong>Cookies<\/strong><\/p>\n\n\n\n<p>Pro uveden\u00e9 \u00fa\u010dely m\u016f\u017eeme vyu\u017e\u00edvat cookies nebo obdobn\u00e9 n\u00e1stroje. Pokud nen\u00ed pr\u00e1vn\u00edm z\u00e1kladem pln\u011bn\u00ed smlouvy nebo opr\u00e1vn\u011bn\u00fd z\u00e1jem, cookies zpracov\u00e1v\u00e1me pouze na z\u00e1klad\u011b souhlasu, kter\u00fd m\u016f\u017eete ud\u011blit prost\u0159ednictv\u00edm na\u0161eho webu nebo za\u0161krtnut\u00edm p\u0159\u00edslu\u0161n\u00e9ho pole. Doba uchov\u00e1n\u00ed cookies je 15 m\u011bs\u00edc\u016f.<\/p>\n\n\n\n<p><strong>3. P\u0158\u00cdJEMCI<\/strong><\/p>\n\n\n\n<p>Komu poskytujeme Va\u0161e \u00fadaje?<\/p>\n\n\n\n<p>P\u0159\u00edstup k osobn\u00edm \u00fadaj\u016fm maj\u00ed pouze opr\u00e1vn\u011bn\u00ed zam\u011bstnanci, \u010dlenov\u00e9 statut\u00e1rn\u00edch org\u00e1n\u016f a spolupracuj\u00edc\u00ed osoby spr\u00e1vce \u010di zpracovatele, a to pouze v nezbytn\u00e9m rozsahu.<\/p>\n\n\n\n<p>D\u00e1le \u00fadaje poskytujeme t\u0159et\u00edm osob\u00e1m pouze, pokud to vy\u017eaduje z\u00e1kon nebo je to nezbytn\u00e9 pro pln\u011bn\u00ed smlouvy (nap\u0159. \u00fa\u0159ady nebo jin\u00e9 opr\u00e1vn\u011bn\u00e9 subjekty).<\/p>\n\n\n\n<p>Osobn\u00ed \u00fadaje p\u0159ed\u00e1v\u00e1me zpracovatel\u016fm, kte\u0159\u00ed pro n\u00e1s zaji\u0161\u0165uj\u00ed odborn\u00e9 slu\u017eby. S ka\u017ed\u00fdm zpracovatelem m\u00e1me uzav\u0159enou smlouvu o zpracov\u00e1n\u00ed osobn\u00edch \u00fadaj\u016f a zav\u00e1zali jsme je ml\u010denlivost\u00ed. Jde nap\u0159. o:<\/p>\n\n\n\n<ul class=\"wp-block-list\">\n<li>\u00fa\u010detn\u00ed spole\u010dnost<\/li>\n\n\n\n<li>poskytovatele platebn\u00edch slu\u017eeb<\/li>\n\n\n\n<li>poskytovatele e-mailingov\u00e9ho syst\u00e9mu<\/li>\n\n\n\n<li>poskytovatele faktura\u010dn\u00edho syst\u00e9mu<\/li>\n\n\n\n<li>poskytovatele SMS syst\u00e9mu<\/li>\n<\/ul>\n\n\n\n<p><strong>4. T\u0158ET\u00cd ZEM\u011a<\/strong><\/p>\n\n\n\n<p>P\u0159ed\u00e1v\u00e1me Va\u0161e \u00fadaje do zahrani\u010d\u00ed?<\/p>\n\n\n\n<p>Ne, osobn\u00ed \u00fadaje nep\u0159ed\u00e1v\u00e1me do \u017e\u00e1dn\u00e9 t\u0159et\u00ed zem\u011b.<\/p>\n\n\n\n<p><strong>5. ST\u00cd\u017dNOST<\/strong><\/p>\n\n\n\n<p>Nejste spokojeni?<\/p>\n\n\n\n<p>Pokud nejste spokojeni se zpracov\u00e1n\u00edm Va\u0161ich osobn\u00edch \u00fadaj\u016f, m\u016f\u017eete n\u00e1s kontaktovat na <a>support@zooza.online<\/a>. M\u00e1te tak\u00e9 pr\u00e1vo podat st\u00ed\u017enost u \u00da\u0159adu pro ochranu osobn\u00edch \u00fadaj\u016f.<\/p>\n\n\n\n<p>\u00da\u0159ad pro ochranu osobn\u00edch \u00fadaj\u016f<br>Pplk. Sochora 27<br>170 00 Praha 7<br>Email: <a>posta@uoou.cz<\/a><\/p>\n\n\n\n<p><strong>6. ZP\u016eSOB ZPRACOV\u00c1N\u00cd<\/strong><\/p>\n\n\n\n<p>Jak \u00fadaje zpracov\u00e1v\u00e1me?<\/p>\n\n\n\n<p>Osobn\u00ed \u00fadaje zpracov\u00e1v\u00e1me elektronicky i pap\u00edrov\u011b, manu\u00e1ln\u011b i automatizovan\u011b. Nepou\u017e\u00edv\u00e1me automatizovan\u00e9 rozhodov\u00e1n\u00ed ani profilov\u00e1n\u00ed.<\/p>\n\n\n\n<p>Vedeme z\u00e1znamy o \u010dinnostech zpracov\u00e1n\u00ed a uplat\u0148ujeme technick\u00e1 a organiza\u010dn\u00ed bezpe\u010dnostn\u00ed opat\u0159en\u00ed, v\u010detn\u011b antivirov\u00fdch program\u016f, siln\u00fdch hesel a \u0161ifrov\u00e1n\u00ed. \u00dadaje pravideln\u011b z\u00e1lohujeme. V\u0161ichni, kdo s \u00fadaji pracuj\u00ed, byli pou\u010deni a zav\u00e1z\u00e1ni ml\u010denlivost\u00ed. Zpracovatele vyb\u00edr\u00e1me zodpov\u011bdn\u011b a db\u00e1me na jejich bezpe\u010dnostn\u00ed standardy.<\/p>\n\n\n\n<p><strong>7. PR\u00c1VA SUBJEKT\u016e \u00daDAJ\u016e<\/strong><\/p>\n\n\n\n<p>Jak\u00e1 m\u00e1te pr\u00e1va?<\/p>\n\n\n\n<p>Na\u0159\u00edzen\u00ed V\u00e1m p\u0159izn\u00e1v\u00e1 tato pr\u00e1va \u2013 jejich uplatn\u011bn\u00ed z\u00e1vis\u00ed na pr\u00e1vn\u00edm z\u00e1kladu zpracov\u00e1n\u00ed:<\/p>\n\n\n\n<p>a) <strong>Pr\u00e1vo na p\u0159\u00edstup<\/strong><br>M\u016f\u017eete si vy\u017e\u00e1dat potvrzen\u00ed, zda Va\u0161e osobn\u00ed \u00fadaje zpracov\u00e1v\u00e1me, a z\u00edskat jejich kopii.<\/p>\n\n\n\n<p>b) <strong>Pr\u00e1vo na opravu<\/strong><br>M\u00e1te pr\u00e1vo po\u017e\u00e1dat o opravu nebo dopln\u011bn\u00ed nep\u0159esn\u00fdch \u010di ne\u00fapln\u00fdch \u00fadaj\u016f.<\/p>\n\n\n\n<p>c) <strong>Pr\u00e1vo na v\u00fdmaz<\/strong><br>M\u016f\u017eete n\u00e1s po\u017e\u00e1dat o v\u00fdmaz \u00fadaj\u016f nap\u0159. pokud:<\/p>\n\n\n\n<ul class=\"wp-block-list\">\n<li>ji\u017e nejsou pot\u0159ebn\u00e9,<\/li>\n\n\n\n<li>odvol\u00e1te souhlas,<\/li>\n\n\n\n<li>vznesete n\u00e1mitku,<\/li>\n\n\n\n<li>byly zpracov\u00e1ny nez\u00e1konn\u011b,<\/li>\n\n\n\n<li>mus\u00ed b\u00fdt vymaz\u00e1ny ze z\u00e1kona,<\/li>\n\n\n\n<li>souhlas ud\u011blilo d\u00edt\u011b.<\/li>\n<\/ul>\n\n\n\n<p>d) <strong>Pr\u00e1vo na omezen\u00ed zpracov\u00e1n\u00ed<\/strong><br>M\u016f\u017eete po\u017e\u00e1dat o omezen\u00ed zpracov\u00e1n\u00ed, nap\u0159. pokud:<\/p>\n\n\n\n<ul class=\"wp-block-list\">\n<li>zpochyb\u0148ujete p\u0159esnost \u00fadaj\u016f,<\/li>\n\n\n\n<li>zpracov\u00e1n\u00ed je nez\u00e1konn\u00e9 a nesouhlas\u00edte s v\u00fdmazem,<\/li>\n\n\n\n<li>ji\u017e \u00fadaje nepot\u0159ebujeme, ale Vy ano,<\/li>\n\n\n\n<li>vznesete n\u00e1mitku.<\/li>\n<\/ul>\n\n\n\n<p>e) <strong>Pr\u00e1vo na p\u0159enositelnost<\/strong><br>Pokud zpracov\u00e1n\u00ed prob\u00edh\u00e1 automatizovan\u011b a na z\u00e1klad\u011b souhlasu \u010di smlouvy, m\u016f\u017eete po\u017e\u00e1dat o p\u0159enos sv\u00fdch \u00fadaj\u016f jin\u00e9 osob\u011b.<\/p>\n\n\n\n<p>f) <strong>Pr\u00e1vo vzn\u00e9st n\u00e1mitku<\/strong><br>P\u0159i zpracov\u00e1n\u00ed na z\u00e1klad\u011b opr\u00e1vn\u011bn\u00e9ho z\u00e1jmu m\u016f\u017eete vzn\u00e9st n\u00e1mitku \u2013 pokud neprok\u00e1\u017eeme z\u00e1va\u017en\u00e9 d\u016fvody, zpracov\u00e1n\u00ed ukon\u010d\u00edme.<\/p>\n\n\n\n<p>g) <strong>Pr\u00e1vo odvolat souhlas<\/strong><br>Pokud je zpracov\u00e1n\u00ed zalo\u017eeno na Va\u0161em souhlasu, m\u00e1te pr\u00e1vo jej kdykoli odvolat, a to i e-mailem na <a>support@zooza.online<\/a> nebo prost\u0159ednictv\u00edm Va\u0161eho u\u017eivatelsk\u00e9ho \u00fa\u010dtu (pokud byl z\u0159\u00edzen).<\/p>\n\n\n\n<p>Va\u0161i \u017e\u00e1dost m\u016f\u017eete zaslat e-mailem nebo po\u0161tou. V\u00fdsledek vy\u0159\u00edzen\u00ed ozn\u00e1m\u00edme stejnou formou.<\/p>\n\n\n\n<p><strong>8. Z\u00c1V\u011aRE\u010cN\u00c1 USTANOVEN\u00cd<\/strong><\/p>\n\n\n\n<p>Pokud budeme m\u00edt pochybnosti o toto\u017enosti \u017eadatele, m\u016f\u017eeme po\u017e\u00e1dat o dopl\u0148uj\u00edc\u00ed \u00fadaje.<\/p>\n\n\n\n<p>V p\u0159\u00edpad\u011b opakovan\u00fdch, zjevn\u011b bezd\u016fvodn\u00fdch nebo nep\u0159im\u011b\u0159en\u00fdch \u017e\u00e1dost\u00ed jsme opr\u00e1vn\u011bni \u00fa\u010dtovat poplatek nebo \u017e\u00e1dosti nevyhov\u011bt.<\/p>\n\n\n\n<p>Tyto z\u00e1sady jsou \u00fa\u010dinn\u00e9 ode dne zve\u0159ejn\u011bn\u00ed. Vyhrazujeme si pr\u00e1vo je zm\u011bnit v p\u0159\u00edpad\u011b zm\u011bny zp\u016fsobu zpracov\u00e1n\u00ed \u00fadaj\u016f.<\/p>\n\n\n\n<p>V Pezinku dne 1. 2. 2023<br>Zooza s. r. o.<\/p>\n","protected":false},"excerpt":{"rendered":"<p>Osobn\u00ed \u00fadaje zpracov\u00e1v\u00e1me v souladu s Na\u0159\u00edzen\u00edm Evropsk\u00e9ho parlamentu a Rady (EU) \u010d. 2016\/679 o ochran\u011b fyzick\u00fdch osob v souvislosti se zpracov\u00e1n\u00edm osobn\u00edch \u00fadaj\u016f a o voln\u00e9m pohybu t\u011bchto \u00fadaj\u016f (d\u00e1le jen \u201eNa\u0159\u00edzen\u00ed\u201c) a z\u00e1konem \u010d. 110\/2019 Sb., o zpracov\u00e1n\u00ed osobn\u00edch \u00fadaj\u016f (d\u00e1le jen \u201ez\u00e1kon o ochran\u011b osobn\u00edch \u00fadaj\u016f\u201c). Bezpe\u010dnost osobn\u00edch \u00fadaj\u016f a jejich z\u00e1konn\u00e9 [&hellip;]<\/p>\n","protected":false},"author":2,"featured_media":0,"parent":0,"menu_order":0,"comment_status":"closed","ping_status":"closed","template":"","meta":{"_acf_changed":false,"footnotes":""},"class_list":["post-25917","page","type-page","status-publish","hentry"],"acf":[],"_links":{"self":[{"href":"https:\/\/www.zooza.online\/cs\/wp-json\/wp\/v2\/pages\/25917","targetHints":{"allow":["GET"]}}],"collection":[{"href":"https:\/\/www.zooza.online\/cs\/wp-json\/wp\/v2\/pages"}],"about":[{"href":"https:\/\/www.zooza.online\/cs\/wp-json\/wp\/v2\/types\/page"}],"author":[{"embeddable":true,"href":"https:\/\/www.zooza.online\/cs\/wp-json\/wp\/v2\/users\/2"}],"replies":[{"embeddable":true,"href":"https:\/\/www.zooza.online\/cs\/wp-json\/wp\/v2\/comments?post=25917"}],"version-history":[{"count":1,"href":"https:\/\/www.zooza.online\/cs\/wp-json\/wp\/v2\/pages\/25917\/revisions"}],"predecessor-version":[{"id":25918,"href":"https:\/\/www.zooza.online\/cs\/wp-json\/wp\/v2\/pages\/25917\/revisions\/25918"}],"wp:attachment":[{"href":"https:\/\/www.zooza.online\/cs\/wp-json\/wp\/v2\/media?parent=25917"}],"curies":[{"name":"wp","href":"https:\/\/api.w.org\/{rel}","templated":true}]}}