{"id":2612,"date":"2023-05-09T16:45:43","date_gmt":"2023-05-09T16:45:43","guid":{"rendered":"https:\/\/www.zooza.online\/fq\/"},"modified":"2026-04-27T11:59:51","modified_gmt":"2026-04-27T11:59:51","slug":"faq","status":"publish","type":"page","link":"https:\/\/www.zooza.online\/cs\/faq\/","title":{"rendered":"F&amp;Q"},"content":{"rendered":"\t\t<div data-elementor-type=\"wp-page\" data-elementor-id=\"2612\" class=\"elementor elementor-2612 elementor-44\" data-elementor-post-type=\"page\">\n\t\t\t\t<div class=\"elementor-element elementor-element-fa18626 e-flex e-con-boxed e-con e-parent\" data-id=\"fa18626\" data-element_type=\"container\" data-e-type=\"container\">\n\t\t\t\t\t<div class=\"e-con-inner\">\n\t\t\t\t<div class=\"elementor-element elementor-element-addd6bb elementor-widget elementor-widget-spacer\" data-id=\"addd6bb\" data-element_type=\"widget\" data-e-type=\"widget\" data-widget_type=\"spacer.default\">\n\t\t\t\t\t\t\t<div class=\"elementor-spacer\">\n\t\t\t<div class=\"elementor-spacer-inner\"><\/div>\n\t\t<\/div>\n\t\t\t\t\t\t<\/div>\n\t\t\t\t\t<\/div>\n\t\t\t\t<\/div>\n\t\t<div class=\"elementor-element elementor-element-303fe77 e-flex e-con-boxed e-con e-parent\" data-id=\"303fe77\" data-element_type=\"container\" data-e-type=\"container\">\n\t\t\t\t\t<div class=\"e-con-inner\">\n\t\t\t\t<div class=\"elementor-element elementor-element-cba2d43 elementor-widget elementor-widget-heading\" data-id=\"cba2d43\" data-element_type=\"widget\" data-e-type=\"widget\" data-widget_type=\"heading.default\">\n\t\t\t\t\t<h1 class=\"elementor-heading-title elementor-size-default\">F&amp;Q<\/h1>\t\t\t\t<\/div>\n\t\t\t\t\t<\/div>\n\t\t\t\t<\/div>\n\t\t<div class=\"elementor-element elementor-element-14ef975 e-flex e-con-boxed e-con e-parent\" data-id=\"14ef975\" data-element_type=\"container\" data-e-type=\"container\">\n\t\t\t\t\t<div class=\"e-con-inner\">\n\t\t\t\t<div class=\"elementor-element elementor-element-11515c1 elementor-widget elementor-widget-toggle\" data-id=\"11515c1\" data-element_type=\"widget\" data-e-type=\"widget\" data-widget_type=\"toggle.default\">\n\t\t\t\t\t\t\t<div class=\"elementor-toggle\">\n\t\t\t\t\t\t\t<div class=\"elementor-toggle-item\">\n\t\t\t\t\t<div id=\"elementor-tab-title-1811\" class=\"elementor-tab-title\" data-tab=\"1\" role=\"button\" aria-controls=\"elementor-tab-content-1811\" aria-expanded=\"false\">\n\t\t\t\t\t\t\t\t\t\t\t\t<span class=\"elementor-toggle-icon elementor-toggle-icon-left\" aria-hidden=\"true\">\n\t\t\t\t\t\t\t\t\t\t\t\t\t\t\t<span class=\"elementor-toggle-icon-closed\"><i class=\"fas fa-caret-right\"><\/i><\/span>\n\t\t\t\t\t\t\t\t<span class=\"elementor-toggle-icon-opened\"><i class=\"elementor-toggle-icon-opened fas fa-caret-up\"><\/i><\/span>\n\t\t\t\t\t\t\t\t\t\t\t\t\t<\/span>\n\t\t\t\t\t\t\t\t\t\t\t\t<a class=\"elementor-toggle-title\" tabindex=\"0\">Pro koho je Zooza vhodn\u00e1?<\/a>\n\t\t\t\t\t<\/div>\n\n\t\t\t\t\t<div id=\"elementor-tab-content-1811\" class=\"elementor-tab-content elementor-clearfix\" data-tab=\"1\" role=\"region\" aria-labelledby=\"elementor-tab-title-1811\"><p>Zooza je ide\u00e1ln\u00ed pro kurzy, kde je vztah mezi \u00fa\u010dastn\u00edkem a organiz\u00e1torem kurzu dlouhodob\u00fd. Jedn\u00e1 se p\u0159edev\u0161\u00edm o pravideln\u00e1 skupinov\u00e1 setk\u00e1n\u00ed s histori\u00ed doch\u00e1zky, platby, nab\u00eddku alternativn\u00edch lekc\u00ed. Je tedy ide\u00e1ln\u00ed zejm\u00e9na pro jazykov\u00e9 kurzy, kurzy dovednost\u00ed, skupinov\u00e9 lekce pro d\u011bti, pravideln\u00e9 individu\u00e1ln\u00ed lekce, kurzy plav\u00e1n\u00ed nebo tance. Zooza samoz\u0159ejm\u011b zvl\u00e1dne i klasick\u00e9 skupinov\u00e9 lekce j\u00f3gy, pilates nebo jin\u00e9 pohybov\u00e9 lekce.<\/p>\n<p>Lze jej pou\u017e\u00edt jako syst\u00e9m pro organizaci rodinn\u00fdch center a center voln\u00e9ho \u010dasu.<\/p>\n<\/div>\n\t\t\t\t<\/div>\n\t\t\t\t\t\t\t<div class=\"elementor-toggle-item\">\n\t\t\t\t\t<div id=\"elementor-tab-title-1812\" class=\"elementor-tab-title\" data-tab=\"2\" role=\"button\" aria-controls=\"elementor-tab-content-1812\" aria-expanded=\"false\">\n\t\t\t\t\t\t\t\t\t\t\t\t<span class=\"elementor-toggle-icon elementor-toggle-icon-left\" aria-hidden=\"true\">\n\t\t\t\t\t\t\t\t\t\t\t\t\t\t\t<span class=\"elementor-toggle-icon-closed\"><i class=\"fas fa-caret-right\"><\/i><\/span>\n\t\t\t\t\t\t\t\t<span class=\"elementor-toggle-icon-opened\"><i class=\"elementor-toggle-icon-opened fas fa-caret-up\"><\/i><\/span>\n\t\t\t\t\t\t\t\t\t\t\t\t\t<\/span>\n\t\t\t\t\t\t\t\t\t\t\t\t<a class=\"elementor-toggle-title\" tabindex=\"0\">Co kdy\u017e nejsem technicky zdatn\u00fd? Dok\u00e1\u017eu s t\u00edm pracovat?<\/a>\n\t\t\t\t\t<\/div>\n\n\t\t\t\t\t<div id=\"elementor-tab-content-1812\" class=\"elementor-tab-content elementor-clearfix\" data-tab=\"2\" role=\"region\" aria-labelledby=\"elementor-tab-title-1812\"><p>Ch\u00e1peme, \u017ee technick\u00e1 zdatnost nem\u016f\u017ee b\u00fdt probl\u00e9m. Platformu navrhujeme tak, aby byla p\u0159ehledn\u00e1 a jednoduch\u00e1. Neust\u00e1le pro v\u00e1s p\u0159ipravujeme v\u00fdukov\u00e9 programy a zjednodu\u0161ujeme je. Ale hlavn\u011b jsme V\u00e1m v\u017edy k dispozici, pokud na n\u011bco naraz\u00edte.<\/p>\n<\/div>\n\t\t\t\t<\/div>\n\t\t\t\t\t\t\t<div class=\"elementor-toggle-item\">\n\t\t\t\t\t<div id=\"elementor-tab-title-1813\" class=\"elementor-tab-title\" data-tab=\"3\" role=\"button\" aria-controls=\"elementor-tab-content-1813\" aria-expanded=\"false\">\n\t\t\t\t\t\t\t\t\t\t\t\t<span class=\"elementor-toggle-icon elementor-toggle-icon-left\" aria-hidden=\"true\">\n\t\t\t\t\t\t\t\t\t\t\t\t\t\t\t<span class=\"elementor-toggle-icon-closed\"><i class=\"fas fa-caret-right\"><\/i><\/span>\n\t\t\t\t\t\t\t\t<span class=\"elementor-toggle-icon-opened\"><i class=\"elementor-toggle-icon-opened fas fa-caret-up\"><\/i><\/span>\n\t\t\t\t\t\t\t\t\t\t\t\t\t<\/span>\n\t\t\t\t\t\t\t\t\t\t\t\t<a class=\"elementor-toggle-title\" tabindex=\"0\">Co kdy\u017e u\u017e m\u00e1m existuj\u00edc\u00ed syst\u00e9m?<\/a>\n\t\t\t\t\t<\/div>\n\n\t\t\t\t\t<div id=\"elementor-tab-content-1813\" class=\"elementor-tab-content elementor-clearfix\" data-tab=\"3\" role=\"region\" aria-labelledby=\"elementor-tab-title-1813\"><p>P\u0159eneseme klienty do Zoozy s lehkost\u00ed. M\u00e1me na to p\u0159ipraven\u00e9 p\u0159esn\u00e9 postupy. Ze zku\u0161enosti v\u00edme, \u017ee to va\u0161i klienti ocen\u00ed.<\/p>\n<\/div>\n\t\t\t\t<\/div>\n\t\t\t\t\t\t\t<div class=\"elementor-toggle-item\">\n\t\t\t\t\t<div id=\"elementor-tab-title-1814\" class=\"elementor-tab-title\" data-tab=\"4\" role=\"button\" aria-controls=\"elementor-tab-content-1814\" aria-expanded=\"false\">\n\t\t\t\t\t\t\t\t\t\t\t\t<span class=\"elementor-toggle-icon elementor-toggle-icon-left\" aria-hidden=\"true\">\n\t\t\t\t\t\t\t\t\t\t\t\t\t\t\t<span class=\"elementor-toggle-icon-closed\"><i class=\"fas fa-caret-right\"><\/i><\/span>\n\t\t\t\t\t\t\t\t<span class=\"elementor-toggle-icon-opened\"><i class=\"elementor-toggle-icon-opened fas fa-caret-up\"><\/i><\/span>\n\t\t\t\t\t\t\t\t\t\t\t\t\t<\/span>\n\t\t\t\t\t\t\t\t\t\t\t\t<a class=\"elementor-toggle-title\" tabindex=\"0\">Kolik SMS a e-mail\u016f je k dispozici?<\/a>\n\t\t\t\t\t<\/div>\n\n\t\t\t\t\t<div id=\"elementor-tab-content-1814\" class=\"elementor-tab-content elementor-clearfix\" data-tab=\"4\" role=\"region\" aria-labelledby=\"elementor-tab-title-1814\"><p>V r\u00e1mci jednotliv\u00fdch bal\u00ed\u010dk\u016f m\u00e1te k dispozici spoustu SMS a e-mail\u016f. SMS si m\u016f\u017eete koupit kdykoli za opravdu n\u00edzkou \u010d\u00e1stku. V\u00edce informac\u00ed najdete v cen\u00edku.<\/p>\n<\/div>\n\t\t\t\t<\/div>\n\t\t\t\t\t\t\t<div class=\"elementor-toggle-item\">\n\t\t\t\t\t<div id=\"elementor-tab-title-1815\" class=\"elementor-tab-title\" data-tab=\"5\" role=\"button\" aria-controls=\"elementor-tab-content-1815\" aria-expanded=\"false\">\n\t\t\t\t\t\t\t\t\t\t\t\t<span class=\"elementor-toggle-icon elementor-toggle-icon-left\" aria-hidden=\"true\">\n\t\t\t\t\t\t\t\t\t\t\t\t\t\t\t<span class=\"elementor-toggle-icon-closed\"><i class=\"fas fa-caret-right\"><\/i><\/span>\n\t\t\t\t\t\t\t\t<span class=\"elementor-toggle-icon-opened\"><i class=\"elementor-toggle-icon-opened fas fa-caret-up\"><\/i><\/span>\n\t\t\t\t\t\t\t\t\t\t\t\t\t<\/span>\n\t\t\t\t\t\t\t\t\t\t\t\t<a class=\"elementor-toggle-title\" tabindex=\"0\">Co kdy\u017e m\u00e1m jin\u00fd faktura\u010dn\u00ed syst\u00e9m?<\/a>\n\t\t\t\t\t<\/div>\n\n\t\t\t\t\t<div id=\"elementor-tab-content-1815\" class=\"elementor-tab-content elementor-clearfix\" data-tab=\"5\" role=\"region\" aria-labelledby=\"elementor-tab-title-1815\"><p>I Zooza um\u00ed generovat faktury. Pokud chcete z\u016fstat ve sv\u00e9m faktura\u010dn\u00edm syst\u00e9mu, je mo\u017en\u00e9 je integrovat.  <\/p>\n<\/div>\n\t\t\t\t<\/div>\n\t\t\t\t\t\t\t<div class=\"elementor-toggle-item\">\n\t\t\t\t\t<div id=\"elementor-tab-title-1816\" class=\"elementor-tab-title\" data-tab=\"6\" role=\"button\" aria-controls=\"elementor-tab-content-1816\" aria-expanded=\"false\">\n\t\t\t\t\t\t\t\t\t\t\t\t<span class=\"elementor-toggle-icon elementor-toggle-icon-left\" aria-hidden=\"true\">\n\t\t\t\t\t\t\t\t\t\t\t\t\t\t\t<span class=\"elementor-toggle-icon-closed\"><i class=\"fas fa-caret-right\"><\/i><\/span>\n\t\t\t\t\t\t\t\t<span class=\"elementor-toggle-icon-opened\"><i class=\"elementor-toggle-icon-opened fas fa-caret-up\"><\/i><\/span>\n\t\t\t\t\t\t\t\t\t\t\t\t\t<\/span>\n\t\t\t\t\t\t\t\t\t\t\t\t<a class=\"elementor-toggle-title\" tabindex=\"0\">Jak\u00e9 jsou zde h\u00e1\u010dky?<\/a>\n\t\t\t\t\t<\/div>\n\n\t\t\t\t\t<div id=\"elementor-tab-content-1816\" class=\"elementor-tab-content elementor-clearfix\" data-tab=\"6\" role=\"region\" aria-labelledby=\"elementor-tab-title-1816\"><p>Mo\u017en\u00e1 je to t\u00edm, \u017ee Zooza pom\u00e1h\u00e1 t\u011bm projekt\u016fm, kter\u00e9 jsou organiza\u010dn\u011b schopn\u00e9. V takov\u00e9m p\u0159\u00edpad\u011b jim Zooza skv\u011ble pom\u016f\u017ee. Mo\u017en\u00e1 i to, \u017ee Zooza nevy\u0159e\u0161\u00ed v\u0161echny probl\u00e9my a neznamen\u00e1, \u017ee pr\u00e1ce pomine. Zooza je asistent, kter\u00fd v\u00e1m velmi dob\u0159e pom\u016f\u017ee, ale vztahy, budov\u00e1n\u00ed komunity nebo zlep\u0161ov\u00e1n\u00ed produkt\u016f z\u016fst\u00e1v\u00e1 ve va\u0161ich rukou. Pokud se boj\u00edte cenov\u00fdch h\u00e1\u010dk\u016f, tak tady v\u00e1s opravdu \u017e\u00e1dn\u00e9 nep\u0159\u00edjemn\u00e9 p\u0159ekvapen\u00ed ne\u010dek\u00e1.<\/p>\n<\/div>\n\t\t\t\t<\/div>\n\t\t\t\t\t\t\t<div class=\"elementor-toggle-item\">\n\t\t\t\t\t<div id=\"elementor-tab-title-1817\" class=\"elementor-tab-title\" data-tab=\"7\" role=\"button\" aria-controls=\"elementor-tab-content-1817\" aria-expanded=\"false\">\n\t\t\t\t\t\t\t\t\t\t\t\t<span class=\"elementor-toggle-icon elementor-toggle-icon-left\" aria-hidden=\"true\">\n\t\t\t\t\t\t\t\t\t\t\t\t\t\t\t<span class=\"elementor-toggle-icon-closed\"><i class=\"fas fa-caret-right\"><\/i><\/span>\n\t\t\t\t\t\t\t\t<span class=\"elementor-toggle-icon-opened\"><i class=\"elementor-toggle-icon-opened fas fa-caret-up\"><\/i><\/span>\n\t\t\t\t\t\t\t\t\t\t\t\t\t<\/span>\n\t\t\t\t\t\t\t\t\t\t\t\t<a class=\"elementor-toggle-title\" tabindex=\"0\">Kolik stoj\u00ed Zooza, ur\u010dit\u011b hodn\u011b pen\u011bz? Co kdy\u017e si to nemohu dovolit?<\/a>\n\t\t\t\t\t<\/div>\n\n\t\t\t\t\t<div id=\"elementor-tab-content-1817\" class=\"elementor-tab-content elementor-clearfix\" data-tab=\"7\" role=\"region\" aria-labelledby=\"elementor-tab-title-1817\"><p>Je to mnohem m\u00e9n\u011b, ne\u017e byste si mysleli. Je\u0161t\u011b p\u0159ed n\u011bkolika m\u011bs\u00edci to st\u00e1lo stovky eur m\u011bs\u00ed\u010dn\u011b. Uv\u011bdomili jsme si, \u017ee m\u00e1me hotov\u00fd produkt, kter\u00fd ji\u017e slou\u017e\u00ed projekt\u016fm k tomu, aby u\u0161et\u0159ily \u010das a energii na zlep\u0161ov\u00e1n\u00ed sv\u00fdch slu\u017eeb a zejm\u00e9na na budov\u00e1n\u00ed vztah\u016f s komunitou a sv\u00fdmi klienty. A tak dnes stoj\u00ed jen n\u011bkolik des\u00edtek eur. Sou\u010d\u00e1st\u00ed jsou nov\u00e9 slu\u017eby a vylep\u0161en\u00ed, kter\u00e9 p\u0159in\u00e1\u0161\u00edme ka\u017ed\u00fd m\u011bs\u00edc, a p\u0159\u00e1telsk\u00e1 podpora, kter\u00e1 je v\u00e1m v\u017edy k dispozici. Pro lep\u0161\u00ed pochopen\u00ed v\u00e1m r\u00e1di uk\u00e1\u017eeme, jak na to, v kr\u00e1tk\u00e9m 15 minutov\u00e9m online sezen\u00ed. Samoz\u0159ejm\u011b garantujeme va\u0161i spokojenost nebo vr\u00e1cen\u00ed pen\u011bz.<\/p>\n<\/div>\n\t\t\t\t<\/div>\n\t\t\t\t\t\t\t<div class=\"elementor-toggle-item\">\n\t\t\t\t\t<div id=\"elementor-tab-title-1818\" class=\"elementor-tab-title\" data-tab=\"8\" role=\"button\" aria-controls=\"elementor-tab-content-1818\" aria-expanded=\"false\">\n\t\t\t\t\t\t\t\t\t\t\t\t<span class=\"elementor-toggle-icon elementor-toggle-icon-left\" aria-hidden=\"true\">\n\t\t\t\t\t\t\t\t\t\t\t\t\t\t\t<span class=\"elementor-toggle-icon-closed\"><i class=\"fas fa-caret-right\"><\/i><\/span>\n\t\t\t\t\t\t\t\t<span class=\"elementor-toggle-icon-opened\"><i class=\"elementor-toggle-icon-opened fas fa-caret-up\"><\/i><\/span>\n\t\t\t\t\t\t\t\t\t\t\t\t\t<\/span>\n\t\t\t\t\t\t\t\t\t\t\t\t<a class=\"elementor-toggle-title\" tabindex=\"0\">Jsem spokojen\u00e1\/\u00fd s t\u00edm, co m\u00e1m.<\/a>\n\t\t\t\t\t<\/div>\n\n\t\t\t\t\t<div id=\"elementor-tab-content-1818\" class=\"elementor-tab-content elementor-clearfix\" data-tab=\"8\" role=\"region\" aria-labelledby=\"elementor-tab-title-1818\"><p>To je \u00fa\u017easn\u00e9 a jsme r\u00e1di, \u017ee to sly\u0161\u00edme, nen\u00ed to standard. Na sch\u016fzce s n\u00e1mi si to m\u016f\u017eete jen potvrdit a z\u00e1rove\u0148 v\u00e1m b\u011bhem 15 minut m\u016f\u017eeme poskytnout inspiraci, jak to d\u011blaj\u00ed jin\u00e9 podobn\u00e9 projekty, a p\u0159in\u00e9st v\u00edce informac\u00ed k va\u0161emu sou\u010dasn\u00e9mu projektu. Na\u0161e sch\u016fzka je zdarma a 15 minut v\u00e1m m\u016f\u017ee v budoucnu u\u0161et\u0159it spoustu pen\u011bz a \u010dasu.<\/p>\n<\/div>\n\t\t\t\t<\/div>\n\t\t\t\t\t\t\t<div class=\"elementor-toggle-item\">\n\t\t\t\t\t<div id=\"elementor-tab-title-1819\" class=\"elementor-tab-title\" data-tab=\"9\" role=\"button\" aria-controls=\"elementor-tab-content-1819\" aria-expanded=\"false\">\n\t\t\t\t\t\t\t\t\t\t\t\t<span class=\"elementor-toggle-icon elementor-toggle-icon-left\" aria-hidden=\"true\">\n\t\t\t\t\t\t\t\t\t\t\t\t\t\t\t<span class=\"elementor-toggle-icon-closed\"><i class=\"fas fa-caret-right\"><\/i><\/span>\n\t\t\t\t\t\t\t\t<span class=\"elementor-toggle-icon-opened\"><i class=\"elementor-toggle-icon-opened fas fa-caret-up\"><\/i><\/span>\n\t\t\t\t\t\t\t\t\t\t\t\t\t<\/span>\n\t\t\t\t\t\t\t\t\t\t\t\t<a class=\"elementor-toggle-title\" tabindex=\"0\">Nev\u00edm, jestli si na to moji klienti zvyknou, na cel\u00fd p\u0159echod na novou slu\u017ebu.<\/a>\n\t\t\t\t\t<\/div>\n\n\t\t\t\t\t<div id=\"elementor-tab-content-1819\" class=\"elementor-tab-content elementor-clearfix\" data-tab=\"9\" role=\"region\" aria-labelledby=\"elementor-tab-title-1819\"><p>Kdy\u017e si zhl\u00e9dnete sch\u016fzku, kter\u00e1 trv\u00e1 15 minut rychle pochop\u00edte, \u017ee to opravdu bude bezbolestn\u00e9. D\u011blali jsme to u\u017e mnohokr\u00e1t a odezvy jsou skv\u011bl\u00e9. Je to proto, \u017ee platforma je praktick\u00e1 a snadno pochopiteln\u00e1. Je zalo\u017eena na dlouholet\u00fdch zku\u0161enostech a p\u0159ipom\u00ednk\u00e1ch z projekt\u016f, jako je ten v\u00e1\u0161.<\/p>\n<\/div>\n\t\t\t\t<\/div>\n\t\t\t\t\t\t\t<div class=\"elementor-toggle-item\">\n\t\t\t\t\t<div id=\"elementor-tab-title-18110\" class=\"elementor-tab-title\" data-tab=\"10\" role=\"button\" aria-controls=\"elementor-tab-content-18110\" aria-expanded=\"false\">\n\t\t\t\t\t\t\t\t\t\t\t\t<span class=\"elementor-toggle-icon elementor-toggle-icon-left\" aria-hidden=\"true\">\n\t\t\t\t\t\t\t\t\t\t\t\t\t\t\t<span class=\"elementor-toggle-icon-closed\"><i class=\"fas fa-caret-right\"><\/i><\/span>\n\t\t\t\t\t\t\t\t<span class=\"elementor-toggle-icon-opened\"><i class=\"elementor-toggle-icon-opened fas fa-caret-up\"><\/i><\/span>\n\t\t\t\t\t\t\t\t\t\t\t\t\t<\/span>\n\t\t\t\t\t\t\t\t\t\t\t\t<a class=\"elementor-toggle-title\" tabindex=\"0\">Jak za\u010d\u00edt?<\/a>\n\t\t\t\t\t<\/div>\n\n\t\t\t\t\t<div id=\"elementor-tab-content-18110\" class=\"elementor-tab-content elementor-clearfix\" data-tab=\"10\" role=\"region\" aria-labelledby=\"elementor-tab-title-18110\"><p>Jednodu\u0161e.  <br \/>1. Nasa\u010fte Zoozu na sv\u00e9 webov\u00e9 str\u00e1nky. Pokud nem\u00e1te webov\u00e9 str\u00e1nky, vytvo\u0159\u00edme v\u00e1m je.  <br \/>2. \u00da\u010det a prvn\u00ed nab\u00eddku nastav\u00edme v rychl\u00e9m \u0161kolen\u00ed.<br \/>3. Vyzkou\u0161ejte Zooza na prvn\u00edch 10 unik\u00e1tn\u00edch z\u00e1kazn\u00edc\u00edch zcela zdarma<br \/>Cel\u00e1 akce m\u016f\u017ee trvat m\u00e9n\u011b ne\u017e 24 hodin.<\/p>\n<\/div>\n\t\t\t\t<\/div>\n\t\t\t\t\t\t\t\t<\/div>\n\t\t\t\t\t\t<\/div>\n\t\t\t\t<div class=\"elementor-element elementor-element-1f3f597 elementor-widget elementor-widget-spacer\" data-id=\"1f3f597\" data-element_type=\"widget\" data-e-type=\"widget\" data-widget_type=\"spacer.default\">\n\t\t\t\t\t\t\t<div class=\"elementor-spacer\">\n\t\t\t<div class=\"elementor-spacer-inner\"><\/div>\n\t\t<\/div>\n\t\t\t\t\t\t<\/div>\n\t\t\t\t\t<\/div>\n\t\t\t\t<\/div>\n\t\t\t\t<\/div>\n\t\t","protected":false},"excerpt":{"rendered":"<p>F&amp;Q Pro koho je Zooza vhodn\u00e1? Zooza je ide\u00e1ln\u00ed pro kurzy, kde je vztah mezi \u00fa\u010dastn\u00edkem a organiz\u00e1torem kurzu dlouhodob\u00fd. Jedn\u00e1 se p\u0159edev\u0161\u00edm o pravideln\u00e1 skupinov\u00e1 setk\u00e1n\u00ed s histori\u00ed doch\u00e1zky, platby, nab\u00eddku alternativn\u00edch lekc\u00ed. Je tedy ide\u00e1ln\u00ed zejm\u00e9na pro jazykov\u00e9 kurzy, kurzy dovednost\u00ed, skupinov\u00e9 lekce pro d\u011bti, pravideln\u00e9 individu\u00e1ln\u00ed lekce, kurzy plav\u00e1n\u00ed nebo tance. Zooza [&hellip;]<\/p>\n","protected":false},"author":1,"featured_media":0,"parent":0,"menu_order":0,"comment_status":"closed","ping_status":"closed","template":"","meta":{"_acf_changed":false,"footnotes":""},"class_list":["post-2612","page","type-page","status-publish","hentry"],"acf":[],"_links":{"self":[{"href":"https:\/\/www.zooza.online\/cs\/wp-json\/wp\/v2\/pages\/2612","targetHints":{"allow":["GET"]}}],"collection":[{"href":"https:\/\/www.zooza.online\/cs\/wp-json\/wp\/v2\/pages"}],"about":[{"href":"https:\/\/www.zooza.online\/cs\/wp-json\/wp\/v2\/types\/page"}],"author":[{"embeddable":true,"href":"https:\/\/www.zooza.online\/cs\/wp-json\/wp\/v2\/users\/1"}],"replies":[{"embeddable":true,"href":"https:\/\/www.zooza.online\/cs\/wp-json\/wp\/v2\/comments?post=2612"}],"version-history":[{"count":4,"href":"https:\/\/www.zooza.online\/cs\/wp-json\/wp\/v2\/pages\/2612\/revisions"}],"predecessor-version":[{"id":31016,"href":"https:\/\/www.zooza.online\/cs\/wp-json\/wp\/v2\/pages\/2612\/revisions\/31016"}],"wp:attachment":[{"href":"https:\/\/www.zooza.online\/cs\/wp-json\/wp\/v2\/media?parent=2612"}],"curies":[{"name":"wp","href":"https:\/\/api.w.org\/{rel}","templated":true}]}}