{"id":26183,"date":"2025-06-02T12:27:16","date_gmt":"2025-06-02T12:27:16","guid":{"rendered":"https:\/\/www.zooza.online\/cenik\/vitejte-ve-sluzbe-zooza-pro\/"},"modified":"2026-04-27T11:53:34","modified_gmt":"2026-04-27T11:53:34","slug":"pro","status":"publish","type":"page","link":"https:\/\/www.zooza.online\/cs\/cenik\/pro\/","title":{"rendered":"V\u00edtejte ve slu\u017eb\u011b Zooza PRO"},"content":{"rendered":"<p>Klikli jste na funkci PRO v aplikaci Zooza. Jsme r\u00e1di, \u017ee jste zv\u011bdav\u00ed &#8211; znamen\u00e1 to, \u017ee mysl\u00edte dop\u0159edu. <\/p>\n<p>N\u011bkter\u00e9 funkce PRO jsou ve v\u00fdchoz\u00edm nastaven\u00ed uzam\u010den\u00e9, ale m\u016f\u017eete je kdykoli odemknout. Nev\u011b\u0159\u00edme na skr\u00fdv\u00e1n\u00ed n\u00e1stroj\u016f, ale n\u011bkter\u00e9 funkce vy\u017eaduj\u00ed pokro\u010dilej\u0161\u00ed nastaven\u00ed, dal\u0161\u00ed v\u00fdpo\u010detn\u00ed v\u00fdkon, nebo dokonce slu\u017eby t\u0159et\u00edch stran (nap\u0159\u00edklad <a href=\"https:\/\/help.zooza.online\/communication\/communication-whatsapp\" title=\"WhatsApp Communication\" target=\"_blank\" rel=\"noopener\">integrace WhatsApp<\/a> nebo AI). To znamen\u00e1 v\u011bt\u0161\u00ed slo\u017eitost &#8211; a n\u011bkdy i vy\u0161\u0161\u00ed n\u00e1klady.  <\/p>\n<h3 class=\"wp-block-heading\">Vyzkou\u0161ejte, ne\u017e se rozhodnete<\/h3>\n<p>A\u017e do konce z\u00e1\u0159\u00ed m\u016f\u017eete vyu\u017e\u00edvat vybran\u00e9 funkce PRO v aplikaci Zooza bez dal\u0161\u00edch poplatk\u016f. Vyzkou\u0161ejte je. Pou\u017e\u00edvejte je. A pozd\u011bji se rozhodn\u011bte, zda jsou pro v\u00e1s vhodn\u00e9.   <\/p>\n<div style=\"height:100px\" aria-hidden=\"true\" class=\"wp-block-spacer\"><\/div>\n<h2 class=\"wp-block-heading\">Co je uvnit\u0159 balen\u00ed PRO?<\/h2>\n<figure class=\"wp-block-table\">\n<table class=\"has-fixed-layout\">\n<tbody>\n<tr>\n<th>Funkce<\/th>\n<th>Pro\u010d na tom z\u00e1le\u017e\u00ed<\/th>\n<\/tr>\n<tr>\n<td><strong>Asistent s um\u011blou inteligenc\u00ed<\/strong><\/td>\n<td>Pom\u00e1h\u00e1 ps\u00e1t e-maily, upom\u00ednky, zru\u0161en\u00ed a shrnut\u00ed jedn\u00edm kliknut\u00edm.<\/td>\n<\/tr>\n<tr>\n<td><strong>N\u00e1stroje pro udr\u017een\u00ed<\/strong><\/td>\n<td>Snadn\u00fd zp\u016fsob, jak mohou va\u0161i klienti pokra\u010dovat v dal\u0161\u00edm kurzu nebo programu.<\/td>\n<\/tr>\n<tr>\n<td><strong>\u017d\u00e1dn\u00e9 dal\u0161\u00ed platby poplatk\u016f<\/strong><\/td>\n<td>Pou\u017e\u00edvejte <a href=\"https:\/\/help.zooza.online\/payments\/payment-options\" title=\"Payment Options\" target=\"_blank\" rel=\"noopener\">platebn\u00ed br\u00e1ny<\/a> bez dal\u0161\u00edch transak\u010dn\u00edch n\u00e1klad\u016f od spole\u010dnosti Zooza.<\/td>\n<\/tr>\n<tr>\n<td><strong>Produkty<\/strong><\/td>\n<td><a href=\"https:\/\/help.zooza.online\/programmes\/membership-subscription-setup\" title=\"Membership &amp; Subscription Setup\" target=\"_blank\" rel=\"noopener\">Prod\u00e1vejte bal\u00ed\u010dky, sady a dopl\u0148ky<\/a> nad r\u00e1mec sv\u00fdch sezen\u00ed a kurz\u016f.<\/td>\n<\/tr>\n<tr>\n<td><strong>\u017div\u00e9 p\u0159enosy \/ videa<\/strong><\/td>\n<td>Bezpe\u010dn\u011b sd\u00edlejte v\u00fdukov\u00fd obsah nebo nahr\u00e1vky se sv\u00fdmi klienty.<\/td>\n<\/tr>\n<tr>\n<td><strong>Dynamick\u00e9 dokumenty<\/strong><\/td>\n<td>Generov\u00e1n\u00ed a odes\u00edl\u00e1n\u00ed certifik\u00e1t\u016f, faktur nebo smluv za b\u011bhu.<\/td>\n<\/tr>\n<tr>\n<td><strong>Z\u00e1znamy o \u010dinnosti<\/strong><\/td>\n<td>P\u0159ehled o tom, kdo, co a kdy ud\u011blal, je d\u016fle\u017eit\u00fd pro v\u011bt\u0161\u00ed t\u00fdmy a <a href=\"https:\/\/help.zooza.online\/settings\/franchise-network\" title=\"Franchise Network Management\" target=\"_blank\" rel=\"noopener\">fran\u0161\u00edzy<\/a>.<\/td>\n<\/tr>\n<tr>\n<td><strong>Vlastn\u00ed pole nav\u00edc<\/strong><\/td>\n<td>P\u0159idejte do formul\u00e1\u0159\u016f dal\u0161\u00edch 10 povinn\u00fdch nebo nepovinn\u00fdch pol\u00ed podle toho, co pot\u0159ebujete shroma\u017e\u010fovat.<\/td>\n<\/tr>\n<tr>\n<td><strong>Mapov\u00fd widget<\/strong><\/td>\n<td>Zobrazte na sv\u00fdch webov\u00fdch str\u00e1nk\u00e1ch vizu\u00e1ln\u011b m\u00edsta kon\u00e1n\u00ed t\u0159\u00edd nebo ud\u00e1lost\u00ed.<\/td>\n<\/tr>\n<tr>\n<td><strong>Pokro\u010dil\u00e9 pod\u00e1v\u00e1n\u00ed zpr\u00e1v<\/strong><\/td>\n<td><a href=\"https:\/\/help.zooza.online\/settings\/reports-dashboard\" title=\"Reports Dashboard\" target=\"_blank\" rel=\"noopener\">Sledujte p\u0159\u00edjmy, n\u00e1v\u0161t\u011bvnost<\/a> nebo v\u00fdkonnost na r\u016fzn\u00fdch m\u00edstech a u r\u016fzn\u00fdch u\u017eivatel\u016f.<\/td>\n<\/tr>\n<tr>\n<td><strong>Dal\u0161\u00ed \u00falo\u017ei\u0161t\u011b a z\u00e1lohov\u00e1n\u00ed<\/strong><\/td>\n<td>V\u011bt\u0161\u00ed kapacita a ka\u017edodenn\u00ed z\u00e1lohov\u00e1n\u00ed pro klid du\u0161e. Data z\u00e1lohovan\u00e1 minim\u00e1ln\u011b 5 let zp\u011btn\u011b. <\/td>\n<\/tr>\n<tr>\n<td><strong>Power BI \/ Mailchimp<\/strong><\/td>\n<td><a href=\"https:\/\/help.zooza.online\/settings\/integrations-hub\" title=\"Integrations Hub\" target=\"_blank\" rel=\"noopener\">Propojte sv\u00e1 data a marketingov\u00e9 n\u00e1stroje<\/a> bez zbyte\u010dn\u00fdch starost\u00ed.<\/td>\n<\/tr>\n<tr>\n<td><strong>SMS \/ e-mailov\u00e9 kredity<\/strong><\/td>\n<td>Oslovte sv\u00e9 klienty p\u0159\u00edmo prost\u0159ednictv\u00edm zpr\u00e1v &#8211; automatick\u00fdch nebo vlastn\u00edch. (Voln\u00fd objem v z\u00e1vislosti na bal\u00ed\u010dku). <\/td>\n<\/tr>\n<tr>\n<td><strong>API a n\u00e1stroje pro v\u00fdvoj\u00e1\u0159e<\/strong><\/td>\n<td>Propojte sv\u00e9 webov\u00e9 str\u00e1nky, aplikace nebo syst\u00e9my p\u0159\u00edmo se syst\u00e9mem Zooza.<\/td>\n<\/tr>\n<tr>\n<td><strong>WhatsApp pro firmy<\/strong><\/td>\n<td>Chatujte s klienty prost\u0159ednictv\u00edm kan\u00e1lu, kter\u00fd ji\u017e pou\u017e\u00edvaj\u00ed ka\u017ed\u00fd den.<\/td>\n<\/tr>\n<\/tbody>\n<\/table>\n<\/figure>\n<div style=\"height:100px\" aria-hidden=\"true\" class=\"wp-block-spacer\"><\/div>\n<h2 class=\"wp-block-heading\">Co bude d\u00e1l?<\/h2>\n<p>Jsme tu, abychom v\u00e1m pomohli r\u016fst. PRO nen\u00ed jen sada n\u00e1stroj\u016f &#8211; je to dal\u0161\u00ed krok, kdy\u017e je va\u0161e firma p\u0159ipravena \u0161k\u00e1lovat, <a href=\"https:\/\/help.zooza.online\/programmes\/programme-automations\" title=\"Programme Automations\" target=\"_blank\" rel=\"noopener\">automatizovat<\/a> a vyniknout. <\/p>\n<p>Zaj\u00edm\u00e1 v\u00e1s, kter\u00e9 funkce PRO maj\u00ed smysl pro va\u0161e nastaven\u00ed? Poj\u010fme si promluvit. Jsme od v\u00e1s vzd\u00e1leni jen jednu zpr\u00e1vu.  <\/p><\/p>\n","protected":false},"excerpt":{"rendered":"<p>Klikli jste na funkci PRO v aplikaci Zooza. Jsme r\u00e1di, \u017ee jste zv\u011bdav\u00ed &#8211; znamen\u00e1 to, \u017ee mysl\u00edte dop\u0159edu. N\u011bkter\u00e9 funkce PRO jsou ve v\u00fdchoz\u00edm nastaven\u00ed uzam\u010den\u00e9, ale m\u016f\u017eete je kdykoli odemknout. Nev\u011b\u0159\u00edme na skr\u00fdv\u00e1n\u00ed n\u00e1stroj\u016f, ale n\u011bkter\u00e9 funkce vy\u017eaduj\u00ed pokro\u010dilej\u0161\u00ed nastaven\u00ed, dal\u0161\u00ed v\u00fdpo\u010detn\u00ed v\u00fdkon, nebo dokonce slu\u017eby t\u0159et\u00edch stran (nap\u0159\u00edklad integrace WhatsApp nebo AI). [&hellip;]<\/p>\n","protected":false},"author":2,"featured_media":0,"parent":21708,"menu_order":0,"comment_status":"closed","ping_status":"closed","template":"","meta":{"_acf_changed":false,"footnotes":""},"class_list":["post-26183","page","type-page","status-publish","hentry"],"acf":[],"_links":{"self":[{"href":"https:\/\/www.zooza.online\/cs\/wp-json\/wp\/v2\/pages\/26183","targetHints":{"allow":["GET"]}}],"collection":[{"href":"https:\/\/www.zooza.online\/cs\/wp-json\/wp\/v2\/pages"}],"about":[{"href":"https:\/\/www.zooza.online\/cs\/wp-json\/wp\/v2\/types\/page"}],"author":[{"embeddable":true,"href":"https:\/\/www.zooza.online\/cs\/wp-json\/wp\/v2\/users\/2"}],"replies":[{"embeddable":true,"href":"https:\/\/www.zooza.online\/cs\/wp-json\/wp\/v2\/comments?post=26183"}],"version-history":[{"count":3,"href":"https:\/\/www.zooza.online\/cs\/wp-json\/wp\/v2\/pages\/26183\/revisions"}],"predecessor-version":[{"id":30991,"href":"https:\/\/www.zooza.online\/cs\/wp-json\/wp\/v2\/pages\/26183\/revisions\/30991"}],"up":[{"embeddable":true,"href":"https:\/\/www.zooza.online\/cs\/wp-json\/wp\/v2\/pages\/21708"}],"wp:attachment":[{"href":"https:\/\/www.zooza.online\/cs\/wp-json\/wp\/v2\/media?parent=26183"}],"curies":[{"name":"wp","href":"https:\/\/api.w.org\/{rel}","templated":true}]}}