{"id":2710,"date":"2023-05-09T16:46:28","date_gmt":"2023-05-09T16:46:28","guid":{"rendered":"https:\/\/www.zooza.online\/kontakt\/"},"modified":"2025-04-10T14:18:21","modified_gmt":"2025-04-10T14:18:21","slug":"kontakt","status":"publish","type":"page","link":"https:\/\/www.zooza.online\/cs\/kontakt\/","title":{"rendered":"Kontakt"},"content":{"rendered":"\t\t<div data-elementor-type=\"wp-page\" data-elementor-id=\"2710\" class=\"elementor elementor-2710 elementor-46\" data-elementor-post-type=\"page\">\n\t\t\t\t<div class=\"elementor-element elementor-element-d63b534 e-flex e-con-boxed e-con e-parent\" data-id=\"d63b534\" data-element_type=\"container\" data-e-type=\"container\">\n\t\t\t\t\t<div class=\"e-con-inner\">\n\t\t\t\t<div class=\"elementor-element elementor-element-2b8ecc9 elementor-widget elementor-widget-spacer\" data-id=\"2b8ecc9\" data-element_type=\"widget\" data-e-type=\"widget\" data-widget_type=\"spacer.default\">\n\t\t\t\t\t\t\t<div class=\"elementor-spacer\">\n\t\t\t<div class=\"elementor-spacer-inner\"><\/div>\n\t\t<\/div>\n\t\t\t\t\t\t<\/div>\n\t\t\t\t\t<\/div>\n\t\t\t\t<\/div>\n\t\t<div class=\"elementor-element elementor-element-c71d9e8 e-flex e-con-boxed e-con e-parent\" data-id=\"c71d9e8\" data-element_type=\"container\" data-e-type=\"container\">\n\t\t\t\t\t<div class=\"e-con-inner\">\n\t\t\t\t<div class=\"elementor-element elementor-element-758ac14 elementor-widget elementor-widget-spacer\" data-id=\"758ac14\" data-element_type=\"widget\" data-e-type=\"widget\" data-widget_type=\"spacer.default\">\n\t\t\t\t\t\t\t<div class=\"elementor-spacer\">\n\t\t\t<div class=\"elementor-spacer-inner\"><\/div>\n\t\t<\/div>\n\t\t\t\t\t\t<\/div>\n\t\t\t\t<div class=\"elementor-element elementor-element-74bcaf5 elementor-widget elementor-widget-heading\" data-id=\"74bcaf5\" data-element_type=\"widget\" data-e-type=\"widget\" data-widget_type=\"heading.default\">\n\t\t\t\t\t<h1 class=\"elementor-heading-title elementor-size-default\">Kontaktn\u00ed \u00fadaje<\/h1>\t\t\t\t<\/div>\n\t\t\t\t<div class=\"elementor-element elementor-element-8de5a84 elementor-widget elementor-widget-text-editor\" data-id=\"8de5a84\" data-element_type=\"widget\" data-e-type=\"widget\" data-widget_type=\"text-editor.default\">\n\t\t\t\t\t\t\t\t\t<p>E-mail: <a href=\"mailto:hello@zooza.sk\">support@zooza.online<\/a><\/p><p>Telefonn\u00ed \u010d\u00edslo: +421 949 021 645<\/p><p>Na\u0161e telefonn\u00ed \u010d\u00edslo je k dispozici ka\u017ed\u00fd pracovn\u00ed den od 9:00 do 17:00.<\/p><p>Na\u0161e podpora je dvojjazy\u010dn\u00e1, tak\u017ee m\u016f\u017eete komunikovat slovensky nebo anglicky.<br \/>R\u00e1di v\u00e1m pom\u016f\u017eeme s va\u0161imi dotazy.<\/p><p>Pro specifick\u00e9 po\u017eadavky vyu\u017eijte n\u00e1\u0161 ticketov\u00fd port\u00e1l prost\u0159ednictv\u00edm oran\u017eov\u00e9ho otazn\u00edku vpravo dole.<\/p><p><a href=\"callto:+421%20949%20021%20645\">\u00a0<\/a><\/p>\t\t\t\t\t\t\t\t<\/div>\n\t\t\t\t<div class=\"elementor-element elementor-element-f674d05 elementor-widget elementor-widget-spacer\" data-id=\"f674d05\" data-element_type=\"widget\" data-e-type=\"widget\" data-widget_type=\"spacer.default\">\n\t\t\t\t\t\t\t<div class=\"elementor-spacer\">\n\t\t\t<div class=\"elementor-spacer-inner\"><\/div>\n\t\t<\/div>\n\t\t\t\t\t\t<\/div>\n\t\t\t\t\t<\/div>\n\t\t\t\t<\/div>\n\t\t\t\t<\/div>\n\t\t","protected":false},"excerpt":{"rendered":"<p>Kontaktn\u00ed \u00fadaje E-mail: support@zooza.online Telefonn\u00ed \u010d\u00edslo: +421 949 021 645 Na\u0161e telefonn\u00ed \u010d\u00edslo je k dispozici ka\u017ed\u00fd pracovn\u00ed den od 9:00 do 17:00. Na\u0161e podpora je dvojjazy\u010dn\u00e1, tak\u017ee m\u016f\u017eete komunikovat slovensky nebo anglicky.R\u00e1di v\u00e1m pom\u016f\u017eeme s va\u0161imi dotazy. Pro specifick\u00e9 po\u017eadavky vyu\u017eijte n\u00e1\u0161 ticketov\u00fd port\u00e1l prost\u0159ednictv\u00edm oran\u017eov\u00e9ho otazn\u00edku vpravo dole. \u00a0<\/p>\n","protected":false},"author":1,"featured_media":0,"parent":0,"menu_order":0,"comment_status":"closed","ping_status":"closed","template":"","meta":{"_acf_changed":false,"footnotes":""},"class_list":["post-2710","page","type-page","status-publish","hentry"],"acf":[],"_links":{"self":[{"href":"https:\/\/www.zooza.online\/cs\/wp-json\/wp\/v2\/pages\/2710","targetHints":{"allow":["GET"]}}],"collection":[{"href":"https:\/\/www.zooza.online\/cs\/wp-json\/wp\/v2\/pages"}],"about":[{"href":"https:\/\/www.zooza.online\/cs\/wp-json\/wp\/v2\/types\/page"}],"author":[{"embeddable":true,"href":"https:\/\/www.zooza.online\/cs\/wp-json\/wp\/v2\/users\/1"}],"replies":[{"embeddable":true,"href":"https:\/\/www.zooza.online\/cs\/wp-json\/wp\/v2\/comments?post=2710"}],"version-history":[{"count":6,"href":"https:\/\/www.zooza.online\/cs\/wp-json\/wp\/v2\/pages\/2710\/revisions"}],"predecessor-version":[{"id":24986,"href":"https:\/\/www.zooza.online\/cs\/wp-json\/wp\/v2\/pages\/2710\/revisions\/24986"}],"wp:attachment":[{"href":"https:\/\/www.zooza.online\/cs\/wp-json\/wp\/v2\/media?parent=2710"}],"curies":[{"name":"wp","href":"https:\/\/api.w.org\/{rel}","templated":true}]}}