{"id":3230,"date":"2023-05-19T08:35:29","date_gmt":"2023-05-19T08:35:29","guid":{"rendered":"https:\/\/www.zooza.online\/funkcionality\/"},"modified":"2026-04-27T11:45:22","modified_gmt":"2026-04-27T11:45:22","slug":"funkcionality","status":"publish","type":"page","link":"https:\/\/www.zooza.online\/cs\/funkcionality\/","title":{"rendered":"Funkcionality"},"content":{"rendered":"<h1>\n\t\t\t\t\tWooooooow<br \/>\n\t\t\t\t\tfunkcionality<br \/>\n\t\t\t\t\tpro kurzy<br \/>\n\t\t\t\t\t<\/h1>\n<p>Zooza je <strong>registra\u010dn\u00ed formul\u00e1\u0159 pro kurzy s doch\u00e1zkou<\/strong>, kter\u00fd si snadno vlo\u017e\u00edte na svoji str\u00e1nku. Podpo\u0159\u00ed \u0159\u00edzen\u00ed va\u0161eho vzd\u011bl\u00e1vac\u00edho projektu, kurzu, krou\u017eku, klubu nebo <a href=\"https:\/\/www.zooza.online\/cs\/solutions-cs\/language-schools-cs\/\" title=\"Language School Billing Software\">jazykov\u00e9 \u0161koly<\/a>.<\/p>\n<p>Odleh\u010d\u00ed ka\u017edenn\u00ed komunikaci, organizaci a zv\u00fd\u0161\u00ed v\u00e1m p\u0159ehled o klientech a platb\u00e1ch. Tak jako mnoha na\u0161im existuj\u00edc\u00edm partner\u016fm.<\/p>\n<p>\t\t\t<a href=\"https:\/\/zooza.sk\/signup\/\" role=\"button\"><br \/>\n\t\t\t\t\t\tVyzkou\u0161et zdarma<br \/>\n\t\t\t\t\t<\/a><br \/>\n\t\t\t<a href=\"#v\u00edce\" role=\"button\"><br \/>\n\t\t\t\t\t\tZjistit v\u00edce<br \/>\n\t\t\t\t\t<\/a><br \/>\n\t\t\t\t\t\t\t\t\t\t\t\t\t\t\t<img loading=\"lazy\" loading=\"lazy\" decoding=\"async\" width=\"800\" height=\"450\" src=\"https:\/\/www.zooza.online\/wp-content\/uploads\/2023\/05\/Registracie.gif\" alt=\"\" title=\"\">\t\t\t\t\t\t\t\t\t\t\t\t\t\t\t<\/p>\n<h2><strong>J\u00e9\u00e9\u00e9\u00e9mminky, jak je za ty kurzy milujeme<\/strong><\/h2>\n<p>\u201eZooza n\u00e1m zlep\u0161ila p\u0159ehled o studentech, o kurzech, o lektorech. Jeliko\u017e nejsme \u00fapln\u011b standardn\u00ed jazykovka, ale m\u00e1me spoustu kurz\u016f \u00fapln\u011b na m\u00edru, tak jsme asi i t\u00fdmu v Zooze p\u0159ipravili p\u00e1r piko\u0161ek. Ale l\u00edb\u00ed se n\u00e1m trp\u011bliv\u00fd p\u0159\u00edstup kolektivu Zooza.\u201c<\/p>\n<p> <a href=\"https:\/\/www.zooza.online\/case-studies\/brainyjam-trnava-jazykove-centrum\/\">P\u0159e\u010dt\u011bte si v\u00edce o tomto p\u0159\u00edb\u011bhu<\/a><\/p>\n<p>\t\t\t\t\t<cite>PaedDr. Erika Rapav\u00e1BrainyJAM Trnava, jazykov\u00e9 centrum<\/cite><br \/>\n\t\t\t\t\t\t<img decoding=\"async\" src=\"https:\/\/www.zooza.online\/wp-content\/uploads\/2023\/05\/erika_rapava_brainy_jam_trnava-edited-300x300-1.jpeg\" alt=\"PaedDr. Erika Rapav\u00e1\" title=\"\"><\/p>\n<p>\u201eZooza mi pom\u00e1h\u00e1 a usnad\u0148uje organizaci kurz\u016f, zjednodu\u0161ila se registrace a odhla\u0161ov\u00e1n\u00ed z lekc\u00ed. Nyn\u00ed m\u00e1m v\u011bt\u0161\u00ed p\u0159ehled o klientech a z\u00e1rove\u0148 klienti maj\u00ed v\u011bt\u0161\u00ed p\u0159ehled o nab\u00eddce kurz\u016f. Rapidn\u011b se sn\u00ed\u017eil po\u010det email\u016f, sms zpr\u00e1v a telefon\u00e1t\u016f, proto\u017ee Zooza komunikuje za m\u011b. D\u00edky Zooze mohu u\u0161et\u0159en\u00fd \u010das v\u011bnovat kvalitn\u011bj\u0161\u00ed p\u0159\u00edprav\u011b na lekce, rodin\u011b a relaxaci.\u201e<br \/>\n <a href=\"https:\/\/www.zooza.online\/cs\/marine-swim-academy\/\">P\u0159e\u010dt\u011bte si v\u00edce o tomto p\u0159\u00edb\u011bhu<\/a><\/p>\n<p>\t\t\t\t\t<cite>Denisa PavelkaInstruktorka a majitelka projektu Marine Swim Academy, <a href=\"https:\/\/www.zooza.online\/cs\/solutions-cs\/child-activity-cs\/\" title=\"Kids Activity Booking Software\">kurzy plav\u00e1n\u00ed pro d\u011bti<\/a><\/cite><br \/>\n\t\t\t\t\t\t<img decoding=\"async\" src=\"https:\/\/www.zooza.online\/wp-content\/uploads\/2023\/05\/instruktor-plavania_denisa_pavelka-edited-300x300-1.jpeg\" alt=\"Denisa Pavelka\" title=\"\"><\/p>\n<p>\u201eNab\u00eddka Zooza m\u011b zastihla v depresi z toho, \u017ee nest\u00edh\u00e1m zpracovat celou organizaci p\u0159ihl\u00e1\u0161en\u00ed, plateb, kontroly, doch\u00e1zky a tak d\u00e1le. P\u0159\u00edv\u011btivost syst\u00e9mu Zooza m\u011b p\u0159esv\u011bd\u010dila zah\u00e1jit spolupr\u00e1ci. \u0160et\u0159\u00ed spoustu \u010dasu a v\u011bt\u0161inu administrativy d\u011bl\u00e1 syst\u00e9m s\u00e1m. To co jsem do t\u00e9 doby d\u011blal v tabulk\u00e1ch manu\u00e1ln\u011b, nyn\u00ed d\u011bl\u00e1 syst\u00e9m a nav\u00edc mi pom\u00e1h\u00e1 zorientovat se v dynamice v\u00fdvoje cel\u00e9ho projektu p\u0159es statistiky, r\u016fst, komunikaci.\u201c<\/p>\n<p> <a href=\"https:\/\/www.zooza.online\/case-studies\/lamac-v-pohybe\/\">P\u0159e\u010dt\u011bte si v\u00edce o tomto p\u0159\u00edb\u011bhu<\/a><\/p>\n<p>\t\t\t\t\t<cite>John Doe\u0161\u00e9ftren\u00e9r a mana\u017eer Lama\u010d v pohybu, pohybov\u00e9 centrum s kurzy pro d\u011bti a dosp\u011bl\u00e9<\/cite><br \/>\n\t\t\t\t\t\t<img decoding=\"async\" src=\"https:\/\/www.zooza.online\/wp-content\/uploads\/2023\/05\/Board-Academy-Chorvatsko-hydrofoiling-1-edited-1.jpeg\" alt=\"John Doe\" title=\"\"><\/p>\n<p>\u201eD\u00edky Zooze m\u016f\u017eeme nyn\u00ed d\u011blat v\u00edc. Je to jednoduch\u00e1 matematika \u2013 ve\u0161ker\u00fd \u010das, co n\u00e1m Zooza \u0161et\u0159\u00ed v administrativ\u011b a za po\u010d\u00edta\u010dem um\u00edme v\u011bnovat kurz\u016fm, nov\u00fdm projek\u016fm a na\u0161im z\u00e1kazn\u00edk\u016fm\u201c<br \/>\n <a href=\"https:\/\/www.zooza.online\/case-studies\/tri-sisky-trnava\/\">P\u0159e\u010dt\u011bte si v\u00edce o tomto p\u0159\u00edb\u011bhu<\/a><\/p>\n<p>\t\t\t\t\t<cite>Michal \u0160i\u0161kamajitel projektu rodinn\u00e9ho centra Tri \u0160i\u0161ky v Trnav\u011b<\/cite><br \/>\n\t\t\t\t\t\t<img decoding=\"async\" src=\"https:\/\/www.zooza.online\/wp-content\/uploads\/2023\/05\/michal_siska_tri_sisky-300x300-1.jpg\" alt=\"Michal \u0160i\u0161ka\" title=\"\"><\/p>\n<p>\u201eSe Zooza m\u00e1m v\u0161e na jednom m\u00edst\u011b, je velmi komplexn\u00ed a p\u0159ehledn\u00e1 aplikace. D\u00edky Zooza p\u016fsob\u00edme profesion\u00e1ln\u011bji. Lid\u00e9 n\u00e1s berou ser\u00f3zn\u011bji. V t\u011bch skupin\u00e1ch a t\u0159\u00edd\u00e1ch, kde jsem u\u017e se Zoozou nastavila fungov\u00e1n\u00ed, se zlep\u0161ila discipl\u00edna plateb, odhla\u0161ov\u00e1n\u00ed a p\u0159ihla\u0161ov\u00e1n\u00ed se z hodin.\u201c<br \/>\n <a href=\"https:\/\/www.zooza.online\/helen-doron-english-zvolen\/\">P\u0159e\u010dt\u011bte si v\u00edce o tomto p\u0159\u00edb\u011bhu<\/a><\/p>\n<p>\t\t\t\t\t<cite>Veronika Va\u0148kov\u00e1Helen Doron English Zvolen, majitelka projektu z vyu\u010dovac\u00edho centra<\/cite><br \/>\n\t\t\t\t\t\t<img decoding=\"async\" src=\"https:\/\/www.zooza.online\/wp-content\/uploads\/2023\/05\/helen_doron_logo_80-1.png\" alt=\"Veronika Va\u0148kov\u00e1\" title=\"\"><\/p>\n<p>\u201eZooza n\u00e1s odb\u0159emenila hlavn\u011b od vol\u00e1n\u00ed a smskov\u00e1n\u00ed o n\u00e1hrad\u00e1ch. Tak\u00e9 na\u0161i z\u00e1kazn\u00edci syst\u00e9m oce\u0148uj\u00ed, proto\u017ee maj\u00ed p\u0159ehled ve sv\u00fdch profilech, kolik n\u00e1hradn\u00edch hodin je\u0161t\u011b maj\u00ed k dispozici. D\u00edky Zooze m\u016f\u017eeme vytv\u00e1\u0159et kurzy, komunikovat s rodi\u010di, sledovat kolik d\u011bt\u00ed se n\u00e1m odhl\u00e1silo, ale nap\u0159\u00edklad i poslat rodi\u010d\u016fm faktury za na\u0161e slu\u017eby.\u201c<\/p>\n<p> <a href=\"https:\/\/www.zooza.online\/cs\/pripadove-studie\/babyplavani-clupko\/\">P\u0159e\u010dt\u011bte si v\u00edce o tomto p\u0159\u00edb\u011bhu<\/a><\/p>\n<p>\t\t\t\t\t<cite>Mima a Katkainstruktorky a majitelky projektu Babyplav\u00e1n\u00ed \u010clupko<\/cite><br \/>\n\t\t\t\t\t\t<img decoding=\"async\" src=\"https:\/\/www.zooza.online\/wp-content\/uploads\/2023\/05\/babyplavannie_clupko_500-300x300-1.jpg\" alt=\"Mima a Katka\" title=\"\"><\/p>\n<p>\u201eZooza n\u00e1m nejv\u00edce pom\u00e1h\u00e1 p\u0159ehledem o p\u0159ihl\u00e1\u0161en\u00fdch klientech. Je k dan\u00e9mu momentu v\u017edy aktu\u00e1ln\u00ed pro v\u0161echny strany. Praktick\u00e9 je, \u017ee informace ke ka\u017ed\u00e9mu tr\u00e9ninku jsou zp\u011btn\u011b dohledateln\u00e9, um\u00edme se na n\u011b spolehliv\u011b odvolat.<\/p>\n<p>Pochvaluji si zejm\u00e9na \u00fa\u017easn\u00fd support, d\u00edky kter\u00e9mu se n\u00e1m poda\u0159ilo p\u0159ekonat mnoh\u00e1 \u00faskal\u00ed, vlastn\u00ed nejistotu a obavy ze zm\u011bn v za\u010d\u00e1tc\u00edch pou\u017e\u00edv\u00e1n\u00ed. Profesion\u00e1ln\u00ed a p\u0159\u00edjemn\u00fd lidsk\u00fd p\u0159\u00edstup, jako nikde jinde. D\u00edky Zooze u\u017e nemus\u00edme komunikovat s klienty individu\u00e1ln\u011b 24 hodin a 7 dn\u00ed v t\u00fddnu.\u201c<br \/>\n <a href=\"https:\/\/www.zooza.online\/cs\/pripadove-studie\/activoowo\/\">P\u0159e\u010dt\u011bte si v\u00edce o tomto p\u0159\u00edb\u011bhu<\/a><\/p>\n<p>\t\t\t\t\t<cite>Lenka Pova\u017eanov\u00e1majitelka a zakladatelka projektu ActiWOOWo, projekt pohybov\u00e9 p\u0159\u00edpravky pro d\u011bti a dosp\u011bl\u00e9.<\/cite><br \/>\n\t\t\t\t\t\t<img decoding=\"async\" src=\"https:\/\/www.zooza.online\/wp-content\/uploads\/2023\/05\/actiwoowo_lenka_povazanova-300x300-1.png\" alt=\"Lenka Pova\u017eanov\u00e1\" title=\"\"><\/p>\n<p>\u201eZooza n\u00e1m pom\u00e1h\u00e1 ji\u017e n\u011bkolik let ve spr\u00e1v\u011b tr\u00e9nink\u016f a doch\u00e1zek. Odkdy pou\u017e\u00edv\u00e1me Zoozu, usnadnila se n\u00e1m komunikace s klienty, nakolik i pro n\u011b je syst\u00e9m doch\u00e1zky a plateb p\u0159ehledn\u00fd. Zooza se neust\u00e1le vyv\u00edj\u00ed a p\u0159ekvapuje n\u00e1s nov\u00fdmi vylep\u0161en\u00edmi. V mnoha ohledech n\u00e1m usnad\u0148uje na\u0161i pr\u00e1ci a odce\u0148ujeme hlavn\u011b support a jejich komunikaci, kdy reaguj\u00ed na na\u0161e podn\u011bty prakticky okam\u017eit\u011b.\u201c<br \/>\n <a href=\"https:\/\/www.zooza.online\/case-studies\/lezecka-akademia\/\">P\u0159e\u010dt\u011bte si v\u00edce o tomto p\u0159\u00edb\u011bhu<\/a><\/p>\n<p>\t\t\t\t\t<cite>Andrea \u010cepcov\u00e1majitelka projektu Lezeck\u00e1 Akademie<\/cite><br \/>\n\t\t\t\t\t\t<img decoding=\"async\" src=\"https:\/\/www.zooza.online\/wp-content\/uploads\/2023\/05\/andrea_cepcova-300x300-1.png\" alt=\"Andrea \u010cepcov\u00e1\" title=\"\"><br \/>\n\t\t\t\t\t\t\t\t\t\t\t\t\t\tPredo\u0161l\u00e9<br \/>\n\t\t\t\t\t\t\t\t\t\t\t\t\t\t\u010eal\u0161ie<\/p>\n<h2>N\u00e1stroj pro doch\u00e1zku<br \/>\na n\u00e1hradn\u00ed hodiny<\/h2>\n<p>Z\u00e1jemce o kurz p\u0159es mobil klikne, \u017ee se odhlasuje z hodiny, podle nastaven\u00ed si vybere n\u00e1hradu a lektor v mobilu <a href=\"https:\/\/help.zooza.online\/calendar\/admin-attendance-management\" title=\"Attendance Management\" target=\"_blank\" rel=\"noopener\">zaznamen\u00e1 doch\u00e1zku<\/a>. Tak jednoduch\u00e9. \u017d\u00e1dn\u00e9 zpr\u00e1vy a telefon\u00e1ty nav\u00edc. A m\u00e1te stoprocentn\u011b spravedliv\u00fd a dokonal\u00fd p\u0159ehled. TOP vhodn\u00e9 i pro individu\u00e1ln\u00ed nebo firemn\u00ed v\u00fduku.<\/p>\n<p>\t\t\t<a href=\"https:\/\/www.zooza.online\/cs\/funkcionality\/profil-klienta\/\" role=\"button\"><br \/>\n\t\t\t\t\t\tZjistit v\u00edce<br \/>\n\t\t\t\t\t<\/a><br \/>\n\t\t\t\t\t\t\t\t\t\t\t\t\t\t\t<img loading=\"lazy\" loading=\"lazy\" decoding=\"async\" width=\"800\" height=\"450\" src=\"https:\/\/www.zooza.online\/wp-content\/uploads\/2023\/05\/Registracie-1.gif\" alt=\"\" title=\"\">\t\t\t\t\t\t\t\t\t\t\t\t\t\t\t<\/p>\n<h2>Lep\u0161\u00ed registrace na kurzy<br \/>\nna va\u0161ich webov\u00fdch str\u00e1nk\u00e1ch a mobiln\u00edch za\u0159\u00edzen\u00edch<\/h2>\n<p>Z\u00e1jemce o kurz nav\u0161t\u00edv\u00ed v\u00e1\u0161 web, vybere si kurz, kter\u00fd chce nav\u0161t\u00edvit. V mobilu vypln\u00ed \u00fadaje a informace, kter\u00e9 pot\u0159ebujete, podep\u00ed\u0161e souhlasy. Formul\u00e1\u0159 hl\u00edd\u00e1 kapacity, vytv\u00e1\u0159\u00ed po\u0159adn\u00edk \u010di informuje o d\u016fle\u017eit\u00fdch informac\u00edch. Dok\u00e1\u017ee p\u0159\u00edmo sesb\u00edrat platby a po registraci organizuje z\u00e1jemce o kurz. Automaticky a bez telefon\u00e1t\u016f nav\u00edc. <\/p>\n<p>\t\t\t\t\t\t\t\t\t\t\t\t\t\t\t<img loading=\"lazy\" loading=\"lazy\" decoding=\"async\" width=\"800\" height=\"450\" src=\"https:\/\/www.zooza.online\/wp-content\/uploads\/2023\/05\/Kalendar-1.gif\" alt=\"\" title=\"\">\t\t\t\t\t\t\t\t\t\t\t\t\t\t\t<\/p>\n<h2>Klientsk\u00e1 z\u00f3na<br \/>\nna va\u0161em webu a bez hesla <\/h2>\n<p>V\u00e1\u0161 z\u00e1jemce se p\u0159ihla\u0161uje p\u0159es sv\u016fj email do sv\u00e9ho profilu na va\u0161em webu. M\u00e1 tam v\u0161echny kurzy, a informace o nich, nadch\u00e1zej\u00edc\u00ed hodiny, <a href=\"https:\/\/help.zooza.online\/calendar\/make-up-sessions-faq\" title=\"Make-up Sessions\" target=\"_blank\" rel=\"noopener\">n\u00e1hradn\u00ed hodiny<\/a> a p\u0159ehled plateb i s notifikacemi. M\u016f\u017eete bezpe\u010dn\u011b stahovat dokumenty nebo sledovat videa. A samoz\u0159ejm\u011b p\u0159es mobiln\u00ed telefon. <\/p>\n<p>\t\t\t\t\t\t\t\t\t\t\t\t\t\t\t<img loading=\"lazy\" loading=\"lazy\" decoding=\"async\" width=\"800\" height=\"450\" src=\"https:\/\/www.zooza.online\/wp-content\/uploads\/2023\/05\/Registracie-1.gif\" alt=\"\" title=\"\"><br \/>\n\t\t\t\t\t\t\t\t\t\t\t\t\t\t\t<img loading=\"lazy\" loading=\"lazy\" decoding=\"async\" width=\"300\" height=\"217\" src=\"https:\/\/www.zooza.online\/wp-content\/uploads\/2023\/05\/web04-300x217.png\" alt=\"\" srcset=\"https:\/\/www.zooza.online\/wp-content\/uploads\/2023\/05\/web04-300x217.png 300w, https:\/\/www.zooza.online\/wp-content\/uploads\/2023\/05\/web04-1024x739.png 1024w, https:\/\/www.zooza.online\/wp-content\/uploads\/2023\/05\/web04-768x554.png 768w, https:\/\/www.zooza.online\/wp-content\/uploads\/2023\/05\/web04.png 1200w\" sizes=\"auto, (max-width: 300px) 100vw, 300px\" title=\"\">\t\t\t\t\t\t\t\t\t\t\t\t\t\t\t<\/p>\n<h2>Ani dal\u0161\u00ed funkcionality nebudou le\u017eet v kout\u011b.<\/h2>\n<h3><strong>Lep\u0161\u00ed v\u00fdb\u011br pen\u011bz<\/strong><\/h3>\n<p style=\"text-align: center;\">A\u0165 u\u017e kartou, nebo v hotovosti, v\u017edy m\u00e1te p\u0159ehled. Na\u0161i klienti hl\u00e1s\u00ed, \u017ee zapo\u010det\u00edm pou\u017e\u00edv\u00e1n\u00ed Zoozy se jim zlep\u0161il v\u00fdb\u011br pen\u011bz. Nen\u00ed divu, se Zoozou m\u00e1te vy i va\u0161i klienti p\u0159ehled. A informuje v\u0161echny o v\u0161em. <\/p>\n<h3><strong>Na\u010d m\u00edt i mailchimp<\/strong><\/h3>\n<p style=\"text-align: center;\">I vy komunikujete se sv\u00fdmi klienty kurz\u016f p\u0159es mail \u010di sms? Zru\u0161en\u00e9 hodiny, jin\u00e9 zm\u011bny v programu, promo nov\u00e9ho kurzu \u010di p\u0159\u00e1n\u00ed k V\u00e1noc\u016fm? V aplikaci Zooza m\u00e1te v\u0161e na jednom m\u00edst\u011b.<\/p>\n<h3><strong>\u0158\u00edzen\u00ed a pl\u00e1nov\u00e1n\u00ed lektor\u016f<\/strong><\/h3>\n<p style=\"text-align: center;\">V\u00fdkaz odu\u010den\u00fdch hodin, sazeb nebo p\u0159ehled, kdo je opr\u00e1vn\u011bn. I d\u00edky tomu m\u00e1te je\u0161t\u011b lep\u0161\u00ed p\u0159ehled a pl\u00e1nov\u00e1n\u00ed hodin bude je\u0161t\u011b jednodu\u0161\u0161\u00ed. <\/p>\n","protected":false},"excerpt":{"rendered":"<p>Wooooooow funkcionality pro kurzy Zooza je registra\u010dn\u00ed formul\u00e1\u0159 pro kurzy s doch\u00e1zkou, kter\u00fd si snadno vlo\u017e\u00edte na svoji str\u00e1nku. Podpo\u0159\u00ed \u0159\u00edzen\u00ed va\u0161eho vzd\u011bl\u00e1vac\u00edho projektu, kurzu, krou\u017eku, klubu nebo jazykov\u00e9 \u0161koly. Odleh\u010d\u00ed ka\u017edenn\u00ed komunikaci, organizaci a zv\u00fd\u0161\u00ed v\u00e1m p\u0159ehled o klientech a platb\u00e1ch. Tak jako mnoha na\u0161im existuj\u00edc\u00edm partner\u016fm. Vyzkou\u0161et zdarma Zjistit v\u00edce J\u00e9\u00e9\u00e9\u00e9mminky, jak je [&hellip;]<\/p>\n","protected":false},"author":2,"featured_media":17033,"parent":0,"menu_order":0,"comment_status":"closed","ping_status":"closed","template":"","meta":{"_acf_changed":false,"footnotes":""},"class_list":["post-3230","page","type-page","status-publish","has-post-thumbnail","hentry"],"acf":[],"_links":{"self":[{"href":"https:\/\/www.zooza.online\/cs\/wp-json\/wp\/v2\/pages\/3230","targetHints":{"allow":["GET"]}}],"collection":[{"href":"https:\/\/www.zooza.online\/cs\/wp-json\/wp\/v2\/pages"}],"about":[{"href":"https:\/\/www.zooza.online\/cs\/wp-json\/wp\/v2\/types\/page"}],"author":[{"embeddable":true,"href":"https:\/\/www.zooza.online\/cs\/wp-json\/wp\/v2\/users\/2"}],"replies":[{"embeddable":true,"href":"https:\/\/www.zooza.online\/cs\/wp-json\/wp\/v2\/comments?post=3230"}],"version-history":[{"count":1,"href":"https:\/\/www.zooza.online\/cs\/wp-json\/wp\/v2\/pages\/3230\/revisions"}],"predecessor-version":[{"id":30970,"href":"https:\/\/www.zooza.online\/cs\/wp-json\/wp\/v2\/pages\/3230\/revisions\/30970"}],"wp:featuredmedia":[{"embeddable":true,"href":"https:\/\/www.zooza.online\/cs\/wp-json\/wp\/v2\/media\/17033"}],"wp:attachment":[{"href":"https:\/\/www.zooza.online\/cs\/wp-json\/wp\/v2\/media?parent=3230"}],"curies":[{"name":"wp","href":"https:\/\/api.w.org\/{rel}","templated":true}]}}