{"id":3322,"date":"2023-05-17T12:38:46","date_gmt":"2023-05-17T12:38:46","guid":{"rendered":"https:\/\/www.zooza.online\/pripadove-studie\/babyplavani-clupko\/"},"modified":"2023-05-31T08:03:23","modified_gmt":"2023-05-31T08:03:23","slug":"babyplavani-clupko","status":"publish","type":"page","link":"https:\/\/www.zooza.online\/cs\/babyplavani-clupko\/","title":{"rendered":"Babyplav\u00e1n\u00ed \u010clupko"},"content":{"rendered":"<h1>Projekt plav\u00e1n\u00ed pro d\u011bti: I na\u0161i z\u00e1kazn\u00edci oce\u0148uj\u00ed, \u017ee maj\u00ed v\u011bt\u0161\u00ed p\u0159ehled<\/h1>\n<p>\t\t\t\t\t\t\t\t\t\t\t\t\t\t\t<img loading=\"lazy\" decoding=\"async\" width=\"359\" height=\"250\" src=\"https:\/\/www.zooza.online\/wp-content\/uploads\/2023\/05\/babyplavanie_clupko_logo.jpeg\" alt=\"\" loading=\"lazy\" srcset=\"https:\/\/www.zooza.online\/wp-content\/uploads\/2023\/05\/babyplavanie_clupko_logo.jpeg 359w, https:\/\/www.zooza.online\/wp-content\/uploads\/2023\/05\/babyplavanie_clupko_logo-300x209.jpeg 300w\" sizes=\"auto, (max-width: 359px) 100vw, 359px\" title=\"\">\t\t\t\t\t\t\t\t\t\t\t\t\t\t\t<\/p>\n<p>Plav\u00e1n\u00ed je nesm\u00edrn\u011b obl\u00edbenou a d\u016fle\u017eitou aktivitou ve v\u00fdvoji mal\u00e9ho \u010dlov\u011bka. Naj\u00edt kvalitn\u00ed plav\u00e1n\u00ed m\u016f\u017ee b\u00fdt docela o\u0159\u00ed\u0161ek. Provozovat je, je opravdu n\u00e1ro\u010dn\u00e9, kv\u016fli prostor\u016fm, \u010distot\u011b, zdrav\u00ed, pohodl\u00ed a to je\u0161t\u011b v doprovodu zku\u0161en\u00e9 lektorky.<\/p>\n<p>D\u00edky za to, \u017ee existuj\u00ed nad\u0161en\u00ed lid\u00e9, kte\u0159\u00ed jsou uchv\u00e1ceni t\u00edmto sv\u011btem a v\u011bnuj\u00ed tomu svou energii. Mezi progresivn\u00ed a \u00fasp\u011b\u0161n\u00e9 plaveck\u00e9 aktivity pro d\u011bti pat\u0159\u00ed projekt <a href=\"https:\/\/babyplavanieclupko.sk\/\" target=\"_blank\" rel=\"noopener\">Babyplav\u00e1n\u00ed \u010c\u013eupko<\/a>.<\/p>\n<p>Vyzna\u010duj\u00ed se lidsk\u00fdm p\u0159\u00edstupem a ochotou neust\u00e1le zlep\u0161ovat kvalitu slu\u017eeb.<\/p>\n<h2>Zooza usnad\u0148uje klient\u016fm i n\u00e1m v\u00fdb\u011br n\u00e1hradn\u00edch hodin<\/h2>\n<p>\u201eHledali jsme program, kter\u00fd n\u00e1m ale i na\u0161im z\u00e1kazn\u00edk\u016fm usnadn\u00ed odhla\u0161ov\u00e1n\u00ed se z hodiny a z\u00e1rove\u0148 si i oni sami mohou naj\u00edt n\u00e1hradn\u00ed hodinu na den, kdy jim to vyhovuje a my je nemus\u00edme zat\u011b\u017eovat smskami.\u201c<\/p>\n<p>Proto n\u00e1s nadchli a jsme \u0161\u0165astn\u00ed, \u017ee m\u016f\u017eeme podporovat i tento projekt.<\/p>\n<p>\u201eZooza n\u00e1s odb\u0159emenila hlavn\u011b od vol\u00e1n\u00ed a smskov\u00e1n\u00ed o n\u00e1hrad\u00e1ch. I na\u0161i z\u00e1kazn\u00edci syst\u00e9m oce\u0148uj\u00ed, proto\u017ee maj\u00ed p\u0159ehled ve sv\u00fdch profilech, kolik n\u00e1hradn\u00edch hodin je\u0161t\u011b maj\u00ed k dispozici. D\u00edky Zooze m\u016f\u017eeme vytv\u00e1\u0159et kurzy, komunikovat s rodi\u010di, sledovat kolik d\u011bt\u00ed se n\u00e1m odhl\u00e1silo, ale nap\u0159\u00edklad i poslat rodi\u010d\u016fm faktury za na\u0161e slu\u017eby.\u201c<\/p>\n<p><cite>Mima a Katka<br \/>instruktorky a majitelky projektu Babyplav\u00e1n\u00ed \u010clupko<\/cite><\/p>\n<p>Babyplav\u00e1n\u00ed \u010clupko je perfektn\u00ed projekt, kter\u00fd neust\u00e1le posouv\u00e1 mo\u017enosti vp\u0159ed. V\u0159ele doporu\u010dujeme.<\/p>\n<h2>Projekt ze Zoozy vyu\u017e\u00edv\u00e1 zejm\u00e9na:<\/h2>\n<ul>\n<li>Registra\u010dn\u00ed formul\u00e1\u0159<\/li>\n<li>Registra\u010dn\u00ed kalend\u00e1\u0159<\/li>\n<li>Pr\u016fb\u011bhov\u00e9 skupiny<\/li>\n<li>Datab\u00e1ze klient\u016f s filtrov\u00e1n\u00edm<\/li>\n<li>Doch\u00e1zka s n\u00e1hradami<\/li>\n<li>Profil klienta s p\u0159ehledem plateb<\/li>\n<li>Jednor\u00e1zov\u00e9 platby<\/li>\n<li>Platby za hodinu pro otev\u0159en\u00e9 hodiny<\/li>\n<li>E-mailov\u00e1 a SMS komunikace<\/li>\n<li>Pl\u00e1nov\u00e1n\u00ed m\u00edst a lektor\u016f<\/li>\n<li>Hl\u00e1\u0161en\u00ed<\/li>\n<li>Faktury<\/li>\n<\/ul>\n","protected":false},"excerpt":{"rendered":"<p>Projekt plav\u00e1n\u00ed pro d\u011bti: I na\u0161i z\u00e1kazn\u00edci oce\u0148uj\u00ed, \u017ee maj\u00ed v\u011bt\u0161\u00ed p\u0159ehled Plav\u00e1n\u00ed je nesm\u00edrn\u011b obl\u00edbenou a d\u016fle\u017eitou aktivitou ve v\u00fdvoji mal\u00e9ho \u010dlov\u011bka. Naj\u00edt kvalitn\u00ed plav\u00e1n\u00ed m\u016f\u017ee b\u00fdt docela o\u0159\u00ed\u0161ek. Provozovat je, je opravdu n\u00e1ro\u010dn\u00e9, kv\u016fli prostor\u016fm, \u010distot\u011b, zdrav\u00ed, pohodl\u00ed a to je\u0161t\u011b v doprovodu zku\u0161en\u00e9 lektorky. D\u00edky za to, \u017ee existuj\u00ed nad\u0161en\u00ed lid\u00e9, kte\u0159\u00ed [&hellip;]<\/p>\n","protected":false},"author":1,"featured_media":0,"parent":3314,"menu_order":0,"comment_status":"closed","ping_status":"closed","template":"","meta":{"_acf_changed":false,"footnotes":""},"class_list":["post-3322","page","type-page","status-publish","hentry"],"acf":[],"_links":{"self":[{"href":"https:\/\/www.zooza.online\/cs\/wp-json\/wp\/v2\/pages\/3322","targetHints":{"allow":["GET"]}}],"collection":[{"href":"https:\/\/www.zooza.online\/cs\/wp-json\/wp\/v2\/pages"}],"about":[{"href":"https:\/\/www.zooza.online\/cs\/wp-json\/wp\/v2\/types\/page"}],"author":[{"embeddable":true,"href":"https:\/\/www.zooza.online\/cs\/wp-json\/wp\/v2\/users\/1"}],"replies":[{"embeddable":true,"href":"https:\/\/www.zooza.online\/cs\/wp-json\/wp\/v2\/comments?post=3322"}],"version-history":[{"count":0,"href":"https:\/\/www.zooza.online\/cs\/wp-json\/wp\/v2\/pages\/3322\/revisions"}],"up":[{"embeddable":true,"href":"https:\/\/www.zooza.online\/cs\/wp-json\/wp\/v2\/pages\/3314"}],"wp:attachment":[{"href":"https:\/\/www.zooza.online\/cs\/wp-json\/wp\/v2\/media?parent=3322"}],"curies":[{"name":"wp","href":"https:\/\/api.w.org\/{rel}","templated":true}]}}