{"id":3577,"date":"2023-05-17T11:20:14","date_gmt":"2023-05-17T11:20:14","guid":{"rendered":"https:\/\/www.zooza.online\/pripadove-studie\/marine-swim-academy\/"},"modified":"2026-04-27T11:46:20","modified_gmt":"2026-04-27T11:46:20","slug":"marine-swim-academy","status":"publish","type":"page","link":"https:\/\/www.zooza.online\/cs\/marine-swim-academy\/","title":{"rendered":"Marine Swim Academy"},"content":{"rendered":"<style>\/*! elementor - v3.13.2 - 11-05-2023 *\/\n.elementor-column .elementor-spacer-inner{height:var(--spacer-size)}.e-con{--container-widget-width:100%}.e-con-inner>.elementor-widget-spacer,.e-con>.elementor-widget-spacer{width:var(--container-widget-width,var(--spacer-size));--align-self:var(--container-widget-align-self,initial);--flex-shrink:0}.e-con-inner>.elementor-widget-spacer>.elementor-widget-container,.e-con-inner>.elementor-widget-spacer>.elementor-widget-container>.elementor-spacer,.e-con>.elementor-widget-spacer>.elementor-widget-container,.e-con>.elementor-widget-spacer>.elementor-widget-container>.elementor-spacer{height:100%}.e-con-inner>.elementor-widget-spacer>.elementor-widget-container>.elementor-spacer>.elementor-spacer-inner,.e-con>.elementor-widget-spacer>.elementor-widget-container>.elementor-spacer>.elementor-spacer-inner{height:var(--container-widget-height,var(--spacer-size))}<\/style>\n<style>\/*! elementor - v3.13.2 - 11-05-2023 *\/\n.elementor-heading-title{padding:0;margin:0;line-height:1}.elementor-widget-heading .elementor-heading-title[class*=elementor-size-]>a{color:inherit;font-size:inherit;line-height:inherit}.elementor-widget-heading .elementor-heading-title.elementor-size-small{font-size:15px}.elementor-widget-heading .elementor-heading-title.elementor-size-medium{font-size:19px}.elementor-widget-heading .elementor-heading-title.elementor-size-large{font-size:29px}.elementor-widget-heading .elementor-heading-title.elementor-size-xl{font-size:39px}.elementor-widget-heading .elementor-heading-title.elementor-size-xxl{font-size:59px}<\/style>\n<h1>Projekt d\u011btsk\u00e9 plaveck\u00e9 akademie: <br \/>D\u00edky Zooze mohu u\u0161et\u0159en\u00fd \u010das v\u011bnovat kvalitn\u011bj\u0161\u00ed <br \/>p\u0159\u00edprav\u011b na vyu\u010dov\u00e1n\u00ed, rodin\u011b a relaxaci<\/h1>\n<style>\/*! elementor - v3.13.2 - 11-05-2023 *\/\n.elementor-widget-image{text-align:center}.elementor-widget-image a{display:inline-block}.elementor-widget-image a img[src$=\".svg\"]{width:48px}.elementor-widget-image img{vertical-align:middle;display:inline-block}<\/style>\n<p>\t\t\t\t\t\t\t\t\t\t\t\t<img loading=\"lazy\" loading=\"lazy\" decoding=\"async\" width=\"261\" height=\"286\" src=\"https:\/\/www.zooza.online\/wp-content\/uploads\/2023\/05\/logo_marine_swim_academy_kuzy_plavania-1.png\" alt=\"\" title=\"\">\t\t\t\t\t\t\t\t\t\t\t\t\t\t\t<\/p>\n<p>Marine Swim Academy jako projekt d\u011btsk\u00e9 plaveck\u00e9 akademie s kurzy plav\u00e1n\u00ed pro d\u011bti n\u00e1s oslovila sv\u00fdm p\u0159\u00edstupem a profesion\u00e1ln\u00edm z\u00e1jmem o \u0159e\u0161en\u00ed t\u011blesn\u00e9ho rozvoje d\u011bt\u00ed srozumitelnou a p\u0159\u00edstupnou formou.<\/p>\n<p>Zakladatelka projektu Denisa Pavelka n\u00e1s nadchla sv\u00fdm p\u0159\u00edstupem a organizovanost\u00ed, a proto byla integrace Zoozy velmi rychl\u00e1 a snadn\u00e1.<\/p>\n<\/p>\n<p><em>&#8222;Vybrala jsem si Zoozu, abych se &#8222;odleh\u010dila&#8220; od ka\u017edodenn\u00ed komunikace s klienty.<\/em><\/p>\n<p><em>Zooza mi pom\u00e1h\u00e1 a <strong><a href=\"https:\/\/www.zooza.online\/cs\/solutions-cs\/child-activity-cs\/\" title=\"Kids Activity Booking Software\">usnad\u0148uje organizaci kurz\u016f<\/a><\/strong>, zjednodu\u0161ila se registrace a odhla\u0161ov\u00e1n\u00ed z lekc\u00ed. Nyn\u00ed m\u00e1m <strong>v\u011bt\u0161\u00ed p\u0159ehled<\/strong> o sv\u00fdch klientech a z\u00e1rove\u0148 moji klienti maj\u00ed v\u011bt\u0161\u00ed p\u0159ehled o nab\u00eddce kurz\u016f.<\/em><\/p>\n<p><em><strong>Rapidn\u011b se sn\u00ed\u017eil po\u010det email\u016f, sms zpr\u00e1v a telefon\u00e1t\u016f, proto\u017ee Zooza komunikuje za m\u011b.<\/strong><\/em><\/p>\n<p><em>D\u00edky Zooze mohu<strong> u\u0161et\u0159en\u00fd \u010das<\/strong> v\u011bnovat lep\u0161\u00ed p\u0159\u00edprav\u011b na v\u00fduku, rodin\u011b a odpo\u010dinku.&#8220;<\/em><\/p>\n<p><cite>Denisa Pavelka<br \/>Instruktorka a majitelka projektu Marine Swim Academy<\/cite><\/p>\n<p>Pokud hled\u00e1te lekce plav\u00e1n\u00ed s profesion\u00e1ln\u00edm p\u0159\u00edstupem, v\u0159ele doporu\u010dujeme <a href=\"https:\/\/www.plavaniesdetmi.sk\/\" target=\"_blank\" rel=\"noopener\">www.plavaniesdetmi.sk.<\/a><\/p>\n<h2>Projekt ze Zoozy vyu\u017e\u00edv\u00e1 zejm\u00e9na:<\/h2>\n<ul>\n<li><a href=\"https:\/\/docs.zooza.online\/widgets\/registration-widget\" title=\"Registration Widget\" target=\"_blank\" rel=\"noopener\">Registra\u010dn\u00ed formul\u00e1\u0159<\/a><\/li>\n<li><a href=\"https:\/\/docs.zooza.online\/widgets\/calendar-widget\" title=\"Calendar Widget\" target=\"_blank\" rel=\"noopener\">Registra\u010dn\u00ed kalend\u00e1\u0159<\/a><\/li>\n<li>Pr\u016fb\u011bhov\u00e9 skupiny<\/li>\n<li>Datab\u00e1ze klient\u016f s filtrov\u00e1n\u00edm<\/li>\n<li><a href=\"https:\/\/help.zooza.online\/calendar\/make-up-sessions-faq\" title=\"Make-up Sessions\" target=\"_blank\" rel=\"noopener\">Doch\u00e1zka s n\u00e1hradami<\/a><\/li>\n<li>Profil klienta s p\u0159ehledem plateb<\/li>\n<li>Jednor\u00e1zov\u00e9 platby<\/li>\n<li>Platby za hodinu pro otev\u0159en\u00e9 hodiny<\/li>\n<li><a href=\"https:\/\/help.zooza.online\/communication\/automated-notifications\" title=\"Automated Notifications\" target=\"_blank\" rel=\"noopener\">E-mailov\u00e1 a SMS komunikace<\/a><\/li>\n<li>Pl\u00e1nov\u00e1n\u00ed m\u00edst a lektor\u016f<\/li>\n<li>Hl\u00e1\u0161en\u00ed<\/li>\n<\/ul>\n","protected":false},"excerpt":{"rendered":"<p>Projekt d\u011btsk\u00e9 plaveck\u00e9 akademie: D\u00edky Zooze mohu u\u0161et\u0159en\u00fd \u010das v\u011bnovat kvalitn\u011bj\u0161\u00ed p\u0159\u00edprav\u011b na vyu\u010dov\u00e1n\u00ed, rodin\u011b a relaxaci Marine Swim Academy jako projekt d\u011btsk\u00e9 plaveck\u00e9 akademie s kurzy plav\u00e1n\u00ed pro d\u011bti n\u00e1s oslovila sv\u00fdm p\u0159\u00edstupem a profesion\u00e1ln\u00edm z\u00e1jmem o \u0159e\u0161en\u00ed t\u011blesn\u00e9ho rozvoje d\u011bt\u00ed srozumitelnou a p\u0159\u00edstupnou formou. Zakladatelka projektu Denisa Pavelka n\u00e1s nadchla sv\u00fdm p\u0159\u00edstupem a [&hellip;]<\/p>\n","protected":false},"author":1,"featured_media":0,"parent":3314,"menu_order":0,"comment_status":"closed","ping_status":"closed","template":"","meta":{"_acf_changed":false,"footnotes":""},"class_list":["post-3577","page","type-page","status-publish","hentry"],"acf":[],"_links":{"self":[{"href":"https:\/\/www.zooza.online\/cs\/wp-json\/wp\/v2\/pages\/3577","targetHints":{"allow":["GET"]}}],"collection":[{"href":"https:\/\/www.zooza.online\/cs\/wp-json\/wp\/v2\/pages"}],"about":[{"href":"https:\/\/www.zooza.online\/cs\/wp-json\/wp\/v2\/types\/page"}],"author":[{"embeddable":true,"href":"https:\/\/www.zooza.online\/cs\/wp-json\/wp\/v2\/users\/1"}],"replies":[{"embeddable":true,"href":"https:\/\/www.zooza.online\/cs\/wp-json\/wp\/v2\/comments?post=3577"}],"version-history":[{"count":1,"href":"https:\/\/www.zooza.online\/cs\/wp-json\/wp\/v2\/pages\/3577\/revisions"}],"predecessor-version":[{"id":30976,"href":"https:\/\/www.zooza.online\/cs\/wp-json\/wp\/v2\/pages\/3577\/revisions\/30976"}],"up":[{"embeddable":true,"href":"https:\/\/www.zooza.online\/cs\/wp-json\/wp\/v2\/pages\/3314"}],"wp:attachment":[{"href":"https:\/\/www.zooza.online\/cs\/wp-json\/wp\/v2\/media?parent=3577"}],"curies":[{"name":"wp","href":"https:\/\/api.w.org\/{rel}","templated":true}]}}