{"id":21631,"date":"2024-10-31T11:06:37","date_gmt":"2024-10-31T11:06:37","guid":{"rendered":"https:\/\/www.zooza.online\/funktionsweise\/halten-sie-jede-kundeninteraktion-auf-ihrer-website-mit-immersive-booking-engine\/"},"modified":"2024-12-09T14:04:49","modified_gmt":"2024-12-09T14:04:49","slug":"halten-sie-jede-kundeninteraktion-auf-ihrer-website-mit-immersive-booking-engine","status":"publish","type":"page","link":"https:\/\/www.zooza.online\/de\/wert-fuer-geld-eine-plattform-um-ihre-marke-zu-vergroessern-und-kosten-zu-senken\/halten-sie-jede-kundeninteraktion-auf-ihrer-website-mit-immersive-booking-engine\/","title":{"rendered":"Halten Sie jede Kundeninteraktion auf Ihrer Website mit Immersive Booking Engine\u2122."},"content":{"rendered":"\t\t<div data-elementor-type=\"wp-page\" data-elementor-id=\"21631\" class=\"elementor elementor-21631 elementor-21153\" data-elementor-post-type=\"page\">\n\t\t\t\t<div class=\"elementor-element elementor-element-73af62f e-con-full e-flex e-con e-parent\" data-id=\"73af62f\" data-element_type=\"container\" data-e-type=\"container\">\n\t\t<div class=\"elementor-element elementor-element-4c393b3 e-con-full e-flex e-con e-child\" data-id=\"4c393b3\" data-element_type=\"container\" data-e-type=\"container\" data-settings=\"{&quot;background_background&quot;:&quot;classic&quot;}\">\n\t\t<div class=\"elementor-element elementor-element-e22a99b e-flex e-con-boxed e-con e-child\" data-id=\"e22a99b\" data-element_type=\"container\" data-e-type=\"container\">\n\t\t\t\t\t<div class=\"e-con-inner\">\n\t\t<div class=\"elementor-element elementor-element-50e403f e-con-full e-flex e-con e-child\" data-id=\"50e403f\" data-element_type=\"container\" data-e-type=\"container\">\n\t\t<div class=\"elementor-element elementor-element-5a8ca7d e-con-full e-flex e-con e-child\" data-id=\"5a8ca7d\" data-element_type=\"container\" data-e-type=\"container\">\n\t\t\t\t<div class=\"elementor-element elementor-element-576de4b elementor-widget__width-initial elementor-headline--style-highlight elementor-widget elementor-widget-animated-headline\" data-id=\"576de4b\" data-element_type=\"widget\" data-e-type=\"widget\" data-settings=\"{&quot;highlighted_text&quot;:&quot;Kunde&quot;,&quot;marker&quot;:&quot;underline&quot;,&quot;headline_style&quot;:&quot;highlight&quot;,&quot;loop&quot;:&quot;yes&quot;,&quot;highlight_animation_duration&quot;:1200,&quot;highlight_iteration_delay&quot;:8000}\" data-widget_type=\"animated-headline.default\">\n\t\t\t\t\t\t\t<h1 class=\"elementor-headline\">\n\t\t\t\t\t<span class=\"elementor-headline-plain-text elementor-headline-text-wrapper\">Behalten Sie jede  <\/span>\n\t\t\t\t<span class=\"elementor-headline-dynamic-wrapper elementor-headline-text-wrapper\">\n\t\t\t\t\t<span class=\"elementor-headline-dynamic-text elementor-headline-text-active\">Kunde<\/span>\n\t\t\t\t<\/span>\n\t\t\t\t\t<span class=\"elementor-headline-plain-text elementor-headline-text-wrapper\">Interaktion auf Ihrer Website<\/span>\n\t\t\t\t\t<\/h1>\n\t\t\t\t\t\t<\/div>\n\t\t\t\t<\/div>\n\t\t<div class=\"elementor-element elementor-element-d729bbb e-con-full e-flex e-con e-child\" data-id=\"d729bbb\" data-element_type=\"container\" data-e-type=\"container\">\n\t\t\t\t<div class=\"elementor-element elementor-element-7b1ad5f elementor-widget__width-initial elementor-widget elementor-widget-heading\" data-id=\"7b1ad5f\" data-element_type=\"widget\" data-e-type=\"widget\" data-widget_type=\"heading.default\">\n\t\t\t\t\t<p class=\"elementor-heading-title elementor-size-default\">Ihre Kunden erwarten ein nahtloses, markengesch\u00fctztes Buchungserlebnis, das sie nicht von Ihrer Website ablenkt. Die Immersive Booking Engine\u2122 von Zooza bietet genau das. Da jede Buchung und jeder Kontakt direkt auf Ihrer Website stattfindet, behalten Sie die vollst\u00e4ndige Kontrolle \u00fcber die Customer Journey und st\u00e4rken gleichzeitig Ihre Marke bei jedem Schritt.  <\/p>\t\t\t\t<\/div>\n\t\t\t\t<\/div>\n\t\t\t\t<\/div>\n\t\t\t\t\t<\/div>\n\t\t\t\t<\/div>\n\t\t\t\t<\/div>\n\t\t\t\t<\/div>\n\t\t<div class=\"elementor-element elementor-element-bd85772 e-flex e-con-boxed e-con e-parent\" data-id=\"bd85772\" data-element_type=\"container\" data-e-type=\"container\" id=\"more\">\n\t\t\t\t\t<div class=\"e-con-inner\">\n\t\t<div class=\"elementor-element elementor-element-6a4f028 e-con-full e-flex e-con e-child\" data-id=\"6a4f028\" data-element_type=\"container\" data-e-type=\"container\">\n\t\t\t\t<div class=\"elementor-element elementor-element-b7cd4bd elementor-widget elementor-widget-heading\" data-id=\"b7cd4bd\" data-element_type=\"widget\" data-e-type=\"widget\" data-widget_type=\"heading.default\">\n\t\t\t\t\t<h2 class=\"elementor-heading-title elementor-size-default\"><strong>Erleben Sie die Innovation<\/strong><\/h2>\t\t\t\t<\/div>\n\t\t\t\t<\/div>\n\t\t<div class=\"elementor-element elementor-element-feb28d4 e-con-full e-flex e-con e-child\" data-id=\"feb28d4\" data-element_type=\"container\" data-e-type=\"container\">\n\t\t<div class=\"elementor-element elementor-element-031e0e3 e-flex e-con-boxed e-con e-child\" data-id=\"031e0e3\" data-element_type=\"container\" data-e-type=\"container\">\n\t\t\t\t\t<div class=\"e-con-inner\">\n\t\t<div class=\"elementor-element elementor-element-fa390e0 e-con-full elementor-hidden-desktop elementor-hidden-tablet elementor-hidden-mobile e-flex e-con e-child\" data-id=\"fa390e0\" data-element_type=\"container\" data-e-type=\"container\">\n\t\t<div class=\"elementor-element elementor-element-ade7daa e-flex e-con-boxed e-con e-child\" data-id=\"ade7daa\" data-element_type=\"container\" data-e-type=\"container\">\n\t\t\t\t\t<div class=\"e-con-inner\">\n\t\t\t\t<div class=\"elementor-element elementor-element-d456c90 elementor-invisible elementor-widget elementor-widget-heading\" data-id=\"d456c90\" data-element_type=\"widget\" data-e-type=\"widget\" data-settings=\"{&quot;_animation&quot;:&quot;fadeInDown&quot;}\" data-widget_type=\"heading.default\">\n\t\t\t\t\t<p class=\"elementor-heading-title elementor-size-default\">\u00dcber Zooza<\/p>\t\t\t\t<\/div>\n\t\t\t\t<div class=\"elementor-element elementor-element-077876f elementor-invisible elementor-widget elementor-widget-heading\" data-id=\"077876f\" data-element_type=\"widget\" data-e-type=\"widget\" data-settings=\"{&quot;_animation&quot;:&quot;fadeInUp&quot;}\" data-widget_type=\"heading.default\">\n\t\t\t\t\t<h2 class=\"elementor-heading-title elementor-size-default\">Viac z\u00e1bavy s kurzami,<br>menej administrat\u00edvy.<\/h2>\t\t\t\t<\/div>\n\t\t\t\t<div class=\"elementor-element elementor-element-e18c2c6 elementor-align-right elementor-widget__width-auto cool-button elementor-widget elementor-widget-button\" data-id=\"e18c2c6\" data-element_type=\"widget\" data-e-type=\"widget\" data-widget_type=\"button.default\">\n\t\t\t\t\t\t\t\t\t\t<a class=\"elementor-button elementor-button-link elementor-size-md elementor-animation-grow\" href=\"https:\/\/www.zooza.online\/signup\/\">\n\t\t\t\t\t\t<span class=\"elementor-button-content-wrapper\">\n\t\t\t\t\t\t<span class=\"elementor-button-icon\">\n\t\t\t\t<i aria-hidden=\"true\" class=\"fas fa-arrow-right\"><\/i>\t\t\t<\/span>\n\t\t\t\t\t\t\t\t\t<span class=\"elementor-button-text\">Kostenlos ausprobieren<\/span>\n\t\t\t\t\t<\/span>\n\t\t\t\t\t<\/a>\n\t\t\t\t\t\t\t\t<\/div>\n\t\t\t\t\t<\/div>\n\t\t\t\t<\/div>\n\t\t\t\t<\/div>\n\t\t<div class=\"elementor-element elementor-element-421df94 e-con-full e-flex e-con e-child\" data-id=\"421df94\" data-element_type=\"container\" data-e-type=\"container\">\n\t\t<div class=\"elementor-element elementor-element-9a0fac7 e-con-full e-flex e-con e-child\" data-id=\"9a0fac7\" data-element_type=\"container\" data-e-type=\"container\">\n\t\t<div class=\"elementor-element elementor-element-31c5b1d e-flex e-con-boxed e-con e-child\" data-id=\"31c5b1d\" data-element_type=\"container\" data-e-type=\"container\">\n\t\t\t\t\t<div class=\"e-con-inner\">\n\t\t\t\t<div class=\"elementor-element elementor-element-8a4acc4 elementor-widget elementor-widget-heading\" data-id=\"8a4acc4\" data-element_type=\"widget\" data-e-type=\"widget\" data-widget_type=\"heading.default\">\n\t\t\t\t\t<h3 class=\"elementor-heading-title elementor-size-default\">Immersive Booking Engine\u2122<\/h3>\t\t\t\t<\/div>\n\t\t\t\t\t<\/div>\n\t\t\t\t<\/div>\n\t\t<div class=\"elementor-element elementor-element-96f7285 e-flex e-con-boxed e-con e-child\" data-id=\"96f7285\" data-element_type=\"container\" data-e-type=\"container\">\n\t\t\t\t\t<div class=\"e-con-inner\">\n\t\t\t\t<div class=\"elementor-element elementor-element-edbf9be elementor-widget elementor-widget-text-editor\" data-id=\"edbf9be\" data-element_type=\"widget\" data-e-type=\"widget\" data-widget_type=\"text-editor.default\">\n\t\t\t\t\t\t\t\t\t<p>Halten Sie Ihre Kunden auf Ihrer Website und binden Sie sie an Ihre Marke.<\/p>\n\t\t\t\t\t\t\t\t<\/div>\n\t\t\t\t<div class=\"elementor-element elementor-element-faf6cd0 elementor-widget elementor-widget-text-editor\" data-id=\"faf6cd0\" data-element_type=\"widget\" data-e-type=\"widget\" data-widget_type=\"text-editor.default\">\n\t\t\t\t\t\t\t\t\t<p>Mit der Immersive Booking Engine\u2122 bleiben Eltern von Anfang bis Ende auf Ihrer Website und tauchen vollst\u00e4ndig in ein Buchungserlebnis ein, das die Werte und die Stimme Ihrer Marke widerspiegelt. Dieses Tool wickelt nicht nur Buchungen ab, sondern verbessert sie, so dass sich die Kunden auf Ihr Angebot konzentrieren und die Konversionsraten steigen. <\/p>\n\t\t\t\t\t\t\t\t<\/div>\n\t\t\t\t\t<\/div>\n\t\t\t\t<\/div>\n\t\t<div class=\"elementor-element elementor-element-45a8a8a e-flex e-con-boxed e-con e-child\" data-id=\"45a8a8a\" data-element_type=\"container\" data-e-type=\"container\">\n\t\t\t\t\t<div class=\"e-con-inner\">\n\t\t\t\t<div class=\"elementor-element elementor-element-5d6b5fc elementor-widget__width-initial elementor-icon-list--layout-traditional elementor-list-item-link-full_width elementor-widget elementor-widget-icon-list\" data-id=\"5d6b5fc\" data-element_type=\"widget\" data-e-type=\"widget\" data-widget_type=\"icon-list.default\">\n\t\t\t\t\t\t\t<ul class=\"elementor-icon-list-items\">\n\t\t\t\t\t\t\t<li class=\"elementor-icon-list-item\">\n\t\t\t\t\t\t\t\t\t\t\t<span class=\"elementor-icon-list-icon\">\n\t\t\t\t\t\t\t<i aria-hidden=\"true\" class=\"fas fa-check-circle\"><\/i>\t\t\t\t\t\t<\/span>\n\t\t\t\t\t\t\t\t\t\t<span class=\"elementor-icon-list-text\"><strong>Nahtlose Kundenreise:<\/strong> Keine Umleitungen, Eltern bleiben auf Ihrer Website<\/span>\n\t\t\t\t\t\t\t\t\t<\/li>\n\t\t\t\t\t\t\t\t<li class=\"elementor-icon-list-item\">\n\t\t\t\t\t\t\t\t\t\t\t<span class=\"elementor-icon-list-icon\">\n\t\t\t\t\t\t\t<i aria-hidden=\"true\" class=\"fas fa-check-circle\"><\/i>\t\t\t\t\t\t<\/span>\n\t\t\t\t\t\t\t\t\t\t<span class=\"elementor-icon-list-text\"><strong>H\u00f6here Konversionen:<\/strong> Reibungslose, intuitive Buchungsabl\u00e4ufe reduzieren Abbr\u00fcche<\/span>\n\t\t\t\t\t\t\t\t\t<\/li>\n\t\t\t\t\t\t\t\t<li class=\"elementor-icon-list-item\">\n\t\t\t\t\t\t\t\t\t\t\t<span class=\"elementor-icon-list-icon\">\n\t\t\t\t\t\t\t<i aria-hidden=\"true\" class=\"fas fa-check-circle\"><\/i>\t\t\t\t\t\t<\/span>\n\t\t\t\t\t\t\t\t\t\t<span class=\"elementor-icon-list-text\"><strong>Anpassbares Design:<\/strong> Passen Sie das Buchungserlebnis an Ihr Gesch\u00e4ftsmodell an<\/span>\n\t\t\t\t\t\t\t\t\t<\/li>\n\t\t\t\t\t\t\t\t<li class=\"elementor-icon-list-item\">\n\t\t\t\t\t\t\t\t\t\t\t<span class=\"elementor-icon-list-icon\">\n\t\t\t\t\t\t\t<i aria-hidden=\"true\" class=\"fas fa-check-circle\"><\/i>\t\t\t\t\t\t<\/span>\n\t\t\t\t\t\t\t\t\t\t<span class=\"elementor-icon-list-text\"><strong>SEO-Boost:<\/strong> On-Site-Engagement, das zu besseren Suchergebnissen beitr\u00e4gt<\/span>\n\t\t\t\t\t\t\t\t\t<\/li>\n\t\t\t\t\t\t<\/ul>\n\t\t\t\t\t\t<\/div>\n\t\t\t\t\t<\/div>\n\t\t\t\t<\/div>\n\t\t\t\t<\/div>\n\t\t<div class=\"elementor-element elementor-element-8fc8c52 e-flex e-con-boxed e-con e-child\" data-id=\"8fc8c52\" data-element_type=\"container\" data-e-type=\"container\" data-settings=\"{&quot;background_background&quot;:&quot;gradient&quot;}\">\n\t\t\t\t\t<div class=\"e-con-inner\">\n\t\t\t\t<div class=\"elementor-element elementor-element-b04d16c elementor-widget elementor-widget-image\" data-id=\"b04d16c\" data-element_type=\"widget\" data-e-type=\"widget\" data-widget_type=\"image.default\">\n\t\t\t\t\t\t\t\t\t\t\t\t\t\t\t<img fetchpriority=\"high\" decoding=\"async\" width=\"768\" height=\"768\" src=\"https:\/\/www.zooza.online\/wp-content\/uploads\/2024\/10\/Copy-of-Email-Pictures-Templates-2-768x768.gif\" class=\"attachment-medium_large size-medium_large wp-image-21166\" alt=\"Immersive Booking Engine\u2122\nKeep Clients on Your Site, Engaged with Your Brand\" srcset=\"https:\/\/www.zooza.online\/wp-content\/uploads\/2024\/10\/Copy-of-Email-Pictures-Templates-2-768x768.gif 768w, https:\/\/www.zooza.online\/wp-content\/uploads\/2024\/10\/Copy-of-Email-Pictures-Templates-2-300x300.gif 300w, https:\/\/www.zooza.online\/wp-content\/uploads\/2024\/10\/Copy-of-Email-Pictures-Templates-2-1024x1024.gif 1024w, https:\/\/www.zooza.online\/wp-content\/uploads\/2024\/10\/Copy-of-Email-Pictures-Templates-2-150x150.gif 150w\" sizes=\"(max-width: 768px) 100vw, 768px\" title=\"\">\t\t\t\t\t\t\t\t\t\t\t\t\t\t\t<\/div>\n\t\t\t\t\t<\/div>\n\t\t\t\t<\/div>\n\t\t\t\t<\/div>\n\t\t\t\t\t<\/div>\n\t\t\t\t<\/div>\n\t\t\t\t<\/div>\n\t\t\t\t\t<\/div>\n\t\t\t\t<\/div>\n\t\t<div class=\"elementor-element elementor-element-0dfcf23 e-flex e-con-boxed e-con e-parent\" data-id=\"0dfcf23\" data-element_type=\"container\" data-e-type=\"container\">\n\t\t\t\t\t<div class=\"e-con-inner\">\n\t\t<div class=\"elementor-element elementor-element-7c49b1b e-con-full e-flex e-con e-child\" data-id=\"7c49b1b\" data-element_type=\"container\" data-e-type=\"container\">\n\t\t\t\t<div class=\"elementor-element elementor-element-e5472e8 elementor-widget elementor-widget-spacer\" data-id=\"e5472e8\" data-element_type=\"widget\" data-e-type=\"widget\" data-widget_type=\"spacer.default\">\n\t\t\t\t\t\t\t<div class=\"elementor-spacer\">\n\t\t\t<div class=\"elementor-spacer-inner\"><\/div>\n\t\t<\/div>\n\t\t\t\t\t\t<\/div>\n\t\t\t\t<div class=\"elementor-element elementor-element-a52faee elementor-headline--style-highlight elementor-widget elementor-widget-animated-headline\" data-id=\"a52faee\" data-element_type=\"widget\" data-e-type=\"widget\" data-settings=\"{&quot;highlighted_text&quot;:&quot;Immersive Booking Engine\\u2122  &quot;,&quot;headline_style&quot;:&quot;highlight&quot;,&quot;marker&quot;:&quot;circle&quot;,&quot;loop&quot;:&quot;yes&quot;,&quot;highlight_animation_duration&quot;:1200,&quot;highlight_iteration_delay&quot;:8000}\" data-widget_type=\"animated-headline.default\">\n\t\t\t\t\t\t\t<h2 class=\"elementor-headline\">\n\t\t\t\t\t<span class=\"elementor-headline-plain-text elementor-headline-text-wrapper\">Warum  <\/span>\n\t\t\t\t<span class=\"elementor-headline-dynamic-wrapper elementor-headline-text-wrapper\">\n\t\t\t\t\t<span class=\"elementor-headline-dynamic-text elementor-headline-text-active\">Immersive Booking Engine\u2122  <\/span>\n\t\t\t\t<\/span>\n\t\t\t\t\t<span class=\"elementor-headline-plain-text elementor-headline-text-wrapper\">ist einzigartig<\/span>\n\t\t\t\t\t<\/h2>\n\t\t\t\t\t\t<\/div>\n\t\t\t\t<div class=\"elementor-element elementor-element-b59b50d elementor-widget elementor-widget-text-editor\" data-id=\"b59b50d\" data-element_type=\"widget\" data-e-type=\"widget\" data-widget_type=\"text-editor.default\">\n\t\t\t\t\t\t\t\t\t<p>Die <strong>Immersive Booking Engine\u2122<\/strong> ist nicht nur ein weiteres Buchungstool, sondern ein einzigartiger Ansatz zur Kundenbindung, der Ihre Marke in den Vordergrund stellt und die Kontrolle maximiert. Im Gegensatz zu typischen Buchungssystemen, die Kunden auf externe Portale oder separate Kundenbereiche umleiten, sorgt die <strong>Immersive Booking Engine\u2122 <\/strong>daf\u00fcr, dass jeder Klick, jedes Formular und jede Aktion in der Umgebung Ihrer Website bleibt. <\/p><\/p>\n\t\t\t\t\t\t\t\t<\/div>\n\t\t\t\t<div class=\"elementor-element elementor-element-cc98b60 elementor-widget elementor-widget-text-editor\" data-id=\"cc98b60\" data-element_type=\"widget\" data-e-type=\"widget\" data-widget_type=\"text-editor.default\">\n\t\t\t\t\t\t\t\t\t<ol>\n<li>\n<p><strong>Echte Vor-Ort-Buchung f\u00fcr Ihre PPC-Kampagnen (Google, Facebook)<\/strong><br>Viele Systeme verwenden Iframes oder leiten Kunden w\u00e4hrend der Buchung auf separate Seiten um.&nbsp;<span style=\"font-weight: bolder; background-color: transparent; color: var( --e-global-color-text ); font-family: var( --e-global-typography-text-font-family ), Sans-serif;\">Immersive Booking Engine\u2122&nbsp;<\/span><span style=\"background-color: transparent; color: var( --e-global-color-text ); font-family: var( --e-global-typography-text-font-family ), Sans-serif; font-weight: var( --e-global-typography-text-font-weight );\">Jede Interaktion findet direkt auf Ihrer Website statt &#8211; die Kunden werden nie woanders hingeschickt. iFrames verbergen den Inhalt der Buchung f\u00fcr Google und somit sind Ihre M\u00f6glichkeiten, die Werbeausgaben effizient zu verfolgen, begrenzt. Zooza \u00fcbertr\u00e4gt automatisch Daten an die Datenebene des Google Tag Managers. Da die Buchung von Zooza jedoch ein integraler Bestandteil Ihrer Website ist, k\u00f6nnen Sie Ihre eigenen Tracking-Daten hinzuf\u00fcgen und so das meiste Geld f\u00fcr Ihre Kampagnen ausgeben  <\/span><\/p>\n<\/li>\n<li>\n<p><strong>Anpassung pro Produkt<\/strong><br>Mit IBE k\u00f6nnen Sie Buchungsformulare pro Produkt anpassen und einbetten und haben so volle Kontrolle \u00fcber Platzierung, Design und Funktion.<\/p>\n<\/li>\n<li>\n<p><strong>Branded Client Journey vom Anfang bis zum Ende<\/strong><br>Ihre Marke wird bei jedem Schritt vollst\u00e4ndig repr\u00e4sentiert, ohne externe Portale oder Ablenkungen au\u00dferhalb der Website. Jedes Formular, jede Buchung und jede Interaktion ist Teil eines einheitlichen, markengerechten Erlebnisses. <\/p>\n<\/li>\n<li>\n<p><strong>Plattform-Kompatibilit\u00e4t<\/strong><\/p>\n<p>Die Immersive Booking Engine\u2122 von Zooza ist so konzipiert, dass sie sich problemlos in beliebte Plattformen integrieren l\u00e4sst. Wir bieten ein <strong>WordPress-Plugin<\/strong> f\u00fcr die nahtlose Einbettung und sind auch mit anderen Plattformen wie <strong>Wix<\/strong>, <strong>Squarespace<\/strong> und anderen kompatibel. Wo auch immer sich Ihre Website befindet, Zooza kann ein integraler Bestandteil davon werden.  <\/p>\n<\/li>\n<\/ol>\n<p>Mit der <strong>Immersive Booking Engine\u2122<\/strong> bietet Zooza eine einzigartige, firmeneigene L\u00f6sung, die jede Kundeninteraktion auf Ihrer Website festh\u00e4lt und sie zu einer nahtlosen, markenzentrierten Reise macht.<\/p>\t\t\t\t\t\t\t\t<\/div>\n\t\t\t\t<\/div>\n\t\t\t\t\t<\/div>\n\t\t\t\t<\/div>\n\t\t<div class=\"elementor-element elementor-element-f7f6f8d e-flex e-con-boxed e-con e-parent\" data-id=\"f7f6f8d\" data-element_type=\"container\" data-e-type=\"container\">\n\t\t\t\t\t<div class=\"e-con-inner\">\n\t\t<div class=\"elementor-element elementor-element-e060a32 e-con-full e-flex e-con e-child\" data-id=\"e060a32\" data-element_type=\"container\" data-e-type=\"container\" data-settings=\"{&quot;background_background&quot;:&quot;classic&quot;}\">\n\t\t<div class=\"elementor-element elementor-element-aa6e479 e-flex e-con-boxed e-con e-child\" data-id=\"aa6e479\" data-element_type=\"container\" data-e-type=\"container\" data-settings=\"{&quot;background_background&quot;:&quot;classic&quot;}\">\n\t\t\t\t\t<div class=\"e-con-inner\">\n\t\t<div class=\"elementor-element elementor-element-6e1b584 e-con-full e-flex e-con e-child\" data-id=\"6e1b584\" data-element_type=\"container\" data-e-type=\"container\">\n\t\t\t\t<div class=\"elementor-element elementor-element-f784106 elementor-headline--style-highlight elementor-invisible elementor-widget elementor-widget-animated-headline\" data-id=\"f784106\" data-element_type=\"widget\" data-e-type=\"widget\" data-settings=\"{&quot;highlighted_text&quot;:&quot;Sparen Sie bis zu 70%&quot;,&quot;_animation&quot;:&quot;fadeInUp&quot;,&quot;marker&quot;:&quot;double_underline&quot;,&quot;headline_style&quot;:&quot;highlight&quot;,&quot;loop&quot;:&quot;yes&quot;,&quot;highlight_animation_duration&quot;:1200,&quot;highlight_iteration_delay&quot;:8000}\" data-widget_type=\"animated-headline.default\">\n\t\t\t\t\t\t\t<h2 class=\"elementor-headline\">\n\t\t\t\t<span class=\"elementor-headline-dynamic-wrapper elementor-headline-text-wrapper\">\n\t\t\t\t\t<span class=\"elementor-headline-dynamic-text elementor-headline-text-active\">Sparen Sie bis zu 70%<\/span>\n\t\t\t\t<\/span>\n\t\t\t\t\t<span class=\"elementor-headline-plain-text elementor-headline-text-wrapper\">auf Tools mit Zooza heute!<\/span>\n\t\t\t\t\t<\/h2>\n\t\t\t\t\t\t<\/div>\n\t\t\t\t<div class=\"elementor-element elementor-element-61fac5f elementor-invisible elementor-widget elementor-widget-heading\" data-id=\"61fac5f\" data-element_type=\"widget\" data-e-type=\"widget\" data-settings=\"{&quot;_animation&quot;:&quot;fadeIn&quot;}\" data-widget_type=\"heading.default\">\n\t\t\t\t\t<h4 class=\"elementor-heading-title elementor-size-default\">Entdecken Sie die flexible Preisgestaltung, die mit Ihrem Wachstum mitw\u00e4chst und zu Ihrem Kundenstamm passt.<\/h4>\t\t\t\t<\/div>\n\t\t\t\t<div class=\"elementor-element elementor-element-ce3686b elementor-widget__width-auto cool-button elementor-align-right elementor-widget elementor-widget-button\" data-id=\"ce3686b\" data-element_type=\"widget\" data-e-type=\"widget\" data-widget_type=\"button.default\">\n\t\t\t\t\t\t\t\t\t\t<a class=\"elementor-button elementor-button-link elementor-size-md elementor-animation-grow\" href=\"https:\/\/www.zooza.online\/de\/funktionsweise\/\">\n\t\t\t\t\t\t<span class=\"elementor-button-content-wrapper\">\n\t\t\t\t\t\t<span class=\"elementor-button-icon\">\n\t\t\t\t<i aria-hidden=\"true\" class=\"fas fa-arrow-right\"><\/i>\t\t\t<\/span>\n\t\t\t\t\t\t\t\t\t<span class=\"elementor-button-text\">Siehe Wert f\u00fcr Geld<\/span>\n\t\t\t\t\t<\/span>\n\t\t\t\t\t<\/a>\n\t\t\t\t\t\t\t\t<\/div>\n\t\t\t\t<\/div>\n\t\t\t\t\t<\/div>\n\t\t\t\t<\/div>\n\t\t\t\t<\/div>\n\t\t\t\t\t<\/div>\n\t\t\t\t<\/div>\n\t\t\t\t<\/div>\n\t\t","protected":false},"excerpt":{"rendered":"<p>Behalten Sie jede Kunde Interaktion auf Ihrer Website Ihre Kunden erwarten ein nahtloses, markengesch\u00fctztes Buchungserlebnis, das sie nicht von Ihrer Website ablenkt. Die Immersive Booking Engine\u2122 von Zooza bietet genau das. Da jede Buchung und jeder Kontakt direkt auf Ihrer Website stattfindet, behalten Sie die vollst\u00e4ndige Kontrolle \u00fcber die Customer Journey und st\u00e4rken gleichzeitig Ihre [&hellip;]<\/p>\n","protected":false},"author":2,"featured_media":21166,"parent":21766,"menu_order":0,"comment_status":"closed","ping_status":"closed","template":"","meta":{"_acf_changed":false,"footnotes":""},"class_list":["post-21631","page","type-page","status-publish","has-post-thumbnail","hentry"],"acf":[],"_links":{"self":[{"href":"https:\/\/www.zooza.online\/de\/wp-json\/wp\/v2\/pages\/21631","targetHints":{"allow":["GET"]}}],"collection":[{"href":"https:\/\/www.zooza.online\/de\/wp-json\/wp\/v2\/pages"}],"about":[{"href":"https:\/\/www.zooza.online\/de\/wp-json\/wp\/v2\/types\/page"}],"author":[{"embeddable":true,"href":"https:\/\/www.zooza.online\/de\/wp-json\/wp\/v2\/users\/2"}],"replies":[{"embeddable":true,"href":"https:\/\/www.zooza.online\/de\/wp-json\/wp\/v2\/comments?post=21631"}],"version-history":[{"count":0,"href":"https:\/\/www.zooza.online\/de\/wp-json\/wp\/v2\/pages\/21631\/revisions"}],"up":[{"embeddable":true,"href":"https:\/\/www.zooza.online\/de\/wp-json\/wp\/v2\/pages\/21766"}],"wp:featuredmedia":[{"embeddable":true,"href":"https:\/\/www.zooza.online\/de\/wp-json\/wp\/v2\/media\/21166"}],"wp:attachment":[{"href":"https:\/\/www.zooza.online\/de\/wp-json\/wp\/v2\/media?parent=21631"}],"curies":[{"name":"wp","href":"https:\/\/api.w.org\/{rel}","templated":true}]}}