{"id":25745,"date":"2025-03-11T09:05:39","date_gmt":"2025-03-11T09:05:39","guid":{"rendered":"https:\/\/www.zooza.online\/geschichten-von-kunden\/nomin-jyuku-japanische-mentale-arithmetik-durch-zooza-fuer-mehr-schueler-zugaenglich-machen\/"},"modified":"2025-05-21T04:17:51","modified_gmt":"2025-05-21T04:17:51","slug":"nomin-jyuku-japanische-mentale-arithmetik-durch-zooza-fuer-mehr-schueler-zugaenglich-machen","status":"publish","type":"page","link":"https:\/\/www.zooza.online\/de\/geschichten-von-kunden\/nomin-jyuku-japanische-mentale-arithmetik-durch-zooza-fuer-mehr-schueler-zugaenglich-machen\/","title":{"rendered":"Nomin jyuku: Japanische mentale Arithmetik durch zooza f\u00fcr mehr Sch\u00fcler zug\u00e4nglich machen"},"content":{"rendered":"\n<p class=\"has-text-align-center\">\ud83d\udccd <em>Kategorie: Franchise mit mentaler Arithmetik | Land: Rum\u00e4nien<\/em><\/p>\n\n<p>Nomin Jyuku ist ein f\u00fchrendes Bildungszentrum in Rum\u00e4nien, das sich auf <strong>Soroban und japanische mentale Arithmetik<\/strong> spezialisiert hat. Gegr\u00fcndet von <strong>Nomin Damdin<\/strong>, einer vision\u00e4ren Unternehmerin mit Leidenschaft f\u00fcr Bildung, hat die Schule unz\u00e4hligen Kindern geholfen, <strong>ihre Logik, Geschwindigkeit und Probleml\u00f6sungsf\u00e4higkeiten zu entwickeln<\/strong>. <\/p>\n\n<p>Doch mit dem Wachstum der Schule wuchsen auch die Herausforderungen. Die Organisation von <strong>Probestunden, die Verfolgung des Sch\u00fclerfortschritts, die Verwaltung von Zahlungen und die Information der Eltern<\/strong> &#8211; all das erforderte zu viel Zeit und zu viele verschiedene Werkzeuge. Nomin wusste, dass sie ein <strong>intelligenteres, effizienteres System<\/strong> ben\u00f6tigte. Hier kam Zooza ins Spiel.   <\/p>\n\n<p>\ud83d\udca1 <strong>&#8222;Wir sind stolz auf unsere Sch\u00fcler und m\u00f6chten ihnen das bestm\u00f6gliche Erlebnis bieten. Zooza hilft uns, unsere Prozesse zu vereinfachen und zu rationalisieren, damit wir uns auf das Wichtigste konzentrieren k\u00f6nnen &#8211; das Unterrichten.&#8220;<\/strong><\/p>\n\n<div style=\"height:50px\" aria-hidden=\"true\" class=\"wp-block-spacer\"><\/div>\n\n<h2 class=\"wp-block-heading\"><strong>Warum sich nomin jyuku f\u00fcr zooza entschied<\/strong><\/h2>\n\n<p>Nach der Pr\u00fcfung mehrerer Optionen entschied sich Nomin Jyuku aus drei Hauptgr\u00fcnden f\u00fcr die Implementierung der <strong>All-in-One-L\u00f6sung von Zooza<\/strong>:<\/p>\n\n<p>\u2705 <strong>Benutzerfreundlich &amp; vollst\u00e4ndig anpassbar<\/strong> \u2013 Die Plattform passt sich ihrer einzigartigen Struktur an und gew\u00e4hrleistet ein reibungsloses Erlebnis f\u00fcr Eltern, Tutoren und Administratoren.<\/p>\n\n<p>\u2705 <strong>Intelligente Automatisierung<\/strong> \u2013 Von der Registrierung f\u00fcr Probestunden bis hin zu Zahlungen und Rechnungsstellung <strong>\u00fcbernimmt Zooza alles<\/strong> und reduziert so die manuelle Arbeit.<\/p>\n\n<p>\u2705 <strong>Ein Team, das zuh\u00f6rt &amp; unterst\u00fctzt<\/strong> \u2013 Das Team von Nomin Jyuku war beeindruckt vom <strong>pers\u00f6nlichen Ansatz von Zooza<\/strong>, den schnellen Antworten und der st\u00e4ndigen Innovation.<\/p>\n\n<p>\ud83c\udf99 <strong>&#8222;Was uns an Zooza am meisten beeindruckt, ist ihr enthusiastisches und engagiertes Team. Sie h\u00f6ren zu, geben Anleitung und verbessern ihre Plattform kontinuierlich. Wir teilen die gleiche Leidenschaft f\u00fcr das Lernen, und wir wissen, dass diese Partnerschaft uns beim Wachstum helfen wird.&#8220;<\/strong><\/p>\n\n<div style=\"height:50px\" aria-hidden=\"true\" class=\"wp-block-spacer\"><\/div>\n\n<p><\/p>\n\n<h2 class=\"wp-block-heading\"><strong>Wie Zooza einen Unterschied machte<\/strong><\/h2>\n\n<div style=\"height:50px\" aria-hidden=\"true\" class=\"wp-block-spacer\"><\/div>\n\n<h3 class=\"wp-block-heading\">1\ufe0f\u20e3 <strong>M\u00fchelose Verwaltung von Probestunden<\/strong><\/h3>\n\n<p>Anstelle von un\u00fcbersichtlichen Tabellen und hin- und hergehenden E-Mails <strong>erfasst Nomin Jyuku das Interesse der Eltern nun \u00fcber ein einfaches Online-Formular<\/strong>. Eltern registrieren ihr Interesse, und das System <strong>sortiert die Sch\u00fcler automatisch nach Verf\u00fcgbarkeit, F\u00e4higkeitsniveau und Klassenkapazit\u00e4t<\/strong>. <\/p>\n\n<p>\ud83d\udca1 <em>Auswirkung:<\/em> Die richtigen Sch\u00fcler werden in die richtigen Probestunden eingeteilt &#8211; ohne zus\u00e4tzlichen Verwaltungsaufwand.<\/p>\n\n<p><\/p>\n\n<div style=\"height:50px\" aria-hidden=\"true\" class=\"wp-block-spacer\"><\/div>\n\n<h3 class=\"wp-block-heading\">2\ufe0f\u20e3 <strong>Anmeldung mit einem Klick &amp; intelligentes Zahlungsmanagement<\/strong><\/h3>\n\n<p>Nach einer Probestunde k\u00f6nnen sich Eltern, wenn sie sich f\u00fcr eine Fortsetzung entscheiden, <strong>mit nur einem Klick f\u00fcr einen Kurs anmelden<\/strong>.<\/p>\n\n<p>\ud83d\udcb3 <em>So funktionieren die Zahlungen:<\/em><\/p>\n\n<ul class=\"wp-block-list\">\n<li>Die Zahlungen werden <strong>basierend auf der Anzahl der Sitzungen<\/strong> in jedem Kurs berechnet.<\/li>\n\n\n\n<li>Das System <strong>verfolgt automatisch die geplanten Lektionen<\/strong> und teilt die Zahlungen entsprechend auf.<\/li>\n\n\n\n<li>Eltern erhalten <strong>automatisierte Erinnerungen, Best\u00e4tigungen und Rechnungen<\/strong>, dank <strong>der Integration von Zooza mit Smartbill und der Konformit\u00e4t mit e-Factura<\/strong>.<\/li>\n<\/ul>\n\n<p>\ud83d\udca1 <em>Auswirkung:<\/em> Keine Kopfschmerzen mehr bei der Zahlungsverfolgung. Alles l\u00e4uft reibungslos und p\u00fcnktlich ab. <\/p>\n\n<p><\/p>\n\n<div style=\"height:50px\" aria-hidden=\"true\" class=\"wp-block-spacer\"><\/div>\n\n<h3 class=\"wp-block-heading\">3\ufe0f\u20e3 <strong>Anwesenheitsverfolgung &amp; Elternkommunikation<\/strong><\/h3>\n\n<p>Mit Zooza verfolgt das Nomin Jyuku-Team <strong>die Anwesenheit und verwaltet verschobene Unterrichtsstunden<\/strong> nahtlos. Eltern wissen stets: <\/p>\n\n<p>\u2714\ufe0f <strong>Wann und wo die Unterrichtsstunden stattfinden<\/strong><br\/>\u2714\ufe0f <strong>Welche Unterrichtsstunden besucht oder vers\u00e4umt wurden<\/strong><br\/>\u2714\ufe0f <strong>Anstehende Zahlungen und Rechnungen<\/strong><\/p>\n\n<p>\ud83d\udcf2 <em>Eltern haben Zugang zu ihrem eigenen Online-Profil,<\/em> wo sie <strong>jederzeit Anwesenheit, Zahlungen und Kursaktualisierungen \u00fcberpr\u00fcfen k\u00f6nnen<\/strong>.<\/p>\n\n<p>\ud83d\udca1 <em>Auswirkung:<\/em> Weniger administrativer Stress, mehr Transparenz und zufriedenere Eltern.<\/p>\n\n<div style=\"height:50px\" aria-hidden=\"true\" class=\"wp-block-spacer\"><\/div>\n\n<p><\/p>\n\n<h2 class=\"wp-block-heading\"><strong>Mehr Zeit zum Lernen, weniger Zeit f\u00fcr Verwaltung<\/strong><\/h2>\n\n<p>Vor Zooza war die Verwaltung von Kursen, Anmeldungen und Zahlungen <strong>ein Vollzeitjob an sich<\/strong>. Jetzt <strong>\u00fcbernimmt die Automatisierung die harte Arbeit<\/strong>, sodass sich Nomin Jyuku auf <strong>das Unterrichten und den Ausbau ihres Programms konzentrieren kann<\/strong>. <\/p>\n\n<p>\ud83d\ude80 <strong>&#8222;Zooza macht die Dinge nicht nur einfacher \u2013 es erm\u00f6glicht uns, ein besseres Erlebnis f\u00fcr unsere Sch\u00fcler, Eltern und Lehrer zu bieten. Und das ist das Wichtigste.&#8220;<\/strong><\/p>\n\n<p><\/p>\n\n<div style=\"height:50px\" aria-hidden=\"true\" class=\"wp-block-spacer\"><\/div>\n\n<h2 class=\"wp-block-heading\"><strong>M\u00f6chten Sie Ihr Bildungsunternehmen transformieren?<\/strong><\/h2>\n\n<p>Wenn Sie <strong>Kurse, Workshops oder Bildungsprogramme<\/strong> durchf\u00fchren, kann Zooza Ihnen helfen:<br\/>\u2705 <strong>Anmeldungen, Zahlungen und Kommunikation<\/strong> zu rationalisieren<br\/>\u2705 Verwaltungsaufwand durch <strong>intelligente Automatisierung<\/strong> zu reduzieren<br\/>\u2705 Ein nahtloses Erlebnis f\u00fcr <strong>Sch\u00fcler, Eltern und Mitarbeiter<\/strong> zu schaffen<\/p>\n\n<p>\ud83d\udce9 <strong>Lassen Sie uns sprechen!<\/strong> Erfahren Sie, wie <a href=\"https:\/\/zooza.online\" target=\"_blank\" rel=\"noopener\">Zooza<\/a> f\u00fcr Sie arbeiten kann.<\/p>\n\n<div style=\"height:50px\" aria-hidden=\"true\" class=\"wp-block-spacer\"><\/div>\n","protected":false},"excerpt":{"rendered":"<p>\ud83d\udccd Kategorie: Franchise mit mentaler Arithmetik | Land: Rum\u00e4nien Nomin Jyuku ist ein f\u00fchrendes Bildungszentrum in Rum\u00e4nien, das sich auf Soroban und japanische mentale Arithmetik spezialisiert hat. Gegr\u00fcndet von Nomin Damdin, einer vision\u00e4ren Unternehmerin mit Leidenschaft f\u00fcr Bildung, hat die Schule unz\u00e4hligen Kindern geholfen, ihre Logik, Geschwindigkeit und Probleml\u00f6sungsf\u00e4higkeiten zu entwickeln. Doch mit dem Wachstum [&hellip;]<\/p>\n","protected":false},"author":2,"featured_media":0,"parent":22226,"menu_order":0,"comment_status":"closed","ping_status":"closed","template":"","meta":{"_acf_changed":false,"footnotes":""},"class_list":["post-25745","page","type-page","status-publish","hentry"],"acf":[],"_links":{"self":[{"href":"https:\/\/www.zooza.online\/de\/wp-json\/wp\/v2\/pages\/25745","targetHints":{"allow":["GET"]}}],"collection":[{"href":"https:\/\/www.zooza.online\/de\/wp-json\/wp\/v2\/pages"}],"about":[{"href":"https:\/\/www.zooza.online\/de\/wp-json\/wp\/v2\/types\/page"}],"author":[{"embeddable":true,"href":"https:\/\/www.zooza.online\/de\/wp-json\/wp\/v2\/users\/2"}],"replies":[{"embeddable":true,"href":"https:\/\/www.zooza.online\/de\/wp-json\/wp\/v2\/comments?post=25745"}],"version-history":[{"count":1,"href":"https:\/\/www.zooza.online\/de\/wp-json\/wp\/v2\/pages\/25745\/revisions"}],"predecessor-version":[{"id":25746,"href":"https:\/\/www.zooza.online\/de\/wp-json\/wp\/v2\/pages\/25745\/revisions\/25746"}],"up":[{"embeddable":true,"href":"https:\/\/www.zooza.online\/de\/wp-json\/wp\/v2\/pages\/22226"}],"wp:attachment":[{"href":"https:\/\/www.zooza.online\/de\/wp-json\/wp\/v2\/media?parent=25745"}],"curies":[{"name":"wp","href":"https:\/\/api.w.org\/{rel}","templated":true}]}}