{"id":2671,"date":"2023-05-09T16:46:28","date_gmt":"2023-05-09T16:46:28","guid":{"rendered":"https:\/\/www.zooza.online\/kontakt\/"},"modified":"2025-04-10T14:18:35","modified_gmt":"2025-04-10T14:18:35","slug":"kontakt","status":"publish","type":"page","link":"https:\/\/www.zooza.online\/de\/kontakt\/","title":{"rendered":"Kontakt"},"content":{"rendered":"\t\t<div data-elementor-type=\"wp-page\" data-elementor-id=\"2671\" class=\"elementor elementor-2671 elementor-46\" data-elementor-post-type=\"page\">\n\t\t\t\t<div class=\"elementor-element elementor-element-d63b534 e-flex e-con-boxed e-con e-parent\" data-id=\"d63b534\" data-element_type=\"container\" data-e-type=\"container\">\n\t\t\t\t\t<div class=\"e-con-inner\">\n\t\t\t\t<div class=\"elementor-element elementor-element-2b8ecc9 elementor-widget elementor-widget-spacer\" data-id=\"2b8ecc9\" data-element_type=\"widget\" data-e-type=\"widget\" data-widget_type=\"spacer.default\">\n\t\t\t\t\t\t\t<div class=\"elementor-spacer\">\n\t\t\t<div class=\"elementor-spacer-inner\"><\/div>\n\t\t<\/div>\n\t\t\t\t\t\t<\/div>\n\t\t\t\t\t<\/div>\n\t\t\t\t<\/div>\n\t\t<div class=\"elementor-element elementor-element-c71d9e8 e-flex e-con-boxed e-con e-parent\" data-id=\"c71d9e8\" data-element_type=\"container\" data-e-type=\"container\">\n\t\t\t\t\t<div class=\"e-con-inner\">\n\t\t\t\t<div class=\"elementor-element elementor-element-758ac14 elementor-widget elementor-widget-spacer\" data-id=\"758ac14\" data-element_type=\"widget\" data-e-type=\"widget\" data-widget_type=\"spacer.default\">\n\t\t\t\t\t\t\t<div class=\"elementor-spacer\">\n\t\t\t<div class=\"elementor-spacer-inner\"><\/div>\n\t\t<\/div>\n\t\t\t\t\t\t<\/div>\n\t\t\t\t<div class=\"elementor-element elementor-element-74bcaf5 elementor-widget elementor-widget-heading\" data-id=\"74bcaf5\" data-element_type=\"widget\" data-e-type=\"widget\" data-widget_type=\"heading.default\">\n\t\t\t\t\t<h1 class=\"elementor-heading-title elementor-size-default\">Kontaktangaben<\/h1>\t\t\t\t<\/div>\n\t\t\t\t<div class=\"elementor-element elementor-element-8de5a84 elementor-widget elementor-widget-text-editor\" data-id=\"8de5a84\" data-element_type=\"widget\" data-e-type=\"widget\" data-widget_type=\"text-editor.default\">\n\t\t\t\t\t\t\t\t\t<p>E-Mail: <a href=\"mailto:hello@zooza.sk\">support@zooza.online<\/a><\/p><p>Telefonnummer: +421 949 021 645<\/p><p>Unsere Telefonnummer ist jeden Werktag von 09:00 bis 17:00 Uhr erreichbar.<\/p><p>Unser Support ist zweisprachig, Sie k\u00f6nnen also auf Slowakisch oder Englisch kommunizieren.<br \/>Wir helfen Ihnen gerne bei Ihren Fragen.<\/p><p>F\u00fcr spezielle Anfragen nutzen Sie bitte unser Ticketportal \u00fcber das orangefarbene Fragezeichen unten rechts.<\/p>\t\t\t\t\t\t\t\t<\/div>\n\t\t\t\t<div class=\"elementor-element elementor-element-f674d05 elementor-widget elementor-widget-spacer\" data-id=\"f674d05\" data-element_type=\"widget\" data-e-type=\"widget\" data-widget_type=\"spacer.default\">\n\t\t\t\t\t\t\t<div class=\"elementor-spacer\">\n\t\t\t<div class=\"elementor-spacer-inner\"><\/div>\n\t\t<\/div>\n\t\t\t\t\t\t<\/div>\n\t\t\t\t\t<\/div>\n\t\t\t\t<\/div>\n\t\t\t\t<\/div>\n\t\t","protected":false},"excerpt":{"rendered":"<p>Kontaktangaben E-Mail: support@zooza.online Telefonnummer: +421 949 021 645 Unsere Telefonnummer ist jeden Werktag von 09:00 bis 17:00 Uhr erreichbar. Unser Support ist zweisprachig, Sie k\u00f6nnen also auf Slowakisch oder Englisch kommunizieren.Wir helfen Ihnen gerne bei Ihren Fragen. F\u00fcr spezielle Anfragen nutzen Sie bitte unser Ticketportal \u00fcber das orangefarbene Fragezeichen unten rechts.<\/p>\n","protected":false},"author":1,"featured_media":0,"parent":0,"menu_order":0,"comment_status":"closed","ping_status":"closed","template":"","meta":{"_acf_changed":false,"footnotes":""},"class_list":["post-2671","page","type-page","status-publish","hentry"],"acf":[],"_links":{"self":[{"href":"https:\/\/www.zooza.online\/de\/wp-json\/wp\/v2\/pages\/2671","targetHints":{"allow":["GET"]}}],"collection":[{"href":"https:\/\/www.zooza.online\/de\/wp-json\/wp\/v2\/pages"}],"about":[{"href":"https:\/\/www.zooza.online\/de\/wp-json\/wp\/v2\/types\/page"}],"author":[{"embeddable":true,"href":"https:\/\/www.zooza.online\/de\/wp-json\/wp\/v2\/users\/1"}],"replies":[{"embeddable":true,"href":"https:\/\/www.zooza.online\/de\/wp-json\/wp\/v2\/comments?post=2671"}],"version-history":[{"count":3,"href":"https:\/\/www.zooza.online\/de\/wp-json\/wp\/v2\/pages\/2671\/revisions"}],"predecessor-version":[{"id":24989,"href":"https:\/\/www.zooza.online\/de\/wp-json\/wp\/v2\/pages\/2671\/revisions\/24989"}],"wp:attachment":[{"href":"https:\/\/www.zooza.online\/de\/wp-json\/wp\/v2\/media?parent=2671"}],"curies":[{"name":"wp","href":"https:\/\/api.w.org\/{rel}","templated":true}]}}