{"id":3336,"date":"2023-05-17T12:45:20","date_gmt":"2023-05-17T12:45:20","guid":{"rendered":"https:\/\/www.zooza.online\/fallstudien\/activoowo\/"},"modified":"2023-06-02T07:40:13","modified_gmt":"2023-06-02T07:40:13","slug":"activoowo","status":"publish","type":"page","link":"https:\/\/www.zooza.online\/de\/fallstudien-old\/activoowo\/","title":{"rendered":"Activoowo"},"content":{"rendered":"<h1>Projekt zur allgemeinen k\u00f6rperlichen Ert\u00fcchtigung f\u00fcr Kinder: <br \/>\nProfessioneller und menschlicher Ansatz wie nirgendwo sonst<\/h1>\n<p>\t\t\t\t\t\t\t\t\t\t\t\t\t\t\t<img loading=\"lazy\" decoding=\"async\" width=\"300\" height=\"300\" src=\"https:\/\/www.zooza.online\/wp-content\/uploads\/2023\/05\/logo_latinofit_web_safe-300x300-1.png\" alt=\"\" loading=\"lazy\" srcset=\"https:\/\/www.zooza.online\/wp-content\/uploads\/2023\/05\/logo_latinofit_web_safe-300x300-1.png 300w, https:\/\/www.zooza.online\/wp-content\/uploads\/2023\/05\/logo_latinofit_web_safe-300x300-1-150x150.png 150w\" sizes=\"auto, (max-width: 300px) 100vw, 300px\" title=\"\">\t\t\t\t\t\t\t\t\t\t\t\t\t\t\t<\/p>\n<p>Feuer, Freude, Bewegung. Actiwoowo ist eine v\u00f6llig moderne Bewegung. Allgemeine Bewegungserziehung und Tanz sind nur ein Teil des hochwertigen Kursangebots. Wir sehen nicht oft so viel Liebe und Leidenschaft wie das Team um Lenka Pova\u017eanov\u00e1. Ihre Energie \u00fcbertr\u00e4gt sich leicht auf alle, die mit dem ActiWOOWo-Projekt in Kontakt kommen.<\/p>\n<p>Das ActiWOOWo-Team sch\u00e4tzt seine Gemeinschaft und gibt immer sein Bestes f\u00fcr sie.<\/p>\n<p>Aus diesem Grund suchten sie, wie auch eine wachsende Zahl von Kunden, nach einer Technologie, die sie bei der Verwaltung des Projekts unterst\u00fctzt.<\/p>\n<p><em>&#8222;Mit der zunehmenden Anzahl von Kunden und der Ausweitung unserer Aktivit\u00e4ten auf mehrere St\u00e4dte in der Slowakei hatten wir eine wachsende Arbeitsagenda, die sich von Stunde zu Stunde \u00e4nderte. Das wurde f\u00fcr unser kleines Team immer un\u00fcberschaubarer und unhandlicher &#8211; wir brauchten ein Tool, das uns dabei hilft. Wir haben uns aufgrund der Empfehlung eines Freundes f\u00fcr Zooza entschieden.&#8220; <\/em>erkl\u00e4rt Lenka Pova\u017eanov\u00e1 von ActiWOOWo.<\/p>\n<h2>Hilfe wurde in mehreren Bereichen ben\u00f6tigt<\/h2>\n<p><em>&#8222;Zooza hilft uns am meisten mit einem \u00dcberblick \u00fcber die registrierten Kunden. Sie ist f\u00fcr alle Beteiligten zu jedem Zeitpunkt aktuell. Praktischerweise sind die Informationen f\u00fcr jede Trainingseinheit nachvollziehbar, wir k\u00f6nnen zuverl\u00e4ssig darauf zur\u00fcckgreifen oder sie bei Bedarf vor, w\u00e4hrend oder nach der Trainingseinheit bearbeiten. <\/em>f\u00fcgt der Gr\u00fcnder des Projekts ausf\u00fchrlich hinzu.<\/p>\n<p><em>&#8222;Ich lobe vor allem die gro\u00dfartige Unterst\u00fctzung, die uns geholfen hat, viele Fallstricke, unsere eigenen Unsicherheiten und \u00c4ngste vor Ver\u00e4nderungen in den ersten Tagen der Nutzung zu \u00fcberwinden. Professioneller und freundlicher menschlicher Umgang wie nirgendwo sonst.&#8220;<\/em><\/p>\n<p>Das macht uns wirklich gl\u00fccklich und das ist es, worum es uns geht. Die Einf\u00fchrung verlief reibungslos und umfassend, so dass wir erneut feststellen konnten, dass der Start eines Projekts f\u00fcr viele ein Schreckgespenst ist, in Wirklichkeit aber rentabel, schnell und f\u00fcr alle Beteiligten interessant ist.<\/p>\n<h2>&#8222;Dank Zooze m\u00fcssen wir nicht mehr einzeln mit unseren Kunden kommunizieren. <br \/>24 Stunden am Tag, 7 Tage die Woche&#8220;.<\/h2>\n<p>\t\t\t\t\t\t\t\t\t\t\t\t\t\t\t<img loading=\"lazy\" decoding=\"async\" width=\"300\" height=\"300\" src=\"https:\/\/www.zooza.online\/wp-content\/uploads\/2023\/05\/actiwoowo_lenka_povazanova-300x300-1.png\" alt=\"\" loading=\"lazy\" srcset=\"https:\/\/www.zooza.online\/wp-content\/uploads\/2023\/05\/actiwoowo_lenka_povazanova-300x300-1.png 300w, https:\/\/www.zooza.online\/wp-content\/uploads\/2023\/05\/actiwoowo_lenka_povazanova-300x300-1-150x150.png 150w\" sizes=\"auto, (max-width: 300px) 100vw, 300px\" title=\"\">\t\t\t\t\t\t\t\t\t\t\t\t\t\t\t<\/p>\n<h2>Das Projekt von Zooza verwendet haupts\u00e4chlich:<\/h2>\n<ul>\n<li>Anmeldeformular<\/li>\n<li>Kalender f\u00fcr die Anmeldung<\/li>\n<li>Fortlaufende Gruppen<\/li>\n<li>Kundendatenbank mit Filterung<\/li>\n<li>Anwesenheit mit Erstattung<\/li>\n<li>Kundenprofil mit Zahlungs\u00fcbersicht<\/li>\n<li>Einmalige Zahlungen<\/li>\n<li>Zahlungen pro Stunde f\u00fcr offene Stunden<\/li>\n<li>E-Mail- und SMS-Kommunikation<\/li>\n<li>Planung von Veranstaltungsorten und Dozenten<\/li>\n<li>Berichterstattung<\/li>\n<\/ul>\n","protected":false},"excerpt":{"rendered":"<p>Projekt zur allgemeinen k\u00f6rperlichen Ert\u00fcchtigung f\u00fcr Kinder: Professioneller und menschlicher Ansatz wie nirgendwo sonst Feuer, Freude, Bewegung. Actiwoowo ist eine v\u00f6llig moderne Bewegung. Allgemeine Bewegungserziehung und Tanz sind nur ein Teil des hochwertigen Kursangebots. Wir sehen nicht oft so viel Liebe und Leidenschaft wie das Team um Lenka Pova\u017eanov\u00e1. Ihre Energie \u00fcbertr\u00e4gt sich leicht auf [&hellip;]<\/p>\n","protected":false},"author":1,"featured_media":0,"parent":2643,"menu_order":0,"comment_status":"closed","ping_status":"closed","template":"","meta":{"_acf_changed":false,"footnotes":""},"class_list":["post-3336","page","type-page","status-publish","hentry"],"acf":[],"_links":{"self":[{"href":"https:\/\/www.zooza.online\/de\/wp-json\/wp\/v2\/pages\/3336","targetHints":{"allow":["GET"]}}],"collection":[{"href":"https:\/\/www.zooza.online\/de\/wp-json\/wp\/v2\/pages"}],"about":[{"href":"https:\/\/www.zooza.online\/de\/wp-json\/wp\/v2\/types\/page"}],"author":[{"embeddable":true,"href":"https:\/\/www.zooza.online\/de\/wp-json\/wp\/v2\/users\/1"}],"replies":[{"embeddable":true,"href":"https:\/\/www.zooza.online\/de\/wp-json\/wp\/v2\/comments?post=3336"}],"version-history":[{"count":0,"href":"https:\/\/www.zooza.online\/de\/wp-json\/wp\/v2\/pages\/3336\/revisions"}],"up":[{"embeddable":true,"href":"https:\/\/www.zooza.online\/de\/wp-json\/wp\/v2\/pages\/2643"}],"wp:attachment":[{"href":"https:\/\/www.zooza.online\/de\/wp-json\/wp\/v2\/media?parent=3336"}],"curies":[{"name":"wp","href":"https:\/\/api.w.org\/{rel}","templated":true}]}}