{"id":3360,"date":"2023-05-17T12:33:47","date_gmt":"2023-05-17T12:33:47","guid":{"rendered":"https:\/\/www.zooza.online\/fallstudien\/helen-doron-englisch-zvolen\/"},"modified":"2026-04-27T12:26:21","modified_gmt":"2026-04-27T12:26:21","slug":"helen-doron-englisch-zvolen","status":"publish","type":"page","link":"https:\/\/www.zooza.online\/de\/fallstudien-old\/helen-doron-englisch-zvolen\/","title":{"rendered":"Helen Doron Englisch Zvolen"},"content":{"rendered":"<h1>Projekt f\u00fcr einen Sprachkurs f\u00fcr Kinder: <br \/><b>Zooza l\u00e4sst uns professioneller aussehen<\/b><\/h1>\n<p>\t\t\t\t\t\t\t\t\t\t\t\t\t\t\t<img loading=\"lazy\" loading=\"lazy\" decoding=\"async\" width=\"206\" height=\"58\" src=\"https:\/\/www.zooza.online\/wp-content\/uploads\/2023\/05\/helen_doron_logo_80.png\" alt=\"\" title=\"\">\t\t\t\t\t\t\t\t\t\t\t\t\t\t\t<\/p>\n<p>Helen Doron English und ihre Franchises sind sehr beliebte Methoden f\u00fcr den <a href=\"https:\/\/www.zooza.online\/de\/solutions-de\/child-activity-de\/\" title=\"Kids Activity Booking Software\">Englischunterricht f\u00fcr Kleinkinder und Kinder<\/a>. Sie sind spielerisch, sie sind lustig, sie sind methodisch, sie sind effektiv. Deshalb sind sie so beliebt, und noch etwas: Die Dozenten sind gro\u00dfartig. Wir sind fasziniert von ihnen, wie leidenschaftlich sie sich f\u00fcr die Kinder einsetzen, und sie geben mir ein St\u00fcck von sich selbst.<\/p>\n<p>Die englische Filiale von Helen Doron in Zvolen ist ein solches <a href=\"https:\/\/www.zooza.online\/de\/wert-fuer-geld-eine-plattform-um-ihre-marke-zu-vergroessern-und-kosten-zu-senken\/top-loesung-fuer-marken-mit-mehreren-standorten\/\" title=\"Franchisor Scheduling for Kids Activities\">Franchise-Unternehmen<\/a>. Sie bietet hervorragende Qualit\u00e4t und baut Beziehungen in ihrer Gemeinschaft auf, weshalb sie sich eines kontinuierlichen Wachstums erfreut.<\/p>\n<p>Es ist nicht einfach, ein solches Projekt zu organisieren, mit Tutoren, Dutzenden von Eltern und Kindern. Auch wenn es nicht an der Zeit ist, sich mit der Umsetzung des Systems zu befassen, ist es f\u00fcr die geistige Gesundheit und den Wunsch, weiterhin mit Freude und Leichtigkeit auf Ihre Leidenschaft zu reagieren, unerl\u00e4sslich. Auch das Helen Doron English Zvolen Projekt hat dies erkannt.<\/p>\n<h2>Die Umstellung auf ein neues System ist nicht einfach. Wie kann man das tun?<\/h2>\n<p>Es gibt immer \u00c4ngste und Fragen: Wie wird es sich entwickeln, wie schwierig wird es sein, wird es \u00fcberhaupt helfen?<\/p>\n<p><em>&#8222;Ich habe nicht nach Zooza gesucht. Zooza hat mich gefunden. Ich wollte nicht in eine App, ein Programm oder irgendetwas anderes einsteigen, wo man alles hochladen und irgendwo neu anfangen muss. Wir haben unser eigenes Anmeldesystem, bei dem ich jedes Kind auf beim Kurs anmelden muss. Ich bin selbst die Buchhalterin unserer Firma, ich habe ein Programm, in das ich jedes Kind hochlade und die Zahlung zuweise. Wir hatten eine Tabelle mit den Tutoren, in die wir die Gruppen und die Kinder sowie alle Informationen \u00fcber die Kinder eintrugen. Es war m\u00fchsam, und die Vorstellung, etwas anderes zu machen, war entmutigend. Ich wusste, dass jemand von Zooz eine telefonische Interessenabfrage machen w\u00fcrde, und ich war fest entschlossen, abzulehnen. Ich lehnte jedoch nicht ab und \u00e4nderte meine Meinung noch w\u00e4hrend des ersten Telefonats. Zwei Dinge haben mich beeinflusst. Die Tatsache, dass sich meine <a href=\"https:\/\/www.zooza.online\/young-engineers\/\" title=\"How Young Engineers Uses Zooza\">Kollegen aus anderen Branchen<\/a> die M\u00fche gemacht haben, unsere Bed\u00fcrfnisse so detailliert in das Programm einzubauen, hat sie aufhorchen lassen. Die zweite Sache, die mich ansprach, war, dass die Studie kostenlos war. Ich dachte, wenn sich jemand die M\u00fche macht, ein ma\u00dfgeschneidertes Programm f\u00fcr uns zu entwickeln, kann ich das Angebot, es kostenlos auszuprobieren, nicht ablehnen&#8220;, gesteht Veronika Vankov\u00e1 vom Helen Doron English Zvolen Teaching Centre.<\/em><\/p>\n<p>Die Umstellung auf das neue System ist zwar nicht einfach, aber auf lange Sicht notwendig. Es ist wie mit dem Aufschieben des Notwendigen: Je l\u00e4nger etwas aufgeschoben wird, desto schmerzhafter kann es sein. Wir wissen das, und deshalb sind wir bereit, bei der Umstellung zu helfen, und &#8211; was noch wichtiger ist &#8211; wir haben es schon dutzende Male getan.<\/p>\n<h2><b>Das Projekt in Zooza ist m\u00f6glicherweise nicht zu 100 % betriebsbereit <br \/>Stunden zu bringen, um Zeit und Geld zu sparen<\/b><\/h2>\n<p>&#8222;Mit Zooza habe ich alles an einem Ort, es ist eine sehr umfassende und \u00fcbersichtliche App. Zooza l\u00e4sst uns professioneller aussehen. Die Menschen nehmen uns ernster. <cite><\/cite><em>In den Gruppen und Klassen, in denen ich Zooza bereits eingerichtet habe, hat sich die <a href=\"https:\/\/help.zooza.online\/payments\/billing-and-invoicing\" title=\"Billing and Invoicing\" target=\"_blank\" rel=\"noopener\">Disziplin beim Bezahlen<\/a>, Auschecken und Einchecken verbessert <br \/>stundenlang aus.<\/em><\/p>\n<p><cite>Veronnika Vankova<br \/>Projektinhaber von Helen Doron English Zvolen Teaching Centre<\/cite><\/p>\n<p style=\"text-align: left;\">Das Helen-Doron-Projekt ist erstaunlich und sehr wertvoll f\u00fcr die Kinder, Eltern und Gemeinden in seinem Umfeld. <br \/>Sehr empfehlenswerte Niederlassung&nbsp;<a href=\"https:\/\/helendoron.sk\/site\/zvolen\/\" target=\"_blank\" rel=\"noopener\">Helen Doron Englisch Zvolen<\/a>.<\/p>\n","protected":false},"excerpt":{"rendered":"<p>Projekt f\u00fcr einen Sprachkurs f\u00fcr Kinder: Zooza l\u00e4sst uns professioneller aussehen Helen Doron English und ihre Franchises sind sehr beliebte Methoden f\u00fcr den Englischunterricht f\u00fcr Kleinkinder und Kinder. Sie sind spielerisch, sie sind lustig, sie sind methodisch, sie sind effektiv. Deshalb sind sie so beliebt, und noch etwas: Die Dozenten sind gro\u00dfartig. Wir sind fasziniert [&hellip;]<\/p>\n","protected":false},"author":1,"featured_media":0,"parent":2643,"menu_order":0,"comment_status":"closed","ping_status":"closed","template":"","meta":{"_acf_changed":false,"footnotes":""},"class_list":["post-3360","page","type-page","status-publish","hentry"],"acf":[],"_links":{"self":[{"href":"https:\/\/www.zooza.online\/de\/wp-json\/wp\/v2\/pages\/3360","targetHints":{"allow":["GET"]}}],"collection":[{"href":"https:\/\/www.zooza.online\/de\/wp-json\/wp\/v2\/pages"}],"about":[{"href":"https:\/\/www.zooza.online\/de\/wp-json\/wp\/v2\/types\/page"}],"author":[{"embeddable":true,"href":"https:\/\/www.zooza.online\/de\/wp-json\/wp\/v2\/users\/1"}],"replies":[{"embeddable":true,"href":"https:\/\/www.zooza.online\/de\/wp-json\/wp\/v2\/comments?post=3360"}],"version-history":[{"count":1,"href":"https:\/\/www.zooza.online\/de\/wp-json\/wp\/v2\/pages\/3360\/revisions"}],"predecessor-version":[{"id":31141,"href":"https:\/\/www.zooza.online\/de\/wp-json\/wp\/v2\/pages\/3360\/revisions\/31141"}],"up":[{"embeddable":true,"href":"https:\/\/www.zooza.online\/de\/wp-json\/wp\/v2\/pages\/2643"}],"wp:attachment":[{"href":"https:\/\/www.zooza.online\/de\/wp-json\/wp\/v2\/media?parent=3360"}],"curies":[{"name":"wp","href":"https:\/\/api.w.org\/{rel}","templated":true}]}}