{"id":3599,"date":"2023-05-17T11:20:14","date_gmt":"2023-05-17T11:20:14","guid":{"rendered":"https:\/\/www.zooza.online\/fallstudien\/marine-schwimmakademie\/"},"modified":"2023-06-02T14:16:15","modified_gmt":"2023-06-02T14:16:15","slug":"marine-schwimmakademie","status":"publish","type":"page","link":"https:\/\/www.zooza.online\/de\/fallstudien-old\/marine-schwimmakademie\/","title":{"rendered":"Marine-Schwimmakademie"},"content":{"rendered":"<h1>Projekt einer Schwimmschule f\u00fcr Kinder: <br \/>Dank Zooze kann ich die Zeit, die ich spare, investieren in: <br \/>Vorbereitung auf den Unterricht, Familie und Entspannung<\/h1>\n<p>\t\t\t\t\t\t\t\t\t\t\t\t\t\t\t<img loading=\"lazy\" decoding=\"async\" width=\"261\" height=\"286\" src=\"https:\/\/www.zooza.online\/wp-content\/uploads\/2023\/05\/logo_marine_swim_academy_kuzy_plavania-1.png\" alt=\"\" loading=\"lazy\" title=\"\">\t\t\t\t\t\t\t\t\t\t\t\t\t\t\t<\/p>\n<p>Die Marine Swim Academy als Projekt einer Kinderschwimmschule mit Schwimmkursen f\u00fcr Kinder trat mit ihrem Ansatz und ihrem professionellen Interesse an der L\u00f6sung der k\u00f6rperlichen Entwicklung von Kindern auf verst\u00e4ndliche und zug\u00e4ngliche Weise an uns heran.<\/p>\n<p>Die Gr\u00fcnderin des Projekts, Denisa Pavelka, hat uns mit ihrer Herangehensweise und Organisation beeindruckt, weshalb die Integration des Zoos sehr schnell und einfach vonstatten ging.<\/p>\n<\/p>\n<p><em>&#8222;Ich habe Zooza gew\u00e4hlt, um mich von der t\u00e4glichen Kommunikation mit den Kunden zu erholen.<\/em><\/p>\n<p><em>Zooza hilft mir und <strong>erleichtert die Organisation der Kurse, es<\/strong> hat die Anmeldung und das Auschecken von Lektionen vereinfacht. Ich habe jetzt <strong>mehr Einblick<\/strong> in meine Kunden und gleichzeitig haben meine Kunden mehr Einblick in das Kursangebot.<\/em><\/p>\n<p><em><strong>Die Anzahl der E-Mails, Textnachrichten und Anrufe hat stark abgenommen, weil Zooza f\u00fcr mich kommuniziert.<\/strong><\/em><\/p>\n<p><em>Dank Zooze kann ich<strong> die eingesparte Zeit<\/strong> f\u00fcr eine bessere Vorbereitung auf den Unterricht, f\u00fcr die Familie und zur Entspannung nutzen.&#8220;<\/em><\/p>\n<p><cite>Denisa Pavelka<br \/>Ausbilder und Inhaber des Projekts Marine Swim Academy<\/cite><\/p>\n<p>Wenn Sie Schwimmunterricht mit einem professionellen Ansatz suchen, empfehlen wir Ihnen <a href=\"https:\/\/www.plavaniesdetmi.sk\/\" target=\"_blank\" rel=\"noopener\">www.plavaniesdetmi.sk.<\/a><\/p>\n<h2>Das Projekt von Zooza verwendet haupts\u00e4chlich:<\/h2>\n<ul>\n<li>Anmeldeformular<\/li>\n<li>Kalender f\u00fcr die Anmeldung<\/li>\n<li>Geschichten-Gruppen<\/li>\n<li>Kundendatenbank mit Filterung<\/li>\n<li>Anwesenheit mit Erstattung<\/li>\n<li>Kundenprofil mit Zahlungs\u00fcbersicht<\/li>\n<li>Einmalige Zahlungen<\/li>\n<li>Zahlungen pro Stunde f\u00fcr offene Stunden<\/li>\n<li>E-Mail- und SMS-Kommunikation<\/li>\n<li>Planung von Veranstaltungsorten und Dozenten<\/li>\n<li>Berichterstattung<\/li>\n<\/ul>\n","protected":false},"excerpt":{"rendered":"<p>Projekt einer Schwimmschule f\u00fcr Kinder: Dank Zooze kann ich die Zeit, die ich spare, investieren in: Vorbereitung auf den Unterricht, Familie und Entspannung Die Marine Swim Academy als Projekt einer Kinderschwimmschule mit Schwimmkursen f\u00fcr Kinder trat mit ihrem Ansatz und ihrem professionellen Interesse an der L\u00f6sung der k\u00f6rperlichen Entwicklung von Kindern auf verst\u00e4ndliche und zug\u00e4ngliche [&hellip;]<\/p>\n","protected":false},"author":1,"featured_media":0,"parent":2643,"menu_order":0,"comment_status":"closed","ping_status":"closed","template":"","meta":{"_acf_changed":false,"footnotes":""},"class_list":["post-3599","page","type-page","status-publish","hentry"],"acf":[],"_links":{"self":[{"href":"https:\/\/www.zooza.online\/de\/wp-json\/wp\/v2\/pages\/3599","targetHints":{"allow":["GET"]}}],"collection":[{"href":"https:\/\/www.zooza.online\/de\/wp-json\/wp\/v2\/pages"}],"about":[{"href":"https:\/\/www.zooza.online\/de\/wp-json\/wp\/v2\/types\/page"}],"author":[{"embeddable":true,"href":"https:\/\/www.zooza.online\/de\/wp-json\/wp\/v2\/users\/1"}],"replies":[{"embeddable":true,"href":"https:\/\/www.zooza.online\/de\/wp-json\/wp\/v2\/comments?post=3599"}],"version-history":[{"count":0,"href":"https:\/\/www.zooza.online\/de\/wp-json\/wp\/v2\/pages\/3599\/revisions"}],"up":[{"embeddable":true,"href":"https:\/\/www.zooza.online\/de\/wp-json\/wp\/v2\/pages\/2643"}],"wp:attachment":[{"href":"https:\/\/www.zooza.online\/de\/wp-json\/wp\/v2\/media?parent=3599"}],"curies":[{"name":"wp","href":"https:\/\/api.w.org\/{rel}","templated":true}]}}