{"id":21627,"date":"2024-10-31T11:06:37","date_gmt":"2024-10-31T11:06:37","guid":{"rendered":"https:\/\/www.zooza.online\/zachowaj-kazda-interakcje-z-klientem-na-swojej-stronie-dzieki-immersive-booking-engine\/"},"modified":"2024-12-10T09:04:34","modified_gmt":"2024-12-10T09:04:34","slug":"zachowaj-kazda-interakcje-z-klientem-na-swojej-stronie-dzieki-immersive-booking-engine","status":"publish","type":"page","link":"https:\/\/www.zooza.online\/pl\/stosunek-jakosci-do-ceny-jedna-platforma-do-rozwoju-marki-i-obnizenia-kosztow\/zachowaj-kazda-interakcje-z-klientem-na-swojej-stronie-dzieki-immersive-booking-engine\/","title":{"rendered":"Zachowaj ka\u017cd\u0105 interakcj\u0119 z klientem na swojej stronie dzi\u0119ki Immersive Booking Engine\u2122"},"content":{"rendered":"\t\t<div data-elementor-type=\"wp-page\" data-elementor-id=\"21627\" class=\"elementor elementor-21627 elementor-21153\" data-elementor-post-type=\"page\">\n\t\t\t\t<div class=\"elementor-element elementor-element-73af62f e-con-full e-flex e-con e-parent\" data-id=\"73af62f\" data-element_type=\"container\" data-e-type=\"container\">\n\t\t<div class=\"elementor-element elementor-element-4c393b3 e-con-full e-flex e-con e-child\" data-id=\"4c393b3\" data-element_type=\"container\" data-e-type=\"container\" data-settings=\"{&quot;background_background&quot;:&quot;classic&quot;}\">\n\t\t<div class=\"elementor-element elementor-element-e22a99b e-flex e-con-boxed e-con e-child\" data-id=\"e22a99b\" data-element_type=\"container\" data-e-type=\"container\">\n\t\t\t\t\t<div class=\"e-con-inner\">\n\t\t<div class=\"elementor-element elementor-element-50e403f e-con-full e-flex e-con e-child\" data-id=\"50e403f\" data-element_type=\"container\" data-e-type=\"container\">\n\t\t<div class=\"elementor-element elementor-element-5a8ca7d e-con-full e-flex e-con e-child\" data-id=\"5a8ca7d\" data-element_type=\"container\" data-e-type=\"container\">\n\t\t\t\t<div class=\"elementor-element elementor-element-576de4b elementor-widget__width-initial elementor-headline--style-highlight elementor-widget elementor-widget-animated-headline\" data-id=\"576de4b\" data-element_type=\"widget\" data-e-type=\"widget\" data-settings=\"{&quot;highlighted_text&quot;:&quot;Klient&quot;,&quot;marker&quot;:&quot;underline&quot;,&quot;headline_style&quot;:&quot;highlight&quot;,&quot;loop&quot;:&quot;yes&quot;,&quot;highlight_animation_duration&quot;:1200,&quot;highlight_iteration_delay&quot;:8000}\" data-widget_type=\"animated-headline.default\">\n\t\t\t\t\t\t\t<h1 class=\"elementor-headline\">\n\t\t\t\t\t<span class=\"elementor-headline-plain-text elementor-headline-text-wrapper\">Zachowaj ka\u017cdy  <\/span>\n\t\t\t\t<span class=\"elementor-headline-dynamic-wrapper elementor-headline-text-wrapper\">\n\t\t\t\t\t<span class=\"elementor-headline-dynamic-text elementor-headline-text-active\">Klient<\/span>\n\t\t\t\t<\/span>\n\t\t\t\t\t<span class=\"elementor-headline-plain-text elementor-headline-text-wrapper\">Interakcja w witrynie<\/span>\n\t\t\t\t\t<\/h1>\n\t\t\t\t\t\t<\/div>\n\t\t\t\t<\/div>\n\t\t<div class=\"elementor-element elementor-element-d729bbb e-con-full e-flex e-con e-child\" data-id=\"d729bbb\" data-element_type=\"container\" data-e-type=\"container\">\n\t\t\t\t<div class=\"elementor-element elementor-element-7b1ad5f elementor-widget__width-initial elementor-widget elementor-widget-heading\" data-id=\"7b1ad5f\" data-element_type=\"widget\" data-e-type=\"widget\" data-widget_type=\"heading.default\">\n\t\t\t\t\t<p class=\"elementor-heading-title elementor-size-default\">Twoi klienci oczekuj\u0105 p\u0142ynnej, markowej rezerwacji, kt\u00f3ra nie odci\u0105ga ich od Twojej witryny. Immersive Booking Engine\u2122 firmy Zooza zapewnia dok\u0142adnie to. Dzi\u0119ki temu, \u017ce ka\u017cda rezerwacja i zaanga\u017cowanie odbywa si\u0119 bezpo\u015brednio na Twojej stronie, zachowujesz pe\u0142n\u0105 kontrol\u0119 nad podr\u00f3\u017c\u0105 klienta, jednocze\u015bnie wzmacniaj\u0105c swoj\u0105 mark\u0119 na ka\u017cdym kroku.  <\/p>\t\t\t\t<\/div>\n\t\t\t\t<\/div>\n\t\t\t\t<\/div>\n\t\t\t\t\t<\/div>\n\t\t\t\t<\/div>\n\t\t\t\t<\/div>\n\t\t\t\t<\/div>\n\t\t<div class=\"elementor-element elementor-element-bd85772 e-flex e-con-boxed e-con e-parent\" data-id=\"bd85772\" data-element_type=\"container\" data-e-type=\"container\" id=\"more\">\n\t\t\t\t\t<div class=\"e-con-inner\">\n\t\t<div class=\"elementor-element elementor-element-6a4f028 e-con-full e-flex e-con e-child\" data-id=\"6a4f028\" data-element_type=\"container\" data-e-type=\"container\">\n\t\t\t\t<div class=\"elementor-element elementor-element-b7cd4bd elementor-widget elementor-widget-heading\" data-id=\"b7cd4bd\" data-element_type=\"widget\" data-e-type=\"widget\" data-widget_type=\"heading.default\">\n\t\t\t\t\t<h2 class=\"elementor-heading-title elementor-size-default\"><strong>Poznaj innowacje<\/strong><\/h2>\t\t\t\t<\/div>\n\t\t\t\t<\/div>\n\t\t<div class=\"elementor-element elementor-element-feb28d4 e-con-full e-flex e-con e-child\" data-id=\"feb28d4\" data-element_type=\"container\" data-e-type=\"container\">\n\t\t<div class=\"elementor-element elementor-element-031e0e3 e-flex e-con-boxed e-con e-child\" data-id=\"031e0e3\" data-element_type=\"container\" data-e-type=\"container\">\n\t\t\t\t\t<div class=\"e-con-inner\">\n\t\t<div class=\"elementor-element elementor-element-fa390e0 e-con-full elementor-hidden-desktop elementor-hidden-tablet elementor-hidden-mobile e-flex e-con e-child\" data-id=\"fa390e0\" data-element_type=\"container\" data-e-type=\"container\">\n\t\t<div class=\"elementor-element elementor-element-ade7daa e-flex e-con-boxed e-con e-child\" data-id=\"ade7daa\" data-element_type=\"container\" data-e-type=\"container\">\n\t\t\t\t\t<div class=\"e-con-inner\">\n\t\t\t\t<div class=\"elementor-element elementor-element-d456c90 elementor-invisible elementor-widget elementor-widget-heading\" data-id=\"d456c90\" data-element_type=\"widget\" data-e-type=\"widget\" data-settings=\"{&quot;_animation&quot;:&quot;fadeInDown&quot;}\" data-widget_type=\"heading.default\">\n\t\t\t\t\t<p class=\"elementor-heading-title elementor-size-default\">O Zooza<\/p>\t\t\t\t<\/div>\n\t\t\t\t<div class=\"elementor-element elementor-element-077876f elementor-invisible elementor-widget elementor-widget-heading\" data-id=\"077876f\" data-element_type=\"widget\" data-e-type=\"widget\" data-settings=\"{&quot;_animation&quot;:&quot;fadeInUp&quot;}\" data-widget_type=\"heading.default\">\n\t\t\t\t\t<h2 class=\"elementor-heading-title elementor-size-default\">Viac z\u00e1bavy s kurzami,<br>menej administrat\u00edvy.<\/h2>\t\t\t\t<\/div>\n\t\t\t\t<div class=\"elementor-element elementor-element-e18c2c6 elementor-align-right elementor-widget__width-auto cool-button elementor-widget elementor-widget-button\" data-id=\"e18c2c6\" data-element_type=\"widget\" data-e-type=\"widget\" data-widget_type=\"button.default\">\n\t\t\t\t\t\t\t\t\t\t<a class=\"elementor-button elementor-button-link elementor-size-md elementor-animation-grow\" href=\"https:\/\/www.zooza.online\/signup\/\">\n\t\t\t\t\t\t<span class=\"elementor-button-content-wrapper\">\n\t\t\t\t\t\t<span class=\"elementor-button-icon\">\n\t\t\t\t<i aria-hidden=\"true\" class=\"fas fa-arrow-right\"><\/i>\t\t\t<\/span>\n\t\t\t\t\t\t\t\t\t<span class=\"elementor-button-text\">Wypr\u00f3buj za darmo<\/span>\n\t\t\t\t\t<\/span>\n\t\t\t\t\t<\/a>\n\t\t\t\t\t\t\t\t<\/div>\n\t\t\t\t\t<\/div>\n\t\t\t\t<\/div>\n\t\t\t\t<\/div>\n\t\t<div class=\"elementor-element elementor-element-421df94 e-con-full e-flex e-con e-child\" data-id=\"421df94\" data-element_type=\"container\" data-e-type=\"container\">\n\t\t<div class=\"elementor-element elementor-element-9a0fac7 e-con-full e-flex e-con e-child\" data-id=\"9a0fac7\" data-element_type=\"container\" data-e-type=\"container\">\n\t\t<div class=\"elementor-element elementor-element-31c5b1d e-flex e-con-boxed e-con e-child\" data-id=\"31c5b1d\" data-element_type=\"container\" data-e-type=\"container\">\n\t\t\t\t\t<div class=\"e-con-inner\">\n\t\t\t\t<div class=\"elementor-element elementor-element-8a4acc4 elementor-widget elementor-widget-heading\" data-id=\"8a4acc4\" data-element_type=\"widget\" data-e-type=\"widget\" data-widget_type=\"heading.default\">\n\t\t\t\t\t<h3 class=\"elementor-heading-title elementor-size-default\">Immersive Booking Engine\u2122<\/h3>\t\t\t\t<\/div>\n\t\t\t\t\t<\/div>\n\t\t\t\t<\/div>\n\t\t<div class=\"elementor-element elementor-element-96f7285 e-flex e-con-boxed e-con e-child\" data-id=\"96f7285\" data-element_type=\"container\" data-e-type=\"container\">\n\t\t\t\t\t<div class=\"e-con-inner\">\n\t\t\t\t<div class=\"elementor-element elementor-element-edbf9be elementor-widget elementor-widget-text-editor\" data-id=\"edbf9be\" data-element_type=\"widget\" data-e-type=\"widget\" data-widget_type=\"text-editor.default\">\n\t\t\t\t\t\t\t\t\t<p>Utrzymuj klient\u00f3w na swojej stronie i anga\u017cuj ich w swoj\u0105 mark\u0119<\/p>\n\t\t\t\t\t\t\t\t<\/div>\n\t\t\t\t<div class=\"elementor-element elementor-element-faf6cd0 elementor-widget elementor-widget-text-editor\" data-id=\"faf6cd0\" data-element_type=\"widget\" data-e-type=\"widget\" data-widget_type=\"text-editor.default\">\n\t\t\t\t\t\t\t\t\t<p>Dzi\u0119ki Immersive Booking Engine\u2122 rodzice pozostaj\u0105 na Twojej stronie internetowej od pocz\u0105tku do ko\u0144ca, w pe\u0142ni zanurzeni w do\u015bwiadczeniu rezerwacji, kt\u00f3re odzwierciedla warto\u015bci i g\u0142os Twojej marki. Narz\u0119dzie to nie tylko obs\u0142uguje rezerwacje &#8211; ono je usprawnia, utrzymuj\u0105c klient\u00f3w skupionych na Twojej ofercie i poprawiaj\u0105c wsp\u00f3\u0142czynniki konwersji. <\/p>\n\t\t\t\t\t\t\t\t<\/div>\n\t\t\t\t\t<\/div>\n\t\t\t\t<\/div>\n\t\t<div class=\"elementor-element elementor-element-45a8a8a e-flex e-con-boxed e-con e-child\" data-id=\"45a8a8a\" data-element_type=\"container\" data-e-type=\"container\">\n\t\t\t\t\t<div class=\"e-con-inner\">\n\t\t\t\t<div class=\"elementor-element elementor-element-5d6b5fc elementor-widget__width-initial elementor-icon-list--layout-traditional elementor-list-item-link-full_width elementor-widget elementor-widget-icon-list\" data-id=\"5d6b5fc\" data-element_type=\"widget\" data-e-type=\"widget\" data-widget_type=\"icon-list.default\">\n\t\t\t\t\t\t\t<ul class=\"elementor-icon-list-items\">\n\t\t\t\t\t\t\t<li class=\"elementor-icon-list-item\">\n\t\t\t\t\t\t\t\t\t\t\t<span class=\"elementor-icon-list-icon\">\n\t\t\t\t\t\t\t<i aria-hidden=\"true\" class=\"fas fa-check-circle\"><\/i>\t\t\t\t\t\t<\/span>\n\t\t\t\t\t\t\t\t\t\t<span class=\"elementor-icon-list-text\"><strong>P\u0142ynna podr\u00f3\u017c klienta:<\/strong> Brak przekierowa\u0144, zatrzymanie rodzic\u00f3w w witrynie<\/span>\n\t\t\t\t\t\t\t\t\t<\/li>\n\t\t\t\t\t\t\t\t<li class=\"elementor-icon-list-item\">\n\t\t\t\t\t\t\t\t\t\t\t<span class=\"elementor-icon-list-icon\">\n\t\t\t\t\t\t\t<i aria-hidden=\"true\" class=\"fas fa-check-circle\"><\/i>\t\t\t\t\t\t<\/span>\n\t\t\t\t\t\t\t\t\t\t<span class=\"elementor-icon-list-text\"><strong>Wy\u017csza konwersja:<\/strong> P\u0142ynne, intuicyjne przep\u0142ywy rezerwacji zmniejszaj\u0105 liczb\u0119 rezygnacji.<\/span>\n\t\t\t\t\t\t\t\t\t<\/li>\n\t\t\t\t\t\t\t\t<li class=\"elementor-icon-list-item\">\n\t\t\t\t\t\t\t\t\t\t\t<span class=\"elementor-icon-list-icon\">\n\t\t\t\t\t\t\t<i aria-hidden=\"true\" class=\"fas fa-check-circle\"><\/i>\t\t\t\t\t\t<\/span>\n\t\t\t\t\t\t\t\t\t\t<span class=\"elementor-icon-list-text\"><strong>Mo\u017cliwo\u015b\u0107 dostosowania projektu:<\/strong> Dostosuj spos\u00f3b rezerwacji do swojego modelu biznesowego<\/span>\n\t\t\t\t\t\t\t\t\t<\/li>\n\t\t\t\t\t\t\t\t<li class=\"elementor-icon-list-item\">\n\t\t\t\t\t\t\t\t\t\t\t<span class=\"elementor-icon-list-icon\">\n\t\t\t\t\t\t\t<i aria-hidden=\"true\" class=\"fas fa-check-circle\"><\/i>\t\t\t\t\t\t<\/span>\n\t\t\t\t\t\t\t\t\t\t<span class=\"elementor-icon-list-text\"><strong>SEO Boost:<\/strong> Zaanga\u017cowanie w witrynie, kt\u00f3re przyczynia si\u0119 do lepszych ranking\u00f3w wyszukiwania<\/span>\n\t\t\t\t\t\t\t\t\t<\/li>\n\t\t\t\t\t\t<\/ul>\n\t\t\t\t\t\t<\/div>\n\t\t\t\t\t<\/div>\n\t\t\t\t<\/div>\n\t\t\t\t<\/div>\n\t\t<div class=\"elementor-element elementor-element-8fc8c52 e-flex e-con-boxed e-con e-child\" data-id=\"8fc8c52\" data-element_type=\"container\" data-e-type=\"container\" data-settings=\"{&quot;background_background&quot;:&quot;gradient&quot;}\">\n\t\t\t\t\t<div class=\"e-con-inner\">\n\t\t\t\t<div class=\"elementor-element elementor-element-b04d16c elementor-widget elementor-widget-image\" data-id=\"b04d16c\" data-element_type=\"widget\" data-e-type=\"widget\" data-widget_type=\"image.default\">\n\t\t\t\t\t\t\t\t\t\t\t\t\t\t\t<img fetchpriority=\"high\" decoding=\"async\" width=\"768\" height=\"768\" src=\"https:\/\/www.zooza.online\/wp-content\/uploads\/2024\/10\/Copy-of-Email-Pictures-Templates-2-768x768.gif\" class=\"attachment-medium_large size-medium_large wp-image-21167\" alt=\"Immersive Booking Engine\u2122\nKeep Clients on Your Site, Engaged with Your Brand\" srcset=\"https:\/\/www.zooza.online\/wp-content\/uploads\/2024\/10\/Copy-of-Email-Pictures-Templates-2-768x768.gif 768w, https:\/\/www.zooza.online\/wp-content\/uploads\/2024\/10\/Copy-of-Email-Pictures-Templates-2-300x300.gif 300w, https:\/\/www.zooza.online\/wp-content\/uploads\/2024\/10\/Copy-of-Email-Pictures-Templates-2-1024x1024.gif 1024w, https:\/\/www.zooza.online\/wp-content\/uploads\/2024\/10\/Copy-of-Email-Pictures-Templates-2-150x150.gif 150w\" sizes=\"(max-width: 768px) 100vw, 768px\" title=\"\">\t\t\t\t\t\t\t\t\t\t\t\t\t\t\t<\/div>\n\t\t\t\t\t<\/div>\n\t\t\t\t<\/div>\n\t\t\t\t<\/div>\n\t\t\t\t\t<\/div>\n\t\t\t\t<\/div>\n\t\t\t\t<\/div>\n\t\t\t\t\t<\/div>\n\t\t\t\t<\/div>\n\t\t<div class=\"elementor-element elementor-element-0dfcf23 e-flex e-con-boxed e-con e-parent\" data-id=\"0dfcf23\" data-element_type=\"container\" data-e-type=\"container\">\n\t\t\t\t\t<div class=\"e-con-inner\">\n\t\t<div class=\"elementor-element elementor-element-7c49b1b e-con-full e-flex e-con e-child\" data-id=\"7c49b1b\" data-element_type=\"container\" data-e-type=\"container\">\n\t\t\t\t<div class=\"elementor-element elementor-element-e5472e8 elementor-widget elementor-widget-spacer\" data-id=\"e5472e8\" data-element_type=\"widget\" data-e-type=\"widget\" data-widget_type=\"spacer.default\">\n\t\t\t\t\t\t\t<div class=\"elementor-spacer\">\n\t\t\t<div class=\"elementor-spacer-inner\"><\/div>\n\t\t<\/div>\n\t\t\t\t\t\t<\/div>\n\t\t\t\t<div class=\"elementor-element elementor-element-a52faee elementor-headline--style-highlight elementor-widget elementor-widget-animated-headline\" data-id=\"a52faee\" data-element_type=\"widget\" data-e-type=\"widget\" data-settings=\"{&quot;highlighted_text&quot;:&quot;Immersive Booking Engine\\u2122  &quot;,&quot;headline_style&quot;:&quot;highlight&quot;,&quot;marker&quot;:&quot;circle&quot;,&quot;loop&quot;:&quot;yes&quot;,&quot;highlight_animation_duration&quot;:1200,&quot;highlight_iteration_delay&quot;:8000}\" data-widget_type=\"animated-headline.default\">\n\t\t\t\t\t\t\t<h2 class=\"elementor-headline\">\n\t\t\t\t\t<span class=\"elementor-headline-plain-text elementor-headline-text-wrapper\">Dlaczego  <\/span>\n\t\t\t\t<span class=\"elementor-headline-dynamic-wrapper elementor-headline-text-wrapper\">\n\t\t\t\t\t<span class=\"elementor-headline-dynamic-text elementor-headline-text-active\">Immersive Booking Engine\u2122  <\/span>\n\t\t\t\t<\/span>\n\t\t\t\t\t<span class=\"elementor-headline-plain-text elementor-headline-text-wrapper\">jest wyj\u0105tkowy<\/span>\n\t\t\t\t\t<\/h2>\n\t\t\t\t\t\t<\/div>\n\t\t\t\t<div class=\"elementor-element elementor-element-b59b50d elementor-widget elementor-widget-text-editor\" data-id=\"b59b50d\" data-element_type=\"widget\" data-e-type=\"widget\" data-widget_type=\"text-editor.default\">\n\t\t\t\t\t\t\t\t\t<p><strong>Immersive Booking Engine\u2122<\/strong> to nie tylko kolejne narz\u0119dzie do rezerwacji; to unikalne podej\u015bcie do zaanga\u017cowania klient\u00f3w, kt\u00f3re nadaje priorytet Twojej marce i maksymalizuje kontrol\u0119. W przeciwie\u0144stwie do typowych system\u00f3w rezerwacji, kt\u00f3re przekierowuj\u0105 klient\u00f3w do portali poza witryn\u0105 lub oddzielnych obszar\u00f3w dla klient\u00f3w, <strong>Immersive Booking Engine <\/strong>\u2122 zapewnia, \u017ce ka\u017cde klikni\u0119cie, formularz i akcja pozostaj\u0105 w \u015brodowisku Twojej witryny. <\/p><\/p>\n\t\t\t\t\t\t\t\t<\/div>\n\t\t\t\t<div class=\"elementor-element elementor-element-cc98b60 elementor-widget elementor-widget-text-editor\" data-id=\"cc98b60\" data-element_type=\"widget\" data-e-type=\"widget\" data-widget_type=\"text-editor.default\">\n\t\t\t\t\t\t\t\t\t<ol>\n<li>\n<p><strong>Prawdziwa rezerwacja na miejscu dla kampanii PPC (Google, Facebook)<\/strong><br>Wiele system\u00f3w u\u017cywa ramek iframe lub przekierowuje klient\u00f3w na osobne strony podczas rezerwacji, ale z&nbsp;<span style=\"font-weight: bolder; background-color: transparent; color: var( --e-global-color-text ); font-family: var( --e-global-typography-text-font-family ), Sans-serif;\">Immersive Booking Engine\u2122&nbsp;<\/span><span style=\"background-color: transparent; color: var( --e-global-color-text ); font-family: var( --e-global-typography-text-font-family ), Sans-serif; font-weight: var( --e-global-typography-text-font-weight );\">Ka\u017cda interakcja odbywa si\u0119 bezpo\u015brednio w Twojej witrynie &#8211; klienci nigdy nie s\u0105 wysy\u0142ani gdzie indziej. Ramki iFrame ukrywaj\u0105 zawarto\u015b\u0107 rezerwacji dla Google, a zatem Twoja zdolno\u015b\u0107 do skutecznego \u015bledzenia wydatk\u00f3w na reklam\u0119 jest ograniczona. Zooza automatycznie przesy\u0142a dane do warstwy danych Mened\u017cer\u00f3w tag\u00f3w Google, ale poniewa\u017c rezerwacja Zooza jest integraln\u0105 cz\u0119\u015bci\u0105 Twojej witryny, mo\u017cesz doda\u0107 do niej w\u0142asne dane \u015bledzenia i maksymalnie wykorzysta\u0107 pieni\u0105dze wydane na kampanie  <\/span><\/p>\n<\/li>\n<li>\n<p><strong>Dostosowanie do produktu<\/strong><br>IBE pozwala dostosowa\u0107 i osadzi\u0107 formularze rezerwacji dla ka\u017cdego produktu, umo\u017cliwiaj\u0105c pe\u0142n\u0105 kontrol\u0119 nad rozmieszczeniem, wygl\u0105dem i funkcj\u0105.<\/p>\n<\/li>\n<li>\n<p><strong>Markowa \u015bcie\u017cka klienta od pocz\u0105tku do ko\u0144ca<\/strong><br>Twoja marka jest w pe\u0142ni reprezentowana na ka\u017cdym kroku, bez zewn\u0119trznych portali i element\u00f3w rozpraszaj\u0105cych uwag\u0119. Ka\u017cdy formularz, rezerwacja i interakcja s\u0105 cz\u0119\u015bci\u0105 jednolitego, markowego do\u015bwiadczenia. <\/p>\n<\/li>\n<li>\n<p><strong>Kompatybilno\u015b\u0107 z platformami<\/strong><\/p>\n<p>Immersive Booking Engine\u2122 firmy Zooza zosta\u0142 zaprojektowany z my\u015bl\u0105 o \u0142atwej integracji z popularnymi platformami. Oferujemy <strong>wtyczk\u0119 WordPress<\/strong> do bezproblemowego osadzania, a tak\u017ce jeste\u015bmy kompatybilni z innymi platformami, takimi jak <strong>Wix<\/strong>, <strong>Squarespace<\/strong> i nie tylko. Niezale\u017cnie od tego, gdzie znajduje si\u0119 Twoja witryna, Zooza mo\u017ce sta\u0107 si\u0119 jej integraln\u0105 cz\u0119\u015bci\u0105.  <\/p>\n<\/li>\n<\/ol>\n<p>Dzi\u0119ki <strong>Immersive Booking Engine\u2122<\/strong> Zooza zapewnia unikalne, autorskie rozwi\u0105zanie, kt\u00f3re utrzymuje ka\u017cd\u0105 interakcj\u0119 klienta na Twojej stronie internetowej, dzi\u0119ki czemu jest to p\u0142ynna, skoncentrowana na marce podr\u00f3\u017c.<\/p>\t\t\t\t\t\t\t\t<\/div>\n\t\t\t\t<\/div>\n\t\t\t\t\t<\/div>\n\t\t\t\t<\/div>\n\t\t<div class=\"elementor-element elementor-element-f7f6f8d e-flex e-con-boxed e-con e-parent\" data-id=\"f7f6f8d\" data-element_type=\"container\" data-e-type=\"container\">\n\t\t\t\t\t<div class=\"e-con-inner\">\n\t\t<div class=\"elementor-element elementor-element-e060a32 e-con-full e-flex e-con e-child\" data-id=\"e060a32\" data-element_type=\"container\" data-e-type=\"container\" data-settings=\"{&quot;background_background&quot;:&quot;classic&quot;}\">\n\t\t<div class=\"elementor-element elementor-element-aa6e479 e-flex e-con-boxed e-con e-child\" data-id=\"aa6e479\" data-element_type=\"container\" data-e-type=\"container\" data-settings=\"{&quot;background_background&quot;:&quot;classic&quot;}\">\n\t\t\t\t\t<div class=\"e-con-inner\">\n\t\t<div class=\"elementor-element elementor-element-6e1b584 e-con-full e-flex e-con e-child\" data-id=\"6e1b584\" data-element_type=\"container\" data-e-type=\"container\">\n\t\t\t\t<div class=\"elementor-element elementor-element-f784106 elementor-headline--style-highlight elementor-invisible elementor-widget elementor-widget-animated-headline\" data-id=\"f784106\" data-element_type=\"widget\" data-e-type=\"widget\" data-settings=\"{&quot;highlighted_text&quot;:&quot;Zaoszcz\\u0119d\\u017a do 70%&quot;,&quot;_animation&quot;:&quot;fadeInUp&quot;,&quot;marker&quot;:&quot;double_underline&quot;,&quot;headline_style&quot;:&quot;highlight&quot;,&quot;loop&quot;:&quot;yes&quot;,&quot;highlight_animation_duration&quot;:1200,&quot;highlight_iteration_delay&quot;:8000}\" data-widget_type=\"animated-headline.default\">\n\t\t\t\t\t\t\t<h2 class=\"elementor-headline\">\n\t\t\t\t<span class=\"elementor-headline-dynamic-wrapper elementor-headline-text-wrapper\">\n\t\t\t\t\t<span class=\"elementor-headline-dynamic-text elementor-headline-text-active\">Zaoszcz\u0119d\u017a do 70%<\/span>\n\t\t\t\t<\/span>\n\t\t\t\t\t<span class=\"elementor-headline-plain-text elementor-headline-text-wrapper\">na Narz\u0119dzia z Zooza ju\u017c dzi\u015b!<\/span>\n\t\t\t\t\t<\/h2>\n\t\t\t\t\t\t<\/div>\n\t\t\t\t<div class=\"elementor-element elementor-element-61fac5f elementor-invisible elementor-widget elementor-widget-heading\" data-id=\"61fac5f\" data-element_type=\"widget\" data-e-type=\"widget\" data-settings=\"{&quot;_animation&quot;:&quot;fadeIn&quot;}\" data-widget_type=\"heading.default\">\n\t\t\t\t\t<h4 class=\"elementor-heading-title elementor-size-default\">Odkryj elastyczne ceny, kt\u00f3re skaluj\u0105 si\u0119 wraz z Twoim rozwojem i dopasowuj\u0105 si\u0119 do Twojej bazy klient\u00f3w.<\/h4>\t\t\t\t<\/div>\n\t\t\t\t<div class=\"elementor-element elementor-element-ce3686b elementor-widget__width-auto cool-button elementor-align-right elementor-widget elementor-widget-button\" data-id=\"ce3686b\" data-element_type=\"widget\" data-e-type=\"widget\" data-widget_type=\"button.default\">\n\t\t\t\t\t\t\t\t\t\t<a class=\"elementor-button elementor-button-link elementor-size-md elementor-animation-grow\" href=\"https:\/\/www.zooza.online\/features\/\">\n\t\t\t\t\t\t<span class=\"elementor-button-content-wrapper\">\n\t\t\t\t\t\t<span class=\"elementor-button-icon\">\n\t\t\t\t<i aria-hidden=\"true\" class=\"fas fa-arrow-right\"><\/i>\t\t\t<\/span>\n\t\t\t\t\t\t\t\t\t<span class=\"elementor-button-text\">Zobacz stosunek jako\u015bci do ceny<\/span>\n\t\t\t\t\t<\/span>\n\t\t\t\t\t<\/a>\n\t\t\t\t\t\t\t\t<\/div>\n\t\t\t\t<\/div>\n\t\t\t\t\t<\/div>\n\t\t\t\t<\/div>\n\t\t\t\t<\/div>\n\t\t\t\t\t<\/div>\n\t\t\t\t<\/div>\n\t\t\t\t<\/div>\n\t\t","protected":false},"excerpt":{"rendered":"<p>Zachowaj ka\u017cdy Klient Interakcja w witrynie Twoi klienci oczekuj\u0105 p\u0142ynnej, markowej rezerwacji, kt\u00f3ra nie odci\u0105ga ich od Twojej witryny. Immersive Booking Engine\u2122 firmy Zooza zapewnia dok\u0142adnie to. Dzi\u0119ki temu, \u017ce ka\u017cda rezerwacja i zaanga\u017cowanie odbywa si\u0119 bezpo\u015brednio na Twojej stronie, zachowujesz pe\u0142n\u0105 kontrol\u0119 nad podr\u00f3\u017c\u0105 klienta, jednocze\u015bnie wzmacniaj\u0105c swoj\u0105 mark\u0119 na ka\u017cdym kroku. Poznaj innowacje [&hellip;]<\/p>\n","protected":false},"author":2,"featured_media":21167,"parent":21764,"menu_order":0,"comment_status":"closed","ping_status":"closed","template":"","meta":{"_acf_changed":false,"footnotes":""},"class_list":["post-21627","page","type-page","status-publish","has-post-thumbnail","hentry"],"acf":[],"_links":{"self":[{"href":"https:\/\/www.zooza.online\/pl\/wp-json\/wp\/v2\/pages\/21627","targetHints":{"allow":["GET"]}}],"collection":[{"href":"https:\/\/www.zooza.online\/pl\/wp-json\/wp\/v2\/pages"}],"about":[{"href":"https:\/\/www.zooza.online\/pl\/wp-json\/wp\/v2\/types\/page"}],"author":[{"embeddable":true,"href":"https:\/\/www.zooza.online\/pl\/wp-json\/wp\/v2\/users\/2"}],"replies":[{"embeddable":true,"href":"https:\/\/www.zooza.online\/pl\/wp-json\/wp\/v2\/comments?post=21627"}],"version-history":[{"count":0,"href":"https:\/\/www.zooza.online\/pl\/wp-json\/wp\/v2\/pages\/21627\/revisions"}],"up":[{"embeddable":true,"href":"https:\/\/www.zooza.online\/pl\/wp-json\/wp\/v2\/pages\/21764"}],"wp:featuredmedia":[{"embeddable":true,"href":"https:\/\/www.zooza.online\/pl\/wp-json\/wp\/v2\/media\/21167"}],"wp:attachment":[{"href":"https:\/\/www.zooza.online\/pl\/wp-json\/wp\/v2\/media?parent=21627"}],"curies":[{"name":"wp","href":"https:\/\/api.w.org\/{rel}","templated":true}]}}