{"id":21648,"date":"2024-11-05T09:32:48","date_gmt":"2024-11-05T09:32:48","guid":{"rendered":"https:\/\/www.zooza.online\/zarzadzaj-wszystkimi-produktami-w-jednym-miejscu-dzieki-narzedziu-product-builder\/"},"modified":"2026-04-27T12:45:07","modified_gmt":"2026-04-27T12:45:07","slug":"zarzadzaj-wszystkimi-produktami-w-jednym-miejscu-dzieki-narzedziu-product-builder","status":"publish","type":"page","link":"https:\/\/www.zooza.online\/pl\/stosunek-jakosci-do-ceny-jedna-platforma-do-rozwoju-marki-i-obnizenia-kosztow\/zarzadzaj-wszystkimi-produktami-w-jednym-miejscu-dzieki-narzedziu-product-builder\/","title":{"rendered":"Zarz\u0105dzaj wszystkimi produktami w jednym miejscu dzi\u0119ki narz\u0119dziu Product Builder"},"content":{"rendered":"\t\t<div data-elementor-type=\"wp-page\" data-elementor-id=\"21648\" class=\"elementor elementor-21648 elementor-21286\" data-elementor-post-type=\"page\">\n\t\t\t\t<div class=\"elementor-element elementor-element-a0efaff e-con-full e-flex e-con e-parent\" data-id=\"a0efaff\" data-element_type=\"container\" data-e-type=\"container\">\n\t\t<div class=\"elementor-element elementor-element-cf339a9 e-con-full e-flex e-con e-child\" data-id=\"cf339a9\" data-element_type=\"container\" data-e-type=\"container\">\n\t\t<div class=\"elementor-element elementor-element-5940cb6 e-con-full e-flex e-con e-child\" data-id=\"5940cb6\" data-element_type=\"container\" data-e-type=\"container\" data-settings=\"{&quot;background_background&quot;:&quot;classic&quot;}\">\n\t\t<div class=\"elementor-element elementor-element-7cb527d e-flex e-con-boxed e-con e-child\" data-id=\"7cb527d\" data-element_type=\"container\" data-e-type=\"container\">\n\t\t\t\t\t<div class=\"e-con-inner\">\n\t\t<div class=\"elementor-element elementor-element-b840973 e-con-full e-flex e-con e-child\" data-id=\"b840973\" data-element_type=\"container\" data-e-type=\"container\">\n\t\t<div class=\"elementor-element elementor-element-99ad3ab e-con-full e-flex e-con e-child\" data-id=\"99ad3ab\" data-element_type=\"container\" data-e-type=\"container\">\n\t\t\t\t<div class=\"elementor-element elementor-element-bbe60f3 elementor-widget__width-initial elementor-headline--style-highlight elementor-widget elementor-widget-animated-headline\" data-id=\"bbe60f3\" data-element_type=\"widget\" data-e-type=\"widget\" data-settings=\"{&quot;highlighted_text&quot;:&quot;Produkty&quot;,&quot;marker&quot;:&quot;underline&quot;,&quot;headline_style&quot;:&quot;highlight&quot;,&quot;loop&quot;:&quot;yes&quot;,&quot;highlight_animation_duration&quot;:1200,&quot;highlight_iteration_delay&quot;:8000}\" data-widget_type=\"animated-headline.default\">\n\t\t\t\t\t\t\t<h1 class=\"elementor-headline\">\n\t\t\t\t\t<span class=\"elementor-headline-plain-text elementor-headline-text-wrapper\">Zarz\u0105dzaj wszystkimi  <\/span>\n\t\t\t\t<span class=\"elementor-headline-dynamic-wrapper elementor-headline-text-wrapper\">\n\t\t\t\t\t<span class=\"elementor-headline-dynamic-text elementor-headline-text-active\">Produkty<\/span>\n\t\t\t\t<\/span>\n\t\t\t\t\t<span class=\"elementor-headline-plain-text elementor-headline-text-wrapper\">w jednym miejscu dzi\u0119ki narz\u0119dziu Product Builder<\/span>\n\t\t\t\t\t<\/h1>\n\t\t\t\t\t\t<\/div>\n\t\t\t\t<\/div>\n\t\t<div class=\"elementor-element elementor-element-18a99e7 e-con-full e-flex e-con e-child\" data-id=\"18a99e7\" data-element_type=\"container\" data-e-type=\"container\">\n\t\t\t\t<div class=\"elementor-element elementor-element-7da783b elementor-widget__width-initial elementor-widget elementor-widget-heading\" data-id=\"7da783b\" data-element_type=\"widget\" data-e-type=\"widget\" data-widget_type=\"heading.default\">\n\t\t\t\t\t<p class=\"elementor-heading-title elementor-size-default\">W przypadku zaj\u0119\u0107 dla dzieci i edukacji kluczowa jest elastyczno\u015b\u0107. Zooza Product Builder pozwala zarz\u0105dza\u0107 szerok\u0105 gam\u0105 ofert - czy to trwaj\u0105cymi kursami, sesjami grupowymi lub prywatnymi, obozami letnimi, tre\u015bciami cyfrowymi czy towarami - wszystko w ramach jednej platformy. Po\u017cegnaj si\u0119 z \u017conglowaniem wieloma systemami i przywitaj si\u0119 z ujednoliconym, konfigurowalnym rozwi\u0105zaniem do zarz\u0105dzania produktami.  <\/p>\t\t\t\t<\/div>\n\t\t\t\t<\/div>\n\t\t\t\t<\/div>\n\t\t\t\t\t<\/div>\n\t\t\t\t<\/div>\n\t\t\t\t<\/div>\n\t\t\t\t<\/div>\n\t\t\t\t<\/div>\n\t\t<div class=\"elementor-element elementor-element-2d71f29 e-flex e-con-boxed e-con e-parent\" data-id=\"2d71f29\" data-element_type=\"container\" data-e-type=\"container\">\n\t\t\t\t\t<div class=\"e-con-inner\">\n\t\t<div class=\"elementor-element elementor-element-45d3d8a e-con-full e-flex e-con e-child\" data-id=\"45d3d8a\" data-element_type=\"container\" data-e-type=\"container\">\n\t\t<div class=\"elementor-element elementor-element-15a568d e-con-full e-flex e-con e-child\" data-id=\"15a568d\" data-element_type=\"container\" data-e-type=\"container\">\n\t\t\t\t<div class=\"elementor-element elementor-element-0e2a08b elementor-widget elementor-widget-heading\" data-id=\"0e2a08b\" data-element_type=\"widget\" data-e-type=\"widget\" data-widget_type=\"heading.default\">\n\t\t\t\t\t<h2 class=\"elementor-heading-title elementor-size-default\"><strong>Poznaj innowacje<\/strong><\/h2>\t\t\t\t<\/div>\n\t\t\t\t<\/div>\n\t\t<div class=\"elementor-element elementor-element-1ca6720 e-con-full e-flex e-con e-child\" data-id=\"1ca6720\" data-element_type=\"container\" data-e-type=\"container\">\n\t\t<div class=\"elementor-element elementor-element-4c31256 e-con-full e-flex e-con e-child\" data-id=\"4c31256\" data-element_type=\"container\" data-e-type=\"container\">\n\t\t<div class=\"elementor-element elementor-element-9f1df6d e-con-full e-flex e-con e-child\" data-id=\"9f1df6d\" data-element_type=\"container\" data-e-type=\"container\">\n\t\t\t\t<div class=\"elementor-element elementor-element-1dd0cd9 elementor-widget elementor-widget-heading\" data-id=\"1dd0cd9\" data-element_type=\"widget\" data-e-type=\"widget\" data-widget_type=\"heading.default\">\n\t\t\t\t\t<h3 class=\"elementor-heading-title elementor-size-default\">1. Wszechstronne zarz\u0105dzanie produktami<\/h3>\t\t\t\t<\/div>\n\t\t\t\t<\/div>\n\t\t<div class=\"elementor-element elementor-element-8c890e1 e-flex e-con-boxed e-con e-child\" data-id=\"8c890e1\" data-element_type=\"container\" data-e-type=\"container\">\n\t\t\t\t\t<div class=\"e-con-inner\">\n\t\t\t\t<div class=\"elementor-element elementor-element-f219aac elementor-widget elementor-widget-text-editor\" data-id=\"f219aac\" data-element_type=\"widget\" data-e-type=\"widget\" data-widget_type=\"text-editor.default\">\n\t\t\t\t\t\t\t\t\t<p>Oferta ka\u017cdego klienta jest wyj\u0105tkowa, a narz\u0119dzie Product Builder dostosowuje si\u0119 do jego potrzeb. Od trwaj\u0105cych zaj\u0119\u0107 i oboz\u00f3w po cyfrowe pliki do pobrania i towary &#8211; Zooza obs\u0142uguje wszystko. <\/p>\n\t\t\t\t\t\t\t\t<\/div>\n\t\t\t\t\t<\/div>\n\t\t\t\t<\/div>\n\t\t<div class=\"elementor-element elementor-element-217450b e-flex e-con-boxed e-con e-child\" data-id=\"217450b\" data-element_type=\"container\" data-e-type=\"container\">\n\t\t\t\t\t<div class=\"e-con-inner\">\n\t\t\t\t<div class=\"elementor-element elementor-element-ac5542f elementor-widget__width-initial elementor-icon-list--layout-traditional elementor-list-item-link-full_width elementor-widget elementor-widget-icon-list\" data-id=\"ac5542f\" data-element_type=\"widget\" data-e-type=\"widget\" data-widget_type=\"icon-list.default\">\n\t\t\t\t\t\t\t<ul class=\"elementor-icon-list-items\">\n\t\t\t\t\t\t\t<li class=\"elementor-icon-list-item\">\n\t\t\t\t\t\t\t\t\t\t\t<span class=\"elementor-icon-list-icon\">\n\t\t\t\t\t\t\t<i aria-hidden=\"true\" class=\"fas fa-check-circle\"><\/i>\t\t\t\t\t\t<\/span>\n\t\t\t\t\t\t\t\t\t\t<span class=\"elementor-icon-list-text\">Uniwersalna platforma: Zarz\u0105dzanie wszystkim, od zaj\u0119\u0107 po towary, pod jednym dachem<\/span>\n\t\t\t\t\t\t\t\t\t<\/li>\n\t\t\t\t\t\t\t\t<li class=\"elementor-icon-list-item\">\n\t\t\t\t\t\t\t\t\t\t\t<span class=\"elementor-icon-list-icon\">\n\t\t\t\t\t\t\t<i aria-hidden=\"true\" class=\"fas fa-check-circle\"><\/i>\t\t\t\t\t\t<\/span>\n\t\t\t\t\t\t\t\t\t\t<span class=\"elementor-icon-list-text\">Elastyczne oferty: Tw\u00f3rz sesje grupowe, lekcje prywatne, obozy i nie tylko<\/span>\n\t\t\t\t\t\t\t\t\t<\/li>\n\t\t\t\t\t\t<\/ul>\n\t\t\t\t\t\t<\/div>\n\t\t\t\t\t<\/div>\n\t\t\t\t<\/div>\n\t\t\t\t<\/div>\n\t\t<div class=\"elementor-element elementor-element-c27f453 e-con-full e-flex e-con e-child\" data-id=\"c27f453\" data-element_type=\"container\" data-e-type=\"container\">\n\t\t<div class=\"elementor-element elementor-element-6c02f6f e-con-full e-flex e-con e-child\" data-id=\"6c02f6f\" data-element_type=\"container\" data-e-type=\"container\">\n\t\t\t\t<div class=\"elementor-element elementor-element-b3ca083 elementor-widget__width-initial elementor-widget elementor-widget-heading\" data-id=\"b3ca083\" data-element_type=\"widget\" data-e-type=\"widget\" data-widget_type=\"heading.default\">\n\t\t\t\t\t<h3 class=\"elementor-heading-title elementor-size-default\">2. Konfigurowalne parametry dla ka\u017cdego produktu<\/h3>\t\t\t\t<\/div>\n\t\t\t\t<\/div>\n\t\t<div class=\"elementor-element elementor-element-569d651 e-flex e-con-boxed e-con e-child\" data-id=\"569d651\" data-element_type=\"container\" data-e-type=\"container\">\n\t\t\t\t\t<div class=\"e-con-inner\">\n\t\t\t\t<div class=\"elementor-element elementor-element-e1714e0 elementor-widget elementor-widget-text-editor\" data-id=\"e1714e0\" data-element_type=\"widget\" data-e-type=\"widget\" data-widget_type=\"text-editor.default\">\n\t\t\t\t\t\t\t\t\t<p>Ka\u017cdy typ produktu mo\u017ce mie\u0107 w\u0142asne unikalne ustawienia, dzi\u0119ki czemu mo\u017cna dostosowa\u0107 ofert\u0119 do cel\u00f3w biznesowych i oczekiwa\u0144 klient\u00f3w.<\/p>\n\t\t\t\t\t\t\t\t<\/div>\n\t\t\t\t\t<\/div>\n\t\t\t\t<\/div>\n\t\t<div class=\"elementor-element elementor-element-6df709b e-flex e-con-boxed e-con e-child\" data-id=\"6df709b\" data-element_type=\"container\" data-e-type=\"container\">\n\t\t\t\t\t<div class=\"e-con-inner\">\n\t\t\t\t<div class=\"elementor-element elementor-element-1aa0312 elementor-widget__width-initial elementor-icon-list--layout-traditional elementor-list-item-link-full_width elementor-widget elementor-widget-icon-list\" data-id=\"1aa0312\" data-element_type=\"widget\" data-e-type=\"widget\" data-widget_type=\"icon-list.default\">\n\t\t\t\t\t\t\t<ul class=\"elementor-icon-list-items\">\n\t\t\t\t\t\t\t<li class=\"elementor-icon-list-item\">\n\t\t\t\t\t\t\t\t\t\t\t<span class=\"elementor-icon-list-icon\">\n\t\t\t\t\t\t\t<i aria-hidden=\"true\" class=\"fas fa-check-circle\"><\/i>\t\t\t\t\t\t<\/span>\n\t\t\t\t\t\t\t\t\t\t<span class=\"elementor-icon-list-text\">Unikalne opcje p\u0142atno\u015bci: Ustaw r\u00f3\u017cne metody p\u0142atno\u015bci dla ka\u017cdego produktu<\/span>\n\t\t\t\t\t\t\t\t\t<\/li>\n\t\t\t\t\t\t\t\t<li class=\"elementor-icon-list-item\">\n\t\t\t\t\t\t\t\t\t\t\t<span class=\"elementor-icon-list-icon\">\n\t\t\t\t\t\t\t<i aria-hidden=\"true\" class=\"fas fa-check-circle\"><\/i>\t\t\t\t\t\t<\/span>\n\t\t\t\t\t\t\t\t\t\t<span class=\"elementor-icon-list-text\">Rabaty i promocje: Dostosuj rabaty dla poszczeg\u00f3lnych produkt\u00f3w lub typ\u00f3w sesji<\/span>\n\t\t\t\t\t\t\t\t\t<\/li>\n\t\t\t\t\t\t\t\t<li class=\"elementor-icon-list-item\">\n\t\t\t\t\t\t\t\t\t\t\t<span class=\"elementor-icon-list-icon\">\n\t\t\t\t\t\t\t<i aria-hidden=\"true\" class=\"fas fa-check-circle\"><\/i>\t\t\t\t\t\t<\/span>\n\t\t\t\t\t\t\t\t\t\t<span class=\"elementor-icon-list-text\">Pojemno\u015b\u0107 i limity: Zdefiniuj limity uczestnik\u00f3w i zautomatyzuj listy oczekuj\u0105cych lub zast\u0119pstwa.<\/span>\n\t\t\t\t\t\t\t\t\t<\/li>\n\t\t\t\t\t\t<\/ul>\n\t\t\t\t\t\t<\/div>\n\t\t\t\t\t<\/div>\n\t\t\t\t<\/div>\n\t\t\t\t<\/div>\n\t\t<div class=\"elementor-element elementor-element-2696674 e-con-full e-flex e-con e-child\" data-id=\"2696674\" data-element_type=\"container\" data-e-type=\"container\">\n\t\t<div class=\"elementor-element elementor-element-196dd56 e-con-full e-flex e-con e-child\" data-id=\"196dd56\" data-element_type=\"container\" data-e-type=\"container\">\n\t\t\t\t<div class=\"elementor-element elementor-element-56d3a8d elementor-widget__width-initial elementor-widget elementor-widget-heading\" data-id=\"56d3a8d\" data-element_type=\"widget\" data-e-type=\"widget\" data-widget_type=\"heading.default\">\n\t\t\t\t\t<h3 class=\"elementor-heading-title elementor-size-default\">3. Zautomatyzowany i usprawniony proces sprzeda\u017cy<\/h3>\t\t\t\t<\/div>\n\t\t\t\t<\/div>\n\t\t<div class=\"elementor-element elementor-element-f7bc8f7 e-flex e-con-boxed e-con e-child\" data-id=\"f7bc8f7\" data-element_type=\"container\" data-e-type=\"container\">\n\t\t\t\t\t<div class=\"e-con-inner\">\n\t\t\t\t<div class=\"elementor-element elementor-element-c6fbbcc elementor-widget elementor-widget-text-editor\" data-id=\"c6fbbcc\" data-element_type=\"widget\" data-e-type=\"widget\" data-widget_type=\"text-editor.default\">\n\t\t\t\t\t\t\t\t\t<p>Product Builder pozwala zautomatyzowa\u0107 wiele aspekt\u00f3w zarz\u0105dzania produktami, umo\u017cliwiaj\u0105c skupienie si\u0119 na rozwoju i zaanga\u017cowaniu klient\u00f3w.<\/p>\n\t\t\t\t\t\t\t\t<\/div>\n\t\t\t\t\t<\/div>\n\t\t\t\t<\/div>\n\t\t<div class=\"elementor-element elementor-element-b85dc91 e-flex e-con-boxed e-con e-child\" data-id=\"b85dc91\" data-element_type=\"container\" data-e-type=\"container\">\n\t\t\t\t\t<div class=\"e-con-inner\">\n\t\t\t\t<div class=\"elementor-element elementor-element-5651325 elementor-widget__width-initial elementor-icon-list--layout-traditional elementor-list-item-link-full_width elementor-widget elementor-widget-icon-list\" data-id=\"5651325\" data-element_type=\"widget\" data-e-type=\"widget\" data-widget_type=\"icon-list.default\">\n\t\t\t\t\t\t\t<ul class=\"elementor-icon-list-items\">\n\t\t\t\t\t\t\t<li class=\"elementor-icon-list-item\">\n\t\t\t\t\t\t\t\t\t\t\t<span class=\"elementor-icon-list-icon\">\n\t\t\t\t\t\t\t<i aria-hidden=\"true\" class=\"fas fa-check-circle\"><\/i>\t\t\t\t\t\t<\/span>\n\t\t\t\t\t\t\t\t\t\t<span class=\"elementor-icon-list-text\">Automatyczna rejestracja: Skonfiguruj automatyczn\u0105 rejestracj\u0119 i przypomnienia.<\/span>\n\t\t\t\t\t\t\t\t\t<\/li>\n\t\t\t\t\t\t\t\t<li class=\"elementor-icon-list-item\">\n\t\t\t\t\t\t\t\t\t\t\t<span class=\"elementor-icon-list-icon\">\n\t\t\t\t\t\t\t<i aria-hidden=\"true\" class=\"fas fa-check-circle\"><\/i>\t\t\t\t\t\t<\/span>\n\t\t\t\t\t\t\t\t\t\t<span class=\"elementor-icon-list-text\">Bezproblemowa sprzeda\u017c dodatkowa: Sugeruj powi\u0105zane produkty lub sesje bezpo\u015brednio na stronach rezerwacji.<\/span>\n\t\t\t\t\t\t\t\t\t<\/li>\n\t\t\t\t\t\t\t\t<li class=\"elementor-icon-list-item\">\n\t\t\t\t\t\t\t\t\t\t\t<span class=\"elementor-icon-list-icon\">\n\t\t\t\t\t\t\t<i aria-hidden=\"true\" class=\"fas fa-check-circle\"><\/i>\t\t\t\t\t\t<\/span>\n\t\t\t\t\t\t\t\t\t\t<span class=\"elementor-icon-list-text\">Raportowanie i analizy: Dost\u0119p do danych na temat wydajno\u015bci ka\u017cdego produktu, pomagaj\u0105cy w podejmowaniu \u015bwiadomych decyzji.<\/span>\n\t\t\t\t\t\t\t\t\t<\/li>\n\t\t\t\t\t\t<\/ul>\n\t\t\t\t\t\t<\/div>\n\t\t\t\t\t<\/div>\n\t\t\t\t<\/div>\n\t\t\t\t<\/div>\n\t\t\t\t<\/div>\n\t\t\t\t<\/div>\n\t\t\t\t\t<\/div>\n\t\t\t\t<\/div>\n\t\t<div class=\"elementor-element elementor-element-9a6c3a6 e-flex e-con-boxed e-con e-parent\" data-id=\"9a6c3a6\" data-element_type=\"container\" data-e-type=\"container\">\n\t\t\t\t\t<div class=\"e-con-inner\">\n\t\t<div class=\"elementor-element elementor-element-9cc52f0 e-con-full e-flex e-con e-child\" data-id=\"9cc52f0\" data-element_type=\"container\" data-e-type=\"container\">\n\t\t<div class=\"elementor-element elementor-element-487374a e-con-full e-flex e-con e-child\" data-id=\"487374a\" data-element_type=\"container\" data-e-type=\"container\">\n\t\t\t\t<div class=\"elementor-element elementor-element-06bae9a elementor-widget elementor-widget-spacer\" data-id=\"06bae9a\" data-element_type=\"widget\" data-e-type=\"widget\" data-widget_type=\"spacer.default\">\n\t\t\t\t\t\t\t<div class=\"elementor-spacer\">\n\t\t\t<div class=\"elementor-spacer-inner\"><\/div>\n\t\t<\/div>\n\t\t\t\t\t\t<\/div>\n\t\t\t\t<div class=\"elementor-element elementor-element-ddc55f2 elementor-headline--style-highlight elementor-widget elementor-widget-animated-headline\" data-id=\"ddc55f2\" data-element_type=\"widget\" data-e-type=\"widget\" data-settings=\"{&quot;highlighted_text&quot;:&quot;Immersive Booking Engine\\u2122  &quot;,&quot;headline_style&quot;:&quot;highlight&quot;,&quot;marker&quot;:&quot;circle&quot;,&quot;loop&quot;:&quot;yes&quot;,&quot;highlight_animation_duration&quot;:1200,&quot;highlight_iteration_delay&quot;:8000}\" data-widget_type=\"animated-headline.default\">\n\t\t\t\t\t\t\t<h2 class=\"elementor-headline\">\n\t\t\t\t\t<span class=\"elementor-headline-plain-text elementor-headline-text-wrapper\">Dlaczego  <\/span>\n\t\t\t\t<span class=\"elementor-headline-dynamic-wrapper elementor-headline-text-wrapper\">\n\t\t\t\t\t<span class=\"elementor-headline-dynamic-text elementor-headline-text-active\">Immersive Booking Engine\u2122  <\/span>\n\t\t\t\t<\/span>\n\t\t\t\t\t<span class=\"elementor-headline-plain-text elementor-headline-text-wrapper\">jest wyj\u0105tkowy<\/span>\n\t\t\t\t\t<\/h2>\n\t\t\t\t\t\t<\/div>\n\t\t\t\t<div class=\"elementor-element elementor-element-7fe74f4 elementor-widget elementor-widget-text-editor\" data-id=\"7fe74f4\" data-element_type=\"widget\" data-e-type=\"widget\" data-widget_type=\"text-editor.default\">\n\t\t\t\t\t\t\t\t\t<p><strong>Kreator produkt\u00f3w Zooza<\/strong> to co\u015b wi\u0119cej ni\u017c proste narz\u0119dzie do planowania lub rezerwacji. Zosta\u0142 stworzony z my\u015bl\u0105 o z\u0142o\u017cono\u015bci zaj\u0119\u0107 dla dzieci, umo\u017cliwiaj\u0105c dostosowanie ka\u017cdego produktu do konkretnych potrzeb. W przeciwie\u0144stwie do innych system\u00f3w, kt\u00f3re wymagaj\u0105 wielu platform do zarz\u0105dzania r\u00f3\u017cnymi rodzajami ofert, Product Builder centralizuje wszystkie produkty w jednym miejscu. Ta elastyczno\u015b\u0107 oznacza, \u017ce mo\u017cesz \u0142atwo skalowa\u0107, dodawa\u0107 nowe typy produkt\u00f3w i utrzymywa\u0107 p\u0142ynn\u0105, markow\u0105 obs\u0142ug\u0119 klienta we wszystkich swoich ofertach.   <\/p><\/p>\n\t\t\t\t\t\t\t\t<\/div>\n\t\t\t\t<div class=\"elementor-element elementor-element-5d1c81f elementor-widget elementor-widget-text-editor\" data-id=\"5d1c81f\" data-element_type=\"widget\" data-e-type=\"widget\" data-widget_type=\"text-editor.default\">\n\t\t\t\t\t\t\t\t\t<ol>\n<li style=\"list-style-type: none;\">\n<ol>\n<li>\n<p><strong>Elastyczno\u015b\u0107 &#8222;wszystko w jednym&#8221;<\/strong><br \/>Zarz\u0105dzaj wieloma typami produkt\u00f3w &#8211; kursami, obozami, produktami cyfrowymi i nie tylko &#8211; wszystko w Zooza, eliminuj\u0105c potrzeb\u0119 korzystania z oddzielnych narz\u0119dzi.<\/p>\n<\/li>\n<li>\n<p><strong>Mo\u017cliwo\u015b\u0107 dostosowania do ka\u017cdej oferty<\/strong><br \/>Ka\u017cdy produkt ma w\u0142asne parametry, w tym opcje p\u0142atno\u015bci, ustawienia rabat\u00f3w, limity pojemno\u015bci i regu\u0142y automatyzacji, dzi\u0119ki czemu mo\u017cna go dostosowa\u0107 do ka\u017cdej potrzeby biznesowej.<\/p>\n<\/li>\n<li>\n<p><strong>Ujednolicone do\u015bwiadczenie marki<\/strong><br \/>Zooza zapewnia, \u017ce ka\u017cdy produkt, zar\u00f3wno osobisty, jak i cyfrowy, p\u0142ynnie wpisuje si\u0119 w do\u015bwiadczenie marki, pomagaj\u0105c budowa\u0107 zaufanie i sp\u00f3jno\u015b\u0107.<\/p>\n<\/li>\n<\/ol>\n<\/li>\n<\/ol>\n\t\t\t\t\t\t\t\t<\/div>\n\t\t\t\t<\/div>\n\t\t\t\t<\/div>\n\t\t\t\t\t<\/div>\n\t\t\t\t<\/div>\n\t\t<div class=\"elementor-element elementor-element-01722c4 e-flex e-con-boxed e-con e-parent\" data-id=\"01722c4\" data-element_type=\"container\" data-e-type=\"container\">\n\t\t\t\t\t<div class=\"e-con-inner\">\n\t\t<div class=\"elementor-element elementor-element-a152a16 e-con-full e-flex e-con e-child\" data-id=\"a152a16\" data-element_type=\"container\" data-e-type=\"container\">\n\t\t<div class=\"elementor-element elementor-element-ce699cf e-con-full e-flex e-con e-child\" data-id=\"ce699cf\" data-element_type=\"container\" data-e-type=\"container\" data-settings=\"{&quot;background_background&quot;:&quot;classic&quot;}\">\n\t\t<div class=\"elementor-element elementor-element-fc8ed52 e-flex e-con-boxed e-con e-child\" data-id=\"fc8ed52\" data-element_type=\"container\" data-e-type=\"container\" data-settings=\"{&quot;background_background&quot;:&quot;classic&quot;}\">\n\t\t\t\t\t<div class=\"e-con-inner\">\n\t\t<div class=\"elementor-element elementor-element-d0cb43c e-con-full e-flex e-con e-child\" data-id=\"d0cb43c\" data-element_type=\"container\" data-e-type=\"container\">\n\t\t\t\t<div class=\"elementor-element elementor-element-f27e99b elementor-headline--style-highlight elementor-invisible elementor-widget elementor-widget-animated-headline\" data-id=\"f27e99b\" data-element_type=\"widget\" data-e-type=\"widget\" data-settings=\"{&quot;highlighted_text&quot;:&quot;Zaoszcz\\u0119d\\u017a do 70%&quot;,&quot;_animation&quot;:&quot;fadeInUp&quot;,&quot;marker&quot;:&quot;double_underline&quot;,&quot;headline_style&quot;:&quot;highlight&quot;,&quot;loop&quot;:&quot;yes&quot;,&quot;highlight_animation_duration&quot;:1200,&quot;highlight_iteration_delay&quot;:8000}\" data-widget_type=\"animated-headline.default\">\n\t\t\t\t\t\t\t<h2 class=\"elementor-headline\">\n\t\t\t\t<span class=\"elementor-headline-dynamic-wrapper elementor-headline-text-wrapper\">\n\t\t\t\t\t<span class=\"elementor-headline-dynamic-text elementor-headline-text-active\">Zaoszcz\u0119d\u017a do 70%<\/span>\n\t\t\t\t<\/span>\n\t\t\t\t\t<span class=\"elementor-headline-plain-text elementor-headline-text-wrapper\">na Narz\u0119dzia z Zooza ju\u017c dzi\u015b!<\/span>\n\t\t\t\t\t<\/h2>\n\t\t\t\t\t\t<\/div>\n\t\t\t\t<div class=\"elementor-element elementor-element-f31d55a elementor-invisible elementor-widget elementor-widget-heading\" data-id=\"f31d55a\" data-element_type=\"widget\" data-e-type=\"widget\" data-settings=\"{&quot;_animation&quot;:&quot;fadeIn&quot;}\" data-widget_type=\"heading.default\">\n\t\t\t\t\t<h4 class=\"elementor-heading-title elementor-size-default\">Odkryj elastyczne ceny, kt\u00f3re skaluj\u0105 si\u0119 wraz z Twoim rozwojem i dopasowuj\u0105 si\u0119 do Twojej bazy klient\u00f3w.<\/h4>\t\t\t\t<\/div>\n\t\t\t\t<div class=\"elementor-element elementor-element-a8ce855 elementor-widget__width-auto cool-button elementor-align-right elementor-widget elementor-widget-button\" data-id=\"a8ce855\" data-element_type=\"widget\" data-e-type=\"widget\" data-widget_type=\"button.default\">\n\t\t\t\t\t\t\t\t\t\t<a class=\"elementor-button elementor-button-link elementor-size-md elementor-animation-grow\" href=\"https:\/\/www.zooza.online\/features\/\">\n\t\t\t\t\t\t<span class=\"elementor-button-content-wrapper\">\n\t\t\t\t\t\t<span class=\"elementor-button-icon\">\n\t\t\t\t<i aria-hidden=\"true\" class=\"fas fa-arrow-right\"><\/i>\t\t\t<\/span>\n\t\t\t\t\t\t\t\t\t<span class=\"elementor-button-text\">Zobacz stosunek jako\u015bci do ceny<\/span>\n\t\t\t\t\t<\/span>\n\t\t\t\t\t<\/a>\n\t\t\t\t\t\t\t\t<\/div>\n\t\t\t\t<\/div>\n\t\t\t\t\t<\/div>\n\t\t\t\t<\/div>\n\t\t\t\t<\/div>\n\t\t\t\t<\/div>\n\t\t\t\t\t<\/div>\n\t\t\t\t<\/div>\n\t\t\t\t<\/div>\n\t\t","protected":false},"excerpt":{"rendered":"<p>Zarz\u0105dzaj wszystkimi Produkty w jednym miejscu dzi\u0119ki narz\u0119dziu Product Builder W przypadku zaj\u0119\u0107 dla dzieci i edukacji kluczowa jest elastyczno\u015b\u0107. Zooza Product Builder pozwala zarz\u0105dza\u0107 szerok\u0105 gam\u0105 ofert &#8211; czy to trwaj\u0105cymi kursami, sesjami grupowymi lub prywatnymi, obozami letnimi, tre\u015bciami cyfrowymi czy towarami &#8211; wszystko w ramach jednej platformy. Po\u017cegnaj si\u0119 z \u017conglowaniem wieloma systemami [&hellip;]<\/p>\n","protected":false},"author":2,"featured_media":0,"parent":21764,"menu_order":0,"comment_status":"closed","ping_status":"closed","template":"","meta":{"_acf_changed":false,"footnotes":""},"class_list":["post-21648","page","type-page","status-publish","hentry"],"acf":[],"_links":{"self":[{"href":"https:\/\/www.zooza.online\/pl\/wp-json\/wp\/v2\/pages\/21648","targetHints":{"allow":["GET"]}}],"collection":[{"href":"https:\/\/www.zooza.online\/pl\/wp-json\/wp\/v2\/pages"}],"about":[{"href":"https:\/\/www.zooza.online\/pl\/wp-json\/wp\/v2\/types\/page"}],"author":[{"embeddable":true,"href":"https:\/\/www.zooza.online\/pl\/wp-json\/wp\/v2\/users\/2"}],"replies":[{"embeddable":true,"href":"https:\/\/www.zooza.online\/pl\/wp-json\/wp\/v2\/comments?post=21648"}],"version-history":[{"count":1,"href":"https:\/\/www.zooza.online\/pl\/wp-json\/wp\/v2\/pages\/21648\/revisions"}],"predecessor-version":[{"id":31254,"href":"https:\/\/www.zooza.online\/pl\/wp-json\/wp\/v2\/pages\/21648\/revisions\/31254"}],"up":[{"embeddable":true,"href":"https:\/\/www.zooza.online\/pl\/wp-json\/wp\/v2\/pages\/21764"}],"wp:attachment":[{"href":"https:\/\/www.zooza.online\/pl\/wp-json\/wp\/v2\/media?parent=21648"}],"curies":[{"name":"wp","href":"https:\/\/api.w.org\/{rel}","templated":true}]}}