{"id":25322,"date":"2025-04-24T14:57:18","date_gmt":"2025-04-24T14:57:18","guid":{"rendered":"https:\/\/www.zooza.online\/dostep\/"},"modified":"2025-04-25T06:14:24","modified_gmt":"2025-04-25T06:14:24","slug":"dostep","status":"publish","type":"page","link":"https:\/\/www.zooza.online\/pl\/dostep\/","title":{"rendered":"Dost\u0119p"},"content":{"rendered":"\t\t<div data-elementor-type=\"wp-page\" data-elementor-id=\"25322\" class=\"elementor elementor-25322 elementor-25261\" data-elementor-post-type=\"page\">\n\t\t\t\t<div class=\"elementor-element elementor-element-c02d25c e-flex e-con-boxed e-con e-parent\" data-id=\"c02d25c\" data-element_type=\"container\" data-e-type=\"container\">\n\t\t\t\t\t<div class=\"e-con-inner\">\n\t\t\t\t<div class=\"elementor-element elementor-element-897ae2e elementor-widget elementor-widget-spacer\" data-id=\"897ae2e\" data-element_type=\"widget\" data-e-type=\"widget\" data-widget_type=\"spacer.default\">\n\t\t\t\t\t\t\t<div class=\"elementor-spacer\">\n\t\t\t<div class=\"elementor-spacer-inner\"><\/div>\n\t\t<\/div>\n\t\t\t\t\t\t<\/div>\n\t\t\t\t<div class=\"elementor-element elementor-element-4edba72 elementor-widget elementor-widget-heading\" data-id=\"4edba72\" data-element_type=\"widget\" data-e-type=\"widget\" data-widget_type=\"heading.default\">\n\t\t\t\t\t<h2 class=\"elementor-heading-title elementor-size-default\"><b>Wybierz sw\u00f3j region, aby zalogowa\u0107 si\u0119 do Zooza<\/b><\/h2>\t\t\t\t<\/div>\n\t\t\t\t\t<\/div>\n\t\t\t\t<\/div>\n\t\t<div class=\"elementor-element elementor-element-97d9103 e-flex e-con-boxed e-con e-parent\" data-id=\"97d9103\" data-element_type=\"container\" data-e-type=\"container\">\n\t\t\t\t\t<div class=\"e-con-inner\">\n\t\t\t\t<div class=\"elementor-element elementor-element-f36faf4 elementor-widget elementor-widget-text-editor\" data-id=\"f36faf4\" data-element_type=\"widget\" data-e-type=\"widget\" data-widget_type=\"text-editor.default\">\n\t\t\t\t\t\t\t\t\t<p>Ze wzgl\u0119d\u00f3w bezpiecze\u0144stwa danych i zgodno\u015bci Zooza obs\u0142uguje oddzielne platformy dla ka\u017cdego regionu. Wybierz t\u0119, kt\u00f3ra Ci\u0119 dotyczy. <\/p>\t\t\t\t\t\t\t\t<\/div>\n\t\t\t\t\t<\/div>\n\t\t\t\t<\/div>\n\t\t<div class=\"elementor-element elementor-element-49b08a5 e-flex e-con-boxed e-con e-parent\" data-id=\"49b08a5\" data-element_type=\"container\" data-e-type=\"container\">\n\t\t\t\t\t<div class=\"e-con-inner\">\n\t\t<div class=\"elementor-element elementor-element-0d5fb74 e-con-full e-flex e-con e-child\" data-id=\"0d5fb74\" data-element_type=\"container\" data-e-type=\"container\">\n\t\t\t\t<div class=\"elementor-element elementor-element-d2dfcab elementor-widget elementor-widget-image\" data-id=\"d2dfcab\" data-element_type=\"widget\" data-e-type=\"widget\" data-widget_type=\"image.default\">\n\t\t\t\t\t\t\t\t\t\t\t\t\t\t\t<img decoding=\"async\" width=\"150\" height=\"150\" src=\"https:\/\/www.zooza.online\/wp-content\/uploads\/2025\/04\/European-Union-150x150.png\" class=\"attachment-thumbnail size-thumbnail wp-image-25277\" alt=\"European Union\" title=\"\">\t\t\t\t\t\t\t\t\t\t\t\t\t\t\t<\/div>\n\t\t\t\t<div class=\"elementor-element elementor-element-b4b36df elementor-widget elementor-widget-heading\" data-id=\"b4b36df\" data-element_type=\"widget\" data-e-type=\"widget\" data-widget_type=\"heading.default\">\n\t\t\t\t\t<h2 class=\"elementor-heading-title elementor-size-default\"><b>Unia Europejska<\/b><\/h2>\t\t\t\t<\/div>\n\t\t\t\t<div class=\"elementor-element elementor-element-2d03a74 elementor-align-center elementor-widget__width-auto cool-button-up-down elementor-widget elementor-widget-button\" data-id=\"2d03a74\" data-element_type=\"widget\" data-e-type=\"widget\" data-widget_type=\"button.default\">\n\t\t\t\t\t\t\t\t\t\t<a class=\"elementor-button elementor-button-link elementor-size-md elementor-animation-grow\" href=\"https:\/\/zooza.app\" target=\"_blank\" rel=\"noopener\">\n\t\t\t\t\t\t<span class=\"elementor-button-content-wrapper\">\n\t\t\t\t\t\t<span class=\"elementor-button-icon\">\n\t\t\t\t<i aria-hidden=\"true\" class=\"icon icon-arrow-right\"><\/i>\t\t\t<\/span>\n\t\t\t\t\t\t\t\t\t<span class=\"elementor-button-text\">Zaloguj si\u0119<\/span>\n\t\t\t\t\t<\/span>\n\t\t\t\t\t<\/a>\n\t\t\t\t\t\t\t\t<\/div>\n\t\t\t\t<\/div>\n\t\t<div class=\"elementor-element elementor-element-ed2772d e-con-full e-flex e-con e-child\" data-id=\"ed2772d\" data-element_type=\"container\" data-e-type=\"container\">\n\t\t\t\t<div class=\"elementor-element elementor-element-4541da9 elementor-widget elementor-widget-image\" data-id=\"4541da9\" data-element_type=\"widget\" data-e-type=\"widget\" data-widget_type=\"image.default\">\n\t\t\t\t\t\t\t\t\t\t\t\t\t\t\t<img decoding=\"async\" width=\"150\" height=\"150\" src=\"https:\/\/www.zooza.online\/wp-content\/uploads\/2025\/04\/United-Kingdom-150x150.png\" class=\"attachment-thumbnail size-thumbnail wp-image-25289\" alt=\"United Kingdom\" title=\"\">\t\t\t\t\t\t\t\t\t\t\t\t\t\t\t<\/div>\n\t\t\t\t<div class=\"elementor-element elementor-element-abddc60 elementor-widget elementor-widget-heading\" data-id=\"abddc60\" data-element_type=\"widget\" data-e-type=\"widget\" data-widget_type=\"heading.default\">\n\t\t\t\t\t<h2 class=\"elementor-heading-title elementor-size-default\"><b>Wielka Brytania<\/b><\/h2>\t\t\t\t<\/div>\n\t\t\t\t<div class=\"elementor-element elementor-element-d23c3e7 elementor-align-center elementor-widget__width-auto cool-button-up-down elementor-widget elementor-widget-button\" data-id=\"d23c3e7\" data-element_type=\"widget\" data-e-type=\"widget\" data-widget_type=\"button.default\">\n\t\t\t\t\t\t\t\t\t\t<a class=\"elementor-button elementor-button-link elementor-size-md elementor-animation-grow\" href=\"https:\/\/uk.zooza.app\" target=\"_blank\" rel=\"noopener\">\n\t\t\t\t\t\t<span class=\"elementor-button-content-wrapper\">\n\t\t\t\t\t\t<span class=\"elementor-button-icon\">\n\t\t\t\t<i aria-hidden=\"true\" class=\"icon icon-arrow-right\"><\/i>\t\t\t<\/span>\n\t\t\t\t\t\t\t\t\t<span class=\"elementor-button-text\">Zaloguj si\u0119<\/span>\n\t\t\t\t\t<\/span>\n\t\t\t\t\t<\/a>\n\t\t\t\t\t\t\t\t<\/div>\n\t\t\t\t<\/div>\n\t\t<div class=\"elementor-element elementor-element-b6161ff e-con-full e-flex e-con e-child\" data-id=\"b6161ff\" data-element_type=\"container\" data-e-type=\"container\">\n\t\t\t\t<div class=\"elementor-element elementor-element-6d3a926 elementor-widget elementor-widget-image\" data-id=\"6d3a926\" data-element_type=\"widget\" data-e-type=\"widget\" data-widget_type=\"image.default\">\n\t\t\t\t\t\t\t\t\t\t\t\t\t\t\t<img decoding=\"async\" width=\"150\" height=\"150\" src=\"https:\/\/www.zooza.online\/wp-content\/uploads\/2025\/04\/24.-4.-2025-16_11_48-1-150x150.png\" class=\"attachment-thumbnail size-thumbnail wp-image-25295\" alt=\"24. 4. 2025, 16 11 48\" srcset=\"https:\/\/www.zooza.online\/wp-content\/uploads\/2025\/04\/24.-4.-2025-16_11_48-1-150x150.png 150w, https:\/\/www.zooza.online\/wp-content\/uploads\/2025\/04\/24.-4.-2025-16_11_48-1-300x300.png 300w, https:\/\/www.zooza.online\/wp-content\/uploads\/2025\/04\/24.-4.-2025-16_11_48-1-768x768.png 768w, https:\/\/www.zooza.online\/wp-content\/uploads\/2025\/04\/24.-4.-2025-16_11_48-1.png 1024w\" sizes=\"(max-width: 150px) 100vw, 150px\" title=\"\">\t\t\t\t\t\t\t\t\t\t\t\t\t\t\t<\/div>\n\t\t\t\t<div class=\"elementor-element elementor-element-0d8767a elementor-widget elementor-widget-heading\" data-id=\"0d8767a\" data-element_type=\"widget\" data-e-type=\"widget\" data-widget_type=\"heading.default\">\n\t\t\t\t\t<h2 class=\"elementor-heading-title elementor-size-default\"><b>Reszta \u015bwiata<\/b><\/h2>\t\t\t\t<\/div>\n\t\t\t\t<div class=\"elementor-element elementor-element-a6c4718 elementor-align-center elementor-widget__width-auto cool-button-up-down elementor-widget elementor-widget-button\" data-id=\"a6c4718\" data-element_type=\"widget\" data-e-type=\"widget\" data-widget_type=\"button.default\">\n\t\t\t\t\t\t\t\t\t\t<a class=\"elementor-button elementor-button-link elementor-size-md elementor-animation-grow\" href=\"https:\/\/zooza.app\" target=\"_blank\" rel=\"noopener\">\n\t\t\t\t\t\t<span class=\"elementor-button-content-wrapper\">\n\t\t\t\t\t\t<span class=\"elementor-button-icon\">\n\t\t\t\t<i aria-hidden=\"true\" class=\"icon icon-arrow-right\"><\/i>\t\t\t<\/span>\n\t\t\t\t\t\t\t\t\t<span class=\"elementor-button-text\">Zaloguj si\u0119<\/span>\n\t\t\t\t\t<\/span>\n\t\t\t\t\t<\/a>\n\t\t\t\t\t\t\t\t<\/div>\n\t\t\t\t<\/div>\n\t\t\t\t\t<\/div>\n\t\t\t\t<\/div>\n\t\t\t\t<\/div>\n\t\t","protected":false},"excerpt":{"rendered":"<p>Wybierz sw\u00f3j region, aby zalogowa\u0107 si\u0119 do Zooza Ze wzgl\u0119d\u00f3w bezpiecze\u0144stwa danych i zgodno\u015bci Zooza obs\u0142uguje oddzielne platformy dla ka\u017cdego regionu. Wybierz t\u0119, kt\u00f3ra Ci\u0119 dotyczy. Unia Europejska Zaloguj si\u0119 Wielka Brytania Zaloguj si\u0119 Reszta \u015bwiata Zaloguj si\u0119<\/p>\n","protected":false},"author":2,"featured_media":0,"parent":0,"menu_order":0,"comment_status":"closed","ping_status":"closed","template":"","meta":{"_acf_changed":false,"footnotes":""},"class_list":["post-25322","page","type-page","status-publish","hentry"],"acf":[],"_links":{"self":[{"href":"https:\/\/www.zooza.online\/pl\/wp-json\/wp\/v2\/pages\/25322","targetHints":{"allow":["GET"]}}],"collection":[{"href":"https:\/\/www.zooza.online\/pl\/wp-json\/wp\/v2\/pages"}],"about":[{"href":"https:\/\/www.zooza.online\/pl\/wp-json\/wp\/v2\/types\/page"}],"author":[{"embeddable":true,"href":"https:\/\/www.zooza.online\/pl\/wp-json\/wp\/v2\/users\/2"}],"replies":[{"embeddable":true,"href":"https:\/\/www.zooza.online\/pl\/wp-json\/wp\/v2\/comments?post=25322"}],"version-history":[{"count":1,"href":"https:\/\/www.zooza.online\/pl\/wp-json\/wp\/v2\/pages\/25322\/revisions"}],"predecessor-version":[{"id":25323,"href":"https:\/\/www.zooza.online\/pl\/wp-json\/wp\/v2\/pages\/25322\/revisions\/25323"}],"wp:attachment":[{"href":"https:\/\/www.zooza.online\/pl\/wp-json\/wp\/v2\/media?parent=25322"}],"curies":[{"name":"wp","href":"https:\/\/api.w.org\/{rel}","templated":true}]}}