{"id":25632,"date":"2025-05-19T11:08:14","date_gmt":"2025-05-19T11:08:14","guid":{"rendered":"https:\/\/www.zooza.online\/marki-sie-rozwijaja-a-ty\/"},"modified":"2026-04-27T12:43:22","modified_gmt":"2026-04-27T12:43:22","slug":"ebook","status":"publish","type":"page","link":"https:\/\/www.zooza.online\/pl\/ebook\/","title":{"rendered":"Marki rosn\u0105. A Ty?"},"content":{"rendered":"\t\t<div data-elementor-type=\"wp-page\" data-elementor-id=\"25632\" class=\"elementor elementor-25632 elementor-25571\" data-elementor-post-type=\"page\">\n\t\t\t\t<div class=\"elementor-element elementor-element-8d918ff e-flex e-con-boxed e-con e-parent\" data-id=\"8d918ff\" data-element_type=\"container\" data-e-type=\"container\" id=\"more\">\n\t\t\t\t\t<div class=\"e-con-inner\">\n\t\t<div class=\"elementor-element elementor-element-50166a9 e-con-full e-flex e-con e-child\" data-id=\"50166a9\" data-element_type=\"container\" data-e-type=\"container\">\n\t\t<div class=\"elementor-element elementor-element-b590d6b e-con-full e-flex e-con e-child\" data-id=\"b590d6b\" data-element_type=\"container\" data-e-type=\"container\">\n\t\t<div class=\"elementor-element elementor-element-b7c7c82 e-con-full e-flex e-con e-child\" data-id=\"b7c7c82\" data-element_type=\"container\" data-e-type=\"container\">\n\t\t\t\t<div class=\"elementor-element elementor-element-ab68721 elementor-widget__width-initial elementor-headline--style-highlight elementor-widget elementor-widget-animated-headline\" data-id=\"ab68721\" data-element_type=\"widget\" data-e-type=\"widget\" data-settings=\"{&quot;highlighted_text&quot;:&quot;rosn\\u0105.&quot;,&quot;marker&quot;:&quot;underline&quot;,&quot;headline_style&quot;:&quot;highlight&quot;,&quot;loop&quot;:&quot;yes&quot;,&quot;highlight_animation_duration&quot;:1200,&quot;highlight_iteration_delay&quot;:8000}\" data-widget_type=\"animated-headline.default\">\n\t\t\t\t\t\t\t<h1 class=\"elementor-headline\">\n\t\t\t\t\t<span class=\"elementor-headline-plain-text elementor-headline-text-wrapper\">Marki<\/span>\n\t\t\t\t<span class=\"elementor-headline-dynamic-wrapper elementor-headline-text-wrapper\">\n\t\t\t\t\t<span class=\"elementor-headline-dynamic-text elementor-headline-text-active\">rosn\u0105.<\/span>\n\t\t\t\t<\/span>\n\t\t\t\t\t<span class=\"elementor-headline-plain-text elementor-headline-text-wrapper\">A Ty?<\/span>\n\t\t\t\t\t<\/h1>\n\t\t\t\t\t\t<\/div>\n\t\t<div class=\"elementor-element elementor-element-d6ad0f9 e-con-full e-flex e-con e-child\" data-id=\"d6ad0f9\" data-element_type=\"container\" data-e-type=\"container\">\n\t\t\t\t<div class=\"elementor-element elementor-element-5e82f24 elementor-widget elementor-widget-heading\" data-id=\"5e82f24\" data-element_type=\"widget\" data-e-type=\"widget\" data-widget_type=\"heading.default\">\n\t\t\t\t\t<p class=\"elementor-heading-title elementor-size-default\">HISTORI\u0118, KT\u00d3REJ NIGDY NIE WIDZIA\u0141E\u015a.<\/p>\t\t\t\t<\/div>\n\t\t\t\t<div class=\"elementor-element elementor-element-787cd9e elementor-widget elementor-widget-text-editor\" data-id=\"787cd9e\" data-element_type=\"widget\" data-e-type=\"widget\" data-widget_type=\"text-editor.default\">\n\t\t\t\t\t\t\t\t\t<p>Wyobra\u017a sobie, \u017ce w ko\u0144cu zbudowa\u0142e\u015b co\u015b, co dzia\u0142a. <b>Zaj\u0119cia przebiegaj\u0105 sprawnie<\/b>, rodzice s\u0105 <b>zadowoleni<\/b>, a instruktorzy <b>u\u015bmiechni\u0119ci<\/b>. A jednak co\u015b wci\u0105\u017c szepcze: <\/p><p><em>&#8222;Co dalej?&#8221;<\/em><\/p><p>Gdzie\u015b tam, inni skaluj\u0105. Franczyzuj\u0105. Automatyzuj\u0105. W mi\u0119dzyczasie nadal masz do czynienia z wyj\u0105tkiem p\u0142atno\u015bci, brakuj\u0105c\u0105 faktur\u0105 lub kopiowaniem i wklejaniem danych po raz setny.   <\/p><p>Ten artyku\u0142 jest dla Ciebie. Je\u015bli wiesz, \u017ce wykonujesz <b>dobr\u0105 prac\u0119 &#8211; ale w g\u0142\u0119bi duszy czujesz, \u017ce m\u00f3g\u0142by\u015b zrobi\u0107 wi\u0119cej<\/b>. <\/p>\t\t\t\t\t\t\t\t<\/div>\n\t\t\t\t<div class=\"elementor-element elementor-element-aee5031 elementor-widget elementor-widget-spacer\" data-id=\"aee5031\" data-element_type=\"widget\" data-e-type=\"widget\" data-widget_type=\"spacer.default\">\n\t\t\t\t\t\t\t<div class=\"elementor-spacer\">\n\t\t\t<div class=\"elementor-spacer-inner\"><\/div>\n\t\t<\/div>\n\t\t\t\t\t\t<\/div>\n\t\t<div class=\"elementor-element elementor-element-20e3efe e-con-full e-flex e-con e-child\" data-id=\"20e3efe\" data-element_type=\"container\" data-e-type=\"container\">\n\t\t\t\t<div class=\"elementor-element elementor-element-a8ebce4 elementor-align-right elementor-widget__width-auto cool-button-up-down elementor-widget elementor-widget-button\" data-id=\"a8ebce4\" data-element_type=\"widget\" data-e-type=\"widget\" data-widget_type=\"button.default\">\n\t\t\t\t\t\t\t\t\t\t<a class=\"elementor-button elementor-button-link elementor-size-md elementor-animation-grow\" href=\"#download\">\n\t\t\t\t\t\t<span class=\"elementor-button-content-wrapper\">\n\t\t\t\t\t\t<span class=\"elementor-button-icon\">\n\t\t\t\t<i aria-hidden=\"true\" class=\"interface interface-download\"><\/i>\t\t\t<\/span>\n\t\t\t\t\t\t\t\t\t<span class=\"elementor-button-text\">Odblokuj pe\u0142ny artyku\u0142 i PDF<\/span>\n\t\t\t\t\t<\/span>\n\t\t\t\t\t<\/a>\n\t\t\t\t\t\t\t\t<\/div>\n\t\t\t\t<div class=\"elementor-element elementor-element-af36c44 elementor-align-right elementor-widget__width-auto cool-button-up-down elementor-widget elementor-widget-button\" data-id=\"af36c44\" data-element_type=\"widget\" data-e-type=\"widget\" data-widget_type=\"button.default\">\n\t\t\t\t\t\t\t\t\t\t<a class=\"elementor-button elementor-button-link elementor-size-md elementor-animation-grow\" href=\"#more\">\n\t\t\t\t\t\t<span class=\"elementor-button-content-wrapper\">\n\t\t\t\t\t\t<span class=\"elementor-button-icon\">\n\t\t\t\t<i aria-hidden=\"true\" class=\"fas fa-arrow-down\"><\/i>\t\t\t<\/span>\n\t\t\t\t\t\t\t\t\t<span class=\"elementor-button-text\">Dowiedz si\u0119 wi\u0119cej<\/span>\n\t\t\t\t\t<\/span>\n\t\t\t\t\t<\/a>\n\t\t\t\t\t\t\t\t<\/div>\n\t\t\t\t<\/div>\n\t\t\t\t<\/div>\n\t\t\t\t<\/div>\n\t\t\t\t<\/div>\n\t\t<div class=\"elementor-element elementor-element-2c80d6d e-con-full e-flex e-con e-child\" data-id=\"2c80d6d\" data-element_type=\"container\" data-e-type=\"container\">\n\t\t\t\t<div class=\"elementor-element elementor-element-3568f8e elementor-widget elementor-widget-image\" data-id=\"3568f8e\" data-element_type=\"widget\" data-e-type=\"widget\" data-widget_type=\"image.default\">\n\t\t\t\t\t\t\t\t\t\t\t\t\t\t\t<img fetchpriority=\"high\" decoding=\"async\" width=\"736\" height=\"864\" src=\"https:\/\/www.zooza.online\/wp-content\/uploads\/2025\/05\/Ebook-3-1.png\" class=\"attachment-large size-large wp-image-25588\" alt=\"Ebook\" srcset=\"https:\/\/www.zooza.online\/wp-content\/uploads\/2025\/05\/Ebook-3-1.png 736w, https:\/\/www.zooza.online\/wp-content\/uploads\/2025\/05\/Ebook-3-1-256x300.png 256w\" sizes=\"(max-width: 736px) 100vw, 736px\" title=\"\">\t\t\t\t\t\t\t\t\t\t\t\t\t\t\t<\/div>\n\t\t\t\t<\/div>\n\t\t\t\t<\/div>\n\t\t\t\t<div class=\"elementor-element elementor-element-bd6cd87 elementor-widget elementor-widget-spacer\" data-id=\"bd6cd87\" data-element_type=\"widget\" data-e-type=\"widget\" data-widget_type=\"spacer.default\">\n\t\t\t\t\t\t\t<div class=\"elementor-spacer\">\n\t\t\t<div class=\"elementor-spacer-inner\"><\/div>\n\t\t<\/div>\n\t\t\t\t\t\t<\/div>\n\t\t<div class=\"elementor-element elementor-element-476d347 e-con-full e-flex e-con e-child\" data-id=\"476d347\" data-element_type=\"container\" data-e-type=\"container\">\n\t\t\t\t<div class=\"elementor-element elementor-element-e89e873 elementor-widget elementor-widget-text-editor\" data-id=\"e89e873\" data-element_type=\"widget\" data-e-type=\"widget\" data-widget_type=\"text-editor.default\">\n\t\t\t\t\t\t\t\t\t<h3>\ud83c\udf0d Co Zach\u00f3d robi inaczej. I co robimy lepiej. <\/h3><p>\ud83d\udcd8 Ten e-book por\u00f3wnuje to, co najlepsze na Zachodzie (skalowanie, branding, prostota)<br>z najsilniejszymi cechami z naszego regionu (jako\u015b\u0107, retencja, g\u0142\u0119bia).<\/p><p><strong>10 praktycznych wskaz\u00f3wek. \u017badnej teorii. Tylko to, co faktycznie dzia\u0142a.  <\/strong><\/p>\t\t\t\t\t\t\t\t<\/div>\n\t\t\t\t<\/div>\n\t\t\t\t<div class=\"elementor-element elementor-element-401cf53 elementor-widget elementor-widget-spacer\" data-id=\"401cf53\" data-element_type=\"widget\" data-e-type=\"widget\" data-widget_type=\"spacer.default\">\n\t\t\t\t\t\t\t<div class=\"elementor-spacer\">\n\t\t\t<div class=\"elementor-spacer-inner\"><\/div>\n\t\t<\/div>\n\t\t\t\t\t\t<\/div>\n\t\t\t\t<div class=\"elementor-element elementor-element-c9c153d elementor-widget elementor-widget-heading\" data-id=\"c9c153d\" data-element_type=\"widget\" data-e-type=\"widget\" data-widget_type=\"heading.default\">\n\t\t\t\t\t<h2 class=\"elementor-heading-title elementor-size-default\"><b>#1 - PIERWSZA WSKAZ\u00d3WKA, KT\u00d3RA TRAFIA DO DOMU<\/b><\/h2>\t\t\t\t<\/div>\n\t\t\t\t<div class=\"elementor-element elementor-element-08d02ff elementor-widget elementor-widget-heading\" data-id=\"08d02ff\" data-element_type=\"widget\" data-e-type=\"widget\" data-widget_type=\"heading.default\">\n\t\t\t\t\t<h3 class=\"elementor-heading-title elementor-size-default\"><b>1 z 10 - Silny branding<\/b> = ludzie pami\u0119taj\u0105 ci\u0119, nawet je\u015bli nigdy nie dokonali u ciebie rezerwacji.\n<\/h3>\t\t\t\t<\/div>\n\t\t\t\t<div class=\"elementor-element elementor-element-792ccc2 elementor-widget elementor-widget-text-editor\" data-id=\"792ccc2\" data-element_type=\"widget\" data-e-type=\"widget\" data-widget_type=\"text-editor.default\">\n\t\t\t\t\t\t\t\t\t<p data-pm-slice=\"1 1 []\">Branding to nie logo. To kim jeste\u015b, komu s\u0142u\u017cysz i jak zaspokajasz ich potrzeby. To to, co ludzie m\u00f3wi\u0105 o Tobie, gdy nie ma Ci\u0119 w pokoju &#8211; i dlaczego wracaj\u0105.  <\/p><p>Zachodnie marki inwestuj\u0105 w branding, zanim jeszcze zbuduj\u0105 zesp\u00f3\u0142. U nas robimy to na odwr\u00f3t &#8211; i zastanawiamy si\u0119, dlaczego mamy lepsze tre\u015bci, ale mniej dzieci w klasach. <\/p><p>Jeden z naszych klient\u00f3w mia\u0142 \u015bwietny produkt i lojaln\u0105 spo\u0142eczno\u015b\u0107, ale brakowa\u0142o mu wyr\u00f3\u017cnienia. Kiedy ju\u017c uda\u0142o im si\u0119 stworzy\u0107 mark\u0119 &#8211; jasny przekaz, sp\u00f3jny ton, mocn\u0105 opraw\u0119 wizualn\u0105 &#8211; rodzice zacz\u0119li m\u00f3wi\u0107 takie rzeczy jak &#8222;trudno ci\u0119 zapomnie\u0107&#8221;. Wkr\u00f3tce potem byli w stanie licencjonowa\u0107 swoj\u0105 metodologi\u0119.  <\/p><p>Marka nie jest kosztem. Jest tym, co utrzymuje Ci\u0119 w czo\u0142\u00f3wce &#8211; i pomaga pomno\u017cy\u0107 Tw\u00f3j sukces. <\/p><p><strong>Szybko\u015b\u0107 wp\u0142ywu:<\/strong> \u015brednioterminowy<br><strong>\ud83d\udcc8 Efekt:<\/strong> przychody, zapami\u0119tywalno\u015b\u0107, skalowalno\u015b\u0107<br><strong>\ud83c\udfaf Znaczenie:<\/strong> wysokie<\/p>\t\t\t\t\t\t\t\t<\/div>\n\t\t\t\t<div class=\"elementor-element elementor-element-ce39560 elementor-widget elementor-widget-spacer\" data-id=\"ce39560\" data-element_type=\"widget\" data-e-type=\"widget\" id=\"download\" data-widget_type=\"spacer.default\">\n\t\t\t\t\t\t\t<div class=\"elementor-spacer\">\n\t\t\t<div class=\"elementor-spacer-inner\"><\/div>\n\t\t<\/div>\n\t\t\t\t\t\t<\/div>\n\t\t\t\t<div class=\"elementor-element elementor-element-c60c572 elementor-widget elementor-widget-spacer\" data-id=\"c60c572\" data-element_type=\"widget\" data-e-type=\"widget\" data-widget_type=\"spacer.default\">\n\t\t\t\t\t\t\t<div class=\"elementor-spacer\">\n\t\t\t<div class=\"elementor-spacer-inner\"><\/div>\n\t\t<\/div>\n\t\t\t\t\t\t<\/div>\n\t\t\t\t\t<\/div>\n\t\t\t\t<\/div>\n\t\t<div class=\"elementor-element elementor-element-e4989ce e-flex e-con-boxed e-con e-parent\" data-id=\"e4989ce\" data-element_type=\"container\" data-e-type=\"container\">\n\t\t\t\t\t<div class=\"e-con-inner\">\n\t\t<div class=\"elementor-element elementor-element-d06679e e-con-full e-flex e-con e-child\" data-id=\"d06679e\" data-element_type=\"container\" data-e-type=\"container\">\n\t\t\t\t<div class=\"elementor-element elementor-element-4db845a elementor-widget elementor-widget-heading\" data-id=\"4db845a\" data-element_type=\"widget\" data-e-type=\"widget\" data-widget_type=\"heading.default\">\n\t\t\t\t\t<h2 class=\"elementor-heading-title elementor-size-default\"><h2><b>\ud83d\udd10 CO DALEJ?<\/b><\/h2><\/h2>\t\t\t\t<\/div>\n\t\t\t\t<div class=\"elementor-element elementor-element-afd8641 elementor-widget elementor-widget-text-editor\" data-id=\"afd8641\" data-element_type=\"widget\" data-e-type=\"widget\" data-widget_type=\"text-editor.default\">\n\t\t\t\t\t\t\t\t\t<p data-pm-slice=\"1 1 []\">Pozosta\u0142e 9 wskaz\u00f3wek? Wy\u015blemy je e-mailem. Nie po to, by je ukrywa\u0107 &#8211; ale dlatego, \u017ce s\u0105 g\u0142\u0119bsze i zas\u0142uguj\u0105 na wi\u0119cej miejsca.  <\/p><p><strong>Zapoznaj si\u0119 z pe\u0142n\u0105 list\u0105, kt\u00f3ra przekszta\u0142ca firmy zajmuj\u0105ce si\u0119 aktywno\u015bci\u0105 dzieci:<\/strong><\/p><ul data-spread=\"false\"><li><p>Jak zmniejszy\u0107 chaos i zwi\u0119kszy\u0107 wydajno\u015b\u0107<\/p><\/li><li><p>Jak zamieni\u0107 jako\u015b\u0107 we wzrost<\/p><\/li><li><p>Jak rozpocz\u0105\u0107 licencjonowanie bez<\/p><\/li><\/ul><p>\ud83d\udc49 Wy\u015blij sw\u00f3j e-mail poni\u017cej, a my wy\u015blemy pe\u0142ny artyku\u0142 + praktyczne przyk\u0142ady i wykresy w formacie PDF.<\/p>\t\t\t\t\t\t\t\t<\/div>\n\t\t\t\t<div class=\"elementor-element elementor-element-b3373c5 elementor-widget__width-initial elementor-button-align-stretch elementor-widget elementor-widget-form\" data-id=\"b3373c5\" data-element_type=\"widget\" data-e-type=\"widget\" data-settings=\"{&quot;step_next_label&quot;:&quot;Nast\\u0119pny&quot;,&quot;step_previous_label&quot;:&quot;Poprzedni&quot;,&quot;button_width&quot;:&quot;100&quot;,&quot;step_type&quot;:&quot;number_text&quot;,&quot;step_icon_shape&quot;:&quot;circle&quot;}\" data-widget_type=\"form.default\">\n\t\t\t\t\t\t\t<form class=\"elementor-form\" method=\"post\" name=\"Nowy formularz\" aria-label=\"Nowy formularz\">\n\t\t\t<input type=\"hidden\" name=\"post_id\" value=\"25632\"\/>\n\t\t\t<input type=\"hidden\" name=\"form_id\" value=\"b3373c5\"\/>\n\t\t\t<input type=\"hidden\" name=\"referer_title\" value=\"\" \/>\n\n\t\t\t\n\t\t\t<div class=\"elementor-form-fields-wrapper elementor-labels-above\">\n\t\t\t\t\t\t\t\t<div class=\"elementor-field-type-text elementor-field-group elementor-column elementor-field-group-name elementor-col-100\">\n\t\t\t\t\t\t\t\t\t\t\t\t<label for=\"form-field-name\" class=\"elementor-field-label\">\n\t\t\t\t\t\t\t\tImi\u0119\t\t\t\t\t\t\t<\/label>\n\t\t\t\t\t\t\t\t\t\t\t\t\t\t<input size=\"1\" type=\"text\" name=\"form_fields[name]\" id=\"form-field-name\" class=\"elementor-field elementor-size-sm  elementor-field-textual\" placeholder=\"Imi\u0119\">\n\t\t\t\t\t\t\t\t\t\t\t<\/div>\n\t\t\t\t\t\t\t\t<div class=\"elementor-field-type-email elementor-field-group elementor-column elementor-field-group-email elementor-col-100 elementor-field-required\">\n\t\t\t\t\t\t\t\t\t\t\t\t<label for=\"form-field-email\" class=\"elementor-field-label\">\n\t\t\t\t\t\t\t\tE-mail\t\t\t\t\t\t\t<\/label>\n\t\t\t\t\t\t\t\t\t\t\t\t\t\t<input size=\"1\" type=\"email\" name=\"form_fields[email]\" id=\"form-field-email\" class=\"elementor-field elementor-size-sm  elementor-field-textual\" placeholder=\"E-mail\" required=\"required\">\n\t\t\t\t\t\t\t\t\t\t\t<\/div>\n\t\t\t\t\t\t\t\t<div class=\"elementor-field-group elementor-column elementor-field-type-submit elementor-col-100 e-form__buttons\">\n\t\t\t\t\t<button class=\"elementor-button elementor-size-sm elementor-animation-grow\" type=\"submit\">\n\t\t\t\t\t\t<span class=\"elementor-button-content-wrapper\">\n\t\t\t\t\t\t\t\t\t\t\t\t\t\t\t\t\t\t\t\t\t\t<span class=\"elementor-button-text\">Odblokuj teraz pe\u0142ny artyku\u0142 i plik PDF<\/span>\n\t\t\t\t\t\t\t\t\t\t\t\t\t<\/span>\n\t\t\t\t\t<\/button>\n\t\t\t\t<\/div>\n\t\t\t<\/div>\n\t\t<\/form>\n\t\t\t\t\t\t<\/div>\n\t\t\t\t<\/div>\n\t\t<div class=\"elementor-element elementor-element-2a50bc0 e-con-full e-flex e-con e-child\" data-id=\"2a50bc0\" data-element_type=\"container\" data-e-type=\"container\">\n\t\t\t\t<div class=\"elementor-element elementor-element-3a47d76 elementor-widget elementor-widget-image\" data-id=\"3a47d76\" data-element_type=\"widget\" data-e-type=\"widget\" data-widget_type=\"image.default\">\n\t\t\t\t\t\t\t\t\t\t\t\t\t\t\t<img decoding=\"async\" width=\"736\" height=\"864\" src=\"https:\/\/www.zooza.online\/wp-content\/uploads\/2025\/05\/Ebook-1-1.png\" class=\"attachment-large size-large wp-image-25576\" alt=\"Ebook\" srcset=\"https:\/\/www.zooza.online\/wp-content\/uploads\/2025\/05\/Ebook-1-1.png 736w, https:\/\/www.zooza.online\/wp-content\/uploads\/2025\/05\/Ebook-1-1-256x300.png 256w\" sizes=\"(max-width: 736px) 100vw, 736px\" title=\"\">\t\t\t\t\t\t\t\t\t\t\t\t\t\t\t<\/div>\n\t\t\t\t<\/div>\n\t\t\t\t\t<\/div>\n\t\t\t\t<\/div>\n\t\t<div class=\"elementor-element elementor-element-56a4540 e-flex e-con-boxed e-con e-parent\" data-id=\"56a4540\" data-element_type=\"container\" data-e-type=\"container\">\n\t\t\t\t\t<div class=\"e-con-inner\">\n\t\t\t\t<div class=\"elementor-element elementor-element-8ce12f5 elementor-widget elementor-widget-spacer\" data-id=\"8ce12f5\" data-element_type=\"widget\" data-e-type=\"widget\" data-widget_type=\"spacer.default\">\n\t\t\t\t\t\t\t<div class=\"elementor-spacer\">\n\t\t\t<div class=\"elementor-spacer-inner\"><\/div>\n\t\t<\/div>\n\t\t\t\t\t\t<\/div>\n\t\t\t\t<div class=\"elementor-element elementor-element-10450b5 elementor-widget elementor-widget-heading\" data-id=\"10450b5\" data-element_type=\"widget\" data-e-type=\"widget\" data-widget_type=\"heading.default\">\n\t\t\t\t\t<h2 class=\"elementor-heading-title elementor-size-default\"><h2><b>\ud83d\udcac DLACZEGO WARTO NAS S\u0141UCHA\u0106?<\/b><\/h2><\/h2>\t\t\t\t<\/div>\n\t\t\t\t<div class=\"elementor-element elementor-element-f502410 elementor-widget elementor-widget-text-editor\" data-id=\"f502410\" data-element_type=\"widget\" data-e-type=\"widget\" data-widget_type=\"text-editor.default\">\n\t\t\t\t\t\t\t\t\t<blockquote><p>&#8222;System ujednolica operacje franczyzowe, wi\u0119c nie musimy my\u015ble\u0107 o procesach sprzeda\u017cy.&#8221;<br>&#8211; <strong>Sa\u0161a Ragas<\/strong>, Baby Balance<\/p><\/blockquote><blockquote><p>&#8222;Wybrali\u015bmy Zooza, poniewa\u017c chcemy upro\u015bci\u0107 i usprawni\u0107 proces&#8230; i zaoferowa\u0107 naszym studentom najwy\u017cszej jako\u015bci do\u015bwiadczenie.&#8221;<br>&#8211; <strong>Nomin Damdin<\/strong>, Nomin Jyuku<\/p><\/blockquote><blockquote><p>&#8222;Po prawie roku wsp\u00f3\u0142pracy z Zooza bardzo doceniam ich zaanga\u017cowanie w innowacje i nowe mo\u017cliwo\u015bci&#8230;&#8221;<br>&#8211; <strong>Filip Chodl<\/strong>, Pop Balet &amp; InDance<\/p><\/blockquote><blockquote><p>&#8222;Ludzkie podej\u015bcie, intuicyjna interakcja i ci\u0105g\u0142y rozw\u00f3j &#8211; rzadko mo\u017cna znale\u017a\u0107 to wszystko w jednym narz\u0119dziu.&#8221;<br>&#8211; <strong>Leonard Alexandrovici<\/strong>, FasTracKids Romania<\/p><\/blockquote>\t\t\t\t\t\t\t\t<\/div>\n\t\t\t\t\t<\/div>\n\t\t\t\t<\/div>\n\t\t<div class=\"elementor-element elementor-element-f5e1b66 e-flex e-con-boxed e-con e-parent\" data-id=\"f5e1b66\" data-element_type=\"container\" data-e-type=\"container\">\n\t\t\t\t\t<div class=\"e-con-inner\">\n\t\t\t\t<div class=\"elementor-element elementor-element-8bfa4d0 elementor-widget elementor-widget-spacer\" data-id=\"8bfa4d0\" data-element_type=\"widget\" data-e-type=\"widget\" data-widget_type=\"spacer.default\">\n\t\t\t\t\t\t\t<div class=\"elementor-spacer\">\n\t\t\t<div class=\"elementor-spacer-inner\"><\/div>\n\t\t<\/div>\n\t\t\t\t\t\t<\/div>\n\t\t\t\t<div class=\"elementor-element elementor-element-b6e3a61 elementor-widget elementor-widget-heading\" data-id=\"b6e3a61\" data-element_type=\"widget\" data-e-type=\"widget\" data-widget_type=\"heading.default\">\n\t\t\t\t\t<h2 class=\"elementor-heading-title elementor-size-default\"><h2><b>\ud83d\udfe1 CTA<\/b><\/h2><\/h2>\t\t\t\t<\/div>\n\t\t\t\t<div class=\"elementor-element elementor-element-2e19cad elementor-widget elementor-widget-text-editor\" data-id=\"2e19cad\" data-element_type=\"widget\" data-e-type=\"widget\" data-widget_type=\"text-editor.default\">\n\t\t\t\t\t\t\t\t\t<blockquote><p data-pm-slice=\"1 1 []\">\ud83d\udd13  <em>Nie potrzebujesz kolejnego narz\u0119dzia. Potrzebujesz partnera do rozwoju. <\/em><br>\ud83d\udce9 <a href=\"#download\">Odblokuj pe\u0142ne badanie<\/a> &#8211; i wzrost, kt\u00f3ry faktycznie ma sens.<\/p><\/blockquote>\t\t\t\t\t\t\t\t<\/div>\n\t\t\t\t\t<\/div>\n\t\t\t\t<\/div>\n\t\t<div class=\"elementor-element elementor-element-676d355 e-flex e-con-boxed e-con e-parent\" data-id=\"676d355\" data-element_type=\"container\" data-e-type=\"container\">\n\t\t\t\t\t<div class=\"e-con-inner\">\n\t\t\t\t<div class=\"elementor-element elementor-element-3dd27ca elementor-widget elementor-widget-spacer\" data-id=\"3dd27ca\" data-element_type=\"widget\" data-e-type=\"widget\" data-widget_type=\"spacer.default\">\n\t\t\t\t\t\t\t<div class=\"elementor-spacer\">\n\t\t\t<div class=\"elementor-spacer-inner\"><\/div>\n\t\t<\/div>\n\t\t\t\t\t\t<\/div>\n\t\t\t\t\t<\/div>\n\t\t\t\t<\/div>\n\t\t\t\t<\/div>\n\t\t","protected":false},"excerpt":{"rendered":"<p>Marki rosn\u0105. A Ty? HISTORI\u0118, KT\u00d3REJ NIGDY NIE WIDZIA\u0141E\u015a. Wyobra\u017a sobie, \u017ce w ko\u0144cu zbudowa\u0142e\u015b co\u015b, co dzia\u0142a. Zaj\u0119cia przebiegaj\u0105 sprawnie, rodzice s\u0105 zadowoleni, a instruktorzy u\u015bmiechni\u0119ci. A jednak co\u015b wci\u0105\u017c szepcze: &#8222;Co dalej?&#8221; Gdzie\u015b tam, inni skaluj\u0105. Franczyzuj\u0105. Automatyzuj\u0105. W mi\u0119dzyczasie nadal masz do czynienia z wyj\u0105tkiem p\u0142atno\u015bci, brakuj\u0105c\u0105 faktur\u0105 lub kopiowaniem i wklejaniem [&hellip;]<\/p>\n","protected":false},"author":2,"featured_media":0,"parent":0,"menu_order":0,"comment_status":"closed","ping_status":"closed","template":"","meta":{"_acf_changed":false,"footnotes":""},"class_list":["post-25632","page","type-page","status-publish","hentry"],"acf":[],"_links":{"self":[{"href":"https:\/\/www.zooza.online\/pl\/wp-json\/wp\/v2\/pages\/25632","targetHints":{"allow":["GET"]}}],"collection":[{"href":"https:\/\/www.zooza.online\/pl\/wp-json\/wp\/v2\/pages"}],"about":[{"href":"https:\/\/www.zooza.online\/pl\/wp-json\/wp\/v2\/types\/page"}],"author":[{"embeddable":true,"href":"https:\/\/www.zooza.online\/pl\/wp-json\/wp\/v2\/users\/2"}],"replies":[{"embeddable":true,"href":"https:\/\/www.zooza.online\/pl\/wp-json\/wp\/v2\/comments?post=25632"}],"version-history":[{"count":5,"href":"https:\/\/www.zooza.online\/pl\/wp-json\/wp\/v2\/pages\/25632\/revisions"}],"predecessor-version":[{"id":31243,"href":"https:\/\/www.zooza.online\/pl\/wp-json\/wp\/v2\/pages\/25632\/revisions\/31243"}],"wp:attachment":[{"href":"https:\/\/www.zooza.online\/pl\/wp-json\/wp\/v2\/media?parent=25632"}],"curies":[{"name":"wp","href":"https:\/\/api.w.org\/{rel}","templated":true}]}}