{"id":25741,"date":"2025-03-11T09:05:39","date_gmt":"2025-03-11T09:05:39","guid":{"rendered":"https:\/\/www.zooza.online\/historie-klientow\/nomin-jyuku-japonska-arytmetyka-mentalna-dla-wiekszej-liczby-uczniow-dzieki-zooza\/"},"modified":"2025-05-21T04:17:47","modified_gmt":"2025-05-21T04:17:47","slug":"nomin-jyuku-japonska-arytmetyka-mentalna-dla-wiekszej-liczby-uczniow-dzieki-zooza","status":"publish","type":"page","link":"https:\/\/www.zooza.online\/pl\/historie-klientow\/nomin-jyuku-japonska-arytmetyka-mentalna-dla-wiekszej-liczby-uczniow-dzieki-zooza\/","title":{"rendered":"Nomin Jyuku: Japo\u0144ska arytmetyka mentalna dla wi\u0119kszej liczby uczni\u00f3w dzi\u0119ki Zooza"},"content":{"rendered":"\n<p class=\"has-text-align-center\">\ud83d\udccd <em>Kategoria: Franczyza z Arytmetyk\u0105 Umys\u0142ow\u0105 | Kraj: Rumunia<\/em><\/p>\n\n<p>Nomin Jyuku to wiod\u0105ce centrum edukacyjne w Rumunii, specjalizuj\u0105ce si\u0119 w <strong>Sorobanie i japo\u0144skiej arytmetyce mentalnej<\/strong>. Za\u0142o\u017cona przez <strong>Nomina Damdina<\/strong>, wizjonerskiego przedsi\u0119biorc\u0119 pasjonuj\u0105cego si\u0119 edukacj\u0105, szko\u0142a pomog\u0142a niezliczonej liczbie dzieci <strong>rozwin\u0105\u0107 logik\u0119, szybko\u015b\u0107 i umiej\u0119tno\u015bci rozwi\u0105zywania problem\u00f3w<\/strong>. <\/p>\n\n<p>Jednak wraz z rozwojem szko\u0142y pojawi\u0142y si\u0119 wyzwania. Organizowanie <strong>lekcji pr\u00f3bnych, \u015bledzenie post\u0119p\u00f3w uczni\u00f3w, zarz\u0105dzanie p\u0142atno\u015bciami i informowanie rodzic\u00f3w &#8211; wszystko<\/strong>to wymaga\u0142o zbyt wiele czasu i zbyt wielu r\u00f3\u017cnych narz\u0119dzi. Nomin wiedzia\u0142a, \u017ce potrzebuje <strong>bardziej inteligentnego i wydajnego<\/strong> systemu. W\u0142a\u015bnie tam pojawi\u0142a si\u0119 Zooza.   <\/p>\n\n<p>\ud83d\udca1 <strong>&#8222;Jeste\u015bmy dumni z naszych student\u00f3w i chcemy zapewni\u0107 im jak najlepsze do\u015bwiadczenia. Zooza pomaga nam upro\u015bci\u0107 i usprawni\u0107 nasze procesy, dzi\u0119ki czemu mo\u017cemy skupi\u0107 si\u0119 na tym, co najwa\u017cniejsze &#8211; nauczaniu&#8221;.<\/strong><\/p>\n\n<div style=\"height:50px\" aria-hidden=\"true\" class=\"wp-block-spacer\"><\/div>\n\n<h2 class=\"wp-block-heading\"><strong>Dlaczego Nomin Jyuku wybra\u0142o Zooza<\/strong><\/h2>\n\n<p>Po przeanalizowaniu wielu opcji, firma Nomin Jyuku zdecydowa\u0142a si\u0119 wdro\u017cy\u0107 <strong>kompleksowe rozwi\u0105zanie Zooza<\/strong> z trzech kluczowych powod\u00f3w:<\/p>\n\n<p>\u2705 <strong>Przyjazna dla u\u017cytkownika i w pe\u0142ni konfigurowalna<\/strong> &#8211; platforma dostosowuje si\u0119 do ich unikalnej struktury, zapewniaj\u0105c p\u0142ynne dzia\u0142anie dla rodzic\u00f3w, opiekun\u00f3w i administrator\u00f3w.<\/p>\n\n<p>\u2705 <strong>Inteligentna automatyzacja<\/strong> &#8211; od rejestracji lekcji pr\u00f3bnych po p\u0142atno\u015bci i fakturowanie, <strong>Zooza obs\u0142uguje wszystko<\/strong>, ograniczaj\u0105c prac\u0119 r\u0119czn\u0105.<\/p>\n\n<p>\u2705 <strong>Zesp\u00f3\u0142, kt\u00f3ry s\u0142ucha i wspiera<\/strong> &#8211; zesp\u00f3\u0142 Nomin Jyuku by\u0142 pod wra\u017ceniem <strong>osobistego podej\u015bcia Zooza<\/strong>, szybkich reakcji i ci\u0105g\u0142ych innowacji.<\/p>\n\n<p><strong>&#8222;To, co najbardziej imponuje nam w Zooza, to ich entuzjastyczny i oddany zesp\u00f3\u0142. S\u0142uchaj\u0105, udzielaj\u0105 wskaz\u00f3wek i stale ulepszaj\u0105 swoj\u0105 platform\u0119. Dzielimy to samo zami\u0142owanie do nauki i wiemy, \u017ce to partnerstwo pomo\u017ce nam si\u0119 rozwija\u0107&#8221;.<\/strong><\/p>\n\n<div style=\"height:50px\" aria-hidden=\"true\" class=\"wp-block-spacer\"><\/div>\n\n<p><\/p>\n\n<h2 class=\"wp-block-heading\"><strong>Jak Zooza zrobi\u0142a r\u00f3\u017cnic\u0119<\/strong><\/h2>\n\n<div style=\"height:50px\" aria-hidden=\"true\" class=\"wp-block-spacer\"><\/div>\n\n<h3 class=\"wp-block-heading\">1\ufe0f\u20e3 <strong>\u0141atwe zarz\u0105dzanie lekcjami pr\u00f3bnymi<\/strong><\/h3>\n\n<p>Zamiast niechlujnych arkuszy kalkulacyjnych i e-maili w obie strony, Nomin Jyuku <strong>zbiera teraz zainteresowanie rodzic\u00f3w za pomoc\u0105 prostego formularza online<\/strong>. Rodzice rejestruj\u0105 swoje zainteresowanie, a system <strong>automatycznie sortuje uczni\u00f3w wed\u0142ug dost\u0119pno\u015bci, poziomu umiej\u0119tno\u015bci i pojemno\u015bci klasy<\/strong>. <\/p>\n\n<p>\ud83d\udca1 <em>Wp\u0142yw:<\/em> W\u0142a\u015bciwi uczniowie s\u0105 umieszczani na odpowiednich lekcjach pr\u00f3bnych &#8211; bez dodatkowej pracy administracyjnej.<\/p>\n\n<p><\/p>\n\n<div style=\"height:50px\" aria-hidden=\"true\" class=\"wp-block-spacer\"><\/div>\n\n<h3 class=\"wp-block-heading\">2\ufe0f\u20e3 <strong>Rejestracja jednym klikni\u0119ciem i inteligentne zarz\u0105dzanie p\u0142atno\u015bciami<\/strong><\/h3>\n\n<p>Po lekcji pr\u00f3bnej, je\u015bli rodzice zdecyduj\u0105 si\u0119 kontynuowa\u0107, mog\u0105 <strong>zapisa\u0107 si\u0119 na kurs za pomoc\u0105 jednego klikni\u0119cia<\/strong>.<\/p>\n\n<p>\ud83d\udcb3 <em>Jak dzia\u0142aj\u0105 p\u0142atno\u015bci:<\/em><\/p>\n\n<ul class=\"wp-block-list\">\n<li>P\u0142atno\u015bci s\u0105 obliczane na <strong>podstawie liczby sesji<\/strong> w ka\u017cdym kursie.<\/li>\n\n\n\n<li>System <strong>automatycznie \u015bledzi zaplanowane lekcje<\/strong> i odpowiednio dzieli p\u0142atno\u015bci.<\/li>\n\n\n\n<li>Rodzice otrzymuj\u0105 <strong>automatyczne przypomnienia, potwierdzenia i faktury<\/strong> dzi\u0119ki <strong>integracji Zooza ze Smartbill i e-Factura compliance<\/strong>.<\/li>\n<\/ul>\n\n<p>\ud83d\udca1 <em>Wp\u0142yw:<\/em> Koniec z b\u00f3lem g\u0142owy zwi\u0105zanym ze \u015bledzeniem p\u0142atno\u015bci. Wszystko dzia\u0142a p\u0142ynnie i na czas. <\/p>\n\n<p><\/p>\n\n<div style=\"height:50px\" aria-hidden=\"true\" class=\"wp-block-spacer\"><\/div>\n\n<h3 class=\"wp-block-heading\">3\ufe0f\u20e3 <strong>\u015aledzenie obecno\u015bci i komunikacja z rodzicami<\/strong><\/h3>\n\n<p>Dzi\u0119ki Zooza zesp\u00f3\u0142 Nomin Jyuku <strong>\u015bledzi frekwencj\u0119 i<\/strong> p\u0142ynnie <strong>zarz\u0105dza prze\u0142o\u017conymi lekcjami<\/strong>. Rodzice zawsze wiedz\u0105: <\/p>\n\n<p>\u2714\ufe0f <strong>Kiedy i gdzie odbywaj\u0105 si\u0119 lekcje<\/strong><br \/>\u2714\ufe0f <strong>Kt\u00f3re lekcje zosta\u0142y odbyte lub opuszczone<\/strong><br \/>\u2714\ufe0f <strong>Nadchodz\u0105ce p\u0142atno\u015bci i faktury<\/strong><\/p>\n\n<p>\ud83d\udcf2 <em>Rodzice maj\u0105 dost\u0119p do w\u0142asnego profilu online<\/em>, gdzie w <strong>ka\u017cdej chwili mog\u0105 sprawdzi\u0107 frekwencj\u0119, p\u0142atno\u015bci i aktualizacje kurs\u00f3w<\/strong>.<\/p>\n\n<p>\ud83d\udca1 <em>Wp\u0142yw:<\/em> Mniejszy stres administratora, wi\u0119ksza przejrzysto\u015b\u0107 i szcz\u0119\u015bliwsi rodzice.<\/p>\n\n<div style=\"height:50px\" aria-hidden=\"true\" class=\"wp-block-spacer\"><\/div>\n\n<p><\/p>\n\n<h2 class=\"wp-block-heading\"><strong>Wi\u0119cej czasu na nauk\u0119, mniej na administracj\u0119<\/strong><\/h2>\n\n<p>Przed Zooza zarz\u0105dzanie zaj\u0119ciami, zapisami i p\u0142atno\u015bciami <strong>by\u0142o prac\u0105 na pe\u0142ny etat<\/strong>. Teraz <strong>automatyzacja zajmuje si\u0119 ci\u0119\u017ck\u0105 prac\u0105<\/strong>, dzi\u0119ki czemu Nomin Jyuku mo\u017ce skupi\u0107 si\u0119 na <strong>nauczaniu i rozwijaniu swojego programu<\/strong>. <\/p>\n\n<p>\ud83d\ude80 <strong>&#8222;Zooza nie tylko u\u0142atwia prac\u0119 &#8211; pozwala nam zapewni\u0107 lepsze wra\u017cenia naszym uczniom, rodzicom i nauczycielom. A to jest najwa\u017cniejsze&#8221;.<\/strong><\/p>\n\n<p><\/p>\n\n<div style=\"height:50px\" aria-hidden=\"true\" class=\"wp-block-spacer\"><\/div>\n\n<h2 class=\"wp-block-heading\"><strong>Chcesz przekszta\u0142ci\u0107 sw\u00f3j biznes edukacyjny?<\/strong><\/h2>\n\n<p>Je\u015bli prowadzisz <strong>kursy, warsztaty lub programy edukacyjne<\/strong>, Zooza mo\u017ce Ci pom\u00f3c:<br \/>\u2705 usprawni\u0107 <strong>rejestracje, p\u0142atno\u015bci i komunikacj\u0119<\/strong><br \/>\u2705 Zmniejszy\u0107 ilo\u015b\u0107 pracy administracyjnej dzi\u0119ki <strong>inteligentnej automatyzacji<\/strong><br \/>\u2705 Stworzy\u0107 p\u0142ynne do\u015bwiadczenie dla <strong>uczni\u00f3w, rodzic\u00f3w i pracownik\u00f3w<\/strong><\/p>\n\n<p>\ud83d\udce9 <strong>Porozmawiajmy!<\/strong> Zobacz, jak <a href=\"https:\/\/zooza.online\" target=\"_blank\" rel=\"noopener\">Zooza<\/a> mo\u017ce pracowa\u0107 dla Ciebie.<\/p>\n\n<div style=\"height:50px\" aria-hidden=\"true\" class=\"wp-block-spacer\"><\/div>\n","protected":false},"excerpt":{"rendered":"<p>\ud83d\udccd Kategoria: Franczyza z Arytmetyk\u0105 Umys\u0142ow\u0105 | Kraj: Rumunia Nomin Jyuku to wiod\u0105ce centrum edukacyjne w Rumunii, specjalizuj\u0105ce si\u0119 w Sorobanie i japo\u0144skiej arytmetyce mentalnej. Za\u0142o\u017cona przez Nomina Damdina, wizjonerskiego przedsi\u0119biorc\u0119 pasjonuj\u0105cego si\u0119 edukacj\u0105, szko\u0142a pomog\u0142a niezliczonej liczbie dzieci rozwin\u0105\u0107 logik\u0119, szybko\u015b\u0107 i umiej\u0119tno\u015bci rozwi\u0105zywania problem\u00f3w. Jednak wraz z rozwojem szko\u0142y pojawi\u0142y si\u0119 wyzwania. Organizowanie [&hellip;]<\/p>\n","protected":false},"author":2,"featured_media":0,"parent":22228,"menu_order":0,"comment_status":"closed","ping_status":"closed","template":"","meta":{"_acf_changed":false,"footnotes":""},"class_list":["post-25741","page","type-page","status-publish","hentry"],"acf":[],"_links":{"self":[{"href":"https:\/\/www.zooza.online\/pl\/wp-json\/wp\/v2\/pages\/25741","targetHints":{"allow":["GET"]}}],"collection":[{"href":"https:\/\/www.zooza.online\/pl\/wp-json\/wp\/v2\/pages"}],"about":[{"href":"https:\/\/www.zooza.online\/pl\/wp-json\/wp\/v2\/types\/page"}],"author":[{"embeddable":true,"href":"https:\/\/www.zooza.online\/pl\/wp-json\/wp\/v2\/users\/2"}],"replies":[{"embeddable":true,"href":"https:\/\/www.zooza.online\/pl\/wp-json\/wp\/v2\/comments?post=25741"}],"version-history":[{"count":2,"href":"https:\/\/www.zooza.online\/pl\/wp-json\/wp\/v2\/pages\/25741\/revisions"}],"predecessor-version":[{"id":25743,"href":"https:\/\/www.zooza.online\/pl\/wp-json\/wp\/v2\/pages\/25741\/revisions\/25743"}],"up":[{"embeddable":true,"href":"https:\/\/www.zooza.online\/pl\/wp-json\/wp\/v2\/pages\/22228"}],"wp:attachment":[{"href":"https:\/\/www.zooza.online\/pl\/wp-json\/wp\/v2\/media?parent=25741"}],"curies":[{"name":"wp","href":"https:\/\/api.w.org\/{rel}","templated":true}]}}