{"id":25760,"date":"2025-03-21T11:12:52","date_gmt":"2025-03-21T11:12:52","guid":{"rendered":"https:\/\/www.zooza.online\/historie-klientow\/historia-klienta-baby-balance-od-300-klientow-do-miedzynarodowej-marki-z-zooza\/"},"modified":"2025-05-21T04:19:49","modified_gmt":"2025-05-21T04:19:49","slug":"historia-klienta-baby-balance-od-300-klientow-do-miedzynarodowej-marki-z-zooza","status":"publish","type":"page","link":"https:\/\/www.zooza.online\/pl\/historie-klientow\/historia-klienta-baby-balance-od-300-klientow-do-miedzynarodowej-marki-z-zooza\/","title":{"rendered":"Historia klienta: Baby Balance od 300 klient\u00f3w do mi\u0119dzynarodowej marki z Zooza"},"content":{"rendered":"\n<p><strong>&#8222;Potrzebowali\u015bmy systemu. Przy tak wielu rejestracjach nie mogli\u015bmy ju\u017c zarz\u0105dza\u0107 r\u0119cznie. Zooza ws\u0142ucha\u0142a si\u0119 w nasze potrzeby w tej bardzo specyficznej dziedzinie wczesnej edukacji i zaj\u0119\u0107 dla rodzic\u00f3w i dzieci.&#8221;<\/strong><br \/>&#8211; <em>Sa\u0161a Ragas, za\u0142o\u017cycielka Baby Balance<\/em><\/p>\n\n<p>Baby Balance rozpocz\u0119\u0142a swoj\u0105 dzia\u0142alno\u015b\u0107 w 2016 roku, kiedy za\u0142o\u017cycielka Sa\u0161a Ragas pracowa\u0142a z oko\u0142o 300 klientami i kilkoma instruktorami. To, co zacz\u0119\u0142o si\u0119 jako lokalna marka koncentruj\u0105ca si\u0119 na zdrowym rozwoju psychomotorycznym niemowl\u0105t i ma\u0142ych dzieci, od tego czasu przekszta\u0142ci\u0142o si\u0119 w mi\u0119dzynarodow\u0105 franczyz\u0119 z dziesi\u0105tkami lokalizacji i partner\u00f3w za granic\u0105. <\/p>\n\n<div style=\"height:100px\" aria-hidden=\"true\" class=\"wp-block-spacer\"><\/div>\n\n<h3 class=\"wp-block-heading\"><strong>Etap 1: Zarz\u0105dzanie lokalnym popytem  <\/strong><\/h3>\n\n<p>Na pocz\u0105tku potrzeby by\u0142y proste, ale intensywne: zarz\u0105dzanie ponad 1000 miesi\u0119cznych zapyta\u0144 od rodzic\u00f3w, kt\u00f3rzy chcieli wiedzie\u0107, gdzie i kiedy mog\u0105 ucz\u0119szcza\u0107 na zaj\u0119cia, do kt\u00f3rego instruktora s\u0105 przypisani i jak zmieni\u0107 harmonogram lub zap\u0142aci\u0107, je\u015bli ich dziecko jest chore. Zadania administracyjne by\u0142y przyt\u0142aczaj\u0105ce. <\/p>\n\n<p><strong>Rozwi\u0105zanie z Zooza:<\/strong><\/p>\n\n<ul class=\"wp-block-list\">\n<li><strong>Rejestracja:<\/strong> W pe\u0142ni wbudowany formularz rejestracyjny na stronie Baby Balance pom\u00f3g\u0142 rodzicom \u0142atwo wybra\u0107 odpowiedni\u0105 grup\u0119 wed\u0142ug wieku i zobaczy\u0107 dost\u0119pne przedzia\u0142y czasowe w oparciu o pojemno\u015b\u0107.<\/li>\n\n\n\n<li><strong>Lista oczekuj\u0105cych i powiadomienia:<\/strong> Zintegrowana lista oczekuj\u0105cych z automatycznymi aktualizacjami i przypomnieniami.<\/li>\n\n\n\n<li><strong>Strefa rodzica:<\/strong> Zooza umo\u017cliwi\u0142a &#8222;profil rodzica&#8221; osadzony bezpo\u015brednio na stronie internetowej, gdzie rodzice mogli zarz\u0105dza\u0107 frekwencj\u0105, p\u0142atno\u015bciami i szczeg\u00f3\u0142ami zaj\u0119\u0107 bez konieczno\u015bci podawania has\u0142a &#8211; dzi\u0119ki innowacyjnemu logowaniu <strong>za pomoc\u0105 magicznego \u0142\u0105cza<\/strong>.<\/li>\n<\/ul>\n\n<div style=\"height:100px\" aria-hidden=\"true\" class=\"wp-block-spacer\"><\/div>\n\n<h3 class=\"wp-block-heading\"><strong>Etap 2: Skalowanie za pomoc\u0105 franczyzy<\/strong><\/h3>\n\n<p>Gdy koncepcja Baby Balance zyska\u0142a popularno\u015b\u0107, zacz\u0119\u0142a przyci\u0105ga\u0107 przedsi\u0119biorc\u00f3w zainteresowanych franczyz\u0105 marki. Ale franczyza to nie tylko metodologia &#8211; to przede wszystkim procesy. Ka\u017cda nowa franczyza odziedziczy\u0142a technologi\u0119 Zooza i gotowe do u\u017cycia systemy.  <\/p>\n\n<p><strong>Kluczowe cechy wspieraj\u0105ce rozw\u00f3j:<\/strong><\/p>\n\n<ul class=\"wp-block-list\">\n<li><strong>Ujednolicone zarz\u0105dzanie franczyz\u0105:<\/strong> Jedno narz\u0119dzie dla wszystkich franczyz, ze standaryzowanymi raportami i systemami sprzeda\u017cy.<\/li>\n\n\n\n<li><strong>Raportowanie sieciowe:<\/strong> Wgl\u0105d w dane z r\u00f3\u017cnych lokalizacji dla kierownictwa.<\/li>\n\n\n\n<li><strong>Funkcje mi\u0119dzyfranczyzowe:<\/strong> Mo\u017cliwo\u015b\u0107 zarz\u0105dzania klasami zast\u0119pczymi mi\u0119dzy lokalizacjami.<\/li>\n\n\n\n<li><strong>Wsparcie sprzeda\u017cy:<\/strong> Wy\u015bwietlanie aktualnych kurs\u00f3w we wszystkich lokalizacjach, co upraszcza podejmowanie decyzji przez klient\u00f3w.<\/li>\n\n\n\n<li><strong>Kontrola marki:<\/strong> Scentralizowane szablony i narz\u0119dzia komunikacyjne zapewniaj\u0105 sp\u00f3jny wizerunek marki.<\/li>\n\n\n\n<li><strong>Lokalizacja:<\/strong> Obs\u0142uga r\u00f3\u017cnych kraj\u00f3w, walut, preferencji p\u0142atno\u015bci i \u015bwi\u0105t narodowych.<\/li>\n\n\n\n<li><strong>Dost\u0119p do API:<\/strong> Wraz z rozwojem marki, zaawansowane potrzeby integracyjne zosta\u0142y zaspokojone dzi\u0119ki dokumentacji deweloperskiej Zooza i wbudowanym narz\u0119dziom.<\/li>\n<\/ul>\n\n<div style=\"height:100px\" aria-hidden=\"true\" class=\"wp-block-spacer\"><\/div>\n\n<h3 class=\"wp-block-heading\"><strong>Etap 3: Zaawansowane operacje z ponad 1000 klient\u00f3w<\/strong><\/h3>\n\n<p>Wraz ze skal\u0105 przysz\u0142a z\u0142o\u017cono\u015b\u0107 &#8211; a Zooza nadal rozwija\u0142a si\u0119 wraz z Baby Balance.<\/p>\n\n<p><strong>Zaawansowane narz\u0119dzia w u\u017cyciu:<\/strong><\/p>\n\n<ul class=\"wp-block-list\">\n<li><strong>CRM i zarz\u0105dzanie podr\u00f3\u017c\u0105 klienta<\/strong><\/li>\n\n\n\n<li><strong>Komunikacja marketingowa i automatyczne przypomnienia<\/strong><\/li>\n\n\n\n<li><strong>Rozszerzona oferta:<\/strong> Od kurs\u00f3w osobistych po webinaria i transmisje na \u017cywo.<\/li>\n\n\n\n<li><strong>Raportowanie HR:<\/strong> Obliczanie wynagrodzenia korepetytora na podstawie sta\u017cu pracy, typ\u00f3w zaj\u0119\u0107, odwo\u0142a\u0144 i zast\u0119pstw.<\/li>\n\n\n\n<li><strong>Zarz\u0105dzanie dost\u0119pem:<\/strong> Zaawansowane uprawnienia w zespo\u0142ach i lokalizacjach.<\/li>\n\n\n\n<li><strong>Zarz\u0105dzanie kalendarzem:<\/strong> Szybkie odwo\u0142ania, zast\u0119pstwa i cz\u0119ste zmiany harmonogramu.<\/li>\n\n\n\n<li><strong>Integracja fakturowania i ksi\u0119gowo\u015bci<\/strong><\/li>\n\n\n\n<li><strong>Niestandardowe pulpity raportowania<\/strong><\/li>\n<\/ul>\n\n<div style=\"height:100px\" aria-hidden=\"true\" class=\"wp-block-spacer\"><\/div>\n\n<p><strong>&#8222;By\u0142o po prostu za du\u017co administracji. Dzi\u0119ki Zooza wszystko jest zautomatyzowane. Zarz\u0105dza wi\u0119kszo\u015bci\u0105 naszych dzia\u0142a\u0144 &#8211; od regularnych kurs\u00f3w po warsztaty, transmisje na \u017cywo i wydarzenia. System ujednolica operacje franczyzowe, wi\u0119c nie musimy my\u015ble\u0107 o procesach sprzeda\u017cy &#8211; zamiast tego mo\u017cemy skupi\u0107 si\u0119 na metodologii. Zooza wygl\u0105da i dzia\u0142a jak narz\u0119dzie wykonane na zam\u00f3wienie, ale za u\u0142amek koszt\u00f3w.&#8221;<\/strong><br \/>&#8211; <em>Sa\u0161a Ragas, za\u0142o\u017cyciel Baby Balance<\/em><\/p>\n\n<p><strong>O Baby Balance:<\/strong> Sesje grupowe dla niemowl\u0105t i dzieci w wieku od urodzenia do 6 lat, koncentruj\u0105ce si\u0119 na zdrowym rozwoju psychomotorycznym i rozwoju spo\u0142eczno-emocjonalnym. Dzia\u0142aj\u0105c w wielu krajach, Baby Balance promuje profilaktyk\u0119, ruch i wczesn\u0105 opiek\u0119 nad dzie\u0107mi &#8211; a teraz robi to z moc\u0105 Zooza. <\/p>\n\n<p>Wi\u0119cej informacji na stronie <a href=\"https:\/\/www.babybalance.sk\" target=\"_blank\" rel=\"noopener\">babybalance.sk<\/a><\/p>\n","protected":false},"excerpt":{"rendered":"<p>&#8222;Potrzebowali\u015bmy systemu. Przy tak wielu rejestracjach nie mogli\u015bmy ju\u017c zarz\u0105dza\u0107 r\u0119cznie. Zooza ws\u0142ucha\u0142a si\u0119 w nasze potrzeby w tej bardzo specyficznej dziedzinie wczesnej edukacji i zaj\u0119\u0107 dla rodzic\u00f3w i dzieci.&#8221;&#8211; Sa\u0161a Ragas, za\u0142o\u017cycielka Baby Balance Baby Balance rozpocz\u0119\u0142a swoj\u0105 dzia\u0142alno\u015b\u0107 w 2016 roku, kiedy za\u0142o\u017cycielka Sa\u0161a Ragas pracowa\u0142a z oko\u0142o 300 klientami i kilkoma instruktorami. [&hellip;]<\/p>\n","protected":false},"author":2,"featured_media":0,"parent":22228,"menu_order":0,"comment_status":"closed","ping_status":"closed","template":"","meta":{"_acf_changed":false,"footnotes":""},"class_list":["post-25760","page","type-page","status-publish","hentry"],"acf":[],"_links":{"self":[{"href":"https:\/\/www.zooza.online\/pl\/wp-json\/wp\/v2\/pages\/25760","targetHints":{"allow":["GET"]}}],"collection":[{"href":"https:\/\/www.zooza.online\/pl\/wp-json\/wp\/v2\/pages"}],"about":[{"href":"https:\/\/www.zooza.online\/pl\/wp-json\/wp\/v2\/types\/page"}],"author":[{"embeddable":true,"href":"https:\/\/www.zooza.online\/pl\/wp-json\/wp\/v2\/users\/2"}],"replies":[{"embeddable":true,"href":"https:\/\/www.zooza.online\/pl\/wp-json\/wp\/v2\/comments?post=25760"}],"version-history":[{"count":2,"href":"https:\/\/www.zooza.online\/pl\/wp-json\/wp\/v2\/pages\/25760\/revisions"}],"predecessor-version":[{"id":25762,"href":"https:\/\/www.zooza.online\/pl\/wp-json\/wp\/v2\/pages\/25760\/revisions\/25762"}],"up":[{"embeddable":true,"href":"https:\/\/www.zooza.online\/pl\/wp-json\/wp\/v2\/pages\/22228"}],"wp:attachment":[{"href":"https:\/\/www.zooza.online\/pl\/wp-json\/wp\/v2\/media?parent=25760"}],"curies":[{"name":"wp","href":"https:\/\/api.w.org\/{rel}","templated":true}]}}