{"id":21624,"date":"2024-10-31T11:06:37","date_gmt":"2024-10-31T11:06:37","guid":{"rendered":"https:\/\/www.zooza.online\/pastrati-fiecare-interactiune-cu-clientul-pe-site-ul-dvs-cu-immersive-booking-engine\/"},"modified":"2026-04-27T13:48:20","modified_gmt":"2026-04-27T13:48:20","slug":"pastrati-fiecare-interactiune-cu-clientul-pe-site-ul-dvs-cu-immersive-booking-engine","status":"publish","type":"page","link":"https:\/\/www.zooza.online\/ro\/valoare-pentru-bani-o-platforma-pentru-a-va-dezvolta-brandul-si-a-reduce-costurile\/pastrati-fiecare-interactiune-cu-clientul-pe-site-ul-dvs-cu-immersive-booking-engine\/","title":{"rendered":"P\u0103stra\u021bi fiecare interac\u021biune cu clientul pe site-ul dvs. cu Immersive Booking Engine\u2122"},"content":{"rendered":"\t\t<div data-elementor-type=\"wp-page\" data-elementor-id=\"21624\" class=\"elementor elementor-21624 elementor-21153\" data-elementor-post-type=\"page\">\n\t\t\t\t<div class=\"elementor-element elementor-element-73af62f e-con-full e-flex e-con e-parent\" data-id=\"73af62f\" data-element_type=\"container\" data-e-type=\"container\">\n\t\t<div class=\"elementor-element elementor-element-4c393b3 e-con-full e-flex e-con e-child\" data-id=\"4c393b3\" data-element_type=\"container\" data-e-type=\"container\" data-settings=\"{&quot;background_background&quot;:&quot;classic&quot;}\">\n\t\t<div class=\"elementor-element elementor-element-e22a99b e-flex e-con-boxed e-con e-child\" data-id=\"e22a99b\" data-element_type=\"container\" data-e-type=\"container\">\n\t\t\t\t\t<div class=\"e-con-inner\">\n\t\t<div class=\"elementor-element elementor-element-50e403f e-con-full e-flex e-con e-child\" data-id=\"50e403f\" data-element_type=\"container\" data-e-type=\"container\">\n\t\t<div class=\"elementor-element elementor-element-5a8ca7d e-con-full e-flex e-con e-child\" data-id=\"5a8ca7d\" data-element_type=\"container\" data-e-type=\"container\">\n\t\t\t\t<div class=\"elementor-element elementor-element-576de4b elementor-widget__width-initial elementor-headline--style-highlight elementor-widget elementor-widget-animated-headline\" data-id=\"576de4b\" data-element_type=\"widget\" data-e-type=\"widget\" data-settings=\"{&quot;highlighted_text&quot;:&quot;Client&quot;,&quot;marker&quot;:&quot;underline&quot;,&quot;headline_style&quot;:&quot;highlight&quot;,&quot;loop&quot;:&quot;yes&quot;,&quot;highlight_animation_duration&quot;:1200,&quot;highlight_iteration_delay&quot;:8000}\" data-widget_type=\"animated-headline.default\">\n\t\t\t\t\t\t\t<h1 class=\"elementor-headline\">\n\t\t\t\t\t<span class=\"elementor-headline-plain-text elementor-headline-text-wrapper\">P\u0103stra\u021bi fiecare  <\/span>\n\t\t\t\t<span class=\"elementor-headline-dynamic-wrapper elementor-headline-text-wrapper\">\n\t\t\t\t\t<span class=\"elementor-headline-dynamic-text elementor-headline-text-active\">Client<\/span>\n\t\t\t\t<\/span>\n\t\t\t\t\t<span class=\"elementor-headline-plain-text elementor-headline-text-wrapper\">Interac\u021biunea pe site-ul dvs.<\/span>\n\t\t\t\t\t<\/h1>\n\t\t\t\t\t\t<\/div>\n\t\t\t\t<\/div>\n\t\t<div class=\"elementor-element elementor-element-d729bbb e-con-full e-flex e-con e-child\" data-id=\"d729bbb\" data-element_type=\"container\" data-e-type=\"container\">\n\t\t\t\t<div class=\"elementor-element elementor-element-7b1ad5f elementor-widget__width-initial elementor-widget elementor-widget-heading\" data-id=\"7b1ad5f\" data-element_type=\"widget\" data-e-type=\"widget\" data-widget_type=\"heading.default\">\n\t\t\t\t\t<p class=\"elementor-heading-title elementor-size-default\">Clien\u021bii dvs. se a\u0219teapt\u0103 la o experien\u021b\u0103 de rezervare f\u0103r\u0103 cusur, de marc\u0103, care s\u0103 nu \u00eei \u00eendep\u0103rteze de site-ul dvs. Immersive Booking Engine\u2122 de la Zooza ofer\u0103 exact acest lucru. Cu fiecare rezervare \u0219i angajament care are loc direct pe site-ul dvs., men\u021bine\u021bi controlul complet asupra c\u0103l\u0103toriei clientului, consolid\u00e2nd \u00een acela\u0219i timp marca dvs. la fiecare pas.  <\/p>\t\t\t\t<\/div>\n\t\t\t\t<\/div>\n\t\t\t\t<\/div>\n\t\t\t\t\t<\/div>\n\t\t\t\t<\/div>\n\t\t\t\t<\/div>\n\t\t\t\t<\/div>\n\t\t<div class=\"elementor-element elementor-element-bd85772 e-flex e-con-boxed e-con e-parent\" data-id=\"bd85772\" data-element_type=\"container\" data-e-type=\"container\" id=\"more\">\n\t\t\t\t\t<div class=\"e-con-inner\">\n\t\t<div class=\"elementor-element elementor-element-6a4f028 e-con-full e-flex e-con e-child\" data-id=\"6a4f028\" data-element_type=\"container\" data-e-type=\"container\">\n\t\t\t\t<div class=\"elementor-element elementor-element-b7cd4bd elementor-widget elementor-widget-heading\" data-id=\"b7cd4bd\" data-element_type=\"widget\" data-e-type=\"widget\" data-widget_type=\"heading.default\">\n\t\t\t\t\t<h2 class=\"elementor-heading-title elementor-size-default\"><strong>Experimenta\u021bi inova\u021bia<\/strong><\/h2>\t\t\t\t<\/div>\n\t\t\t\t<\/div>\n\t\t<div class=\"elementor-element elementor-element-feb28d4 e-con-full e-flex e-con e-child\" data-id=\"feb28d4\" data-element_type=\"container\" data-e-type=\"container\">\n\t\t<div class=\"elementor-element elementor-element-031e0e3 e-flex e-con-boxed e-con e-child\" data-id=\"031e0e3\" data-element_type=\"container\" data-e-type=\"container\">\n\t\t\t\t\t<div class=\"e-con-inner\">\n\t\t<div class=\"elementor-element elementor-element-fa390e0 e-con-full elementor-hidden-desktop elementor-hidden-tablet elementor-hidden-mobile e-flex e-con e-child\" data-id=\"fa390e0\" data-element_type=\"container\" data-e-type=\"container\">\n\t\t<div class=\"elementor-element elementor-element-ade7daa e-flex e-con-boxed e-con e-child\" data-id=\"ade7daa\" data-element_type=\"container\" data-e-type=\"container\">\n\t\t\t\t\t<div class=\"e-con-inner\">\n\t\t\t\t<div class=\"elementor-element elementor-element-d456c90 elementor-invisible elementor-widget elementor-widget-heading\" data-id=\"d456c90\" data-element_type=\"widget\" data-e-type=\"widget\" data-settings=\"{&quot;_animation&quot;:&quot;fadeInDown&quot;}\" data-widget_type=\"heading.default\">\n\t\t\t\t\t<p class=\"elementor-heading-title elementor-size-default\">Despre Zooza<\/p>\t\t\t\t<\/div>\n\t\t\t\t<div class=\"elementor-element elementor-element-077876f elementor-invisible elementor-widget elementor-widget-heading\" data-id=\"077876f\" data-element_type=\"widget\" data-e-type=\"widget\" data-settings=\"{&quot;_animation&quot;:&quot;fadeInUp&quot;}\" data-widget_type=\"heading.default\">\n\t\t\t\t\t<h2 class=\"elementor-heading-title elementor-size-default\">Viac z\u00e1bavy s kurzami,<br>menej administrat\u00edvy.<\/h2>\t\t\t\t<\/div>\n\t\t\t\t<div class=\"elementor-element elementor-element-e18c2c6 elementor-align-right elementor-widget__width-auto cool-button elementor-widget elementor-widget-button\" data-id=\"e18c2c6\" data-element_type=\"widget\" data-e-type=\"widget\" data-widget_type=\"button.default\">\n\t\t\t\t\t\t\t\t\t\t<a class=\"elementor-button elementor-button-link elementor-size-md elementor-animation-grow\" href=\"https:\/\/www.zooza.online\/signup\/\">\n\t\t\t\t\t\t<span class=\"elementor-button-content-wrapper\">\n\t\t\t\t\t\t<span class=\"elementor-button-icon\">\n\t\t\t\t<i aria-hidden=\"true\" class=\"fas fa-arrow-right\"><\/i>\t\t\t<\/span>\n\t\t\t\t\t\t\t\t\t<span class=\"elementor-button-text\">\u00cencerca\u021bi-l gratuit<\/span>\n\t\t\t\t\t<\/span>\n\t\t\t\t\t<\/a>\n\t\t\t\t\t\t\t\t<\/div>\n\t\t\t\t\t<\/div>\n\t\t\t\t<\/div>\n\t\t\t\t<\/div>\n\t\t<div class=\"elementor-element elementor-element-421df94 e-con-full e-flex e-con e-child\" data-id=\"421df94\" data-element_type=\"container\" data-e-type=\"container\">\n\t\t<div class=\"elementor-element elementor-element-9a0fac7 e-con-full e-flex e-con e-child\" data-id=\"9a0fac7\" data-element_type=\"container\" data-e-type=\"container\">\n\t\t<div class=\"elementor-element elementor-element-31c5b1d e-flex e-con-boxed e-con e-child\" data-id=\"31c5b1d\" data-element_type=\"container\" data-e-type=\"container\">\n\t\t\t\t\t<div class=\"e-con-inner\">\n\t\t\t\t<div class=\"elementor-element elementor-element-8a4acc4 elementor-widget elementor-widget-heading\" data-id=\"8a4acc4\" data-element_type=\"widget\" data-e-type=\"widget\" data-widget_type=\"heading.default\">\n\t\t\t\t\t<h3 class=\"elementor-heading-title elementor-size-default\">Motor de rezervare imersiv\u2122<\/h3>\t\t\t\t<\/div>\n\t\t\t\t\t<\/div>\n\t\t\t\t<\/div>\n\t\t<div class=\"elementor-element elementor-element-96f7285 e-flex e-con-boxed e-con e-child\" data-id=\"96f7285\" data-element_type=\"container\" data-e-type=\"container\">\n\t\t\t\t\t<div class=\"e-con-inner\">\n\t\t\t\t<div class=\"elementor-element elementor-element-edbf9be elementor-widget elementor-widget-text-editor\" data-id=\"edbf9be\" data-element_type=\"widget\" data-e-type=\"widget\" data-widget_type=\"text-editor.default\">\n\t\t\t\t\t\t\t\t\t<p>Men\u021bine\u021bi clien\u021bii pe site-ul dvs., implica\u021bi \u00een brandul dvs.<\/p>\n\t\t\t\t\t\t\t\t<\/div>\n\t\t\t\t<div class=\"elementor-element elementor-element-faf6cd0 elementor-widget elementor-widget-text-editor\" data-id=\"faf6cd0\" data-element_type=\"widget\" data-e-type=\"widget\" data-widget_type=\"text-editor.default\">\n\t\t\t\t\t\t\t\t\t<p>Cu Immersive Booking Engine\u2122, p\u0103rin\u021bii r\u0103m\u00e2n pe site-ul dvs. de la \u00eenceput p\u00e2n\u0103 la sf\u00e2r\u0219it, complet imersa\u021bi \u00eentr-o experien\u021b\u0103 de rezervare care reflect\u0103 valorile \u0219i vocea m\u0103rcii dvs. Acest instrument nu se ocup\u0103 doar de rezerv\u0103ri &#8211; le \u00eembun\u0103t\u0103\u021be\u0219te, men\u021bin\u00e2nd clien\u021bii concentra\u021bi pe ofertele dvs. \u0219i \u00eembun\u0103t\u0103\u021bind ratele de conversie. <\/p>\n\t\t\t\t\t\t\t\t<\/div>\n\t\t\t\t\t<\/div>\n\t\t\t\t<\/div>\n\t\t<div class=\"elementor-element elementor-element-45a8a8a e-flex e-con-boxed e-con e-child\" data-id=\"45a8a8a\" data-element_type=\"container\" data-e-type=\"container\">\n\t\t\t\t\t<div class=\"e-con-inner\">\n\t\t\t\t<div class=\"elementor-element elementor-element-5d6b5fc elementor-widget__width-initial elementor-icon-list--layout-traditional elementor-list-item-link-full_width elementor-widget elementor-widget-icon-list\" data-id=\"5d6b5fc\" data-element_type=\"widget\" data-e-type=\"widget\" data-widget_type=\"icon-list.default\">\n\t\t\t\t\t\t\t<ul class=\"elementor-icon-list-items\">\n\t\t\t\t\t\t\t<li class=\"elementor-icon-list-item\">\n\t\t\t\t\t\t\t\t\t\t\t<span class=\"elementor-icon-list-icon\">\n\t\t\t\t\t\t\t<i aria-hidden=\"true\" class=\"fas fa-check-circle\"><\/i>\t\t\t\t\t\t<\/span>\n\t\t\t\t\t\t\t\t\t\t<span class=\"elementor-icon-list-text\"><strong>C\u0103l\u0103toria f\u0103r\u0103 \u00eentreruperi a clientului:<\/strong> F\u0103r\u0103 redirec\u021bion\u0103ri, p\u0103str\u00e2nd p\u0103rin\u021bii pe site-ul dvs.<\/span>\n\t\t\t\t\t\t\t\t\t<\/li>\n\t\t\t\t\t\t\t\t<li class=\"elementor-icon-list-item\">\n\t\t\t\t\t\t\t\t\t\t\t<span class=\"elementor-icon-list-icon\">\n\t\t\t\t\t\t\t<i aria-hidden=\"true\" class=\"fas fa-check-circle\"><\/i>\t\t\t\t\t\t<\/span>\n\t\t\t\t\t\t\t\t\t\t<span class=\"elementor-icon-list-text\"><strong>Conversii mai mari:<\/strong> Fluxurile de rezervare netede \u0219i intuitive reduc abandonul<\/span>\n\t\t\t\t\t\t\t\t\t<\/li>\n\t\t\t\t\t\t\t\t<li class=\"elementor-icon-list-item\">\n\t\t\t\t\t\t\t\t\t\t\t<span class=\"elementor-icon-list-icon\">\n\t\t\t\t\t\t\t<i aria-hidden=\"true\" class=\"fas fa-check-circle\"><\/i>\t\t\t\t\t\t<\/span>\n\t\t\t\t\t\t\t\t\t\t<span class=\"elementor-icon-list-text\"><strong>Design personalizabil:<\/strong> Adapta\u021bi experien\u021ba de rezervare la modelul dvs. de afaceri<\/span>\n\t\t\t\t\t\t\t\t\t<\/li>\n\t\t\t\t\t\t\t\t<li class=\"elementor-icon-list-item\">\n\t\t\t\t\t\t\t\t\t\t\t<span class=\"elementor-icon-list-icon\">\n\t\t\t\t\t\t\t<i aria-hidden=\"true\" class=\"fas fa-check-circle\"><\/i>\t\t\t\t\t\t<\/span>\n\t\t\t\t\t\t\t\t\t\t<span class=\"elementor-icon-list-text\"><strong>SEO Boost:<\/strong> Implicarea la fa\u021ba locului care contribuie la \u00eembun\u0103t\u0103\u021birea clas\u0103rii \u00een c\u0103ut\u0103ri<\/span>\n\t\t\t\t\t\t\t\t\t<\/li>\n\t\t\t\t\t\t<\/ul>\n\t\t\t\t\t\t<\/div>\n\t\t\t\t\t<\/div>\n\t\t\t\t<\/div>\n\t\t\t\t<\/div>\n\t\t<div class=\"elementor-element elementor-element-8fc8c52 e-flex e-con-boxed e-con e-child\" data-id=\"8fc8c52\" data-element_type=\"container\" data-e-type=\"container\" data-settings=\"{&quot;background_background&quot;:&quot;gradient&quot;}\">\n\t\t\t\t\t<div class=\"e-con-inner\">\n\t\t\t\t<div class=\"elementor-element elementor-element-b04d16c elementor-widget elementor-widget-image\" data-id=\"b04d16c\" data-element_type=\"widget\" data-e-type=\"widget\" data-widget_type=\"image.default\">\n\t\t\t\t\t\t\t\t\t\t\t\t\t\t\t<img fetchpriority=\"high\" decoding=\"async\" width=\"768\" height=\"768\" src=\"https:\/\/www.zooza.online\/wp-content\/uploads\/2024\/10\/Copy-of-Email-Pictures-Templates-2-768x768.gif\" class=\"attachment-medium_large size-medium_large wp-image-21168\" alt=\"Immersive Booking Engine\u2122\nKeep Clients on Your Site, Engaged with Your Brand\" srcset=\"https:\/\/www.zooza.online\/wp-content\/uploads\/2024\/10\/Copy-of-Email-Pictures-Templates-2-768x768.gif 768w, https:\/\/www.zooza.online\/wp-content\/uploads\/2024\/10\/Copy-of-Email-Pictures-Templates-2-300x300.gif 300w, https:\/\/www.zooza.online\/wp-content\/uploads\/2024\/10\/Copy-of-Email-Pictures-Templates-2-1024x1024.gif 1024w, https:\/\/www.zooza.online\/wp-content\/uploads\/2024\/10\/Copy-of-Email-Pictures-Templates-2-150x150.gif 150w\" sizes=\"(max-width: 768px) 100vw, 768px\" title=\"\">\t\t\t\t\t\t\t\t\t\t\t\t\t\t\t<\/div>\n\t\t\t\t\t<\/div>\n\t\t\t\t<\/div>\n\t\t\t\t<\/div>\n\t\t\t\t\t<\/div>\n\t\t\t\t<\/div>\n\t\t\t\t<\/div>\n\t\t\t\t\t<\/div>\n\t\t\t\t<\/div>\n\t\t<div class=\"elementor-element elementor-element-0dfcf23 e-flex e-con-boxed e-con e-parent\" data-id=\"0dfcf23\" data-element_type=\"container\" data-e-type=\"container\">\n\t\t\t\t\t<div class=\"e-con-inner\">\n\t\t<div class=\"elementor-element elementor-element-7c49b1b e-con-full e-flex e-con e-child\" data-id=\"7c49b1b\" data-element_type=\"container\" data-e-type=\"container\">\n\t\t\t\t<div class=\"elementor-element elementor-element-e5472e8 elementor-widget elementor-widget-spacer\" data-id=\"e5472e8\" data-element_type=\"widget\" data-e-type=\"widget\" data-widget_type=\"spacer.default\">\n\t\t\t\t\t\t\t<div class=\"elementor-spacer\">\n\t\t\t<div class=\"elementor-spacer-inner\"><\/div>\n\t\t<\/div>\n\t\t\t\t\t\t<\/div>\n\t\t\t\t<div class=\"elementor-element elementor-element-a52faee elementor-headline--style-highlight elementor-widget elementor-widget-animated-headline\" data-id=\"a52faee\" data-element_type=\"widget\" data-e-type=\"widget\" data-settings=\"{&quot;highlighted_text&quot;:&quot;Motor de rezervare imersiv\\u2122  &quot;,&quot;headline_style&quot;:&quot;highlight&quot;,&quot;marker&quot;:&quot;circle&quot;,&quot;loop&quot;:&quot;yes&quot;,&quot;highlight_animation_duration&quot;:1200,&quot;highlight_iteration_delay&quot;:8000}\" data-widget_type=\"animated-headline.default\">\n\t\t\t\t\t\t\t<h2 class=\"elementor-headline\">\n\t\t\t\t\t<span class=\"elementor-headline-plain-text elementor-headline-text-wrapper\">De ce  <\/span>\n\t\t\t\t<span class=\"elementor-headline-dynamic-wrapper elementor-headline-text-wrapper\">\n\t\t\t\t\t<span class=\"elementor-headline-dynamic-text elementor-headline-text-active\">Motor de rezervare imersiv\u2122  <\/span>\n\t\t\t\t<\/span>\n\t\t\t\t\t<span class=\"elementor-headline-plain-text elementor-headline-text-wrapper\">este unic<\/span>\n\t\t\t\t\t<\/h2>\n\t\t\t\t\t\t<\/div>\n\t\t\t\t<div class=\"elementor-element elementor-element-b59b50d elementor-widget elementor-widget-text-editor\" data-id=\"b59b50d\" data-element_type=\"widget\" data-e-type=\"widget\" data-widget_type=\"text-editor.default\">\n\t\t\t\t\t\t\t\t\t<p><strong>Immersive Booking Engine\u2122<\/strong> nu este doar un alt instrument de rezervare; este o abordare unic\u0103 a implic\u0103rii clien\u021bilor care prioritizeaz\u0103 marca dvs. \u0219i maximizeaz\u0103 controlul. Spre deosebire de sistemele tipice de rezervare care redirec\u021bioneaz\u0103 clien\u021bii c\u0103tre portaluri din afara site-ului sau c\u0103tre zone separate pentru clien\u021bi, <strong>Immersive Booking Engine\u2122 <\/strong>se asigur\u0103 c\u0103 fiecare clic, formular \u0219i ac\u021biune r\u0103m\u00e2ne \u00een mediul site-ului dvs. <\/p><\/p>\n\t\t\t\t\t\t\t\t<\/div>\n\t\t\t\t<div class=\"elementor-element elementor-element-cc98b60 elementor-widget elementor-widget-text-editor\" data-id=\"cc98b60\" data-element_type=\"widget\" data-e-type=\"widget\" data-widget_type=\"text-editor.default\">\n\t\t\t\t\t\t\t\t\t<ol>\n<li>\n<p><strong>Rezervare real\u0103 la fa\u021ba locului pentru campaniile dvs. PPC (Google, Facebook)<\/strong><br>Multe sisteme utilizeaz\u0103 iframe sau redirec\u021bioneaz\u0103 clien\u021bii c\u0103tre pagini separate \u00een timpul rezerv\u0103rii, dar cu&nbsp;<span style=\"font-weight: bolder; background-color: transparent; color: var( --e-global-color-text ); font-family: var( --e-global-typography-text-font-family ), Sans-serif;\">Motor de rezervare imersiv\u2122&nbsp;<\/span><span style=\"background-color: transparent; color: var( --e-global-color-text ); font-family: var( --e-global-typography-text-font-family ), Sans-serif; font-weight: var( --e-global-typography-text-font-weight );\">fiecare interac\u021biune are loc direct pe site-ul dvs. &#8211; clien\u021bii nu sunt niciodat\u0103 trimi\u0219i \u00een alt\u0103 parte. iFrame-urile ascund con\u021binutul rezerv\u0103rii pentru Google \u0219i, astfel, capacitatea dvs. de a urm\u0103ri eficient cheltuielile publicitare este limitat\u0103. Zooza trimite automat date c\u0103tre stratul de date al Google Tag Managers, dar, deoarece rezervarea Zooza face parte integrant\u0103 din site-ul dvs. web, pute\u021bi s\u0103 ad\u0103uga\u021bi propriile date de urm\u0103rire \u0219i s\u0103 profita\u021bi la maximum de banii pe care \u00eei cheltui\u021bi pe campanii  <\/span><\/p>\n<\/li>\n<li>\n<p><strong>Personalizare pentru fiecare produs<\/strong><br>IBE v\u0103 permite s\u0103 personaliza\u021bi \u0219i s\u0103 \u00eencorpora\u021bi formulare de rezervare pentru fiecare produs, permi\u021b\u00e2nd controlul complet asupra plas\u0103rii, designului \u0219i func\u021biei.<\/p>\n<\/li>\n<li>\n<p><strong>C\u0103l\u0103toria de marc\u0103 a clientului de la \u00eenceput p\u00e2n\u0103 la sf\u00e2r\u0219it<\/strong><br>Marca dvs. este reprezentat\u0103 pe deplin la fiecare pas, f\u0103r\u0103 portaluri externe sau distrageri \u00een afara site-ului. Fiecare formular, rezervare \u0219i interac\u021biune face parte dintr-o experien\u021b\u0103 unificat\u0103, de marc\u0103. <\/p>\n<\/li>\n<li>\n<p><strong>Compatibilitatea platformei<\/strong><\/p>\n<p>Immersive Booking Engine\u2122 de la Zooza este conceput pentru a se integra u\u0219or cu platformele populare. Oferim un <strong>plugin WordPress<\/strong> pentru integrarea f\u0103r\u0103 probleme \u0219i suntem, de asemenea, compatibili cu alte platforme precum <strong>Wix<\/strong>, <strong>Squarespace<\/strong> \u0219i altele. Indiferent unde se afl\u0103 site-ul dvs., Zooza poate deveni o parte integrant\u0103 a acestuia.  <\/p>\n<\/li>\n<\/ol>\n<p>Cu <strong>Immersive Booking Engine\u2122<\/strong>, Zooza ofer\u0103 o solu\u021bie unic\u0103, proprietar\u0103, care p\u0103streaz\u0103 fiecare interac\u021biune cu clientul pe site-ul dvs. web, f\u0103c\u00e2nd din aceasta o c\u0103l\u0103torie f\u0103r\u0103 \u00eentreruperi, centrat\u0103 pe brand.<\/p>\t\t\t\t\t\t\t\t<\/div>\n\t\t\t\t<\/div>\n\t\t\t\t\t<\/div>\n\t\t\t\t<\/div>\n\t\t<div class=\"elementor-element elementor-element-f7f6f8d e-flex e-con-boxed e-con e-parent\" data-id=\"f7f6f8d\" data-element_type=\"container\" data-e-type=\"container\">\n\t\t\t\t\t<div class=\"e-con-inner\">\n\t\t<div class=\"elementor-element elementor-element-e060a32 e-con-full e-flex e-con e-child\" data-id=\"e060a32\" data-element_type=\"container\" data-e-type=\"container\" data-settings=\"{&quot;background_background&quot;:&quot;classic&quot;}\">\n\t\t<div class=\"elementor-element elementor-element-aa6e479 e-flex e-con-boxed e-con e-child\" data-id=\"aa6e479\" data-element_type=\"container\" data-e-type=\"container\" data-settings=\"{&quot;background_background&quot;:&quot;classic&quot;}\">\n\t\t\t\t\t<div class=\"e-con-inner\">\n\t\t<div class=\"elementor-element elementor-element-6e1b584 e-con-full e-flex e-con e-child\" data-id=\"6e1b584\" data-element_type=\"container\" data-e-type=\"container\">\n\t\t\t\t<div class=\"elementor-element elementor-element-f784106 elementor-headline--style-highlight elementor-invisible elementor-widget elementor-widget-animated-headline\" data-id=\"f784106\" data-element_type=\"widget\" data-e-type=\"widget\" data-settings=\"{&quot;highlighted_text&quot;:&quot;Economisi\\u021bi p\\u00e2n\\u0103 la 70%&quot;,&quot;_animation&quot;:&quot;fadeInUp&quot;,&quot;marker&quot;:&quot;double_underline&quot;,&quot;headline_style&quot;:&quot;highlight&quot;,&quot;loop&quot;:&quot;yes&quot;,&quot;highlight_animation_duration&quot;:1200,&quot;highlight_iteration_delay&quot;:8000}\" data-widget_type=\"animated-headline.default\">\n\t\t\t\t\t\t\t<h2 class=\"elementor-headline\">\n\t\t\t\t<span class=\"elementor-headline-dynamic-wrapper elementor-headline-text-wrapper\">\n\t\t\t\t\t<span class=\"elementor-headline-dynamic-text elementor-headline-text-active\">Economisi\u021bi p\u00e2n\u0103 la 70%<\/span>\n\t\t\t\t<\/span>\n\t\t\t\t\t<span class=\"elementor-headline-plain-text elementor-headline-text-wrapper\">pe Instrumente cu Zooza ast\u0103zi!<\/span>\n\t\t\t\t\t<\/h2>\n\t\t\t\t\t\t<\/div>\n\t\t\t\t<div class=\"elementor-element elementor-element-61fac5f elementor-invisible elementor-widget elementor-widget-heading\" data-id=\"61fac5f\" data-element_type=\"widget\" data-e-type=\"widget\" data-settings=\"{&quot;_animation&quot;:&quot;fadeIn&quot;}\" data-widget_type=\"heading.default\">\n\t\t\t\t\t<h4 class=\"elementor-heading-title elementor-size-default\">Descoperi\u021bi pre\u021buri flexibile care se adapteaz\u0103 la cre\u0219terea dvs. \u0219i se potrivesc bazei dvs. de clien\u021bi.<\/h4>\t\t\t\t<\/div>\n\t\t\t\t<div class=\"elementor-element elementor-element-ce3686b elementor-widget__width-auto cool-button elementor-align-right elementor-widget elementor-widget-button\" data-id=\"ce3686b\" data-element_type=\"widget\" data-e-type=\"widget\" data-widget_type=\"button.default\">\n\t\t\t\t\t\t\t\t\t\t<a class=\"elementor-button elementor-button-link elementor-size-md elementor-animation-grow\" href=\"https:\/\/www.zooza.online\/features\/\">\n\t\t\t\t\t\t<span class=\"elementor-button-content-wrapper\">\n\t\t\t\t\t\t<span class=\"elementor-button-icon\">\n\t\t\t\t<i aria-hidden=\"true\" class=\"fas fa-arrow-right\"><\/i>\t\t\t<\/span>\n\t\t\t\t\t\t\t\t\t<span class=\"elementor-button-text\">A se vedea Valoare pentru bani<\/span>\n\t\t\t\t\t<\/span>\n\t\t\t\t\t<\/a>\n\t\t\t\t\t\t\t\t<\/div>\n\t\t\t\t<\/div>\n\t\t\t\t\t<\/div>\n\t\t\t\t<\/div>\n\t\t\t\t<\/div>\n\t\t\t\t\t<\/div>\n\t\t\t\t<\/div>\n\t\t\t\t<\/div>\n\t\t","protected":false},"excerpt":{"rendered":"<p>P\u0103stra\u021bi fiecare Client Interac\u021biunea pe site-ul dvs. Clien\u021bii dvs. se a\u0219teapt\u0103 la o experien\u021b\u0103 de rezervare f\u0103r\u0103 cusur, de marc\u0103, care s\u0103 nu \u00eei \u00eendep\u0103rteze de site-ul dvs. Immersive Booking Engine\u2122 de la Zooza ofer\u0103 exact acest lucru. Cu fiecare rezervare \u0219i angajament care are loc direct pe site-ul dvs., men\u021bine\u021bi controlul complet asupra c\u0103l\u0103toriei [&hellip;]<\/p>\n","protected":false},"author":2,"featured_media":21168,"parent":21762,"menu_order":0,"comment_status":"closed","ping_status":"closed","template":"","meta":{"_acf_changed":false,"footnotes":""},"class_list":["post-21624","page","type-page","status-publish","has-post-thumbnail","hentry"],"acf":[],"_links":{"self":[{"href":"https:\/\/www.zooza.online\/ro\/wp-json\/wp\/v2\/pages\/21624","targetHints":{"allow":["GET"]}}],"collection":[{"href":"https:\/\/www.zooza.online\/ro\/wp-json\/wp\/v2\/pages"}],"about":[{"href":"https:\/\/www.zooza.online\/ro\/wp-json\/wp\/v2\/types\/page"}],"author":[{"embeddable":true,"href":"https:\/\/www.zooza.online\/ro\/wp-json\/wp\/v2\/users\/2"}],"replies":[{"embeddable":true,"href":"https:\/\/www.zooza.online\/ro\/wp-json\/wp\/v2\/comments?post=21624"}],"version-history":[{"count":1,"href":"https:\/\/www.zooza.online\/ro\/wp-json\/wp\/v2\/pages\/21624\/revisions"}],"predecessor-version":[{"id":31375,"href":"https:\/\/www.zooza.online\/ro\/wp-json\/wp\/v2\/pages\/21624\/revisions\/31375"}],"up":[{"embeddable":true,"href":"https:\/\/www.zooza.online\/ro\/wp-json\/wp\/v2\/pages\/21762"}],"wp:featuredmedia":[{"embeddable":true,"href":"https:\/\/www.zooza.online\/ro\/wp-json\/wp\/v2\/media\/21168"}],"wp:attachment":[{"href":"https:\/\/www.zooza.online\/ro\/wp-json\/wp\/v2\/media?parent=21624"}],"curies":[{"name":"wp","href":"https:\/\/api.w.org\/{rel}","templated":true}]}}