{"id":21644,"date":"2024-11-05T09:32:48","date_gmt":"2024-11-05T09:32:48","guid":{"rendered":"https:\/\/www.zooza.online\/gestionati-toate-produsele-dvs-intr-un-singur-loc-cu-product-builder\/"},"modified":"2024-12-10T09:04:32","modified_gmt":"2024-12-10T09:04:32","slug":"gestionati-toate-produsele-dvs-intr-un-singur-loc-cu-product-builder","status":"publish","type":"page","link":"https:\/\/www.zooza.online\/ro\/valoare-pentru-bani-o-platforma-pentru-a-va-dezvolta-brandul-si-a-reduce-costurile\/gestionati-toate-produsele-dvs-intr-un-singur-loc-cu-product-builder\/","title":{"rendered":"Gestiona\u021bi toate produsele dvs. \u00eentr-un singur loc cu Product Builder"},"content":{"rendered":"\t\t<div data-elementor-type=\"wp-page\" data-elementor-id=\"21644\" class=\"elementor elementor-21644 elementor-21286\" data-elementor-post-type=\"page\">\n\t\t\t\t<div class=\"elementor-element elementor-element-a0efaff e-con-full e-flex e-con e-parent\" data-id=\"a0efaff\" data-element_type=\"container\" data-e-type=\"container\">\n\t\t<div class=\"elementor-element elementor-element-cf339a9 e-con-full e-flex e-con e-child\" data-id=\"cf339a9\" data-element_type=\"container\" data-e-type=\"container\">\n\t\t<div class=\"elementor-element elementor-element-5940cb6 e-con-full e-flex e-con e-child\" data-id=\"5940cb6\" data-element_type=\"container\" data-e-type=\"container\" data-settings=\"{&quot;background_background&quot;:&quot;classic&quot;}\">\n\t\t<div class=\"elementor-element elementor-element-7cb527d e-flex e-con-boxed e-con e-child\" data-id=\"7cb527d\" data-element_type=\"container\" data-e-type=\"container\">\n\t\t\t\t\t<div class=\"e-con-inner\">\n\t\t<div class=\"elementor-element elementor-element-b840973 e-con-full e-flex e-con e-child\" data-id=\"b840973\" data-element_type=\"container\" data-e-type=\"container\">\n\t\t<div class=\"elementor-element elementor-element-99ad3ab e-con-full e-flex e-con e-child\" data-id=\"99ad3ab\" data-element_type=\"container\" data-e-type=\"container\">\n\t\t\t\t<div class=\"elementor-element elementor-element-bbe60f3 elementor-widget__width-initial elementor-headline--style-highlight elementor-widget elementor-widget-animated-headline\" data-id=\"bbe60f3\" data-element_type=\"widget\" data-e-type=\"widget\" data-settings=\"{&quot;highlighted_text&quot;:&quot;Produse&quot;,&quot;marker&quot;:&quot;underline&quot;,&quot;headline_style&quot;:&quot;highlight&quot;,&quot;loop&quot;:&quot;yes&quot;,&quot;highlight_animation_duration&quot;:1200,&quot;highlight_iteration_delay&quot;:8000}\" data-widget_type=\"animated-headline.default\">\n\t\t\t\t\t\t\t<h1 class=\"elementor-headline\">\n\t\t\t\t\t<span class=\"elementor-headline-plain-text elementor-headline-text-wrapper\">Gestiona\u021bi toate  <\/span>\n\t\t\t\t<span class=\"elementor-headline-dynamic-wrapper elementor-headline-text-wrapper\">\n\t\t\t\t\t<span class=\"elementor-headline-dynamic-text elementor-headline-text-active\">Produse<\/span>\n\t\t\t\t<\/span>\n\t\t\t\t\t<span class=\"elementor-headline-plain-text elementor-headline-text-wrapper\">\u00eentr-un singur loc cu Product Builder<\/span>\n\t\t\t\t\t<\/h1>\n\t\t\t\t\t\t<\/div>\n\t\t\t\t<\/div>\n\t\t<div class=\"elementor-element elementor-element-18a99e7 e-con-full e-flex e-con e-child\" data-id=\"18a99e7\" data-element_type=\"container\" data-e-type=\"container\">\n\t\t\t\t<div class=\"elementor-element elementor-element-7da783b elementor-widget__width-initial elementor-widget elementor-widget-heading\" data-id=\"7da783b\" data-element_type=\"widget\" data-e-type=\"widget\" data-widget_type=\"heading.default\">\n\t\t\t\t\t<p class=\"elementor-heading-title elementor-size-default\">\u00cen activit\u0103\u021bile \u0219i educa\u021bia copiilor, flexibilitatea este esen\u021bial\u0103. Constructorul de produse Zooza v\u0103 permite s\u0103 gestiona\u021bi o mare varietate de oferte - fie cursuri continue, sesiuni de grup sau private, tabere de var\u0103, con\u021binut digital sau m\u0103rfuri - toate \u00eentr-o singur\u0103 platform\u0103. Spune\u021bi adio jongl\u0103rii cu mai multe sisteme \u0219i bun\u0103 ziua unei solu\u021bii unificate \u0219i personalizabile de gestionare a produselor.  <\/p>\t\t\t\t<\/div>\n\t\t\t\t<\/div>\n\t\t\t\t<\/div>\n\t\t\t\t\t<\/div>\n\t\t\t\t<\/div>\n\t\t\t\t<\/div>\n\t\t\t\t<\/div>\n\t\t\t\t<\/div>\n\t\t<div class=\"elementor-element elementor-element-2d71f29 e-flex e-con-boxed e-con e-parent\" data-id=\"2d71f29\" data-element_type=\"container\" data-e-type=\"container\">\n\t\t\t\t\t<div class=\"e-con-inner\">\n\t\t<div class=\"elementor-element elementor-element-45d3d8a e-con-full e-flex e-con e-child\" data-id=\"45d3d8a\" data-element_type=\"container\" data-e-type=\"container\">\n\t\t<div class=\"elementor-element elementor-element-15a568d e-con-full e-flex e-con e-child\" data-id=\"15a568d\" data-element_type=\"container\" data-e-type=\"container\">\n\t\t\t\t<div class=\"elementor-element elementor-element-0e2a08b elementor-widget elementor-widget-heading\" data-id=\"0e2a08b\" data-element_type=\"widget\" data-e-type=\"widget\" data-widget_type=\"heading.default\">\n\t\t\t\t\t<h2 class=\"elementor-heading-title elementor-size-default\"><strong>Experimenta\u021bi inova\u021bia<\/strong><\/h2>\t\t\t\t<\/div>\n\t\t\t\t<\/div>\n\t\t<div class=\"elementor-element elementor-element-1ca6720 e-con-full e-flex e-con e-child\" data-id=\"1ca6720\" data-element_type=\"container\" data-e-type=\"container\">\n\t\t<div class=\"elementor-element elementor-element-4c31256 e-con-full e-flex e-con e-child\" data-id=\"4c31256\" data-element_type=\"container\" data-e-type=\"container\">\n\t\t<div class=\"elementor-element elementor-element-9f1df6d e-con-full e-flex e-con e-child\" data-id=\"9f1df6d\" data-element_type=\"container\" data-e-type=\"container\">\n\t\t\t\t<div class=\"elementor-element elementor-element-1dd0cd9 elementor-widget elementor-widget-heading\" data-id=\"1dd0cd9\" data-element_type=\"widget\" data-e-type=\"widget\" data-widget_type=\"heading.default\">\n\t\t\t\t\t<h3 class=\"elementor-heading-title elementor-size-default\">1. Gestionarea versatil\u0103 a produselor<\/h3>\t\t\t\t<\/div>\n\t\t\t\t<\/div>\n\t\t<div class=\"elementor-element elementor-element-8c890e1 e-flex e-con-boxed e-con e-child\" data-id=\"8c890e1\" data-element_type=\"container\" data-e-type=\"container\">\n\t\t\t\t\t<div class=\"e-con-inner\">\n\t\t\t\t<div class=\"elementor-element elementor-element-f219aac elementor-widget elementor-widget-text-editor\" data-id=\"f219aac\" data-element_type=\"widget\" data-e-type=\"widget\" data-widget_type=\"text-editor.default\">\n\t\t\t\t\t\t\t\t\t<p>Ofertele fiec\u0103rui client sunt unice, iar Product Builder se adapteaz\u0103 nevoilor dumneavoastr\u0103. De la cursuri continue \u0219i tabere la desc\u0103rc\u0103ri digitale \u0219i m\u0103rfuri, Zooza se ocup\u0103 de toate. <\/p>\n\t\t\t\t\t\t\t\t<\/div>\n\t\t\t\t\t<\/div>\n\t\t\t\t<\/div>\n\t\t<div class=\"elementor-element elementor-element-217450b e-flex e-con-boxed e-con e-child\" data-id=\"217450b\" data-element_type=\"container\" data-e-type=\"container\">\n\t\t\t\t\t<div class=\"e-con-inner\">\n\t\t\t\t<div class=\"elementor-element elementor-element-ac5542f elementor-widget__width-initial elementor-icon-list--layout-traditional elementor-list-item-link-full_width elementor-widget elementor-widget-icon-list\" data-id=\"ac5542f\" data-element_type=\"widget\" data-e-type=\"widget\" data-widget_type=\"icon-list.default\">\n\t\t\t\t\t\t\t<ul class=\"elementor-icon-list-items\">\n\t\t\t\t\t\t\t<li class=\"elementor-icon-list-item\">\n\t\t\t\t\t\t\t\t\t\t\t<span class=\"elementor-icon-list-icon\">\n\t\t\t\t\t\t\t<i aria-hidden=\"true\" class=\"fas fa-check-circle\"><\/i>\t\t\t\t\t\t<\/span>\n\t\t\t\t\t\t\t\t\t\t<span class=\"elementor-icon-list-text\">Platform\u0103 All-in-One: Gestiona\u021bi totul, de la cursuri la marf\u0103, sub un singur acoperi\u0219<\/span>\n\t\t\t\t\t\t\t\t\t<\/li>\n\t\t\t\t\t\t\t\t<li class=\"elementor-icon-list-item\">\n\t\t\t\t\t\t\t\t\t\t\t<span class=\"elementor-icon-list-icon\">\n\t\t\t\t\t\t\t<i aria-hidden=\"true\" class=\"fas fa-check-circle\"><\/i>\t\t\t\t\t\t<\/span>\n\t\t\t\t\t\t\t\t\t\t<span class=\"elementor-icon-list-text\">Oferte flexibile: Crea\u021bi sesiuni de grup, lec\u021bii private, tabere \u0219i multe altele<\/span>\n\t\t\t\t\t\t\t\t\t<\/li>\n\t\t\t\t\t\t<\/ul>\n\t\t\t\t\t\t<\/div>\n\t\t\t\t\t<\/div>\n\t\t\t\t<\/div>\n\t\t\t\t<\/div>\n\t\t<div class=\"elementor-element elementor-element-c27f453 e-con-full e-flex e-con e-child\" data-id=\"c27f453\" data-element_type=\"container\" data-e-type=\"container\">\n\t\t<div class=\"elementor-element elementor-element-6c02f6f e-con-full e-flex e-con e-child\" data-id=\"6c02f6f\" data-element_type=\"container\" data-e-type=\"container\">\n\t\t\t\t<div class=\"elementor-element elementor-element-b3ca083 elementor-widget__width-initial elementor-widget elementor-widget-heading\" data-id=\"b3ca083\" data-element_type=\"widget\" data-e-type=\"widget\" data-widget_type=\"heading.default\">\n\t\t\t\t\t<h3 class=\"elementor-heading-title elementor-size-default\">2. Parametri personalizabili pentru fiecare produs<\/h3>\t\t\t\t<\/div>\n\t\t\t\t<\/div>\n\t\t<div class=\"elementor-element elementor-element-569d651 e-flex e-con-boxed e-con e-child\" data-id=\"569d651\" data-element_type=\"container\" data-e-type=\"container\">\n\t\t\t\t\t<div class=\"e-con-inner\">\n\t\t\t\t<div class=\"elementor-element elementor-element-e1714e0 elementor-widget elementor-widget-text-editor\" data-id=\"e1714e0\" data-element_type=\"widget\" data-e-type=\"widget\" data-widget_type=\"text-editor.default\">\n\t\t\t\t\t\t\t\t\t<p>Fiecare tip de produs poate avea propriile sale set\u0103ri unice, asigur\u00e2ndu-v\u0103 c\u0103 pute\u021bi adapta ofertele pentru a v\u0103 \u00eendeplini obiectivele de afaceri \u0219i a\u0219tept\u0103rile clien\u021bilor.<\/p>\n\t\t\t\t\t\t\t\t<\/div>\n\t\t\t\t\t<\/div>\n\t\t\t\t<\/div>\n\t\t<div class=\"elementor-element elementor-element-6df709b e-flex e-con-boxed e-con e-child\" data-id=\"6df709b\" data-element_type=\"container\" data-e-type=\"container\">\n\t\t\t\t\t<div class=\"e-con-inner\">\n\t\t\t\t<div class=\"elementor-element elementor-element-1aa0312 elementor-widget__width-initial elementor-icon-list--layout-traditional elementor-list-item-link-full_width elementor-widget elementor-widget-icon-list\" data-id=\"1aa0312\" data-element_type=\"widget\" data-e-type=\"widget\" data-widget_type=\"icon-list.default\">\n\t\t\t\t\t\t\t<ul class=\"elementor-icon-list-items\">\n\t\t\t\t\t\t\t<li class=\"elementor-icon-list-item\">\n\t\t\t\t\t\t\t\t\t\t\t<span class=\"elementor-icon-list-icon\">\n\t\t\t\t\t\t\t<i aria-hidden=\"true\" class=\"fas fa-check-circle\"><\/i>\t\t\t\t\t\t<\/span>\n\t\t\t\t\t\t\t\t\t\t<span class=\"elementor-icon-list-text\">Op\u021biuni de plat\u0103 unice: Seta\u021bi metode de plat\u0103 diferite pentru fiecare produs<\/span>\n\t\t\t\t\t\t\t\t\t<\/li>\n\t\t\t\t\t\t\t\t<li class=\"elementor-icon-list-item\">\n\t\t\t\t\t\t\t\t\t\t\t<span class=\"elementor-icon-list-icon\">\n\t\t\t\t\t\t\t<i aria-hidden=\"true\" class=\"fas fa-check-circle\"><\/i>\t\t\t\t\t\t<\/span>\n\t\t\t\t\t\t\t\t\t\t<span class=\"elementor-icon-list-text\">Reduceri \u0219i promo\u021bii: Personaliza\u021bi reducerile pentru fiecare produs sau tip de sesiune<\/span>\n\t\t\t\t\t\t\t\t\t<\/li>\n\t\t\t\t\t\t\t\t<li class=\"elementor-icon-list-item\">\n\t\t\t\t\t\t\t\t\t\t\t<span class=\"elementor-icon-list-icon\">\n\t\t\t\t\t\t\t<i aria-hidden=\"true\" class=\"fas fa-check-circle\"><\/i>\t\t\t\t\t\t<\/span>\n\t\t\t\t\t\t\t\t\t\t<span class=\"elementor-icon-list-text\">Capacitate \u0219i limite: Defini\u021bi limitele participan\u021bilor \u0219i automatiza\u021bi listele de a\u0219teptare sau \u00eenlocuirile<\/span>\n\t\t\t\t\t\t\t\t\t<\/li>\n\t\t\t\t\t\t<\/ul>\n\t\t\t\t\t\t<\/div>\n\t\t\t\t\t<\/div>\n\t\t\t\t<\/div>\n\t\t\t\t<\/div>\n\t\t<div class=\"elementor-element elementor-element-2696674 e-con-full e-flex e-con e-child\" data-id=\"2696674\" data-element_type=\"container\" data-e-type=\"container\">\n\t\t<div class=\"elementor-element elementor-element-196dd56 e-con-full e-flex e-con e-child\" data-id=\"196dd56\" data-element_type=\"container\" data-e-type=\"container\">\n\t\t\t\t<div class=\"elementor-element elementor-element-56d3a8d elementor-widget__width-initial elementor-widget elementor-widget-heading\" data-id=\"56d3a8d\" data-element_type=\"widget\" data-e-type=\"widget\" data-widget_type=\"heading.default\">\n\t\t\t\t\t<h3 class=\"elementor-heading-title elementor-size-default\">3. Proces de v\u00e2nz\u0103ri automatizat \u0219i simplificat<\/h3>\t\t\t\t<\/div>\n\t\t\t\t<\/div>\n\t\t<div class=\"elementor-element elementor-element-f7bc8f7 e-flex e-con-boxed e-con e-child\" data-id=\"f7bc8f7\" data-element_type=\"container\" data-e-type=\"container\">\n\t\t\t\t\t<div class=\"e-con-inner\">\n\t\t\t\t<div class=\"elementor-element elementor-element-c6fbbcc elementor-widget elementor-widget-text-editor\" data-id=\"c6fbbcc\" data-element_type=\"widget\" data-e-type=\"widget\" data-widget_type=\"text-editor.default\">\n\t\t\t\t\t\t\t\t\t<p>Cu Product Builder, pute\u021bi automatiza multe aspecte ale gestion\u0103rii produselor, eliber\u00e2ndu-v\u0103 pentru a v\u0103 concentra pe cre\u0219tere \u0219i pe implicarea clien\u021bilor.<\/p>\n\t\t\t\t\t\t\t\t<\/div>\n\t\t\t\t\t<\/div>\n\t\t\t\t<\/div>\n\t\t<div class=\"elementor-element elementor-element-b85dc91 e-flex e-con-boxed e-con e-child\" data-id=\"b85dc91\" data-element_type=\"container\" data-e-type=\"container\">\n\t\t\t\t\t<div class=\"e-con-inner\">\n\t\t\t\t<div class=\"elementor-element elementor-element-5651325 elementor-widget__width-initial elementor-icon-list--layout-traditional elementor-list-item-link-full_width elementor-widget elementor-widget-icon-list\" data-id=\"5651325\" data-element_type=\"widget\" data-e-type=\"widget\" data-widget_type=\"icon-list.default\">\n\t\t\t\t\t\t\t<ul class=\"elementor-icon-list-items\">\n\t\t\t\t\t\t\t<li class=\"elementor-icon-list-item\">\n\t\t\t\t\t\t\t\t\t\t\t<span class=\"elementor-icon-list-icon\">\n\t\t\t\t\t\t\t<i aria-hidden=\"true\" class=\"fas fa-check-circle\"><\/i>\t\t\t\t\t\t<\/span>\n\t\t\t\t\t\t\t\t\t\t<span class=\"elementor-icon-list-text\">\u00censcriere automat\u0103: Configura\u021bi \u00eenscrierea automat\u0103 \u0219i memento-uri<\/span>\n\t\t\t\t\t\t\t\t\t<\/li>\n\t\t\t\t\t\t\t\t<li class=\"elementor-icon-list-item\">\n\t\t\t\t\t\t\t\t\t\t\t<span class=\"elementor-icon-list-icon\">\n\t\t\t\t\t\t\t<i aria-hidden=\"true\" class=\"fas fa-check-circle\"><\/i>\t\t\t\t\t\t<\/span>\n\t\t\t\t\t\t\t\t\t\t<span class=\"elementor-icon-list-text\">Upselling f\u0103r\u0103 \u00eentreruperi: Sugera\u021bi produse conexe sau sesiuni direct pe paginile de rezervare<\/span>\n\t\t\t\t\t\t\t\t\t<\/li>\n\t\t\t\t\t\t\t\t<li class=\"elementor-icon-list-item\">\n\t\t\t\t\t\t\t\t\t\t\t<span class=\"elementor-icon-list-icon\">\n\t\t\t\t\t\t\t<i aria-hidden=\"true\" class=\"fas fa-check-circle\"><\/i>\t\t\t\t\t\t<\/span>\n\t\t\t\t\t\t\t\t\t\t<span class=\"elementor-icon-list-text\">Raportare \u0219i informa\u021bii: Accesa\u021bi date privind performan\u021ba fiec\u0103rui produs, ajut\u00e2ndu-v\u0103 s\u0103 lua\u021bi decizii \u00een cuno\u0219tin\u021b\u0103 de cauz\u0103<\/span>\n\t\t\t\t\t\t\t\t\t<\/li>\n\t\t\t\t\t\t<\/ul>\n\t\t\t\t\t\t<\/div>\n\t\t\t\t\t<\/div>\n\t\t\t\t<\/div>\n\t\t\t\t<\/div>\n\t\t\t\t<\/div>\n\t\t\t\t<\/div>\n\t\t\t\t\t<\/div>\n\t\t\t\t<\/div>\n\t\t<div class=\"elementor-element elementor-element-9a6c3a6 e-flex e-con-boxed e-con e-parent\" data-id=\"9a6c3a6\" data-element_type=\"container\" data-e-type=\"container\">\n\t\t\t\t\t<div class=\"e-con-inner\">\n\t\t<div class=\"elementor-element elementor-element-9cc52f0 e-con-full e-flex e-con e-child\" data-id=\"9cc52f0\" data-element_type=\"container\" data-e-type=\"container\">\n\t\t<div class=\"elementor-element elementor-element-487374a e-con-full e-flex e-con e-child\" data-id=\"487374a\" data-element_type=\"container\" data-e-type=\"container\">\n\t\t\t\t<div class=\"elementor-element elementor-element-06bae9a elementor-widget elementor-widget-spacer\" data-id=\"06bae9a\" data-element_type=\"widget\" data-e-type=\"widget\" data-widget_type=\"spacer.default\">\n\t\t\t\t\t\t\t<div class=\"elementor-spacer\">\n\t\t\t<div class=\"elementor-spacer-inner\"><\/div>\n\t\t<\/div>\n\t\t\t\t\t\t<\/div>\n\t\t\t\t<div class=\"elementor-element elementor-element-ddc55f2 elementor-headline--style-highlight elementor-widget elementor-widget-animated-headline\" data-id=\"ddc55f2\" data-element_type=\"widget\" data-e-type=\"widget\" data-settings=\"{&quot;highlighted_text&quot;:&quot;Motor de rezervare imersiv\\u2122  &quot;,&quot;headline_style&quot;:&quot;highlight&quot;,&quot;marker&quot;:&quot;circle&quot;,&quot;loop&quot;:&quot;yes&quot;,&quot;highlight_animation_duration&quot;:1200,&quot;highlight_iteration_delay&quot;:8000}\" data-widget_type=\"animated-headline.default\">\n\t\t\t\t\t\t\t<h2 class=\"elementor-headline\">\n\t\t\t\t\t<span class=\"elementor-headline-plain-text elementor-headline-text-wrapper\">De ce  <\/span>\n\t\t\t\t<span class=\"elementor-headline-dynamic-wrapper elementor-headline-text-wrapper\">\n\t\t\t\t\t<span class=\"elementor-headline-dynamic-text elementor-headline-text-active\">Motor de rezervare imersiv\u2122  <\/span>\n\t\t\t\t<\/span>\n\t\t\t\t\t<span class=\"elementor-headline-plain-text elementor-headline-text-wrapper\">este unic<\/span>\n\t\t\t\t\t<\/h2>\n\t\t\t\t\t\t<\/div>\n\t\t\t\t<div class=\"elementor-element elementor-element-7fe74f4 elementor-widget elementor-widget-text-editor\" data-id=\"7fe74f4\" data-element_type=\"widget\" data-e-type=\"widget\" data-widget_type=\"text-editor.default\">\n\t\t\t\t\t\t\t\t\t<p><strong>Constructorul de produse Zooza<\/strong> este mai mult dec\u00e2t un simplu instrument de programare sau rezervare. Este construit pentru complexitatea activit\u0103\u021bilor pentru copii, permi\u021b\u00e2nd fiec\u0103rui produs s\u0103 fie personalizat pentru a r\u0103spunde nevoilor specifice. Spre deosebire de alte sisteme care necesit\u0103 mai multe platforme pentru a gestiona diferite tipuri de oferte, Product Builder centralizeaz\u0103 toate produsele dvs. \u00eentr-un singur loc. Aceast\u0103 flexibilitate \u00eenseamn\u0103 c\u0103 v\u0103 pute\u021bi extinde cu u\u0219urin\u021b\u0103, pute\u021bi ad\u0103uga noi tipuri de produse \u0219i pute\u021bi men\u021bine o experien\u021b\u0103 de client f\u0103r\u0103 cusur, de marc\u0103, pentru toate ofertele dvs.   <\/p><\/p>\n\t\t\t\t\t\t\t\t<\/div>\n\t\t\t\t<div class=\"elementor-element elementor-element-5d1c81f elementor-widget elementor-widget-text-editor\" data-id=\"5d1c81f\" data-element_type=\"widget\" data-e-type=\"widget\" data-widget_type=\"text-editor.default\">\n\t\t\t\t\t\t\t\t\t<ol>\n<li style=\"list-style-type: none;\">\n<ol>\n<li>\n<p><strong>Flexibilitate All-in-One<\/strong><br \/>Gestiona\u021bi mai multe tipuri de produse &#8211; cursuri, tabere, produse digitale \u0219i multe altele &#8211; toate \u00een Zooza, elimin\u00e2nd nevoia de instrumente separate.<\/p>\n<\/li>\n<li>\n<p><strong>Personalizabil pentru fiecare ofert\u0103<\/strong><br \/>Fiecare produs are parametri proprii, inclusiv op\u021biuni de plat\u0103, set\u0103ri de reducere, limite de capacitate \u0219i reguli de automatizare, ceea ce \u00eel face adaptabil la orice nevoie de afaceri.<\/p>\n<\/li>\n<li>\n<p><strong>Experien\u021b\u0103 de brand unificat\u0103<\/strong><br \/>Zooza se asigur\u0103 c\u0103 fiecare produs, fie \u00een persoan\u0103 sau digital, se integreaz\u0103 perfect \u00een experien\u021ba de brand, contribuind la construirea \u00eencrederii \u0219i coeren\u021bei.<\/p>\n<\/li>\n<\/ol>\n<\/li>\n<\/ol>\n\t\t\t\t\t\t\t\t<\/div>\n\t\t\t\t<\/div>\n\t\t\t\t<\/div>\n\t\t\t\t\t<\/div>\n\t\t\t\t<\/div>\n\t\t<div class=\"elementor-element elementor-element-01722c4 e-flex e-con-boxed e-con e-parent\" data-id=\"01722c4\" data-element_type=\"container\" data-e-type=\"container\">\n\t\t\t\t\t<div class=\"e-con-inner\">\n\t\t<div class=\"elementor-element elementor-element-a152a16 e-con-full e-flex e-con e-child\" data-id=\"a152a16\" data-element_type=\"container\" data-e-type=\"container\">\n\t\t<div class=\"elementor-element elementor-element-ce699cf e-con-full e-flex e-con e-child\" data-id=\"ce699cf\" data-element_type=\"container\" data-e-type=\"container\" data-settings=\"{&quot;background_background&quot;:&quot;classic&quot;}\">\n\t\t<div class=\"elementor-element elementor-element-fc8ed52 e-flex e-con-boxed e-con e-child\" data-id=\"fc8ed52\" data-element_type=\"container\" data-e-type=\"container\" data-settings=\"{&quot;background_background&quot;:&quot;classic&quot;}\">\n\t\t\t\t\t<div class=\"e-con-inner\">\n\t\t<div class=\"elementor-element elementor-element-d0cb43c e-con-full e-flex e-con e-child\" data-id=\"d0cb43c\" data-element_type=\"container\" data-e-type=\"container\">\n\t\t\t\t<div class=\"elementor-element elementor-element-f27e99b elementor-headline--style-highlight elementor-invisible elementor-widget elementor-widget-animated-headline\" data-id=\"f27e99b\" data-element_type=\"widget\" data-e-type=\"widget\" data-settings=\"{&quot;highlighted_text&quot;:&quot;Economisi\\u021bi p\\u00e2n\\u0103 la 70%&quot;,&quot;_animation&quot;:&quot;fadeInUp&quot;,&quot;marker&quot;:&quot;double_underline&quot;,&quot;headline_style&quot;:&quot;highlight&quot;,&quot;loop&quot;:&quot;yes&quot;,&quot;highlight_animation_duration&quot;:1200,&quot;highlight_iteration_delay&quot;:8000}\" data-widget_type=\"animated-headline.default\">\n\t\t\t\t\t\t\t<h2 class=\"elementor-headline\">\n\t\t\t\t<span class=\"elementor-headline-dynamic-wrapper elementor-headline-text-wrapper\">\n\t\t\t\t\t<span class=\"elementor-headline-dynamic-text elementor-headline-text-active\">Economisi\u021bi p\u00e2n\u0103 la 70%<\/span>\n\t\t\t\t<\/span>\n\t\t\t\t\t<span class=\"elementor-headline-plain-text elementor-headline-text-wrapper\">pe Instrumente cu Zooza ast\u0103zi!<\/span>\n\t\t\t\t\t<\/h2>\n\t\t\t\t\t\t<\/div>\n\t\t\t\t<div class=\"elementor-element elementor-element-f31d55a elementor-invisible elementor-widget elementor-widget-heading\" data-id=\"f31d55a\" data-element_type=\"widget\" data-e-type=\"widget\" data-settings=\"{&quot;_animation&quot;:&quot;fadeIn&quot;}\" data-widget_type=\"heading.default\">\n\t\t\t\t\t<h4 class=\"elementor-heading-title elementor-size-default\">Descoperi\u021bi pre\u021buri flexibile care se adapteaz\u0103 la cre\u0219terea dvs. \u0219i se potrivesc bazei dvs. de clien\u021bi.<\/h4>\t\t\t\t<\/div>\n\t\t\t\t<div class=\"elementor-element elementor-element-a8ce855 elementor-widget__width-auto cool-button elementor-align-right elementor-widget elementor-widget-button\" data-id=\"a8ce855\" data-element_type=\"widget\" data-e-type=\"widget\" data-widget_type=\"button.default\">\n\t\t\t\t\t\t\t\t\t\t<a class=\"elementor-button elementor-button-link elementor-size-md elementor-animation-grow\" href=\"https:\/\/www.zooza.online\/features\/\">\n\t\t\t\t\t\t<span class=\"elementor-button-content-wrapper\">\n\t\t\t\t\t\t<span class=\"elementor-button-icon\">\n\t\t\t\t<i aria-hidden=\"true\" class=\"fas fa-arrow-right\"><\/i>\t\t\t<\/span>\n\t\t\t\t\t\t\t\t\t<span class=\"elementor-button-text\">A se vedea Valoare pentru bani<\/span>\n\t\t\t\t\t<\/span>\n\t\t\t\t\t<\/a>\n\t\t\t\t\t\t\t\t<\/div>\n\t\t\t\t<\/div>\n\t\t\t\t\t<\/div>\n\t\t\t\t<\/div>\n\t\t\t\t<\/div>\n\t\t\t\t<\/div>\n\t\t\t\t\t<\/div>\n\t\t\t\t<\/div>\n\t\t\t\t<\/div>\n\t\t","protected":false},"excerpt":{"rendered":"<p>Gestiona\u021bi toate Produse \u00eentr-un singur loc cu Product Builder \u00cen activit\u0103\u021bile \u0219i educa\u021bia copiilor, flexibilitatea este esen\u021bial\u0103. Constructorul de produse Zooza v\u0103 permite s\u0103 gestiona\u021bi o mare varietate de oferte &#8211; fie cursuri continue, sesiuni de grup sau private, tabere de var\u0103, con\u021binut digital sau m\u0103rfuri &#8211; toate \u00eentr-o singur\u0103 platform\u0103. Spune\u021bi adio jongl\u0103rii cu [&hellip;]<\/p>\n","protected":false},"author":2,"featured_media":0,"parent":21762,"menu_order":0,"comment_status":"closed","ping_status":"closed","template":"","meta":{"_acf_changed":false,"footnotes":""},"class_list":["post-21644","page","type-page","status-publish","hentry"],"acf":[],"_links":{"self":[{"href":"https:\/\/www.zooza.online\/ro\/wp-json\/wp\/v2\/pages\/21644","targetHints":{"allow":["GET"]}}],"collection":[{"href":"https:\/\/www.zooza.online\/ro\/wp-json\/wp\/v2\/pages"}],"about":[{"href":"https:\/\/www.zooza.online\/ro\/wp-json\/wp\/v2\/types\/page"}],"author":[{"embeddable":true,"href":"https:\/\/www.zooza.online\/ro\/wp-json\/wp\/v2\/users\/2"}],"replies":[{"embeddable":true,"href":"https:\/\/www.zooza.online\/ro\/wp-json\/wp\/v2\/comments?post=21644"}],"version-history":[{"count":0,"href":"https:\/\/www.zooza.online\/ro\/wp-json\/wp\/v2\/pages\/21644\/revisions"}],"up":[{"embeddable":true,"href":"https:\/\/www.zooza.online\/ro\/wp-json\/wp\/v2\/pages\/21762"}],"wp:attachment":[{"href":"https:\/\/www.zooza.online\/ro\/wp-json\/wp\/v2\/media?parent=21644"}],"curies":[{"name":"wp","href":"https:\/\/api.w.org\/{rel}","templated":true}]}}