{"id":21649,"date":"2024-10-31T13:29:39","date_gmt":"2024-10-31T13:29:39","guid":{"rendered":"https:\/\/www.zooza.online\/pastrati-parintii-conectati-pe-brand-si-pe-site-cu-parentflow-connect\/"},"modified":"2026-04-27T13:48:12","modified_gmt":"2026-04-27T13:48:12","slug":"pastrati-parintii-conectati-pe-brand-si-pe-site-cu-parentflow-connect","status":"publish","type":"page","link":"https:\/\/www.zooza.online\/ro\/valoare-pentru-bani-o-platforma-pentru-a-va-dezvolta-brandul-si-a-reduce-costurile\/pastrati-parintii-conectati-pe-brand-si-pe-site-cu-parentflow-connect\/","title":{"rendered":"P\u0103stra\u021bi p\u0103rin\u021bii conecta\u021bi, pe brand \u0219i pe site cu ParentFlow Connect\u2122"},"content":{"rendered":"\t\t<div data-elementor-type=\"wp-page\" data-elementor-id=\"21649\" class=\"elementor elementor-21649 elementor-21213\" data-elementor-post-type=\"page\">\n\t\t\t\t<div class=\"elementor-element elementor-element-1a0886b e-con-full e-flex e-con e-parent\" data-id=\"1a0886b\" data-element_type=\"container\" data-e-type=\"container\">\n\t\t<div class=\"elementor-element elementor-element-e5b063a e-con-full e-flex e-con e-child\" data-id=\"e5b063a\" data-element_type=\"container\" data-e-type=\"container\">\n\t\t<div class=\"elementor-element elementor-element-1b8ec3a e-con-full e-flex e-con e-child\" data-id=\"1b8ec3a\" data-element_type=\"container\" data-e-type=\"container\" data-settings=\"{&quot;background_background&quot;:&quot;classic&quot;}\">\n\t\t<div class=\"elementor-element elementor-element-614bfb3 e-flex e-con-boxed e-con e-child\" data-id=\"614bfb3\" data-element_type=\"container\" data-e-type=\"container\">\n\t\t\t\t\t<div class=\"e-con-inner\">\n\t\t<div class=\"elementor-element elementor-element-6b7e522 e-con-full e-flex e-con e-child\" data-id=\"6b7e522\" data-element_type=\"container\" data-e-type=\"container\">\n\t\t<div class=\"elementor-element elementor-element-620c12d e-con-full e-flex e-con e-child\" data-id=\"620c12d\" data-element_type=\"container\" data-e-type=\"container\">\n\t\t\t\t<div class=\"elementor-element elementor-element-db153ba elementor-widget__width-initial elementor-headline--style-highlight elementor-widget elementor-widget-animated-headline\" data-id=\"db153ba\" data-element_type=\"widget\" data-e-type=\"widget\" data-settings=\"{&quot;highlighted_text&quot;:&quot;On-Brand&quot;,&quot;marker&quot;:&quot;underline&quot;,&quot;headline_style&quot;:&quot;highlight&quot;,&quot;loop&quot;:&quot;yes&quot;,&quot;highlight_animation_duration&quot;:1200,&quot;highlight_iteration_delay&quot;:8000}\" data-widget_type=\"animated-headline.default\">\n\t\t\t\t\t\t\t<h1 class=\"elementor-headline\">\n\t\t\t\t\t<span class=\"elementor-headline-plain-text elementor-headline-text-wrapper\">P\u0103stra\u021bi leg\u0103tura cu p\u0103rin\u021bii,  <\/span>\n\t\t\t\t<span class=\"elementor-headline-dynamic-wrapper elementor-headline-text-wrapper\">\n\t\t\t\t\t<span class=\"elementor-headline-dynamic-text elementor-headline-text-active\">On-Brand<\/span>\n\t\t\t\t<\/span>\n\t\t\t\t\t<span class=\"elementor-headline-plain-text elementor-headline-text-wrapper\">\u0219i On-Site<\/span>\n\t\t\t\t\t<\/h1>\n\t\t\t\t\t\t<\/div>\n\t\t\t\t<\/div>\n\t\t<div class=\"elementor-element elementor-element-a1b7e03 e-con-full e-flex e-con e-child\" data-id=\"a1b7e03\" data-element_type=\"container\" data-e-type=\"container\">\n\t\t\t\t<div class=\"elementor-element elementor-element-9aa04bc elementor-widget__width-initial elementor-widget elementor-widget-heading\" data-id=\"9aa04bc\" data-element_type=\"widget\" data-e-type=\"widget\" data-widget_type=\"heading.default\">\n\t\t\t\t\t<p class=\"elementor-heading-title elementor-size-default\">P\u0103rin\u021bii se a\u0219teapt\u0103 la acces u\u0219or pentru a gestiona prezen\u021ba, pl\u0103\u021bile \u0219i orarele - totul f\u0103r\u0103 a p\u0103r\u0103si site-ul dvs. ParentFlow Connect\u2122 ofer\u0103 o zon\u0103 pentru clien\u021bi complet personalizat\u0103, la fa\u021ba locului, care face ca gestionarea fiec\u0103rei interac\u021biuni s\u0103 fie simpl\u0103 \u0219i f\u0103r\u0103 cusur, consolid\u00e2nd marca dvs. la fiecare pas. <\/p>\t\t\t\t<\/div>\n\t\t\t\t<\/div>\n\t\t\t\t<\/div>\n\t\t\t\t\t<\/div>\n\t\t\t\t<\/div>\n\t\t\t\t<\/div>\n\t\t\t\t<\/div>\n\t\t\t\t<\/div>\n\t\t<div class=\"elementor-element elementor-element-70da165 e-flex e-con-boxed e-con e-parent\" data-id=\"70da165\" data-element_type=\"container\" data-e-type=\"container\">\n\t\t\t\t\t<div class=\"e-con-inner\">\n\t\t<div class=\"elementor-element elementor-element-a330d98 e-con-full e-flex e-con e-child\" data-id=\"a330d98\" data-element_type=\"container\" data-e-type=\"container\">\n\t\t<div class=\"elementor-element elementor-element-5cb8024 e-con-full e-flex e-con e-child\" data-id=\"5cb8024\" data-element_type=\"container\" data-e-type=\"container\">\n\t\t\t\t<div class=\"elementor-element elementor-element-1e6eb9c elementor-widget elementor-widget-heading\" data-id=\"1e6eb9c\" data-element_type=\"widget\" data-e-type=\"widget\" data-widget_type=\"heading.default\">\n\t\t\t\t\t<h2 class=\"elementor-heading-title elementor-size-default\"><strong>Experimenta\u021bi inova\u021bia<\/strong><\/h2>\t\t\t\t<\/div>\n\t\t\t\t<\/div>\n\t\t<div class=\"elementor-element elementor-element-4fae758 e-con-full elementor-hidden-desktop elementor-hidden-tablet elementor-hidden-mobile e-flex e-con e-child\" data-id=\"4fae758\" data-element_type=\"container\" data-e-type=\"container\">\n\t\t<div class=\"elementor-element elementor-element-d849866 e-flex e-con-boxed e-con e-child\" data-id=\"d849866\" data-element_type=\"container\" data-e-type=\"container\">\n\t\t\t\t\t<div class=\"e-con-inner\">\n\t\t\t\t<div class=\"elementor-element elementor-element-f2605cc elementor-invisible elementor-widget elementor-widget-heading\" data-id=\"f2605cc\" data-element_type=\"widget\" data-e-type=\"widget\" data-settings=\"{&quot;_animation&quot;:&quot;fadeInDown&quot;}\" data-widget_type=\"heading.default\">\n\t\t\t\t\t<p class=\"elementor-heading-title elementor-size-default\">Despre Zooza<\/p>\t\t\t\t<\/div>\n\t\t\t\t<div class=\"elementor-element elementor-element-15029e7 elementor-invisible elementor-widget elementor-widget-heading\" data-id=\"15029e7\" data-element_type=\"widget\" data-e-type=\"widget\" data-settings=\"{&quot;_animation&quot;:&quot;fadeInUp&quot;}\" data-widget_type=\"heading.default\">\n\t\t\t\t\t<h2 class=\"elementor-heading-title elementor-size-default\">Viac z\u00e1bavy s kurzami,<br>menej administrat\u00edvy.<\/h2>\t\t\t\t<\/div>\n\t\t\t\t<div class=\"elementor-element elementor-element-23f8d78 elementor-align-right elementor-widget__width-auto cool-button elementor-widget elementor-widget-button\" data-id=\"23f8d78\" data-element_type=\"widget\" data-e-type=\"widget\" data-widget_type=\"button.default\">\n\t\t\t\t\t\t\t\t\t\t<a class=\"elementor-button elementor-button-link elementor-size-md elementor-animation-grow\" href=\"https:\/\/www.zooza.online\/signup\/\">\n\t\t\t\t\t\t<span class=\"elementor-button-content-wrapper\">\n\t\t\t\t\t\t<span class=\"elementor-button-icon\">\n\t\t\t\t<i aria-hidden=\"true\" class=\"fas fa-arrow-right\"><\/i>\t\t\t<\/span>\n\t\t\t\t\t\t\t\t\t<span class=\"elementor-button-text\">\u00cencerca\u021bi-l gratuit<\/span>\n\t\t\t\t\t<\/span>\n\t\t\t\t\t<\/a>\n\t\t\t\t\t\t\t\t<\/div>\n\t\t\t\t\t<\/div>\n\t\t\t\t<\/div>\n\t\t\t\t<\/div>\n\t\t<div class=\"elementor-element elementor-element-e7ee1fa e-con-full e-flex e-con e-child\" data-id=\"e7ee1fa\" data-element_type=\"container\" data-e-type=\"container\">\n\t\t<div class=\"elementor-element elementor-element-d0c2c42 e-con-full e-flex e-con e-child\" data-id=\"d0c2c42\" data-element_type=\"container\" data-e-type=\"container\">\n\t\t<div class=\"elementor-element elementor-element-f9ba638 e-flex e-con-boxed e-con e-child\" data-id=\"f9ba638\" data-element_type=\"container\" data-e-type=\"container\">\n\t\t\t\t\t<div class=\"e-con-inner\">\n\t\t\t\t<div class=\"elementor-element elementor-element-88ccad4 elementor-widget elementor-widget-heading\" data-id=\"88ccad4\" data-element_type=\"widget\" data-e-type=\"widget\" data-widget_type=\"heading.default\">\n\t\t\t\t\t<h3 class=\"elementor-heading-title elementor-size-default\"><h3 data-elementor-setting-key=\"title\" data-pen-placeholder=\"Type Here...\">ParentFlow Connect\u2122<span style=\"color: var( --e-global-color-text );font-family: var( --e-global-typography-533b864-font-family ), Sans-serif;font-size: var( --e-global-typography-533b864-font-size );font-weight: var( --e-global-typography-533b864-font-weight )\"><\/span><\/h3><\/h3>\t\t\t\t<\/div>\n\t\t\t\t\t<\/div>\n\t\t\t\t<\/div>\n\t\t<div class=\"elementor-element elementor-element-022e10e e-flex e-con-boxed e-con e-child\" data-id=\"022e10e\" data-element_type=\"container\" data-e-type=\"container\">\n\t\t\t\t\t<div class=\"e-con-inner\">\n\t\t\t\t<div class=\"elementor-element elementor-element-7a4389e elementor-widget elementor-widget-text-editor\" data-id=\"7a4389e\" data-element_type=\"widget\" data-e-type=\"widget\" data-widget_type=\"text-editor.default\">\n\t\t\t\t\t\t\t\t\t<p>Comunicare f\u0103r\u0103 efort, implicare orientat\u0103 c\u0103tre brand<\/p>\n\t\t\t\t\t\t\t\t<\/div>\n\t\t\t\t<div class=\"elementor-element elementor-element-47f1c87 elementor-widget elementor-widget-text-editor\" data-id=\"47f1c87\" data-element_type=\"widget\" data-e-type=\"widget\" data-widget_type=\"text-editor.default\">\n\t\t\t\t\t\t\t\t\t<p>ParentFlow Connect\u2122 este conceput pentru a face comunicarea cu p\u0103rin\u021bii simpl\u0103, direct\u0103 \u0219i consecvent\u0103 cu marca dvs. Notific\u0103rile, reamintirile \u0219i actualiz\u0103rile au loc f\u0103r\u0103 probleme, elimin\u00e2nd complica\u021biile legate de log\u0103ri complexe sau mesaje pierdute. <\/p>\n\t\t\t\t\t\t\t\t<\/div>\n\t\t\t\t\t<\/div>\n\t\t\t\t<\/div>\n\t\t\t\t<div class=\"elementor-element elementor-element-bc71c34 elementor-icon-list--layout-traditional elementor-list-item-link-full_width elementor-widget elementor-widget-icon-list\" data-id=\"bc71c34\" data-element_type=\"widget\" data-e-type=\"widget\" data-widget_type=\"icon-list.default\">\n\t\t\t\t\t\t\t<ul class=\"elementor-icon-list-items\">\n\t\t\t\t\t\t\t<li class=\"elementor-icon-list-item\">\n\t\t\t\t\t\t\t\t\t\t\t<span class=\"elementor-icon-list-icon\">\n\t\t\t\t\t\t\t<i aria-hidden=\"true\" class=\"fas fa-check-circle\"><\/i>\t\t\t\t\t\t<\/span>\n\t\t\t\t\t\t\t\t\t\t<span class=\"elementor-icon-list-text\"><strong>Notific\u0103ri automate:<\/strong> \u021aine\u021bi p\u0103rin\u021bii la curent cu actualiz\u0103rile privind cursurile, pl\u0103\u021bile \u0219i programele<\/span>\n\t\t\t\t\t\t\t\t\t<\/li>\n\t\t\t\t\t\t\t\t<li class=\"elementor-icon-list-item\">\n\t\t\t\t\t\t\t\t\t\t\t<span class=\"elementor-icon-list-icon\">\n\t\t\t\t\t\t\t<i aria-hidden=\"true\" class=\"fas fa-check-circle\"><\/i>\t\t\t\t\t\t<\/span>\n\t\t\t\t\t\t\t\t\t\t<span class=\"elementor-icon-list-text\"><strong>Acces f\u0103r\u0103 parol\u0103:<\/strong> P\u0103rin\u021bii se pot angaja f\u0103r\u0103 pa\u0219i suplimentari, simplific\u00e2nd procesul<\/span>\n\t\t\t\t\t\t\t\t\t<\/li>\n\t\t\t\t\t\t\t\t<li class=\"elementor-icon-list-item\">\n\t\t\t\t\t\t\t\t\t\t\t<span class=\"elementor-icon-list-icon\">\n\t\t\t\t\t\t\t<i aria-hidden=\"true\" class=\"fas fa-check-circle\"><\/i>\t\t\t\t\t\t<\/span>\n\t\t\t\t\t\t\t\t\t\t<span class=\"elementor-icon-list-text\"><strong>Branding direct:<\/strong> Fiecare mesaj, memento \u0219i actualizare poart\u0103 aspectul \u0219i senza\u021bia brandului dvs.<\/span>\n\t\t\t\t\t\t\t\t\t<\/li>\n\t\t\t\t\t\t\t\t<li class=\"elementor-icon-list-item\">\n\t\t\t\t\t\t\t\t\t\t\t<span class=\"elementor-icon-list-icon\">\n\t\t\t\t\t\t\t<i aria-hidden=\"true\" class=\"fas fa-check-circle\"><\/i>\t\t\t\t\t\t<\/span>\n\t\t\t\t\t\t\t\t\t\t<span class=\"elementor-icon-list-text\"><strong>\u00centreb\u0103ri reduse:<\/strong> Comunicarea clar\u0103 duce la mai pu\u021bine \u00eentreb\u0103ri, oferind echipei dvs. mai mult timp pentru alte sarcini<\/span>\n\t\t\t\t\t\t\t\t\t<\/li>\n\t\t\t\t\t\t<\/ul>\n\t\t\t\t\t\t<\/div>\n\t\t\t\t<\/div>\n\t\t<div class=\"elementor-element elementor-element-860efda e-flex e-con-boxed e-con e-child\" data-id=\"860efda\" data-element_type=\"container\" data-e-type=\"container\" data-settings=\"{&quot;background_background&quot;:&quot;gradient&quot;}\">\n\t\t\t\t\t<div class=\"e-con-inner\">\n\t\t\t\t<div class=\"elementor-element elementor-element-b924e33 elementor-widget elementor-widget-image\" data-id=\"b924e33\" data-element_type=\"widget\" data-e-type=\"widget\" data-widget_type=\"image.default\">\n\t\t\t\t\t\t\t\t\t\t\t\t\t\t\t<img fetchpriority=\"high\" decoding=\"async\" width=\"768\" height=\"768\" src=\"https:\/\/www.zooza.online\/wp-content\/uploads\/2024\/10\/Copy-of-Email-Pictures-Templates-1-768x768.gif\" class=\"attachment-medium_large size-medium_large wp-image-21162\" alt=\"ParentFlow Connect\u2122\nEffortless Communication, Brand-Driven Engagement\" srcset=\"https:\/\/www.zooza.online\/wp-content\/uploads\/2024\/10\/Copy-of-Email-Pictures-Templates-1-768x768.gif 768w, https:\/\/www.zooza.online\/wp-content\/uploads\/2024\/10\/Copy-of-Email-Pictures-Templates-1-300x300.gif 300w, https:\/\/www.zooza.online\/wp-content\/uploads\/2024\/10\/Copy-of-Email-Pictures-Templates-1-1024x1024.gif 1024w, https:\/\/www.zooza.online\/wp-content\/uploads\/2024\/10\/Copy-of-Email-Pictures-Templates-1-150x150.gif 150w\" sizes=\"(max-width: 768px) 100vw, 768px\" title=\"\">\t\t\t\t\t\t\t\t\t\t\t\t\t\t\t<\/div>\n\t\t\t\t\t<\/div>\n\t\t\t\t<\/div>\n\t\t\t\t<\/div>\n\t\t\t\t<\/div>\n\t\t<div class=\"elementor-element elementor-element-49a8864 e-con-full e-flex e-con e-child\" data-id=\"49a8864\" data-element_type=\"container\" data-e-type=\"container\">\n\t\t<div class=\"elementor-element elementor-element-2e9b68f e-con-full e-flex e-con e-child\" data-id=\"2e9b68f\" data-element_type=\"container\" data-e-type=\"container\">\n\t\t\t\t<div class=\"elementor-element elementor-element-db771c5 elementor-widget elementor-widget-spacer\" data-id=\"db771c5\" data-element_type=\"widget\" data-e-type=\"widget\" data-widget_type=\"spacer.default\">\n\t\t\t\t\t\t\t<div class=\"elementor-spacer\">\n\t\t\t<div class=\"elementor-spacer-inner\"><\/div>\n\t\t<\/div>\n\t\t\t\t\t\t<\/div>\n\t\t\t\t<\/div>\n\t\t\t\t<\/div>\n\t\t\t\t\t<\/div>\n\t\t\t\t<\/div>\n\t\t<div class=\"elementor-element elementor-element-beca3b1 e-flex e-con-boxed e-con e-parent\" data-id=\"beca3b1\" data-element_type=\"container\" data-e-type=\"container\">\n\t\t\t\t\t<div class=\"e-con-inner\">\n\t\t<div class=\"elementor-element elementor-element-73d6a66 e-con-full e-flex e-con e-child\" data-id=\"73d6a66\" data-element_type=\"container\" data-e-type=\"container\">\n\t\t<div class=\"elementor-element elementor-element-636625d e-con-full e-flex e-con e-child\" data-id=\"636625d\" data-element_type=\"container\" data-e-type=\"container\">\n\t\t\t\t<div class=\"elementor-element elementor-element-fb6849d elementor-headline--style-highlight elementor-widget elementor-widget-animated-headline\" data-id=\"fb6849d\" data-element_type=\"widget\" data-e-type=\"widget\" data-settings=\"{&quot;highlighted_text&quot;:&quot;ParentFlow Connect\\u2122&quot;,&quot;headline_style&quot;:&quot;highlight&quot;,&quot;marker&quot;:&quot;circle&quot;,&quot;loop&quot;:&quot;yes&quot;,&quot;highlight_animation_duration&quot;:1200,&quot;highlight_iteration_delay&quot;:8000}\" data-widget_type=\"animated-headline.default\">\n\t\t\t\t\t\t\t<h2 class=\"elementor-headline\">\n\t\t\t\t\t<span class=\"elementor-headline-plain-text elementor-headline-text-wrapper\">De ce<\/span>\n\t\t\t\t<span class=\"elementor-headline-dynamic-wrapper elementor-headline-text-wrapper\">\n\t\t\t\t\t<span class=\"elementor-headline-dynamic-text elementor-headline-text-active\">ParentFlow Connect\u2122<\/span>\n\t\t\t\t<\/span>\n\t\t\t\t\t<span class=\"elementor-headline-plain-text elementor-headline-text-wrapper\">este unic<\/span>\n\t\t\t\t\t<\/h2>\n\t\t\t\t\t\t<\/div>\n\t\t\t\t<div class=\"elementor-element elementor-element-677b93f elementor-widget elementor-widget-text-editor\" data-id=\"677b93f\" data-element_type=\"widget\" data-e-type=\"widget\" data-widget_type=\"text-editor.default\">\n\t\t\t\t\t\t\t\t\t<p><strong>ParentFlow Connect\u2122<\/strong> nu este doar un portal pentru clien\u021bi; este o experien\u021b\u0103 continu\u0103, la fa\u021ba locului, care men\u021bine p\u0103rin\u021bii conecta\u021bi la brandul dvs. f\u0103r\u0103 a fi nevoie s\u0103 navigheze pe pagini din afara site-ului. Spre deosebire de portalurile tipice pentru clien\u021bi care redirec\u021bioneaz\u0103 clien\u021bii c\u0103tre site-uri externe sau utilizeaz\u0103 autentific\u0103ri separate, <strong>ParentFlow Connect\u2122<\/strong> este complet integrat \u00een site-ul dvs. web, astfel \u00eenc\u00e2t p\u0103rin\u021bii gestioneaz\u0103 totul chiar acolo unde v-au g\u0103sit. <\/p>\n\t\t\t\t\t\t\t\t<\/div>\n\t\t\t\t<div class=\"elementor-element elementor-element-0471a40 elementor-widget elementor-widget-text-editor\" data-id=\"0471a40\" data-element_type=\"widget\" data-e-type=\"widget\" data-widget_type=\"text-editor.default\">\n\t\t\t\t\t\t\t\t\t<ol>\n<li>\n<p><strong>Mereu pe site<\/strong><br \/>Multe sisteme redirec\u021bioneaz\u0103 clien\u021bii c\u0103tre pagini externe pentru actualiz\u0103ri, program\u0103ri \u0219i pl\u0103\u021bi. Cu ParentFlow Connect\u2122, fiecare ac\u021biune r\u0103m\u00e2ne pe site-ul dvs. web, men\u021bin\u00e2nd clien\u021bii complet implica\u021bi \u00een brandul dvs. <\/p>\n<\/li>\n<li>\n<p><strong>Zon\u0103 client cu brand unificat<\/strong><br \/>ParentFlow Connect\u2122 nu este doar un portal; este o zon\u0103 client dedicat\u0103, personalizabil\u0103, integrat\u0103 \u00een site-ul dvs., astfel \u00eenc\u00e2t p\u0103rin\u021bii interac\u021bioneaz\u0103 direct cu brandul dvs. la fiecare pas.<\/p>\n<\/li>\n<li>\n<p><strong>F\u0103r\u0103 parol\u0103 \u0219i f\u0103r\u0103 fric\u021biuni<\/strong><br \/>P\u0103rin\u021bii se pot angaja rapid, f\u0103r\u0103 a fi nevoi\u021bi s\u0103 se conecteze suplimentar, reduc\u00e2nd complexitatea \u0219i sporind u\u0219urin\u021ba de utilizare.<\/p>\n<\/li>\n<\/ol>\n<p><strong>ParentFlow Connect\u2122<\/strong> de la Zooza ofer\u0103 o abordare unic\u0103, patentat\u0103, care men\u021bine leg\u0103tura dintre p\u0103rin\u021bi \u0219i brandul dvs. la fiecare interac\u021biune, oferind o experien\u021b\u0103 la fa\u021ba locului f\u0103r\u0103 probleme, adaptat\u0103 la nevoile dvs.<\/p>\n\t\t\t\t\t\t\t\t<\/div>\n\t\t\t\t<\/div>\n\t\t\t\t<\/div>\n\t\t\t\t\t<\/div>\n\t\t\t\t<\/div>\n\t\t<div class=\"elementor-element elementor-element-d336e98 e-flex e-con-boxed e-con e-parent\" data-id=\"d336e98\" data-element_type=\"container\" data-e-type=\"container\">\n\t\t\t\t\t<div class=\"e-con-inner\">\n\t\t<div class=\"elementor-element elementor-element-8ea8d71 e-con-full e-flex e-con e-child\" data-id=\"8ea8d71\" data-element_type=\"container\" data-e-type=\"container\">\n\t\t<div class=\"elementor-element elementor-element-7b433e4 e-con-full e-flex e-con e-child\" data-id=\"7b433e4\" data-element_type=\"container\" data-e-type=\"container\" data-settings=\"{&quot;background_background&quot;:&quot;classic&quot;}\">\n\t\t<div class=\"elementor-element elementor-element-3c88239 e-flex e-con-boxed e-con e-child\" data-id=\"3c88239\" data-element_type=\"container\" data-e-type=\"container\" data-settings=\"{&quot;background_background&quot;:&quot;classic&quot;}\">\n\t\t\t\t\t<div class=\"e-con-inner\">\n\t\t<div class=\"elementor-element elementor-element-324c64e e-con-full e-flex e-con e-child\" data-id=\"324c64e\" data-element_type=\"container\" data-e-type=\"container\">\n\t\t\t\t<div class=\"elementor-element elementor-element-da3ee3a elementor-headline--style-highlight elementor-invisible elementor-widget elementor-widget-animated-headline\" data-id=\"da3ee3a\" data-element_type=\"widget\" data-e-type=\"widget\" data-settings=\"{&quot;highlighted_text&quot;:&quot;Economisi\\u021bi p\\u00e2n\\u0103 la 70%&quot;,&quot;_animation&quot;:&quot;fadeInUp&quot;,&quot;marker&quot;:&quot;double_underline&quot;,&quot;headline_style&quot;:&quot;highlight&quot;,&quot;loop&quot;:&quot;yes&quot;,&quot;highlight_animation_duration&quot;:1200,&quot;highlight_iteration_delay&quot;:8000}\" data-widget_type=\"animated-headline.default\">\n\t\t\t\t\t\t\t<h2 class=\"elementor-headline\">\n\t\t\t\t<span class=\"elementor-headline-dynamic-wrapper elementor-headline-text-wrapper\">\n\t\t\t\t\t<span class=\"elementor-headline-dynamic-text elementor-headline-text-active\">Economisi\u021bi p\u00e2n\u0103 la 70%<\/span>\n\t\t\t\t<\/span>\n\t\t\t\t\t<span class=\"elementor-headline-plain-text elementor-headline-text-wrapper\">pe Instrumente cu Zooza ast\u0103zi!<\/span>\n\t\t\t\t\t<\/h2>\n\t\t\t\t\t\t<\/div>\n\t\t\t\t<div class=\"elementor-element elementor-element-60a4051 elementor-invisible elementor-widget elementor-widget-heading\" data-id=\"60a4051\" data-element_type=\"widget\" data-e-type=\"widget\" data-settings=\"{&quot;_animation&quot;:&quot;fadeIn&quot;}\" data-widget_type=\"heading.default\">\n\t\t\t\t\t<h4 class=\"elementor-heading-title elementor-size-default\">Descoperi\u021bi pre\u021buri flexibile care se adapteaz\u0103 la cre\u0219terea dvs. \u0219i se potrivesc bazei dvs. de clien\u021bi.<\/h4>\t\t\t\t<\/div>\n\t\t\t\t<div class=\"elementor-element elementor-element-498a15e elementor-widget__width-auto cool-button elementor-align-right elementor-widget elementor-widget-button\" data-id=\"498a15e\" data-element_type=\"widget\" data-e-type=\"widget\" data-widget_type=\"button.default\">\n\t\t\t\t\t\t\t\t\t\t<a class=\"elementor-button elementor-button-link elementor-size-md elementor-animation-grow\" href=\"https:\/\/www.zooza.online\/features\/\">\n\t\t\t\t\t\t<span class=\"elementor-button-content-wrapper\">\n\t\t\t\t\t\t<span class=\"elementor-button-icon\">\n\t\t\t\t<i aria-hidden=\"true\" class=\"fas fa-arrow-right\"><\/i>\t\t\t<\/span>\n\t\t\t\t\t\t\t\t\t<span class=\"elementor-button-text\">A se vedea Valoare pentru bani<\/span>\n\t\t\t\t\t<\/span>\n\t\t\t\t\t<\/a>\n\t\t\t\t\t\t\t\t<\/div>\n\t\t\t\t<\/div>\n\t\t\t\t\t<\/div>\n\t\t\t\t<\/div>\n\t\t\t\t<\/div>\n\t\t\t\t<\/div>\n\t\t\t\t\t<\/div>\n\t\t\t\t<\/div>\n\t\t\t\t<\/div>\n\t\t","protected":false},"excerpt":{"rendered":"<p>P\u0103stra\u021bi leg\u0103tura cu p\u0103rin\u021bii, On-Brand \u0219i On-Site P\u0103rin\u021bii se a\u0219teapt\u0103 la acces u\u0219or pentru a gestiona prezen\u021ba, pl\u0103\u021bile \u0219i orarele &#8211; totul f\u0103r\u0103 a p\u0103r\u0103si site-ul dvs. ParentFlow Connect\u2122 ofer\u0103 o zon\u0103 pentru clien\u021bi complet personalizat\u0103, la fa\u021ba locului, care face ca gestionarea fiec\u0103rei interac\u021biuni s\u0103 fie simpl\u0103 \u0219i f\u0103r\u0103 cusur, consolid\u00e2nd marca dvs. la [&hellip;]<\/p>\n","protected":false},"author":2,"featured_media":0,"parent":21762,"menu_order":0,"comment_status":"closed","ping_status":"closed","template":"","meta":{"_acf_changed":false,"footnotes":""},"class_list":["post-21649","page","type-page","status-publish","hentry"],"acf":[],"_links":{"self":[{"href":"https:\/\/www.zooza.online\/ro\/wp-json\/wp\/v2\/pages\/21649","targetHints":{"allow":["GET"]}}],"collection":[{"href":"https:\/\/www.zooza.online\/ro\/wp-json\/wp\/v2\/pages"}],"about":[{"href":"https:\/\/www.zooza.online\/ro\/wp-json\/wp\/v2\/types\/page"}],"author":[{"embeddable":true,"href":"https:\/\/www.zooza.online\/ro\/wp-json\/wp\/v2\/users\/2"}],"replies":[{"embeddable":true,"href":"https:\/\/www.zooza.online\/ro\/wp-json\/wp\/v2\/comments?post=21649"}],"version-history":[{"count":1,"href":"https:\/\/www.zooza.online\/ro\/wp-json\/wp\/v2\/pages\/21649\/revisions"}],"predecessor-version":[{"id":31374,"href":"https:\/\/www.zooza.online\/ro\/wp-json\/wp\/v2\/pages\/21649\/revisions\/31374"}],"up":[{"embeddable":true,"href":"https:\/\/www.zooza.online\/ro\/wp-json\/wp\/v2\/pages\/21762"}],"wp:attachment":[{"href":"https:\/\/www.zooza.online\/ro\/wp-json\/wp\/v2\/media?parent=21649"}],"curies":[{"name":"wp","href":"https:\/\/api.w.org\/{rel}","templated":true}]}}