{"id":21667,"date":"2024-11-07T14:47:36","date_gmt":"2024-11-07T14:47:36","guid":{"rendered":"https:\/\/www.zooza.online\/facturare-locala-si-internationala-solutii-flexibile-pentru-reteaua-dumneavoastra-globala-de-francize\/"},"modified":"2024-12-10T09:04:32","modified_gmt":"2024-12-10T09:04:32","slug":"facturare-locala-si-internationala-solutii-flexibile-pentru-reteaua-dumneavoastra-globala-de-francize","status":"publish","type":"page","link":"https:\/\/www.zooza.online\/ro\/valoare-pentru-bani-o-platforma-pentru-a-va-dezvolta-brandul-si-a-reduce-costurile\/facturare-locala-si-internationala-solutii-flexibile-pentru-reteaua-dumneavoastra-globala-de-francize\/","title":{"rendered":"Facturare local\u0103 \u0219i interna\u021bional\u0103: Solu\u021bii flexibile pentru re\u021beaua dumneavoastr\u0103 global\u0103 de francize"},"content":{"rendered":"\t\t<div data-elementor-type=\"wp-page\" data-elementor-id=\"21667\" class=\"elementor elementor-21667 elementor-21298\" data-elementor-post-type=\"page\">\n\t\t\t\t<div class=\"elementor-element elementor-element-87657bd e-con-full e-flex e-con e-parent\" data-id=\"87657bd\" data-element_type=\"container\" data-e-type=\"container\">\n\t\t<div class=\"elementor-element elementor-element-1022732 e-con-full e-flex e-con e-child\" data-id=\"1022732\" data-element_type=\"container\" data-e-type=\"container\">\n\t\t<div class=\"elementor-element elementor-element-183bd61 e-con-full e-flex e-con e-child\" data-id=\"183bd61\" data-element_type=\"container\" data-e-type=\"container\" data-settings=\"{&quot;background_background&quot;:&quot;classic&quot;}\">\n\t\t<div class=\"elementor-element elementor-element-49e0f08 e-flex e-con-boxed e-con e-child\" data-id=\"49e0f08\" data-element_type=\"container\" data-e-type=\"container\">\n\t\t\t\t\t<div class=\"e-con-inner\">\n\t\t<div class=\"elementor-element elementor-element-8d8c5db e-con-full e-flex e-con e-child\" data-id=\"8d8c5db\" data-element_type=\"container\" data-e-type=\"container\">\n\t\t<div class=\"elementor-element elementor-element-746c0d6 e-con-full e-flex e-con e-child\" data-id=\"746c0d6\" data-element_type=\"container\" data-e-type=\"container\">\n\t\t\t\t<div class=\"elementor-element elementor-element-4a24b16 elementor-widget__width-initial elementor-headline--style-highlight elementor-widget elementor-widget-animated-headline\" data-id=\"4a24b16\" data-element_type=\"widget\" data-e-type=\"widget\" data-settings=\"{&quot;highlighted_text&quot;:&quot;Solu\\u021bii flexibile&quot;,&quot;marker&quot;:&quot;underline&quot;,&quot;headline_style&quot;:&quot;highlight&quot;,&quot;loop&quot;:&quot;yes&quot;,&quot;highlight_animation_duration&quot;:1200,&quot;highlight_iteration_delay&quot;:8000}\" data-widget_type=\"animated-headline.default\">\n\t\t\t\t\t\t\t<h1 class=\"elementor-headline\">\n\t\t\t\t\t<span class=\"elementor-headline-plain-text elementor-headline-text-wrapper\">Facturare local\u0103 \u0219i interna\u021bional\u0103:<\/span>\n\t\t\t\t<span class=\"elementor-headline-dynamic-wrapper elementor-headline-text-wrapper\">\n\t\t\t\t\t<span class=\"elementor-headline-dynamic-text elementor-headline-text-active\">Solu\u021bii flexibile<\/span>\n\t\t\t\t<\/span>\n\t\t\t\t\t<span class=\"elementor-headline-plain-text elementor-headline-text-wrapper\">  pentru re\u021beaua dumneavoastr\u0103 global\u0103 de francize<\/span>\n\t\t\t\t\t<\/h1>\n\t\t\t\t\t\t<\/div>\n\t\t\t\t<\/div>\n\t\t<div class=\"elementor-element elementor-element-14a0665 e-con-full e-flex e-con e-child\" data-id=\"14a0665\" data-element_type=\"container\" data-e-type=\"container\">\n\t\t\t\t<div class=\"elementor-element elementor-element-bb98b1c elementor-widget__width-initial elementor-widget elementor-widget-heading\" data-id=\"bb98b1c\" data-element_type=\"widget\" data-e-type=\"widget\" data-widget_type=\"heading.default\">\n\t\t\t\t\t<p class=\"elementor-heading-title elementor-size-default\">Solu\u021biile de facturare Zooza sunt concepute pentru a r\u0103spunde nevoilor proprietarilor de francize care gestioneaz\u0103 cursuri pentru copii \u00een mai multe \u021b\u0103ri \u0219i regiuni. \u00cen\u021belegem complexitatea gestion\u0103rii factur\u0103rii locale \u0219i interna\u021bionale, fiecare pia\u021b\u0103 prezent\u00e2nd cerin\u021be unice \u00een ceea ce prive\u0219te metodele de plat\u0103, facturarea \u0219i raportarea. Instrumentele noastre v\u0103 permit s\u0103 gestiona\u021bi finan\u021bele f\u0103r\u0103 probleme dincolo de grani\u021be, asigur\u00e2nd consecven\u021b\u0103 \u0219i u\u0219urin\u021b\u0103 \u00een opera\u021biunile locale \u0219i interna\u021bionale.  <\/p>\t\t\t\t<\/div>\n\t\t\t\t<\/div>\n\t\t\t\t<\/div>\n\t\t\t\t\t<\/div>\n\t\t\t\t<\/div>\n\t\t\t\t<\/div>\n\t\t\t\t<\/div>\n\t\t\t\t<\/div>\n\t\t<div class=\"elementor-element elementor-element-4b6b926 e-flex e-con-boxed e-con e-parent\" data-id=\"4b6b926\" data-element_type=\"container\" data-e-type=\"container\">\n\t\t\t\t\t<div class=\"e-con-inner\">\n\t\t<div class=\"elementor-element elementor-element-3fb7086 e-con-full e-flex e-con e-child\" data-id=\"3fb7086\" data-element_type=\"container\" data-e-type=\"container\">\n\t\t\t\t<div class=\"elementor-element elementor-element-105992c elementor-headline--style-highlight elementor-widget elementor-widget-animated-headline\" data-id=\"105992c\" data-element_type=\"widget\" data-e-type=\"widget\" data-settings=\"{&quot;highlighted_text&quot;:&quot;Local \\u0219i interna\\u021bional  &quot;,&quot;headline_style&quot;:&quot;highlight&quot;,&quot;marker&quot;:&quot;circle&quot;,&quot;loop&quot;:&quot;yes&quot;,&quot;highlight_animation_duration&quot;:1200,&quot;highlight_iteration_delay&quot;:8000}\" data-widget_type=\"animated-headline.default\">\n\t\t\t\t\t\t\t<h2 class=\"elementor-headline\">\n\t\t\t\t\t<span class=\"elementor-headline-plain-text elementor-headline-text-wrapper\">Zooza's  <\/span>\n\t\t\t\t<span class=\"elementor-headline-dynamic-wrapper elementor-headline-text-wrapper\">\n\t\t\t\t\t<span class=\"elementor-headline-dynamic-text elementor-headline-text-active\">Local \u0219i interna\u021bional  <\/span>\n\t\t\t\t<\/span>\n\t\t\t\t\t<span class=\"elementor-headline-plain-text elementor-headline-text-wrapper\">Capacit\u0103\u021bi de facturare<\/span>\n\t\t\t\t\t<\/h2>\n\t\t\t\t\t\t<\/div>\n\t\t\t\t<div class=\"elementor-element elementor-element-8e4f794 elementor-widget elementor-widget-spacer\" data-id=\"8e4f794\" data-element_type=\"widget\" data-e-type=\"widget\" data-widget_type=\"spacer.default\">\n\t\t\t\t\t\t\t<div class=\"elementor-spacer\">\n\t\t\t<div class=\"elementor-spacer-inner\"><\/div>\n\t\t<\/div>\n\t\t\t\t\t\t<\/div>\n\t\t\t\t<div class=\"elementor-element elementor-element-57bd659 elementor-widget elementor-widget-text-editor\" data-id=\"57bd659\" data-element_type=\"widget\" data-e-type=\"widget\" data-widget_type=\"text-editor.default\">\n\t\t\t\t\t\t\t\t\t<h3>1. <strong>\u00cencasare flexibil\u0103 a pl\u0103\u021bilor pentru pie\u021bele locale \u0219i interna\u021bionale<\/strong><\/h3>\n<p>Zooza suport\u0103 o gam\u0103 larg\u0103 de metode de plat\u0103 pentru a le facilita franciza\u021bilor colectarea pl\u0103\u021bilor, indiferent dac\u0103 acestea sunt locale sau interna\u021bionale.<\/p>\n<ul>\n<li><strong>Procesarea pl\u0103\u021bilor cu cardul<\/strong>: Integrat cu Stripe \u0219i Tatra banka pentru tranzac\u021bii securizate cu cardul<\/li>\n<li><strong>Transferuri bancare \u0219i debitare direct\u0103 SEPA<\/strong>: Disponibil prin GoCardless pentru transferuri bancare \u0219i pl\u0103\u021bi prin debit peste grani\u021be<\/li>\n<li><strong>Op\u021biuni de numerar \u0219i \u00eenregistrare manual\u0103<\/strong>: Op\u021biuni pentru pl\u0103\u021bi \u00een numerar \u0219i intr\u0103ri manuale (transferuri bancare) pentru nevoi localizate<\/li>\n<\/ul>\n<p><strong>Planuri de viitor:<\/strong><br \/>Inten\u021bion\u0103m s\u0103 introducem metode de plat\u0103 locale suplimentare adaptate pie\u021belor specifice, adapt\u00e2ndu-ne la nevoile \u0219i preferin\u021bele locale \u00een func\u021bie de cerere \u0219i de poten\u021bialul pie\u021bei.<\/p>\n\t\t\t\t\t\t\t\t<\/div>\n\t\t\t\t<div class=\"elementor-element elementor-element-91e7669 elementor-widget elementor-widget-text-editor\" data-id=\"91e7669\" data-element_type=\"widget\" data-e-type=\"widget\" data-widget_type=\"text-editor.default\">\n\t\t\t\t\t\t\t\t\t<div class=\"flex-shrink-0 flex flex-col relative items-end\">\n<div class=\"pt-0\">\n<div class=\"gizmo-bot-avatar flex h-8 w-8 items-center justify-center overflow-hidden rounded-full\">\n<div class=\"relative p-1 rounded-sm flex items-center justify-center bg-token-main-surface-primary text-token-text-primary h-8 w-8\">\n<h3>2. <strong>Factur\u0103 complet\u0103 \u0219i export de date contabile<\/strong><\/h3>\n<p>Func\u021biile de facturare \u0219i export de date ale Zooza faciliteaz\u0103 generarea documentelor contabile pentru francizele locale \u0219i interna\u021bionale, simplific\u00e2nd conformitatea \u0219i raportarea financiar\u0103.<\/p>\n<ul>\n<li><strong>Generarea facturilor<\/strong>: Emiterea automat\u0103 a facturilor, \u00eendeplinind diverse cerin\u021be de facturare \u00een func\u021bie de regiune<\/li>\n<li><strong>Export de date contabile<\/strong>: Date preg\u0103tite pentru export pentru transferul f\u0103r\u0103 probleme c\u0103tre platforme de contabilitate populare, sprijinind conformitatea local\u0103<\/li>\n<\/ul>\n<p><strong>Planuri de viitor:<br \/><\/strong>Explor\u0103m op\u021biunile de integrare cu sistemele \u0219i standardele contabile locale populare, \u00een func\u021bie de nevoile francizei. Cu toate acestea, integrarea complet\u0103 cu software-ul local de contabilitate poate fi specific\u0103 clientului \u0219i ar putea necesita solu\u021bii personalizate. <\/p>\n<p><strong>Ce nu va oferi Zooza:<\/strong><br \/>Integrarea serviciilor complete de contabilitate sau opera\u021biunile directe de contabilitate nu fac parte din domeniul de aplicare al Zooza.<\/p>\n<\/div>\n<\/div>\n<\/div>\n<\/div>\n\t\t\t\t\t\t\t\t<\/div>\n\t\t\t\t<div class=\"elementor-element elementor-element-2257d9c elementor-widget elementor-widget-text-editor\" data-id=\"2257d9c\" data-element_type=\"widget\" data-e-type=\"widget\" data-widget_type=\"text-editor.default\">\n\t\t\t\t\t\t\t\t\t<div class=\"flex-shrink-0 flex flex-col relative items-end\">\n<div class=\"pt-0\">\n<div class=\"gizmo-bot-avatar flex h-8 w-8 items-center justify-center overflow-hidden rounded-full\">\n<div class=\"relative p-1 rounded-sm flex items-center justify-center bg-token-main-surface-primary text-token-text-primary h-8 w-8\">\n<h3>3. <strong>Raportarea performan\u021bei locale \u0219i globale a francizei<\/strong><\/h3>\n<p>Capacit\u0103\u021bile de raportare ale Zooza permit proprietarilor de francize s\u0103 compare performan\u021ba francizelor individuale la nivel local \u0219i interna\u021bional, facilit\u00e2nd \u00een acela\u0219i timp calcularea redeven\u021belor.<\/p>\n<ul>\n<li><strong>Rapoarte privind performan\u021ba re\u021belei<\/strong>: Vizualizare unificat\u0103 a performan\u021bei francizei, at\u00e2t la nivel local, c\u00e2t \u0219i global<\/li>\n<li><strong>Calcularea redeven\u021belor<\/strong>: Simplific\u0103 urm\u0103rirea \u0219i calcularea redeven\u021belor \u00eentre regiuni<\/li>\n<\/ul>\n<p><strong>Planuri de viitor:<\/strong><br \/>Suntem \u00een curs de dezvoltare a unui instrument de raportare \u00eembun\u0103t\u0103\u021bit pentru a oferi informa\u021bii detaliate privind performan\u021ba francizei individuale \u0219i urm\u0103rirea redeven\u021belor, cu capacit\u0103\u021bi de a sprijini at\u00e2t re\u021belele de franciz\u0103 locale, c\u00e2t \u0219i cele interna\u021bionale.<\/p>\n<\/div>\n<\/div>\n<\/div>\n<\/div>\n\t\t\t\t\t\t\t\t<\/div>\n\t\t\t\t<div class=\"elementor-element elementor-element-c6c410e elementor-widget elementor-widget-text-editor\" data-id=\"c6c410e\" data-element_type=\"widget\" data-e-type=\"widget\" data-widget_type=\"text-editor.default\">\n\t\t\t\t\t\t\t\t\t<div class=\"flex-shrink-0 flex flex-col relative items-end\">\n<div class=\"pt-0\">\n<div class=\"gizmo-bot-avatar flex h-8 w-8 items-center justify-center overflow-hidden rounded-full\">\n<div class=\"relative p-1 rounded-sm flex items-center justify-center bg-token-main-surface-primary text-token-text-primary h-8 w-8\">\n<h3><strong>De ce facturarea local\u0103 \u0219i interna\u021bional\u0103 de la Zooza iese \u00een eviden\u021b\u0103<\/strong><\/h3>\n<p>Sistemul de facturare Zooza se adapteaz\u0103 la nevoile unice ale proprietarilor de francize cu mai multe pie\u021be, oferind o solu\u021bie de facturare coerent\u0103 at\u00e2t pentru opera\u021biunile locale, c\u00e2t \u0219i pentru cele interna\u021bionale. Suport\u00e2nd diverse metode de plat\u0103, facturare localizat\u0103 \u0219i raportare la nivel de re\u021bea, Zooza permite francizelor s\u0103 opereze consecvent \u0219i eficient \u00een orice pia\u021b\u0103. <\/p>\n<\/div>\n<\/div>\n<\/div>\n<\/div>\n\t\t\t\t\t\t\t\t<\/div>\n\t\t\t\t<\/div>\n\t\t\t\t\t<\/div>\n\t\t\t\t<\/div>\n\t\t<div class=\"elementor-element elementor-element-9de0b93 e-flex e-con-boxed e-con e-parent\" data-id=\"9de0b93\" data-element_type=\"container\" data-e-type=\"container\">\n\t\t\t\t\t<div class=\"e-con-inner\">\n\t\t<div class=\"elementor-element elementor-element-3d2f0cc e-con-full e-flex e-con e-child\" data-id=\"3d2f0cc\" data-element_type=\"container\" data-e-type=\"container\" data-settings=\"{&quot;background_background&quot;:&quot;classic&quot;}\">\n\t\t<div class=\"elementor-element elementor-element-9d16527 e-flex e-con-boxed e-con e-child\" data-id=\"9d16527\" data-element_type=\"container\" data-e-type=\"container\" data-settings=\"{&quot;background_background&quot;:&quot;classic&quot;}\">\n\t\t\t\t\t<div class=\"e-con-inner\">\n\t\t<div class=\"elementor-element elementor-element-bc2b283 e-con-full e-flex e-con e-child\" data-id=\"bc2b283\" data-element_type=\"container\" data-e-type=\"container\">\n\t\t\t\t<div class=\"elementor-element elementor-element-348e622 elementor-headline--style-highlight elementor-invisible elementor-widget elementor-widget-animated-headline\" data-id=\"348e622\" data-element_type=\"widget\" data-e-type=\"widget\" data-settings=\"{&quot;highlighted_text&quot;:&quot;Economisi\\u021bi p\\u00e2n\\u0103 la 70%&quot;,&quot;_animation&quot;:&quot;fadeInUp&quot;,&quot;marker&quot;:&quot;double_underline&quot;,&quot;headline_style&quot;:&quot;highlight&quot;,&quot;loop&quot;:&quot;yes&quot;,&quot;highlight_animation_duration&quot;:1200,&quot;highlight_iteration_delay&quot;:8000}\" data-widget_type=\"animated-headline.default\">\n\t\t\t\t\t\t\t<h2 class=\"elementor-headline\">\n\t\t\t\t<span class=\"elementor-headline-dynamic-wrapper elementor-headline-text-wrapper\">\n\t\t\t\t\t<span class=\"elementor-headline-dynamic-text elementor-headline-text-active\">Economisi\u021bi p\u00e2n\u0103 la 70%<\/span>\n\t\t\t\t<\/span>\n\t\t\t\t\t<span class=\"elementor-headline-plain-text elementor-headline-text-wrapper\">pe Instrumente cu Zooza ast\u0103zi!<\/span>\n\t\t\t\t\t<\/h2>\n\t\t\t\t\t\t<\/div>\n\t\t\t\t<div class=\"elementor-element elementor-element-24423f5 elementor-invisible elementor-widget elementor-widget-heading\" data-id=\"24423f5\" data-element_type=\"widget\" data-e-type=\"widget\" data-settings=\"{&quot;_animation&quot;:&quot;fadeIn&quot;}\" data-widget_type=\"heading.default\">\n\t\t\t\t\t<h4 class=\"elementor-heading-title elementor-size-default\">Descoperi\u021bi pre\u021buri flexibile care se adapteaz\u0103 la cre\u0219terea dvs. \u0219i se potrivesc bazei dvs. de clien\u021bi.<\/h4>\t\t\t\t<\/div>\n\t\t\t\t<div class=\"elementor-element elementor-element-3fe4ec5 elementor-widget__width-auto cool-button elementor-align-right elementor-widget elementor-widget-button\" data-id=\"3fe4ec5\" data-element_type=\"widget\" data-e-type=\"widget\" data-widget_type=\"button.default\">\n\t\t\t\t\t\t\t\t\t\t<a class=\"elementor-button elementor-button-link elementor-size-md elementor-animation-grow\" href=\"https:\/\/www.zooza.online\/features\/\">\n\t\t\t\t\t\t<span class=\"elementor-button-content-wrapper\">\n\t\t\t\t\t\t<span class=\"elementor-button-icon\">\n\t\t\t\t<i aria-hidden=\"true\" class=\"fas fa-arrow-right\"><\/i>\t\t\t<\/span>\n\t\t\t\t\t\t\t\t\t<span class=\"elementor-button-text\">A se vedea Valoare pentru bani<\/span>\n\t\t\t\t\t<\/span>\n\t\t\t\t\t<\/a>\n\t\t\t\t\t\t\t\t<\/div>\n\t\t\t\t<\/div>\n\t\t\t\t\t<\/div>\n\t\t\t\t<\/div>\n\t\t\t\t<\/div>\n\t\t\t\t\t<\/div>\n\t\t\t\t<\/div>\n\t\t\t\t<\/div>\n\t\t","protected":false},"excerpt":{"rendered":"<p>Facturare local\u0103 \u0219i interna\u021bional\u0103: Solu\u021bii flexibile pentru re\u021beaua dumneavoastr\u0103 global\u0103 de francize Solu\u021biile de facturare Zooza sunt concepute pentru a r\u0103spunde nevoilor proprietarilor de francize care gestioneaz\u0103 cursuri pentru copii \u00een mai multe \u021b\u0103ri \u0219i regiuni. \u00cen\u021belegem complexitatea gestion\u0103rii factur\u0103rii locale \u0219i interna\u021bionale, fiecare pia\u021b\u0103 prezent\u00e2nd cerin\u021be unice \u00een ceea ce prive\u0219te metodele de plat\u0103, [&hellip;]<\/p>\n","protected":false},"author":2,"featured_media":0,"parent":21762,"menu_order":0,"comment_status":"closed","ping_status":"closed","template":"","meta":{"_acf_changed":false,"footnotes":""},"class_list":["post-21667","page","type-page","status-publish","hentry"],"acf":[],"_links":{"self":[{"href":"https:\/\/www.zooza.online\/ro\/wp-json\/wp\/v2\/pages\/21667","targetHints":{"allow":["GET"]}}],"collection":[{"href":"https:\/\/www.zooza.online\/ro\/wp-json\/wp\/v2\/pages"}],"about":[{"href":"https:\/\/www.zooza.online\/ro\/wp-json\/wp\/v2\/types\/page"}],"author":[{"embeddable":true,"href":"https:\/\/www.zooza.online\/ro\/wp-json\/wp\/v2\/users\/2"}],"replies":[{"embeddable":true,"href":"https:\/\/www.zooza.online\/ro\/wp-json\/wp\/v2\/comments?post=21667"}],"version-history":[{"count":0,"href":"https:\/\/www.zooza.online\/ro\/wp-json\/wp\/v2\/pages\/21667\/revisions"}],"up":[{"embeddable":true,"href":"https:\/\/www.zooza.online\/ro\/wp-json\/wp\/v2\/pages\/21762"}],"wp:attachment":[{"href":"https:\/\/www.zooza.online\/ro\/wp-json\/wp\/v2\/media?parent=21667"}],"curies":[{"name":"wp","href":"https:\/\/api.w.org\/{rel}","templated":true}]}}