{"id":25769,"date":"2025-03-21T11:12:52","date_gmt":"2025-03-21T11:12:52","guid":{"rendered":"https:\/\/www.zooza.online\/povesti-ale-clientilor\/povestea-clientului-baby-balance-de-la-300-de-clienti-la-un-brand-multinational-cu-zooza\/"},"modified":"2025-05-21T04:20:49","modified_gmt":"2025-05-21T04:20:49","slug":"povestea-clientului-baby-balance-de-la-300-de-clienti-la-un-brand-multinational-cu-zooza","status":"publish","type":"page","link":"https:\/\/www.zooza.online\/ro\/povesti-ale-clientilor\/povestea-clientului-baby-balance-de-la-300-de-clienti-la-un-brand-multinational-cu-zooza\/","title":{"rendered":"Povestea clientului: Baby Balance de la 300 de clien\u021bi la un brand multina\u021bional cu Zooza"},"content":{"rendered":"\n<p><strong>&#8222;Aveam nevoie de un sistem. Cu at\u00e2t de multe \u00eenregistr\u0103ri, nu mai puteam gestiona lucrurile manual. Zooza a ascultat nevoile noastre \u00een acest domeniu foarte specific al educa\u021biei timpurii \u0219i activit\u0103\u021bilor pentru p\u0103rin\u021bi \u0219i copii.&#8221;<\/strong><br \/>\u2014 <em>Sa\u0161a Ragas, Fondatorul Baby Balance<\/em><\/p>\n\n<p>Baby Balance a \u00eenceput \u00een 2016, c\u00e2nd fondatorul Sa\u0161a Ragas lucra cu aproximativ 300 de clien\u021bi \u0219i c\u00e2\u021biva instructori. Ceea ce a \u00eenceput ca un brand local axat pe dezvoltarea psihomotorie s\u0103n\u0103toas\u0103 pentru bebelu\u0219i \u0219i copii mici s-a transformat \u00eentr-o franciz\u0103 multina\u021bional\u0103 cu zeci de loca\u021bii \u0219i parteneri peste grani\u021be. <\/p>\n\n<div style=\"height:100px\" aria-hidden=\"true\" class=\"wp-block-spacer\"><\/div>\n\n<h3 class=\"wp-block-heading\"><strong>Etapa 1: gestionarea cererii locale <\/strong><\/h3>\n\n<p>La \u00eenceput, nevoile erau simple, dar intense: gestionarea a peste 1.000 de solicit\u0103ri lunare de la p\u0103rin\u021bi care doreau s\u0103 \u0219tie unde \u0219i c\u00e2nd s\u0103 participe la cursuri, ce instructor le-a fost alocat \u0219i cum s\u0103 reprogrameze sau s\u0103 pl\u0103teasc\u0103 dac\u0103 copilul lor era bolnav. Sarcinile administrative erau cople\u0219itoare. <\/p>\n\n<p><strong>Solu\u021bia cu Zooza:<\/strong><\/p>\n\n<ul class=\"wp-block-list\">\n<li><strong>\u00cenregistrare:<\/strong> Un formular de \u00eenregistrare complet integrat pe site-ul Baby Balance a ajutat p\u0103rin\u021bii s\u0103 aleag\u0103 cu u\u0219urin\u021b\u0103 grupul potrivit \u00een func\u021bie de v\u00e2rst\u0103 \u0219i s\u0103 vad\u0103 intervalele de timp disponibile \u00een func\u021bie de capacitate.<\/li>\n\n\n\n<li><strong>List\u0103 de a\u0219teptare \u0219i notific\u0103ri:<\/strong> List\u0103 de a\u0219teptare integrat\u0103 cu actualiz\u0103ri automate \u0219i mementouri.<\/li>\n\n\n\n<li><strong>Zona P\u0103rin\u021bilor:<\/strong> Zooza a permis un &#8222;profil de p\u0103rinte&#8221; integrat direct \u00een site, unde p\u0103rin\u021bii puteau gestiona prezen\u021ba, pl\u0103\u021bile \u0219i detaliile cursurilor f\u0103r\u0103 a avea nevoie de o parol\u0103\u2014datorit\u0103 inovativului <strong>link magic<\/strong> pentru autentificare.<\/li>\n<\/ul>\n\n<div style=\"height:100px\" aria-hidden=\"true\" class=\"wp-block-spacer\"><\/div>\n\n<h3 class=\"wp-block-heading\"><strong>Etapa 2: scalarea cu francize<\/strong><\/h3>\n\n<p>Pe m\u0103sur\u0103 ce conceptul Baby Balance a c\u00e2\u0219tigat popularitate, a \u00eenceput s\u0103 atrag\u0103 antreprenori interesa\u021bi de francizarea brandului. Dar francizarea nu este doar despre metodologie\u2014este despre procese. Fiecare nou\u0103 franciz\u0103 a mo\u0219tenit tehnologia \u0219i sistemele gata de utilizare ale Zooza.  <\/p>\n\n<p><strong>Caracteristici cheie care sus\u021bin cre\u0219terea:<\/strong><\/p>\n\n<ul class=\"wp-block-list\">\n<li><strong>Management unificat al francizei:<\/strong> Un singur instrument pentru toate francizele, cu rapoarte standardizate \u0219i sisteme de v\u00e2nz\u0103ri.<\/li>\n\n\n\n<li><strong>Raportare de re\u021bea:<\/strong> Perspective asupra datelor \u00eentre loca\u021bii pentru management.<\/li>\n\n\n\n<li><strong>Caracteristici \u00eentre francize:<\/strong> Capacitatea de a gestiona clasele de \u00eenlocuire \u00eentre loca\u021bii.<\/li>\n\n\n\n<li><strong>Suport pentru v\u00e2nz\u0103ri:<\/strong> Afi\u0219area cursurilor actuale \u00een toate loca\u021biile, simplific\u00e2nd decizia clien\u021bilor.<\/li>\n\n\n\n<li><strong>Controlul brandului:<\/strong> \u0218abloane centralizate \u0219i instrumente de comunicare asigur\u0103 o voce consistent\u0103 a brandului.<\/li>\n\n\n\n<li><strong>Localizare:<\/strong> Suport pentru diferite \u021b\u0103ri, monede, preferin\u021be de plat\u0103 \u0219i s\u0103rb\u0103tori na\u021bionale.<\/li>\n\n\n\n<li><strong>Acces API:<\/strong> Pe m\u0103sur\u0103 ce brandul a crescut, nevoile avansate de integrare au fost satisf\u0103cute cu documenta\u021bia pentru dezvoltatori \u0219i instrumentele integrate ale Zooza.<\/li>\n<\/ul>\n\n<div style=\"height:100px\" aria-hidden=\"true\" class=\"wp-block-spacer\"><\/div>\n\n<h3 class=\"wp-block-heading\"><strong>Etapa 3: opera\u021biuni avansate cu peste 1.000 de clien\u021bi<\/strong><\/h3>\n\n<p>Cu scalarea a venit complexitatea\u2014\u0219i Zooza a continuat s\u0103 creasc\u0103 al\u0103turi de Baby Balance.<\/p>\n\n<p><strong>Instrumente avansate \u00een utilizare:<\/strong><\/p>\n\n<ul class=\"wp-block-list\">\n<li><strong>CRM &amp; managementul c\u0103l\u0103toriei clientului<\/strong><\/li>\n\n\n\n<li><strong>Comunicare de marketing &amp; mementouri automate<\/strong><\/li>\n\n\n\n<li><strong>Oferte extinse:<\/strong> De la cursuri \u00een persoan\u0103 la webinarii \u0219i transmisii live.<\/li>\n\n\n\n<li><strong>Raportare HR:<\/strong> Calculul pl\u0103\u021bii tutorilor \u00een func\u021bie de vechime, tipuri de cursuri, anul\u0103ri \u0219i \u00eenlocuiri.<\/li>\n\n\n\n<li><strong>Managementul accesului:<\/strong> Permisiuni sofisticate \u00eentre echipe \u0219i loca\u021bii.<\/li>\n\n\n\n<li><strong>Managementul calendarului:<\/strong> Anul\u0103ri rapide, \u00eenlocuiri \u0219i schimb\u0103ri frecvente ale programului.<\/li>\n\n\n\n<li><strong>Integra\u021bii de facturare &amp; contabilitate<\/strong><\/li>\n\n\n\n<li><strong>Tablouri de bord personalizate pentru raportare<\/strong><\/li>\n<\/ul>\n\n<div style=\"height:100px\" aria-hidden=\"true\" class=\"wp-block-spacer\"><\/div>\n\n<p><strong>&#8222;Era prea mult\u0103 administra\u021bie. Cu Zooza, totul este automatizat. Gestioneaz\u0103 majoritatea activit\u0103\u021bilor noastre\u2014de la cursuri regulate la ateliere, transmisiuni live \u0219i evenimente. Sistemul unific\u0103 opera\u021biunile francizei, astfel \u00eenc\u00e2t nu trebuie s\u0103 ne g\u00e2ndim la procesele de v\u00e2nzare\u2014ne putem concentra pe metodologie. Zooza arat\u0103 \u0219i func\u021bioneaz\u0103 ca un instrument personalizat, dar la o frac\u021biune din cost.&#8221;<\/strong><br \/>\u2014 <em>Sa\u0161a Ragas, Fondator Baby Balance<\/em><\/p>\n\n<p><strong>Despre Baby Balance:<\/strong> Sesiuni de grup pentru bebelu\u0219i \u0219i copii de la na\u0219tere p\u00e2n\u0103 la 6 ani, axate pe dezvoltarea psihomotorie s\u0103n\u0103toas\u0103 \u0219i cre\u0219terea social-emo\u021bional\u0103. Oper\u00e2nd \u00een mai multe \u021b\u0103ri, Baby Balance promoveaz\u0103 preven\u021bia, mi\u0219carea \u0219i \u00eengrijirea timpurie a copiilor\u2014\u0219i acum face acest lucru cu puterea Zooza. <\/p>\n\n<p>Afla\u021bi mai multe la <a href=\"https:\/\/www.babybalance.sk\" target=\"_blank\" rel=\"noopener\">babybalance.sk<\/a><\/p>\n","protected":false},"excerpt":{"rendered":"<p>&#8222;Aveam nevoie de un sistem. Cu at\u00e2t de multe \u00eenregistr\u0103ri, nu mai puteam gestiona lucrurile manual. Zooza a ascultat nevoile noastre \u00een acest domeniu foarte specific al educa\u021biei timpurii \u0219i activit\u0103\u021bilor pentru p\u0103rin\u021bi \u0219i copii.&#8221;\u2014 Sa\u0161a Ragas, Fondatorul Baby Balance Baby Balance a \u00eenceput \u00een 2016, c\u00e2nd fondatorul Sa\u0161a Ragas lucra cu aproximativ 300 de [&hellip;]<\/p>\n","protected":false},"author":2,"featured_media":0,"parent":22230,"menu_order":0,"comment_status":"closed","ping_status":"closed","template":"","meta":{"_acf_changed":false,"footnotes":""},"class_list":["post-25769","page","type-page","status-publish","hentry"],"acf":[],"_links":{"self":[{"href":"https:\/\/www.zooza.online\/ro\/wp-json\/wp\/v2\/pages\/25769","targetHints":{"allow":["GET"]}}],"collection":[{"href":"https:\/\/www.zooza.online\/ro\/wp-json\/wp\/v2\/pages"}],"about":[{"href":"https:\/\/www.zooza.online\/ro\/wp-json\/wp\/v2\/types\/page"}],"author":[{"embeddable":true,"href":"https:\/\/www.zooza.online\/ro\/wp-json\/wp\/v2\/users\/2"}],"replies":[{"embeddable":true,"href":"https:\/\/www.zooza.online\/ro\/wp-json\/wp\/v2\/comments?post=25769"}],"version-history":[{"count":2,"href":"https:\/\/www.zooza.online\/ro\/wp-json\/wp\/v2\/pages\/25769\/revisions"}],"predecessor-version":[{"id":25772,"href":"https:\/\/www.zooza.online\/ro\/wp-json\/wp\/v2\/pages\/25769\/revisions\/25772"}],"up":[{"embeddable":true,"href":"https:\/\/www.zooza.online\/ro\/wp-json\/wp\/v2\/pages\/22230"}],"wp:attachment":[{"href":"https:\/\/www.zooza.online\/ro\/wp-json\/wp\/v2\/media?parent=25769"}],"curies":[{"name":"wp","href":"https:\/\/api.w.org\/{rel}","templated":true}]}}