{"id":26189,"date":"2025-06-02T12:27:16","date_gmt":"2025-06-02T12:27:16","guid":{"rendered":"https:\/\/www.zooza.online\/preturi-2\/bine-ati-venit-la-zooza-pro\/"},"modified":"2026-04-27T13:45:51","modified_gmt":"2026-04-27T13:45:51","slug":"pro","status":"publish","type":"page","link":"https:\/\/www.zooza.online\/ro\/preturi-2\/pro\/","title":{"rendered":"Bine a\u021bi venit la zooza PRO"},"content":{"rendered":"<p>A\u021bi f\u0103cut clic pe o func\u021bie PRO \u00een aplica\u021bia Zooza. Ne bucur\u0103m c\u0103 sunte\u021bi curios \u2013 \u00eenseamn\u0103 c\u0103 g\u00e2ndi\u021bi \u00eenainte. <\/p>\n<p>Unele func\u021bii PRO sunt blocate implicit, dar le pute\u021bi debloca oric\u00e2nd. Nu credem \u00een ascunderea instrumentelor, dar unele func\u021bionalit\u0103\u021bi necesit\u0103 o configurare mai avansat\u0103, putere de procesare suplimentar\u0103 sau chiar servicii ter\u021be (cum ar fi <a href=\"https:\/\/help.zooza.online\/communication\/communication-whatsapp\" title=\"WhatsApp Communication\" target=\"_blank\" rel=\"noopener\">integr\u0103rile WhatsApp<\/a> sau AI). Asta \u00eenseamn\u0103 mai mult\u0103 complexitate \u2013 \u0219i uneori, costuri mai mari.  <\/p>\n<h3 class=\"wp-block-heading\">\u00cencerca\u021bi \u00eenainte de a decide<\/h3>\n<p>P\u00e2n\u0103 la sf\u00e2r\u0219itul lunii septembrie, bucura\u021bi-v\u0103 de func\u021biile PRO selectate \u00een aplica\u021bia Zooza f\u0103r\u0103 costuri suplimentare. Testa\u021bi-le. Folosi\u021bi-le. \u0218i decide\u021bi mai t\u00e2rziu dac\u0103 sunt potrivite pentru dumneavoastr\u0103.   <\/p>\n<div style=\"height:100px\" aria-hidden=\"true\" class=\"wp-block-spacer\"><\/div>\n<h2 class=\"wp-block-heading\">Ce con\u021bine pachetul PRO?<\/h2>\n<figure class=\"wp-block-table\">\n<table class=\"has-fixed-layout\">\n<tbody>\n<tr>\n<th>Func\u021bie<\/th>\n<th>De ce conteaz\u0103<\/th>\n<\/tr>\n<tr>\n<td><strong>Asistent AI<\/strong><\/td>\n<td>Ajut\u0103 la scrierea emailurilor, mementourilor, anul\u0103rilor \u0219i rezumatelor cu un singur clic.<\/td>\n<\/tr>\n<tr>\n<td><strong>Instrumente de reten\u021bie<\/strong><\/td>\n<td>Mod u\u0219or pentru clien\u021bii dumneavoastr\u0103 de a continua cu un alt curs sau program.<\/td>\n<\/tr>\n<tr>\n<td><strong>F\u0103r\u0103 pl\u0103\u021bi suplimentare de taxe<\/strong><\/td>\n<td>Utiliza\u021bi gateway-uri de plat\u0103 f\u0103r\u0103 costuri suplimentare de tranzac\u021bie de la Zooza.<\/td>\n<\/tr>\n<tr>\n<td><strong>Produse<\/strong><\/td>\n<td>Vinde\u021bi pachete, kituri \u0219i extrauri dincolo de sesiunile \u0219i cursurile dumneavoastr\u0103.<\/td>\n<\/tr>\n<tr>\n<td><strong>Transmisiuni live \/ videoclipuri<\/strong><\/td>\n<td>Partaja\u021bi con\u021binut educa\u021bional sau \u00eenregistr\u0103ri \u00een siguran\u021b\u0103 cu clien\u021bii dumneavoastr\u0103.<\/td>\n<\/tr>\n<tr>\n<td><strong>Documente dinamice<\/strong><\/td>\n<td>Genera\u021bi \u0219i trimite\u021bi <a href=\"https:\/\/help.zooza.online\/payments\/billing-and-invoicing\" title=\"Billing and Invoicing\" target=\"_blank\" rel=\"noopener\">certificate, facturi sau contracte<\/a> rapid.<\/td>\n<\/tr>\n<tr>\n<td><strong>Jurnale de activitate<\/strong><\/td>\n<td>Vede\u021bi cine a f\u0103cut ce \u0219i c\u00e2nd \u2013 esen\u021bial pentru echipe mai mari \u0219i <a href=\"https:\/\/help.zooza.online\/settings\/franchise-network\" title=\"Franchise Network Management\" target=\"_blank\" rel=\"noopener\">francize<\/a>.<\/td>\n<\/tr>\n<tr>\n<td><strong>C\u00e2mpuri suplimentare personalizate<\/strong><\/td>\n<td>Ad\u0103uga\u021bi 10 c\u00e2mpuri suplimentare obligatorii sau op\u021bionale la formulare, \u00een func\u021bie de ceea ce trebuie s\u0103 colecta\u021bi.<\/td>\n<\/tr>\n<tr>\n<td><strong>Widget hart\u0103<\/strong><\/td>\n<td>Afi\u0219a\u021bi loca\u021biile claselor sau evenimentelor vizual pe site-ul dumneavoastr\u0103.<\/td>\n<\/tr>\n<tr>\n<td><strong>Raportare avansat\u0103<\/strong><\/td>\n<td>Urm\u0103ri\u021bi <a href=\"https:\/\/help.zooza.online\/settings\/reports-dashboard\" title=\"Reports Dashboard\" target=\"_blank\" rel=\"noopener\">veniturile, prezen\u021ba sau performan\u021ba<\/a> pe loca\u021bii \u0219i utilizatori.<\/td>\n<\/tr>\n<tr>\n<td><strong>Stocare suplimentar\u0103 &amp; backup<\/strong><\/td>\n<td>Mai mult\u0103 capacitate \u0219i backup-uri zilnice pentru lini\u0219tea dumneavoastr\u0103. Datele sunt backupate pentru cel pu\u021bin 5 ani \u00een urm\u0103. <\/td>\n<\/tr>\n<tr>\n<td><strong>Power BI \/ mailchimp<\/strong><\/td>\n<td>Conecta\u021bi datele \u0219i instrumentele de marketing f\u0103r\u0103 probleme.<\/td>\n<\/tr>\n<tr>\n<td><strong>Credite SMS \/ email<\/strong><\/td>\n<td>Ajunge\u021bi direct la clien\u021bii dumneavoastr\u0103 prin mesaje \u2013 automate sau personalizate. (Volum gratuit bazat pe pachet). <\/td>\n<\/tr>\n<tr>\n<td><strong>API &amp; Instrumente pentru dezvoltatori<\/strong><\/td>\n<td>Conecta\u021bi site-ul, aplica\u021bia sau sistemele dumneavoastr\u0103 direct cu Zooza.<\/td>\n<\/tr>\n<tr>\n<td><strong>WhatsApp pentru afaceri<\/strong><\/td>\n<td>Chat cu clien\u021bii printr-un canal pe care \u00eel folosesc deja zilnic.<\/td>\n<\/tr>\n<\/tbody>\n<\/table>\n<\/figure>\n<div style=\"height:100px\" aria-hidden=\"true\" class=\"wp-block-spacer\"><\/div>\n<h2 class=\"wp-block-heading\">Ce urmeaz\u0103?<\/h2>\n<p>Suntem aici pentru a v\u0103 ajuta s\u0103 cre\u0219te\u021bi. PRO nu este doar un set de instrumente \u2013 este urm\u0103torul pas c\u00e2nd afacerea dumneavoastr\u0103 este gata s\u0103 se extind\u0103, s\u0103 se automatizeze \u0219i s\u0103 ias\u0103 \u00een eviden\u021b\u0103. <\/p>\n<p>Curios care func\u021bii PRO au sens pentru configurarea dumneavoastr\u0103? S\u0103 vorbim. Suntem la un mesaj distan\u021b\u0103.  <\/p><\/p>\n","protected":false},"excerpt":{"rendered":"<p>A\u021bi f\u0103cut clic pe o func\u021bie PRO \u00een aplica\u021bia Zooza. Ne bucur\u0103m c\u0103 sunte\u021bi curios \u2013 \u00eenseamn\u0103 c\u0103 g\u00e2ndi\u021bi \u00eenainte. Unele func\u021bii PRO sunt blocate implicit, dar le pute\u021bi debloca oric\u00e2nd. Nu credem \u00een ascunderea instrumentelor, dar unele func\u021bionalit\u0103\u021bi necesit\u0103 o configurare mai avansat\u0103, putere de procesare suplimentar\u0103 sau chiar servicii ter\u021be (cum ar fi [&hellip;]<\/p>\n","protected":false},"author":2,"featured_media":0,"parent":21702,"menu_order":0,"comment_status":"closed","ping_status":"closed","template":"","meta":{"_acf_changed":false,"footnotes":""},"class_list":["post-26189","page","type-page","status-publish","hentry"],"acf":[],"_links":{"self":[{"href":"https:\/\/www.zooza.online\/ro\/wp-json\/wp\/v2\/pages\/26189","targetHints":{"allow":["GET"]}}],"collection":[{"href":"https:\/\/www.zooza.online\/ro\/wp-json\/wp\/v2\/pages"}],"about":[{"href":"https:\/\/www.zooza.online\/ro\/wp-json\/wp\/v2\/types\/page"}],"author":[{"embeddable":true,"href":"https:\/\/www.zooza.online\/ro\/wp-json\/wp\/v2\/users\/2"}],"replies":[{"embeddable":true,"href":"https:\/\/www.zooza.online\/ro\/wp-json\/wp\/v2\/comments?post=26189"}],"version-history":[{"count":3,"href":"https:\/\/www.zooza.online\/ro\/wp-json\/wp\/v2\/pages\/26189\/revisions"}],"predecessor-version":[{"id":31360,"href":"https:\/\/www.zooza.online\/ro\/wp-json\/wp\/v2\/pages\/26189\/revisions\/31360"}],"up":[{"embeddable":true,"href":"https:\/\/www.zooza.online\/ro\/wp-json\/wp\/v2\/pages\/21702"}],"wp:attachment":[{"href":"https:\/\/www.zooza.online\/ro\/wp-json\/wp\/v2\/media?parent=26189"}],"curies":[{"name":"wp","href":"https:\/\/api.w.org\/{rel}","templated":true}]}}