{"id":21621,"date":"2024-10-31T11:06:37","date_gmt":"2024-10-31T11:06:37","guid":{"rendered":"https:\/\/www.zooza.online\/features\/udrzujte-kazdu-interakciu-s-klientom-na-svojom-webe-pomocou-nastroja-immersive-booking-engine\/"},"modified":"2026-04-27T19:03:48","modified_gmt":"2026-04-27T19:03:48","slug":"immersive-booking-engine","status":"publish","type":"page","link":"https:\/\/www.zooza.online\/sk\/rast\/immersive-booking-engine\/","title":{"rendered":"Udr\u017eujte ka\u017ed\u00fa interakciu s klientom na svojom webe pomocou n\u00e1stroja Immersive Booking Engine\u2122"},"content":{"rendered":"\t\t<div data-elementor-type=\"wp-page\" data-elementor-id=\"21621\" class=\"elementor elementor-21621 elementor-21153\" data-elementor-post-type=\"page\">\n\t\t\t\t<div class=\"elementor-element elementor-element-73af62f e-con-full e-flex e-con e-parent\" data-id=\"73af62f\" data-element_type=\"container\" data-e-type=\"container\">\n\t\t<div class=\"elementor-element elementor-element-4c393b3 e-con-full e-flex e-con e-child\" data-id=\"4c393b3\" data-element_type=\"container\" data-e-type=\"container\" data-settings=\"{&quot;background_background&quot;:&quot;classic&quot;}\">\n\t\t<div class=\"elementor-element elementor-element-e22a99b e-flex e-con-boxed e-con e-child\" data-id=\"e22a99b\" data-element_type=\"container\" data-e-type=\"container\">\n\t\t\t\t\t<div class=\"e-con-inner\">\n\t\t<div class=\"elementor-element elementor-element-50e403f e-con-full e-flex e-con e-child\" data-id=\"50e403f\" data-element_type=\"container\" data-e-type=\"container\">\n\t\t<div class=\"elementor-element elementor-element-5a8ca7d e-con-full e-flex e-con e-child\" data-id=\"5a8ca7d\" data-element_type=\"container\" data-e-type=\"container\">\n\t\t\t\t<div class=\"elementor-element elementor-element-576de4b elementor-widget__width-initial elementor-headline--style-highlight elementor-widget elementor-widget-animated-headline\" data-id=\"576de4b\" data-element_type=\"widget\" data-e-type=\"widget\" data-settings=\"{&quot;highlighted_text&quot;:&quot;interakciu&quot;,&quot;marker&quot;:&quot;underline&quot;,&quot;headline_style&quot;:&quot;highlight&quot;,&quot;loop&quot;:&quot;yes&quot;,&quot;highlight_animation_duration&quot;:1200,&quot;highlight_iteration_delay&quot;:8000}\" data-widget_type=\"animated-headline.default\">\n\t\t\t\t\t\t\t<h1 class=\"elementor-headline\">\n\t\t\t\t\t<span class=\"elementor-headline-plain-text elementor-headline-text-wrapper\">Udr\u017ete ka\u017ed\u00fa<\/span>\n\t\t\t\t<span class=\"elementor-headline-dynamic-wrapper elementor-headline-text-wrapper\">\n\t\t\t\t\t<span class=\"elementor-headline-dynamic-text elementor-headline-text-active\">interakciu<\/span>\n\t\t\t\t<\/span>\n\t\t\t\t\t<span class=\"elementor-headline-plain-text elementor-headline-text-wrapper\">klienta na svojej str\u00e1nke<\/span>\n\t\t\t\t\t<\/h1>\n\t\t\t\t\t\t<\/div>\n\t\t\t\t<\/div>\n\t\t<div class=\"elementor-element elementor-element-d729bbb e-con-full e-flex e-con e-child\" data-id=\"d729bbb\" data-element_type=\"container\" data-e-type=\"container\">\n\t\t\t\t<div class=\"elementor-element elementor-element-7b1ad5f elementor-widget__width-initial elementor-widget elementor-widget-heading\" data-id=\"7b1ad5f\" data-element_type=\"widget\" data-e-type=\"widget\" data-widget_type=\"heading.default\">\n\t\t\t\t\t<p class=\"elementor-heading-title elementor-size-default\">Va\u0161i klienti o\u010dak\u00e1vaj\u00fa plynul\u00fd a zna\u010dkov\u00fd rezerva\u010dn\u00fd z\u00e1\u017eitok, ktor\u00fd ich neodl\u00e1ka z va\u0161ej str\u00e1nky. Immersive Booking Engine\u2122 od Zooza to presne umo\u017e\u0148uje. Ka\u017ed\u00e1 rezerv\u00e1cia a interakcia prebieha priamo na va\u0161ej str\u00e1nke, v\u010faka \u010domu m\u00e1te \u00fapln\u00fa kontrolu nad z\u00e1kazn\u00edckou cestou a posil\u0148ujete svoju zna\u010dku na ka\u017edom kroku.<\/p>\t\t\t\t<\/div>\n\t\t\t\t<\/div>\n\t\t\t\t<\/div>\n\t\t\t\t\t<\/div>\n\t\t\t\t<\/div>\n\t\t\t\t<\/div>\n\t\t\t\t<\/div>\n\t\t<div class=\"elementor-element elementor-element-bd85772 e-flex e-con-boxed e-con e-parent\" data-id=\"bd85772\" data-element_type=\"container\" data-e-type=\"container\" id=\"more\">\n\t\t\t\t\t<div class=\"e-con-inner\">\n\t\t<div class=\"elementor-element elementor-element-6a4f028 e-con-full e-flex e-con e-child\" data-id=\"6a4f028\" data-element_type=\"container\" data-e-type=\"container\">\n\t\t\t\t<div class=\"elementor-element elementor-element-b7cd4bd elementor-widget elementor-widget-heading\" data-id=\"b7cd4bd\" data-element_type=\"widget\" data-e-type=\"widget\" data-widget_type=\"heading.default\">\n\t\t\t\t\t<h2 class=\"elementor-heading-title elementor-size-default\"><strong>Za\u017eite inov\u00e1ciu<\/strong><\/h2>\t\t\t\t<\/div>\n\t\t\t\t<\/div>\n\t\t<div class=\"elementor-element elementor-element-feb28d4 e-con-full e-flex e-con e-child\" data-id=\"feb28d4\" data-element_type=\"container\" data-e-type=\"container\">\n\t\t<div class=\"elementor-element elementor-element-031e0e3 e-flex e-con-boxed e-con e-child\" data-id=\"031e0e3\" data-element_type=\"container\" data-e-type=\"container\">\n\t\t\t\t\t<div class=\"e-con-inner\">\n\t\t<div class=\"elementor-element elementor-element-fa390e0 e-con-full elementor-hidden-desktop elementor-hidden-tablet elementor-hidden-mobile e-flex e-con e-child\" data-id=\"fa390e0\" data-element_type=\"container\" data-e-type=\"container\">\n\t\t<div class=\"elementor-element elementor-element-ade7daa e-flex e-con-boxed e-con e-child\" data-id=\"ade7daa\" data-element_type=\"container\" data-e-type=\"container\">\n\t\t\t\t\t<div class=\"e-con-inner\">\n\t\t\t\t<div class=\"elementor-element elementor-element-d456c90 elementor-invisible elementor-widget elementor-widget-heading\" data-id=\"d456c90\" data-element_type=\"widget\" data-e-type=\"widget\" data-settings=\"{&quot;_animation&quot;:&quot;fadeInDown&quot;}\" data-widget_type=\"heading.default\">\n\t\t\t\t\t<p class=\"elementor-heading-title elementor-size-default\">O spolo\u010dnosti Zooza<\/p>\t\t\t\t<\/div>\n\t\t\t\t<div class=\"elementor-element elementor-element-077876f elementor-invisible elementor-widget elementor-widget-heading\" data-id=\"077876f\" data-element_type=\"widget\" data-e-type=\"widget\" data-settings=\"{&quot;_animation&quot;:&quot;fadeInUp&quot;}\" data-widget_type=\"heading.default\">\n\t\t\t\t\t<h2 class=\"elementor-heading-title elementor-size-default\">Viac z\u00e1bavy s kurzami,<br>menej administrat\u00edvy.<\/h2>\t\t\t\t<\/div>\n\t\t\t\t<div class=\"elementor-element elementor-element-e18c2c6 elementor-align-right elementor-widget__width-auto cool-button elementor-widget elementor-widget-button\" data-id=\"e18c2c6\" data-element_type=\"widget\" data-e-type=\"widget\" data-widget_type=\"button.default\">\n\t\t\t\t\t\t\t\t\t\t<a class=\"elementor-button elementor-button-link elementor-size-md elementor-animation-grow\" href=\"\/signup\">\n\t\t\t\t\t\t<span class=\"elementor-button-content-wrapper\">\n\t\t\t\t\t\t<span class=\"elementor-button-icon\">\n\t\t\t\t<i aria-hidden=\"true\" class=\"fas fa-arrow-right\"><\/i>\t\t\t<\/span>\n\t\t\t\t\t\t\t\t\t<span class=\"elementor-button-text\">Vysk\u00fa\u0161a\u0165 zadarmo<\/span>\n\t\t\t\t\t<\/span>\n\t\t\t\t\t<\/a>\n\t\t\t\t\t\t\t\t<\/div>\n\t\t\t\t\t<\/div>\n\t\t\t\t<\/div>\n\t\t\t\t<\/div>\n\t\t<div class=\"elementor-element elementor-element-421df94 e-con-full e-flex e-con e-child\" data-id=\"421df94\" data-element_type=\"container\" data-e-type=\"container\">\n\t\t<div class=\"elementor-element elementor-element-9a0fac7 e-con-full e-flex e-con e-child\" data-id=\"9a0fac7\" data-element_type=\"container\" data-e-type=\"container\">\n\t\t<div class=\"elementor-element elementor-element-31c5b1d e-flex e-con-boxed e-con e-child\" data-id=\"31c5b1d\" data-element_type=\"container\" data-e-type=\"container\">\n\t\t\t\t\t<div class=\"e-con-inner\">\n\t\t\t\t<div class=\"elementor-element elementor-element-8a4acc4 elementor-widget elementor-widget-heading\" data-id=\"8a4acc4\" data-element_type=\"widget\" data-e-type=\"widget\" data-widget_type=\"heading.default\">\n\t\t\t\t\t<h3 class=\"elementor-heading-title elementor-size-default\">Immersive Booking Engine\u2122<\/h3>\t\t\t\t<\/div>\n\t\t\t\t\t<\/div>\n\t\t\t\t<\/div>\n\t\t<div class=\"elementor-element elementor-element-96f7285 e-flex e-con-boxed e-con e-child\" data-id=\"96f7285\" data-element_type=\"container\" data-e-type=\"container\">\n\t\t\t\t\t<div class=\"e-con-inner\">\n\t\t\t\t<div class=\"elementor-element elementor-element-edbf9be elementor-widget elementor-widget-text-editor\" data-id=\"edbf9be\" data-element_type=\"widget\" data-e-type=\"widget\" data-widget_type=\"text-editor.default\">\n\t\t\t\t\t\t\t\t\t<p>Udr\u017ete klientov na svojej str\u00e1nke a zapojen\u00fdch do va\u0161ej zna\u010dky<\/p>\t\t\t\t\t\t\t\t<\/div>\n\t\t\t\t<div class=\"elementor-element elementor-element-faf6cd0 elementor-widget elementor-widget-text-editor\" data-id=\"faf6cd0\" data-element_type=\"widget\" data-e-type=\"widget\" data-widget_type=\"text-editor.default\">\n\t\t\t\t\t\t\t\t\t<p>S Immersive Booking Engine\u2122 rodi\u010dia zost\u00e1vaj\u00fa na va\u0161ej webovej str\u00e1nke od za\u010diatku a\u017e do konca, plne ponoren\u00ed do rezerva\u010dn\u00e9ho z\u00e1\u017eitku, ktor\u00fd odr\u00e1\u017ea hodnoty a identitu va\u0161ej zna\u010dky. Tento n\u00e1stroj nielen\u017ee spravuje rezerv\u00e1cie, ale ich aj vylep\u0161uje, udr\u017eiava klientov s\u00fastreden\u00fdch na va\u0161e ponuky a zvy\u0161uje konverzn\u00fd pomer.<\/p>\t\t\t\t\t\t\t\t<\/div>\n\t\t\t\t\t<\/div>\n\t\t\t\t<\/div>\n\t\t<div class=\"elementor-element elementor-element-45a8a8a e-flex e-con-boxed e-con e-child\" data-id=\"45a8a8a\" data-element_type=\"container\" data-e-type=\"container\">\n\t\t\t\t\t<div class=\"e-con-inner\">\n\t\t\t\t<div class=\"elementor-element elementor-element-5d6b5fc elementor-widget__width-initial elementor-icon-list--layout-traditional elementor-list-item-link-full_width elementor-widget elementor-widget-icon-list\" data-id=\"5d6b5fc\" data-element_type=\"widget\" data-e-type=\"widget\" data-widget_type=\"icon-list.default\">\n\t\t\t\t\t\t\t<ul class=\"elementor-icon-list-items\">\n\t\t\t\t\t\t\t<li class=\"elementor-icon-list-item\">\n\t\t\t\t\t\t\t\t\t\t\t<span class=\"elementor-icon-list-icon\">\n\t\t\t\t\t\t\t<i aria-hidden=\"true\" class=\"fas fa-check-circle\"><\/i>\t\t\t\t\t\t<\/span>\n\t\t\t\t\t\t\t\t\t\t<span class=\"elementor-icon-list-text\"><strong>Bezprobl\u00e9mov\u00e1 cesta klienta:<\/strong> \u017diadne presmerovania, ale udr\u017eanie rodi\u010dov na va\u0161om webe<\/span>\n\t\t\t\t\t\t\t\t\t<\/li>\n\t\t\t\t\t\t\t\t<li class=\"elementor-icon-list-item\">\n\t\t\t\t\t\t\t\t\t\t\t<span class=\"elementor-icon-list-icon\">\n\t\t\t\t\t\t\t<i aria-hidden=\"true\" class=\"fas fa-check-circle\"><\/i>\t\t\t\t\t\t<\/span>\n\t\t\t\t\t\t\t\t\t\t<span class=\"elementor-icon-list-text\"><strong>Vy\u0161\u0161ie konverzie:<\/strong> Plynul\u00e9 a intuit\u00edvne rezerva\u010dn\u00e9 procesy minimalizuj\u00fa odchody<\/span>\n\t\t\t\t\t\t\t\t\t<\/li>\n\t\t\t\t\t\t\t\t<li class=\"elementor-icon-list-item\">\n\t\t\t\t\t\t\t\t\t\t\t<span class=\"elementor-icon-list-icon\">\n\t\t\t\t\t\t\t<i aria-hidden=\"true\" class=\"fas fa-check-circle\"><\/i>\t\t\t\t\t\t<\/span>\n\t\t\t\t\t\t\t\t\t\t<span class=\"elementor-icon-list-text\"><strong>Prisp\u00f4sobite\u013en\u00fd dizajn:<\/strong> Prisp\u00f4sobte rezerva\u010dn\u00fd z\u00e1\u017eitok svojmu obchodn\u00e9mu modelu<\/span>\n\t\t\t\t\t\t\t\t\t<\/li>\n\t\t\t\t\t\t\t\t<li class=\"elementor-icon-list-item\">\n\t\t\t\t\t\t\t\t\t\t\t<span class=\"elementor-icon-list-icon\">\n\t\t\t\t\t\t\t<i aria-hidden=\"true\" class=\"fas fa-check-circle\"><\/i>\t\t\t\t\t\t<\/span>\n\t\t\t\t\t\t\t\t\t\t<span class=\"elementor-icon-list-text\"><strong>SEO Boost:<\/strong> Interakcie na va\u0161ej str\u00e1nke prispievaj\u00fa k lep\u0161iemu umiestneniu vo vyh\u013ead\u00e1van\u00ed<\/span>\n\t\t\t\t\t\t\t\t\t<\/li>\n\t\t\t\t\t\t<\/ul>\n\t\t\t\t\t\t<\/div>\n\t\t\t\t\t<\/div>\n\t\t\t\t<\/div>\n\t\t\t\t<\/div>\n\t\t<div class=\"elementor-element elementor-element-8fc8c52 e-flex e-con-boxed e-con e-child\" data-id=\"8fc8c52\" data-element_type=\"container\" data-e-type=\"container\" data-settings=\"{&quot;background_background&quot;:&quot;gradient&quot;}\">\n\t\t\t\t\t<div class=\"e-con-inner\">\n\t\t\t\t<div class=\"elementor-element elementor-element-b04d16c elementor-widget elementor-widget-image\" data-id=\"b04d16c\" data-element_type=\"widget\" data-e-type=\"widget\" data-widget_type=\"image.default\">\n\t\t\t\t\t\t\t\t\t\t\t\t\t\t\t<img fetchpriority=\"high\" decoding=\"async\" width=\"768\" height=\"768\" src=\"https:\/\/www.zooza.online\/wp-content\/uploads\/2024\/10\/Copy-of-Email-Pictures-Templates-2-768x768.gif\" class=\"attachment-medium_large size-medium_large wp-image-21169\" alt=\"Immersive Booking Engine\u2122\nKeep Clients on Your Site, Engaged with Your Brand\" srcset=\"https:\/\/www.zooza.online\/wp-content\/uploads\/2024\/10\/Copy-of-Email-Pictures-Templates-2-768x768.gif 768w, https:\/\/www.zooza.online\/wp-content\/uploads\/2024\/10\/Copy-of-Email-Pictures-Templates-2-300x300.gif 300w, https:\/\/www.zooza.online\/wp-content\/uploads\/2024\/10\/Copy-of-Email-Pictures-Templates-2-1024x1024.gif 1024w, https:\/\/www.zooza.online\/wp-content\/uploads\/2024\/10\/Copy-of-Email-Pictures-Templates-2-150x150.gif 150w\" sizes=\"(max-width: 768px) 100vw, 768px\" title=\"\">\t\t\t\t\t\t\t\t\t\t\t\t\t\t\t<\/div>\n\t\t\t\t\t<\/div>\n\t\t\t\t<\/div>\n\t\t\t\t<\/div>\n\t\t\t\t\t<\/div>\n\t\t\t\t<\/div>\n\t\t\t\t<\/div>\n\t\t\t\t\t<\/div>\n\t\t\t\t<\/div>\n\t\t<div class=\"elementor-element elementor-element-0dfcf23 e-flex e-con-boxed e-con e-parent\" data-id=\"0dfcf23\" data-element_type=\"container\" data-e-type=\"container\">\n\t\t\t\t\t<div class=\"e-con-inner\">\n\t\t<div class=\"elementor-element elementor-element-7c49b1b e-con-full e-flex e-con e-child\" data-id=\"7c49b1b\" data-element_type=\"container\" data-e-type=\"container\">\n\t\t\t\t<div class=\"elementor-element elementor-element-e5472e8 elementor-widget elementor-widget-spacer\" data-id=\"e5472e8\" data-element_type=\"widget\" data-e-type=\"widget\" data-widget_type=\"spacer.default\">\n\t\t\t\t\t\t\t<div class=\"elementor-spacer\">\n\t\t\t<div class=\"elementor-spacer-inner\"><\/div>\n\t\t<\/div>\n\t\t\t\t\t\t<\/div>\n\t\t\t\t<div class=\"elementor-element elementor-element-a52faee elementor-headline--style-highlight elementor-widget elementor-widget-animated-headline\" data-id=\"a52faee\" data-element_type=\"widget\" data-e-type=\"widget\" data-settings=\"{&quot;highlighted_text&quot;:&quot;Immersive Booking Engine\\u2122 &quot;,&quot;headline_style&quot;:&quot;highlight&quot;,&quot;marker&quot;:&quot;circle&quot;,&quot;loop&quot;:&quot;yes&quot;,&quot;highlight_animation_duration&quot;:1200,&quot;highlight_iteration_delay&quot;:8000}\" data-widget_type=\"animated-headline.default\">\n\t\t\t\t\t\t\t<h2 class=\"elementor-headline\">\n\t\t\t\t\t<span class=\"elementor-headline-plain-text elementor-headline-text-wrapper\">Pre\u010do je<\/span>\n\t\t\t\t<span class=\"elementor-headline-dynamic-wrapper elementor-headline-text-wrapper\">\n\t\t\t\t\t<span class=\"elementor-headline-dynamic-text elementor-headline-text-active\">Immersive Booking Engine\u2122 <\/span>\n\t\t\t\t<\/span>\n\t\t\t\t\t<span class=\"elementor-headline-plain-text elementor-headline-text-wrapper\">jedine\u010dn\u00fd<\/span>\n\t\t\t\t\t<\/h2>\n\t\t\t\t\t\t<\/div>\n\t\t\t\t<div class=\"elementor-element elementor-element-b59b50d elementor-widget elementor-widget-text-editor\" data-id=\"b59b50d\" data-element_type=\"widget\" data-e-type=\"widget\" data-widget_type=\"text-editor.default\">\n\t\t\t\t\t\t\t\t\t<p><strong>Nie je to len \u010fal\u0161\u00ed rezerva\u010dn\u00fd n\u00e1stroj<\/strong><br \/>Immersive Booking Engine\u2122 predstavuje jedine\u010dn\u00fd pr\u00edstup k zapojeniu klientov, ktor\u00fd uprednost\u0148uje va\u0161u zna\u010dku a maxim\u00e1lnu kontrolu. Na rozdiel od be\u017en\u00fdch rezerva\u010dn\u00fdch syst\u00e9mov, ktor\u00e9 presmerov\u00e1vaj\u00fa klientov na extern\u00e9 port\u00e1ly alebo samostatn\u00e9 z\u00e1kazn\u00edcke sekcie, <strong>Immersive Booking Engine\u2122<\/strong> zabezpe\u010duje, \u017ee ka\u017ed\u00fd klik, formul\u00e1r a akcia zost\u00e1vaj\u00fa priamo v prostred\u00ed va\u0161ej webovej str\u00e1nky.<\/p><p>\u00a0<\/p>\t\t\t\t\t\t\t\t<\/div>\n\t\t\t\t<div class=\"elementor-element elementor-element-cc98b60 elementor-widget elementor-widget-text-editor\" data-id=\"cc98b60\" data-element_type=\"widget\" data-e-type=\"widget\" data-widget_type=\"text-editor.default\">\n\t\t\t\t\t\t\t\t\t<ol><li><p><strong>Prav\u00e9 on-site rezerv\u00e1cie pre PPC kampane (Google, Facebook)<\/strong><br \/>Be\u017en\u00e9 syst\u00e9my \u010dasto pou\u017e\u00edvaj\u00fa iframe alebo presmerov\u00e1vaj\u00fa klientov na samostatn\u00e9 str\u00e1nky, \u010do obmedzuje va\u0161u schopnos\u0165 efekt\u00edvne sledova\u0165 v\u00fddavky na reklamu. Immersive Booking Engine\u2122 v\u0161ak v\u0161etky interakcie spracov\u00e1va priamo na va\u0161ej str\u00e1nke, bez presmerovan\u00ed. Na rozdiel od iframe, ktor\u00fd skr\u00fdva obsah pred Google, Zooza automaticky posiela d\u00e1ta do Data Layer v Google Tag Manageri, pri\u010dom si m\u00f4\u017eete prida\u0165 aj vlastn\u00e9 sledovacie d\u00e1ta a z\u00edska\u0165 maximum z invest\u00edci\u00ed do kampan\u00ed.<\/p><p>\u00a0<\/p><\/li><li><p><strong>Prisp\u00f4sobenie na \u00farovni produktov<\/strong><br \/>IBE umo\u017e\u0148uje prisp\u00f4sobi\u0165 a vlo\u017ei\u0165 rezerva\u010dn\u00e9 formul\u00e1re pre ka\u017ed\u00fd produkt, \u010d\u00edm poskytuje pln\u00fa kontrolu nad ich umiestnen\u00edm, dizajnom a funkciami.<\/p><p>\u00a0<\/p><\/li><li><p><strong>Zna\u010dkovan\u00e1 z\u00e1kazn\u00edcka cesta od za\u010diatku a\u017e do konca<\/strong><br \/>Va\u0161a zna\u010dka je plne zast\u00fapen\u00e1 na ka\u017edom kroku \u2013 bez extern\u00fdch port\u00e1lov alebo ru\u0161iv\u00fdch presmerovan\u00ed. Ka\u017ed\u00fd formul\u00e1r, rezerv\u00e1cia a interakcia s\u00fa s\u00fa\u010das\u0165ou jednotn\u00e9ho a zna\u010dkov\u00e9ho z\u00e1\u017eitku.<\/p><p>\u00a0<\/p><\/li><li><p><strong>Kompatibilita s platformami<\/strong><br \/>Immersive Booking Engine\u2122 od Zoozy je navrhnut\u00fd pre jednoduch\u00fa integr\u00e1ciu s popul\u00e1rnymi platformami. Pon\u00fakame WordPress plugin pre bezprobl\u00e9mov\u00e9 vlo\u017eenie a sme kompatibiln\u00ed aj s in\u00fdmi platformami ako Wix, Squarespace a \u010fal\u0161ie. Bez oh\u013eadu na to, kde je v\u00e1\u0161 web hostovan\u00fd, Zooza sa m\u00f4\u017ee sta\u0165 jeho neoddelite\u013enou s\u00fa\u010das\u0165ou.<\/p><\/li><\/ol><div>S<b> Immersive Booking Engine\u2122<\/b> pon\u00faka Zooza jedine\u010dn\u00e9, propriet\u00e1rne rie\u0161enie, ktor\u00e9 udr\u017euje ka\u017ed\u00fa interakciu klienta na va\u0161ej webovej str\u00e1nke a vytv\u00e1ra plynul\u00fa, zna\u010dkov\u00fa z\u00e1kazn\u00edcku cestu.<\/div>\t\t\t\t\t\t\t\t<\/div>\n\t\t\t\t<\/div>\n\t\t\t\t\t<\/div>\n\t\t\t\t<\/div>\n\t\t<div class=\"elementor-element elementor-element-f7f6f8d e-flex e-con-boxed e-con e-parent\" data-id=\"f7f6f8d\" data-element_type=\"container\" data-e-type=\"container\">\n\t\t\t\t\t<div class=\"e-con-inner\">\n\t\t<div class=\"elementor-element elementor-element-e060a32 e-con-full e-flex e-con e-child\" data-id=\"e060a32\" data-element_type=\"container\" data-e-type=\"container\" data-settings=\"{&quot;background_background&quot;:&quot;classic&quot;}\">\n\t\t<div class=\"elementor-element elementor-element-aa6e479 e-flex e-con-boxed e-con e-child\" data-id=\"aa6e479\" data-element_type=\"container\" data-e-type=\"container\" data-settings=\"{&quot;background_background&quot;:&quot;classic&quot;}\">\n\t\t\t\t\t<div class=\"e-con-inner\">\n\t\t<div class=\"elementor-element elementor-element-6e1b584 e-con-full e-flex e-con e-child\" data-id=\"6e1b584\" data-element_type=\"container\" data-e-type=\"container\">\n\t\t\t\t<div class=\"elementor-element elementor-element-f784106 elementor-headline--style-highlight elementor-invisible elementor-widget elementor-widget-animated-headline\" data-id=\"f784106\" data-element_type=\"widget\" data-e-type=\"widget\" data-settings=\"{&quot;highlighted_text&quot;:&quot;U\\u0161etrite a\\u017e 70 %&quot;,&quot;_animation&quot;:&quot;fadeInUp&quot;,&quot;marker&quot;:&quot;double_underline&quot;,&quot;headline_style&quot;:&quot;highlight&quot;,&quot;loop&quot;:&quot;yes&quot;,&quot;highlight_animation_duration&quot;:1200,&quot;highlight_iteration_delay&quot;:8000}\" data-widget_type=\"animated-headline.default\">\n\t\t\t\t\t\t\t<h2 class=\"elementor-headline\">\n\t\t\t\t<span class=\"elementor-headline-dynamic-wrapper elementor-headline-text-wrapper\">\n\t\t\t\t\t<span class=\"elementor-headline-dynamic-text elementor-headline-text-active\">U\u0161etrite a\u017e 70 %<\/span>\n\t\t\t\t<\/span>\n\t\t\t\t\t<span class=\"elementor-headline-plain-text elementor-headline-text-wrapper\">za n\u00e1stroje so Zoozou e\u0161te dnes!<\/span>\n\t\t\t\t\t<\/h2>\n\t\t\t\t\t\t<\/div>\n\t\t\t\t<div class=\"elementor-element elementor-element-61fac5f elementor-invisible elementor-widget elementor-widget-heading\" data-id=\"61fac5f\" data-element_type=\"widget\" data-e-type=\"widget\" data-settings=\"{&quot;_animation&quot;:&quot;fadeIn&quot;}\" data-widget_type=\"heading.default\">\n\t\t\t\t\t<h4 class=\"elementor-heading-title elementor-size-default\">Objavte flexibiln\u00fa cenov\u00fa politiku, ktor\u00e1 sa prisp\u00f4sob\u00ed v\u00e1\u0161mu rastu a v\u00e1\u0161mu po\u010dtu klientov.<\/h4>\t\t\t\t<\/div>\n\t\t\t\t<div class=\"elementor-element elementor-element-ce3686b elementor-widget__width-auto cool-button elementor-align-right elementor-widget elementor-widget-button\" data-id=\"ce3686b\" data-element_type=\"widget\" data-e-type=\"widget\" data-widget_type=\"button.default\">\n\t\t\t\t\t\t\t\t\t\t<a class=\"elementor-button elementor-button-link elementor-size-md elementor-animation-grow\" href=\"https:\/\/www.zooza.online\/sk\/rast\/\">\n\t\t\t\t\t\t<span class=\"elementor-button-content-wrapper\">\n\t\t\t\t\t\t<span class=\"elementor-button-icon\">\n\t\t\t\t<i aria-hidden=\"true\" class=\"fas fa-arrow-right\"><\/i>\t\t\t<\/span>\n\t\t\t\t\t\t\t\t\t<span class=\"elementor-button-text\">Pre\u010d\u00edtajte si viac<\/span>\n\t\t\t\t\t<\/span>\n\t\t\t\t\t<\/a>\n\t\t\t\t\t\t\t\t<\/div>\n\t\t\t\t<\/div>\n\t\t\t\t\t<\/div>\n\t\t\t\t<\/div>\n\t\t\t\t<\/div>\n\t\t\t\t\t<\/div>\n\t\t\t\t<\/div>\n\t\t\t\t<\/div>\n\t\t","protected":false},"excerpt":{"rendered":"<p>Udr\u017ete ka\u017ed\u00fa interakciu klienta na svojej str\u00e1nke Va\u0161i klienti o\u010dak\u00e1vaj\u00fa plynul\u00fd a zna\u010dkov\u00fd rezerva\u010dn\u00fd z\u00e1\u017eitok, ktor\u00fd ich neodl\u00e1ka z va\u0161ej str\u00e1nky. Immersive Booking Engine\u2122 od Zooza to presne umo\u017e\u0148uje. Ka\u017ed\u00e1 rezerv\u00e1cia a interakcia prebieha priamo na va\u0161ej str\u00e1nke, v\u010faka \u010domu m\u00e1te \u00fapln\u00fa kontrolu nad z\u00e1kazn\u00edckou cestou a posil\u0148ujete svoju zna\u010dku na ka\u017edom kroku. Za\u017eite inov\u00e1ciu [&hellip;]<\/p>\n","protected":false},"author":2,"featured_media":21169,"parent":21760,"menu_order":0,"comment_status":"closed","ping_status":"closed","template":"","meta":{"_acf_changed":false,"footnotes":""},"class_list":["post-21621","page","type-page","status-publish","has-post-thumbnail","hentry"],"acf":[],"_links":{"self":[{"href":"https:\/\/www.zooza.online\/sk\/wp-json\/wp\/v2\/pages\/21621","targetHints":{"allow":["GET"]}}],"collection":[{"href":"https:\/\/www.zooza.online\/sk\/wp-json\/wp\/v2\/pages"}],"about":[{"href":"https:\/\/www.zooza.online\/sk\/wp-json\/wp\/v2\/types\/page"}],"author":[{"embeddable":true,"href":"https:\/\/www.zooza.online\/sk\/wp-json\/wp\/v2\/users\/2"}],"replies":[{"embeddable":true,"href":"https:\/\/www.zooza.online\/sk\/wp-json\/wp\/v2\/comments?post=21621"}],"version-history":[{"count":6,"href":"https:\/\/www.zooza.online\/sk\/wp-json\/wp\/v2\/pages\/21621\/revisions"}],"predecessor-version":[{"id":31662,"href":"https:\/\/www.zooza.online\/sk\/wp-json\/wp\/v2\/pages\/21621\/revisions\/31662"}],"up":[{"embeddable":true,"href":"https:\/\/www.zooza.online\/sk\/wp-json\/wp\/v2\/pages\/21760"}],"wp:featuredmedia":[{"embeddable":true,"href":"https:\/\/www.zooza.online\/sk\/wp-json\/wp\/v2\/media\/21169"}],"wp:attachment":[{"href":"https:\/\/www.zooza.online\/sk\/wp-json\/wp\/v2\/media?parent=21621"}],"curies":[{"name":"wp","href":"https:\/\/api.w.org\/{rel}","templated":true}]}}