{"id":21642,"date":"2024-11-05T09:32:48","date_gmt":"2024-11-05T09:32:48","guid":{"rendered":"https:\/\/www.zooza.online\/features\/sprava-vsetkych-produktov-na-jednom-mieste-pomocou-nastroja-product-builder\/"},"modified":"2026-04-27T09:30:29","modified_gmt":"2026-04-27T09:30:29","slug":"product-builder","status":"publish","type":"page","link":"https:\/\/www.zooza.online\/sk\/rast\/product-builder\/","title":{"rendered":"Spr\u00e1va v\u0161etk\u00fdch produktov na jednom mieste pomocou n\u00e1stroja Product Builder"},"content":{"rendered":"\t\t<div data-elementor-type=\"wp-page\" data-elementor-id=\"21642\" class=\"elementor elementor-21642 elementor-21286\" data-elementor-post-type=\"page\">\n\t\t\t\t<div class=\"elementor-element elementor-element-a0efaff e-con-full e-flex e-con e-parent\" data-id=\"a0efaff\" data-element_type=\"container\" data-e-type=\"container\">\n\t\t<div class=\"elementor-element elementor-element-cf339a9 e-con-full e-flex e-con e-child\" data-id=\"cf339a9\" data-element_type=\"container\" data-e-type=\"container\">\n\t\t<div class=\"elementor-element elementor-element-5940cb6 e-con-full e-flex e-con e-child\" data-id=\"5940cb6\" data-element_type=\"container\" data-e-type=\"container\" data-settings=\"{&quot;background_background&quot;:&quot;classic&quot;}\">\n\t\t<div class=\"elementor-element elementor-element-7cb527d e-flex e-con-boxed e-con e-child\" data-id=\"7cb527d\" data-element_type=\"container\" data-e-type=\"container\">\n\t\t\t\t\t<div class=\"e-con-inner\">\n\t\t<div class=\"elementor-element elementor-element-b840973 e-con-full e-flex e-con e-child\" data-id=\"b840973\" data-element_type=\"container\" data-e-type=\"container\">\n\t\t<div class=\"elementor-element elementor-element-99ad3ab e-con-full e-flex e-con e-child\" data-id=\"99ad3ab\" data-element_type=\"container\" data-e-type=\"container\">\n\t\t\t\t<div class=\"elementor-element elementor-element-bbe60f3 elementor-widget__width-initial elementor-headline--style-highlight elementor-widget elementor-widget-animated-headline\" data-id=\"bbe60f3\" data-element_type=\"widget\" data-e-type=\"widget\" data-settings=\"{&quot;highlighted_text&quot;:&quot;produkty&quot;,&quot;marker&quot;:&quot;underline&quot;,&quot;headline_style&quot;:&quot;highlight&quot;,&quot;loop&quot;:&quot;yes&quot;,&quot;highlight_animation_duration&quot;:1200,&quot;highlight_iteration_delay&quot;:8000}\" data-widget_type=\"animated-headline.default\">\n\t\t\t\t\t\t\t<h1 class=\"elementor-headline\">\n\t\t\t\t\t<span class=\"elementor-headline-plain-text elementor-headline-text-wrapper\">Spravujte v\u0161etky svoje  <\/span>\n\t\t\t\t<span class=\"elementor-headline-dynamic-wrapper elementor-headline-text-wrapper\">\n\t\t\t\t\t<span class=\"elementor-headline-dynamic-text elementor-headline-text-active\">produkty<\/span>\n\t\t\t\t<\/span>\n\t\t\t\t\t<span class=\"elementor-headline-plain-text elementor-headline-text-wrapper\">na jednom mieste pomocou n\u00e1stroja Product Builder<\/span>\n\t\t\t\t\t<\/h1>\n\t\t\t\t\t\t<\/div>\n\t\t\t\t<\/div>\n\t\t<div class=\"elementor-element elementor-element-18a99e7 e-con-full e-flex e-con e-child\" data-id=\"18a99e7\" data-element_type=\"container\" data-e-type=\"container\">\n\t\t\t\t<div class=\"elementor-element elementor-element-7da783b elementor-widget__width-initial elementor-widget elementor-widget-heading\" data-id=\"7da783b\" data-element_type=\"widget\" data-e-type=\"widget\" data-widget_type=\"heading.default\">\n\t\t\t\t\t<p class=\"elementor-heading-title elementor-size-default\">Pri aktivit\u00e1ch a vzdel\u00e1van\u00ed det\u00ed je k\u013e\u00fa\u010dov\u00e1 flexibilita. N\u00e1stroj na tvorbu produktov od spolo\u010dnosti Zooza v\u00e1m umo\u017e\u0148uje spravova\u0165 \u0161irok\u00fa \u0161k\u00e1lu pon\u00fak - \u010di u\u017e ide o prebiehaj\u00face kurzy, skupinov\u00e9 alebo s\u00fakromn\u00e9 sedenia, letn\u00e9 t\u00e1bory, digit\u00e1lny obsah alebo tovar - v\u0161etko v r\u00e1mci jednej platformy. Rozl\u00fa\u010dte sa so \u017eonglovan\u00edm s viacer\u00fdmi syst\u00e9mami a priv\u00edtajte jednotn\u00e9, prisp\u00f4sobite\u013en\u00e9 rie\u0161enie spr\u00e1vy produktov.  <\/p>\t\t\t\t<\/div>\n\t\t\t\t<\/div>\n\t\t\t\t<\/div>\n\t\t\t\t\t<\/div>\n\t\t\t\t<\/div>\n\t\t\t\t<\/div>\n\t\t\t\t<\/div>\n\t\t\t\t<\/div>\n\t\t<div class=\"elementor-element elementor-element-2d71f29 e-flex e-con-boxed e-con e-parent\" data-id=\"2d71f29\" data-element_type=\"container\" data-e-type=\"container\">\n\t\t\t\t\t<div class=\"e-con-inner\">\n\t\t<div class=\"elementor-element elementor-element-45d3d8a e-con-full e-flex e-con e-child\" data-id=\"45d3d8a\" data-element_type=\"container\" data-e-type=\"container\">\n\t\t<div class=\"elementor-element elementor-element-15a568d e-con-full e-flex e-con e-child\" data-id=\"15a568d\" data-element_type=\"container\" data-e-type=\"container\">\n\t\t\t\t<div class=\"elementor-element elementor-element-0e2a08b elementor-widget elementor-widget-heading\" data-id=\"0e2a08b\" data-element_type=\"widget\" data-e-type=\"widget\" data-widget_type=\"heading.default\">\n\t\t\t\t\t<h2 class=\"elementor-heading-title elementor-size-default\"><strong>Za\u017eite inov\u00e1cie<\/strong><\/h2>\t\t\t\t<\/div>\n\t\t\t\t<\/div>\n\t\t<div class=\"elementor-element elementor-element-1ca6720 e-con-full e-flex e-con e-child\" data-id=\"1ca6720\" data-element_type=\"container\" data-e-type=\"container\">\n\t\t<div class=\"elementor-element elementor-element-4c31256 e-con-full e-flex e-con e-child\" data-id=\"4c31256\" data-element_type=\"container\" data-e-type=\"container\">\n\t\t<div class=\"elementor-element elementor-element-9f1df6d e-con-full e-flex e-con e-child\" data-id=\"9f1df6d\" data-element_type=\"container\" data-e-type=\"container\">\n\t\t\t\t<div class=\"elementor-element elementor-element-1dd0cd9 elementor-widget__width-initial elementor-widget elementor-widget-heading\" data-id=\"1dd0cd9\" data-element_type=\"widget\" data-e-type=\"widget\" data-widget_type=\"heading.default\">\n\t\t\t\t\t<h3 class=\"elementor-heading-title elementor-size-default\">1. V\u0161estrann\u00fd mana\u017ement produktov<\/h3>\t\t\t\t<\/div>\n\t\t\t\t<\/div>\n\t\t<div class=\"elementor-element elementor-element-8c890e1 e-flex e-con-boxed e-con e-child\" data-id=\"8c890e1\" data-element_type=\"container\" data-e-type=\"container\">\n\t\t\t\t\t<div class=\"e-con-inner\">\n\t\t\t\t<div class=\"elementor-element elementor-element-f219aac elementor-widget elementor-widget-text-editor\" data-id=\"f219aac\" data-element_type=\"widget\" data-e-type=\"widget\" data-widget_type=\"text-editor.default\">\n\t\t\t\t\t\t\t\t\t<p>Ponuka ka\u017ed\u00e9ho klienta je jedine\u010dn\u00e1 a n\u00e1stroj Product Builder sa prisp\u00f4sob\u00ed va\u0161im potreb\u00e1m. Zooza zvl\u00e1dne v\u0161etko &#8211; od prebiehaj\u00facich kurzov a t\u00e1borov a\u017e po digit\u00e1lne s\u00fabory na stiahnutie a tovar. <\/p>\n\t\t\t\t\t\t\t\t<\/div>\n\t\t\t\t\t<\/div>\n\t\t\t\t<\/div>\n\t\t<div class=\"elementor-element elementor-element-217450b e-flex e-con-boxed e-con e-child\" data-id=\"217450b\" data-element_type=\"container\" data-e-type=\"container\">\n\t\t\t\t\t<div class=\"e-con-inner\">\n\t\t\t\t<div class=\"elementor-element elementor-element-ac5542f elementor-widget__width-initial elementor-icon-list--layout-traditional elementor-list-item-link-full_width elementor-widget elementor-widget-icon-list\" data-id=\"ac5542f\" data-element_type=\"widget\" data-e-type=\"widget\" data-widget_type=\"icon-list.default\">\n\t\t\t\t\t\t\t<ul class=\"elementor-icon-list-items\">\n\t\t\t\t\t\t\t<li class=\"elementor-icon-list-item\">\n\t\t\t\t\t\t\t\t\t\t\t<span class=\"elementor-icon-list-icon\">\n\t\t\t\t\t\t\t<i aria-hidden=\"true\" class=\"fas fa-check-circle\"><\/i>\t\t\t\t\t\t<\/span>\n\t\t\t\t\t\t\t\t\t\t<span class=\"elementor-icon-list-text\">Platforma \"v\u0161etko v jednom\": Spravujte v\u0161etko od tried a\u017e po produkty pod jednou strechou<\/span>\n\t\t\t\t\t\t\t\t\t<\/li>\n\t\t\t\t\t\t\t\t<li class=\"elementor-icon-list-item\">\n\t\t\t\t\t\t\t\t\t\t\t<span class=\"elementor-icon-list-icon\">\n\t\t\t\t\t\t\t<i aria-hidden=\"true\" class=\"fas fa-check-circle\"><\/i>\t\t\t\t\t\t<\/span>\n\t\t\t\t\t\t\t\t\t\t<span class=\"elementor-icon-list-text\">Flexibiln\u00e9 ponuky: Vytv\u00e1rajte skupinov\u00e9 lekcie, s\u00fakromn\u00e9 lekcie, t\u00e1bory a \u010fal\u0161ie<\/span>\n\t\t\t\t\t\t\t\t\t<\/li>\n\t\t\t\t\t\t<\/ul>\n\t\t\t\t\t\t<\/div>\n\t\t\t\t\t<\/div>\n\t\t\t\t<\/div>\n\t\t\t\t<\/div>\n\t\t<div class=\"elementor-element elementor-element-c27f453 e-con-full e-flex e-con e-child\" data-id=\"c27f453\" data-element_type=\"container\" data-e-type=\"container\">\n\t\t<div class=\"elementor-element elementor-element-6c02f6f e-con-full e-flex e-con e-child\" data-id=\"6c02f6f\" data-element_type=\"container\" data-e-type=\"container\">\n\t\t\t\t<div class=\"elementor-element elementor-element-b3ca083 elementor-widget__width-initial elementor-widget elementor-widget-heading\" data-id=\"b3ca083\" data-element_type=\"widget\" data-e-type=\"widget\" data-widget_type=\"heading.default\">\n\t\t\t\t\t<h3 class=\"elementor-heading-title elementor-size-default\">2. Prisp\u00f4sobite\u013en\u00e9 parametre pre ka\u017ed\u00fd produkt<\/h3>\t\t\t\t<\/div>\n\t\t\t\t<\/div>\n\t\t<div class=\"elementor-element elementor-element-569d651 e-flex e-con-boxed e-con e-child\" data-id=\"569d651\" data-element_type=\"container\" data-e-type=\"container\">\n\t\t\t\t\t<div class=\"e-con-inner\">\n\t\t\t\t<div class=\"elementor-element elementor-element-e1714e0 elementor-widget elementor-widget-text-editor\" data-id=\"e1714e0\" data-element_type=\"widget\" data-e-type=\"widget\" data-widget_type=\"text-editor.default\">\n\t\t\t\t\t\t\t\t\t<p>Ka\u017ed\u00fd typ produktu m\u00f4\u017ee ma\u0165 vlastn\u00e9 jedine\u010dn\u00e9 nastavenia, v\u010faka \u010domu m\u00f4\u017eete prisp\u00f4sobi\u0165 ponuku tak, aby sp\u013a\u0148ala va\u0161e obchodn\u00e9 ciele a o\u010dak\u00e1vania klientov.<\/p>\n\t\t\t\t\t\t\t\t<\/div>\n\t\t\t\t\t<\/div>\n\t\t\t\t<\/div>\n\t\t<div class=\"elementor-element elementor-element-6df709b e-flex e-con-boxed e-con e-child\" data-id=\"6df709b\" data-element_type=\"container\" data-e-type=\"container\">\n\t\t\t\t\t<div class=\"e-con-inner\">\n\t\t\t\t<div class=\"elementor-element elementor-element-1aa0312 elementor-widget__width-initial elementor-icon-list--layout-traditional elementor-list-item-link-full_width elementor-widget elementor-widget-icon-list\" data-id=\"1aa0312\" data-element_type=\"widget\" data-e-type=\"widget\" data-widget_type=\"icon-list.default\">\n\t\t\t\t\t\t\t<ul class=\"elementor-icon-list-items\">\n\t\t\t\t\t\t\t<li class=\"elementor-icon-list-item\">\n\t\t\t\t\t\t\t\t\t\t\t<span class=\"elementor-icon-list-icon\">\n\t\t\t\t\t\t\t<i aria-hidden=\"true\" class=\"fas fa-check-circle\"><\/i>\t\t\t\t\t\t<\/span>\n\t\t\t\t\t\t\t\t\t\t<span class=\"elementor-icon-list-text\">Jedine\u010dn\u00e9 mo\u017enosti platby: Nastavte r\u00f4zne sp\u00f4soby platby pre ka\u017ed\u00fd produkt<\/span>\n\t\t\t\t\t\t\t\t\t<\/li>\n\t\t\t\t\t\t\t\t<li class=\"elementor-icon-list-item\">\n\t\t\t\t\t\t\t\t\t\t\t<span class=\"elementor-icon-list-icon\">\n\t\t\t\t\t\t\t<i aria-hidden=\"true\" class=\"fas fa-check-circle\"><\/i>\t\t\t\t\t\t<\/span>\n\t\t\t\t\t\t\t\t\t\t<span class=\"elementor-icon-list-text\">Z\u013eavy a propaga\u010dn\u00e9 akcie: Prisp\u00f4sobte si z\u013eavy na produkt alebo typ rel\u00e1cie<\/span>\n\t\t\t\t\t\t\t\t\t<\/li>\n\t\t\t\t\t\t\t\t<li class=\"elementor-icon-list-item\">\n\t\t\t\t\t\t\t\t\t\t\t<span class=\"elementor-icon-list-icon\">\n\t\t\t\t\t\t\t<i aria-hidden=\"true\" class=\"fas fa-check-circle\"><\/i>\t\t\t\t\t\t<\/span>\n\t\t\t\t\t\t\t\t\t\t<span class=\"elementor-icon-list-text\">Kapacita a limity: Definujte limity \u00fa\u010dastn\u00edkov a automatizujte \u010dakacie zoznamy alebo n\u00e1hrady<\/span>\n\t\t\t\t\t\t\t\t\t<\/li>\n\t\t\t\t\t\t<\/ul>\n\t\t\t\t\t\t<\/div>\n\t\t\t\t\t<\/div>\n\t\t\t\t<\/div>\n\t\t\t\t<\/div>\n\t\t<div class=\"elementor-element elementor-element-2696674 e-con-full e-flex e-con e-child\" data-id=\"2696674\" data-element_type=\"container\" data-e-type=\"container\">\n\t\t<div class=\"elementor-element elementor-element-196dd56 e-con-full e-flex e-con e-child\" data-id=\"196dd56\" data-element_type=\"container\" data-e-type=\"container\">\n\t\t\t\t<div class=\"elementor-element elementor-element-56d3a8d elementor-widget__width-initial elementor-widget elementor-widget-heading\" data-id=\"56d3a8d\" data-element_type=\"widget\" data-e-type=\"widget\" data-widget_type=\"heading.default\">\n\t\t\t\t\t<h3 class=\"elementor-heading-title elementor-size-default\">3. Automatizovan\u00fd a zjednodu\u0161en\u00fd proces predaja<\/h3>\t\t\t\t<\/div>\n\t\t\t\t<\/div>\n\t\t<div class=\"elementor-element elementor-element-f7bc8f7 e-flex e-con-boxed e-con e-child\" data-id=\"f7bc8f7\" data-element_type=\"container\" data-e-type=\"container\">\n\t\t\t\t\t<div class=\"e-con-inner\">\n\t\t\t\t<div class=\"elementor-element elementor-element-c6fbbcc elementor-widget elementor-widget-text-editor\" data-id=\"c6fbbcc\" data-element_type=\"widget\" data-e-type=\"widget\" data-widget_type=\"text-editor.default\">\n\t\t\t\t\t\t\t\t\t<p>Pomocou n\u00e1stroja Product Builder m\u00f4\u017eete automatizova\u0165 mnoh\u00e9 aspekty spr\u00e1vy produktov, a tak sa m\u00f4\u017eete s\u00fastredi\u0165 na rast a anga\u017eovanos\u0165 klientov.<\/p>\n\t\t\t\t\t\t\t\t<\/div>\n\t\t\t\t\t<\/div>\n\t\t\t\t<\/div>\n\t\t<div class=\"elementor-element elementor-element-b85dc91 e-flex e-con-boxed e-con e-child\" data-id=\"b85dc91\" data-element_type=\"container\" data-e-type=\"container\">\n\t\t\t\t\t<div class=\"e-con-inner\">\n\t\t\t\t<div class=\"elementor-element elementor-element-5651325 elementor-widget__width-initial elementor-icon-list--layout-traditional elementor-list-item-link-full_width elementor-widget elementor-widget-icon-list\" data-id=\"5651325\" data-element_type=\"widget\" data-e-type=\"widget\" data-widget_type=\"icon-list.default\">\n\t\t\t\t\t\t\t<ul class=\"elementor-icon-list-items\">\n\t\t\t\t\t\t\t<li class=\"elementor-icon-list-item\">\n\t\t\t\t\t\t\t\t\t\t\t<span class=\"elementor-icon-list-icon\">\n\t\t\t\t\t\t\t<i aria-hidden=\"true\" class=\"fas fa-check-circle\"><\/i>\t\t\t\t\t\t<\/span>\n\t\t\t\t\t\t\t\t\t\t<span class=\"elementor-icon-list-text\">Automatick\u00e1 registr\u00e1cia: Nastavenie automatick\u00e9ho z\u00e1pisu a pripomienok<\/span>\n\t\t\t\t\t\t\t\t\t<\/li>\n\t\t\t\t\t\t\t\t<li class=\"elementor-icon-list-item\">\n\t\t\t\t\t\t\t\t\t\t\t<span class=\"elementor-icon-list-icon\">\n\t\t\t\t\t\t\t<i aria-hidden=\"true\" class=\"fas fa-check-circle\"><\/i>\t\t\t\t\t\t<\/span>\n\t\t\t\t\t\t\t\t\t\t<span class=\"elementor-icon-list-text\">Bezprobl\u00e9mov\u00fd upselling: Navrhujte s\u00favisiace produkty alebo rel\u00e1cie priamo na rezerva\u010dn\u00fdch str\u00e1nkach<\/span>\n\t\t\t\t\t\t\t\t\t<\/li>\n\t\t\t\t\t\t\t\t<li class=\"elementor-icon-list-item\">\n\t\t\t\t\t\t\t\t\t\t\t<span class=\"elementor-icon-list-icon\">\n\t\t\t\t\t\t\t<i aria-hidden=\"true\" class=\"fas fa-check-circle\"><\/i>\t\t\t\t\t\t<\/span>\n\t\t\t\t\t\t\t\t\t\t<span class=\"elementor-icon-list-text\">Spr\u00e1vy a postrehy: Pr\u00edstup k \u00fadajom o v\u00fdkonnosti ka\u017ed\u00e9ho produktu, ktor\u00e9 v\u00e1m pom\u00f4\u017eu prij\u00edma\u0165 informovan\u00e9 rozhodnutia<\/span>\n\t\t\t\t\t\t\t\t\t<\/li>\n\t\t\t\t\t\t<\/ul>\n\t\t\t\t\t\t<\/div>\n\t\t\t\t\t<\/div>\n\t\t\t\t<\/div>\n\t\t\t\t<\/div>\n\t\t\t\t<\/div>\n\t\t\t\t<\/div>\n\t\t\t\t\t<\/div>\n\t\t\t\t<\/div>\n\t\t<div class=\"elementor-element elementor-element-9a6c3a6 e-flex e-con-boxed e-con e-parent\" data-id=\"9a6c3a6\" data-element_type=\"container\" data-e-type=\"container\">\n\t\t\t\t\t<div class=\"e-con-inner\">\n\t\t<div class=\"elementor-element elementor-element-9cc52f0 e-con-full e-flex e-con e-child\" data-id=\"9cc52f0\" data-element_type=\"container\" data-e-type=\"container\">\n\t\t<div class=\"elementor-element elementor-element-487374a e-con-full e-flex e-con e-child\" data-id=\"487374a\" data-element_type=\"container\" data-e-type=\"container\">\n\t\t\t\t<div class=\"elementor-element elementor-element-06bae9a elementor-widget elementor-widget-spacer\" data-id=\"06bae9a\" data-element_type=\"widget\" data-e-type=\"widget\" data-widget_type=\"spacer.default\">\n\t\t\t\t\t\t\t<div class=\"elementor-spacer\">\n\t\t\t<div class=\"elementor-spacer-inner\"><\/div>\n\t\t<\/div>\n\t\t\t\t\t\t<\/div>\n\t\t\t\t<div class=\"elementor-element elementor-element-ddc55f2 elementor-headline--style-highlight elementor-widget elementor-widget-animated-headline\" data-id=\"ddc55f2\" data-element_type=\"widget\" data-e-type=\"widget\" data-settings=\"{&quot;highlighted_text&quot;:&quot;Product Builder&quot;,&quot;headline_style&quot;:&quot;highlight&quot;,&quot;marker&quot;:&quot;circle&quot;,&quot;loop&quot;:&quot;yes&quot;,&quot;highlight_animation_duration&quot;:1200,&quot;highlight_iteration_delay&quot;:8000}\" data-widget_type=\"animated-headline.default\">\n\t\t\t\t\t\t\t<h2 class=\"elementor-headline\">\n\t\t\t\t\t<span class=\"elementor-headline-plain-text elementor-headline-text-wrapper\">Pre\u010do je<\/span>\n\t\t\t\t<span class=\"elementor-headline-dynamic-wrapper elementor-headline-text-wrapper\">\n\t\t\t\t\t<span class=\"elementor-headline-dynamic-text elementor-headline-text-active\">Product Builder<\/span>\n\t\t\t\t<\/span>\n\t\t\t\t\t<span class=\"elementor-headline-plain-text elementor-headline-text-wrapper\">jedine\u010dn\u00fd<\/span>\n\t\t\t\t\t<\/h2>\n\t\t\t\t\t\t<\/div>\n\t\t\t\t<div class=\"elementor-element elementor-element-7fe74f4 elementor-widget elementor-widget-text-editor\" data-id=\"7fe74f4\" data-element_type=\"widget\" data-e-type=\"widget\" data-widget_type=\"text-editor.default\">\n\t\t\t\t\t\t\t\t\t<p>N\u00e1stroj na <strong>vytv\u00e1ranie produktov spolo\u010dnosti Zooza<\/strong> je viac ako len jednoduch\u00fd n\u00e1stroj na pl\u00e1novanie alebo rezerv\u00e1ciu. Je vytvoren\u00fd pre komplexnos\u0165 detsk\u00fdch aktiv\u00edt a umo\u017e\u0148uje prisp\u00f4sobi\u0165 ka\u017ed\u00fd produkt \u0161pecifick\u00fdm potreb\u00e1m. Na rozdiel od in\u00fdch syst\u00e9mov, ktor\u00e9 vy\u017eaduj\u00fa viacero platforiem na spr\u00e1vu r\u00f4znych typov pon\u00fak, Product Builder centralizuje v\u0161etky va\u0161e produkty na jednom mieste. T\u00e1to flexibilita znamen\u00e1, \u017ee m\u00f4\u017eete \u013eahko \u0161k\u00e1lova\u0165, prid\u00e1va\u0165 nov\u00e9 typy produktov a udr\u017eiava\u0165 bezprobl\u00e9mov\u00fa, zna\u010dkov\u00fa klientsku sk\u00fasenos\u0165 vo v\u0161etk\u00fdch svojich ponuk\u00e1ch.   <\/p><\/p>\n\t\t\t\t\t\t\t\t<\/div>\n\t\t\t\t<div class=\"elementor-element elementor-element-5d1c81f elementor-widget elementor-widget-text-editor\" data-id=\"5d1c81f\" data-element_type=\"widget\" data-e-type=\"widget\" data-widget_type=\"text-editor.default\">\n\t\t\t\t\t\t\t\t\t<ol>\n<li style=\"list-style-type: none;\">\n<ol>\n<li>\n<p><strong>Flexibilita &#8222;v\u0161etko v jednom&#8220;<\/strong><br \/>Spravujte viacero typov produktov &#8211; triedy, t\u00e1bory, digit\u00e1lne produkty a \u010fal\u0161ie &#8211; v\u0161etko v r\u00e1mci syst\u00e9mu Zooza, \u010d\u00edm sa eliminuje potreba samostatn\u00fdch n\u00e1strojov.<\/p>\n<\/li>\n<li>\n<p><strong>Prisp\u00f4sobenie pre ka\u017ed\u00fa ponuku<\/strong><br \/>Ka\u017ed\u00fd produkt m\u00e1 svoje vlastn\u00e9 parametre vr\u00e1tane mo\u017enost\u00ed platby, nastaven\u00ed zliav, kapacitn\u00fdch limitov a pravidiel automatiz\u00e1cie, tak\u017ee sa d\u00e1 prisp\u00f4sobi\u0165 ka\u017edej obchodnej potrebe.<\/p>\n<\/li>\n<li>\n<p><strong>Jednotn\u00fd z\u00e1\u017eitok so zna\u010dkou<\/strong><br \/>Zooza zabezpe\u010duje, aby ka\u017ed\u00fd produkt, \u010di u\u017e osobn\u00fd alebo digit\u00e1lny, hladko zapadol do z\u00e1\u017eitku so zna\u010dkou, \u010d\u00edm pom\u00e1ha budova\u0165 d\u00f4veru a konzistenciu.<\/p>\n<\/li>\n<\/ol>\n<\/li>\n<\/ol>\n\t\t\t\t\t\t\t\t<\/div>\n\t\t\t\t<\/div>\n\t\t\t\t<\/div>\n\t\t\t\t\t<\/div>\n\t\t\t\t<\/div>\n\t\t<div class=\"elementor-element elementor-element-01722c4 e-flex e-con-boxed e-con e-parent\" data-id=\"01722c4\" data-element_type=\"container\" data-e-type=\"container\">\n\t\t\t\t\t<div class=\"e-con-inner\">\n\t\t<div class=\"elementor-element elementor-element-a152a16 e-con-full e-flex e-con e-child\" data-id=\"a152a16\" data-element_type=\"container\" data-e-type=\"container\">\n\t\t<div class=\"elementor-element elementor-element-ce699cf e-con-full e-flex e-con e-child\" data-id=\"ce699cf\" data-element_type=\"container\" data-e-type=\"container\" data-settings=\"{&quot;background_background&quot;:&quot;classic&quot;}\">\n\t\t<div class=\"elementor-element elementor-element-fc8ed52 e-flex e-con-boxed e-con e-child\" data-id=\"fc8ed52\" data-element_type=\"container\" data-e-type=\"container\" data-settings=\"{&quot;background_background&quot;:&quot;classic&quot;}\">\n\t\t\t\t\t<div class=\"e-con-inner\">\n\t\t<div class=\"elementor-element elementor-element-d0cb43c e-con-full e-flex e-con e-child\" data-id=\"d0cb43c\" data-element_type=\"container\" data-e-type=\"container\">\n\t\t\t\t<div class=\"elementor-element elementor-element-f27e99b elementor-headline--style-highlight elementor-invisible elementor-widget elementor-widget-animated-headline\" data-id=\"f27e99b\" data-element_type=\"widget\" data-e-type=\"widget\" data-settings=\"{&quot;highlighted_text&quot;:&quot; u\\u0161etrite a\\u017e 70 % &quot;,&quot;_animation&quot;:&quot;fadeInUp&quot;,&quot;marker&quot;:&quot;double_underline&quot;,&quot;headline_style&quot;:&quot;highlight&quot;,&quot;loop&quot;:&quot;yes&quot;,&quot;highlight_animation_duration&quot;:1200,&quot;highlight_iteration_delay&quot;:8000}\" data-widget_type=\"animated-headline.default\">\n\t\t\t\t\t\t\t<h2 class=\"elementor-headline\">\n\t\t\t\t\t<span class=\"elementor-headline-plain-text elementor-headline-text-wrapper\">Zni\u017eujte n\u00e1klady, nie kvalitu \u2013<\/span>\n\t\t\t\t<span class=\"elementor-headline-dynamic-wrapper elementor-headline-text-wrapper\">\n\t\t\t\t\t<span class=\"elementor-headline-dynamic-text elementor-headline-text-active\"> u\u0161etrite a\u017e 70 % <\/span>\n\t\t\t\t<\/span>\n\t\t\t\t\t<span class=\"elementor-headline-plain-text elementor-headline-text-wrapper\">u\u017e dnes!<\/span>\n\t\t\t\t\t<\/h2>\n\t\t\t\t\t\t<\/div>\n\t\t\t\t<div class=\"elementor-element elementor-element-f31d55a elementor-invisible elementor-widget elementor-widget-heading\" data-id=\"f31d55a\" data-element_type=\"widget\" data-e-type=\"widget\" data-settings=\"{&quot;_animation&quot;:&quot;fadeIn&quot;}\" data-widget_type=\"heading.default\">\n\t\t\t\t\t<h4 class=\"elementor-heading-title elementor-size-default\">Objavte cenov\u00e9 mo\u017enosti, ktor\u00e9 rast\u00fa s vami a presne zapadn\u00fa do v\u00e1\u0161ho po\u010dtu klientov.<\/h4>\t\t\t\t<\/div>\n\t\t\t\t<div class=\"elementor-element elementor-element-a8ce855 elementor-widget__width-auto cool-button elementor-align-right elementor-widget elementor-widget-button\" data-id=\"a8ce855\" data-element_type=\"widget\" data-e-type=\"widget\" data-widget_type=\"button.default\">\n\t\t\t\t\t\t\t\t\t\t<a class=\"elementor-button elementor-button-link elementor-size-md elementor-animation-grow\" href=\"https:\/\/www.zooza.online\/sk\/features\/\">\n\t\t\t\t\t\t<span class=\"elementor-button-content-wrapper\">\n\t\t\t\t\t\t<span class=\"elementor-button-icon\">\n\t\t\t\t<i aria-hidden=\"true\" class=\"fas fa-arrow-right\"><\/i>\t\t\t<\/span>\n\t\t\t\t\t\t\t\t\t<span class=\"elementor-button-text\">Zisti\u0165 viac<\/span>\n\t\t\t\t\t<\/span>\n\t\t\t\t\t<\/a>\n\t\t\t\t\t\t\t\t<\/div>\n\t\t\t\t<\/div>\n\t\t\t\t\t<\/div>\n\t\t\t\t<\/div>\n\t\t\t\t<\/div>\n\t\t\t\t<\/div>\n\t\t\t\t\t<\/div>\n\t\t\t\t<\/div>\n\t\t\t\t<\/div>\n\t\t","protected":false},"excerpt":{"rendered":"<p>Spravujte v\u0161etky svoje produkty na jednom mieste pomocou n\u00e1stroja Product Builder Pri aktivit\u00e1ch a vzdel\u00e1van\u00ed det\u00ed je k\u013e\u00fa\u010dov\u00e1 flexibilita. N\u00e1stroj na tvorbu produktov od spolo\u010dnosti Zooza v\u00e1m umo\u017e\u0148uje spravova\u0165 \u0161irok\u00fa \u0161k\u00e1lu pon\u00fak &#8211; \u010di u\u017e ide o prebiehaj\u00face kurzy, skupinov\u00e9 alebo s\u00fakromn\u00e9 sedenia, letn\u00e9 t\u00e1bory, digit\u00e1lny obsah alebo tovar &#8211; v\u0161etko v r\u00e1mci jednej platformy. [&hellip;]<\/p>\n","protected":false},"author":2,"featured_media":0,"parent":21760,"menu_order":0,"comment_status":"closed","ping_status":"closed","template":"","meta":{"_acf_changed":false,"footnotes":""},"class_list":["post-21642","page","type-page","status-publish","hentry"],"acf":[],"_links":{"self":[{"href":"https:\/\/www.zooza.online\/sk\/wp-json\/wp\/v2\/pages\/21642","targetHints":{"allow":["GET"]}}],"collection":[{"href":"https:\/\/www.zooza.online\/sk\/wp-json\/wp\/v2\/pages"}],"about":[{"href":"https:\/\/www.zooza.online\/sk\/wp-json\/wp\/v2\/types\/page"}],"author":[{"embeddable":true,"href":"https:\/\/www.zooza.online\/sk\/wp-json\/wp\/v2\/users\/2"}],"replies":[{"embeddable":true,"href":"https:\/\/www.zooza.online\/sk\/wp-json\/wp\/v2\/comments?post=21642"}],"version-history":[{"count":1,"href":"https:\/\/www.zooza.online\/sk\/wp-json\/wp\/v2\/pages\/21642\/revisions"}],"predecessor-version":[{"id":30754,"href":"https:\/\/www.zooza.online\/sk\/wp-json\/wp\/v2\/pages\/21642\/revisions\/30754"}],"up":[{"embeddable":true,"href":"https:\/\/www.zooza.online\/sk\/wp-json\/wp\/v2\/pages\/21760"}],"wp:attachment":[{"href":"https:\/\/www.zooza.online\/sk\/wp-json\/wp\/v2\/media?parent=21642"}],"curies":[{"name":"wp","href":"https:\/\/api.w.org\/{rel}","templated":true}]}}