{"id":21645,"date":"2024-10-31T13:29:39","date_gmt":"2024-10-31T13:29:39","guid":{"rendered":"https:\/\/www.zooza.online\/features\/udrzujte-rodicov-v-spojeni-na-znacke-a-na-mieste-s-parentflow-connect\/"},"modified":"2026-04-27T09:30:38","modified_gmt":"2026-04-27T09:30:38","slug":"parentflow-connect","status":"publish","type":"page","link":"https:\/\/www.zooza.online\/sk\/rast\/parentflow-connect\/","title":{"rendered":"Udr\u017eujte rodi\u010dov v spojen\u00ed, na zna\u010dke a na mieste s ParentFlow Connect\u2122"},"content":{"rendered":"\t\t<div data-elementor-type=\"wp-page\" data-elementor-id=\"21645\" class=\"elementor elementor-21645 elementor-21213\" data-elementor-post-type=\"page\">\n\t\t\t\t<div class=\"elementor-element elementor-element-1a0886b e-con-full e-flex e-con e-parent\" data-id=\"1a0886b\" data-element_type=\"container\" data-e-type=\"container\">\n\t\t<div class=\"elementor-element elementor-element-e5b063a e-con-full e-flex e-con e-child\" data-id=\"e5b063a\" data-element_type=\"container\" data-e-type=\"container\">\n\t\t<div class=\"elementor-element elementor-element-1b8ec3a e-con-full e-flex e-con e-child\" data-id=\"1b8ec3a\" data-element_type=\"container\" data-e-type=\"container\" data-settings=\"{&quot;background_background&quot;:&quot;classic&quot;}\">\n\t\t<div class=\"elementor-element elementor-element-614bfb3 e-flex e-con-boxed e-con e-child\" data-id=\"614bfb3\" data-element_type=\"container\" data-e-type=\"container\">\n\t\t\t\t\t<div class=\"e-con-inner\">\n\t\t<div class=\"elementor-element elementor-element-6b7e522 e-con-full e-flex e-con e-child\" data-id=\"6b7e522\" data-element_type=\"container\" data-e-type=\"container\">\n\t\t<div class=\"elementor-element elementor-element-620c12d e-con-full e-flex e-con e-child\" data-id=\"620c12d\" data-element_type=\"container\" data-e-type=\"container\">\n\t\t\t\t<div class=\"elementor-element elementor-element-db153ba elementor-widget__width-initial elementor-headline--style-highlight elementor-widget elementor-widget-animated-headline\" data-id=\"db153ba\" data-element_type=\"widget\" data-e-type=\"widget\" data-settings=\"{&quot;highlighted_text&quot;:&quot;On-Brand&quot;,&quot;marker&quot;:&quot;underline&quot;,&quot;headline_style&quot;:&quot;highlight&quot;,&quot;loop&quot;:&quot;yes&quot;,&quot;highlight_animation_duration&quot;:1200,&quot;highlight_iteration_delay&quot;:8000}\" data-widget_type=\"animated-headline.default\">\n\t\t\t\t\t\t\t<h1 class=\"elementor-headline\">\n\t\t\t\t\t<span class=\"elementor-headline-plain-text elementor-headline-text-wrapper\">Udr\u017eujte rodi\u010dov v spojen\u00ed, <\/span>\n\t\t\t\t<span class=\"elementor-headline-dynamic-wrapper elementor-headline-text-wrapper\">\n\t\t\t\t\t<span class=\"elementor-headline-dynamic-text elementor-headline-text-active\">On-Brand<\/span>\n\t\t\t\t<\/span>\n\t\t\t\t\t<span class=\"elementor-headline-plain-text elementor-headline-text-wrapper\">a na va\u0161ej str\u00e1nke<\/span>\n\t\t\t\t\t<\/h1>\n\t\t\t\t\t\t<\/div>\n\t\t\t\t<\/div>\n\t\t<div class=\"elementor-element elementor-element-a1b7e03 e-con-full e-flex e-con e-child\" data-id=\"a1b7e03\" data-element_type=\"container\" data-e-type=\"container\">\n\t\t\t\t<div class=\"elementor-element elementor-element-9aa04bc elementor-widget__width-initial elementor-widget elementor-widget-heading\" data-id=\"9aa04bc\" data-element_type=\"widget\" data-e-type=\"widget\" data-widget_type=\"heading.default\">\n\t\t\t\t\t<p class=\"elementor-heading-title elementor-size-default\">Rodi\u010dia o\u010dak\u00e1vaj\u00fa jednoduch\u00fd pr\u00edstup k spr\u00e1ve doch\u00e1dzky, platieb a rozvrhov \u2013 a to v\u0161etko bez nutnosti opusti\u0165 va\u0161e webov\u00e9 str\u00e1nky. ParentFlow Connect\u2122 prin\u00e1\u0161a plne zna\u010dkov\u00fa klientsku z\u00f3nu priamo na va\u0161om webe, ktor\u00e1 umo\u017e\u0148uje jednoduch\u00fa a plynul\u00fa spr\u00e1vu ka\u017edej interakcie a posil\u0148uje va\u0161u zna\u010dku na ka\u017edom kroku.<\/p>\t\t\t\t<\/div>\n\t\t\t\t<\/div>\n\t\t\t\t<\/div>\n\t\t\t\t\t<\/div>\n\t\t\t\t<\/div>\n\t\t\t\t<\/div>\n\t\t\t\t<\/div>\n\t\t\t\t<\/div>\n\t\t<div class=\"elementor-element elementor-element-70da165 e-flex e-con-boxed e-con e-parent\" data-id=\"70da165\" data-element_type=\"container\" data-e-type=\"container\">\n\t\t\t\t\t<div class=\"e-con-inner\">\n\t\t<div class=\"elementor-element elementor-element-a330d98 e-con-full e-flex e-con e-child\" data-id=\"a330d98\" data-element_type=\"container\" data-e-type=\"container\">\n\t\t<div class=\"elementor-element elementor-element-5cb8024 e-con-full e-flex e-con e-child\" data-id=\"5cb8024\" data-element_type=\"container\" data-e-type=\"container\">\n\t\t\t\t<div class=\"elementor-element elementor-element-1e6eb9c elementor-widget elementor-widget-heading\" data-id=\"1e6eb9c\" data-element_type=\"widget\" data-e-type=\"widget\" data-widget_type=\"heading.default\">\n\t\t\t\t\t<h2 class=\"elementor-heading-title elementor-size-default\"><strong>Za\u017eite inov\u00e1ciu<\/strong><\/h2>\t\t\t\t<\/div>\n\t\t\t\t<\/div>\n\t\t<div class=\"elementor-element elementor-element-4fae758 e-con-full elementor-hidden-desktop elementor-hidden-tablet elementor-hidden-mobile e-flex e-con e-child\" data-id=\"4fae758\" data-element_type=\"container\" data-e-type=\"container\">\n\t\t<div class=\"elementor-element elementor-element-d849866 e-flex e-con-boxed e-con e-child\" data-id=\"d849866\" data-element_type=\"container\" data-e-type=\"container\">\n\t\t\t\t\t<div class=\"e-con-inner\">\n\t\t\t\t<div class=\"elementor-element elementor-element-f2605cc elementor-invisible elementor-widget elementor-widget-heading\" data-id=\"f2605cc\" data-element_type=\"widget\" data-e-type=\"widget\" data-settings=\"{&quot;_animation&quot;:&quot;fadeInDown&quot;}\" data-widget_type=\"heading.default\">\n\t\t\t\t\t<p class=\"elementor-heading-title elementor-size-default\">O spolo\u010dnosti Zooza<\/p>\t\t\t\t<\/div>\n\t\t\t\t<div class=\"elementor-element elementor-element-15029e7 elementor-invisible elementor-widget elementor-widget-heading\" data-id=\"15029e7\" data-element_type=\"widget\" data-e-type=\"widget\" data-settings=\"{&quot;_animation&quot;:&quot;fadeInUp&quot;}\" data-widget_type=\"heading.default\">\n\t\t\t\t\t<h2 class=\"elementor-heading-title elementor-size-default\">Viac z\u00e1bavy s kurzami,<br>menej administrat\u00edvy.<\/h2>\t\t\t\t<\/div>\n\t\t\t\t<div class=\"elementor-element elementor-element-23f8d78 elementor-align-right elementor-widget__width-auto cool-button elementor-widget elementor-widget-button\" data-id=\"23f8d78\" data-element_type=\"widget\" data-e-type=\"widget\" data-widget_type=\"button.default\">\n\t\t\t\t\t\t\t\t\t\t<a class=\"elementor-button elementor-button-link elementor-size-md elementor-animation-grow\" href=\"\/signup\">\n\t\t\t\t\t\t<span class=\"elementor-button-content-wrapper\">\n\t\t\t\t\t\t<span class=\"elementor-button-icon\">\n\t\t\t\t<i aria-hidden=\"true\" class=\"fas fa-arrow-right\"><\/i>\t\t\t<\/span>\n\t\t\t\t\t\t\t\t\t<span class=\"elementor-button-text\">Vysk\u00fa\u0161a\u0165 zadarmo<\/span>\n\t\t\t\t\t<\/span>\n\t\t\t\t\t<\/a>\n\t\t\t\t\t\t\t\t<\/div>\n\t\t\t\t\t<\/div>\n\t\t\t\t<\/div>\n\t\t\t\t<\/div>\n\t\t<div class=\"elementor-element elementor-element-e7ee1fa e-con-full e-flex e-con e-child\" data-id=\"e7ee1fa\" data-element_type=\"container\" data-e-type=\"container\">\n\t\t<div class=\"elementor-element elementor-element-d0c2c42 e-con-full e-flex e-con e-child\" data-id=\"d0c2c42\" data-element_type=\"container\" data-e-type=\"container\">\n\t\t<div class=\"elementor-element elementor-element-f9ba638 e-flex e-con-boxed e-con e-child\" data-id=\"f9ba638\" data-element_type=\"container\" data-e-type=\"container\">\n\t\t\t\t\t<div class=\"e-con-inner\">\n\t\t\t\t<div class=\"elementor-element elementor-element-88ccad4 elementor-widget elementor-widget-heading\" data-id=\"88ccad4\" data-element_type=\"widget\" data-e-type=\"widget\" data-widget_type=\"heading.default\">\n\t\t\t\t\t<h3 class=\"elementor-heading-title elementor-size-default\"><h3 data-elementor-setting-key=\"title\" data-pen-placeholder=\"Type Here...\">ParentFlow Connect\u2122<span style=\"color: var( --e-global-color-text );font-family: var( --e-global-typography-533b864-font-family ), Sans-serif;font-size: var( --e-global-typography-533b864-font-size );font-weight: var( --e-global-typography-533b864-font-weight )\"><\/span><\/h3><\/h3>\t\t\t\t<\/div>\n\t\t\t\t\t<\/div>\n\t\t\t\t<\/div>\n\t\t<div class=\"elementor-element elementor-element-022e10e e-flex e-con-boxed e-con e-child\" data-id=\"022e10e\" data-element_type=\"container\" data-e-type=\"container\">\n\t\t\t\t\t<div class=\"e-con-inner\">\n\t\t\t\t<div class=\"elementor-element elementor-element-7a4389e elementor-widget elementor-widget-text-editor\" data-id=\"7a4389e\" data-element_type=\"widget\" data-e-type=\"widget\" data-widget_type=\"text-editor.default\">\n\t\t\t\t\t\t\t\t\t<p>Jednoduch\u00e1 komunik\u00e1cia, spojenie poh\u00e1\u0148an\u00e9 va\u0161ou zna\u010dkou<\/p>\t\t\t\t\t\t\t\t<\/div>\n\t\t\t\t<div class=\"elementor-element elementor-element-47f1c87 elementor-widget elementor-widget-text-editor\" data-id=\"47f1c87\" data-element_type=\"widget\" data-e-type=\"widget\" data-widget_type=\"text-editor.default\">\n\t\t\t\t\t\t\t\t\t<p>ParentFlow Connect\u2122 je navrhnut\u00fd tak, aby komunik\u00e1cia s rodi\u010dmi bola jednoduch\u00e1, priama a konzistentn\u00e1 s va\u0161ou zna\u010dkou. Notifik\u00e1cie, pripomienky a aktualiz\u00e1cie prebiehaj\u00fa plynulo, bez komplikovan\u00fdch prihl\u00e1sen\u00ed \u010di zme\u0161kan\u00fdch spr\u00e1v.<\/p>\t\t\t\t\t\t\t\t<\/div>\n\t\t\t\t\t<\/div>\n\t\t\t\t<\/div>\n\t\t\t\t<div class=\"elementor-element elementor-element-bc71c34 elementor-icon-list--layout-traditional elementor-list-item-link-full_width elementor-widget elementor-widget-icon-list\" data-id=\"bc71c34\" data-element_type=\"widget\" data-e-type=\"widget\" data-widget_type=\"icon-list.default\">\n\t\t\t\t\t\t\t<ul class=\"elementor-icon-list-items\">\n\t\t\t\t\t\t\t<li class=\"elementor-icon-list-item\">\n\t\t\t\t\t\t\t\t\t\t\t<span class=\"elementor-icon-list-icon\">\n\t\t\t\t\t\t\t<i aria-hidden=\"true\" class=\"fas fa-check-circle\"><\/i>\t\t\t\t\t\t<\/span>\n\t\t\t\t\t\t\t\t\t\t<span class=\"elementor-icon-list-text\"><strong>Automatick\u00e9 ozn\u00e1menia:<\/strong> Udr\u017eujte rodi\u010dov v obraze s aktualiz\u00e1ciami o kurzoch, platb\u00e1ch a rozvrhoch.<\/span>\n\t\t\t\t\t\t\t\t\t<\/li>\n\t\t\t\t\t\t\t\t<li class=\"elementor-icon-list-item\">\n\t\t\t\t\t\t\t\t\t\t\t<span class=\"elementor-icon-list-icon\">\n\t\t\t\t\t\t\t<i aria-hidden=\"true\" class=\"fas fa-check-circle\"><\/i>\t\t\t\t\t\t<\/span>\n\t\t\t\t\t\t\t\t\t\t<span class=\"elementor-icon-list-text\"><strong>Pr\u00edstup bez hesla:<\/strong> Rodi\u010dia sa m\u00f4\u017eu prihl\u00e1si\u0165 bez \u010fal\u0161\u00edch hesiel, \u010do zjednodu\u0161uje proces<\/span>\n\t\t\t\t\t\t\t\t\t<\/li>\n\t\t\t\t\t\t\t\t<li class=\"elementor-icon-list-item\">\n\t\t\t\t\t\t\t\t\t\t\t<span class=\"elementor-icon-list-icon\">\n\t\t\t\t\t\t\t<i aria-hidden=\"true\" class=\"fas fa-check-circle\"><\/i>\t\t\t\t\t\t<\/span>\n\t\t\t\t\t\t\t\t\t\t<span class=\"elementor-icon-list-text\"><strong>Priamy branding:<\/strong> Ka\u017ed\u00e1 spr\u00e1va, pripomienka a aktualiz\u00e1cia nesie vzh\u013ead va\u0161ej zna\u010dky<\/span>\n\t\t\t\t\t\t\t\t\t<\/li>\n\t\t\t\t\t\t\t\t<li class=\"elementor-icon-list-item\">\n\t\t\t\t\t\t\t\t\t\t\t<span class=\"elementor-icon-list-icon\">\n\t\t\t\t\t\t\t<i aria-hidden=\"true\" class=\"fas fa-check-circle\"><\/i>\t\t\t\t\t\t<\/span>\n\t\t\t\t\t\t\t\t\t\t<span class=\"elementor-icon-list-text\"><strong>Zn\u00ed\u017een\u00e9 po\u017eiadavky:<\/strong> Jasn\u00e1 komunik\u00e1cia vedie k men\u0161iemu po\u010dtu ot\u00e1zok, \u010d\u00edm v\u00e1\u0161 t\u00edm z\u00edska viac \u010dasu na in\u00e9 \u00falohy.<\/span>\n\t\t\t\t\t\t\t\t\t<\/li>\n\t\t\t\t\t\t<\/ul>\n\t\t\t\t\t\t<\/div>\n\t\t\t\t<\/div>\n\t\t<div class=\"elementor-element elementor-element-860efda e-flex e-con-boxed e-con e-child\" data-id=\"860efda\" data-element_type=\"container\" data-e-type=\"container\" data-settings=\"{&quot;background_background&quot;:&quot;gradient&quot;}\">\n\t\t\t\t\t<div class=\"e-con-inner\">\n\t\t\t\t<div class=\"elementor-element elementor-element-b924e33 elementor-widget elementor-widget-image\" data-id=\"b924e33\" data-element_type=\"widget\" data-e-type=\"widget\" data-widget_type=\"image.default\">\n\t\t\t\t\t\t\t\t\t\t\t\t\t\t\t<img fetchpriority=\"high\" decoding=\"async\" width=\"768\" height=\"768\" src=\"https:\/\/www.zooza.online\/wp-content\/uploads\/2024\/10\/Copy-of-Email-Pictures-Templates-1-768x768.gif\" class=\"attachment-medium_large size-medium_large wp-image-21163\" alt=\"ParentFlow Connect\u2122\nEffortless Communication, Brand-Driven Engagement\" srcset=\"https:\/\/www.zooza.online\/wp-content\/uploads\/2024\/10\/Copy-of-Email-Pictures-Templates-1-768x768.gif 768w, https:\/\/www.zooza.online\/wp-content\/uploads\/2024\/10\/Copy-of-Email-Pictures-Templates-1-300x300.gif 300w, https:\/\/www.zooza.online\/wp-content\/uploads\/2024\/10\/Copy-of-Email-Pictures-Templates-1-1024x1024.gif 1024w, https:\/\/www.zooza.online\/wp-content\/uploads\/2024\/10\/Copy-of-Email-Pictures-Templates-1-150x150.gif 150w\" sizes=\"(max-width: 768px) 100vw, 768px\" title=\"\">\t\t\t\t\t\t\t\t\t\t\t\t\t\t\t<\/div>\n\t\t\t\t\t<\/div>\n\t\t\t\t<\/div>\n\t\t\t\t<\/div>\n\t\t\t\t<\/div>\n\t\t<div class=\"elementor-element elementor-element-49a8864 e-con-full e-flex e-con e-child\" data-id=\"49a8864\" data-element_type=\"container\" data-e-type=\"container\">\n\t\t<div class=\"elementor-element elementor-element-2e9b68f e-con-full e-flex e-con e-child\" data-id=\"2e9b68f\" data-element_type=\"container\" data-e-type=\"container\">\n\t\t\t\t<div class=\"elementor-element elementor-element-db771c5 elementor-widget elementor-widget-spacer\" data-id=\"db771c5\" data-element_type=\"widget\" data-e-type=\"widget\" data-widget_type=\"spacer.default\">\n\t\t\t\t\t\t\t<div class=\"elementor-spacer\">\n\t\t\t<div class=\"elementor-spacer-inner\"><\/div>\n\t\t<\/div>\n\t\t\t\t\t\t<\/div>\n\t\t\t\t<\/div>\n\t\t\t\t<\/div>\n\t\t\t\t\t<\/div>\n\t\t\t\t<\/div>\n\t\t<div class=\"elementor-element elementor-element-beca3b1 e-flex e-con-boxed e-con e-parent\" data-id=\"beca3b1\" data-element_type=\"container\" data-e-type=\"container\">\n\t\t\t\t\t<div class=\"e-con-inner\">\n\t\t<div class=\"elementor-element elementor-element-73d6a66 e-con-full e-flex e-con e-child\" data-id=\"73d6a66\" data-element_type=\"container\" data-e-type=\"container\">\n\t\t<div class=\"elementor-element elementor-element-636625d e-con-full e-flex e-con e-child\" data-id=\"636625d\" data-element_type=\"container\" data-e-type=\"container\">\n\t\t\t\t<div class=\"elementor-element elementor-element-fb6849d elementor-headline--style-highlight elementor-widget elementor-widget-animated-headline\" data-id=\"fb6849d\" data-element_type=\"widget\" data-e-type=\"widget\" data-settings=\"{&quot;highlighted_text&quot;:&quot;ParentFlow Connect\\u2122&quot;,&quot;headline_style&quot;:&quot;highlight&quot;,&quot;marker&quot;:&quot;circle&quot;,&quot;loop&quot;:&quot;yes&quot;,&quot;highlight_animation_duration&quot;:1200,&quot;highlight_iteration_delay&quot;:8000}\" data-widget_type=\"animated-headline.default\">\n\t\t\t\t\t\t\t<h2 class=\"elementor-headline\">\n\t\t\t\t\t<span class=\"elementor-headline-plain-text elementor-headline-text-wrapper\">Pre\u010do je<\/span>\n\t\t\t\t<span class=\"elementor-headline-dynamic-wrapper elementor-headline-text-wrapper\">\n\t\t\t\t\t<span class=\"elementor-headline-dynamic-text elementor-headline-text-active\">ParentFlow Connect\u2122<\/span>\n\t\t\t\t<\/span>\n\t\t\t\t\t<span class=\"elementor-headline-plain-text elementor-headline-text-wrapper\">jedine\u010dn\u00fd<\/span>\n\t\t\t\t\t<\/h2>\n\t\t\t\t\t\t<\/div>\n\t\t\t\t<div class=\"elementor-element elementor-element-677b93f elementor-widget elementor-widget-text-editor\" data-id=\"677b93f\" data-element_type=\"widget\" data-e-type=\"widget\" data-widget_type=\"text-editor.default\">\n\t\t\t\t\t\t\t\t\t<p><strong>ParentFlow Connect\u2122<\/strong> <span style=\"font-weight: 400;\">nie je len klientsk\u00fd port\u00e1l, je to jednoduch\u00fd a plynul\u00fd z\u00e1\u017eitok priamo na mieste, ktor\u00fd udr\u017eiava rodi\u010dov v spojen\u00ed s va\u0161ou zna\u010dkou bez nutnosti nav\u0161tevova\u0165 in\u00e9 str\u00e1nky.<\/span> Na rozdiel od typick\u00fdch klientskych port\u00e1lov, ktor\u00e9 presmer\u00favaj\u00fa klientov na extern\u00e9 str\u00e1nky alebo pou\u017e\u00edvaj\u00fa samostatn\u00e9 prihlasovacie \u00fadaje, je <strong>ParentFlow Connect\u2122<\/strong> plne integrovan\u00fd do va\u0161ej webovej str\u00e1nky, tak\u017ee rodi\u010dia spravuj\u00fa v\u0161etko priamo tam, kde v\u00e1s na\u0161li.<\/p>\t\t\t\t\t\t\t\t<\/div>\n\t\t\t\t<div class=\"elementor-element elementor-element-0471a40 elementor-widget elementor-widget-text-editor\" data-id=\"0471a40\" data-element_type=\"widget\" data-e-type=\"widget\" data-widget_type=\"text-editor.default\">\n\t\t\t\t\t\t\t\t\t<ol>\n<li>\n<p><strong>V\u017edy na mieste<\/strong><br \/>Mnoh\u00e9 syst\u00e9my presmer\u00favaj\u00fa klientov na extern\u00e9 str\u00e1nky, kde sa nach\u00e1dzaj\u00fa aktualiz\u00e1cie, rozvrhy a platby. S ParentFlow Connect\u2122 zost\u00e1va ka\u017ed\u00e1 akcia na va\u0161ej webovej str\u00e1nke, tak\u017ee klienti s\u00fa plne zapojen\u00ed do va\u0161ej zna\u010dky. <\/p>\n<\/li>\n<li>\n<p><strong>Jednotn\u00e1 klientska z\u00f3na so zna\u010dkou<\/strong><br \/>ParentFlow Connect\u2122 nie je len port\u00e1l, je to \u0161pecializovan\u00e1, prisp\u00f4sobite\u013en\u00e1 klientska z\u00f3na vlo\u017een\u00e1 do va\u0161ej str\u00e1nky, tak\u017ee rodi\u010dia pri ka\u017edom kroku komunikuj\u00fa priamo s va\u0161ou zna\u010dkou.<\/p>\n<\/li>\n<li>\n<p><strong>Bez hesla a bez probl\u00e9mov<\/strong><br \/>Rodi\u010dia sa m\u00f4\u017eu r\u00fdchlo zapoji\u0165 bez \u010fal\u0161\u00edch prihlasovac\u00edch \u00fadajov, \u010d\u00edm sa zni\u017euje zlo\u017eitos\u0165 a zvy\u0161uje jednoduchos\u0165 pou\u017e\u00edvania.<\/p>\n<\/li>\n<\/ol>\n<p><strong>ParentFlow Connect\u2122<\/strong> od spolo\u010dnosti Zooza pon\u00faka jedine\u010dn\u00fd, patentovan\u00fd pr\u00edstup, ktor\u00fd udr\u017eiava rodi\u010dov v kontakte s va\u0161ou zna\u010dkou pri ka\u017edej interakcii a poskytuje hladk\u00fd z\u00e1\u017eitok na mieste prisp\u00f4soben\u00fd va\u0161im potreb\u00e1m.<\/p>\n\t\t\t\t\t\t\t\t<\/div>\n\t\t\t\t<\/div>\n\t\t\t\t<\/div>\n\t\t\t\t\t<\/div>\n\t\t\t\t<\/div>\n\t\t<div class=\"elementor-element elementor-element-d336e98 e-flex e-con-boxed e-con e-parent\" data-id=\"d336e98\" data-element_type=\"container\" data-e-type=\"container\">\n\t\t\t\t\t<div class=\"e-con-inner\">\n\t\t<div class=\"elementor-element elementor-element-8ea8d71 e-con-full e-flex e-con e-child\" data-id=\"8ea8d71\" data-element_type=\"container\" data-e-type=\"container\">\n\t\t<div class=\"elementor-element elementor-element-7b433e4 e-con-full e-flex e-con e-child\" data-id=\"7b433e4\" data-element_type=\"container\" data-e-type=\"container\" data-settings=\"{&quot;background_background&quot;:&quot;classic&quot;}\">\n\t\t<div class=\"elementor-element elementor-element-3c88239 e-flex e-con-boxed e-con e-child\" data-id=\"3c88239\" data-element_type=\"container\" data-e-type=\"container\" data-settings=\"{&quot;background_background&quot;:&quot;classic&quot;}\">\n\t\t\t\t\t<div class=\"e-con-inner\">\n\t\t<div class=\"elementor-element elementor-element-324c64e e-con-full e-flex e-con e-child\" data-id=\"324c64e\" data-element_type=\"container\" data-e-type=\"container\">\n\t\t\t\t<div class=\"elementor-element elementor-element-da3ee3a elementor-headline--style-highlight elementor-invisible elementor-widget elementor-widget-animated-headline\" data-id=\"da3ee3a\" data-element_type=\"widget\" data-e-type=\"widget\" data-settings=\"{&quot;highlighted_text&quot;:&quot;\\u2013 u\\u0161etrite a\\u017e 70 %&quot;,&quot;_animation&quot;:&quot;fadeInUp&quot;,&quot;marker&quot;:&quot;double_underline&quot;,&quot;headline_style&quot;:&quot;highlight&quot;,&quot;loop&quot;:&quot;yes&quot;,&quot;highlight_animation_duration&quot;:1200,&quot;highlight_iteration_delay&quot;:8000}\" data-widget_type=\"animated-headline.default\">\n\t\t\t\t\t\t\t<h2 class=\"elementor-headline\">\n\t\t\t\t\t<span class=\"elementor-headline-plain-text elementor-headline-text-wrapper\">Zni\u017eujte n\u00e1klady, nie kvalitu<\/span>\n\t\t\t\t<span class=\"elementor-headline-dynamic-wrapper elementor-headline-text-wrapper\">\n\t\t\t\t\t<span class=\"elementor-headline-dynamic-text elementor-headline-text-active\">\u2013 u\u0161etrite a\u017e 70 %<\/span>\n\t\t\t\t<\/span>\n\t\t\t\t\t<span class=\"elementor-headline-plain-text elementor-headline-text-wrapper\"> u\u017e dnes!<\/span>\n\t\t\t\t\t<\/h2>\n\t\t\t\t\t\t<\/div>\n\t\t\t\t<div class=\"elementor-element elementor-element-60a4051 elementor-invisible elementor-widget elementor-widget-heading\" data-id=\"60a4051\" data-element_type=\"widget\" data-e-type=\"widget\" data-settings=\"{&quot;_animation&quot;:&quot;fadeIn&quot;}\" data-widget_type=\"heading.default\">\n\t\t\t\t\t<h4 class=\"elementor-heading-title elementor-size-default\">Objavte cenov\u00e9 mo\u017enosti, ktor\u00e9 rast\u00fa s vami a presne zapadn\u00fa do v\u00e1\u0161ho tempa rastu.<\/h4>\t\t\t\t<\/div>\n\t\t\t\t<div class=\"elementor-element elementor-element-498a15e elementor-widget__width-auto cool-button elementor-align-right elementor-widget elementor-widget-button\" data-id=\"498a15e\" data-element_type=\"widget\" data-e-type=\"widget\" data-widget_type=\"button.default\">\n\t\t\t\t\t\t\t\t\t\t<a class=\"elementor-button elementor-button-link elementor-size-md elementor-animation-grow\" href=\"https:\/\/www.zooza.online\/sk\/rast\/\">\n\t\t\t\t\t\t<span class=\"elementor-button-content-wrapper\">\n\t\t\t\t\t\t<span class=\"elementor-button-icon\">\n\t\t\t\t<i aria-hidden=\"true\" class=\"fas fa-arrow-right\"><\/i>\t\t\t<\/span>\n\t\t\t\t\t\t\t\t\t<span class=\"elementor-button-text\">Pozrite si Hodnotu za peniaze<\/span>\n\t\t\t\t\t<\/span>\n\t\t\t\t\t<\/a>\n\t\t\t\t\t\t\t\t<\/div>\n\t\t\t\t<\/div>\n\t\t\t\t\t<\/div>\n\t\t\t\t<\/div>\n\t\t\t\t<\/div>\n\t\t\t\t<\/div>\n\t\t\t\t\t<\/div>\n\t\t\t\t<\/div>\n\t\t\t\t<\/div>\n\t\t","protected":false},"excerpt":{"rendered":"<p>Udr\u017eujte rodi\u010dov v spojen\u00ed, On-Brand a na va\u0161ej str\u00e1nke Rodi\u010dia o\u010dak\u00e1vaj\u00fa jednoduch\u00fd pr\u00edstup k spr\u00e1ve doch\u00e1dzky, platieb a rozvrhov \u2013 a to v\u0161etko bez nutnosti opusti\u0165 va\u0161e webov\u00e9 str\u00e1nky. ParentFlow Connect\u2122 prin\u00e1\u0161a plne zna\u010dkov\u00fa klientsku z\u00f3nu priamo na va\u0161om webe, ktor\u00e1 umo\u017e\u0148uje jednoduch\u00fa a plynul\u00fa spr\u00e1vu ka\u017edej interakcie a posil\u0148uje va\u0161u zna\u010dku na ka\u017edom kroku. [&hellip;]<\/p>\n","protected":false},"author":2,"featured_media":0,"parent":21760,"menu_order":0,"comment_status":"closed","ping_status":"closed","template":"","meta":{"_acf_changed":false,"footnotes":""},"class_list":["post-21645","page","type-page","status-publish","hentry"],"acf":[],"_links":{"self":[{"href":"https:\/\/www.zooza.online\/sk\/wp-json\/wp\/v2\/pages\/21645","targetHints":{"allow":["GET"]}}],"collection":[{"href":"https:\/\/www.zooza.online\/sk\/wp-json\/wp\/v2\/pages"}],"about":[{"href":"https:\/\/www.zooza.online\/sk\/wp-json\/wp\/v2\/types\/page"}],"author":[{"embeddable":true,"href":"https:\/\/www.zooza.online\/sk\/wp-json\/wp\/v2\/users\/2"}],"replies":[{"embeddable":true,"href":"https:\/\/www.zooza.online\/sk\/wp-json\/wp\/v2\/comments?post=21645"}],"version-history":[{"count":6,"href":"https:\/\/www.zooza.online\/sk\/wp-json\/wp\/v2\/pages\/21645\/revisions"}],"predecessor-version":[{"id":30755,"href":"https:\/\/www.zooza.online\/sk\/wp-json\/wp\/v2\/pages\/21645\/revisions\/30755"}],"up":[{"embeddable":true,"href":"https:\/\/www.zooza.online\/sk\/wp-json\/wp\/v2\/pages\/21760"}],"wp:attachment":[{"href":"https:\/\/www.zooza.online\/sk\/wp-json\/wp\/v2\/media?parent=21645"}],"curies":[{"name":"wp","href":"https:\/\/api.w.org\/{rel}","templated":true}]}}