{"id":21663,"date":"2024-11-07T14:47:36","date_gmt":"2024-11-07T14:47:36","guid":{"rendered":"https:\/\/www.zooza.online\/features\/miestna-a-medzinarodna-fakturacia-flexibilne-riesenia-pre-vasu-globalnu-fransizovu-siet\/"},"modified":"2026-04-27T19:03:20","modified_gmt":"2026-04-27T19:03:20","slug":"miestna-a-medzinarodna-fakturacia","status":"publish","type":"page","link":"https:\/\/www.zooza.online\/sk\/rast\/miestna-a-medzinarodna-fakturacia\/","title":{"rendered":"Miestna a medzin\u00e1rodn\u00e1 faktur\u00e1cia: Flexibiln\u00e9 rie\u0161enia pre va\u0161u glob\u00e1lnu fran\u0161\u00edzov\u00fa sie\u0165"},"content":{"rendered":"\t\t<div data-elementor-type=\"wp-page\" data-elementor-id=\"21663\" class=\"elementor elementor-21663 elementor-21298\" data-elementor-post-type=\"page\">\n\t\t\t\t<div class=\"elementor-element elementor-element-87657bd e-con-full e-flex e-con e-parent\" data-id=\"87657bd\" data-element_type=\"container\" data-e-type=\"container\">\n\t\t<div class=\"elementor-element elementor-element-1022732 e-con-full e-flex e-con e-child\" data-id=\"1022732\" data-element_type=\"container\" data-e-type=\"container\">\n\t\t<div class=\"elementor-element elementor-element-183bd61 e-con-full e-flex e-con e-child\" data-id=\"183bd61\" data-element_type=\"container\" data-e-type=\"container\" data-settings=\"{&quot;background_background&quot;:&quot;classic&quot;}\">\n\t\t<div class=\"elementor-element elementor-element-49e0f08 e-flex e-con-boxed e-con e-child\" data-id=\"49e0f08\" data-element_type=\"container\" data-e-type=\"container\">\n\t\t\t\t\t<div class=\"e-con-inner\">\n\t\t<div class=\"elementor-element elementor-element-8d8c5db e-con-full e-flex e-con e-child\" data-id=\"8d8c5db\" data-element_type=\"container\" data-e-type=\"container\">\n\t\t<div class=\"elementor-element elementor-element-746c0d6 e-con-full e-flex e-con e-child\" data-id=\"746c0d6\" data-element_type=\"container\" data-e-type=\"container\">\n\t\t\t\t<div class=\"elementor-element elementor-element-4a24b16 elementor-widget__width-initial elementor-headline--style-highlight elementor-widget elementor-widget-animated-headline\" data-id=\"4a24b16\" data-element_type=\"widget\" data-e-type=\"widget\" data-settings=\"{&quot;highlighted_text&quot;:&quot;Flexibiln\\u00e9 rie\\u0161enia &quot;,&quot;marker&quot;:&quot;underline&quot;,&quot;headline_style&quot;:&quot;highlight&quot;,&quot;loop&quot;:&quot;yes&quot;,&quot;highlight_animation_duration&quot;:1200,&quot;highlight_iteration_delay&quot;:8000}\" data-widget_type=\"animated-headline.default\">\n\t\t\t\t\t\t\t<h1 class=\"elementor-headline\">\n\t\t\t\t\t<span class=\"elementor-headline-plain-text elementor-headline-text-wrapper\">Miestne a medzin\u00e1rodn\u00e9 faktur\u00e1cie: <\/span>\n\t\t\t\t<span class=\"elementor-headline-dynamic-wrapper elementor-headline-text-wrapper\">\n\t\t\t\t\t<span class=\"elementor-headline-dynamic-text elementor-headline-text-active\">Flexibiln\u00e9 rie\u0161enia <\/span>\n\t\t\t\t<\/span>\n\t\t\t\t\t<span class=\"elementor-headline-plain-text elementor-headline-text-wrapper\">pre va\u0161u glob\u00e1lnu sie\u0165 fran\u0161\u00edz<\/span>\n\t\t\t\t\t<\/h1>\n\t\t\t\t\t\t<\/div>\n\t\t\t\t<\/div>\n\t\t<div class=\"elementor-element elementor-element-14a0665 e-con-full e-flex e-con e-child\" data-id=\"14a0665\" data-element_type=\"container\" data-e-type=\"container\">\n\t\t\t\t<div class=\"elementor-element elementor-element-bb98b1c elementor-widget__width-initial elementor-widget elementor-widget-heading\" data-id=\"bb98b1c\" data-element_type=\"widget\" data-e-type=\"widget\" data-widget_type=\"heading.default\">\n\t\t\t\t\t<p class=\"elementor-heading-title elementor-size-default\">Rie\u0161enia faktur\u00e1cie od Zooza s\u00fa navrhnut\u00e9 tak, aby splnili potreby majite\u013eov fran\u0161\u00edz, ktor\u00ed riadia detsk\u00e9 kurzy vo viacer\u00fdch krajin\u00e1ch a regi\u00f3noch. Ch\u00e1peme zlo\u017eitos\u0165 spravovania miestnych aj medzin\u00e1rodn\u00fdch faktur\u00e1ci\u00ed, pri\u010dom ka\u017ed\u00fd trh m\u00e1 svoje \u0161pecifick\u00e9 po\u017eiadavky na platobn\u00e9 met\u00f3dy, faktur\u00e1ciu a reporting. Na\u0161e n\u00e1stroje v\u00e1m umo\u017e\u0148uj\u00fa jednoducho spravova\u0165 financie cez hranice, pri\u010dom zabezpe\u010dujeme konzistenciu a jednoduchos\u0165 v miestnych aj medzin\u00e1rodn\u00fdch oper\u00e1ci\u00e1ch.<\/p>\t\t\t\t<\/div>\n\t\t\t\t<\/div>\n\t\t\t\t<\/div>\n\t\t\t\t\t<\/div>\n\t\t\t\t<\/div>\n\t\t\t\t<\/div>\n\t\t\t\t<\/div>\n\t\t\t\t<\/div>\n\t\t<div class=\"elementor-element elementor-element-4b6b926 e-flex e-con-boxed e-con e-parent\" data-id=\"4b6b926\" data-element_type=\"container\" data-e-type=\"container\">\n\t\t\t\t\t<div class=\"e-con-inner\">\n\t\t<div class=\"elementor-element elementor-element-3fb7086 e-con-full e-flex e-con e-child\" data-id=\"3fb7086\" data-element_type=\"container\" data-e-type=\"container\">\n\t\t\t\t<div class=\"elementor-element elementor-element-105992c elementor-headline--style-highlight elementor-widget elementor-widget-animated-headline\" data-id=\"105992c\" data-element_type=\"widget\" data-e-type=\"widget\" data-settings=\"{&quot;highlighted_text&quot;:&quot;faktur\\u00e1cie&quot;,&quot;headline_style&quot;:&quot;highlight&quot;,&quot;marker&quot;:&quot;circle&quot;,&quot;loop&quot;:&quot;yes&quot;,&quot;highlight_animation_duration&quot;:1200,&quot;highlight_iteration_delay&quot;:8000}\" data-widget_type=\"animated-headline.default\">\n\t\t\t\t\t\t\t<h2 class=\"elementor-headline\">\n\t\t\t\t\t<span class=\"elementor-headline-plain-text elementor-headline-text-wrapper\"> Mo\u017enosti miestnej a medzin\u00e1rodnej<\/span>\n\t\t\t\t<span class=\"elementor-headline-dynamic-wrapper elementor-headline-text-wrapper\">\n\t\t\t\t\t<span class=\"elementor-headline-dynamic-text elementor-headline-text-active\">faktur\u00e1cie<\/span>\n\t\t\t\t<\/span>\n\t\t\t\t\t<span class=\"elementor-headline-plain-text elementor-headline-text-wrapper\">od Zooza<\/span>\n\t\t\t\t\t<\/h2>\n\t\t\t\t\t\t<\/div>\n\t\t\t\t<div class=\"elementor-element elementor-element-8e4f794 elementor-widget elementor-widget-spacer\" data-id=\"8e4f794\" data-element_type=\"widget\" data-e-type=\"widget\" data-widget_type=\"spacer.default\">\n\t\t\t\t\t\t\t<div class=\"elementor-spacer\">\n\t\t\t<div class=\"elementor-spacer-inner\"><\/div>\n\t\t<\/div>\n\t\t\t\t\t\t<\/div>\n\t\t\t\t<div class=\"elementor-element elementor-element-57bd659 elementor-widget elementor-widget-text-editor\" data-id=\"57bd659\" data-element_type=\"widget\" data-e-type=\"widget\" data-widget_type=\"text-editor.default\">\n\t\t\t\t\t\t\t\t\t<h3>1. <strong>Flexibiln\u00fd v\u00fdber platieb pre miestne a medzin\u00e1rodn\u00e9 trhy<\/strong><\/h3><p>Spolo\u010dnos\u0165 Zooza podporuje cel\u00fd rad platobn\u00fdch met\u00f3d, ktor\u00e9 fran\u0161\u00edzantom u\u013eah\u010duj\u00fa v\u00fdber platieb, \u010di u\u017e ide o miestne alebo medzin\u00e1rodn\u00e9 platby.<\/p><ul><li><strong>Spracovanie platieb kartou<\/strong>: Integrovan\u00e9 so slu\u017ebami Stripe a Tatra banka pre bezpe\u010dn\u00e9 transakcie kartou<\/li><li><strong>Bankov\u00e9 prevody a inkaso SEPA<\/strong>: K dispoz\u00edcii prostredn\u00edctvom GoCardless pre cezhrani\u010dn\u00e9 bankov\u00e9 prevody a debetn\u00e9 platby<\/li><li><strong>Mo\u017enosti hotovostn\u00e9ho a ru\u010dn\u00e9ho zad\u00e1vania<\/strong>: Mo\u017enosti hotovostn\u00fdch platieb a manu\u00e1lnych vstupov (bankov\u00e9 prevody) pre lok\u00e1lne potreby<\/li><\/ul><p>\u00a0<\/p><p><strong>Pl\u00e1ny do bud\u00facnosti:<\/strong><br \/>Pl\u00e1nujeme zavies\u0165 \u010fal\u0161ie miestne platobn\u00e9 met\u00f3dy prisp\u00f4soben\u00e9 konkr\u00e9tnym trhom a prisp\u00f4sobi\u0165 ich miestnym potreb\u00e1m a preferenci\u00e1m na z\u00e1klade dopytu a potenci\u00e1lu trhu.<\/p>\t\t\t\t\t\t\t\t<\/div>\n\t\t\t\t<div class=\"elementor-element elementor-element-91e7669 elementor-widget elementor-widget-text-editor\" data-id=\"91e7669\" data-element_type=\"widget\" data-e-type=\"widget\" data-widget_type=\"text-editor.default\">\n\t\t\t\t\t\t\t\t\t<div class=\"flex-shrink-0 flex flex-col relative items-end\"><div class=\"pt-0\"><div class=\"gizmo-bot-avatar flex h-8 w-8 items-center justify-center overflow-hidden rounded-full\"><div class=\"relative p-1 rounded-sm flex items-center justify-center bg-token-main-surface-primary text-token-text-primary h-8 w-8\"><h3>2. <strong>Komplexn\u00fd export faktura\u010dn\u00fdch a \u00fa\u010dtovn\u00fdch \u00fadajov<\/strong><\/h3><p>Funkcie faktur\u00e1cie a exportu \u00fadajov syst\u00e9mu Zooza u\u013eah\u010duj\u00fa vytv\u00e1ranie \u00fa\u010dtovn\u00fdch dokladov pre miestne aj medzin\u00e1rodn\u00e9 fran\u0161\u00edzy, \u010d\u00edm zjednodu\u0161uj\u00fa dodr\u017eiavanie predpisov a finan\u010dn\u00e9 v\u00fdkazn\u00edctvo.<\/p><ul><li><strong>Generovanie fakt\u00far<\/strong>: Automatizovan\u00e9 vystavovanie fakt\u00far, ktor\u00e9 sp\u013a\u0148a r\u00f4zne po\u017eiadavky na faktur\u00e1ciu v r\u00f4znych regi\u00f3noch<\/li><li><strong>Export \u00fa\u010dtovn\u00fdch \u00fadajov<\/strong>: Pripraven\u00e9 na export \u00fadajov pre bezprobl\u00e9mov\u00fd prenos do popul\u00e1rnych \u00fa\u010dtovn\u00fdch platforiem.<\/li><\/ul><p><strong>\u00a0<\/strong><\/p><p><strong>Pl\u00e1ny do bud\u00facnosti:<br \/><\/strong>Sk\u00famame mo\u017enosti integr\u00e1cie s popul\u00e1rnymi miestnymi \u00fa\u010dtovn\u00fdmi syst\u00e9mami a \u0161tandardmi na z\u00e1klade potrieb fran\u0161\u00edzy. \u00dapln\u00e1 integr\u00e1cia s miestnym \u00fa\u010dtovn\u00fdm softv\u00e9rom v\u0161ak m\u00f4\u017ee by\u0165 \u0161pecifick\u00e1 pre konkr\u00e9tneho klienta a m\u00f4\u017ee si vy\u017eadova\u0165 rie\u0161enia na mieru.<\/p><p><strong>\u010co Zooza neposkytne:<\/strong><br \/>Integr\u00e1cia plnohodnotn\u00e9ho \u00fa\u010dtovn\u00edctva alebo priame \u00fa\u010dtovn\u00e9 oper\u00e1cie nie s\u00fa v kompetencii spolo\u010dnosti Zooza.<\/p><\/div><\/div><\/div><\/div>\t\t\t\t\t\t\t\t<\/div>\n\t\t\t\t<div class=\"elementor-element elementor-element-2257d9c elementor-widget elementor-widget-text-editor\" data-id=\"2257d9c\" data-element_type=\"widget\" data-e-type=\"widget\" data-widget_type=\"text-editor.default\">\n\t\t\t\t\t\t\t\t\t<div class=\"flex-shrink-0 flex flex-col relative items-end\"><div class=\"pt-0\"><div class=\"gizmo-bot-avatar flex h-8 w-8 items-center justify-center overflow-hidden rounded-full\"><div class=\"relative p-1 rounded-sm flex items-center justify-center bg-token-main-surface-primary text-token-text-primary h-8 w-8\"><h3>3. <strong>Vykazovanie v\u00fdkonnosti miestnych a glob\u00e1lnych fran\u0161\u00edz<\/strong><\/h3><p>Mo\u017enosti reportovania spolo\u010dnosti Zooza umo\u017e\u0148uj\u00fa majite\u013eom fran\u0161\u00edz porovna\u0165 v\u00fdkonnos\u0165 jednotliv\u00fdch fran\u0161\u00edz na miestnej a medzin\u00e1rodnej \u00farovni a z\u00e1rove\u0148 u\u013eah\u010duj\u00fa v\u00fdpo\u010det licen\u010dn\u00fdch poplatkov.<\/p><ul><li><strong>Spr\u00e1vy o v\u00fdkonnosti siete<\/strong>: Jednotn\u00fd preh\u013ead o v\u00fdkonnosti fran\u0161\u00edzy na miestnej aj glob\u00e1lnej \u00farovni<\/li><li><strong>V\u00fdpo\u010dty licen\u010dn\u00fdch poplatkov<\/strong>: Zjednodu\u0161uje sledovanie a v\u00fdpo\u010det licen\u010dn\u00fdch poplatkov v r\u00f4znych regi\u00f3noch<\/li><\/ul><p><strong>\u00a0<\/strong><\/p><p><strong>Pl\u00e1ny do bud\u00facnosti:<\/strong><br \/>Vyv\u00edjame zdokonalen\u00fd n\u00e1stroj na pod\u00e1vanie spr\u00e1v, ktor\u00fd poskytne podrobn\u00fd preh\u013ead o v\u00fdkonnosti jednotliv\u00fdch fran\u0161\u00edz a sledovan\u00ed licen\u010dn\u00fdch poplatkov, s mo\u017enos\u0165ami podpory miestnych aj medzin\u00e1rodn\u00fdch fran\u0161\u00edzov\u00fdch siet\u00ed.<\/p><\/div><\/div><\/div><\/div>\t\t\t\t\t\t\t\t<\/div>\n\t\t\t\t<div class=\"elementor-element elementor-element-c6c410e elementor-widget elementor-widget-text-editor\" data-id=\"c6c410e\" data-element_type=\"widget\" data-e-type=\"widget\" data-widget_type=\"text-editor.default\">\n\t\t\t\t\t\t\t\t\t<div class=\"flex-shrink-0 flex flex-col relative items-end\">\n<div class=\"pt-0\">\n<div class=\"gizmo-bot-avatar flex h-8 w-8 items-center justify-center overflow-hidden rounded-full\">\n<div class=\"relative p-1 rounded-sm flex items-center justify-center bg-token-main-surface-primary text-token-text-primary h-8 w-8\">\n<h3><strong>Pre\u010do je miestna a medzin\u00e1rodn\u00e1 faktur\u00e1cia spolo\u010dnosti Zooza v\u00fdnimo\u010dn\u00e1<\/strong><\/h3>\n<p>Faktura\u010dn\u00fd syst\u00e9m spolo\u010dnosti Zooza sa prisp\u00f4sobuje jedine\u010dn\u00fdm potreb\u00e1m majite\u013eov fran\u0161\u00edz na viacer\u00fdch trhoch a poskytuje ucelen\u00e9 faktura\u010dn\u00e9 rie\u0161enie pre miestne aj medzin\u00e1rodn\u00e9 prev\u00e1dzky. Podporou r\u00f4znych sp\u00f4sobov platieb, lokalizovanej faktur\u00e1cie a reportovania v r\u00e1mci celej siete umo\u017e\u0148uje Zooza fran\u0161\u00edzam fungova\u0165 konzistentne a efekt\u00edvne na akomko\u013evek trhu. <\/p>\n<\/div>\n<\/div>\n<\/div>\n<\/div>\n\t\t\t\t\t\t\t\t<\/div>\n\t\t\t\t<\/div>\n\t\t\t\t\t<\/div>\n\t\t\t\t<\/div>\n\t\t<div class=\"elementor-element elementor-element-9de0b93 e-flex e-con-boxed e-con e-parent\" data-id=\"9de0b93\" data-element_type=\"container\" data-e-type=\"container\">\n\t\t\t\t\t<div class=\"e-con-inner\">\n\t\t<div class=\"elementor-element elementor-element-3d2f0cc e-con-full e-flex e-con e-child\" data-id=\"3d2f0cc\" data-element_type=\"container\" data-e-type=\"container\" data-settings=\"{&quot;background_background&quot;:&quot;classic&quot;}\">\n\t\t<div class=\"elementor-element elementor-element-9d16527 e-flex e-con-boxed e-con e-child\" data-id=\"9d16527\" data-element_type=\"container\" data-e-type=\"container\" data-settings=\"{&quot;background_background&quot;:&quot;classic&quot;}\">\n\t\t\t\t\t<div class=\"e-con-inner\">\n\t\t<div class=\"elementor-element elementor-element-bc2b283 e-con-full e-flex e-con e-child\" data-id=\"bc2b283\" data-element_type=\"container\" data-e-type=\"container\">\n\t\t\t\t<div class=\"elementor-element elementor-element-348e622 elementor-headline--style-highlight elementor-invisible elementor-widget elementor-widget-animated-headline\" data-id=\"348e622\" data-element_type=\"widget\" data-e-type=\"widget\" data-settings=\"{&quot;highlighted_text&quot;:&quot; u\\u0161etrite a\\u017e 70 %&quot;,&quot;_animation&quot;:&quot;fadeInUp&quot;,&quot;marker&quot;:&quot;double_underline&quot;,&quot;headline_style&quot;:&quot;highlight&quot;,&quot;loop&quot;:&quot;yes&quot;,&quot;highlight_animation_duration&quot;:1200,&quot;highlight_iteration_delay&quot;:8000}\" data-widget_type=\"animated-headline.default\">\n\t\t\t\t\t\t\t<h2 class=\"elementor-headline\">\n\t\t\t\t\t<span class=\"elementor-headline-plain-text elementor-headline-text-wrapper\">Zni\u017eujte n\u00e1klady, nie kvalitu \u2013<\/span>\n\t\t\t\t<span class=\"elementor-headline-dynamic-wrapper elementor-headline-text-wrapper\">\n\t\t\t\t\t<span class=\"elementor-headline-dynamic-text elementor-headline-text-active\"> u\u0161etrite a\u017e 70 %<\/span>\n\t\t\t\t<\/span>\n\t\t\t\t\t<span class=\"elementor-headline-plain-text elementor-headline-text-wrapper\"> u\u017e dnes!<\/span>\n\t\t\t\t\t<\/h2>\n\t\t\t\t\t\t<\/div>\n\t\t\t\t<div class=\"elementor-element elementor-element-24423f5 elementor-invisible elementor-widget elementor-widget-heading\" data-id=\"24423f5\" data-element_type=\"widget\" data-e-type=\"widget\" data-settings=\"{&quot;_animation&quot;:&quot;fadeIn&quot;}\" data-widget_type=\"heading.default\">\n\t\t\t\t\t<h4 class=\"elementor-heading-title elementor-size-default\">Objavte flexibiln\u00e9 ceny, ktor\u00e9 sa prisp\u00f4sobia v\u00e1\u0161mu rastu a ve\u013ekosti va\u0161ej klientely.<\/h4>\t\t\t\t<\/div>\n\t\t\t\t<div class=\"elementor-element elementor-element-3fe4ec5 elementor-widget__width-auto cool-button elementor-align-right elementor-widget elementor-widget-button\" data-id=\"3fe4ec5\" data-element_type=\"widget\" data-e-type=\"widget\" data-widget_type=\"button.default\">\n\t\t\t\t\t\t\t\t\t\t<a class=\"elementor-button elementor-button-link elementor-size-md elementor-animation-grow\" href=\"https:\/\/www.zooza.online\/sk\/features\/\">\n\t\t\t\t\t\t<span class=\"elementor-button-content-wrapper\">\n\t\t\t\t\t\t<span class=\"elementor-button-icon\">\n\t\t\t\t<i aria-hidden=\"true\" class=\"fas fa-arrow-right\"><\/i>\t\t\t<\/span>\n\t\t\t\t\t\t\t\t\t<span class=\"elementor-button-text\">Pozrite si Hodnota za peniaze<\/span>\n\t\t\t\t\t<\/span>\n\t\t\t\t\t<\/a>\n\t\t\t\t\t\t\t\t<\/div>\n\t\t\t\t<\/div>\n\t\t\t\t\t<\/div>\n\t\t\t\t<\/div>\n\t\t\t\t<\/div>\n\t\t\t\t\t<\/div>\n\t\t\t\t<\/div>\n\t\t\t\t<\/div>\n\t\t","protected":false},"excerpt":{"rendered":"<p>Miestne a medzin\u00e1rodn\u00e9 faktur\u00e1cie: Flexibiln\u00e9 rie\u0161enia pre va\u0161u glob\u00e1lnu sie\u0165 fran\u0161\u00edz Rie\u0161enia faktur\u00e1cie od Zooza s\u00fa navrhnut\u00e9 tak, aby splnili potreby majite\u013eov fran\u0161\u00edz, ktor\u00ed riadia detsk\u00e9 kurzy vo viacer\u00fdch krajin\u00e1ch a regi\u00f3noch. Ch\u00e1peme zlo\u017eitos\u0165 spravovania miestnych aj medzin\u00e1rodn\u00fdch faktur\u00e1ci\u00ed, pri\u010dom ka\u017ed\u00fd trh m\u00e1 svoje \u0161pecifick\u00e9 po\u017eiadavky na platobn\u00e9 met\u00f3dy, faktur\u00e1ciu a reporting. Na\u0161e n\u00e1stroje v\u00e1m [&hellip;]<\/p>\n","protected":false},"author":2,"featured_media":0,"parent":21760,"menu_order":0,"comment_status":"closed","ping_status":"closed","template":"","meta":{"_acf_changed":false,"footnotes":""},"class_list":["post-21663","page","type-page","status-publish","hentry"],"acf":[],"_links":{"self":[{"href":"https:\/\/www.zooza.online\/sk\/wp-json\/wp\/v2\/pages\/21663","targetHints":{"allow":["GET"]}}],"collection":[{"href":"https:\/\/www.zooza.online\/sk\/wp-json\/wp\/v2\/pages"}],"about":[{"href":"https:\/\/www.zooza.online\/sk\/wp-json\/wp\/v2\/types\/page"}],"author":[{"embeddable":true,"href":"https:\/\/www.zooza.online\/sk\/wp-json\/wp\/v2\/users\/2"}],"replies":[{"embeddable":true,"href":"https:\/\/www.zooza.online\/sk\/wp-json\/wp\/v2\/comments?post=21663"}],"version-history":[{"count":1,"href":"https:\/\/www.zooza.online\/sk\/wp-json\/wp\/v2\/pages\/21663\/revisions"}],"predecessor-version":[{"id":30753,"href":"https:\/\/www.zooza.online\/sk\/wp-json\/wp\/v2\/pages\/21663\/revisions\/30753"}],"up":[{"embeddable":true,"href":"https:\/\/www.zooza.online\/sk\/wp-json\/wp\/v2\/pages\/21760"}],"wp:attachment":[{"href":"https:\/\/www.zooza.online\/sk\/wp-json\/wp\/v2\/media?parent=21663"}],"curies":[{"name":"wp","href":"https:\/\/api.w.org\/{rel}","templated":true}]}}