{"id":2470,"date":"2023-05-17T11:03:38","date_gmt":"2023-05-17T11:03:38","guid":{"rendered":"https:\/\/www.zooza.online\/?page_id=2470"},"modified":"2024-04-27T23:14:29","modified_gmt":"2024-04-27T23:14:29","slug":"brainyjam-trnava-jazykove-centrum","status":"publish","type":"page","link":"https:\/\/www.zooza.online\/sk\/case-studies-old\/brainyjam-trnava-jazykove-centrum\/","title":{"rendered":"Brainy Jam"},"content":{"rendered":"<p>Skvel\u00ed \u013eudia ved\u00fa \u00faspe\u0161n\u00fa jazykov\u00fa \u0161kolu v Trnave. BrainyJAM Trnava je projekt, ktor\u00fd oslovuje mnoh\u00fdch mlad\u00fdch a u\u010deniachtiv\u00fdch \u013eud\u00ed z Trnavy a \u0161irok\u00e9ho okolia. Profesion\u00e1lny \u00faspech a dokzate\u013en\u00e9 \u00faspechy, spojen\u00e9 s pr\u00edjemnou atmosf\u00e9rou zabezpe\u010duj\u00fa, \u017ee o slu\u017eby jazykovej \u0161koly a ich kurzy je neust\u00e1ly z\u00e1ujem.<\/p>\n<p><em>\u201eH\u013eadali sme syst\u00e9m pre registr\u00e1ciu, rozvrhy, zoznam lektorov a pre celkov\u00fd preh\u013ead sme za\u010dali prem\u00fd\u0161\u013ea\u0165, ke\u010f sme u\u017e presiahli ist\u00fd po\u010det \u0161tudentov a dost\u00e1vali sme sa do stavu, ke\u010f sme boli zavalen\u00ed h\u013eadan\u00edm z\u00e1kladn\u00fdch inform\u00e1ci\u00ed v papierovej forme, \u010do n\u00e1s ve\u013emi zdr\u017eovalo.<\/em><\/p>\n<p><em>Ke\u010f\u017ee n\u00e1hody neexistuj\u00fa, vysko\u010dila na m\u0148a \u201en\u00e1hodne\u201c reklama na Facebooku pr\u00e1ve o takomto syst\u00e9me.<\/em><\/p>\n<p><em>Bolo to ve\u013emi mil\u00e9 a vtipn\u00e9 z\u00e1rove\u0148, ke\u010f som po\u017eiadala o prvotn\u00fa inform\u00e1ciu o syst\u00e9me a odp\u00edsal mi menovec p\u00e1n Rapav\u00fd. A u\u017e to i\u0161lo napriek menu hladko.\u201c<\/em>\u00a0prezr\u00e1dza majite\u013eka projektu PaedDr. Erika Rapav\u00e1 \u2013 BrainyJAM Trnava \u2013 Jazykov\u00e9 centrum pre kurzy, preklady, dou\u010dovanie.<\/p>\n<p>Proces integr\u00e1cie Zoozy do \u017eivota nebol \u00faplne typick\u00fd. U\u017e len fakt, \u017ee jeden zo zakladate\u013eov Zoozy m\u00e1 priezvisko ako majitelia projektu BrainyJAM Trnava \u2013 jazykov\u00e9 centrum, predzna\u010dovalo, \u017ee p\u00f4jde o \u0161peci\u00e1lne spojenie.<\/p>\n<p>Ke\u010f\u017ee ide o relat\u00edvne ve\u013ek\u00fa \u0161kolu, prechod na syst\u00e9m bol postupn\u00fd.<\/p>\n<ol>\n<li>Overili sme si, \u017ee syst\u00e9m sed\u00ed pre potreby ako skupinov\u00fdch, tak individu\u00e1lnych hod\u00edn z poh\u013eadu klienta, lektora aj majite\u013ea.<\/li>\n<li>Otestovali sme integr\u00e1ciu na men\u0161\u00edch skupin\u00e1ch.<\/li>\n<li>Od\u0161kolili sme desiatky lektorov na spolo\u010dnom \u0161kolen\u00ed<\/li>\n<li>Spustili sme Zoozu do plnej prev\u00e1dzky a postupne pou\u017e\u00edavme, \u010doraz viac funkcional\u00edt.<\/li>\n<\/ol>\n<p>&nbsp;<\/p>\n<h2>Ak\u00fd je v\u00fdsledok spolupr\u00e1ce?<\/h2>\n<p>Spolupr\u00e1ca je pre n\u00e1s in\u0161pirat\u00edvna a sme radi, \u017ee Zooza dok\u00e1\u017ee plni\u0165 o\u010dak\u00e1vania a postupne prin\u00e1\u0161a\u0165 nov\u00e9 sp\u00f4soby pou\u017e\u00edvania.<\/p>\n<p><em>\u201eZooza n\u00e1m zlep\u0161ila preh\u013ead o \u0161tudentoch, o kurzoch, o lektoroch. Ke\u010f\u017ee nie sme \u00faplne \u0161tandardn\u00e1 jazykovka, ale m\u00e1me ve\u013ea kurzov \u00faplne na mieru, tak sme asi aj t\u00edmu v Zooze pripravili p\u00e1r piko\u0161iek. Ale p\u00e1\u010di sa n\u00e1m trpezliv\u00fd pr\u00edstup kolekt\u00edvu Zooza<\/em>.\u201c<\/p>\n<p><cite>PaedDr. Erika Rapav\u00e1<br \/>\nBrainyJAM Trnava \u2013 Jazykov\u00e9 centrum<br \/>\npre kurzy, preklady, dou\u010dovanie<br \/>\nmajite\u013eka projektu<\/cite><\/p>\n<p>&nbsp;<\/p>\n<h2>Rozvoj pre projekt pokra\u010duje<\/h2>\n<p>\u201e<em>Nechali sme si prv\u00fd rok na absol\u00fatne zvl\u00e1dnutie syst\u00e9mu pre na\u0161e potreby a vychytanie \u201em\u00fach\u201c. Postupne sa chceme nau\u010di\u0165 aj faktur\u00e1ciu.<\/em>\u00a0<em>\u010co m\u00f4\u017eeme robi\u0165 teraz v\u010faka Zooze?<\/em>\u00a0<em>Hlavn\u00fd cie\u013e, aby sme sa venovali klientom a lektorom osobne sme zatia\u013e nenaplnili na 100%. Nie\u017eeby sme ich zanedb\u00e1vali, ale e\u0161te n\u00e1m zaber\u00e1 dos\u0165 \u010dasu opakovan\u00e9 zoznamovanie \u0161tudentov a lektorov so syst\u00e9mom. Predsa len tak\u00fdto syst\u00e9m bol \u0161ok aj pre na\u0161ich \u201e\u0161tammgastov\u201c ako aj lektorov. Ve\u013emi n\u00e1m v\u0161ak pomohlo, \u017ee u\u017e klienti a aj lektori nevolaj\u00fa priamo n\u00e1m, \u017ee tok ot\u00e1zok sa postupne pres\u00fava do Zoozy. A ak volaj\u00fa osobne, tak to je kv\u00f4li nastaveniu kurzu alebo poradeniu kurzu, \u010do je potom pr\u00edjemn\u00e1 pr\u00e1ca.<\/em>\u00a0<em>Ka\u017ed\u00e1 zmena stoj\u00ed \u010das a preto sa nen\u00e1hlime, ale postupne u\u010d\u00edme. Ve\u010f sme v \u0161kole \ud83d\ude0a.<\/em>\u201c uzatv\u00e1ra Erika Rapav\u00e1.<\/p>\n<p>My po sk\u00fasenostiach s jazykovou \u0161kolou a majite\u013emi m\u00f4\u017eeme projekt len odpor\u00fa\u010da\u0165 viac na\u00a0<a href=\"http:\/\/www.jazykovaskolatrnava.sk\/\" target=\"_blank\" rel=\"noopener\">www.jazykovaskolatrnava.sk<\/a>.<\/p>\n<p>&nbsp;<\/p>\n<h2>Projekt zo Zoozy vyu\u017e\u00edva najm\u00e4:<\/h2>\n<ul>\n<li style=\"text-align: left;\">Registra\u010dn\u00fd formul\u00e1r<\/li>\n<li style=\"text-align: left;\">Priebehov\u00e9 skupiny<\/li>\n<li style=\"text-align: left;\">Zbern\u00fd k\u00f4\u0161 pre individu\u00e1lne hodiny<\/li>\n<li style=\"text-align: left;\">Zbern\u00fd k\u00f4\u0161 pre skupinov\u00e9 hodiny aj firemn\u00e9<\/li>\n<li style=\"text-align: left;\">Doch\u00e1dzku s n\u00e1hradkami<\/li>\n<li style=\"text-align: left;\">Automatick\u00e9 pl\u00e1novanie individu\u00e1lneho rozvrhu<\/li>\n<li style=\"text-align: left;\">Profil klienta<\/li>\n<li style=\"text-align: left;\">E-mail a SMS komunik\u00e1ciu<\/li>\n<li style=\"text-align: left;\">Pl\u00e1novanie miest a lektorov<\/li>\n<li style=\"text-align: left;\">Reporting<\/li>\n<\/ul>\n","protected":false},"excerpt":{"rendered":"<p>Skvel\u00ed \u013eudia ved\u00fa \u00faspe\u0161n\u00fa jazykov\u00fa \u0161kolu v Trnave. BrainyJAM Trnava je projekt, ktor\u00fd oslovuje mnoh\u00fdch mlad\u00fdch a u\u010deniachtiv\u00fdch \u013eud\u00ed z Trnavy a \u0161irok\u00e9ho okolia. Profesion\u00e1lny \u00faspech a dokzate\u013en\u00e9 \u00faspechy, spojen\u00e9 s pr\u00edjemnou atmosf\u00e9rou zabezpe\u010duj\u00fa, \u017ee o slu\u017eby jazykovej \u0161koly a ich kurzy je neust\u00e1ly z\u00e1ujem. \u201eH\u013eadali sme syst\u00e9m pre registr\u00e1ciu, rozvrhy, zoznam lektorov a pre [&hellip;]<\/p>\n","protected":false},"author":1,"featured_media":0,"parent":2467,"menu_order":0,"comment_status":"closed","ping_status":"closed","template":"","meta":{"_acf_changed":false,"footnotes":""},"class_list":["post-2470","page","type-page","status-publish","hentry"],"acf":[],"_links":{"self":[{"href":"https:\/\/www.zooza.online\/sk\/wp-json\/wp\/v2\/pages\/2470","targetHints":{"allow":["GET"]}}],"collection":[{"href":"https:\/\/www.zooza.online\/sk\/wp-json\/wp\/v2\/pages"}],"about":[{"href":"https:\/\/www.zooza.online\/sk\/wp-json\/wp\/v2\/types\/page"}],"author":[{"embeddable":true,"href":"https:\/\/www.zooza.online\/sk\/wp-json\/wp\/v2\/users\/1"}],"replies":[{"embeddable":true,"href":"https:\/\/www.zooza.online\/sk\/wp-json\/wp\/v2\/comments?post=2470"}],"version-history":[{"count":0,"href":"https:\/\/www.zooza.online\/sk\/wp-json\/wp\/v2\/pages\/2470\/revisions"}],"up":[{"embeddable":true,"href":"https:\/\/www.zooza.online\/sk\/wp-json\/wp\/v2\/pages\/2467"}],"wp:attachment":[{"href":"https:\/\/www.zooza.online\/sk\/wp-json\/wp\/v2\/media?parent=2470"}],"curies":[{"name":"wp","href":"https:\/\/api.w.org\/{rel}","templated":true}]}}