{"id":2558,"date":"2023-05-17T12:45:20","date_gmt":"2023-05-17T12:45:20","guid":{"rendered":"https:\/\/www.zooza.online\/?page_id=2558"},"modified":"2024-04-27T23:33:53","modified_gmt":"2024-04-27T23:33:53","slug":"actiwoowo","status":"publish","type":"page","link":"https:\/\/www.zooza.online\/sk\/case-studies-old\/actiwoowo\/","title":{"rendered":"Actiwoowo"},"content":{"rendered":"<p>Ohe\u0148, rados\u0165, pohyb. Actiwoowo je plne modern\u00e9ho pohybu. V\u0161eobecn\u00e1 pohybov\u00e1 pr\u00edprava a tanec je len jedna z kvalitn\u00fdch pon\u00fak kurzov. S takou l\u00e1skou a z\u00e1palom ako to rob\u00ed t\u00edm okolo Lenky Pova\u017eanovej sa \u010dasto nestret\u00e1vame. Ich energia sa \u013eahko pren\u00e1\u0161a na v\u0161etk\u00fdch, ktor\u00ed s projektom ActiWOOWo pr\u00eddu do styku.<\/p>\n<p>T\u00edm projektu ActiWOOWo si ve\u013emi v\u00e1\u017ei svoju komunitu a robia pre \u0148u neust\u00e1le to najlep\u0161ie.<\/p>\n<p>Aj preto spolu s rast\u00facim po\u010dtom klientov h\u013eadali technol\u00f3giu, ktor\u00e1 im pom\u00f4\u017ee lep\u0161ie riadi\u0165 projekt.<\/p>\n<p><em>\u201eSo st\u00fapaj\u00facim po\u010dtom klientov a roz\u0161\u00edren\u00edm na\u0161ej \u010dinnosti do viacer\u00fdch miest na Slovensku n\u00e1m za\u010dala prib\u00fada\u0165 pracovn\u00e1 agenda, ktor\u00e1 sa navvy\u0161e menila z hodiny na hodinu. Prest\u00e1valo to by\u0165 zvl\u00e1dute\u013en\u00e9 a ustr\u00e1\u017eite\u013en\u00e9 pre n\u00e1\u0161 mal\u00fd t\u00edm \u2013 potrebovali sme n\u00e1stroj, ktor\u00fd n\u00e1m s t\u00fdm pom\u00f4\u017ee. Rozhodli sme sa pre Zoozu na z\u00e1klade odpor\u00fa\u010dania zn\u00e1mej.\u201c\u00a0<\/em>vysvetluje Lenka Pova\u017eanov\u00e1 z ActiWOOWo.<\/p>\n<p>&nbsp;<\/p>\n<h2>Pom\u00f4c\u0165 bolo potrebn\u00e9 s viacer\u00fdmi oblas\u0165ami<\/h2>\n<p><em>\u201eZooza n\u00e1m najviac pom\u00e1ha preh\u013eadom o prihl\u00e1sen\u00fdch klientoch. Je k dan\u00e9mu momentu v\u017edy aktu\u00e1lny pre v\u0161etky strany. Praktick\u00e9 je, \u017ee inform\u00e1cie ku ka\u017ed\u00e9mmu tr\u00e9ningu s\u00fa sp\u00e4tne doh\u013eadate\u013en\u00e9, vieme sa na ne spo\u013eahlivo odvola\u0165, pr\u00edpadne ich pod\u013ea potreby editova\u0165 vopred, po\u010das \u010di po ukon\u010den\u00ed tr\u00e9ningu,\u201c\u00a0<\/em>detailne dop\u013a\u0148a zakladate\u013eka projektu.<\/p>\n<p><em>\u201ePochva\u013eujem si najm\u00e4 \u00fa\u017easn\u00fd support, v\u010faka ktor\u00e9mu sa n\u00e1m podarilo prekona\u0165 mnoh\u00e9 \u00faskalia, vlastn\u00fa neistotu a obavy zo zmien v za\u010diatkoch pou\u017e\u00edvania. Profesionn\u00e1lny a pr\u00edjemn\u00fd \u013eudsk\u00fd pr\u00edstup, ako nikde inde.\u201c<\/em><\/p>\n<p>To n\u00e1s naozaj te\u0161\u00ed a pr\u00e1ve o to n\u00e1m ide. Rozbehnutie projektu bolo plynul\u00e9 a komplexn\u00e9, v\u010faka \u010domu sme aj my mohli op\u00e4tovne potvrdi\u0165, \u017ee rozbieha\u0165 projekt je pre mnoh\u00fdch stra\u0161iakom, ale v skuto\u010dnosti je to v\u00fdhodn\u00e9, r\u00fdchle a zauj\u00edmav\u00e9 pre v\u0161etky strany.<\/p>\n<p>&nbsp;<\/p>\n<h3>\u201eV\u010faka Zooze u\u017e nemus\u00edme komunikova\u0165 s klientami individu\u00e1lne 24 hod\u00edn a 7 dn\u00ed v t\u00fd\u017edni.\u201c<\/h3>\n<p>&nbsp;<\/p>\n<h2>Projekt zo Zoozy vyu\u017e\u00edva najm\u00e4:<\/h2>\n<ul>\n<li>Registra\u010dn\u00fd formul\u00e1r<\/li>\n<li>Registra\u010dn\u00fd kalend\u00e1r<\/li>\n<li>Priebehov\u00e9 skupiny<\/li>\n<li>Datab\u00e1za klientov s filtr\u00e1ciou<\/li>\n<li>Doch\u00e1dzku s n\u00e1hradkami<\/li>\n<li>Profil klienta s preh\u013eadom platieb<\/li>\n<li>Jednor\u00e1zov\u00e9 platby<\/li>\n<li>Platby za hodinu pre otvoren\u00e9 hodiny<\/li>\n<li>E-mail a SMS komunik\u00e1ciu<\/li>\n<li>Pl\u00e1novanie miest a lektorov<\/li>\n<li>Reporting<\/li>\n<\/ul>\n<p>&nbsp;<\/p>\n","protected":false},"excerpt":{"rendered":"<p>Ohe\u0148, rados\u0165, pohyb. Actiwoowo je plne modern\u00e9ho pohybu. V\u0161eobecn\u00e1 pohybov\u00e1 pr\u00edprava a tanec je len jedna z kvalitn\u00fdch pon\u00fak kurzov. S takou l\u00e1skou a z\u00e1palom ako to rob\u00ed t\u00edm okolo Lenky Pova\u017eanovej sa \u010dasto nestret\u00e1vame. Ich energia sa \u013eahko pren\u00e1\u0161a na v\u0161etk\u00fdch, ktor\u00ed s projektom ActiWOOWo pr\u00eddu do styku. T\u00edm projektu ActiWOOWo si ve\u013emi v\u00e1\u017ei [&hellip;]<\/p>\n","protected":false},"author":1,"featured_media":0,"parent":2467,"menu_order":0,"comment_status":"closed","ping_status":"closed","template":"","meta":{"_acf_changed":false,"footnotes":""},"class_list":["post-2558","page","type-page","status-publish","hentry"],"acf":[],"_links":{"self":[{"href":"https:\/\/www.zooza.online\/sk\/wp-json\/wp\/v2\/pages\/2558","targetHints":{"allow":["GET"]}}],"collection":[{"href":"https:\/\/www.zooza.online\/sk\/wp-json\/wp\/v2\/pages"}],"about":[{"href":"https:\/\/www.zooza.online\/sk\/wp-json\/wp\/v2\/types\/page"}],"author":[{"embeddable":true,"href":"https:\/\/www.zooza.online\/sk\/wp-json\/wp\/v2\/users\/1"}],"replies":[{"embeddable":true,"href":"https:\/\/www.zooza.online\/sk\/wp-json\/wp\/v2\/comments?post=2558"}],"version-history":[{"count":0,"href":"https:\/\/www.zooza.online\/sk\/wp-json\/wp\/v2\/pages\/2558\/revisions"}],"up":[{"embeddable":true,"href":"https:\/\/www.zooza.online\/sk\/wp-json\/wp\/v2\/pages\/2467"}],"wp:attachment":[{"href":"https:\/\/www.zooza.online\/sk\/wp-json\/wp\/v2\/media?parent=2558"}],"curies":[{"name":"wp","href":"https:\/\/api.w.org\/{rel}","templated":true}]}}