{"id":25640,"date":"2025-05-19T11:08:14","date_gmt":"2025-05-19T11:08:14","guid":{"rendered":"https:\/\/www.zooza.online\/znacky-rastu-a-vy\/"},"modified":"2026-04-27T19:01:24","modified_gmt":"2026-04-27T19:01:24","slug":"znacky-rastu-a-vy","status":"publish","type":"page","link":"https:\/\/www.zooza.online\/sk\/znacky-rastu-a-vy\/","title":{"rendered":"Zna\u010dky rast\u00fa. A vy?"},"content":{"rendered":"\t\t<div data-elementor-type=\"wp-page\" data-elementor-id=\"25640\" class=\"elementor elementor-25640 elementor-25571\" data-elementor-post-type=\"page\">\n\t\t\t\t<div class=\"elementor-element elementor-element-8d918ff e-flex e-con-boxed e-con e-parent\" data-id=\"8d918ff\" data-element_type=\"container\" data-e-type=\"container\" id=\"more\">\n\t\t\t\t\t<div class=\"e-con-inner\">\n\t\t<div class=\"elementor-element elementor-element-50166a9 e-con-full e-flex e-con e-child\" data-id=\"50166a9\" data-element_type=\"container\" data-e-type=\"container\">\n\t\t<div class=\"elementor-element elementor-element-b590d6b e-con-full e-flex e-con e-child\" data-id=\"b590d6b\" data-element_type=\"container\" data-e-type=\"container\">\n\t\t<div class=\"elementor-element elementor-element-b7c7c82 e-con-full e-flex e-con e-child\" data-id=\"b7c7c82\" data-element_type=\"container\" data-e-type=\"container\">\n\t\t\t\t<div class=\"elementor-element elementor-element-ab68721 elementor-widget__width-initial elementor-headline--style-highlight elementor-widget elementor-widget-animated-headline\" data-id=\"ab68721\" data-element_type=\"widget\" data-e-type=\"widget\" data-settings=\"{&quot;highlighted_text&quot;:&quot;rast\\u00fa.&quot;,&quot;marker&quot;:&quot;underline&quot;,&quot;headline_style&quot;:&quot;highlight&quot;,&quot;loop&quot;:&quot;yes&quot;,&quot;highlight_animation_duration&quot;:1200,&quot;highlight_iteration_delay&quot;:8000}\" data-widget_type=\"animated-headline.default\">\n\t\t\t\t\t\t\t<h1 class=\"elementor-headline\">\n\t\t\t\t\t<span class=\"elementor-headline-plain-text elementor-headline-text-wrapper\">Zna\u010dky<\/span>\n\t\t\t\t<span class=\"elementor-headline-dynamic-wrapper elementor-headline-text-wrapper\">\n\t\t\t\t\t<span class=\"elementor-headline-dynamic-text elementor-headline-text-active\">rast\u00fa.<\/span>\n\t\t\t\t<\/span>\n\t\t\t\t\t<span class=\"elementor-headline-plain-text elementor-headline-text-wrapper\">A&nbsp;vy?<\/span>\n\t\t\t\t\t<\/h1>\n\t\t\t\t\t\t<\/div>\n\t\t<div class=\"elementor-element elementor-element-d6ad0f9 e-con-full e-flex e-con e-child\" data-id=\"d6ad0f9\" data-element_type=\"container\" data-e-type=\"container\">\n\t\t\t\t<div class=\"elementor-element elementor-element-5e82f24 elementor-widget elementor-widget-heading\" data-id=\"5e82f24\" data-element_type=\"widget\" data-e-type=\"widget\" data-widget_type=\"heading.default\">\n\t\t\t\t\t<p class=\"elementor-heading-title elementor-size-default\">PR\u00cdBEH, KTOR\u00dd STE NIKDY NEVIDELI NAP\u00cdSAN\u00dd PRE V\u00c1S.<\/p>\t\t\t\t<\/div>\n\t\t\t\t<div class=\"elementor-element elementor-element-787cd9e elementor-widget elementor-widget-text-editor\" data-id=\"787cd9e\" data-element_type=\"widget\" data-e-type=\"widget\" data-widget_type=\"text-editor.default\">\n\t\t\t\t\t\t\t\t\t<p>Predstavte si, \u017ee ste kone\u010dne vytvorili nie\u010do, \u010do funguje. <b>Va\u0161e triedy funguj\u00fa hladko<\/b>, rodi\u010dia s\u00fa <b>spokojn\u00ed<\/b>, in\u0161truktori <b>sa usmievaj\u00fa<\/b>. A predsa v\u00e1m nie\u010do st\u00e1le na\u0161epk\u00e1va: <\/p><p><em>&#8222;\u010co bude \u010falej?&#8220;<\/em><\/p><p>Niekde tam vonku sa \u0161k\u00e1luj\u00fa aj in\u00ed. Franchising. Automatizuj\u00fa. Vy zatia\u013e st\u00e1le rie\u0161ite v\u00fdnimku z platby, ch\u00fdbaj\u00facu fakt\u00faru alebo po st\u00fdkr\u00e1t kop\u00edrujete \u00fadaje.   <\/p><p>Tento \u010dl\u00e1nok je pre v\u00e1s. Ak viete, \u017ee <b>rob\u00edte dobr\u00fa pr\u00e1cu, ale v h\u013abke du\u0161e c\u00edtite, \u017ee by ste mohli urobi\u0165 viac<\/b>. <\/p>\t\t\t\t\t\t\t\t<\/div>\n\t\t\t\t<div class=\"elementor-element elementor-element-aee5031 elementor-widget elementor-widget-spacer\" data-id=\"aee5031\" data-element_type=\"widget\" data-e-type=\"widget\" data-widget_type=\"spacer.default\">\n\t\t\t\t\t\t\t<div class=\"elementor-spacer\">\n\t\t\t<div class=\"elementor-spacer-inner\"><\/div>\n\t\t<\/div>\n\t\t\t\t\t\t<\/div>\n\t\t<div class=\"elementor-element elementor-element-20e3efe e-con-full e-flex e-con e-child\" data-id=\"20e3efe\" data-element_type=\"container\" data-e-type=\"container\">\n\t\t\t\t<div class=\"elementor-element elementor-element-a8ebce4 elementor-align-right elementor-widget__width-auto cool-button-up-down elementor-widget elementor-widget-button\" data-id=\"a8ebce4\" data-element_type=\"widget\" data-e-type=\"widget\" data-widget_type=\"button.default\">\n\t\t\t\t\t\t\t\t\t\t<a class=\"elementor-button elementor-button-link elementor-size-md elementor-animation-grow\" href=\"#download\">\n\t\t\t\t\t\t<span class=\"elementor-button-content-wrapper\">\n\t\t\t\t\t\t<span class=\"elementor-button-icon\">\n\t\t\t\t<i aria-hidden=\"true\" class=\"interface interface-download\"><\/i>\t\t\t<\/span>\n\t\t\t\t\t\t\t\t\t<span class=\"elementor-button-text\">Odomknutie cel\u00e9ho \u010dl\u00e1nku a PDF<\/span>\n\t\t\t\t\t<\/span>\n\t\t\t\t\t<\/a>\n\t\t\t\t\t\t\t\t<\/div>\n\t\t\t\t<div class=\"elementor-element elementor-element-af36c44 elementor-align-right elementor-widget__width-auto cool-button-up-down elementor-widget elementor-widget-button\" data-id=\"af36c44\" data-element_type=\"widget\" data-e-type=\"widget\" data-widget_type=\"button.default\">\n\t\t\t\t\t\t\t\t\t\t<a class=\"elementor-button elementor-button-link elementor-size-md elementor-animation-grow\" href=\"#more\">\n\t\t\t\t\t\t<span class=\"elementor-button-content-wrapper\">\n\t\t\t\t\t\t<span class=\"elementor-button-icon\">\n\t\t\t\t<i aria-hidden=\"true\" class=\"fas fa-arrow-down\"><\/i>\t\t\t<\/span>\n\t\t\t\t\t\t\t\t\t<span class=\"elementor-button-text\">Dozvedie\u0165 sa viac<\/span>\n\t\t\t\t\t<\/span>\n\t\t\t\t\t<\/a>\n\t\t\t\t\t\t\t\t<\/div>\n\t\t\t\t<\/div>\n\t\t\t\t<\/div>\n\t\t\t\t<\/div>\n\t\t\t\t<\/div>\n\t\t<div class=\"elementor-element elementor-element-2c80d6d e-con-full e-flex e-con e-child\" data-id=\"2c80d6d\" data-element_type=\"container\" data-e-type=\"container\">\n\t\t\t\t<div class=\"elementor-element elementor-element-3568f8e elementor-widget elementor-widget-image\" data-id=\"3568f8e\" data-element_type=\"widget\" data-e-type=\"widget\" data-widget_type=\"image.default\">\n\t\t\t\t\t\t\t\t\t\t\t\t\t\t\t<img fetchpriority=\"high\" decoding=\"async\" width=\"736\" height=\"864\" src=\"https:\/\/www.zooza.online\/wp-content\/uploads\/2025\/05\/Ebook-3-1.png\" class=\"attachment-large size-large wp-image-25590\" alt=\"Ebook\" srcset=\"https:\/\/www.zooza.online\/wp-content\/uploads\/2025\/05\/Ebook-3-1.png 736w, https:\/\/www.zooza.online\/wp-content\/uploads\/2025\/05\/Ebook-3-1-256x300.png 256w\" sizes=\"(max-width: 736px) 100vw, 736px\" title=\"\">\t\t\t\t\t\t\t\t\t\t\t\t\t\t\t<\/div>\n\t\t\t\t<\/div>\n\t\t\t\t<\/div>\n\t\t\t\t<div class=\"elementor-element elementor-element-bd6cd87 elementor-widget elementor-widget-spacer\" data-id=\"bd6cd87\" data-element_type=\"widget\" data-e-type=\"widget\" data-widget_type=\"spacer.default\">\n\t\t\t\t\t\t\t<div class=\"elementor-spacer\">\n\t\t\t<div class=\"elementor-spacer-inner\"><\/div>\n\t\t<\/div>\n\t\t\t\t\t\t<\/div>\n\t\t<div class=\"elementor-element elementor-element-476d347 e-con-full e-flex e-con e-child\" data-id=\"476d347\" data-element_type=\"container\" data-e-type=\"container\">\n\t\t\t\t<div class=\"elementor-element elementor-element-e89e873 elementor-widget elementor-widget-text-editor\" data-id=\"e89e873\" data-element_type=\"widget\" data-e-type=\"widget\" data-widget_type=\"text-editor.default\">\n\t\t\t\t\t\t\t\t\t<h3>\ud83c\udf0d \u010co rob\u00ed Z\u00e1pad inak. A \u010do rob\u00edme lep\u0161ie. <\/h3><p>\ud83d\udcd8 T\u00e1to e-kniha porovn\u00e1va to najlep\u0161ie zo Z\u00e1padu (\u0161k\u00e1lovanie, branding, jednoduchos\u0165)<br>s najsilnej\u0161\u00edmi vlastnos\u0165ami z n\u00e1\u0161ho regi\u00f3nu (kvalita, udr\u017eanie, h\u013abka).<\/p><p><strong>10 praktick\u00fdch tipov. \u017diadna te\u00f3ria. Len to, \u010do skuto\u010dne funguje.  <\/strong><\/p>\t\t\t\t\t\t\t\t<\/div>\n\t\t\t\t<\/div>\n\t\t\t\t<div class=\"elementor-element elementor-element-401cf53 elementor-widget elementor-widget-spacer\" data-id=\"401cf53\" data-element_type=\"widget\" data-e-type=\"widget\" data-widget_type=\"spacer.default\">\n\t\t\t\t\t\t\t<div class=\"elementor-spacer\">\n\t\t\t<div class=\"elementor-spacer-inner\"><\/div>\n\t\t<\/div>\n\t\t\t\t\t\t<\/div>\n\t\t\t\t<div class=\"elementor-element elementor-element-c9c153d elementor-widget elementor-widget-heading\" data-id=\"c9c153d\" data-element_type=\"widget\" data-e-type=\"widget\" data-widget_type=\"heading.default\">\n\t\t\t\t\t<h2 class=\"elementor-heading-title elementor-size-default\"><b>#1 - PRV\u00dd TIP, KTOR\u00dd SA V\u00c1M Z\u00cdDE<\/b><\/h2>\t\t\t\t<\/div>\n\t\t\t\t<div class=\"elementor-element elementor-element-08d02ff elementor-widget elementor-widget-heading\" data-id=\"08d02ff\" data-element_type=\"widget\" data-e-type=\"widget\" data-widget_type=\"heading.default\">\n\t\t\t\t\t<h3 class=\"elementor-heading-title elementor-size-default\"><b>1 z 10 - Siln\u00fd branding<\/b> = \u013eudia si v\u00e1s zapam\u00e4taj\u00fa, aj ke\u010f si u v\u00e1s nikdy nerezervovali\n<\/h3>\t\t\t\t<\/div>\n\t\t\t\t<div class=\"elementor-element elementor-element-792ccc2 elementor-widget elementor-widget-text-editor\" data-id=\"792ccc2\" data-element_type=\"widget\" data-e-type=\"widget\" data-widget_type=\"text-editor.default\">\n\t\t\t\t\t\t\t\t\t<p data-pm-slice=\"1 1 []\">Zna\u010dka nie je logo. Je to to, kto ste, komu sl\u00fa\u017eite a ako nap\u013a\u0148ate ich potreby. Je to to, \u010do o v\u00e1s \u013eudia hovoria, ke\u010f nie ste v miestnosti &#8211; a pre\u010do sa k v\u00e1m vracaj\u00fa.  <\/p><p>Z\u00e1padn\u00e9 zna\u010dky investuj\u00fa do budovania zna\u010dky e\u0161te pred vytvoren\u00edm t\u00edmu. U n\u00e1s to rob\u00edme naopak &#8211; a \u010dudujeme sa, pre\u010do m\u00e1me lep\u0161\u00ed obsah, ale menej det\u00ed v triedach. <\/p><p>Jeden z na\u0161ich klientov mal vynikaj\u00faci produkt a loj\u00e1lnu komunitu, ale ch\u00fdbala mu v\u00fdnimo\u010dnos\u0165. Akon\u00e1hle sa im podarilo vyladi\u0165 svoju zna\u010dku &#8211; jasn\u00e9 posolstvo, ucelen\u00fd t\u00f3n, v\u00fdrazn\u00e9 vizu\u00e1ly &#8211; rodi\u010dia za\u010dali hovori\u0165 veci ako &#8222;na v\u00e1s sa \u0165a\u017eko zab\u00fada&#8220;. \u010coskoro potom mohli svoju metodiku licencova\u0165.  <\/p><p>Zna\u010dka nie je n\u00e1klad. Je to to, \u010do v\u00e1s dr\u017e\u00ed vpredu &#8211; a pom\u00e1ha v\u00e1m zn\u00e1sobi\u0165 v\u00e1\u0161 \u00faspech. <\/p><p><strong>\u23f1 R\u00fdchlos\u0165 vplyvu:<\/strong> strednodob\u00fd<br><strong>\ud83d\udcc8 \u00da\u010dinok:<\/strong> pr\u00edjmy, zapam\u00e4tate\u013enos\u0165, \u0161k\u00e1lovate\u013enos\u0165<br><strong>\ud83c\udfaf D\u00f4le\u017eitos\u0165:<\/strong> vysok\u00e1<\/p>\t\t\t\t\t\t\t\t<\/div>\n\t\t\t\t<div class=\"elementor-element elementor-element-ce39560 elementor-widget elementor-widget-spacer\" data-id=\"ce39560\" data-element_type=\"widget\" data-e-type=\"widget\" id=\"download\" data-widget_type=\"spacer.default\">\n\t\t\t\t\t\t\t<div class=\"elementor-spacer\">\n\t\t\t<div class=\"elementor-spacer-inner\"><\/div>\n\t\t<\/div>\n\t\t\t\t\t\t<\/div>\n\t\t\t\t<div class=\"elementor-element elementor-element-c60c572 elementor-widget elementor-widget-spacer\" data-id=\"c60c572\" data-element_type=\"widget\" data-e-type=\"widget\" data-widget_type=\"spacer.default\">\n\t\t\t\t\t\t\t<div class=\"elementor-spacer\">\n\t\t\t<div class=\"elementor-spacer-inner\"><\/div>\n\t\t<\/div>\n\t\t\t\t\t\t<\/div>\n\t\t\t\t\t<\/div>\n\t\t\t\t<\/div>\n\t\t<div class=\"elementor-element elementor-element-e4989ce e-flex e-con-boxed e-con e-parent\" data-id=\"e4989ce\" data-element_type=\"container\" data-e-type=\"container\">\n\t\t\t\t\t<div class=\"e-con-inner\">\n\t\t<div class=\"elementor-element elementor-element-d06679e e-con-full e-flex e-con e-child\" data-id=\"d06679e\" data-element_type=\"container\" data-e-type=\"container\">\n\t\t\t\t<div class=\"elementor-element elementor-element-4db845a elementor-widget elementor-widget-heading\" data-id=\"4db845a\" data-element_type=\"widget\" data-e-type=\"widget\" data-widget_type=\"heading.default\">\n\t\t\t\t\t<h2 class=\"elementor-heading-title elementor-size-default\"><h2><b>\ud83d\udd10 \u010cO BUDE \u010eALEJ?<\/b><\/h2><\/h2>\t\t\t\t<\/div>\n\t\t\t\t<div class=\"elementor-element elementor-element-afd8641 elementor-widget elementor-widget-text-editor\" data-id=\"afd8641\" data-element_type=\"widget\" data-e-type=\"widget\" data-widget_type=\"text-editor.default\">\n\t\t\t\t\t\t\t\t\t<p data-pm-slice=\"1 1 []\">\u010eal\u0161\u00edch 9 tipov? Po\u0161leme v\u00e1m ich e-mailom. Nie preto, aby sme ich schov\u00e1vali, ale preto, \u017ee s\u00fa hlb\u0161ie a zasl\u00fa\u017eia si viac priestoru.  <\/p><p><strong>Z\u00edskajte \u00fapln\u00fd zoznam, ktor\u00fd men\u00ed podniky s detsk\u00fdmi aktivitami:<\/strong><\/p><ul data-spread=\"false\"><li><p>Ako zn\u00ed\u017ei\u0165 chaos a zv\u00fd\u0161i\u0165 kapacitu<\/p><\/li><li><p>Ako premeni\u0165 kvalitu na rast<\/p><\/li><li><p>Ako za\u010da\u0165 ude\u013eova\u0165 licencie bez<\/p><\/li><\/ul><p>\ud83d\udc49 Nap\u00ed\u0161te n\u00e1m svoj e-mail a my v\u00e1m po\u0161leme cel\u00fd \u010dl\u00e1nok + praktick\u00e9 pr\u00edklady a grafy vo form\u00e1te PDF.<\/p>\t\t\t\t\t\t\t\t<\/div>\n\t\t\t\t<div class=\"elementor-element elementor-element-b3373c5 elementor-widget__width-initial elementor-button-align-stretch elementor-widget elementor-widget-form\" data-id=\"b3373c5\" data-element_type=\"widget\" data-e-type=\"widget\" data-settings=\"{&quot;step_next_label&quot;:&quot;\\u010eal\\u0161ie&quot;,&quot;step_previous_label&quot;:&quot;Predch\\u00e1dzaj\\u00faci&quot;,&quot;button_width&quot;:&quot;100&quot;,&quot;step_type&quot;:&quot;number_text&quot;,&quot;step_icon_shape&quot;:&quot;circle&quot;}\" data-widget_type=\"form.default\">\n\t\t\t\t\t\t\t<form class=\"elementor-form\" method=\"post\" name=\"Nov\u00fd formul\u00e1r\" aria-label=\"Nov\u00fd formul\u00e1r\">\n\t\t\t<input type=\"hidden\" name=\"post_id\" value=\"25640\"\/>\n\t\t\t<input type=\"hidden\" name=\"form_id\" value=\"b3373c5\"\/>\n\t\t\t<input type=\"hidden\" name=\"referer_title\" value=\"\" \/>\n\n\t\t\t\n\t\t\t<div class=\"elementor-form-fields-wrapper elementor-labels-above\">\n\t\t\t\t\t\t\t\t<div class=\"elementor-field-type-text elementor-field-group elementor-column elementor-field-group-name elementor-col-100\">\n\t\t\t\t\t\t\t\t\t\t\t\t<label for=\"form-field-name\" class=\"elementor-field-label\">\n\t\t\t\t\t\t\t\tMeno\t\t\t\t\t\t\t<\/label>\n\t\t\t\t\t\t\t\t\t\t\t\t\t\t<input size=\"1\" type=\"text\" name=\"form_fields[name]\" id=\"form-field-name\" class=\"elementor-field elementor-size-sm  elementor-field-textual\" placeholder=\"Meno\">\n\t\t\t\t\t\t\t\t\t\t\t<\/div>\n\t\t\t\t\t\t\t\t<div class=\"elementor-field-type-email elementor-field-group elementor-column elementor-field-group-email elementor-col-100 elementor-field-required\">\n\t\t\t\t\t\t\t\t\t\t\t\t<label for=\"form-field-email\" class=\"elementor-field-label\">\n\t\t\t\t\t\t\t\tEmail\t\t\t\t\t\t\t<\/label>\n\t\t\t\t\t\t\t\t\t\t\t\t\t\t<input size=\"1\" type=\"email\" name=\"form_fields[email]\" id=\"form-field-email\" class=\"elementor-field elementor-size-sm  elementor-field-textual\" placeholder=\"Email\" required=\"required\">\n\t\t\t\t\t\t\t\t\t\t\t<\/div>\n\t\t\t\t\t\t\t\t<div class=\"elementor-field-group elementor-column elementor-field-type-submit elementor-col-100 e-form__buttons\">\n\t\t\t\t\t<button class=\"elementor-button elementor-size-sm elementor-animation-grow\" type=\"submit\">\n\t\t\t\t\t\t<span class=\"elementor-button-content-wrapper\">\n\t\t\t\t\t\t\t\t\t\t\t\t\t\t\t\t\t\t\t\t\t\t<span class=\"elementor-button-text\">Odomknite cel\u00fd \u010dl\u00e1nok &amp; PDF teraz<\/span>\n\t\t\t\t\t\t\t\t\t\t\t\t\t<\/span>\n\t\t\t\t\t<\/button>\n\t\t\t\t<\/div>\n\t\t\t<\/div>\n\t\t<\/form>\n\t\t\t\t\t\t<\/div>\n\t\t\t\t<\/div>\n\t\t<div class=\"elementor-element elementor-element-2a50bc0 e-con-full e-flex e-con e-child\" data-id=\"2a50bc0\" data-element_type=\"container\" data-e-type=\"container\">\n\t\t\t\t<div class=\"elementor-element elementor-element-3a47d76 elementor-widget elementor-widget-image\" data-id=\"3a47d76\" data-element_type=\"widget\" data-e-type=\"widget\" data-widget_type=\"image.default\">\n\t\t\t\t\t\t\t\t\t\t\t\t\t\t\t<img decoding=\"async\" width=\"736\" height=\"864\" src=\"https:\/\/www.zooza.online\/wp-content\/uploads\/2025\/05\/Ebook-1-1.png\" class=\"attachment-large size-large wp-image-25578\" alt=\"Ebook\" srcset=\"https:\/\/www.zooza.online\/wp-content\/uploads\/2025\/05\/Ebook-1-1.png 736w, https:\/\/www.zooza.online\/wp-content\/uploads\/2025\/05\/Ebook-1-1-256x300.png 256w\" sizes=\"(max-width: 736px) 100vw, 736px\" title=\"\">\t\t\t\t\t\t\t\t\t\t\t\t\t\t\t<\/div>\n\t\t\t\t<\/div>\n\t\t\t\t\t<\/div>\n\t\t\t\t<\/div>\n\t\t<div class=\"elementor-element elementor-element-56a4540 e-flex e-con-boxed e-con e-parent\" data-id=\"56a4540\" data-element_type=\"container\" data-e-type=\"container\">\n\t\t\t\t\t<div class=\"e-con-inner\">\n\t\t\t\t<div class=\"elementor-element elementor-element-8ce12f5 elementor-widget elementor-widget-spacer\" data-id=\"8ce12f5\" data-element_type=\"widget\" data-e-type=\"widget\" data-widget_type=\"spacer.default\">\n\t\t\t\t\t\t\t<div class=\"elementor-spacer\">\n\t\t\t<div class=\"elementor-spacer-inner\"><\/div>\n\t\t<\/div>\n\t\t\t\t\t\t<\/div>\n\t\t\t\t<div class=\"elementor-element elementor-element-10450b5 elementor-widget elementor-widget-heading\" data-id=\"10450b5\" data-element_type=\"widget\" data-e-type=\"widget\" data-widget_type=\"heading.default\">\n\t\t\t\t\t<h2 class=\"elementor-heading-title elementor-size-default\"><h2><b>\ud83d\udcac PRE\u010cO N\u00c1S PO\u010c\u00daVA\u0164?<\/b><\/h2><\/h2>\t\t\t\t<\/div>\n\t\t\t\t<div class=\"elementor-element elementor-element-f502410 elementor-widget elementor-widget-text-editor\" data-id=\"f502410\" data-element_type=\"widget\" data-e-type=\"widget\" data-widget_type=\"text-editor.default\">\n\t\t\t\t\t\t\t\t\t<blockquote><p>&#8222;Syst\u00e9m zjednocuje fungovanie celej fran\u0161\u00edzy, tak\u017ee sa nemus\u00edme zaobera\u0165 predajn\u00fdmi procesmi \u2013 m\u00f4\u017eeme sa naplno s\u00fastredi\u0165 na metodiku.&#8220;<br>&#8211; <strong>Sa\u0161a Ragas<\/strong>, Baby Balance<\/p><\/blockquote><blockquote><p>&#8222;Vybrali sme si spolo\u010dnos\u0165 Zooza, preto\u017ee chceme zjednodu\u0161i\u0165 a zefekt\u00edvni\u0165 proces&#8230; a pon\u00faknu\u0165 na\u0161im \u0161tudentom prvotriedny z\u00e1\u017eitok.&#8220;<br>&#8211; <strong>Nomin Damdin<\/strong>, Nomin Jyuku<\/p><\/blockquote><blockquote><p>&#8222;Po takmer roku spolupr\u00e1ce so spolo\u010dnos\u0165ou Zooza si ve\u013emi cen\u00edm ich odhodlanie inovova\u0165 a prin\u00e1\u0161a\u0165 nov\u00e9 mo\u017enosti&#8230;&#8220;<br>&#8211; <strong>Filip Chodl<\/strong>, Pop Balet &amp; InDance<\/p><\/blockquote><blockquote><p>&#8222;\u013dudsk\u00fd pr\u00edstup, intuit\u00edvna interakcia a neust\u00e1ly v\u00fdvoj &#8211; to v\u0161etko n\u00e1jdete v jednom n\u00e1stroji len zriedka.&#8220;<br>&#8211; <strong>Leonard Alexandrovici<\/strong>, FasTracKids Rumunsko<\/p><\/blockquote>\t\t\t\t\t\t\t\t<\/div>\n\t\t\t\t\t<\/div>\n\t\t\t\t<\/div>\n\t\t<div class=\"elementor-element elementor-element-f5e1b66 e-flex e-con-boxed e-con e-parent\" data-id=\"f5e1b66\" data-element_type=\"container\" data-e-type=\"container\">\n\t\t\t\t\t<div class=\"e-con-inner\">\n\t\t\t\t<div class=\"elementor-element elementor-element-8bfa4d0 elementor-widget elementor-widget-spacer\" data-id=\"8bfa4d0\" data-element_type=\"widget\" data-e-type=\"widget\" data-widget_type=\"spacer.default\">\n\t\t\t\t\t\t\t<div class=\"elementor-spacer\">\n\t\t\t<div class=\"elementor-spacer-inner\"><\/div>\n\t\t<\/div>\n\t\t\t\t\t\t<\/div>\n\t\t\t\t<div class=\"elementor-element elementor-element-b6e3a61 elementor-widget elementor-widget-heading\" data-id=\"b6e3a61\" data-element_type=\"widget\" data-e-type=\"widget\" data-widget_type=\"heading.default\">\n\t\t\t\t\t<h2 class=\"elementor-heading-title elementor-size-default\"><h2><b>\ud83d\udfe1 \u010cO TERAZ?<\/b><\/h2><\/h2>\t\t\t\t<\/div>\n\t\t\t\t<div class=\"elementor-element elementor-element-2e19cad elementor-widget elementor-widget-text-editor\" data-id=\"2e19cad\" data-element_type=\"widget\" data-e-type=\"widget\" data-widget_type=\"text-editor.default\">\n\t\t\t\t\t\t\t\t\t<blockquote><p data-pm-slice=\"1 1 []\">\ud83d\udd13  <em>Nepotrebujete \u010fal\u0161\u00ed n\u00e1stroj. Potrebujete partnera pre rast. <\/em><br>\ud83d\udce9 <a href=\"#download\">Odomknite cel\u00fa \u0161t\u00fadiu<\/a> &#8211; a rast, ktor\u00fd m\u00e1 zmysel.<\/p><\/blockquote>\t\t\t\t\t\t\t\t<\/div>\n\t\t\t\t\t<\/div>\n\t\t\t\t<\/div>\n\t\t<div class=\"elementor-element elementor-element-676d355 e-flex e-con-boxed e-con e-parent\" data-id=\"676d355\" data-element_type=\"container\" data-e-type=\"container\">\n\t\t\t\t\t<div class=\"e-con-inner\">\n\t\t\t\t<div class=\"elementor-element elementor-element-3dd27ca elementor-widget elementor-widget-spacer\" data-id=\"3dd27ca\" data-element_type=\"widget\" data-e-type=\"widget\" data-widget_type=\"spacer.default\">\n\t\t\t\t\t\t\t<div class=\"elementor-spacer\">\n\t\t\t<div class=\"elementor-spacer-inner\"><\/div>\n\t\t<\/div>\n\t\t\t\t\t\t<\/div>\n\t\t\t\t\t<\/div>\n\t\t\t\t<\/div>\n\t\t\t\t<\/div>\n\t\t","protected":false},"excerpt":{"rendered":"<p>Zna\u010dky rast\u00fa. A&nbsp;vy? PR\u00cdBEH, KTOR\u00dd STE NIKDY NEVIDELI NAP\u00cdSAN\u00dd PRE V\u00c1S. Predstavte si, \u017ee ste kone\u010dne vytvorili nie\u010do, \u010do funguje. Va\u0161e triedy funguj\u00fa hladko, rodi\u010dia s\u00fa spokojn\u00ed, in\u0161truktori sa usmievaj\u00fa. A predsa v\u00e1m nie\u010do st\u00e1le na\u0161epk\u00e1va: &#8222;\u010co bude \u010falej?&#8220; Niekde tam vonku sa \u0161k\u00e1luj\u00fa aj in\u00ed. Franchising. Automatizuj\u00fa. Vy zatia\u013e st\u00e1le rie\u0161ite v\u00fdnimku z platby, [&hellip;]<\/p>\n","protected":false},"author":2,"featured_media":0,"parent":0,"menu_order":0,"comment_status":"closed","ping_status":"closed","template":"","meta":{"_acf_changed":false,"footnotes":""},"class_list":["post-25640","page","type-page","status-publish","hentry"],"acf":[],"_links":{"self":[{"href":"https:\/\/www.zooza.online\/sk\/wp-json\/wp\/v2\/pages\/25640","targetHints":{"allow":["GET"]}}],"collection":[{"href":"https:\/\/www.zooza.online\/sk\/wp-json\/wp\/v2\/pages"}],"about":[{"href":"https:\/\/www.zooza.online\/sk\/wp-json\/wp\/v2\/types\/page"}],"author":[{"embeddable":true,"href":"https:\/\/www.zooza.online\/sk\/wp-json\/wp\/v2\/users\/2"}],"replies":[{"embeddable":true,"href":"https:\/\/www.zooza.online\/sk\/wp-json\/wp\/v2\/comments?post=25640"}],"version-history":[{"count":6,"href":"https:\/\/www.zooza.online\/sk\/wp-json\/wp\/v2\/pages\/25640\/revisions"}],"predecessor-version":[{"id":31652,"href":"https:\/\/www.zooza.online\/sk\/wp-json\/wp\/v2\/pages\/25640\/revisions\/31652"}],"wp:attachment":[{"href":"https:\/\/www.zooza.online\/sk\/wp-json\/wp\/v2\/media?parent=25640"}],"curies":[{"name":"wp","href":"https:\/\/api.w.org\/{rel}","templated":true}]}}