{"id":25748,"date":"2025-03-11T09:05:39","date_gmt":"2025-03-11T09:05:39","guid":{"rendered":"https:\/\/www.zooza.online\/pribehy-klientov\/nomin-jyuku-priblizenie-japonskej-mentalnej-aritmetiky-viacerym-studentom-pomocou-aplikacie-zooza\/"},"modified":"2025-05-21T04:18:35","modified_gmt":"2025-05-21T04:18:35","slug":"nomin-jyuku-priblizenie-japonskej-mentalnej-aritmetiky-viacerym-studentom-pomocou-aplikacie-zooza","status":"publish","type":"page","link":"https:\/\/www.zooza.online\/sk\/pribehy-klientov\/nomin-jyuku-priblizenie-japonskej-mentalnej-aritmetiky-viacerym-studentom-pomocou-aplikacie-zooza\/","title":{"rendered":"Nomin Jyuku: Pribl\u00ed\u017eenie japonskej ment\u00e1lnej aritmetiky viacer\u00fdm \u0161tudentom pomocou aplik\u00e1cie Zooza"},"content":{"rendered":"\n<p class=\"has-text-align-center\">\ud83d\udccd <em>Kateg\u00f3ria: | Krajina: Rumunsko<\/em><\/p>\n\n<p>Nomin Jyuku je popredn\u00e9 vzdel\u00e1vacie centrum v Rumunsku, ktor\u00e9 sa \u0161pecializuje na <strong>Soroban a japonsk\u00fa ment\u00e1lnu aritmetiku<\/strong>. \u0160kola, ktor\u00fa zalo\u017eil <strong>Nomin Damdin<\/strong>, vizion\u00e1rsky podnikate\u013e zanieten\u00fd pre vzdel\u00e1vanie, pomohla nespo\u010detn\u00e9mu mno\u017estvu det\u00ed <strong>rozv\u00edja\u0165 ich logick\u00e9 myslenie, r\u00fdchlos\u0165 a schopnos\u0165 rie\u0161i\u0165 probl\u00e9my<\/strong>. <\/p>\n\n<p>S rastom \u0161koly v\u0161ak prib\u00fadali aj v\u00fdzvy. Organizovanie <strong>sk\u00fa\u0161obn\u00fdch hod\u00edn, sledovanie pokroku \u0161tudentov, spr\u00e1va platieb a informovanie rodi\u010dov &#8211;<\/strong>to v\u0161etko si vy\u017eadovalo pr\u00edli\u0161 ve\u013ea \u010dasu a pr\u00edli\u0161 ve\u013ea r\u00f4znych n\u00e1strojov. Nomin vedela, \u017ee potrebuje <strong>inteligentnej\u0161\u00ed a efekt\u00edvnej\u0161\u00ed syst\u00e9m<\/strong>. A tu pri\u0161la na rad spolo\u010dnos\u0165 Zooza.   <\/p>\n\n<p>\ud83d\udca1 <strong>&#8222;Sme hrd\u00ed na na\u0161ich \u0161tudentov a chceme im poskytn\u00fa\u0165 \u010do najlep\u0161ie sk\u00fasenosti. Zooza n\u00e1m pom\u00e1ha zjednodu\u0161i\u0165 a zefekt\u00edvni\u0165 na\u0161e procesy, aby sme sa mohli s\u00fastredi\u0165 na to najd\u00f4le\u017eitej\u0161ie &#8211; na vyu\u010dovanie.&#8220;<\/strong><\/p>\n\n<div style=\"height:50px\" aria-hidden=\"true\" class=\"wp-block-spacer\"><\/div>\n\n<h2 class=\"wp-block-heading\"><strong>Pre\u010do si spolo\u010dnos\u0165 Nomin Jyuku vybrala spolo\u010dnos\u0165 Zooza<\/strong><\/h2>\n\n<p>Po presk\u00faman\u00ed viacer\u00fdch mo\u017enost\u00ed sa spolo\u010dnos\u0165 Nomin Jyuku rozhodla implementova\u0165 <strong>komplexn\u00e9 rie\u0161enie od spolo\u010dnosti Zooza<\/strong> z troch k\u013e\u00fa\u010dov\u00fdch d\u00f4vodov:<\/p>\n\n<p>\u2705 <strong>U\u017e\u00edvate\u013esky pr\u00edvetiv\u00e9 a plne prisp\u00f4sobite\u013en\u00e9<\/strong> &#8211; platforma sa prisp\u00f4sobuje ich jedine\u010dnej \u0161trukt\u00fare, \u010d\u00edm zabezpe\u010duje bezprobl\u00e9mov\u00fa pr\u00e1cu pre rodi\u010dov, u\u010dite\u013eov a spr\u00e1vcov.<\/p>\n\n<p>\u2705 <strong>Inteligentn\u00e1 automatiz\u00e1cia<\/strong> &#8211; od registr\u00e1cie sk\u00fa\u0161obn\u00fdch lekci\u00ed a\u017e po platby a faktur\u00e1ciu, <strong>Zooza v\u0161etko zvl\u00e1dne<\/strong>, \u010d\u00edm sa zn\u00ed\u017ei mno\u017estvo manu\u00e1lnej pr\u00e1ce.<\/p>\n\n<p>\u2705 <strong>T\u00edm, ktor\u00fd po\u010d\u00fava a podporuje<\/strong> &#8211; Na t\u00edm Nomin Jyuku zap\u00f4sobil <strong>osobn\u00fd pr\u00edstup<\/strong>, r\u00fdchle reakcie a neust\u00e1la inov\u00e1cia <strong>spolo\u010dnosti Zooza<\/strong>.<\/p>\n\n<p><strong>\ud83c\udf99 &#8222;Na spolo\u010dnosti Zooza n\u00e1s najviac zaujal ich nad\u0161en\u00fd a oddan\u00fd t\u00edm. Po\u010d\u00favaj\u00fa, poskytuj\u00fa poradenstvo a neust\u00e1le zlep\u0161uj\u00fa svoju platformu. Zdie\u013eame rovnak\u00fa l\u00e1sku k u\u010deniu a vieme, \u017ee toto partnerstvo n\u00e1m pom\u00f4\u017ee r\u00e1s\u0165.&#8220;<\/strong><\/p>\n\n<div style=\"height:50px\" aria-hidden=\"true\" class=\"wp-block-spacer\"><\/div>\n\n<p><\/p>\n\n<h2 class=\"wp-block-heading\"><strong>Ako spolo\u010dnos\u0165 Zooza zmenila situ\u00e1ciu<\/strong><\/h2>\n\n<div style=\"height:50px\" aria-hidden=\"true\" class=\"wp-block-spacer\"><\/div>\n\n<h3 class=\"wp-block-heading\">1\ufe0f\u20e3 <strong>Spr\u00e1va sk\u00fa\u0161obn\u00fdch lekci\u00ed bez n\u00e1mahy<\/strong><\/h3>\n\n<p>Namiesto nepreh\u013eadn\u00fdch tabuliek a e-mailov, ktor\u00e9 si posielate navz\u00e1jom, teraz spolo\u010dnos\u0165 Nomin Jyuku <strong>zhroma\u017e\u010fuje z\u00e1ujem rodi\u010dov prostredn\u00edctvom jednoduch\u00e9ho online formul\u00e1ra<\/strong>. Rodi\u010dia zaregistruj\u00fa svoj z\u00e1ujem a syst\u00e9m <strong>automaticky zorad\u00ed \u0161tudentov pod\u013ea dostupnosti, \u00farovne zru\u010dnost\u00ed a kapacity triedy<\/strong>. <\/p>\n\n<p>\ud83d\udca1 <em>Vplyv:<\/em> Spr\u00e1vni \u0161tudenti s\u00fa zaraden\u00ed do spr\u00e1vnych sk\u00fa\u0161obn\u00fdch hod\u00edn &#8211; bez dodato\u010dnej administrat\u00edvnej pr\u00e1ce.<\/p>\n\n<p><\/p>\n\n<div style=\"height:50px\" aria-hidden=\"true\" class=\"wp-block-spacer\"><\/div>\n\n<h3 class=\"wp-block-heading\">2\ufe0f\u20e3 <strong>Registr\u00e1cia jedn\u00fdm kliknut\u00edm a inteligentn\u00e1 spr\u00e1va platieb<\/strong><\/h3>\n\n<p>Ak sa rodi\u010dia po sk\u00fa\u0161obnej lekcii rozhodn\u00fa pokra\u010dova\u0165, m\u00f4\u017eu <strong>sa jedn\u00fdm kliknut\u00edm zap\u00edsa\u0165 do kurzu<\/strong>.<\/p>\n\n<p>\ud83d\udcb3 <em>Ako funguj\u00fa platby:<\/em><\/p>\n\n<ul class=\"wp-block-list\">\n<li>Platby sa vypo\u010d\u00edtavaj\u00fa <strong>na z\u00e1klade po\u010dtu stretnut\u00ed<\/strong> v ka\u017edom kurze.<\/li>\n\n\n\n<li>Syst\u00e9m <strong>automaticky sleduje pl\u00e1novan\u00e9 hodiny<\/strong> a pod\u013ea toho rozde\u013euje platby.<\/li>\n\n\n\n<li>Rodi\u010dia dost\u00e1vaj\u00fa <strong>automatick\u00e9 upomienky, potvrdenia a fakt\u00fary<\/strong> v\u010faka <strong>integr\u00e1cii syst\u00e9mu Zooza so syst\u00e9mom Smartbill a dodr\u017eiavan\u00edm pravidiel e-Factura<\/strong>.<\/li>\n<\/ul>\n\n<p>\ud83d\udca1 <em>Vplyv:<\/em> U\u017e \u017eiadne bolesti hlavy pri sledovan\u00ed platieb. V\u0161etko prebieha hladko a na\u010das. <\/p>\n\n<p><\/p>\n\n<div style=\"height:50px\" aria-hidden=\"true\" class=\"wp-block-spacer\"><\/div>\n\n<h3 class=\"wp-block-heading\">3\ufe0f\u20e3 <strong>Sledovanie doch\u00e1dzky a komunik\u00e1cia s rodi\u010dmi<\/strong><\/h3>\n\n<p>Pomocou syst\u00e9mu Zooza t\u00edm Nomin Jyuku <strong>sleduje doch\u00e1dzku a<\/strong> bezprobl\u00e9movo <strong>spravuje prelo\u017een\u00e9 hodiny<\/strong>. Rodi\u010dia v\u017edy vedia: <\/p>\n\n<p>\u2714\ufe0f <strong>Kedy a kde sa lekcie konaj\u00fa<\/strong><br \/>\u2714\ufe0f <strong>na ktor\u00fdch hodin\u00e1ch sa z\u00fa\u010dastnili alebo ktor\u00e9 vynechali<\/strong><br \/>\u2714\ufe0f <strong>nadch\u00e1dzaj\u00face platby a fakt\u00fary<\/strong><\/p>\n\n<p>\ud83d\udcf2 <em>Rodi\u010dia maj\u00fa pr\u00edstup k vlastn\u00e9mu online profilu,<\/em> kde m\u00f4\u017eu <strong>kedyko\u013evek<\/strong> skontrolova\u0165 <strong>doch\u00e1dzku, platby a aktualiz\u00e1cie kurzov<\/strong>.<\/p>\n\n<p>\ud83d\udca1 <em>Vplyv:<\/em> Menej administrat\u00edvneho stresu, viac transparentnosti a spokojnej\u0161\u00ed rodi\u010dia.<\/p>\n\n<div style=\"height:50px\" aria-hidden=\"true\" class=\"wp-block-spacer\"><\/div>\n\n<p><\/p>\n\n<h2 class=\"wp-block-heading\"><strong>Viac \u010dasu na u\u010denie, menej \u010dasu na administr\u00e1ciu<\/strong><\/h2>\n\n<p>Pred spolo\u010dnos\u0165ou Zooza <strong>bola<\/strong> spr\u00e1va tried, z\u00e1pisov a platieb <strong>pr\u00e1cou na pln\u00fd \u00fav\u00e4zok<\/strong>. Teraz <strong>sa o t\u00fato \u0165a\u017ek\u00fa pr\u00e1cu postar\u00e1 automatiz\u00e1cia<\/strong>, tak\u017ee Nomin Jyuku sa m\u00f4\u017ee s\u00fastredi\u0165 na <strong>v\u00fdu\u010dbu a rozvoj svojho programu<\/strong>. <\/p>\n\n<p>\ud83d\ude80 <strong>&#8222;Zooza n\u00e1m nielen u\u013eah\u010duje pr\u00e1cu &#8211; umo\u017e\u0148uje n\u00e1m poskytova\u0165 lep\u0161ie sk\u00fasenosti na\u0161im \u0161tudentom, rodi\u010dom a u\u010dite\u013eom. A to je najd\u00f4le\u017eitej\u0161ie.&#8220;<\/strong><\/p>\n\n<p><\/p>\n\n<div style=\"height:50px\" aria-hidden=\"true\" class=\"wp-block-spacer\"><\/div>\n\n<h2 class=\"wp-block-heading\"><strong>Chcete zmeni\u0165 svoje podnikanie v oblasti vzdel\u00e1vania?<\/strong><\/h2>\n\n<p>Ak organizujete <strong>kurzy, semin\u00e1re alebo vzdel\u00e1vacie programy<\/strong>, spolo\u010dnos\u0165 Zooza v\u00e1m m\u00f4\u017ee pom\u00f4c\u0165:<br \/>\u2705 zefekt\u00edvni\u0165 <strong>registr\u00e1cie, platby a komunik\u00e1ciu<\/strong><br \/>\u2705 Zn\u00ed\u017ei\u0165 administrat\u00edvnu pr\u00e1cu pomocou <strong>inteligentnej automatiz\u00e1cie<\/strong><br \/>\u2705 Vytvori\u0165 bezprobl\u00e9mov\u00e9 prostredie pre <strong>\u0161tudentov, rodi\u010dov a zamestnancov<\/strong><\/p>\n\n<p>\ud83d\udce9 <strong>Po\u010fme sa porozpr\u00e1va\u0165!<\/strong> Pozrite sa, ako m\u00f4\u017ee <a href=\"https:\/\/zooza.online\" target=\"_blank\" rel=\"noopener\">Zooza<\/a> pracova\u0165 pre v\u00e1s.<\/p>\n\n<div style=\"height:50px\" aria-hidden=\"true\" class=\"wp-block-spacer\"><\/div>\n","protected":false},"excerpt":{"rendered":"<p>\ud83d\udccd Kateg\u00f3ria: | Krajina: Rumunsko Nomin Jyuku je popredn\u00e9 vzdel\u00e1vacie centrum v Rumunsku, ktor\u00e9 sa \u0161pecializuje na Soroban a japonsk\u00fa ment\u00e1lnu aritmetiku. \u0160kola, ktor\u00fa zalo\u017eil Nomin Damdin, vizion\u00e1rsky podnikate\u013e zanieten\u00fd pre vzdel\u00e1vanie, pomohla nespo\u010detn\u00e9mu mno\u017estvu det\u00ed rozv\u00edja\u0165 ich logick\u00e9 myslenie, r\u00fdchlos\u0165 a schopnos\u0165 rie\u0161i\u0165 probl\u00e9my. S rastom \u0161koly v\u0161ak prib\u00fadali aj v\u00fdzvy. Organizovanie sk\u00fa\u0161obn\u00fdch hod\u00edn, [&hellip;]<\/p>\n","protected":false},"author":2,"featured_media":0,"parent":22218,"menu_order":0,"comment_status":"closed","ping_status":"closed","template":"","meta":{"_acf_changed":false,"footnotes":""},"class_list":["post-25748","page","type-page","status-publish","hentry"],"acf":[],"_links":{"self":[{"href":"https:\/\/www.zooza.online\/sk\/wp-json\/wp\/v2\/pages\/25748","targetHints":{"allow":["GET"]}}],"collection":[{"href":"https:\/\/www.zooza.online\/sk\/wp-json\/wp\/v2\/pages"}],"about":[{"href":"https:\/\/www.zooza.online\/sk\/wp-json\/wp\/v2\/types\/page"}],"author":[{"embeddable":true,"href":"https:\/\/www.zooza.online\/sk\/wp-json\/wp\/v2\/users\/2"}],"replies":[{"embeddable":true,"href":"https:\/\/www.zooza.online\/sk\/wp-json\/wp\/v2\/comments?post=25748"}],"version-history":[{"count":2,"href":"https:\/\/www.zooza.online\/sk\/wp-json\/wp\/v2\/pages\/25748\/revisions"}],"predecessor-version":[{"id":25750,"href":"https:\/\/www.zooza.online\/sk\/wp-json\/wp\/v2\/pages\/25748\/revisions\/25750"}],"up":[{"embeddable":true,"href":"https:\/\/www.zooza.online\/sk\/wp-json\/wp\/v2\/pages\/22218"}],"wp:attachment":[{"href":"https:\/\/www.zooza.online\/sk\/wp-json\/wp\/v2\/media?parent=25748"}],"curies":[{"name":"wp","href":"https:\/\/api.w.org\/{rel}","templated":true}]}}