{"id":25775,"date":"2025-03-21T11:12:52","date_gmt":"2025-03-21T11:12:52","guid":{"rendered":"https:\/\/www.zooza.online\/pribehy-klientov\/pribeh-klienta-baby-balance-od-300-klientov-k-nadnarodnej-znacke-so-zoozou\/"},"modified":"2026-04-27T19:01:49","modified_gmt":"2026-04-27T19:01:49","slug":"pribeh-klienta-baby-balance-od-300-klientov-k-nadnarodnej-znacke-so-zoozou","status":"publish","type":"page","link":"https:\/\/www.zooza.online\/sk\/pribehy-klientov\/pribeh-klienta-baby-balance-od-300-klientov-k-nadnarodnej-znacke-so-zoozou\/","title":{"rendered":"Pr\u00edbeh klienta: Baby Balance Od 300 klientov k nadn\u00e1rodnej zna\u010dke so Zoozou"},"content":{"rendered":"<p><strong>&#8222;Potrebovali sme syst\u00e9m. Pri takom mno\u017estve registr\u00e1ci\u00ed sme u\u017e nemohli veci spravova\u0165 ru\u010dne. Zooza vypo\u010dula na\u0161e potreby v tejto ve\u013emi \u0161pecifickej oblasti pred\u0161kolsk\u00e9ho vzdel\u00e1vania a aktiv\u00edt pre rodi\u010dov a deti.&#8220;<\/strong><br \/>&#8211; <em>Sa\u0161a Ragas, zakladate\u013e Baby Balance<\/em><\/p>\n<p>Baby Balance vznikla v roku 2016, ke\u010f jej zakladate\u013e Sa\u0161a Ragas pracoval s pribli\u017ene 300 klientmi a nieko\u013ek\u00fdmi in\u0161truktormi. To, \u010do za\u010dalo ako lok\u00e1lna zna\u010dka zameran\u00e1 na zdrav\u00fd psychomotorick\u00fd v\u00fdvoj b\u00e1b\u00e4tiek a mal\u00fdch det\u00ed, sa odvtedy rozr\u00e1stlo na nadn\u00e1rodn\u00fa fran\u0161\u00edzu s desiatkami pobo\u010diek a partnerov naprie\u010d hranicami. <\/p>\n<div style=\"height:100px\" aria-hidden=\"true\" class=\"wp-block-spacer\"><\/div>\n<h3 class=\"wp-block-heading\"><strong>F\u00e1za 1: Riadenie miestneho dopytu  <\/strong><\/h3>\n<p>Spo\u010diatku boli potreby jednoduch\u00e9, ale intenz\u00edvne: vybavi\u0165 viac ako 1 000 mesa\u010dn\u00fdch ot\u00e1zok od rodi\u010dov, ktor\u00ed chceli vedie\u0165, kde a kedy m\u00f4\u017eu nav\u0161tevova\u0165 hodiny, ku ktor\u00e9mu in\u0161truktorovi boli pridelen\u00ed a ako zmeni\u0165 term\u00edn alebo zaplati\u0165, ak ich die\u0165a ochorelo. Administrat\u00edvne \u00falohy boli ohromuj\u00face. <\/p>\n<p><strong>Rie\u0161enie pomocou aplik\u00e1cie Zooza:<\/strong><\/p>\n<ul class=\"wp-block-list\">\n<li><strong>Registr\u00e1cia:<\/strong> Plne vlo\u017een\u00fd <a href=\"https:\/\/www.zooza.online\/features\/class-registration-booking-sk\/\" title=\"Online prihlasovanie na kurzy\">registra\u010dn\u00fd formul\u00e1r na webovej str\u00e1nke<\/a> Baby Balance pomohol rodi\u010dom \u013eahko vybra\u0165 spr\u00e1vnu skupinu pod\u013ea veku a zobrazi\u0165 vo\u013en\u00e9 \u010dasov\u00e9 intervaly pod\u013ea kapacity.<\/li>\n<li><strong>Zoznam \u010dakate\u013eov a ozn\u00e1menia:<\/strong> Integrovan\u00fd <a href=\"https:\/\/help.zooza.online\/bookings\/waiting-list-faq\" title=\"Waiting List\" target=\"_blank\" rel=\"noopener\">zoznam \u010dakate\u013eov<\/a> s automatick\u00fdmi aktualiz\u00e1ciami a pripomienkami.<\/li>\n<li><strong>Rodi\u010dovsk\u00e1 z\u00f3na:<\/strong> Zooza umo\u017enila &#8222;rodi\u010dovsk\u00fd profil&#8220; vlo\u017een\u00fd priamo do webovej str\u00e1nky, kde mohli rodi\u010dia spravova\u0165 doch\u00e1dzku, platby a \u00fadaje o triede bez toho, aby potrebovali heslo &#8211; v\u010faka inovat\u00edvnemu prihl\u00e1seniu pomocou <strong>magick\u00e9ho odkazu<\/strong>.<\/li>\n<\/ul>\n<div style=\"height:100px\" aria-hidden=\"true\" class=\"wp-block-spacer\"><\/div>\n<h3 class=\"wp-block-heading\"><strong>F\u00e1za 2: Roz\u0161irovanie pomocou fran\u0161\u00edz<\/strong><\/h3>\n<p>Ke\u010f si koncept Baby Balance z\u00edskal popularitu, za\u010dal pri\u0165ahova\u0165 podnikate\u013eov, ktor\u00ed mali z\u00e1ujem o fran\u0161\u00edzing zna\u010dky. Franchising v\u0161ak nie je len o metodike &#8211; je to o procesoch. Ka\u017ed\u00e1 nov\u00e1 fran\u0161\u00edza zdedila technol\u00f3giu Zooza a syst\u00e9my pripraven\u00e9 na pou\u017eitie.  <\/p>\n<p><strong>K\u013e\u00fa\u010dov\u00e9 vlastnosti podporuj\u00face rast:<\/strong><\/p>\n<ul class=\"wp-block-list\">\n<li><strong><a href=\"https:\/\/www.zooza.online\/sk\/rast\/franchises-sk\/\" title=\"Franchisor Scheduling for Kids Activities\">Jednotn\u00fd mana\u017ement fran\u0161\u00edz<\/a>:<\/strong> Jeden n\u00e1stroj pre v\u0161etky fran\u0161\u00edzy so \u0161tandardizovan\u00fdmi spr\u00e1vami a syst\u00e9mami predaja.<\/li>\n<li><strong><a href=\"https:\/\/help.zooza.online\/settings\/franchise-network\" title=\"Franchise Network Management\" target=\"_blank\" rel=\"noopener\">Sie\u0165ov\u00e9 hl\u00e1senia<\/a>:<\/strong> Preh\u013ead \u00fadajov z r\u00f4znych lokal\u00edt pre mana\u017ement.<\/li>\n<li><strong>Funkcie pre r\u00f4zne fran\u0161\u00edzy:<\/strong> Mo\u017enos\u0165 spravova\u0165 <a href=\"https:\/\/help.zooza.online\/calendar\/make-up-sessions-faq\" title=\"Make-up Sessions\" target=\"_blank\" rel=\"noopener\">n\u00e1hradn\u00e9 triedy medzi lokalitami<\/a>.<\/li>\n<li><strong>Podpora predaja:<\/strong> Zobrazenie aktu\u00e1lnych kurzov na v\u0161etk\u00fdch miestach, \u010do zjednodu\u0161uje rozhodovanie klientov.<\/li>\n<li><strong>Kontrola zna\u010dky:<\/strong> Centralizovan\u00e9 \u0161abl\u00f3ny a komunika\u010dn\u00e9 n\u00e1stroje zabezpe\u010duj\u00fa konzistentn\u00fd hlas zna\u010dky.<\/li>\n<li><strong>Lokaliz\u00e1cia:<\/strong> Podpora pre r\u00f4zne krajiny, meny, platobn\u00e9 preferencie a \u0161t\u00e1tne sviatky.<\/li>\n<li><strong>Pr\u00edstup k API:<\/strong> Ako zna\u010dka r\u00e1stla, potreby roz\u0161\u00edrenej integr\u00e1cie boli splnen\u00e9 v\u010faka v\u00fdvoj\u00e1rskej dokument\u00e1cii a vstavan\u00fdm n\u00e1strojom spolo\u010dnosti Zooza.<\/li>\n<\/ul>\n<div style=\"height:100px\" aria-hidden=\"true\" class=\"wp-block-spacer\"><\/div>\n<h3 class=\"wp-block-heading\"><strong>F\u00e1za 3: Pokro\u010dil\u00e9 oper\u00e1cie s viac ako 1 000 klientmi<\/strong><\/h3>\n<p>S rozsahom pri\u0161la aj zlo\u017eitos\u0165 &#8211; a spolo\u010dnos\u0165 Zooza pokra\u010dovala v raste s Baby Balance.<\/p>\n<p><strong>Pou\u017e\u00edvanie pokro\u010dil\u00fdch n\u00e1strojov:<\/strong><\/p>\n<ul class=\"wp-block-list\">\n<li><strong><a href=\"https:\/\/www.zooza.online\/sk\/solutions-sk\/child-activity-sk\/\" title=\"Kids Activity Booking Software\">CRM a riadenie cesty klienta<\/a><\/strong><\/li>\n<li><strong><a href=\"https:\/\/help.zooza.online\/communication\/automated-notifications\" title=\"Automated Notifications\" target=\"_blank\" rel=\"noopener\">Marketingov\u00e1 komunik\u00e1cia a automatizovan\u00e9 pripomenutia<\/a><\/strong><\/li>\n<li><strong>Roz\u0161\u00edren\u00e1 ponuka:<\/strong> Od osobn\u00fdch kurzov a\u017e po webov\u00e9 semin\u00e1re a \u017eiv\u00e9 vysielanie.<\/li>\n<li><strong>HR reporting:<\/strong> V\u00fdpo\u010det odmeny t\u00fatora na z\u00e1klade odpracovan\u00fdch rokov, typov tried, zru\u0161en\u00fdch hod\u00edn a zastupovania.<\/li>\n<li><strong><a href=\"https:\/\/help.zooza.online\/settings\/user-roles\" title=\"User Roles &amp; Permissions\" target=\"_blank\" rel=\"noopener\">Spr\u00e1va pr\u00edstupu<\/a>:<\/strong> Sofistikovan\u00e9 opr\u00e1vnenia v r\u00e1mci t\u00edmov a lokal\u00edt.<\/li>\n<li><strong>Spr\u00e1va kalend\u00e1ra:<\/strong> R\u00fdchle zru\u0161enie, nahradenie a \u010dast\u00e9 zmeny rozvrhu.<\/li>\n<li><strong><a href=\"https:\/\/help.zooza.online\/payments\/billing-and-invoicing\" title=\"Billing and Invoicing\" target=\"_blank\" rel=\"noopener\">Integr\u00e1cie faktur\u00e1cie a \u00fa\u010dtovn\u00edctva<\/a><\/strong><\/li>\n<li><strong><a href=\"https:\/\/help.zooza.online\/settings\/reports-dashboard\" title=\"Reports Dashboard\" target=\"_blank\" rel=\"noopener\">Vlastn\u00e9 panely na vytv\u00e1ranie spr\u00e1v<\/a><\/strong><\/li>\n<\/ul>\n<div style=\"height:100px\" aria-hidden=\"true\" class=\"wp-block-spacer\"><\/div>\n<p><strong>&#8222;Bolo tam pr\u00edli\u0161 ve\u013ea administrat\u00edvy. So Zoozou je v\u0161etko automatizovan\u00e9. Spravuje v\u00e4\u010d\u0161inu na\u0161ich aktiv\u00edt &#8211; od be\u017en\u00fdch kurzov a\u017e po workshopy, \u017eiv\u00e9 vysielanie a podujatia. Syst\u00e9m zjednocuje fran\u0161\u00edzov\u00e9 oper\u00e1cie, tak\u017ee nemus\u00edme myslie\u0165 na predajn\u00e9 procesy &#8211; namiesto toho sa m\u00f4\u017eeme s\u00fastredi\u0165 na metodiku. Zooza vyzer\u00e1 a funguje ako n\u00e1stroj na mieru, ale za zlomok ceny.&#8220;<\/strong><br \/>&#8211; <em>Sa\u0161a Ragas, zakladate\u013e Baby Balance<\/em><\/p>\n<p><strong>O Baby Balance:<\/strong> Skupinov\u00e9 stretnutia pre b\u00e1b\u00e4tk\u00e1 a deti od narodenia do 6 rokov zameran\u00e9 na zdrav\u00fd psychomotorick\u00fd v\u00fdvoj a soci\u00e1lno-emocion\u00e1lny rast. Spolo\u010dnos\u0165 Baby Balance, ktor\u00e1 p\u00f4sob\u00ed vo viacer\u00fdch krajin\u00e1ch, podporuje prevenciu, pohyb a ran\u00fa starostlivos\u0165 o deti &#8211; a teraz tak rob\u00ed s pomocou syst\u00e9mu Zooza. <\/p>\n<p>Viac inform\u00e1ci\u00ed n\u00e1jdete na <a href=\"https:\/\/www.babybalance.sk\" target=\"_blank\" rel=\"noopener\">babybalance.sk<\/a><\/p>\n","protected":false},"excerpt":{"rendered":"<p>&#8222;Potrebovali sme syst\u00e9m. Pri takom mno\u017estve registr\u00e1ci\u00ed sme u\u017e nemohli veci spravova\u0165 ru\u010dne. Zooza vypo\u010dula na\u0161e potreby v tejto ve\u013emi \u0161pecifickej oblasti pred\u0161kolsk\u00e9ho vzdel\u00e1vania a aktiv\u00edt pre rodi\u010dov a deti.&#8220;&#8211; Sa\u0161a Ragas, zakladate\u013e Baby Balance Baby Balance vznikla v roku 2016, ke\u010f jej zakladate\u013e Sa\u0161a Ragas pracoval s pribli\u017ene 300 klientmi a nieko\u013ek\u00fdmi in\u0161truktormi. To, [&hellip;]<\/p>\n","protected":false},"author":2,"featured_media":0,"parent":22218,"menu_order":0,"comment_status":"closed","ping_status":"closed","template":"","meta":{"_acf_changed":false,"footnotes":""},"class_list":["post-25775","page","type-page","status-publish","hentry"],"acf":[],"_links":{"self":[{"href":"https:\/\/www.zooza.online\/sk\/wp-json\/wp\/v2\/pages\/25775","targetHints":{"allow":["GET"]}}],"collection":[{"href":"https:\/\/www.zooza.online\/sk\/wp-json\/wp\/v2\/pages"}],"about":[{"href":"https:\/\/www.zooza.online\/sk\/wp-json\/wp\/v2\/types\/page"}],"author":[{"embeddable":true,"href":"https:\/\/www.zooza.online\/sk\/wp-json\/wp\/v2\/users\/2"}],"replies":[{"embeddable":true,"href":"https:\/\/www.zooza.online\/sk\/wp-json\/wp\/v2\/comments?post=25775"}],"version-history":[{"count":4,"href":"https:\/\/www.zooza.online\/sk\/wp-json\/wp\/v2\/pages\/25775\/revisions"}],"predecessor-version":[{"id":31654,"href":"https:\/\/www.zooza.online\/sk\/wp-json\/wp\/v2\/pages\/25775\/revisions\/31654"}],"up":[{"embeddable":true,"href":"https:\/\/www.zooza.online\/sk\/wp-json\/wp\/v2\/pages\/22218"}],"wp:attachment":[{"href":"https:\/\/www.zooza.online\/sk\/wp-json\/wp\/v2\/media?parent=25775"}],"curies":[{"name":"wp","href":"https:\/\/api.w.org\/{rel}","templated":true}]}}