{"id":44,"date":"2023-05-09T16:45:43","date_gmt":"2023-05-09T16:45:43","guid":{"rendered":"https:\/\/www.zooza.online\/?page_id=44"},"modified":"2026-04-27T19:10:49","modified_gmt":"2026-04-27T19:10:49","slug":"faq","status":"publish","type":"page","link":"https:\/\/www.zooza.online\/sk\/faq\/","title":{"rendered":"F&#038;Q"},"content":{"rendered":"\t\t<div data-elementor-type=\"wp-page\" data-elementor-id=\"44\" class=\"elementor elementor-44\" data-elementor-post-type=\"page\">\n\t\t\t\t<div class=\"elementor-element elementor-element-fa18626 e-flex e-con-boxed e-con e-parent\" data-id=\"fa18626\" data-element_type=\"container\" data-e-type=\"container\">\n\t\t\t\t\t<div class=\"e-con-inner\">\n\t\t\t\t<div class=\"elementor-element elementor-element-addd6bb elementor-widget elementor-widget-spacer\" data-id=\"addd6bb\" data-element_type=\"widget\" data-e-type=\"widget\" data-widget_type=\"spacer.default\">\n\t\t\t\t\t\t\t<div class=\"elementor-spacer\">\n\t\t\t<div class=\"elementor-spacer-inner\"><\/div>\n\t\t<\/div>\n\t\t\t\t\t\t<\/div>\n\t\t\t\t\t<\/div>\n\t\t\t\t<\/div>\n\t\t<div class=\"elementor-element elementor-element-303fe77 e-flex e-con-boxed e-con e-parent\" data-id=\"303fe77\" data-element_type=\"container\" data-e-type=\"container\">\n\t\t\t\t\t<div class=\"e-con-inner\">\n\t\t\t\t<div class=\"elementor-element elementor-element-cba2d43 elementor-widget elementor-widget-heading\" data-id=\"cba2d43\" data-element_type=\"widget\" data-e-type=\"widget\" data-widget_type=\"heading.default\">\n\t\t\t\t\t<h1 class=\"elementor-heading-title elementor-size-default\">F&amp;Q<\/h1>\t\t\t\t<\/div>\n\t\t\t\t\t<\/div>\n\t\t\t\t<\/div>\n\t\t<div class=\"elementor-element elementor-element-14ef975 e-flex e-con-boxed e-con e-parent\" data-id=\"14ef975\" data-element_type=\"container\" data-e-type=\"container\">\n\t\t\t\t\t<div class=\"e-con-inner\">\n\t\t\t\t<div class=\"elementor-element elementor-element-11515c1 elementor-widget elementor-widget-toggle\" data-id=\"11515c1\" data-element_type=\"widget\" data-e-type=\"widget\" data-widget_type=\"toggle.default\">\n\t\t\t\t\t\t\t<div class=\"elementor-toggle\">\n\t\t\t\t\t\t\t<div class=\"elementor-toggle-item\">\n\t\t\t\t\t<div id=\"elementor-tab-title-1811\" class=\"elementor-tab-title\" data-tab=\"1\" role=\"button\" aria-controls=\"elementor-tab-content-1811\" aria-expanded=\"false\">\n\t\t\t\t\t\t\t\t\t\t\t\t<span class=\"elementor-toggle-icon elementor-toggle-icon-left\" aria-hidden=\"true\">\n\t\t\t\t\t\t\t\t\t\t\t\t\t\t\t<span class=\"elementor-toggle-icon-closed\"><i class=\"fas fa-caret-right\"><\/i><\/span>\n\t\t\t\t\t\t\t\t<span class=\"elementor-toggle-icon-opened\"><i class=\"elementor-toggle-icon-opened fas fa-caret-up\"><\/i><\/span>\n\t\t\t\t\t\t\t\t\t\t\t\t\t<\/span>\n\t\t\t\t\t\t\t\t\t\t\t\t<a class=\"elementor-toggle-title\" tabindex=\"0\">Pre koho je Zooza vhodn\u00e1?<\/a>\n\t\t\t\t\t<\/div>\n\n\t\t\t\t\t<div id=\"elementor-tab-content-1811\" class=\"elementor-tab-content elementor-clearfix\" data-tab=\"1\" role=\"region\" aria-labelledby=\"elementor-tab-title-1811\"><p>Zooza je ide\u00e1lna pre kurzy, kde je vz\u0165ah medzi \u00fa\u010dastn\u00edkom a organiz\u00e1torom kurzu dlhodob\u00fd. Ide najm\u00e4 o pravideln\u00e9 skupinov\u00e9 stretnutia s hist\u00f3riou doch\u00e1dzky, platieb, s ponukou n\u00e1hradn\u00fdch hod\u00edn. Teda je ide\u00e1lna najm\u00e4 pre jazykov\u00e9 kurzy, kurzy zru\u010dnost\u00ed, detsk\u00e9 skupinov\u00e9 stretnutia, pravideln\u00e9 individu\u00e1lne stretnutia, kurzy pl\u00e1vania \u010di tane\u010dn\u00e9 kurzy. Samozrejme Zooza zvl\u00e1dne aj klasick\u00e9 skupinov\u00e9 stretnutia pre j\u00f3gu, pilates \u010di in\u00e9 pohybov\u00e9 stretnutia.<\/p><p>D\u00e1 sa pou\u017ei\u0165 ako syst\u00e9m na organiz\u00e1ciu rodinn\u00fdch centier a centier vo\u013en\u00e9ho \u010dasu.<\/p><\/div>\n\t\t\t\t<\/div>\n\t\t\t\t\t\t\t<div class=\"elementor-toggle-item\">\n\t\t\t\t\t<div id=\"elementor-tab-title-1812\" class=\"elementor-tab-title\" data-tab=\"2\" role=\"button\" aria-controls=\"elementor-tab-content-1812\" aria-expanded=\"false\">\n\t\t\t\t\t\t\t\t\t\t\t\t<span class=\"elementor-toggle-icon elementor-toggle-icon-left\" aria-hidden=\"true\">\n\t\t\t\t\t\t\t\t\t\t\t\t\t\t\t<span class=\"elementor-toggle-icon-closed\"><i class=\"fas fa-caret-right\"><\/i><\/span>\n\t\t\t\t\t\t\t\t<span class=\"elementor-toggle-icon-opened\"><i class=\"elementor-toggle-icon-opened fas fa-caret-up\"><\/i><\/span>\n\t\t\t\t\t\t\t\t\t\t\t\t\t<\/span>\n\t\t\t\t\t\t\t\t\t\t\t\t<a class=\"elementor-toggle-title\" tabindex=\"0\">\u010co ak nie som technicky zdatn\u00e1\/\u00fd? Dok\u00e1\u017eem s t\u00fdm pracova\u0165?<\/a>\n\t\t\t\t\t<\/div>\n\n\t\t\t\t\t<div id=\"elementor-tab-content-1812\" class=\"elementor-tab-content elementor-clearfix\" data-tab=\"2\" role=\"region\" aria-labelledby=\"elementor-tab-title-1812\"><p>Rozumieme, \u017ee technick\u00e1 zdatnos\u0165 nem\u00f4\u017ee by\u0165 probl\u00e9m. Platformu pripravujeme tak, aby bola zrozumite\u013en\u00e1 a jednoduch\u00e1. Neust\u00e1le pripravujeme n\u00e1vody a zjednodu\u0161ujeme ju pre V\u00e1s. Ale hlavne, sme V\u00e1m neust\u00e1le k dispoz\u00edcii, keby ste narazili na \u010doko\u013evek.<\/p><\/div>\n\t\t\t\t<\/div>\n\t\t\t\t\t\t\t<div class=\"elementor-toggle-item\">\n\t\t\t\t\t<div id=\"elementor-tab-title-1813\" class=\"elementor-tab-title\" data-tab=\"3\" role=\"button\" aria-controls=\"elementor-tab-content-1813\" aria-expanded=\"false\">\n\t\t\t\t\t\t\t\t\t\t\t\t<span class=\"elementor-toggle-icon elementor-toggle-icon-left\" aria-hidden=\"true\">\n\t\t\t\t\t\t\t\t\t\t\t\t\t\t\t<span class=\"elementor-toggle-icon-closed\"><i class=\"fas fa-caret-right\"><\/i><\/span>\n\t\t\t\t\t\t\t\t<span class=\"elementor-toggle-icon-opened\"><i class=\"elementor-toggle-icon-opened fas fa-caret-up\"><\/i><\/span>\n\t\t\t\t\t\t\t\t\t\t\t\t\t<\/span>\n\t\t\t\t\t\t\t\t\t\t\t\t<a class=\"elementor-toggle-title\" tabindex=\"0\">\u010co ak m\u00e1m u\u017e existuj\u00faci syst\u00e9m?<\/a>\n\t\t\t\t\t<\/div>\n\n\t\t\t\t\t<div id=\"elementor-tab-content-1813\" class=\"elementor-tab-content elementor-clearfix\" data-tab=\"3\" role=\"region\" aria-labelledby=\"elementor-tab-title-1813\"><p>Prenesieme klientov do Zoozy s \u013eahkos\u0165ou. M\u00e1me na to pripraven\u00e9 presn\u00e9 postupy. Zo sk\u00fasenost\u00ed vieme, \u017ee to Va\u0161i klienti ocenia.<\/p><\/div>\n\t\t\t\t<\/div>\n\t\t\t\t\t\t\t<div class=\"elementor-toggle-item\">\n\t\t\t\t\t<div id=\"elementor-tab-title-1814\" class=\"elementor-tab-title\" data-tab=\"4\" role=\"button\" aria-controls=\"elementor-tab-content-1814\" aria-expanded=\"false\">\n\t\t\t\t\t\t\t\t\t\t\t\t<span class=\"elementor-toggle-icon elementor-toggle-icon-left\" aria-hidden=\"true\">\n\t\t\t\t\t\t\t\t\t\t\t\t\t\t\t<span class=\"elementor-toggle-icon-closed\"><i class=\"fas fa-caret-right\"><\/i><\/span>\n\t\t\t\t\t\t\t\t<span class=\"elementor-toggle-icon-opened\"><i class=\"elementor-toggle-icon-opened fas fa-caret-up\"><\/i><\/span>\n\t\t\t\t\t\t\t\t\t\t\t\t\t<\/span>\n\t\t\t\t\t\t\t\t\t\t\t\t<a class=\"elementor-toggle-title\" tabindex=\"0\">Ko\u013eko SMS a mailov je k dispoz\u00edcii?<\/a>\n\t\t\t\t\t<\/div>\n\n\t\t\t\t\t<div id=\"elementor-tab-content-1814\" class=\"elementor-tab-content elementor-clearfix\" data-tab=\"4\" role=\"region\" aria-labelledby=\"elementor-tab-title-1814\"><p>Dostatok SMS a mailov je V\u00e1m k dispoz\u00edci\u00ed v r\u00e1mci jednotliv\u00fdch bal\u00edkov. SMS si m\u00f4\u017eete kedyko\u013evek dok\u00fapi\u0165 za naozaj n\u00edzku sumu. Pozrite si viac v cenn\u00edku.<\/p><\/div>\n\t\t\t\t<\/div>\n\t\t\t\t\t\t\t<div class=\"elementor-toggle-item\">\n\t\t\t\t\t<div id=\"elementor-tab-title-1815\" class=\"elementor-tab-title\" data-tab=\"5\" role=\"button\" aria-controls=\"elementor-tab-content-1815\" aria-expanded=\"false\">\n\t\t\t\t\t\t\t\t\t\t\t\t<span class=\"elementor-toggle-icon elementor-toggle-icon-left\" aria-hidden=\"true\">\n\t\t\t\t\t\t\t\t\t\t\t\t\t\t\t<span class=\"elementor-toggle-icon-closed\"><i class=\"fas fa-caret-right\"><\/i><\/span>\n\t\t\t\t\t\t\t\t<span class=\"elementor-toggle-icon-opened\"><i class=\"elementor-toggle-icon-opened fas fa-caret-up\"><\/i><\/span>\n\t\t\t\t\t\t\t\t\t\t\t\t\t<\/span>\n\t\t\t\t\t\t\t\t\t\t\t\t<a class=\"elementor-toggle-title\" tabindex=\"0\">\u010co ak m\u00e1m in\u00fd faktura\u010dn\u00fd syst\u00e9m?<\/a>\n\t\t\t\t\t<\/div>\n\n\t\t\t\t\t<div id=\"elementor-tab-content-1815\" class=\"elementor-tab-content elementor-clearfix\" data-tab=\"5\" role=\"region\" aria-labelledby=\"elementor-tab-title-1815\"><p>Aj Zooza vie generova\u0165 fakt\u00fary. Ak chcete zosta\u0165 vo svojom faktura\u010dnom syst\u00e9me je mo\u017en\u00e9 ich zintegrova\u0165.\u00a0<\/p><\/div>\n\t\t\t\t<\/div>\n\t\t\t\t\t\t\t<div class=\"elementor-toggle-item\">\n\t\t\t\t\t<div id=\"elementor-tab-title-1816\" class=\"elementor-tab-title\" data-tab=\"6\" role=\"button\" aria-controls=\"elementor-tab-content-1816\" aria-expanded=\"false\">\n\t\t\t\t\t\t\t\t\t\t\t\t<span class=\"elementor-toggle-icon elementor-toggle-icon-left\" aria-hidden=\"true\">\n\t\t\t\t\t\t\t\t\t\t\t\t\t\t\t<span class=\"elementor-toggle-icon-closed\"><i class=\"fas fa-caret-right\"><\/i><\/span>\n\t\t\t\t\t\t\t\t<span class=\"elementor-toggle-icon-opened\"><i class=\"elementor-toggle-icon-opened fas fa-caret-up\"><\/i><\/span>\n\t\t\t\t\t\t\t\t\t\t\t\t\t<\/span>\n\t\t\t\t\t\t\t\t\t\t\t\t<a class=\"elementor-toggle-title\" tabindex=\"0\">Ak\u00e9 s\u00fa tu h\u00e1\u010diky?<\/a>\n\t\t\t\t\t<\/div>\n\n\t\t\t\t\t<div id=\"elementor-tab-content-1816\" class=\"elementor-tab-content elementor-clearfix\" data-tab=\"6\" role=\"region\" aria-labelledby=\"elementor-tab-title-1816\"><p>Mo\u017eno to, \u017ee Zooza pom\u00e1ha t\u00fdm projektom, ktor\u00e9 s\u00fa organiza\u010dne schopn\u00e9. V takom pr\u00edpade im Zooza bude \u00fa\u017easne pom\u00e1ha\u0165. Mo\u017eno aj to, \u017ee Zooza nevyrie\u0161i v\u0161etky probl\u00e9my a neznamen\u00e1, \u017ee pr\u00e1ca pominie. Zooza je asistentka, ktor\u00e1 bude ve\u013emi dobre asistova\u0165, ale vz\u0165ahy, budovanie komunity, \u010di zlep\u0161ovanie produktu zost\u00e1va vo Va\u0161ich ruk\u00e1ch. Ak sa boj\u00edte cenov\u00fdch h\u00e1\u010dikov, tak tu nepr\u00edjemn\u00e9 prekvapenie naozaj nehroz\u00ed.<\/p><\/div>\n\t\t\t\t<\/div>\n\t\t\t\t\t\t\t<div class=\"elementor-toggle-item\">\n\t\t\t\t\t<div id=\"elementor-tab-title-1817\" class=\"elementor-tab-title\" data-tab=\"7\" role=\"button\" aria-controls=\"elementor-tab-content-1817\" aria-expanded=\"false\">\n\t\t\t\t\t\t\t\t\t\t\t\t<span class=\"elementor-toggle-icon elementor-toggle-icon-left\" aria-hidden=\"true\">\n\t\t\t\t\t\t\t\t\t\t\t\t\t\t\t<span class=\"elementor-toggle-icon-closed\"><i class=\"fas fa-caret-right\"><\/i><\/span>\n\t\t\t\t\t\t\t\t<span class=\"elementor-toggle-icon-opened\"><i class=\"elementor-toggle-icon-opened fas fa-caret-up\"><\/i><\/span>\n\t\t\t\t\t\t\t\t\t\t\t\t\t<\/span>\n\t\t\t\t\t\t\t\t\t\t\t\t<a class=\"elementor-toggle-title\" tabindex=\"0\">Ko\u013eko stoj\u00ed Zooza, ur\u010dite ve\u013ea pe\u0148az\u00ed? \u010co ak si ju nem\u00f4\u017eem dovoli\u0165?<\/a>\n\t\t\t\t\t<\/div>\n\n\t\t\t\t\t<div id=\"elementor-tab-content-1817\" class=\"elementor-tab-content elementor-clearfix\" data-tab=\"7\" role=\"region\" aria-labelledby=\"elementor-tab-title-1817\"><p>Je to ove\u013ea menej, ne\u017e by ste si pomysleli. E\u0161te pred p\u00e1r mesiacmi to st\u00e1lo stovky eur mesa\u010dne. Uvedomili sme si, \u017ee m\u00e1me hotov\u00fd produkt, ktor\u00fd u\u017e dnes sl\u00fa\u017ei projektom u\u0161etri\u0165 \u010das a energiu na zlep\u0161ovanie svojich slu\u017eieb a najm\u00e4 na budovanie vz\u0165ahov so svojou komunitou a svojimi klientami. A tak to dnes stoj\u00ed len p\u00e1r desiatok eur. V cene s\u00fa st\u00e1le nov\u00e9 slu\u017eby a vylep\u0161enia, ktor\u00e9 mesa\u010dne prin\u00e1\u0161ame a priate\u013esk\u00fd support, ktor\u00fd je V\u00e1m v\u017edy k dispoz\u00edcii. Radi V\u00e1m to uk\u00e1\u017eeme, pre lep\u0161ie pochopenie v r\u00e1mci kr\u00e1tkeho 15 min\u00fatov\u00e9ho stretnutia online. Samozrejme, garantujeme v\u00e1m spokojnos\u0165, pr\u00edpadne vr\u00e1tenie pe\u0148az\u00ed.<\/p><\/div>\n\t\t\t\t<\/div>\n\t\t\t\t\t\t\t<div class=\"elementor-toggle-item\">\n\t\t\t\t\t<div id=\"elementor-tab-title-1818\" class=\"elementor-tab-title\" data-tab=\"8\" role=\"button\" aria-controls=\"elementor-tab-content-1818\" aria-expanded=\"false\">\n\t\t\t\t\t\t\t\t\t\t\t\t<span class=\"elementor-toggle-icon elementor-toggle-icon-left\" aria-hidden=\"true\">\n\t\t\t\t\t\t\t\t\t\t\t\t\t\t\t<span class=\"elementor-toggle-icon-closed\"><i class=\"fas fa-caret-right\"><\/i><\/span>\n\t\t\t\t\t\t\t\t<span class=\"elementor-toggle-icon-opened\"><i class=\"elementor-toggle-icon-opened fas fa-caret-up\"><\/i><\/span>\n\t\t\t\t\t\t\t\t\t\t\t\t\t<\/span>\n\t\t\t\t\t\t\t\t\t\t\t\t<a class=\"elementor-toggle-title\" tabindex=\"0\">Som spokojn\u00e1\/\u00fd s tym, \u010do m\u00e1m.<\/a>\n\t\t\t\t\t<\/div>\n\n\t\t\t\t\t<div id=\"elementor-tab-content-1818\" class=\"elementor-tab-content elementor-clearfix\" data-tab=\"8\" role=\"region\" aria-labelledby=\"elementor-tab-title-1818\"><p>Tak to je \u00fa\u017easn\u00e9 a radi to po\u010dujeme, neb\u00fdva to \u0161tandard. V r\u00e1mci stretnutia s nami si to len m\u00f4\u017eete potvrdi\u0165 a z\u00e1rove\u0148 za 15 min\u00fat V\u00e1m mo\u017eno d\u00e1me in\u0161pir\u00e1ciu, ako to robia in\u00e9 podobn\u00e9 projekty a prinesiete viac do svojho teraj\u0161ieho projektu. Na\u0161e stretnutie je zadarmo a 15 min\u00fat V\u00e1m m\u00f4\u017ee u\u0161etri\u0165 v bud\u00facnosti ve\u013ea pe\u0148az\u00ed a \u010dasu.<\/p><\/div>\n\t\t\t\t<\/div>\n\t\t\t\t\t\t\t<div class=\"elementor-toggle-item\">\n\t\t\t\t\t<div id=\"elementor-tab-title-1819\" class=\"elementor-tab-title\" data-tab=\"9\" role=\"button\" aria-controls=\"elementor-tab-content-1819\" aria-expanded=\"false\">\n\t\t\t\t\t\t\t\t\t\t\t\t<span class=\"elementor-toggle-icon elementor-toggle-icon-left\" aria-hidden=\"true\">\n\t\t\t\t\t\t\t\t\t\t\t\t\t\t\t<span class=\"elementor-toggle-icon-closed\"><i class=\"fas fa-caret-right\"><\/i><\/span>\n\t\t\t\t\t\t\t\t<span class=\"elementor-toggle-icon-opened\"><i class=\"elementor-toggle-icon-opened fas fa-caret-up\"><\/i><\/span>\n\t\t\t\t\t\t\t\t\t\t\t\t\t<\/span>\n\t\t\t\t\t\t\t\t\t\t\t\t<a class=\"elementor-toggle-title\" tabindex=\"0\">Neviem, \u010di si na to moji klienti zvykn\u00fa, na cel\u00fd prechod k novej slu\u017ebe.<\/a>\n\t\t\t\t\t<\/div>\n\n\t\t\t\t\t<div id=\"elementor-tab-content-1819\" class=\"elementor-tab-content elementor-clearfix\" data-tab=\"9\" role=\"region\" aria-labelledby=\"elementor-tab-title-1819\"><p>Ke\u010f si pozriete stretnutie, ktor\u00e9 trv\u00e1 15 min\u00fat r\u00fdchlo pochop\u00edte, \u017ee to naozaj bude bezbolestn\u00e9. Robili sme to u\u017e desiatkykr\u00e1t a odozvy s\u00fa skvel\u00e9. Je to preto, lebo platformu rob\u00edme praktick\u00fa a zrozumite\u013en\u00fa. Je postaven\u00e1 na rokoch sk\u00fasenost\u00ed a pripomienkach od projektov ako ste vy.<\/p><\/div>\n\t\t\t\t<\/div>\n\t\t\t\t\t\t\t<div class=\"elementor-toggle-item\">\n\t\t\t\t\t<div id=\"elementor-tab-title-18110\" class=\"elementor-tab-title\" data-tab=\"10\" role=\"button\" aria-controls=\"elementor-tab-content-18110\" aria-expanded=\"false\">\n\t\t\t\t\t\t\t\t\t\t\t\t<span class=\"elementor-toggle-icon elementor-toggle-icon-left\" aria-hidden=\"true\">\n\t\t\t\t\t\t\t\t\t\t\t\t\t\t\t<span class=\"elementor-toggle-icon-closed\"><i class=\"fas fa-caret-right\"><\/i><\/span>\n\t\t\t\t\t\t\t\t<span class=\"elementor-toggle-icon-opened\"><i class=\"elementor-toggle-icon-opened fas fa-caret-up\"><\/i><\/span>\n\t\t\t\t\t\t\t\t\t\t\t\t\t<\/span>\n\t\t\t\t\t\t\t\t\t\t\t\t<a class=\"elementor-toggle-title\" tabindex=\"0\">Ako sa d\u00e1 za\u010da\u0165?<\/a>\n\t\t\t\t\t<\/div>\n\n\t\t\t\t\t<div id=\"elementor-tab-content-18110\" class=\"elementor-tab-content elementor-clearfix\" data-tab=\"10\" role=\"region\" aria-labelledby=\"elementor-tab-title-18110\"><p>Jednoducho.\u00a0<br \/>1. Nasad\u00edme Zooza na v\u00e1\u0161 web. Ak web nem\u00e1te, vyrob\u00edme.\u00a0<br \/>2. Nastav\u00edme \u00fa\u010det a prv\u00fa ponuku v r\u00e1mci r\u00fdchleho \u0161kolenia.<br \/>3. Vysk\u00fa\u0161ate si Zooza na prv\u00fdch 10 unik\u00e1tnych z\u00e1kazn\u00edkov \u00faplne zadarmo<br \/>Cel\u00e9 to m\u00f4\u017ee trva\u0165 menej ako 24 hod\u00edn.<\/p><\/div>\n\t\t\t\t<\/div>\n\t\t\t\t\t\t\t\t<\/div>\n\t\t\t\t\t\t<\/div>\n\t\t\t\t<div class=\"elementor-element elementor-element-1f3f597 elementor-widget elementor-widget-spacer\" data-id=\"1f3f597\" data-element_type=\"widget\" data-e-type=\"widget\" data-widget_type=\"spacer.default\">\n\t\t\t\t\t\t\t<div class=\"elementor-spacer\">\n\t\t\t<div class=\"elementor-spacer-inner\"><\/div>\n\t\t<\/div>\n\t\t\t\t\t\t<\/div>\n\t\t\t\t\t<\/div>\n\t\t\t\t<\/div>\n\t\t\t\t<\/div>\n\t\t","protected":false},"excerpt":{"rendered":"<p>F&amp;Q Pre koho je Zooza vhodn\u00e1? Zooza je ide\u00e1lna pre kurzy, kde je vz\u0165ah medzi \u00fa\u010dastn\u00edkom a organiz\u00e1torom kurzu dlhodob\u00fd. Ide najm\u00e4 o pravideln\u00e9 skupinov\u00e9 stretnutia s hist\u00f3riou doch\u00e1dzky, platieb, s ponukou n\u00e1hradn\u00fdch hod\u00edn. Teda je ide\u00e1lna najm\u00e4 pre jazykov\u00e9 kurzy, kurzy zru\u010dnost\u00ed, detsk\u00e9 skupinov\u00e9 stretnutia, pravideln\u00e9 individu\u00e1lne stretnutia, kurzy pl\u00e1vania \u010di tane\u010dn\u00e9 kurzy. Samozrejme [&hellip;]<\/p>\n","protected":false},"author":1,"featured_media":0,"parent":0,"menu_order":0,"comment_status":"closed","ping_status":"closed","template":"","meta":{"_acf_changed":false,"footnotes":""},"class_list":["post-44","page","type-page","status-publish","hentry"],"acf":[],"_links":{"self":[{"href":"https:\/\/www.zooza.online\/sk\/wp-json\/wp\/v2\/pages\/44","targetHints":{"allow":["GET"]}}],"collection":[{"href":"https:\/\/www.zooza.online\/sk\/wp-json\/wp\/v2\/pages"}],"about":[{"href":"https:\/\/www.zooza.online\/sk\/wp-json\/wp\/v2\/types\/page"}],"author":[{"embeddable":true,"href":"https:\/\/www.zooza.online\/sk\/wp-json\/wp\/v2\/users\/1"}],"replies":[{"embeddable":true,"href":"https:\/\/www.zooza.online\/sk\/wp-json\/wp\/v2\/comments?post=44"}],"version-history":[{"count":4,"href":"https:\/\/www.zooza.online\/sk\/wp-json\/wp\/v2\/pages\/44\/revisions"}],"predecessor-version":[{"id":31679,"href":"https:\/\/www.zooza.online\/sk\/wp-json\/wp\/v2\/pages\/44\/revisions\/31679"}],"wp:attachment":[{"href":"https:\/\/www.zooza.online\/sk\/wp-json\/wp\/v2\/media?parent=44"}],"curies":[{"name":"wp","href":"https:\/\/api.w.org\/{rel}","templated":true}]}}